{"id":23380,"date":"2025-05-04T21:13:12","date_gmt":"2025-05-04T14:13:12","guid":{"rendered":"https:\/\/kawaled.com\/?post_type=product&#038;p=23380"},"modified":"2026-02-02T12:57:54","modified_gmt":"2026-02-02T05:57:54","slug":"den-led-op-noi-tran-doi-3-mau-kawaled","status":"publish","type":"product","link":"https:\/\/kawaled.com.vn\/en\/product\/den-led-op-noi-tran-doi-3-mau-kawaled\/","title":{"rendered":"\u0110\u00c8N LED \u1ed0P N\u1ed4I TR\u1ea6N \u0110\u1ed4I 3 M\u00c0U  NT225-18W-3M"},"content":{"rendered":"<h2 data-start=\"204\" data-end=\"248\"><span class=\"ez-toc-section\" id=\"DEN_LED_OP_NOI_TRAN_DOI_3_MAU_NT225-18W-3M\"><\/span>\u0110\u00c8N LED \u1ed0P N\u1ed4I TR\u1ea6N \u0110\u1ed4I 3 M\u00c0U NT225-18W-3M<span class=\"ez-toc-section-end\"><\/span><\/h2><div id=\"ez-toc-container\" class=\"ez-toc-v2_0_69_1 counter-hierarchy ez-toc-counter ez-toc-grey ez-toc-container-direction\">\n<div class=\"ez-toc-title-container\">\n<p class=\"ez-toc-title\" >N\u1ed9i Dung B&agrave;i Vi\u1ebft<\/p>\n<span class=\"ez-toc-title-toggle\"><a href=\"#\" class=\"ez-toc-pull-right ez-toc-btn ez-toc-btn-xs ez-toc-btn-default ez-toc-toggle\" aria-label=\"Toggle Table of Content\"><span class=\"ez-toc-js-icon-con\"><span class=\"\"><span class=\"eztoc-hide\" style=\"display:none;\">Toggle<\/span><span class=\"ez-toc-icon-toggle-span\"><svg style=\"fill: #999;color:#999\" xmlns=\"http:\/\/www.w3.org\/2000\/svg\" class=\"list-377408\" width=\"20px\" height=\"20px\" viewbox=\"0 0 24 24\" fill=\"none\"><path d=\"M6 6H4v2h2V6zm14 0H8v2h12V6zM4 11h2v2H4v-2zm16 0H8v2h12v-2zM4 16h2v2H4v-2zm16 0H8v2h12v-2z\" fill=\"currentColor\"><\/path><\/svg><svg style=\"fill: #999;color:#999\" class=\"arrow-unsorted-368013\" xmlns=\"http:\/\/www.w3.org\/2000\/svg\" width=\"10px\" height=\"10px\" viewbox=\"0 0 24 24\" version=\"1.2\" baseprofile=\"tiny\"><path d=\"M18.2 9.3l-6.2-6.3-6.2 6.3c-.2.2-.3.4-.3.7s.1.5.3.7c.2.2.4.3.7.3h11c.3 0 .5-.1.7-.3.2-.2.3-.5.3-.7s-.1-.5-.3-.7zM5.8 14.7l6.2 6.3 6.2-6.3c.2-.2.3-.5.3-.7s-.1-.5-.3-.7c-.2-.2-.4-.3-.7-.3h-11c-.3 0-.5.1-.7.3-.2.2-.3.5-.3.7s.1.5.3.7z\"\/><\/svg><\/span><\/span><\/span><\/a><\/span><\/div>\n<nav><ul class='ez-toc-list ez-toc-list-level-1 eztoc-toggle-hide-by-default' ><li class='ez-toc-page-1 ez-toc-heading-level-2'><a class=\"ez-toc-link ez-toc-heading-1\" href=\"https:\/\/kawaled.com.vn\/en\/product\/den-led-op-noi-tran-doi-3-mau-kawaled\/#DEN_LED_OP_NOI_TRAN_DOI_3_MAU_NT225-18W-3M\" title=\"\u0110\u00c8N LED \u1ed0P N\u1ed4I TR\u1ea6N \u0110\u1ed4I 3 M\u00c0U NT225-18W-3M\">\u0110\u00c8N LED \u1ed0P N\u1ed4I TR\u1ea6N \u0110\u1ed4I 3 M\u00c0U NT225-18W-3M<\/a><\/li><li class='ez-toc-page-1 ez-toc-heading-level-2'><a class=\"ez-toc-link ez-toc-heading-2\" href=\"https:\/\/kawaled.com.vn\/en\/product\/den-led-op-noi-tran-doi-3-mau-kawaled\/#UU_DIEM_NOI_BAT_CUA_DEN_LED_OP_NOI_TRAN_NT225-18W-3M\" title=\"\u01afU \u0110I\u1ec2M N\u1ed4I B\u1eacT C\u1ee6A \u0110\u00c8N LED \u1ed0P N\u1ed4I TR\u1ea6N NT225-18W-3M\">\u01afU \u0110I\u1ec2M N\u1ed4I B\u1eacT C\u1ee6A \u0110\u00c8N LED \u1ed0P N\u1ed4I TR\u1ea6N NT225-18W-3M<\/a><\/li><li class='ez-toc-page-1 ez-toc-heading-level-2'><a class=\"ez-toc-link ez-toc-heading-3\" href=\"https:\/\/kawaled.com.vn\/en\/product\/den-led-op-noi-tran-doi-3-mau-kawaled\/#DEN_LED_OP_NOI_TRAN_NT225-18W-3M_UNG_DUNG_O_DAU\" title=\"\u0110\u00c8N LED \u1ed0P N\u1ed4I TR\u1ea6N NT225-18W-3M \u1ee8NG D\u1ee4NG \u1ede \u0110\u00c2U?\">\u0110\u00c8N LED \u1ed0P N\u1ed4I TR\u1ea6N NT225-18W-3M \u1ee8NG D\u1ee4NG \u1ede \u0110\u00c2U?<\/a><\/li><\/ul><\/nav><\/div>\n\n<p class=\"\" data-start=\"250\" data-end=\"531\">\u0110\u00e8n LED \u1ed1p n\u1ed5i tr\u1ea7n \u0111ang d\u1ea7n tr\u1edf th\u00e0nh xu h\u01b0\u1edbng chi\u1ebfu s\u00e1ng hi\u1ec7n \u0111\u1ea1i, \u0111\u01b0\u1ee3c \u01b0a chu\u1ed9ng trong c\u00e1c c\u00f4ng tr\u00ecnh d\u00e2n d\u1ee5ng v\u00e0 th\u01b0\u01a1ng m\u1ea1i. N\u1ebfu b\u1ea1n mu\u1ed1n kh\u00f4ng gian s\u1ed1ng tr\u1edf n\u00ean t\u01b0\u01a1i m\u1edbi, linh ho\u1ea1t h\u01a1n v\u1ec1 \u00e1nh s\u00e1ng, th\u00ec <strong data-start=\"457\" data-end=\"503\">\u0110\u00e8n led \u1ed1p n\u1ed5i tr\u1ea7n \u0111\u1ed5i 3 m\u00e0u NT225-18W-3M<\/strong> ch\u00ednh l\u00e0 l\u1ef1a ch\u1ecdn ho\u00e0n h\u1ea3o.<\/p>\n<p class=\"\" data-start=\"533\" data-end=\"706\">Kh\u00f4ng c\u1ea7n thay b\u00f3ng \u0111\u00e8n hay l\u1eafp th\u00eam thi\u1ebft b\u1ecb \u0111i\u1ec1u khi\u1ec3n, ch\u1ec9 v\u1edbi thao t\u00e1c b\u1eadt\/t\u1eaft c\u00f4ng t\u1eafc, b\u1ea1n c\u00f3 th\u1ec3 d\u1ec5 d\u00e0ng chuy\u1ec3n \u0111\u1ed5i gi\u1eefa 3 ch\u1ebf \u0111\u1ed9 \u00e1nh s\u00e1ng: Tr\u1eafng \u2013 V\u00e0ng \u2013 Trung t\u00ednh.<\/p>\n<figure id=\"attachment_23388\" aria-describedby=\"caption-attachment-23388\" style=\"width: 600px\" class=\"wp-caption aligncenter\"><img decoding=\"async\" class=\"wp-image-23388 size-full\" src=\"https:\/\/kawaled.com.vn\/wp-content\/uploads\/2025\/05\/DEN-LED-OP-NOI-TRAN-3-MAU.png\" alt=\"\u0110\u00e8n led \u1ed1p n\u1ed5i tr\u1ea7n 3 m\u00e0u Kawaled \" width=\"600\" height=\"600\" srcset=\"https:\/\/kawaled.com.vn\/wp-content\/uploads\/2025\/05\/DEN-LED-OP-NOI-TRAN-3-MAU.png 600w, https:\/\/kawaled.com.vn\/wp-content\/uploads\/2025\/05\/DEN-LED-OP-NOI-TRAN-3-MAU-400x400.png 400w\" sizes=\"(max-width: 600px) 100vw, 600px\" \/><figcaption id=\"caption-attachment-23388\" class=\"wp-caption-text\">\u0110\u00e8n led \u1ed1p n\u1ed5i tr\u1ea7n 3 m\u00e0u Kawaled c\u00f3 thi\u1ebft k\u1ebf m\u1ecfng g\u1ecdn, sang tr\u1ecdng, gi\u00fap t\u0103ng th\u1ea9m m\u1ef9 cho m\u1ecdi kh\u00f4ng<\/figcaption><\/figure>\n<p class=\"\" data-start=\"708\" data-end=\"859\">S\u1ea3n ph\u1ea9m s\u1edf h\u1eefu thi\u1ebft k\u1ebf m\u1ecfng g\u1ecdn, sang tr\u1ecdng, gi\u00fap t\u0103ng th\u1ea9m m\u1ef9 cho m\u1ecdi kh\u00f4ng gian nh\u01b0: ban c\u00f4ng, h\u00e0nh lang, ph\u00f2ng t\u1eafm, ph\u00f2ng ng\u1ee7, b\u1ebfp, ph\u00f2ng kh\u00e1ch&#8230;<\/p>\n<h2 class=\"\" data-start=\"866\" data-end=\"921\"><span class=\"ez-toc-section\" id=\"UU_DIEM_NOI_BAT_CUA_DEN_LED_OP_NOI_TRAN_NT225-18W-3M\"><\/span>\u01afU \u0110I\u1ec2M N\u1ed4I B\u1eacT C\u1ee6A \u0110\u00c8N LED \u1ed0P N\u1ed4I TR\u1ea6N NT225-18W-3M<span class=\"ez-toc-section-end\"><\/span><\/h2>\n<p class=\"\" data-start=\"923\" data-end=\"1026\">Kh\u00f4ng ch\u1ec9 mang \u0111\u1ebfn s\u1ef1 ti\u1ec7n l\u1ee3i v\u00e0 th\u1ea9m m\u1ef9 cao, \u0111\u00e8n NT225-18W-3M c\u00f2n s\u1edf h\u1eefu h\u00e0ng lo\u1ea1t \u01b0u \u0111i\u1ec3m v\u01b0\u1ee3t tr\u1ed9i:<\/p>\n<ul data-start=\"1028\" data-end=\"1585\">\n<li class=\"\" data-start=\"1028\" data-end=\"1132\">\n<p class=\"\" data-start=\"1030\" data-end=\"1132\">\u0110\u1ed5i 3 m\u00e0u \u00e1nh s\u00e1ng: Chuy\u1ec3n \u0111\u1ed5i \u00e1nh s\u00e1ng tr\u1eafng \u2013 v\u00e0ng \u2013 trung t\u00ednh d\u1ec5 d\u00e0ng b\u1eb1ng c\u00f4ng t\u1eafc th\u00f4ng th\u01b0\u1eddng<\/p>\n<\/li>\n<li class=\"\" data-start=\"1133\" data-end=\"1206\">\n<p class=\"\" data-start=\"1135\" data-end=\"1206\">\u00c1nh s\u00e1ng d\u1ecbu nh\u1eb9, kh\u00f4ng nh\u1ea5p nh\u00e1y, b\u1ea3o v\u1ec7 th\u1ecb l\u1ef1c, kh\u00f4ng g\u00e2y ch\u00f3i m\u1eaft<\/p>\n<\/li>\n<li class=\"\" data-start=\"1207\" data-end=\"1267\">\n<p class=\"\" data-start=\"1209\" data-end=\"1267\">Ti\u1ebft ki\u1ec7m \u0111\u1ebfn 85% \u0111i\u1ec7n n\u0103ng so v\u1edbi b\u00f3ng \u0111\u00e8n truy\u1ec1n th\u1ed1ng<\/p>\n<\/li>\n<li class=\"\" data-start=\"1268\" data-end=\"1320\">\n<p class=\"\" data-start=\"1270\" data-end=\"1320\">Tu\u1ed5i th\u1ecd cao l\u00ean \u0111\u1ebfn 25.000 gi\u1edd (~5 n\u0103m s\u1eed d\u1ee5ng)<\/p>\n<\/li>\n<li class=\"\" data-start=\"1321\" data-end=\"1403\">\n<p class=\"\" data-start=\"1323\" data-end=\"1403\">Ch\u1ec9 s\u1ed1 ho\u00e0n m\u00e0u (CRI) &gt;85: Cho \u00e1nh s\u00e1ng trung th\u1ef1c, hi\u1ec3n th\u1ecb m\u00e0u s\u1eafc ch\u00ednh x\u00e1c<\/p>\n<\/li>\n<li class=\"\" data-start=\"1404\" data-end=\"1501\">\n<p class=\"\" data-start=\"1406\" data-end=\"1501\">Kh\u00f4ng ch\u1ee9a th\u1ee7y ng\u00e2n, kh\u00f4ng ph\u00e1t tia UV hay CO2, an to\u00e0n tuy\u1ec7t \u0111\u1ed1i cho s\u1ee9c kh\u1ecfe v\u00e0 m\u00f4i tr\u01b0\u1eddng<\/p>\n<\/li>\n<li class=\"\" data-start=\"1502\" data-end=\"1585\">\n<p class=\"\" data-start=\"1504\" data-end=\"1585\">Th\u00e2n \u0111\u00e8n b\u1eb1ng nh\u00f4m \u0111\u00fac nguy\u00ean kh\u1ed1i, t\u1ea3n nhi\u1ec7t nhanh, kh\u00f4ng b\u1ecb n\u00f3ng khi d\u00f9ng l\u00e2u<\/p>\n<\/li>\n<\/ul>\n<h2 class=\"\" data-start=\"1592\" data-end=\"1643\"><span class=\"ez-toc-section\" id=\"DEN_LED_OP_NOI_TRAN_NT225-18W-3M_UNG_DUNG_O_DAU\"><\/span>\u0110\u00c8N LED \u1ed0P N\u1ed4I TR\u1ea6N NT225-18W-3M \u1ee8NG D\u1ee4NG \u1ede \u0110\u00c2U?<span class=\"ez-toc-section-end\"><\/span><\/h2>\n<p class=\"\" data-start=\"1645\" data-end=\"1687\">S\u1ea3n ph\u1ea9m ph\u00f9 h\u1ee3p l\u1eafp \u0111\u1eb7t \u1edf m\u1ecdi kh\u00f4ng gian:<\/p>\n<ul data-start=\"1689\" data-end=\"1929\">\n<li class=\"\" data-start=\"1689\" data-end=\"1761\">\n<p class=\"\" data-start=\"1691\" data-end=\"1761\">Nh\u00e0 \u1edf: ban c\u00f4ng, h\u00e0nh lang, nh\u00e0 v\u1ec7 sinh, ph\u00f2ng ng\u1ee7, b\u1ebfp, ph\u00f2ng kh\u00e1ch<\/p>\n<\/li>\n<li class=\"\" data-start=\"1762\" data-end=\"1838\">\n<p class=\"\" data-start=\"1764\" data-end=\"1838\">Th\u01b0\u01a1ng m\u1ea1i: c\u1eeda h\u00e0ng, qu\u00e1n c\u00e0 ph\u00ea, showroom, nh\u00e0 h\u00e0ng, spa, ph\u00f2ng h\u1ecdp&#8230;<\/p>\n<\/li>\n<li class=\"\" data-start=\"1762\" data-end=\"1838\">\n<p><figure id=\"attachment_23389\" aria-describedby=\"caption-attachment-23389\" style=\"width: 900px\" class=\"wp-caption aligncenter\"><img decoding=\"async\" class=\"wp-image-23389 size-full\" src=\"https:\/\/kawaled.com.vn\/wp-content\/uploads\/2025\/05\/3.png\" alt=\"\u0110\u00e8n led \u1ed1p n\u1ed5i tr\u1ea7n \u0111\u1ed5i 3 m\u00e0u ph\u00f9 h\u1ee3p nhi\u1ec1u kh\u00f4ng gian\" width=\"900\" height=\"900\" srcset=\"https:\/\/kawaled.com.vn\/wp-content\/uploads\/2025\/05\/3.png 900w, https:\/\/kawaled.com.vn\/wp-content\/uploads\/2025\/05\/3-768x768.png 768w, https:\/\/kawaled.com.vn\/wp-content\/uploads\/2025\/05\/3-640x640.png 640w, https:\/\/kawaled.com.vn\/wp-content\/uploads\/2025\/05\/3-400x400.png 400w\" sizes=\"(max-width: 900px) 100vw, 900px\" \/><figcaption id=\"caption-attachment-23389\" class=\"wp-caption-text\">\u0110\u00e8n led \u1ed1p n\u1ed5i tr\u1ea7n \u0111\u1ed5i 3 m\u00e0u ph\u00f9 h\u1ee3p nhi\u1ec1u kh\u00f4ng gian<\/figcaption><\/figure><\/li>\n<\/ul>\n<div class=\"_tableContainer_16hzy_1\">\n<div class=\"_tableWrapper_16hzy_14 group flex w-fit flex-col-reverse\" tabindex=\"-1\"><\/div>\n<\/div>","protected":false},"excerpt":{"rendered":"<p>\u0110\u00c8N LED \u1ed0P N\u1ed4I TR\u1ea6N \u0110\u1ed4I 3 M\u00c0U NT225-18W-3M \u0110\u00e8n LED \u1ed1p n\u1ed5i tr\u1ea7n \u0111ang d\u1ea7n tr\u1edf th\u00e0nh xu h\u01b0\u1edbng chi\u1ebfu s\u00e1ng hi\u1ec7n \u0111\u1ea1i, \u0111\u01b0\u1ee3c \u01b0a chu\u1ed9ng trong c\u00e1c c\u00f4ng tr\u00ecnh d\u00e2n d\u1ee5ng v\u00e0 th\u01b0\u01a1ng m\u1ea1i. N\u1ebfu b\u1ea1n mu\u1ed1n kh\u00f4ng gian s\u1ed1ng tr\u1edf n\u00ean t\u01b0\u01a1i m\u1edbi, linh ho\u1ea1t h\u01a1n v\u1ec1 \u00e1nh s\u00e1ng, th\u00ec \u0110\u00e8n led [&hellip;]<\/p>","protected":false},"featured_media":23388,"comment_status":"open","ping_status":"closed","template":"","meta":{"rank_math_description":"\u0110\u00e8n LED \u1ed1p n\u1ed5i tr\u1ea7n NT225-18W-3M \u2013 \u0111\u1ed5i 3 m\u00e0u \u00e1nh s\u00e1ng linh ho\u1ea1t, thi\u1ebft k\u1ebf \u0111\u1eb9p, b\u1ec1n tr\u00ean 5 n\u0103m, ti\u1ebft ki\u1ec7m \u0111i\u1ec7n, b\u1ea3o h\u00e0nh 2 n\u0103m ch\u00ednh h\u00e3ng.","rank_math_focus_keyword":"\u0110\u00c8N LED \u1ed0P N\u1ed4I TR\u1ea6N","rank_math_secondary_keywords":""},"product_cat":[15,1747,1768,1736,3790],"product_tag":[3284,3281,3280,3283,3282,3285],"class_list":["post-23380","product","type-product","status-publish","has-post-thumbnail","hentry","product_cat-chua-phan-loai","product_cat-den-led-downlight","product_cat-den-led-noi-tran","product_cat-den-led-noi-tran-tron","product_cat-den-noi-tran-doi-mau","product_tag-den-hanh-lang","product_tag-den-led-kawaled","product_tag-den-led-op-noi-tran","product_tag-den-phong-hop","product_tag-den-phong-khach","product_tag-den-tran-nha"],"acf":[],"_links":{"self":[{"href":"https:\/\/kawaled.com.vn\/en\/wp-json\/wp\/v2\/product\/23380","targetHints":{"allow":["GET"]}}],"collection":[{"href":"https:\/\/kawaled.com.vn\/en\/wp-json\/wp\/v2\/product"}],"about":[{"href":"https:\/\/kawaled.com.vn\/en\/wp-json\/wp\/v2\/types\/product"}],"replies":[{"embeddable":true,"href":"https:\/\/kawaled.com.vn\/en\/wp-json\/wp\/v2\/comments?post=23380"}],"version-history":[{"count":0,"href":"https:\/\/kawaled.com.vn\/en\/wp-json\/wp\/v2\/product\/23380\/revisions"}],"wp:featuredmedia":[{"embeddable":true,"href":"https:\/\/kawaled.com.vn\/en\/wp-json\/wp\/v2\/media\/23388"}],"wp:attachment":[{"href":"https:\/\/kawaled.com.vn\/en\/wp-json\/wp\/v2\/media?parent=23380"}],"wp:term":[{"taxonomy":"product_cat","embeddable":true,"href":"https:\/\/kawaled.com.vn\/en\/wp-json\/wp\/v2\/product_cat?post=23380"},{"taxonomy":"product_tag","embeddable":true,"href":"https:\/\/kawaled.com.vn\/en\/wp-json\/wp\/v2\/product_tag?post=23380"}],"curies":[{"name":"wp","href":"https:\/\/api.w.org\/{rel}","templated":true}]}}