{"id":23335,"date":"2025-05-02T15:09:48","date_gmt":"2025-05-02T08:09:48","guid":{"rendered":"https:\/\/kawaled.com\/?post_type=product&#038;p=23335"},"modified":"2025-12-01T13:58:22","modified_gmt":"2025-12-01T06:58:22","slug":"cam-ung-hong-ngoai-roi-lap-led-pha-mong-2","status":"publish","type":"product","link":"https:\/\/kawaled.com.vn\/en\/product\/cam-ung-hong-ngoai-roi-lap-led-pha-mong-2\/","title":{"rendered":"C\u1ea3m \u1ee8ng H\u1ed3ng Ngo\u1ea1i R\u1eddi L\u1eafp LED Pha M\u1ecfng FS23B"},"content":{"rendered":"<p><strong>TH\u00d4NG S\u1ed0 K\u1ef8 THU\u1eacT\u00a0<\/strong><\/p>\n<ul>\n<li>Thi\u1ebft k\u1ebf theo ti\u00eau chu\u1ea9n k\u00edn n\u01b0\u1edbc IP66<\/li>\n<li>K\u1ebft n\u1ed1i ren v\u1eb7n chu\u1ea9n<\/li>\n<li>Ngu\u1ed3n c\u1ea5p: 220-240V<\/li>\n<li>Kho\u1ea3ng c\u00e1ch c\u1ea3m \u1ee9ng: 3-6m (\u0111i\u1ec1u ch\u1ec9nh \u0111\u01b0\u1ee3c)<\/li>\n<li>Th\u1eddi gian tr\u1ec5: 15s \u2013 7 ph\u00fat (\u0110i\u1ec1u ch\u1ec9nh \u0111\u01b0\u1ee3c)<\/li>\n<li>\u0110i\u1ec1u ch\u1ec9nh \u0111\u1ed9 s\u00e1ng c\u1ea3m \u1ee9ng (LUX): 10 \u2013\u00a02000 LUX<\/li>\n<\/ul>\n<p><strong>\u1ee8NG D\u1ee4NG<\/strong><\/p>\n<p>D\u00f9ng \u0111\u1ec3 l\u1eafp v\u00e0o c\u00e1c \u0111\u00e8n pha\u00a0\u0111\u1ec3 l\u00e0m \u0111\u00e8n c\u1ea3m \u1ee9ng \u0111i\u1ec1u ch\u1ec9nh b\u1eadt \u2013\u00a0t\u1eaft \u0111\u00e8n: c\u00f3 th\u1ec3 l\u1eafp v\u00e0o \u0111\u00e8n pha FLH<\/p>\n<p><strong>Thank you for trusting Kawasan products!<\/strong><\/p>\n<p><strong>Toll-Free Consulting Hotline:\u00a0<\/strong><strong>1800 0058<\/strong><\/p>\n<p><strong>Website:\u00a0<\/strong><strong><a href=\"http:\/\/kawasan.com.vn\" data-cke-saved-href=\"http:\/\/kawasan.com.vn\" data-cke-saved- target=\"_blank\" rel=\"noopener\">www.kawasan.com.vn<\/a><\/strong><\/p>","protected":false},"excerpt":{"rendered":"<p>TH\u00d4NG S\u1ed0 K\u1ef8 THU\u1eacT\u00a0 Thi\u1ebft k\u1ebf theo ti\u00eau chu\u1ea9n k\u00edn n\u01b0\u1edbc IP66 K\u1ebft n\u1ed1i ren v\u1eb7n chu\u1ea9n Ngu\u1ed3n c\u1ea5p: 220-240V Kho\u1ea3ng c\u00e1ch c\u1ea3m \u1ee9ng: 3-6m (\u0111i\u1ec1u ch\u1ec9nh \u0111\u01b0\u1ee3c) Th\u1eddi gian tr\u1ec5: 15s \u2013 7 ph\u00fat (\u0110i\u1ec1u ch\u1ec9nh \u0111\u01b0\u1ee3c) \u0110i\u1ec1u ch\u1ec9nh \u0111\u1ed9 s\u00e1ng c\u1ea3m \u1ee9ng (LUX): 10 \u2013\u00a02000 LUX \u1ee8NG D\u1ee4NG D\u00f9ng \u0111\u1ec3 l\u1eafp v\u00e0o c\u00e1c [&hellip;]<\/p>","protected":false},"featured_media":23337,"comment_status":"open","ping_status":"closed","template":"","meta":{"rank_math_description":"\u0110\u00e8n c\u1ea3m \u1ee9ng h\u1ed3ng ngo\u1ea1i r\u1eddi l\u1eafp LED pha m\u1ecfng FS23B, d\u00f9ng \u0111\u1ec3 l\u1eafp v\u00e0o c\u00e1c \u0111\u00e8n pha\u00a0\u0111\u1ec3 l\u00e0m \u0111\u00e8n c\u1ea3m \u1ee9ng \u0111i\u1ec1u ch\u1ec9nh b\u1eadt \u2013\u00a0t\u1eaft \u0111\u00e8n. Mua ngay!","rank_math_focus_keyword":"C\u1ea3m \u1ee8ng H\u1ed3ng Ngo\u1ea1i R\u1eddi L\u1eafp LED Pha M\u1ecfng","rank_math_secondary_keywords":""},"product_cat":[15],"product_tag":[],"class_list":["post-23335","product","type-product","status-publish","has-post-thumbnail","hentry","product_cat-chua-phan-loai"],"acf":[],"_links":{"self":[{"href":"https:\/\/kawaled.com.vn\/en\/wp-json\/wp\/v2\/product\/23335","targetHints":{"allow":["GET"]}}],"collection":[{"href":"https:\/\/kawaled.com.vn\/en\/wp-json\/wp\/v2\/product"}],"about":[{"href":"https:\/\/kawaled.com.vn\/en\/wp-json\/wp\/v2\/types\/product"}],"replies":[{"embeddable":true,"href":"https:\/\/kawaled.com.vn\/en\/wp-json\/wp\/v2\/comments?post=23335"}],"version-history":[{"count":0,"href":"https:\/\/kawaled.com.vn\/en\/wp-json\/wp\/v2\/product\/23335\/revisions"}],"wp:featuredmedia":[{"embeddable":true,"href":"https:\/\/kawaled.com.vn\/en\/wp-json\/wp\/v2\/media\/23337"}],"wp:attachment":[{"href":"https:\/\/kawaled.com.vn\/en\/wp-json\/wp\/v2\/media?parent=23335"}],"wp:term":[{"taxonomy":"product_cat","embeddable":true,"href":"https:\/\/kawaled.com.vn\/en\/wp-json\/wp\/v2\/product_cat?post=23335"},{"taxonomy":"product_tag","embeddable":true,"href":"https:\/\/kawaled.com.vn\/en\/wp-json\/wp\/v2\/product_tag?post=23335"}],"curies":[{"name":"wp","href":"https:\/\/api.w.org\/{rel}","templated":true}]}}