{"id":23178,"date":"2024-12-30T13:51:41","date_gmt":"2024-12-30T06:51:41","guid":{"rendered":"https:\/\/kawaled.com\/?post_type=product&#038;p=23178"},"modified":"2026-03-20T11:44:18","modified_gmt":"2026-03-20T04:44:18","slug":"den-op-tran-cam-ung-vi-song-ms230g-14w-t","status":"publish","type":"product","link":"https:\/\/kawaled.com.vn\/en\/product\/den-op-tran-cam-ung-vi-song-ms230g-14w-t\/","title":{"rendered":"\u0110\u00e8n \u1ed0p Tr\u1ea7n C\u1ea3m \u1ee8ng Vi S\u00f3ng 14W MS230G-14W-T"},"content":{"rendered":"<h2><span class=\"ez-toc-section\" id=\"DEN_OP_TRAN_CAM_UNG_VI_SONG_MS230G-14W-T_%E2%80%93_GIAI_PHAP_CHIEU_SANG_THONG_MINH_TIET_KIEM_NANG_LUONG\"><\/span><b>\u0110\u00c8N \u1ed0P TR\u1ea6N C\u1ea2M \u1ee8NG VI S\u00d3NG MS230G-14W-T \u2013 GI\u1ea2I PH\u00c1P CHI\u1ebeU S\u00c1NG TH\u00d4NG MINH, TI\u1ebeT KI\u1ec6M N\u0102NG L\u01af\u1ee2NG<\/b><span class=\"ez-toc-section-end\"><\/span><\/h2><div id=\"ez-toc-container\" class=\"ez-toc-v2_0_69_1 counter-hierarchy ez-toc-counter ez-toc-grey ez-toc-container-direction\">\n<div class=\"ez-toc-title-container\">\n<p class=\"ez-toc-title\" >N\u1ed9i Dung B&agrave;i Vi\u1ebft<\/p>\n<span class=\"ez-toc-title-toggle\"><a href=\"#\" class=\"ez-toc-pull-right ez-toc-btn ez-toc-btn-xs ez-toc-btn-default ez-toc-toggle\" aria-label=\"Toggle Table of Content\"><span class=\"ez-toc-js-icon-con\"><span class=\"\"><span class=\"eztoc-hide\" style=\"display:none;\">Toggle<\/span><span class=\"ez-toc-icon-toggle-span\"><svg style=\"fill: #999;color:#999\" xmlns=\"http:\/\/www.w3.org\/2000\/svg\" class=\"list-377408\" width=\"20px\" height=\"20px\" viewbox=\"0 0 24 24\" fill=\"none\"><path d=\"M6 6H4v2h2V6zm14 0H8v2h12V6zM4 11h2v2H4v-2zm16 0H8v2h12v-2zM4 16h2v2H4v-2zm16 0H8v2h12v-2z\" fill=\"currentColor\"><\/path><\/svg><svg style=\"fill: #999;color:#999\" class=\"arrow-unsorted-368013\" xmlns=\"http:\/\/www.w3.org\/2000\/svg\" width=\"10px\" height=\"10px\" viewbox=\"0 0 24 24\" version=\"1.2\" baseprofile=\"tiny\"><path d=\"M18.2 9.3l-6.2-6.3-6.2 6.3c-.2.2-.3.4-.3.7s.1.5.3.7c.2.2.4.3.7.3h11c.3 0 .5-.1.7-.3.2-.2.3-.5.3-.7s-.1-.5-.3-.7zM5.8 14.7l6.2 6.3 6.2-6.3c.2-.2.3-.5.3-.7s-.1-.5-.3-.7c-.2-.2-.4-.3-.7-.3h-11c-.3 0-.5.1-.7.3-.2.2-.3.5-.3.7s.1.5.3.7z\"\/><\/svg><\/span><\/span><\/span><\/a><\/span><\/div>\n<nav><ul class='ez-toc-list ez-toc-list-level-1 eztoc-toggle-hide-by-default' ><li class='ez-toc-page-1 ez-toc-heading-level-2'><a class=\"ez-toc-link ez-toc-heading-1\" href=\"https:\/\/kawaled.com.vn\/en\/product\/den-op-tran-cam-ung-vi-song-ms230g-14w-t\/#DEN_OP_TRAN_CAM_UNG_VI_SONG_MS230G-14W-T_%E2%80%93_GIAI_PHAP_CHIEU_SANG_THONG_MINH_TIET_KIEM_NANG_LUONG\" title=\"\u0110\u00c8N \u1ed0P TR\u1ea6N C\u1ea2M \u1ee8NG VI S\u00d3NG MS230G-14W-T \u2013 GI\u1ea2I PH\u00c1P CHI\u1ebeU S\u00c1NG TH\u00d4NG MINH, TI\u1ebeT KI\u1ec6M N\u0102NG L\u01af\u1ee2NG\">\u0110\u00c8N \u1ed0P TR\u1ea6N C\u1ea2M \u1ee8NG VI S\u00d3NG MS230G-14W-T \u2013 GI\u1ea2I PH\u00c1P CHI\u1ebeU S\u00c1NG TH\u00d4NG MINH, TI\u1ebeT KI\u1ec6M N\u0102NG L\u01af\u1ee2NG<\/a><\/li><li class='ez-toc-page-1 ez-toc-heading-level-2'><a class=\"ez-toc-link ez-toc-heading-2\" href=\"https:\/\/kawaled.com.vn\/en\/product\/den-op-tran-cam-ung-vi-song-ms230g-14w-t\/#Dac_diem_noi_bat\" title=\"\u0110\u1eb7c \u0111i\u1ec3m n\u1ed5i b\u1eadt\">\u0110\u1eb7c \u0111i\u1ec3m n\u1ed5i b\u1eadt<\/a><\/li><li class='ez-toc-page-1 ez-toc-heading-level-2'><a class=\"ez-toc-link ez-toc-heading-3\" href=\"https:\/\/kawaled.com.vn\/en\/product\/den-op-tran-cam-ung-vi-song-ms230g-14w-t\/#Ung_dung\" title=\"\u1ee8ng d\u1ee5ng\">\u1ee8ng d\u1ee5ng<\/a><\/li><li class='ez-toc-page-1 ez-toc-heading-level-2'><a class=\"ez-toc-link ez-toc-heading-4\" href=\"https:\/\/kawaled.com.vn\/en\/product\/den-op-tran-cam-ung-vi-song-ms230g-14w-t\/#Loi_ich_khi_su_dung\" title=\"L\u1ee3i \u00edch khi s\u1eed d\u1ee5ng\">L\u1ee3i \u00edch khi s\u1eed d\u1ee5ng<\/a><\/li><li class='ez-toc-page-1 ez-toc-heading-level-2'><a class=\"ez-toc-link ez-toc-heading-5\" href=\"https:\/\/kawaled.com.vn\/en\/product\/den-op-tran-cam-ung-vi-song-ms230g-14w-t\/#Luu_y_khi_su_dung\" title=\"L\u01b0u \u00fd khi s\u1eed d\u1ee5ng\">L\u01b0u \u00fd khi s\u1eed d\u1ee5ng<\/a><\/li><li class='ez-toc-page-1 ez-toc-heading-level-2'><a class=\"ez-toc-link ez-toc-heading-6\" href=\"https:\/\/kawaled.com.vn\/en\/product\/den-op-tran-cam-ung-vi-song-ms230g-14w-t\/#Tong_quan\" title=\"T\u1ed5ng quan\">T\u1ed5ng quan<\/a><ul class='ez-toc-list-level-3' ><li class='ez-toc-heading-level-3'><a class=\"ez-toc-link ez-toc-heading-7\" href=\"https:\/\/kawaled.com.vn\/en\/product\/den-op-tran-cam-ung-vi-song-ms230g-14w-t\/#MUA_CHINH_HANG_TAI\" title=\"MUA CH\u00cdNH H\u00c3NG T\u1ea0I:\">MUA CH\u00cdNH H\u00c3NG T\u1ea0I:<\/a><\/li><\/ul><\/li><\/ul><\/nav><\/div>\n\n<p><span style=\"font-weight: 400;\">\u0110\u00e8n \u1ed1p tr\u1ea7n c\u1ea3m \u1ee9ng vi s\u00f3ng MS230G-14W-T l\u00e0 s\u1ea3n ph\u1ea9m chi\u1ebfu s\u00e1ng th\u00f4ng minh c\u1ee7a th\u01b0\u01a1ng hi\u1ec7u <\/span><b>Kawasan<\/b><span style=\"font-weight: 400;\">, \u0111\u01b0\u1ee3c t\u00edch h\u1ee3p c\u00f4ng ngh\u1ec7 c\u1ea3m \u1ee9ng vi s\u00f3ng ti\u00ean ti\u1ebfn gi\u00fap ph\u00e1t hi\u1ec7n chuy\u1ec3n \u0111\u1ed9ng m\u1ed9t c\u00e1ch ch\u00ednh x\u00e1c v\u00e0 t\u1ef1 \u0111\u1ed9ng b\u1eadt\/t\u1eaft \u00e1nh s\u00e1ng.<\/span><\/p>\n<figure id=\"attachment_26504\" aria-describedby=\"caption-attachment-26504\" style=\"width: 560px\" class=\"wp-caption aligncenter\"><img decoding=\"async\" class=\"wp-image-26504\" src=\"https:\/\/kawaled.com.vn\/wp-content\/uploads\/2024\/12\/den-op-tran-cam-ung-vi-song-ms230g-14w.webp\" alt=\"\" width=\"560\" height=\"560\" \/><figcaption id=\"caption-attachment-26504\" class=\"wp-caption-text\">\u0110\u00e8n \u1ed1p tr\u1ea7n c\u1ea3m \u1ee9ng vi s\u00f3ng MS230G-14W Kawasan \u2013 thi\u1ebft k\u1ebf tinh t\u1ebf, ph\u00f9 h\u1ee3p l\u1eafp n\u1ed5i tr\u1ea7n cho nh\u00e0 \u1edf, h\u00e0nh lang, ban c\u00f4ng.<\/figcaption><\/figure>\n<p><span style=\"font-weight: 400;\"><br \/>\n<\/span><span style=\"font-weight: 400;\"> V\u1edbi thi\u1ebft k\u1ebf \u0111\u00e8n \u1ed1p tr\u1ea7n tr\u00f2n nh\u1ecf g\u1ecdn, kh\u1ea3 n\u0103ng ch\u1ed1ng n\u01b0\u1edbc v\u01b0\u1ee3t tr\u1ed9i v\u00e0 \u00e1nh s\u00e1ng m\u1ea1nh m\u1ebd, s\u1ea3n ph\u1ea9m ph\u00f9 h\u1ee3p cho c\u1ea3 kh\u00f4ng gian trong nh\u00e0 l\u1eabn ngo\u00e0i tr\u1eddi. \u0110\u00e2y l\u00e0 l\u1ef1a ch\u1ecdn l\u00fd t\u01b0\u1edfng cho nh\u1eefng ai mu\u1ed1n k\u1ebft h\u1ee3p gi\u1eefa <\/span><b>\u0111\u00e8n led tr\u1ea7n nh\u00e0<\/b><span style=\"font-weight: 400;\"> ti\u1ebft ki\u1ec7m \u0111i\u1ec7n v\u00e0 gi\u1ea3i ph\u00e1p chi\u1ebfu s\u00e1ng t\u1ef1 \u0111\u1ed9ng ti\u1ec7n l\u1ee3i.<\/span><\/p>\n<h2><span class=\"ez-toc-section\" id=\"Dac_diem_noi_bat\"><\/span><b>\u0110\u1eb7c \u0111i\u1ec3m n\u1ed5i b\u1eadt<\/b><span class=\"ez-toc-section-end\"><\/span><\/h2>\n<ul>\n<li style=\"font-weight: 400;\" aria-level=\"1\"><b>C\u1ea3m \u1ee9ng vi s\u00f3ng hi\u1ec7n \u0111\u1ea1i:<\/b><span style=\"font-weight: 400;\"> \u0110\u00e8n ph\u00e1t hi\u1ec7n chuy\u1ec3n \u0111\u1ed9ng ch\u00ednh x\u00e1c trong ph\u1ea1m vi l\u00ean \u0111\u1ebfn 8m, c\u00f3 th\u1ec3 xuy\u00ean qua v\u1eadt c\u1ea3n m\u1ecfng nh\u01b0 k\u00ednh ho\u1eb7c v\u00e1ch ng\u0103n.<\/span><\/li>\n<li style=\"font-weight: 400;\" aria-level=\"1\"><b>Ti\u1ebft ki\u1ec7m \u0111i\u1ec7n n\u0103ng:<\/b><span style=\"font-weight: 400;\"> C\u00f4ng su\u1ea5t 14W c\u00f9ng quang th\u00f4ng 1440LM mang \u0111\u1ebfn \u00e1nh s\u00e1ng r\u00f5 r\u00e0ng, \u1ed5n \u0111\u1ecbnh m\u00e0 v\u1eabn gi\u1ea3m thi\u1ec3u ti\u00eau th\u1ee5 \u0111i\u1ec7n.<\/span><\/li>\n<li style=\"font-weight: 400;\" aria-level=\"1\"><b>T\u1ef1 \u0111\u1ed9ng ki\u1ec3m so\u00e1t \u00e1nh s\u00e1ng:<\/b><span style=\"font-weight: 400;\"> \u0110\u00e8n ch\u1ec9 b\u1eadt khi m\u00f4i tr\u01b0\u1eddng d\u01b0\u1edbi 5LUX, \u0111\u1ea3m b\u1ea3o ho\u1ea1t \u0111\u1ed9ng th\u00f4ng minh, ti\u1ebft ki\u1ec7m v\u00e0 ch\u00ednh x\u00e1c.<\/span><\/li>\n<li style=\"font-weight: 400;\" aria-level=\"1\"><b>T\u1eaft tr\u1ec5 t\u1ef1 \u0111\u1ed9ng:<\/b><span style=\"font-weight: 400;\"> Sau 60 gi\u00e2y n\u1ebfu kh\u00f4ng ph\u00e1t hi\u1ec7n chuy\u1ec3n \u0111\u1ed9ng, \u0111\u00e8n t\u1ef1 \u0111\u1ed9ng t\u1eaft, gi\u00fap gi\u1ea3m l\u00e3ng ph\u00ed n\u0103ng l\u01b0\u1ee3ng.<\/span><\/li>\n<\/ul>\n<figure id=\"attachment_26507\" aria-describedby=\"caption-attachment-26507\" style=\"width: 560px\" class=\"wp-caption aligncenter\"><img decoding=\"async\" class=\"wp-image-26507\" src=\"https:\/\/kawaled.com.vn\/wp-content\/uploads\/2024\/12\/den-op-tran-cam-ung-ban-cong-ms-g.webp\" alt=\"\u0110\u00e8n \u1ed1p tr\u1ea7n c\u1ea3m \u1ee9ng Kawasan l\u1eafp \u0111\u1eb7t ngo\u00e0i ban c\u00f4ng\" width=\"560\" height=\"560\" \/><figcaption id=\"caption-attachment-26507\" class=\"wp-caption-text\">\u0110\u00e8n \u1ed1p tr\u1ea7n c\u1ea3m \u1ee9ng vi s\u00f3ng Kawasan chi\u1ebfu s\u00e1ng t\u1ef1 \u0111\u1ed9ng ngo\u00e0i ban c\u00f4ng, an to\u00e0n v\u00e0 ti\u1ebft ki\u1ec7m \u0111i\u1ec7n.<\/figcaption><\/figure>\n<ul>\n<li style=\"font-weight: 400;\" aria-level=\"1\"><b>\u00c1nh s\u00e1ng tr\u1eafng t\u1ef1 nhi\u00ean:<\/b><span style=\"font-weight: 400;\"> Nhi\u1ec7t \u0111\u1ed9 m\u00e0u 6000K mang l\u1ea1i \u00e1nh s\u00e1ng tr\u1eafng trung t\u00ednh, ph\u00f9 h\u1ee3p v\u1edbi kh\u00f4ng gian sinh ho\u1ea1t v\u00e0 l\u00e0m vi\u1ec7c.<\/span><\/li>\n<li style=\"font-weight: 400;\" aria-level=\"1\"><b>\u0110\u1ed9 k\u00edn n\u01b0\u1edbc cao:<\/b><span style=\"font-weight: 400;\"> \u0110\u1ea1t ti\u00eau chu\u1ea9n IP65, \u0111\u00e8n ho\u1ea1t \u0111\u1ed9ng b\u1ec1n b\u1ec9 trong m\u00f4i tr\u01b0\u1eddng \u1ea9m \u01b0\u1edbt, th\u00edch h\u1ee3p l\u00e0m <\/span><b>\u0111\u00e8n \u1ed1p tr\u1ea7n ban c\u00f4ng<\/b><span style=\"font-weight: 400;\"> ho\u1eb7c chi\u1ebfu s\u00e1ng ngo\u00e0i tr\u1eddi.<\/span><\/li>\n<\/ul>\n<figure id=\"attachment_26516\" aria-describedby=\"caption-attachment-26516\" style=\"width: 560px\" class=\"wp-caption aligncenter\"><img decoding=\"async\" class=\"wp-image-26516\" src=\"https:\/\/kawaled.com.vn\/wp-content\/uploads\/2024\/12\/den-op-tran-cam-ung-ngoai-troi-chong-nuoc-ms-g.webp\" alt=\"\u0110\u00e8n \u1ed1p tr\u1ea7n c\u1ea3m \u1ee9ng Kawasan MS-G chi\u1ebfu s\u00e1ng ngo\u00e0i tr\u1eddi ch\u1ed1ng n\u01b0\u1edbc\" width=\"560\" height=\"560\" \/><figcaption id=\"caption-attachment-26516\" class=\"wp-caption-text\">\u0110\u00e8n \u1ed1p tr\u1ea7n c\u1ea3m \u1ee9ng vi s\u00f3ng Kawasan ho\u1ea1t \u0111\u1ed9ng \u1ed5n \u0111\u1ecbnh c\u1ea3 khi tr\u1eddi m\u01b0a \u2013 ch\u1ed1ng n\u01b0\u1edbc IP65.<\/figcaption><\/figure>\n<ul>\n<li style=\"font-weight: 400;\" aria-level=\"1\"><b>Thi\u1ebft k\u1ebf hi\u1ec7n \u0111\u1ea1i:<\/b><span style=\"font-weight: 400;\"> K\u00edch th\u01b0\u1edbc \u03a6230 x H55mm, d\u1ea1ng <\/span><b>\u0111\u00e8n \u1ed1p tr\u1ea7n tr\u00f2n<\/b><span style=\"font-weight: 400;\"> nh\u1ecf g\u1ecdn, th\u1ea9m m\u1ef9 v\u00e0 d\u1ec5 d\u00e0ng l\u1eafp \u0111\u1eb7t \u1edf nhi\u1ec1u v\u1ecb tr\u00ed.<\/span><\/li>\n<\/ul>\n<figure id=\"attachment_26501\" aria-describedby=\"caption-attachment-26501\" style=\"width: 560px\" class=\"wp-caption aligncenter\"><img decoding=\"async\" class=\"wp-image-26501\" src=\"https:\/\/kawaled.com.vn\/wp-content\/uploads\/2024\/12\/thong-so-kich-thuoc-den-op-tran-ms230g-14w.webp\" alt=\"Th\u00f4ng s\u1ed1 k\u00edch th\u01b0\u1edbc \u0111\u00e8n \u1ed1p tr\u1ea7n c\u1ea3m \u1ee9ng vi s\u00f3ng MS230G-14W\" width=\"560\" height=\"560\" \/><figcaption id=\"caption-attachment-26501\" class=\"wp-caption-text\">K\u00edch th\u01b0\u1edbc v\u00e0 \u0111\u1ed9 d\u00e0y th\u00e2n \u0111\u00e8n ch\u1ec9 55mm gi\u00fap \u1ed1p tr\u1ea7n g\u1ecdn g\u00e0ng, ti\u1ebft ki\u1ec7m kh\u00f4ng gian.<\/figcaption><\/figure>\n<h2><span class=\"ez-toc-section\" id=\"Ung_dung\"><\/span><b>\u1ee8ng d\u1ee5ng<\/b><span class=\"ez-toc-section-end\"><\/span><\/h2>\n<p><span style=\"font-weight: 400;\">\u0110\u00e8n \u1ed1p tr\u1ea7n c\u1ea3m \u1ee9ng MS230G-14W-T ph\u00f9 h\u1ee3p cho nhi\u1ec1u khu v\u1ef1c c\u1ea7n chi\u1ebfu s\u00e1ng t\u1ef1 \u0111\u1ed9ng:<\/span><\/p>\n<ul>\n<li style=\"font-weight: 400;\" aria-level=\"1\"><b>H\u00e0nh lang, c\u1ea7u thang, l\u1ed1i \u0111i:<\/b><span style=\"font-weight: 400;\"> T\u1ef1 \u0111\u1ed9ng b\u1eadt s\u00e1ng khi c\u00f3 ng\u01b0\u1eddi di chuy\u1ec3n, ti\u1ec7n l\u1ee3i v\u00e0 an to\u00e0n.<\/span><\/li>\n<li style=\"font-weight: 400;\" aria-level=\"1\"><b>B\u00e3i \u0111\u1ed7 xe ho\u1eb7c t\u1ea7ng h\u1ea7m:<\/b><span style=\"font-weight: 400;\"> \u0110\u1ea3m b\u1ea3o \u00e1nh s\u00e1ng m\u1ea1nh m\u1ebd, t\u1ef1 \u0111\u1ed9ng b\u1eadt\/t\u1eaft gi\u00fap ti\u1ebft ki\u1ec7m n\u0103ng l\u01b0\u1ee3ng.<\/span><\/li>\n<li style=\"font-weight: 400;\" aria-level=\"1\"><b>Ngo\u00e0i tr\u1eddi:<\/b><span style=\"font-weight: 400;\"> Th\u00edch h\u1ee3p l\u00e0m <\/span><b>\u0111\u00e8n \u1ed1p tr\u1ea7n ban c\u00f4ng<\/b><span style=\"font-weight: 400;\">, s\u00e2n v\u01b0\u1eddn ho\u1eb7c khu v\u1ef1c c\u1ed5ng nh\u1edd kh\u1ea3 n\u0103ng ch\u1ed1ng n\u01b0\u1edbc IP65.<\/span><\/li>\n<li style=\"font-weight: 400;\" aria-level=\"1\"><b>Nh\u00e0 kho, khu l\u01b0u tr\u1eef:<\/b><span style=\"font-weight: 400;\"> Cung c\u1ea5p \u00e1nh s\u00e1ng \u1ed5n \u0111\u1ecbnh, ch\u1ec9 b\u1eadt khi c\u1ea7n thi\u1ebft, t\u1ed1i \u01b0u chi ph\u00ed v\u1eadn h\u00e0nh.<\/span><\/li>\n<\/ul>\n<figure id=\"attachment_26506\" aria-describedby=\"caption-attachment-26506\" style=\"width: 560px\" class=\"wp-caption aligncenter\"><img decoding=\"async\" class=\"wp-image-26506\" src=\"https:\/\/kawaled.com.vn\/wp-content\/uploads\/2024\/12\/ung-dung-den-op-tran-cam-ung-ms-g.webp\" alt=\"\u1ee8ng d\u1ee5ng th\u1ef1c t\u1ebf \u0111\u00e8n \u1ed1p tr\u1ea7n c\u1ea3m \u1ee9ng Kawasan trong nh\u00e0 \u1edf\" width=\"560\" height=\"560\" \/><figcaption id=\"caption-attachment-26506\" class=\"wp-caption-text\">\u0110\u00e8n \u1ed1p tr\u1ea7n Kawasan MS-G \u0111\u01b0\u1ee3c s\u1eed d\u1ee5ng linh ho\u1ea1t cho ph\u00f2ng kh\u00e1ch, ph\u00f2ng ng\u1ee7, ban c\u00f4ng v\u00e0 h\u00e0nh lang.<\/figcaption><\/figure>\n<h2><span class=\"ez-toc-section\" id=\"Loi_ich_khi_su_dung\"><\/span><b>L\u1ee3i \u00edch khi s\u1eed d\u1ee5ng<\/b><span class=\"ez-toc-section-end\"><\/span><\/h2>\n<ul>\n<li style=\"font-weight: 400;\" aria-level=\"1\"><b>Ti\u1ebft ki\u1ec7m \u0111i\u1ec7n v\u00e0 chi ph\u00ed:<\/b><span style=\"font-weight: 400;\"> T\u1ef1 \u0111\u1ed9ng b\u1eadt\/t\u1eaft gi\u00fap gi\u1ea3m \u0111\u00e1ng k\u1ec3 \u0111i\u1ec7n n\u0103ng ti\u00eau th\u1ee5 m\u1ed7i th\u00e1ng.<\/span><\/li>\n<li style=\"font-weight: 400;\" aria-level=\"1\"><b>T\u0103ng c\u01b0\u1eddng an ninh:<\/b><span style=\"font-weight: 400;\"> \u0110\u00e8n t\u1ef1 b\u1eadt s\u00e1ng khi c\u00f3 chuy\u1ec3n \u0111\u1ed9ng, gi\u00fap ph\u00e1t hi\u1ec7n ng\u01b0\u1eddi ra v\u00e0o trong \u0111\u00eam.<\/span><\/li>\n<li style=\"font-weight: 400;\" aria-level=\"1\"><b>D\u1ec5 d\u00e0ng s\u1eed d\u1ee5ng:<\/b><span style=\"font-weight: 400;\"> Ho\u1ea1t \u0111\u1ed9ng ho\u00e0n to\u00e0n t\u1ef1 \u0111\u1ed9ng, kh\u00f4ng c\u1ea7n c\u00f4ng t\u1eafc.<\/span><\/li>\n<li style=\"font-weight: 400;\" aria-level=\"1\"><b>B\u1ec1n b\u1ec9, \u1ed5n \u0111\u1ecbnh:<\/b><span style=\"font-weight: 400;\"> V\u1ecf nh\u1ef1a PC cao c\u1ea5p k\u1ebft h\u1ee3p ti\u00eau chu\u1ea9n IP65 gi\u00fap \u0111\u00e8n ch\u1ed1ng b\u1ee5i, ch\u1ed1ng n\u01b0\u1edbc hi\u1ec7u qu\u1ea3.<\/span><\/li>\n<li style=\"font-weight: 400;\" aria-level=\"1\"><b>T\u00ednh th\u1ea9m m\u1ef9 cao:<\/b><span style=\"font-weight: 400;\"> D\u1ea1ng <\/span><b>\u0111\u00e8n \u1ed1p tr\u1ea7n trang tr\u00ed<\/b><span style=\"font-weight: 400;\"> v\u1edbi thi\u1ebft k\u1ebf tinh g\u1ecdn, ph\u00f9 h\u1ee3p m\u1ecdi kh\u00f4ng gian hi\u1ec7n \u0111\u1ea1i.<\/span><\/li>\n<\/ul>\n<figure id=\"attachment_26505\" aria-describedby=\"caption-attachment-26505\" style=\"width: 560px\" class=\"wp-caption aligncenter\"><img decoding=\"async\" class=\"wp-image-26505\" src=\"https:\/\/kawaled.com.vn\/wp-content\/uploads\/2024\/12\/den-op-tran-cam-ung-hanh-lang-ms-g.webp\" alt=\"\u0110\u00e8n \u1ed1p tr\u1ea7n c\u1ea3m \u1ee9ng vi s\u00f3ng Kawasan chi\u1ebfu s\u00e1ng h\u00e0nh lang\" width=\"560\" height=\"560\" \/><figcaption id=\"caption-attachment-26505\" class=\"wp-caption-text\">\u0110\u00e8n \u1ed1p tr\u1ea7n c\u1ea3m \u1ee9ng Kawasan t\u1ef1 \u0111\u1ed9ng b\u1eadt s\u00e1ng khi c\u00f3 ng\u01b0\u1eddi di chuy\u1ec3n trong h\u00e0nh lang.<\/figcaption><\/figure>\n<h2><span class=\"ez-toc-section\" id=\"Luu_y_khi_su_dung\"><\/span><b>L\u01b0u \u00fd khi s\u1eed d\u1ee5ng<\/b><span class=\"ez-toc-section-end\"><\/span><\/h2>\n<ul>\n<li style=\"font-weight: 400;\" aria-level=\"1\"><span style=\"font-weight: 400;\">L\u1eafp \u0111\u1eb7t \u1edf v\u1ecb tr\u00ed tho\u00e1ng, kh\u00f4ng b\u1ecb che khu\u1ea5t b\u1edfi v\u1eadt c\u1ea3n \u0111\u1ec3 c\u1ea3m bi\u1ebfn ho\u1ea1t \u0111\u1ed9ng ch\u00ednh x\u00e1c.<\/span><\/li>\n<li style=\"font-weight: 400;\" aria-level=\"1\"><span style=\"font-weight: 400;\">Kh\u00f4ng l\u1eafp g\u1ea7n ngu\u1ed3n nhi\u1ec7t l\u1edbn \u0111\u1ec3 tr\u00e1nh \u1ea3nh h\u01b0\u1edfng \u0111\u1ebfn c\u1ea3m bi\u1ebfn.<\/span><\/li>\n<li style=\"font-weight: 400;\" aria-level=\"1\"><span style=\"font-weight: 400;\">\u0110\u1ea3m b\u1ea3o ngu\u1ed3n \u0111i\u1ec7n \u1ed5n \u0111\u1ecbnh trong kho\u1ea3ng 180V \u2013 260V.<\/span><\/li>\n<li style=\"font-weight: 400;\" aria-level=\"1\"><span style=\"font-weight: 400;\">Lau ch\u00f9i \u0111\u1ecbnh k\u1ef3 \u0111\u1ec3 duy tr\u00ec \u0111\u1ed9 s\u00e1ng v\u00e0 \u0111\u1ed9 nh\u1ea1y c\u1ea3m bi\u1ebfn.<\/span><\/li>\n<li style=\"font-weight: 400;\" aria-level=\"1\"><span style=\"font-weight: 400;\">Kh\u00f4ng t\u1ef1 \u00fd th\u00e1o r\u1eddi \u0111\u00e8n, n\u00ean li\u00ean h\u1ec7 k\u1ef9 thu\u1eadt vi\u00ean khi c\u1ea7n b\u1ea3o h\u00e0nh ho\u1eb7c s\u1eeda ch\u1eefa.<\/span><\/li>\n<\/ul>\n<h2><span class=\"ez-toc-section\" id=\"Tong_quan\"><\/span><b>T\u1ed5ng quan<\/b><span class=\"ez-toc-section-end\"><\/span><\/h2>\n<p><span style=\"font-weight: 400;\">\u0110\u00e8n \u1ed1p tr\u1ea7n c\u1ea3m \u1ee9ng vi s\u00f3ng MS230G-14W-T l\u00e0 gi\u1ea3i ph\u00e1p chi\u1ebfu s\u00e1ng hi\u1ec7n \u0111\u1ea1i k\u1ebft h\u1ee3p gi\u1eefa c\u00f4ng ngh\u1ec7 c\u1ea3m bi\u1ebfn th\u00f4ng minh v\u00e0 thi\u1ebft k\u1ebf tinh t\u1ebf.<\/span><span style=\"font-weight: 400;\"><br \/>\n<\/span><span style=\"font-weight: 400;\"> S\u1ea3n ph\u1ea9m kh\u00f4ng ch\u1ec9 gi\u00fap ti\u1ebft ki\u1ec7m n\u0103ng l\u01b0\u1ee3ng, n\u00e2ng cao an to\u00e0n m\u00e0 c\u00f2n mang \u0111\u1ebfn kh\u00f4ng gian chi\u1ebfu s\u00e1ng ti\u1ec7n nghi, chuy\u00ean nghi\u1ec7p.<\/span><span style=\"font-weight: 400;\"><br \/>\n<\/span><span style=\"font-weight: 400;\"> V\u1edbi kh\u1ea3 n\u0103ng ch\u1ed1ng n\u01b0\u1edbc IP65, \u00e1nh s\u00e1ng tr\u1eafng 6000K v\u00e0 c\u00f4ng su\u1ea5t 14W, \u0111\u00e2y l\u00e0 m\u1eabu <\/span><b>\u0111\u00e8n \u1ed1p tr\u1ea7n 14W<\/b><span style=\"font-weight: 400;\"> ho\u00e0n h\u1ea3o cho m\u1ecdi kh\u00f4ng gian \u2013 t\u1eeb nh\u00e0 \u1edf, v\u0103n ph\u00f2ng \u0111\u1ebfn khu v\u1ef1c th\u01b0\u01a1ng m\u1ea1i v\u00e0 c\u00f4ng nghi\u1ec7p.<\/span><\/p>\n<h3><span class=\"ez-toc-section\" id=\"MUA_CHINH_HANG_TAI\"><\/span><span style=\"font-size: 20px;\"><b>MUA CH\u00cdNH H\u00c3NG T\u1ea0I:<\/b><\/span><span class=\"ez-toc-section-end\"><\/span><\/h3>\n<ul>\n<li style=\"font-weight: 400;\" aria-level=\"1\"><span style=\"font-weight: 400;\">\u00a0Hotline ph\u00f2ng kinh doanh (b\u00e1o gi\u00e1 s\u1ec9 \/ \u0111\u1ea1i l\u00fd \/ NPP): <\/span><b>0825 411 408<\/b><span style=\"font-weight: 400;\"> ho\u1eb7c <\/span><b>0911 757 234<\/b><\/li>\n<li style=\"font-weight: 400;\" aria-level=\"1\"><span style=\"font-weight: 400;\">\u00a0Website ch\u00ednh th\u1ee9c:<\/span><span style=\"font-weight: 400;\"><br \/>\n<\/span> <a href=\"https:\/\/www.kawaled.com.vn\"><b>www.kawaled.com.vn<\/b><\/a><span style=\"font-weight: 400;\"> (D\u00e0nh cho c\u00e1c s\u1ea3n ph\u1ea9m b\u00f3ng \u0111\u00e8n KAWALED)<\/span><span style=\"font-weight: 400;\"><br \/>\n<\/span> <a href=\"http:\/\/www.kawasan.vn\" target=\"_blank\" rel=\"noopener\"><span style=\"font-weight: 400;\">\u00a0<\/span><b>www.kawasan.vn<\/b><\/a><span style=\"font-weight: 400;\"> (D\u00e0nh cho c\u00e1c s\u1ea3n ph\u1ea9m \u0111i\u1ec7n th\u00f4ng minh Kawasan)<\/span><\/li>\n<\/ul>","protected":false},"excerpt":{"rendered":"<p>\u0110\u00c8N \u1ed0P TR\u1ea6N C\u1ea2M \u1ee8NG VI S\u00d3NG MS230G-14W-T \u2013 GI\u1ea2I PH\u00c1P CHI\u1ebeU S\u00c1NG TH\u00d4NG MINH, TI\u1ebeT KI\u1ec6M N\u0102NG L\u01af\u1ee2NG \u0110\u00e8n \u1ed1p tr\u1ea7n c\u1ea3m \u1ee9ng vi s\u00f3ng MS230G-14W-T l\u00e0 s\u1ea3n ph\u1ea9m chi\u1ebfu s\u00e1ng th\u00f4ng minh c\u1ee7a th\u01b0\u01a1ng hi\u1ec7u Kawasan, \u0111\u01b0\u1ee3c t\u00edch h\u1ee3p c\u00f4ng ngh\u1ec7 c\u1ea3m \u1ee9ng vi s\u00f3ng ti\u00ean ti\u1ebfn gi\u00fap ph\u00e1t hi\u1ec7n chuy\u1ec3n \u0111\u1ed9ng m\u1ed9t [&hellip;]<\/p>","protected":false},"featured_media":26499,"comment_status":"open","ping_status":"closed","template":"","meta":{"rank_math_description":"\u0110\u00e8n \u1ed1p tr\u1ea7n c\u1ea3m \u1ee9ng vi s\u00f3ng MS230G-14W-T Kawasan \u2013 \u00e1nh s\u00e1ng tr\u1eafng 6000K, t\u1ef1 \u0111\u1ed9ng b\u1eadt t\u1eaft, ch\u1ed1ng n\u01b0\u1edbc IP65, ti\u1ebft ki\u1ec7m \u0111i\u1ec7n cho nh\u00e0 \u1edf v\u00e0 ban c\u00f4ng.","rank_math_focus_keyword":"\u0111\u00e8n \u1ed1p tr\u1ea7n,\u0111\u00e8n led tr\u1ea7n nh\u00e0,\u0111\u00e8n \u1ed1p tr\u1ea7n ph\u00f2ng kh\u00e1ch,\u0111\u00e8n \u1ed1p tr\u1ea7n trang tr\u00ed,\u0111\u00e8n \u1ed1p tr\u1ea7n tr\u00f2n,\u0111\u00e8n \u1ed1p tr\u1ea7n ban c\u00f4ng,\u0111\u00e8n \u1ed1p tr\u1ea7n c\u1ea3m \u1ee9ng","rank_math_secondary_keywords":""},"product_cat":[1771,1740,1741],"product_tag":[556,562,564,1174,587,3256,1944],"class_list":["post-23178","product","type-product","status-publish","has-post-thumbnail","hentry","product_cat-den-led-cam-ung","product_cat-den-led-noi-tran-cam-ung-hong-ngoai","product_cat-den-led-noi-tran-cam-ung-vi-song","product_tag-den-cam-ung","product_tag-den-cam-ung-am-tran","product_tag-den-cam-ung-op-tran","product_tag-den-led-cam-bien","product_tag-den-op-tran-cam-ung","product_tag-den-tran-cam-ung","product_tag-kawaled"],"acf":[],"_links":{"self":[{"href":"https:\/\/kawaled.com.vn\/en\/wp-json\/wp\/v2\/product\/23178","targetHints":{"allow":["GET"]}}],"collection":[{"href":"https:\/\/kawaled.com.vn\/en\/wp-json\/wp\/v2\/product"}],"about":[{"href":"https:\/\/kawaled.com.vn\/en\/wp-json\/wp\/v2\/types\/product"}],"replies":[{"embeddable":true,"href":"https:\/\/kawaled.com.vn\/en\/wp-json\/wp\/v2\/comments?post=23178"}],"version-history":[{"count":0,"href":"https:\/\/kawaled.com.vn\/en\/wp-json\/wp\/v2\/product\/23178\/revisions"}],"wp:featuredmedia":[{"embeddable":true,"href":"https:\/\/kawaled.com.vn\/en\/wp-json\/wp\/v2\/media\/26499"}],"wp:attachment":[{"href":"https:\/\/kawaled.com.vn\/en\/wp-json\/wp\/v2\/media?parent=23178"}],"wp:term":[{"taxonomy":"product_cat","embeddable":true,"href":"https:\/\/kawaled.com.vn\/en\/wp-json\/wp\/v2\/product_cat?post=23178"},{"taxonomy":"product_tag","embeddable":true,"href":"https:\/\/kawaled.com.vn\/en\/wp-json\/wp\/v2\/product_tag?post=23178"}],"curies":[{"name":"wp","href":"https:\/\/api.w.org\/{rel}","templated":true}]}}