{"id":23142,"date":"2024-12-24T17:07:54","date_gmt":"2024-12-24T10:07:54","guid":{"rendered":"https:\/\/kawaled.com\/?post_type=product&#038;p=23142"},"modified":"2026-01-27T06:25:08","modified_gmt":"2026-01-26T23:25:08","slug":"den-led-panel-am-tran-cam-ung-vi-song-mdl7w-t","status":"publish","type":"product","link":"https:\/\/kawaled.com.vn\/en\/product\/den-led-panel-am-tran-cam-ung-vi-song-mdl7w-t\/","title":{"rendered":"\u0110\u00c8N LED PANEL \u00c2M TR\u1ea6N C\u1ea2M \u1ee8NG VI S\u00d3NG MDL7W-T"},"content":{"rendered":"<h3><span class=\"ez-toc-section\" id=\"1_Gioi_Thieu\"><\/span>1. <strong>Gi\u1edbi Thi\u1ec7u<\/strong><span class=\"ez-toc-section-end\"><\/span><\/h3><div id=\"ez-toc-container\" class=\"ez-toc-v2_0_69_1 counter-hierarchy ez-toc-counter ez-toc-grey ez-toc-container-direction\">\n<div class=\"ez-toc-title-container\">\n<p class=\"ez-toc-title\" >N\u1ed9i Dung B&agrave;i Vi\u1ebft<\/p>\n<span class=\"ez-toc-title-toggle\"><a href=\"#\" class=\"ez-toc-pull-right ez-toc-btn ez-toc-btn-xs ez-toc-btn-default ez-toc-toggle\" aria-label=\"Toggle Table of Content\"><span class=\"ez-toc-js-icon-con\"><span class=\"\"><span class=\"eztoc-hide\" style=\"display:none;\">Toggle<\/span><span class=\"ez-toc-icon-toggle-span\"><svg style=\"fill: #999;color:#999\" xmlns=\"http:\/\/www.w3.org\/2000\/svg\" class=\"list-377408\" width=\"20px\" height=\"20px\" viewbox=\"0 0 24 24\" fill=\"none\"><path d=\"M6 6H4v2h2V6zm14 0H8v2h12V6zM4 11h2v2H4v-2zm16 0H8v2h12v-2zM4 16h2v2H4v-2zm16 0H8v2h12v-2z\" fill=\"currentColor\"><\/path><\/svg><svg style=\"fill: #999;color:#999\" class=\"arrow-unsorted-368013\" xmlns=\"http:\/\/www.w3.org\/2000\/svg\" width=\"10px\" height=\"10px\" viewbox=\"0 0 24 24\" version=\"1.2\" baseprofile=\"tiny\"><path d=\"M18.2 9.3l-6.2-6.3-6.2 6.3c-.2.2-.3.4-.3.7s.1.5.3.7c.2.2.4.3.7.3h11c.3 0 .5-.1.7-.3.2-.2.3-.5.3-.7s-.1-.5-.3-.7zM5.8 14.7l6.2 6.3 6.2-6.3c.2-.2.3-.5.3-.7s-.1-.5-.3-.7c-.2-.2-.4-.3-.7-.3h-11c-.3 0-.5.1-.7.3-.2.2-.3.5-.3.7s.1.5.3.7z\"\/><\/svg><\/span><\/span><\/span><\/a><\/span><\/div>\n<nav><ul class='ez-toc-list ez-toc-list-level-1 eztoc-toggle-hide-by-default' ><li class='ez-toc-page-1 ez-toc-heading-level-3'><a class=\"ez-toc-link ez-toc-heading-1\" href=\"https:\/\/kawaled.com.vn\/en\/product\/den-led-panel-am-tran-cam-ung-vi-song-mdl7w-t\/#1_Gioi_Thieu\" title=\"1. Gi\u1edbi Thi\u1ec7u\">1. Gi\u1edbi Thi\u1ec7u<\/a><\/li><li class='ez-toc-page-1 ez-toc-heading-level-3'><a class=\"ez-toc-link ez-toc-heading-2\" href=\"https:\/\/kawaled.com.vn\/en\/product\/den-led-panel-am-tran-cam-ung-vi-song-mdl7w-t\/#2_Dac_Diem_Noi_Bat\" title=\"2. \u0110\u1eb7c \u0110i\u1ec3m N\u1ed5i B\u1eadt\">2. \u0110\u1eb7c \u0110i\u1ec3m N\u1ed5i B\u1eadt<\/a><\/li><li class='ez-toc-page-1 ez-toc-heading-level-3'><a class=\"ez-toc-link ez-toc-heading-3\" href=\"https:\/\/kawaled.com.vn\/en\/product\/den-led-panel-am-tran-cam-ung-vi-song-mdl7w-t\/#3_Ung_Dung\" title=\"3. \u1ee8ng D\u1ee5ng\">3. \u1ee8ng D\u1ee5ng<\/a><\/li><li class='ez-toc-page-1 ez-toc-heading-level-3'><a class=\"ez-toc-link ez-toc-heading-4\" href=\"https:\/\/kawaled.com.vn\/en\/product\/den-led-panel-am-tran-cam-ung-vi-song-mdl7w-t\/#4_Loi_Ich\" title=\"4. L\u1ee3i \u00cdch\">4. L\u1ee3i \u00cdch<\/a><\/li><li class='ez-toc-page-1 ez-toc-heading-level-3'><a class=\"ez-toc-link ez-toc-heading-5\" href=\"https:\/\/kawaled.com.vn\/en\/product\/den-led-panel-am-tran-cam-ung-vi-song-mdl7w-t\/#5_Luu_Y_Khi_Su_Dung\" title=\"5. L\u01b0u \u00dd Khi S\u1eed D\u1ee5ng\">5. L\u01b0u \u00dd Khi S\u1eed D\u1ee5ng<\/a><\/li><li class='ez-toc-page-1 ez-toc-heading-level-3'><a class=\"ez-toc-link ez-toc-heading-6\" href=\"https:\/\/kawaled.com.vn\/en\/product\/den-led-panel-am-tran-cam-ung-vi-song-mdl7w-t\/#6_Tong_Quan\" title=\"6. T\u1ed5ng Quan\">6. T\u1ed5ng Quan<\/a><\/li><\/ul><\/nav><\/div>\n\n<p>\u0110\u00e8n LED c\u1ea3m \u1ee9ng vi s\u00f3ng \u00e2m tr\u1ea7n MDL7W-T. S\u1ea3n ph\u1ea9m th\u00f4ng minh \u0111\u1ebfn t\u1eeb th\u01b0\u01a1ng hi\u1ec7u Kawasan, mang \u0111\u1ebfn gi\u1ea3i ph\u00e1p chi\u1ebfu s\u00e1ng ti\u1ec7n \u00edch v\u00e0 hi\u1ec7n \u0111\u1ea1i. V\u1edbi c\u00f4ng su\u1ea5t 7W, quang th\u00f4ng 750LM, v\u00e0 c\u1ea3m bi\u1ebfn vi s\u00f3ng nh\u1ea1y b\u00e9n. S\u1ea3n ph\u1ea9m kh\u00f4ng ch\u1ec9 ti\u1ebft ki\u1ec7m n\u0103ng l\u01b0\u1ee3ng m\u00e0 c\u00f2n t\u1ef1 \u0111\u1ed9ng h\u00f3a chi\u1ebfu s\u00e1ng m\u1ed9t c\u00e1ch hi\u1ec7u qu\u1ea3. \u0110\u00e8n \u0111\u01b0\u1ee3c thi\u1ebft k\u1ebf nh\u1ecf g\u1ecdn, d\u1ec5 l\u1eafp \u0111\u1eb7t, ph\u00f9 h\u1ee3p cho c\u00e1c kh\u00f4ng gian trong nh\u00e0.<\/p>\n<figure id=\"attachment_21551\" aria-describedby=\"caption-attachment-21551\" style=\"width: 1024px\" class=\"wp-caption aligncenter\"><img decoding=\"async\" class=\"wp-image-21551 size-large\" src=\"https:\/\/kawasan.vn\/wp-content\/uploads\/2024\/12\/MDL-7W-12W-2-1-1024x842.png\" alt=\"\u0110\u00e8n LED C\u1ea3m \u1ee8ng Vi S\u00f3ng \u00c2m Tr\u1ea7n MDL7W-T\" width=\"1024\" height=\"842\" \/><figcaption id=\"caption-attachment-21551\" class=\"wp-caption-text\">\u0110\u00e8n LED C\u1ea3m \u1ee8ng Vi S\u00f3ng \u00c2m Tr\u1ea7n MDL7W-T<\/figcaption><\/figure>\n<h3><span class=\"ez-toc-section\" id=\"2_Dac_Diem_Noi_Bat\"><\/span>2. <strong>\u0110\u1eb7c \u0110i\u1ec3m N\u1ed5i B\u1eadt<\/strong><span class=\"ez-toc-section-end\"><\/span><\/h3>\n<ul>\n<li><strong>C\u00f4ng ngh\u1ec7 c\u1ea3m \u1ee9ng vi s\u00f3ng<\/strong>: T\u00edch h\u1ee3p c\u1ea3m bi\u1ebfn vi s\u00f3ng nh\u1ea1y b\u00e9n. Ph\u00e1t hi\u1ec7n chuy\u1ec3n \u0111\u1ed9ng trong kho\u1ea3ng c\u00e1ch 8m, ho\u1ea1t \u0111\u1ed9ng \u1ed5n \u0111\u1ecbnh ngay c\u1ea3 trong b\u00f3ng t\u1ed1i.<\/li>\n<li><strong>Hi\u1ec7u su\u1ea5t chi\u1ebfu s\u00e1ng cao<\/strong>: V\u1edbi c\u00f4ng su\u1ea5t 7W v\u00e0 quang th\u00f4ng 750LM, \u0111\u00e8n mang l\u1ea1i \u00e1nh s\u00e1ng tr\u1eafng t\u1ef1 nhi\u00ean (6000K), ph\u00f9 h\u1ee3p v\u1edbi m\u1ecdi kh\u00f4ng gian.<\/li>\n<li><strong>Th\u1eddi gian tr\u1ec5 th\u00f4ng minh<\/strong>: \u0110\u00e8n s\u1ebd t\u1ef1 \u0111\u1ed9ng t\u1eaft sau 60 gi\u00e2y n\u1ebfu kh\u00f4ng ph\u00e1t hi\u1ec7n chuy\u1ec3n \u0111\u1ed9ng, gi\u00fap ti\u1ebft ki\u1ec7m n\u0103ng l\u01b0\u1ee3ng.<\/li>\n<li><strong>Thi\u1ebft k\u1ebf nh\u1ecf g\u1ecdn<\/strong>: K\u00edch th\u01b0\u1edbc \u03a6115 x 35mm, l\u1ed7 c\u1eaft t\u1eeb 75-95mm, d\u1ec5 d\u00e0ng l\u1eafp \u0111\u1eb7t tr\u00ean c\u00e1c lo\u1ea1i tr\u1ea7n nh\u00e0 ph\u1ed5 bi\u1ebfn.<\/li>\n<li><strong>Ch\u1ea5t li\u1ec7u nh\u00f4m cao c\u1ea5p<\/strong>: V\u1ecf \u0111\u00e8n l\u00e0m t\u1eeb nh\u00f4m, gi\u00fap t\u1ea3n nhi\u1ec7t hi\u1ec7u qu\u1ea3, t\u0103ng \u0111\u1ed9 b\u1ec1n v\u00e0 tu\u1ed5i th\u1ecd c\u1ee7a s\u1ea3n ph\u1ea9m.<\/li>\n<li><strong>\u0110i\u1ec7n \u00e1p \u0111\u1ecbnh m\u1ee9c \u1ed5n \u0111\u1ecbnh<\/strong>: S\u1eed d\u1ee5ng ngu\u1ed3n \u0111i\u1ec7n 220V. \u0110\u1ea3m b\u1ea3o \u0111\u00e8n ho\u1ea1t \u0111\u1ed9ng t\u1ed1t trong \u0111i\u1ec1u ki\u1ec7n \u0111i\u1ec7n \u00e1p th\u00f4ng th\u01b0\u1eddng.<\/li>\n<\/ul>\n<h3><span class=\"ez-toc-section\" id=\"3_Ung_Dung\"><\/span>3. <strong>\u1ee8ng D\u1ee5ng<\/strong><span class=\"ez-toc-section-end\"><\/span><\/h3>\n<ul>\n<li><strong>Chi\u1ebfu s\u00e1ng h\u00e0nh lang v\u00e0 c\u1ea7u thang<\/strong>: T\u1ef1 \u0111\u1ed9ng b\u1eadt t\u1eaft khi c\u00f3 ng\u01b0\u1eddi di chuy\u1ec3n qua, t\u0103ng s\u1ef1 ti\u1ec7n l\u1ee3i v\u00e0 an to\u00e0n.<\/li>\n<li><strong>Ph\u00f2ng v\u1ec7 sinh, nh\u00e0 b\u1ebfp<\/strong>: Ti\u1ebft ki\u1ec7m \u0111i\u1ec7n n\u0103ng v\u00e0 \u0111\u1ea3m b\u1ea3o \u00e1nh s\u00e1ng lu\u00f4n c\u00f3 m\u1eb7t khi c\u1ea7n.<\/li>\n<li><strong>Kh\u00f4ng gian c\u00f4ng c\u1ed9ng<\/strong>: V\u0103n ph\u00f2ng, h\u00e0nh lang chung c\u01b0, trung t\u00e2m th\u01b0\u01a1ng m\u1ea1i, ho\u1eb7c kh\u00e1ch s\u1ea1n.<\/li>\n<li><strong>Nh\u00e0 \u1edf th\u00f4ng minh<\/strong>: Ho\u00e0n h\u1ea3o cho c\u00e1c khu v\u1ef1c th\u01b0\u1eddng xuy\u00ean di chuy\u1ec3n nh\u01b0 ph\u00f2ng kh\u00e1ch, ph\u00f2ng ng\u1ee7.<\/li>\n<\/ul>\n<figure id=\"attachment_21568\" aria-describedby=\"caption-attachment-21568\" style=\"width: 1024px\" class=\"wp-caption aligncenter\"><img decoding=\"async\" class=\"wp-image-21568 size-large\" src=\"https:\/\/kawasan.vn\/wp-content\/uploads\/2024\/12\/z6158382175985_2086442a2ad76c92181d46fdff1e87ca-1-1024x768.jpg\" alt=\"\u0110\u00c8N LED PANEL \u00c2M TR\u1ea6N C\u1ea2M \u1ee8NG VI S\u00d3NG MDL12W-T\" width=\"1024\" height=\"768\" \/><figcaption id=\"caption-attachment-21568\" class=\"wp-caption-text\">\u0110\u00c8N LED PANEL \u00c2M TR\u1ea6N C\u1ea2M \u1ee8NG VI S\u00d3NG MDL12W-T<\/figcaption><\/figure>\n<h3><span class=\"ez-toc-section\" id=\"4_Loi_Ich\"><\/span>4. <strong>L\u1ee3i \u00cdch<\/strong><span class=\"ez-toc-section-end\"><\/span><\/h3>\n<ul>\n<li><strong>Ti\u1ebft ki\u1ec7m n\u0103ng l\u01b0\u1ee3ng<\/strong>: C\u00f4ng ngh\u1ec7 c\u1ea3m bi\u1ebfn th\u00f4ng minh gi\u00fap gi\u1ea3m l\u00e3ng ph\u00ed \u0111i\u1ec7n n\u0103ng.<\/li>\n<li><strong>Ti\u1ec7n \u00edch t\u1ed1i \u01b0u<\/strong>: T\u1ef1 \u0111\u1ed9ng h\u00f3a chi\u1ebfu s\u00e1ng, mang l\u1ea1i s\u1ef1 tho\u1ea3i m\u00e1i v\u00e0 hi\u1ec7n \u0111\u1ea1i cho kh\u00f4ng gian s\u1ed1ng.<\/li>\n<li><strong>An to\u00e0n v\u00e0 hi\u1ec7u qu\u1ea3<\/strong>: \u0110\u00e8n t\u1ef1 \u0111\u1ed9ng b\u1eadt trong b\u00f3ng t\u1ed1i, t\u0103ng \u0111\u1ed9 an to\u00e0n khi di chuy\u1ec3n.<\/li>\n<li><strong>D\u1ec5 l\u1eafp \u0111\u1eb7t v\u00e0 b\u1ea3o tr\u00ec<\/strong>: Thi\u1ebft k\u1ebf nh\u1ecf g\u1ecdn v\u00e0 b\u1ec1n b\u1ec9, d\u1ec5 d\u00e0ng thay th\u1ebf ho\u1eb7c v\u1ec7 sinh.<\/li>\n<li><strong>Th\u00e2n thi\u1ec7n m\u00f4i tr\u01b0\u1eddng<\/strong>: \u0110\u00e8n LED kh\u00f4ng ch\u1ee9a th\u1ee7y ng\u00e2n v\u00e0 ti\u1ebft ki\u1ec7m t\u00e0i nguy\u00ean.<\/li>\n<\/ul>\n<h3><span class=\"ez-toc-section\" id=\"5_Luu_Y_Khi_Su_Dung\"><\/span>5. <strong>L\u01b0u \u00dd Khi S\u1eed D\u1ee5ng<\/strong><span class=\"ez-toc-section-end\"><\/span><\/h3>\n<ul>\n<li><strong>L\u1eafp \u0111\u1eb7t \u0111\u00fang c\u00e1ch<\/strong>: \u0110\u1ea3m b\u1ea3o \u0111\u00e8n \u0111\u01b0\u1ee3c g\u1eafn ch\u1eafc ch\u1eafn tr\u00ean b\u1ec1 m\u1eb7t tr\u1ea7n v\u00e0 s\u1eed d\u1ee5ng l\u1ed7 c\u1eaft ph\u00f9 h\u1ee3p.<\/li>\n<li><strong>Tr\u00e1nh nhi\u1ec5u t\u00edn hi\u1ec7u<\/strong>: Kh\u00f4ng l\u1eafp \u0111\u1eb7t \u0111\u00e8n g\u1ea7n thi\u1ebft b\u1ecb \u0111i\u1ec7n t\u1eed m\u1ea1nh ho\u1eb7c trong khu v\u1ef1c c\u00f3 v\u1eadt c\u1ea3n l\u1edbn.<\/li>\n<li><strong>V\u1ec7 sinh \u0111\u1ecbnh k\u1ef3<\/strong>: Lau s\u1ea1ch b\u1ec1 m\u1eb7t \u0111\u00e8n \u0111\u1ec3 duy tr\u00ec hi\u1ec7u su\u1ea5t chi\u1ebfu s\u00e1ng.<\/li>\n<li><strong>Ki\u1ec3m tra \u0111i\u1ec7n \u00e1p<\/strong>: \u0110\u1ea3m b\u1ea3o ngu\u1ed3n \u0111i\u1ec7n \u1ed5n \u0111\u1ecbnh 220V \u0111\u1ec3 \u0111\u00e8n ho\u1ea1t \u0111\u1ed9ng l\u00e2u d\u00e0i.<\/li>\n<li><strong>S\u1eed d\u1ee5ng \u0111\u00fang m\u00f4i tr\u01b0\u1eddng<\/strong>: \u0110\u00e8n kh\u00f4ng ph\u00f9 h\u1ee3p cho c\u00e1c khu v\u1ef1c \u1ea9m \u01b0\u1edbt ho\u1eb7c ngo\u00e0i tr\u1eddi.<\/li>\n<\/ul>\n<h3><span class=\"ez-toc-section\" id=\"6_Tong_Quan\"><\/span>6. <strong>T\u1ed5ng Quan<\/strong><span class=\"ez-toc-section-end\"><\/span><\/h3>\n<p>\u0110\u00e8n LED c\u1ea3m \u1ee9ng vi s\u00f3ng \u00e2m tr\u1ea7n MDL7W-T c\u1ee7a Kawasan l\u00e0 l\u1ef1a ch\u1ecdn t\u1ed1i \u01b0u cho m\u1ecdi kh\u00f4ng gian hi\u1ec7n \u0111\u1ea1i. V\u1edbi kh\u1ea3 n\u0103ng chi\u1ebfu s\u00e1ng th\u00f4ng minh, thi\u1ebft k\u1ebf nh\u1ecf g\u1ecdn, ti\u1ebft ki\u1ec7m n\u0103ng l\u01b0\u1ee3ng v\u00e0 b\u1ec1n b\u1ec9, s\u1ea3n ph\u1ea9m mang l\u1ea1i s\u1ef1 ti\u1ec7n \u00edch v\u00e0 n\u00e2ng t\u1ea7m tr\u1ea3i nghi\u1ec7m chi\u1ebfu s\u00e1ng. MDL7W-T kh\u00f4ng ch\u1ec9 l\u00e0 m\u1ed9t chi\u1ebfc \u0111\u00e8n m\u00e0 c\u00f2n l\u00e0 gi\u1ea3i ph\u00e1p th\u00f4ng minh, hi\u1ec7u qu\u1ea3 cho ng\u00f4i nh\u00e0 v\u00e0 kh\u00f4ng gian c\u1ee7a b\u1ea1n.<\/p>\n<p style=\"text-align: center;\"><span style=\"font-size: 14px;\"><strong>Thank you for trusting Kawasan products!<\/strong><\/span><\/p>\n<p style=\"text-align: center;\"><span style=\"font-size: 14px;\"><strong>Toll-Free Consulting Hotline: <span style=\"color: #ff0000;\">1800 0058 &#8211; <\/span><span style=\"color: #ff0000;\">0825.411.408<\/span><\/strong><\/span><\/p>\n<p align=\"center\"><span style=\"font-family: times new roman,times,serif;\"><span style=\"font-size: 16px;\"><span style=\"color: #000000;\"><strong><span style=\"vertical-align: inherit;\">Trang web:\u00a0 <\/span><\/strong><\/span><a href=\"https:\/\/kawasan.vn\/\" target=\"_blank\" rel=\"noopener\"><span style=\"color: #0000cd;\"><strong><span style=\"vertical-align: inherit;\">www.kawasan.vn<\/span><\/strong><\/span><\/a><\/span><\/span><\/p>\n<p align=\"center\"><span style=\"font-family: times new roman,times,serif;\"><span style=\"font-size: 16px;\"><span style=\"color: #000000;\"><strong><span style=\"vertical-align: inherit;\">Trang web:\u00a0 <\/span><\/strong><\/span><a href=\"https:\/\/kawaled.com.vn\/\"><span style=\"color: #0000cd;\"><strong><span style=\"vertical-align: inherit;\">www.kawaled.com.vn<\/span><\/strong><\/span><\/a><\/span><\/span><\/p>","protected":false},"excerpt":{"rendered":"<p>1. Gi\u1edbi Thi\u1ec7u \u0110\u00e8n LED c\u1ea3m \u1ee9ng vi s\u00f3ng \u00e2m tr\u1ea7n MDL7W-T. S\u1ea3n ph\u1ea9m th\u00f4ng minh \u0111\u1ebfn t\u1eeb th\u01b0\u01a1ng hi\u1ec7u Kawasan, mang \u0111\u1ebfn gi\u1ea3i ph\u00e1p chi\u1ebfu s\u00e1ng ti\u1ec7n \u00edch v\u00e0 hi\u1ec7n \u0111\u1ea1i. V\u1edbi c\u00f4ng su\u1ea5t 7W, quang th\u00f4ng 750LM, v\u00e0 c\u1ea3m bi\u1ebfn vi s\u00f3ng nh\u1ea1y b\u00e9n. S\u1ea3n ph\u1ea9m kh\u00f4ng ch\u1ec9 ti\u1ebft ki\u1ec7m n\u0103ng l\u01b0\u1ee3ng m\u00e0 [&hellip;]<\/p>","protected":false},"featured_media":23150,"comment_status":"open","ping_status":"closed","template":"","meta":{"rank_math_description":"\u0110\u00e8n led c\u1ea3m \u1ee9ng vi s\u00f3ng \u00e2m tr\u1ea7n MDL7W-T. T\u00edch h\u1ee3p c\u1ea3m bi\u1ebfn vi s\u00f3ng, ph\u00e1t hi\u1ec7n chuy\u1ec3n \u0111\u1ed9ng trong kho\u1ea3ng c\u00e1ch 8m, ho\u1ea1t \u0111\u1ed9ng \u1ed5n \u0111\u1ecbnh ngay c\u1ea3 trong b\u00f3ng t\u1ed1i.","rank_math_focus_keyword":"\u0110\u00e8n LED C\u1ea3m \u1ee8ng Vi S\u00f3ng MDL7W-T","rank_math_secondary_keywords":""},"product_cat":[1739,1771],"product_tag":[1917,2826,2794,556,3224,3108,1783,2825,1939,2824,2797,1944,2796,3185],"class_list":["post-23142","product","type-product","status-publish","has-post-thumbnail","hentry","product_cat-den-led-am-tran-cam-ung-vi-song","product_cat-den-led-cam-ung","product_tag-den-am-tran","product_tag-den-am-tran-7w","product_tag-den-am-tran-thach-cao","product_tag-den-cam-ung","product_tag-den-cam-ung-thong-minh","product_tag-den-led-7w","product_tag-den-led-am-tran","product_tag-den-led-am-tran-7w","product_tag-den-led-cam-ung","product_tag-gia-den-led-am-tran-7w","product_tag-gia-den-led-am-tran-thach-cao","product_tag-kawaled","product_tag-led-am-tran","product_tag-led-cam-ung"],"acf":[],"_links":{"self":[{"href":"https:\/\/kawaled.com.vn\/en\/wp-json\/wp\/v2\/product\/23142","targetHints":{"allow":["GET"]}}],"collection":[{"href":"https:\/\/kawaled.com.vn\/en\/wp-json\/wp\/v2\/product"}],"about":[{"href":"https:\/\/kawaled.com.vn\/en\/wp-json\/wp\/v2\/types\/product"}],"replies":[{"embeddable":true,"href":"https:\/\/kawaled.com.vn\/en\/wp-json\/wp\/v2\/comments?post=23142"}],"version-history":[{"count":0,"href":"https:\/\/kawaled.com.vn\/en\/wp-json\/wp\/v2\/product\/23142\/revisions"}],"wp:featuredmedia":[{"embeddable":true,"href":"https:\/\/kawaled.com.vn\/en\/wp-json\/wp\/v2\/media\/23150"}],"wp:attachment":[{"href":"https:\/\/kawaled.com.vn\/en\/wp-json\/wp\/v2\/media?parent=23142"}],"wp:term":[{"taxonomy":"product_cat","embeddable":true,"href":"https:\/\/kawaled.com.vn\/en\/wp-json\/wp\/v2\/product_cat?post=23142"},{"taxonomy":"product_tag","embeddable":true,"href":"https:\/\/kawaled.com.vn\/en\/wp-json\/wp\/v2\/product_tag?post=23142"}],"curies":[{"name":"wp","href":"https:\/\/api.w.org\/{rel}","templated":true}]}}