{"id":22662,"date":"2024-12-18T15:36:48","date_gmt":"2024-12-18T08:36:48","guid":{"rendered":"https:\/\/kawaled.com\/?post_type=product&#038;p=22662"},"modified":"2026-01-19T15:01:51","modified_gmt":"2026-01-19T08:01:51","slug":"den-led-op-tran-nt300g-18w-t","status":"publish","type":"product","link":"https:\/\/kawaled.com.vn\/en\/product\/den-led-op-tran-nt300g-18w-t\/","title":{"rendered":"\u0110\u00e8n LED \u1ed0p Tr\u1ea7n 18W NT300G-18W-T"},"content":{"rendered":"<h2><span class=\"ez-toc-section\" id=\"DEN_LED_OP_TRAN_NT300G-18W-T_%E2%80%93_GIAI_PHAP_CHIEU_SANG_HIEN_DAI_BEN_DEP_CHO_MOI_KHONG_GIAN\"><\/span><b>\u0110\u00c8N LED \u1ed0P TR\u1ea6N NT300G-18W-T \u2013 GI\u1ea2I PH\u00c1P CHI\u1ebeU S\u00c1NG HI\u1ec6N \u0110\u1ea0I, B\u1ec0N \u0110\u1eb8P CHO M\u1eccI KH\u00d4NG GIAN<\/b><span class=\"ez-toc-section-end\"><\/span><\/h2><div id=\"ez-toc-container\" class=\"ez-toc-v2_0_69_1 counter-hierarchy ez-toc-counter ez-toc-grey ez-toc-container-direction\">\n<div class=\"ez-toc-title-container\">\n<p class=\"ez-toc-title\" >N\u1ed9i Dung B&agrave;i Vi\u1ebft<\/p>\n<span class=\"ez-toc-title-toggle\"><a href=\"#\" class=\"ez-toc-pull-right ez-toc-btn ez-toc-btn-xs ez-toc-btn-default ez-toc-toggle\" aria-label=\"Toggle Table of Content\"><span class=\"ez-toc-js-icon-con\"><span class=\"\"><span class=\"eztoc-hide\" style=\"display:none;\">Toggle<\/span><span class=\"ez-toc-icon-toggle-span\"><svg style=\"fill: #999;color:#999\" xmlns=\"http:\/\/www.w3.org\/2000\/svg\" class=\"list-377408\" width=\"20px\" height=\"20px\" viewbox=\"0 0 24 24\" fill=\"none\"><path d=\"M6 6H4v2h2V6zm14 0H8v2h12V6zM4 11h2v2H4v-2zm16 0H8v2h12v-2zM4 16h2v2H4v-2zm16 0H8v2h12v-2z\" fill=\"currentColor\"><\/path><\/svg><svg style=\"fill: #999;color:#999\" class=\"arrow-unsorted-368013\" xmlns=\"http:\/\/www.w3.org\/2000\/svg\" width=\"10px\" height=\"10px\" viewbox=\"0 0 24 24\" version=\"1.2\" baseprofile=\"tiny\"><path d=\"M18.2 9.3l-6.2-6.3-6.2 6.3c-.2.2-.3.4-.3.7s.1.5.3.7c.2.2.4.3.7.3h11c.3 0 .5-.1.7-.3.2-.2.3-.5.3-.7s-.1-.5-.3-.7zM5.8 14.7l6.2 6.3 6.2-6.3c.2-.2.3-.5.3-.7s-.1-.5-.3-.7c-.2-.2-.4-.3-.7-.3h-11c-.3 0-.5.1-.7.3-.2.2-.3.5-.3.7s.1.5.3.7z\"\/><\/svg><\/span><\/span><\/span><\/a><\/span><\/div>\n<nav><ul class='ez-toc-list ez-toc-list-level-1 eztoc-toggle-hide-by-default' ><li class='ez-toc-page-1 ez-toc-heading-level-2'><a class=\"ez-toc-link ez-toc-heading-1\" href=\"https:\/\/kawaled.com.vn\/en\/product\/den-led-op-tran-nt300g-18w-t\/#DEN_LED_OP_TRAN_NT300G-18W-T_%E2%80%93_GIAI_PHAP_CHIEU_SANG_HIEN_DAI_BEN_DEP_CHO_MOI_KHONG_GIAN\" title=\"\u0110\u00c8N LED \u1ed0P TR\u1ea6N NT300G-18W-T \u2013 GI\u1ea2I PH\u00c1P CHI\u1ebeU S\u00c1NG HI\u1ec6N \u0110\u1ea0I, B\u1ec0N \u0110\u1eb8P CHO M\u1eccI KH\u00d4NG GIAN\">\u0110\u00c8N LED \u1ed0P TR\u1ea6N NT300G-18W-T \u2013 GI\u1ea2I PH\u00c1P CHI\u1ebeU S\u00c1NG HI\u1ec6N \u0110\u1ea0I, B\u1ec0N \u0110\u1eb8P CHO M\u1eccI KH\u00d4NG GIAN<\/a><\/li><li class='ez-toc-page-1 ez-toc-heading-level-2'><a class=\"ez-toc-link ez-toc-heading-2\" href=\"https:\/\/kawaled.com.vn\/en\/product\/den-led-op-tran-nt300g-18w-t\/#Dac_diem_noi_bat\" title=\"\u0110\u1eb7c \u0111i\u1ec3m n\u1ed5i b\u1eadt\">\u0110\u1eb7c \u0111i\u1ec3m n\u1ed5i b\u1eadt<\/a><\/li><li class='ez-toc-page-1 ez-toc-heading-level-2'><a class=\"ez-toc-link ez-toc-heading-3\" href=\"https:\/\/kawaled.com.vn\/en\/product\/den-led-op-tran-nt300g-18w-t\/#Ung_dung\" title=\"\u1ee8ng d\u1ee5ng\">\u1ee8ng d\u1ee5ng<\/a><\/li><li class='ez-toc-page-1 ez-toc-heading-level-2'><a class=\"ez-toc-link ez-toc-heading-4\" href=\"https:\/\/kawaled.com.vn\/en\/product\/den-led-op-tran-nt300g-18w-t\/#Loi_ich_khi_su_dung\" title=\"L\u1ee3i \u00edch khi s\u1eed d\u1ee5ng\">L\u1ee3i \u00edch khi s\u1eed d\u1ee5ng<\/a><\/li><li class='ez-toc-page-1 ez-toc-heading-level-2'><a class=\"ez-toc-link ez-toc-heading-5\" href=\"https:\/\/kawaled.com.vn\/en\/product\/den-led-op-tran-nt300g-18w-t\/#Luu_y_khi_su_dung\" title=\"L\u01b0u \u00fd khi s\u1eed d\u1ee5ng\">L\u01b0u \u00fd khi s\u1eed d\u1ee5ng<\/a><\/li><li class='ez-toc-page-1 ez-toc-heading-level-2'><a class=\"ez-toc-link ez-toc-heading-6\" href=\"https:\/\/kawaled.com.vn\/en\/product\/den-led-op-tran-nt300g-18w-t\/#Ket_luan\" title=\"K\u1ebft lu\u1eadn\">K\u1ebft lu\u1eadn<\/a><ul class='ez-toc-list-level-3' ><li class='ez-toc-heading-level-3'><a class=\"ez-toc-link ez-toc-heading-7\" href=\"https:\/\/kawaled.com.vn\/en\/product\/den-led-op-tran-nt300g-18w-t\/#MUA_CHINH_HANG_TAI\" title=\"MUA CH\u00cdNH H\u00c3NG T\u1ea0I:\">MUA CH\u00cdNH H\u00c3NG T\u1ea0I:<\/a><\/li><\/ul><\/li><\/ul><\/nav><\/div>\n\n<p><span style=\"font-weight: 400;\">\u0110\u00e8n LED \u1ed1p tr\u1ea7n NT300G-18W-T l\u00e0 s\u1ea3n ph\u1ea9m ch\u1ea5t l\u01b0\u1ee3ng cao \u0111\u1ebfn t\u1eeb th\u01b0\u01a1ng hi\u1ec7u Kawaled, \u0111\u01b0\u1ee3c ph\u00e1t tri\u1ec3n theo xu h\u01b0\u1edbng chi\u1ebfu s\u00e1ng hi\u1ec7n \u0111\u1ea1i, v\u1eeba \u0111\u00e1p \u1ee9ng nhu c\u1ea7u s\u1eed d\u1ee5ng, v\u1eeba mang t\u00ednh th\u1ea9m m\u1ef9 cao.<\/span><\/p>\n<figure id=\"attachment_26466\" aria-describedby=\"caption-attachment-26466\" style=\"width: 561px\" class=\"wp-caption aligncenter\"><img decoding=\"async\" class=\"wp-image-26466\" src=\"https:\/\/kawaled.com.vn\/wp-content\/uploads\/2024\/12\/den-led-op-tran-nt300g-18w-chinh-dien.webp\" alt=\"\u0110\u00e8n LED \u1ed1p tr\u1ea7n Kawaled NT300G-18W ch\u1ee5p ch\u00ednh di\u1ec7n c\u00f9ng bao b\u00ec\" width=\"561\" height=\"561\" \/><figcaption id=\"caption-attachment-26466\" class=\"wp-caption-text\">M\u1eb7t tr\u01b0\u1edbc \u0111\u00e8n LED \u1ed1p tr\u1ea7n NT300G-18W Kawaled \u2013 \u00e1nh s\u00e1ng t\u00e1n \u0111\u1ec1u, bao b\u00ec th\u1ec3 hi\u1ec7n r\u00f5 th\u00f4ng tin k\u1ef9 thu\u1eadt.<\/figcaption><\/figure>\n<p><span style=\"font-weight: 400;\"><br \/>\n<\/span><span style=\"font-weight: 400;\"> V\u1edbi c\u00f4ng su\u1ea5t 18W, quang th\u00f4ng 1820LM v\u00e0 \u00e1nh s\u00e1ng tr\u1eafng 6000K, s\u1ea3n ph\u1ea9m mang l\u1ea1i ngu\u1ed3n s\u00e1ng m\u1ea1nh m\u1ebd, r\u00f5 r\u00e0ng nh\u01b0ng kh\u00f4ng g\u00e2y ch\u00f3i m\u1eaft. Thi\u1ebft k\u1ebf tinh t\u1ebf c\u00f9ng k\u00edch th\u01b0\u1edbc \u03a6300 x H55mm gi\u00fap \u0111\u00e8n d\u1ec5 d\u00e0ng l\u1eafp \u0111\u1eb7t \u1edf nhi\u1ec1u kh\u00f4ng gian kh\u00e1c nhau.<\/span><\/p>\n<figure id=\"attachment_26472\" aria-describedby=\"caption-attachment-26472\" style=\"width: 560px\" class=\"wp-caption aligncenter\"><img decoding=\"async\" class=\"wp-image-26472\" src=\"https:\/\/kawaled.com.vn\/wp-content\/uploads\/2024\/12\/den-led-op-tran-nt300g-18w-ky-thuat.webp\" alt=\"B\u1ed9 h\u00ecnh k\u1ef9 thu\u1eadt \u0111\u00e8n LED \u1ed1p tr\u1ea7n Kawaled NT300G-18W\" width=\"560\" height=\"560\" \/><figcaption id=\"caption-attachment-26472\" class=\"wp-caption-text\">M\u1eb7t tr\u01b0\u1edbc, m\u1eb7t sau v\u00e0 k\u00edch th\u01b0\u1edbc \u0111\u00e8n LED \u1ed1p tr\u1ea7n NT300G-18W.<\/figcaption><\/figure>\n<p><span style=\"font-weight: 400;\"><br \/>\n<\/span><span style=\"font-weight: 400;\"> \u0110\u1eb7c bi\u1ec7t, \u0111\u00e8n \u0111\u1ea1t ti\u00eau chu\u1ea9n ch\u1ed1ng n\u01b0\u1edbc IP65, cho ph\u00e9p ho\u1ea1t \u0111\u1ed9ng b\u1ec1n b\u1ec9 trong c\u1ea3 m\u00f4i tr\u01b0\u1eddng trong nh\u00e0 v\u00e0 ngo\u00e0i tr\u1eddi nh\u01b0 ban c\u00f4ng, s\u00e2n v\u01b0\u1eddn hay h\u00e0nh lang.<\/span><\/p>\n<h2><span class=\"ez-toc-section\" id=\"Dac_diem_noi_bat\"><\/span><b>\u0110\u1eb7c \u0111i\u1ec3m n\u1ed5i b\u1eadt<\/b><span class=\"ez-toc-section-end\"><\/span><\/h2>\n<ul>\n<li style=\"font-weight: 400;\" aria-level=\"1\"><b>Hi\u1ec7u su\u1ea5t chi\u1ebfu s\u00e1ng cao:<\/b><span style=\"font-weight: 400;\"> C\u00f4ng su\u1ea5t 18W c\u00f9ng quang th\u00f4ng 1820LM gi\u00fap \u0111\u00e8n ph\u00e1t s\u00e1ng m\u1ea1nh m\u1ebd, \u00e1nh s\u00e1ng \u0111\u1ec1u v\u00e0 \u1ed5n \u0111\u1ecbnh.<\/span><\/li>\n<li style=\"font-weight: 400;\" aria-level=\"1\"><b>\u00c1nh s\u00e1ng t\u1ef1 nhi\u00ean, d\u1ec5 ch\u1ecbu:<\/b><span style=\"font-weight: 400;\"> Nhi\u1ec7t \u0111\u1ed9 m\u00e0u 6000K mang \u0111\u1ebfn \u00e1nh s\u00e1ng tr\u1eafng r\u00f5 r\u00e0ng, kh\u00f4ng g\u00e2y m\u1ecfi m\u1eaft, ph\u00f9 h\u1ee3p v\u1edbi kh\u00f4ng gian sinh ho\u1ea1t v\u00e0 l\u00e0m vi\u1ec7c.<\/span><\/li>\n<li style=\"font-weight: 400;\" aria-level=\"1\"><b>Thi\u1ebft k\u1ebf tinh g\u1ecdn, th\u1ea9m m\u1ef9:<\/b><span style=\"font-weight: 400;\"> D\u1ea1ng \u0111\u00e8n \u1ed1p tr\u1ea7n tr\u00f2n hi\u1ec7n \u0111\u1ea1i, ph\u00f9 h\u1ee3p v\u1edbi phong c\u00e1ch ki\u1ebfn tr\u00fac t\u1eeb \u0111\u01a1n gi\u1ea3n \u0111\u1ebfn sang tr\u1ecdng.<\/span><\/li>\n<\/ul>\n<figure id=\"attachment_26485\" aria-describedby=\"caption-attachment-26485\" style=\"width: 560px\" class=\"wp-caption aligncenter\"><img decoding=\"async\" class=\"wp-image-26485\" src=\"https:\/\/kawaled.com.vn\/wp-content\/uploads\/2024\/12\/den-led-op-tran-phong-khach-nt-g.webp\" alt=\"\u0110\u00e8n LED \u1ed1p tr\u1ea7n Kawaled NT-G chi\u1ebfu s\u00e1ng ph\u00f2ng kh\u00e1ch hi\u1ec7n \u0111\u1ea1i\" width=\"560\" height=\"560\" \/><figcaption id=\"caption-attachment-26485\" class=\"wp-caption-text\">\u0110\u00e8n led tr\u1ea7n nh\u00e0 cho ph\u00f2ng kh\u00e1ch, \u00e1nh s\u00e1ng m\u1ec1m, kh\u00f4ng ch\u00f3i, t\u1ea1o c\u1ea3m gi\u00e1c \u1ea5m c\u00fang.<\/figcaption><\/figure>\n<ul>\n<li><b>Ch\u1ea5t li\u1ec7u PC cao c\u1ea5p:<\/b><span style=\"font-weight: 400;\"> V\u1ecf \u0111\u00e8n \u0111\u01b0\u1ee3c l\u00e0m t\u1eeb nh\u1ef1a PC ch\u1ecbu l\u1ef1c, ch\u1ed1ng va \u0111\u1eadp, \u0111\u1ea3m b\u1ea3o \u0111\u1ed9 b\u1ec1n l\u00e2u d\u00e0i.<\/span><\/li>\n<li><b>Ti\u1ebft ki\u1ec7m \u0111i\u1ec7n n\u0103ng:<\/b><span style=\"font-weight: 400;\"> \u1ee8ng d\u1ee5ng c\u00f4ng ngh\u1ec7 LED ti\u00ean ti\u1ebfn gi\u00fap gi\u1ea3m ti\u00eau th\u1ee5 \u0111i\u1ec7n, g\u00f3p ph\u1ea7n ti\u1ebft ki\u1ec7m chi ph\u00ed v\u00e0 th\u00e2n thi\u1ec7n m\u00f4i tr\u01b0\u1eddng.<\/span><\/li>\n<li style=\"font-weight: 400;\" aria-level=\"1\"><b>Ch\u1ed1ng n\u01b0\u1edbc, ch\u1ed1ng b\u1ee5i IP65:<\/b><span style=\"font-weight: 400;\"> Gi\u00fap \u0111\u00e8n v\u1eadn h\u00e0nh \u1ed5n \u0111\u1ecbnh trong nhi\u1ec1u \u0111i\u1ec1u ki\u1ec7n, th\u00edch h\u1ee3p d\u00f9ng l\u00e0m <\/span><b>\u0111\u00e8n \u1ed1p tr\u1ea7n ban c\u00f4ng<\/b><span style=\"font-weight: 400;\"> ho\u1eb7c khu v\u1ef1c c\u00f3 \u0111\u1ed9 \u1ea9m cao.<\/span><\/li>\n<\/ul>\n<figure id=\"attachment_26486\" aria-describedby=\"caption-attachment-26486\" style=\"width: 560px\" class=\"wp-caption aligncenter\"><img decoding=\"async\" class=\"wp-image-26486\" src=\"https:\/\/kawaled.com.vn\/wp-content\/uploads\/2024\/12\/den-led-op-tran-chong-nuoc-nt-g.webp\" alt=\"\u0110\u00e8n LED \u1ed1p tr\u1ea7n NT-G Kawaled ch\u1ed1ng n\u01b0\u1edbc IP65\" width=\"560\" height=\"560\" \/><figcaption id=\"caption-attachment-26486\" class=\"wp-caption-text\">\u0110\u00e8n LED \u1ed1p tr\u1ea7n Kawaled c\u00f3 kh\u1ea3 n\u0103ng ch\u1ed1ng n\u01b0\u1edbc, ho\u1ea1t \u0111\u1ed9ng \u1ed5n \u0111\u1ecbnh trong \u0111i\u1ec1u ki\u1ec7n th\u1eddi ti\u1ebft m\u01b0a gi\u00f3.<\/figcaption><\/figure>\n<h2><span class=\"ez-toc-section\" id=\"Ung_dung\"><\/span><b>\u1ee8ng d\u1ee5ng<\/b><span class=\"ez-toc-section-end\"><\/span><\/h2>\n<p><span style=\"font-weight: 400;\">\u0110\u00e8n LED \u1ed1p tr\u1ea7n NT300G-18W-T ph\u00f9 h\u1ee3p v\u1edbi nhi\u1ec1u kh\u00f4ng gian chi\u1ebfu s\u00e1ng kh\u00e1c nhau:<\/span><\/p>\n<ul>\n<li style=\"font-weight: 400;\" aria-level=\"1\"><b>Kh\u00f4ng gian n\u1ed9i th\u1ea5t:<\/b><span style=\"font-weight: 400;\"> D\u00f9ng l\u00e0m <\/span><b>\u0111\u00e8n \u1ed1p tr\u1ea7n ph\u00f2ng kh\u00e1ch<\/b><span style=\"font-weight: 400;\">, ph\u00f2ng ng\u1ee7, nh\u00e0 b\u1ebfp, h\u00e0nh lang, ph\u00f2ng l\u00e0m vi\u1ec7c.<\/span><\/li>\n<li style=\"font-weight: 400;\" aria-level=\"1\"><b>Ngo\u00e0i tr\u1eddi:<\/b><span style=\"font-weight: 400;\"> Th\u00edch h\u1ee3p chi\u1ebfu s\u00e1ng cho s\u00e2n v\u01b0\u1eddn, hi\u00ean nh\u00e0 ho\u1eb7c ban c\u00f4ng nh\u1edd kh\u1ea3 n\u0103ng ch\u1ed1ng n\u01b0\u1edbc IP65.<\/span><\/li>\n<li style=\"font-weight: 400;\" aria-level=\"1\"><b>Khu v\u1ef1c c\u00f4ng c\u1ed9ng:<\/b><span style=\"font-weight: 400;\"> \u1ee8ng d\u1ee5ng t\u1ea1i h\u00e0nh lang chung c\u01b0, khu \u0111\u1ed7 xe, nh\u00e0 v\u1ec7 sinh c\u00f4ng c\u1ed9ng.<\/span><\/li>\n<li style=\"font-weight: 400;\" aria-level=\"1\"><b>Kh\u00f4ng gian th\u01b0\u01a1ng m\u1ea1i:<\/b><span style=\"font-weight: 400;\"> Showroom, c\u1eeda h\u00e0ng, qu\u00e1n c\u00e0 ph\u00ea, nh\u00e0 h\u00e0ng \u2013 mang l\u1ea1i \u00e1nh s\u00e1ng chuy\u00ean nghi\u1ec7p v\u00e0 thu h\u00fat.<\/span><\/li>\n<\/ul>\n<figure id=\"attachment_26480\" aria-describedby=\"caption-attachment-26480\" style=\"width: 560px\" class=\"wp-caption aligncenter\"><img decoding=\"async\" class=\"wp-image-26480\" src=\"https:\/\/kawaled.com.vn\/wp-content\/uploads\/2024\/12\/den-led-op-tran-ung-dung-thuc-te-nt-g.webp\" alt=\"\u1ee8ng d\u1ee5ng th\u1ef1c t\u1ebf c\u1ee7a \u0111\u00e8n LED \u1ed1p tr\u1ea7n Kawaled NT-G trong nhi\u1ec1u kh\u00f4ng gian\" width=\"560\" height=\"560\" \/><figcaption id=\"caption-attachment-26480\" class=\"wp-caption-text\">\u0110\u00e8n LED \u1ed1p tr\u1ea7n Kawaled \u0111\u01b0\u1ee3c \u1ee9ng d\u1ee5ng linh ho\u1ea1t trong ph\u00f2ng kh\u00e1ch, ph\u00f2ng ng\u1ee7, h\u00e0nh lang v\u00e0 ban c\u00f4ng.<\/figcaption><\/figure>\n<h2><span class=\"ez-toc-section\" id=\"Loi_ich_khi_su_dung\"><\/span><b>L\u1ee3i \u00edch khi s\u1eed d\u1ee5ng<\/b><span class=\"ez-toc-section-end\"><\/span><\/h2>\n<ul>\n<li style=\"font-weight: 400;\" aria-level=\"1\"><b>Ti\u1ebft ki\u1ec7m n\u0103ng l\u01b0\u1ee3ng:<\/b><span style=\"font-weight: 400;\"> C\u00f4ng ngh\u1ec7 LED hi\u1ec7u su\u1ea5t cao gi\u00fap gi\u1ea3m chi ph\u00ed \u0111i\u1ec7n n\u0103ng m\u00e0 v\u1eabn \u0111\u1ea3m b\u1ea3o \u0111\u1ed9 s\u00e1ng \u1ed5n \u0111\u1ecbnh.<\/span><\/li>\n<li style=\"font-weight: 400;\" aria-level=\"1\"><b>An to\u00e0n v\u00e0 b\u1ec1n b\u1ec9:<\/b><span style=\"font-weight: 400;\"> C\u1ea5u t\u1ea1o ch\u1eafc ch\u1eafn, \u0111\u1ea1t ti\u00eau chu\u1ea9n IP65 gi\u00fap \u0111\u00e8n ho\u1ea1t \u0111\u1ed9ng \u1ed5n \u0111\u1ecbnh trong m\u00f4i tr\u01b0\u1eddng kh\u1eafc nghi\u1ec7t.<\/span><\/li>\n<li style=\"font-weight: 400;\" aria-level=\"1\"><b>T\u00ednh th\u1ea9m m\u1ef9 cao:<\/b><span style=\"font-weight: 400;\"> \u00c1nh s\u00e1ng tr\u1eafng d\u1ecbu nh\u1eb9, thi\u1ebft k\u1ebf tinh t\u1ebf gi\u00fap t\u00f4n l\u00ean v\u1ebb sang tr\u1ecdng c\u1ee7a kh\u00f4ng gian.<\/span><\/li>\n<li style=\"font-weight: 400;\" aria-level=\"1\"><b>L\u1eafp \u0111\u1eb7t d\u1ec5 d\u00e0ng:<\/b><span style=\"font-weight: 400;\"> K\u00edch th\u01b0\u1edbc v\u00e0 tr\u1ecdng l\u01b0\u1ee3ng ph\u00f9 h\u1ee3p cho h\u1ea7u h\u1ebft c\u00e1c lo\u1ea1i tr\u1ea7n nh\u00e0.<\/span><\/li>\n<li style=\"font-weight: 400;\" aria-level=\"1\"><b>Th\u00e2n thi\u1ec7n m\u00f4i tr\u01b0\u1eddng:<\/b><span style=\"font-weight: 400;\"> Kh\u00f4ng ch\u1ee9a th\u1ee7y ng\u00e2n hay tia UV, an to\u00e0n cho s\u1ee9c kh\u1ecfe ng\u01b0\u1eddi d\u00f9ng v\u00e0 m\u00f4i tr\u01b0\u1eddng xung quanh.<\/span><\/li>\n<\/ul>\n<figure id=\"attachment_26481\" aria-describedby=\"caption-attachment-26481\" style=\"width: 560px\" class=\"wp-caption aligncenter\"><img decoding=\"async\" class=\"wp-image-26481\" src=\"https:\/\/kawaled.com.vn\/wp-content\/uploads\/2024\/12\/den-led-op-tran-hanh-lang-nt-g.webp\" alt=\"\u0110\u00e8n LED \u1ed1p tr\u1ea7n NT-G chi\u1ebfu s\u00e1ng h\u00e0nh lang, l\u1ed1i \u0111i\" width=\"560\" height=\"560\" \/><figcaption id=\"caption-attachment-26481\" class=\"wp-caption-text\">\u0110\u00e8n \u1ed1p tr\u1ea7n Kawaled NT-G \u00e1nh s\u00e1ng \u0111\u1ec1u, ph\u00f9 h\u1ee3p chi\u1ebfu s\u00e1ng h\u00e0nh lang, c\u1ea7u thang, l\u1ed1i \u0111i trong nh\u00e0.<\/figcaption><\/figure>\n<h2><span class=\"ez-toc-section\" id=\"Luu_y_khi_su_dung\"><\/span><b>L\u01b0u \u00fd khi s\u1eed d\u1ee5ng<\/b><span class=\"ez-toc-section-end\"><\/span><\/h2>\n<ul>\n<li style=\"font-weight: 400;\" aria-level=\"1\"><span style=\"font-weight: 400;\">\u0110\u1ea3m b\u1ea3o ngu\u1ed3n \u0111i\u1ec7n cung c\u1ea5p trong kho\u1ea3ng 180V \u2013 260V \u0111\u1ec3 \u0111\u00e8n ho\u1ea1t \u0111\u1ed9ng \u1ed5n \u0111\u1ecbnh.<\/span><\/li>\n<li style=\"font-weight: 400;\" aria-level=\"1\"><span style=\"font-weight: 400;\">Lau ch\u00f9i \u0111\u1ecbnh k\u1ef3 \u0111\u1ec3 gi\u1eef \u00e1nh s\u00e1ng r\u00f5 v\u00e0 b\u1ec1 m\u1eb7t s\u1ea1ch \u0111\u1eb9p.<\/span><\/li>\n<li style=\"font-weight: 400;\" aria-level=\"1\"><span style=\"font-weight: 400;\">Kh\u00f4ng l\u1eafp \u0111\u1eb7t t\u1ea1i n\u01a1i c\u00f3 h\u00f3a ch\u1ea5t \u0103n m\u00f2n ho\u1eb7c nhi\u1ec7t \u0111\u1ed9 qu\u00e1 cao.<\/span><\/li>\n<li style=\"font-weight: 400;\" aria-level=\"1\"><span style=\"font-weight: 400;\">N\u1ebfu \u0111\u00e8n g\u1eb7p s\u1ef1 c\u1ed1, n\u00ean li\u00ean h\u1ec7 k\u1ef9 thu\u1eadt vi\u00ean ho\u1eb7c trung t\u00e2m b\u1ea3o h\u00e0nh, kh\u00f4ng t\u1ef1 \u00fd th\u00e1o l\u1eafp.<\/span><\/li>\n<li style=\"font-weight: 400;\" aria-level=\"1\"><span style=\"font-weight: 400;\">B\u1ea3o qu\u1ea3n n\u01a1i kh\u00f4 r\u00e1o, tr\u00e1nh va \u0111\u1eadp m\u1ea1nh ho\u1eb7c ti\u1ebfp x\u00fac tr\u1ef1c ti\u1ebfp v\u1edbi v\u1eadt s\u1eafc nh\u1ecdn.<\/span><\/li>\n<\/ul>\n<h2><span class=\"ez-toc-section\" id=\"Ket_luan\"><\/span><b>K\u1ebft lu\u1eadn<\/b><span class=\"ez-toc-section-end\"><\/span><\/h2>\n<p><span style=\"font-weight: 400;\">\u0110\u00e8n LED \u1ed1p tr\u1ea7n NT300G-18W-T c\u1ee7a Kawaled l\u00e0 l\u1ef1a ch\u1ecdn l\u00fd t\u01b0\u1edfng cho nh\u1eefng ai c\u1ea7n m\u1ed9t s\u1ea3n ph\u1ea9m chi\u1ebfu s\u00e1ng v\u1eeba b\u1ec1n, v\u1eeba ti\u1ebft ki\u1ec7m \u0111i\u1ec7n, v\u1eeba mang l\u1ea1i gi\u00e1 tr\u1ecb th\u1ea9m m\u1ef9 cao.<\/span><span style=\"font-weight: 400;\"><br \/>\n<\/span><span style=\"font-weight: 400;\"> S\u1ea3n ph\u1ea9m kh\u00f4ng ch\u1ec9 \u0111\u00f3ng vai tr\u00f2 chi\u1ebfu s\u00e1ng m\u00e0 c\u00f2n l\u00e0 <\/span><b>\u0111\u00e8n \u1ed1p tr\u1ea7n trang tr\u00ed<\/b><span style=\"font-weight: 400;\"> gi\u00fap n\u00e2ng t\u1ea7m kh\u00f4ng gian s\u1ed1ng v\u00e0 l\u00e0m vi\u1ec7c. V\u1edbi kh\u1ea3 n\u0103ng ch\u1ed1ng n\u01b0\u1edbc IP65, thi\u1ebft k\u1ebf hi\u1ec7n \u0111\u1ea1i v\u00e0 hi\u1ec7u su\u1ea5t \u1ed5n \u0111\u1ecbnh, <\/span><b>\u0111\u00e8n LED \u1ed1p tr\u1ea7n 18W<\/b><span style=\"font-weight: 400;\"> NT300G-18W-T x\u1ee9ng \u0111\u00e1ng l\u00e0 gi\u1ea3i ph\u00e1p chi\u1ebfu s\u00e1ng to\u00e0n di\u1ec7n cho m\u1ecdi c\u00f4ng tr\u00ecnh.<\/span><\/p>\n<h3><span class=\"ez-toc-section\" id=\"MUA_CHINH_HANG_TAI\"><\/span><span style=\"font-size: 20px;\"><b>MUA CH\u00cdNH H\u00c3NG T\u1ea0I:<\/b><\/span><span class=\"ez-toc-section-end\"><\/span><\/h3>\n<ul>\n<li style=\"font-weight: 400;\" aria-level=\"1\"><span style=\"font-weight: 400;\">\u00a0Hotline ph\u00f2ng kinh doanh (b\u00e1o gi\u00e1 s\u1ec9 \/ \u0111\u1ea1i l\u00fd \/ NPP): <\/span><b>0825 411 408<\/b><span style=\"font-weight: 400;\"> ho\u1eb7c <\/span><b>0911 757 234<\/b><\/li>\n<li style=\"font-weight: 400;\" aria-level=\"1\"><span style=\"font-weight: 400;\">\u00a0Website ch\u00ednh th\u1ee9c:<\/span><span style=\"font-weight: 400;\"><br \/>\n<\/span> <a href=\"https:\/\/www.kawaled.com.vn\"><b>www.kawaled.com.vn<\/b><\/a><span style=\"font-weight: 400;\"> (D\u00e0nh cho c\u00e1c s\u1ea3n ph\u1ea9m b\u00f3ng \u0111\u00e8n KAWALED)<\/span><span style=\"font-weight: 400;\"><br \/>\n<\/span><a href=\"http:\/\/www.kawasan.vn\" target=\"_blank\" rel=\"noopener\"> <b>www.kawasan.vn<\/b><\/a><span style=\"font-weight: 400;\"> (D\u00e0nh cho c\u00e1c s\u1ea3n ph\u1ea9m \u0111i\u1ec7n th\u00f4ng minh Kawasan)<\/span><\/li>\n<\/ul>","protected":false},"excerpt":{"rendered":"<p>\u0110\u00c8N LED \u1ed0P TR\u1ea6N NT300G-18W-T \u2013 GI\u1ea2I PH\u00c1P CHI\u1ebeU S\u00c1NG HI\u1ec6N \u0110\u1ea0I, B\u1ec0N \u0110\u1eb8P CHO M\u1eccI KH\u00d4NG GIAN \u0110\u00e8n LED \u1ed1p tr\u1ea7n NT300G-18W-T l\u00e0 s\u1ea3n ph\u1ea9m ch\u1ea5t l\u01b0\u1ee3ng cao \u0111\u1ebfn t\u1eeb th\u01b0\u01a1ng hi\u1ec7u Kawaled, \u0111\u01b0\u1ee3c ph\u00e1t tri\u1ec3n theo xu h\u01b0\u1edbng chi\u1ebfu s\u00e1ng hi\u1ec7n \u0111\u1ea1i, v\u1eeba \u0111\u00e1p \u1ee9ng nhu c\u1ea7u s\u1eed d\u1ee5ng, v\u1eeba mang t\u00ednh th\u1ea9m [&hellip;]<\/p>","protected":false},"featured_media":26463,"comment_status":"open","ping_status":"closed","template":"","meta":{"rank_math_description":"\u0110\u00e8n LED \u1ed1p tr\u1ea7n 18W NT300G-18W-T Kawaled \u2013 \u00e1nh s\u00e1ng tr\u1eafng 6000K, ch\u1ed1ng n\u01b0\u1edbc IP65, ti\u1ebft ki\u1ec7m \u0111i\u1ec7n, ph\u00f9 h\u1ee3p ph\u00f2ng kh\u00e1ch, ban c\u00f4ng v\u00e0 nh\u00e0 \u1edf.","rank_math_focus_keyword":"\u0111\u00e8n led \u1ed1p tr\u1ea7n,\u0111\u00e8n led tr\u1ea7n nh\u00e0,\u0111\u00e8n \u1ed1p tr\u1ea7n ph\u00f2ng kh\u00e1ch,\u0111\u00e8n \u1ed1p tr\u1ea7n trang tr\u00ed,\u0111\u00e8n \u1ed1p tr\u1ea7n tr\u00f2n,\u0111\u00e8n \u1ed1p tr\u1ea7n ban c\u00f4ng","rank_math_secondary_keywords":""},"product_cat":[1768,1747,1736,3789],"product_tag":[3247,565,1794,3237,3255,3248,3245,2816,3711,3228,3244,1944,3246],"class_list":["post-22662","product","type-product","status-publish","has-post-thumbnail","hentry","product_cat-den-led-noi-tran","product_cat-den-led-downlight","product_cat-den-led-noi-tran-tron","product_cat-den-noi-tran-1-mau","product_tag-den-led-noi","product_tag-den-led-noi-tran","product_tag-den-led-op-tran-noi","product_tag-den-led-op-tran-noi-sieu-mong","product_tag-den-noi","product_tag-den-noi-tran","product_tag-den-op-noi","product_tag-den-op-tran","product_tag-den-op-tran-300x300","product_tag-den-op-tran-noi","product_tag-den-tran-noi","product_tag-kawaled","product_tag-mau-den-led-op-tran-noi"],"acf":[],"_links":{"self":[{"href":"https:\/\/kawaled.com.vn\/en\/wp-json\/wp\/v2\/product\/22662","targetHints":{"allow":["GET"]}}],"collection":[{"href":"https:\/\/kawaled.com.vn\/en\/wp-json\/wp\/v2\/product"}],"about":[{"href":"https:\/\/kawaled.com.vn\/en\/wp-json\/wp\/v2\/types\/product"}],"replies":[{"embeddable":true,"href":"https:\/\/kawaled.com.vn\/en\/wp-json\/wp\/v2\/comments?post=22662"}],"version-history":[{"count":0,"href":"https:\/\/kawaled.com.vn\/en\/wp-json\/wp\/v2\/product\/22662\/revisions"}],"wp:featuredmedia":[{"embeddable":true,"href":"https:\/\/kawaled.com.vn\/en\/wp-json\/wp\/v2\/media\/26463"}],"wp:attachment":[{"href":"https:\/\/kawaled.com.vn\/en\/wp-json\/wp\/v2\/media?parent=22662"}],"wp:term":[{"taxonomy":"product_cat","embeddable":true,"href":"https:\/\/kawaled.com.vn\/en\/wp-json\/wp\/v2\/product_cat?post=22662"},{"taxonomy":"product_tag","embeddable":true,"href":"https:\/\/kawaled.com.vn\/en\/wp-json\/wp\/v2\/product_tag?post=22662"}],"curies":[{"name":"wp","href":"https:\/\/api.w.org\/{rel}","templated":true}]}}