{"id":22661,"date":"2024-12-18T15:30:00","date_gmt":"2024-12-18T08:30:00","guid":{"rendered":"https:\/\/kawaled.com\/?post_type=product&#038;p=22661"},"modified":"2026-01-19T15:02:47","modified_gmt":"2026-01-19T08:02:47","slug":"den-led-op-tran-nt230g-14w-t","status":"publish","type":"product","link":"https:\/\/kawaled.com.vn\/en\/product\/den-led-op-tran-nt230g-14w-t\/","title":{"rendered":"\u0110\u00e8n LED \u1ed0p Tr\u1ea7n 14W NT230G-14W-T"},"content":{"rendered":"<h2><span class=\"ez-toc-section\" id=\"DEN_LED_OP_TRAN_NT230G-14W-T_%E2%80%93_GIAI_PHAP_CHIEU_SANG_HIEN_DAI_CHO_KHONG_GIAN_SONG\"><\/span><b>\u0110\u00c8N LED \u1ed0P TR\u1ea6N NT230G-14W-T \u2013 GI\u1ea2I PH\u00c1P CHI\u1ebeU S\u00c1NG HI\u1ec6N \u0110\u1ea0I CHO KH\u00d4NG GIAN S\u1ed0NG<\/b><span class=\"ez-toc-section-end\"><\/span><\/h2><div id=\"ez-toc-container\" class=\"ez-toc-v2_0_69_1 counter-hierarchy ez-toc-counter ez-toc-grey ez-toc-container-direction\">\n<div class=\"ez-toc-title-container\">\n<p class=\"ez-toc-title\" >N\u1ed9i Dung B&agrave;i Vi\u1ebft<\/p>\n<span class=\"ez-toc-title-toggle\"><a href=\"#\" class=\"ez-toc-pull-right ez-toc-btn ez-toc-btn-xs ez-toc-btn-default ez-toc-toggle\" aria-label=\"Toggle Table of Content\"><span class=\"ez-toc-js-icon-con\"><span class=\"\"><span class=\"eztoc-hide\" style=\"display:none;\">Toggle<\/span><span class=\"ez-toc-icon-toggle-span\"><svg style=\"fill: #999;color:#999\" xmlns=\"http:\/\/www.w3.org\/2000\/svg\" class=\"list-377408\" width=\"20px\" height=\"20px\" viewbox=\"0 0 24 24\" fill=\"none\"><path d=\"M6 6H4v2h2V6zm14 0H8v2h12V6zM4 11h2v2H4v-2zm16 0H8v2h12v-2zM4 16h2v2H4v-2zm16 0H8v2h12v-2z\" fill=\"currentColor\"><\/path><\/svg><svg style=\"fill: #999;color:#999\" class=\"arrow-unsorted-368013\" xmlns=\"http:\/\/www.w3.org\/2000\/svg\" width=\"10px\" height=\"10px\" viewbox=\"0 0 24 24\" version=\"1.2\" baseprofile=\"tiny\"><path d=\"M18.2 9.3l-6.2-6.3-6.2 6.3c-.2.2-.3.4-.3.7s.1.5.3.7c.2.2.4.3.7.3h11c.3 0 .5-.1.7-.3.2-.2.3-.5.3-.7s-.1-.5-.3-.7zM5.8 14.7l6.2 6.3 6.2-6.3c.2-.2.3-.5.3-.7s-.1-.5-.3-.7c-.2-.2-.4-.3-.7-.3h-11c-.3 0-.5.1-.7.3-.2.2-.3.5-.3.7s.1.5.3.7z\"\/><\/svg><\/span><\/span><\/span><\/a><\/span><\/div>\n<nav><ul class='ez-toc-list ez-toc-list-level-1 eztoc-toggle-hide-by-default' ><li class='ez-toc-page-1 ez-toc-heading-level-2'><a class=\"ez-toc-link ez-toc-heading-1\" href=\"https:\/\/kawaled.com.vn\/en\/product\/den-led-op-tran-nt230g-14w-t\/#DEN_LED_OP_TRAN_NT230G-14W-T_%E2%80%93_GIAI_PHAP_CHIEU_SANG_HIEN_DAI_CHO_KHONG_GIAN_SONG\" title=\"\u0110\u00c8N LED \u1ed0P TR\u1ea6N NT230G-14W-T \u2013 GI\u1ea2I PH\u00c1P CHI\u1ebeU S\u00c1NG HI\u1ec6N \u0110\u1ea0I CHO KH\u00d4NG GIAN S\u1ed0NG\">\u0110\u00c8N LED \u1ed0P TR\u1ea6N NT230G-14W-T \u2013 GI\u1ea2I PH\u00c1P CHI\u1ebeU S\u00c1NG HI\u1ec6N \u0110\u1ea0I CHO KH\u00d4NG GIAN S\u1ed0NG<\/a><\/li><li class='ez-toc-page-1 ez-toc-heading-level-2'><a class=\"ez-toc-link ez-toc-heading-2\" href=\"https:\/\/kawaled.com.vn\/en\/product\/den-led-op-tran-nt230g-14w-t\/#Dac_diem_noi_bat\" title=\"\u0110\u1eb7c \u0111i\u1ec3m n\u1ed5i b\u1eadt\">\u0110\u1eb7c \u0111i\u1ec3m n\u1ed5i b\u1eadt<\/a><\/li><li class='ez-toc-page-1 ez-toc-heading-level-2'><a class=\"ez-toc-link ez-toc-heading-3\" href=\"https:\/\/kawaled.com.vn\/en\/product\/den-led-op-tran-nt230g-14w-t\/#Ung_dung\" title=\"\u1ee8ng d\u1ee5ng\">\u1ee8ng d\u1ee5ng<\/a><\/li><li class='ez-toc-page-1 ez-toc-heading-level-2'><a class=\"ez-toc-link ez-toc-heading-4\" href=\"https:\/\/kawaled.com.vn\/en\/product\/den-led-op-tran-nt230g-14w-t\/#Loi_ich_khi_su_dung\" title=\"L\u1ee3i \u00edch khi s\u1eed d\u1ee5ng\">L\u1ee3i \u00edch khi s\u1eed d\u1ee5ng<\/a><\/li><li class='ez-toc-page-1 ez-toc-heading-level-2'><a class=\"ez-toc-link ez-toc-heading-5\" href=\"https:\/\/kawaled.com.vn\/en\/product\/den-led-op-tran-nt230g-14w-t\/#Luu_y_khi_su_dung\" title=\"L\u01b0u \u00fd khi s\u1eed d\u1ee5ng\">L\u01b0u \u00fd khi s\u1eed d\u1ee5ng<\/a><\/li><li class='ez-toc-page-1 ez-toc-heading-level-2'><a class=\"ez-toc-link ez-toc-heading-6\" href=\"https:\/\/kawaled.com.vn\/en\/product\/den-led-op-tran-nt230g-14w-t\/#Ket_luan\" title=\"K\u1ebft lu\u1eadn\">K\u1ebft lu\u1eadn<\/a><ul class='ez-toc-list-level-3' ><li class='ez-toc-heading-level-3'><a class=\"ez-toc-link ez-toc-heading-7\" href=\"https:\/\/kawaled.com.vn\/en\/product\/den-led-op-tran-nt230g-14w-t\/#MUA_CHINH_HANG_TAI\" title=\"MUA CH\u00cdNH H\u00c3NG T\u1ea0I:\">MUA CH\u00cdNH H\u00c3NG T\u1ea0I:<\/a><\/li><\/ul><\/li><\/ul><\/nav><\/div>\n\n<p><span style=\"font-weight: 400;\">\u0110\u00e8n led \u1ed1p tr\u1ea7n NT230G-14W-T l\u00e0 s\u1ea3n ph\u1ea9m thu\u1ed9c d\u00f2ng \u0111\u00e8n led tr\u1ea7n nh\u00e0 cao c\u1ea5p c\u1ee7a th\u01b0\u01a1ng hi\u1ec7u Kawaled, \u0111\u01b0\u1ee3c thi\u1ebft k\u1ebf v\u1edbi c\u00f4ng ngh\u1ec7 hi\u1ec7n \u0111\u1ea1i, \u0111\u00e1p \u1ee9ng nhu c\u1ea7u chi\u1ebfu s\u00e1ng v\u00e0 trang tr\u00ed trong nhi\u1ec1u kh\u00f4ng gian kh\u00e1c nhau.<\/span><\/p>\n<figure id=\"attachment_26457\" aria-describedby=\"caption-attachment-26457\" style=\"width: 560px\" class=\"wp-caption aligncenter\"><img decoding=\"async\" class=\"wp-image-26457\" src=\"https:\/\/kawaled.com.vn\/wp-content\/uploads\/2024\/12\/den-led-op-tran-nt230g-14w-chup-chinh-dien.webp\" alt=\"\u0110\u00e8n LED \u1ed1p tr\u1ea7n Kawaled NT230G-14W ch\u1ee5p ch\u00ednh di\u1ec7n c\u00f9ng h\u1ed9p\" width=\"560\" height=\"560\" \/><figcaption id=\"caption-attachment-26457\" class=\"wp-caption-text\">M\u1eb7t tr\u01b0\u1edbc \u0111\u00e8n \u1ed1p tr\u1ea7n 14w v\u1edbi t\u00e1n s\u00e1ng m\u1ecbn, \u0111\u1ec1u m\u00e0u v\u00e0 h\u1ed9p bao b\u00ec Kawaled.<\/figcaption><\/figure>\n<p><span style=\"font-weight: 400;\"> V\u1edbi c\u00f4ng su\u1ea5t 14W, quang th\u00f4ng 1440LM v\u00e0 \u00e1nh s\u00e1ng tr\u1eafng 6000K, s\u1ea3n ph\u1ea9m mang l\u1ea1i ngu\u1ed3n s\u00e1ng r\u00f5 r\u00e0ng, t\u1ef1 nhi\u00ean v\u00e0 ti\u1ebft ki\u1ec7m \u0111i\u1ec7n n\u0103ng. Thi\u1ebft k\u1ebf tinh t\u1ebf, vi\u1ec1n s\u1eafc n\u00e9t v\u00e0 k\u00edch th\u01b0\u1edbc \u03a6230 x H55mm gi\u00fap \u0111\u00e8n ph\u00f9 h\u1ee3p v\u1edbi h\u1ea7u h\u1ebft c\u00e1c ki\u1ec3u tr\u1ea7n, t\u1eeb nh\u00e0 \u1edf cho \u0111\u1ebfn c\u00f4ng tr\u00ecnh th\u01b0\u01a1ng m\u1ea1i.<\/span><span style=\"font-weight: 400;\"><br \/>\n<\/span> <img decoding=\"async\" class=\"wp-image-26454 aligncenter\" src=\"https:\/\/kawaled.com.vn\/wp-content\/uploads\/2024\/12\/den-led-op-tran-nt230g-14w-ky-thuat.webp\" alt=\"B\u1ed9 h\u00ecnh k\u1ef9 thu\u1eadt \u0111\u00e8n LED \u1ed1p tr\u1ea7n Kawaled NT230G-14W\" width=\"560\" height=\"560\" \/><\/p>\n<p>Chi ti\u1ebft k\u00edch th\u01b0\u1edbc, \u0111\u1ed9 d\u00e0y v\u00e0 c\u1ea5u t\u1ea1o c\u1ee7a \u0111\u00e8n \u1ed1p tr\u1ea7n Kawaled.<span style=\"font-weight: 400;\">\u0110\u1eb7c bi\u1ec7t, ti\u00eau chu\u1ea9n ch\u1ed1ng n\u01b0\u1edbc IP65 gi\u00fap \u0111\u00e8n ho\u1ea1t \u0111\u1ed9ng b\u1ec1n b\u1ec9 trong c\u1ea3 m\u00f4i tr\u01b0\u1eddng trong nh\u00e0 l\u1eabn ngo\u00e0i tr\u1eddi nh\u01b0 ban c\u00f4ng, s\u00e2n th\u01b0\u1ee3ng hay h\u00e0nh lang.<\/span><\/p>\n<h2><span class=\"ez-toc-section\" id=\"Dac_diem_noi_bat\"><\/span><b>\u0110\u1eb7c \u0111i\u1ec3m n\u1ed5i b\u1eadt<\/b><span class=\"ez-toc-section-end\"><\/span><\/h2>\n<ul>\n<li style=\"font-weight: 400;\" aria-level=\"1\"><span style=\"font-weight: 400;\">Hi\u1ec7u su\u1ea5t chi\u1ebfu s\u00e1ng cao v\u1edbi c\u00f4ng su\u1ea5t 14W v\u00e0 quang th\u00f4ng 1440LM, \u00e1nh s\u00e1ng ph\u00e2n b\u1ed5 \u0111\u1ec1u v\u00e0 \u1ed5n \u0111\u1ecbnh.<\/span><\/li>\n<li style=\"font-weight: 400;\" aria-level=\"1\"><span style=\"font-weight: 400;\">\u00c1nh s\u00e1ng tr\u1eafng t\u1ef1 nhi\u00ean 6000K mang l\u1ea1i c\u1ea3m gi\u00e1c s\u00e1ng r\u00f5, gi\u00fap kh\u00f4ng gian lu\u00f4n t\u01b0\u01a1i m\u1edbi v\u00e0 d\u1ec5 ch\u1ecbu.<\/span><\/li>\n<li><span style=\"font-weight: 400;\">Thi\u1ebft k\u1ebf nh\u1ecf g\u1ecdn, th\u1ea9m m\u1ef9, ph\u00f9 h\u1ee3p l\u00e0m \u0111\u00e8n \u1ed1p tr\u1ea7n tr\u00f2n cho nhi\u1ec1u lo\u1ea1i tr\u1ea7n kh\u00e1c nhau.<\/span><\/li>\n<\/ul>\n<figure id=\"attachment_26484\" aria-describedby=\"caption-attachment-26484\" style=\"width: 560px\" class=\"wp-caption aligncenter\"><img decoding=\"async\" class=\"wp-image-26484\" src=\"https:\/\/kawaled.com.vn\/wp-content\/uploads\/2024\/12\/den-led-op-tran-phong-bep-nt-g.webp\" alt=\"\u0110\u00e8n LED \u1ed1p tr\u1ea7n NT-G chi\u1ebfu s\u00e1ng kh\u00f4ng gian b\u1ebfp Kawaled\" width=\"560\" height=\"560\" \/><figcaption id=\"caption-attachment-26484\" class=\"wp-caption-text\">\u0110\u00e8n LED tr\u1ea7n nh\u00e0 Kawaled\u00a0 mang \u00e1nh s\u00e1ng trung t\u00ednh, gi\u00fap c\u0103n b\u1ebfp s\u00e1ng \u0111\u1ec1u, sang tr\u1ecdng v\u00e0 s\u1ea1ch s\u1ebd.<\/figcaption><\/figure>\n<ul>\n<li style=\"font-weight: 400;\" aria-level=\"1\"><span style=\"font-weight: 400;\">Ch\u1ea5t li\u1ec7u PC cao c\u1ea5p ch\u1ed1ng va \u0111\u1eadp, ch\u1ecbu nhi\u1ec7t t\u1ed1t, \u0111\u1ea3m b\u1ea3o tu\u1ed5i th\u1ecd d\u00e0i l\u00e2u.<\/span><\/li>\n<li aria-level=\"1\"><span style=\"font-weight: 400;\">\u1ee8ng d\u1ee5ng c\u00f4ng ngh\u1ec7 LED ti\u1ebft ki\u1ec7m n\u0103ng l\u01b0\u1ee3ng, gi\u1ea3m chi ph\u00ed \u0111i\u1ec7n h\u00e0ng th\u00e1ng nh\u01b0ng v\u1eabn \u0111\u1ea3m b\u1ea3o hi\u1ec7u qu\u1ea3 chi\u1ebfu s\u00e1ng cao<\/span><\/li>\n<li style=\"font-weight: 400;\" aria-level=\"1\"><span style=\"font-weight: 400;\">Ch\u1ed1ng n\u01b0\u1edbc, ch\u1ed1ng b\u1ee5i theo ti\u00eau chu\u1ea9n IP65, l\u00fd t\u01b0\u1edfng s\u1eed d\u1ee5ng l\u00e0m \u0111\u00e8n \u1ed1p tr\u1ea7n ban c\u00f4ng ho\u1eb7c khu v\u1ef1c \u1ea9m \u01b0\u1edbt.<\/span><span style=\"font-weight: 400;\"><br \/>\n<\/span><\/li>\n<\/ul>\n<figure id=\"attachment_26486\" aria-describedby=\"caption-attachment-26486\" style=\"width: 560px\" class=\"wp-caption aligncenter\"><img decoding=\"async\" class=\"wp-image-26486\" src=\"https:\/\/kawaled.com.vn\/wp-content\/uploads\/2024\/12\/den-led-op-tran-chong-nuoc-nt-g.webp\" alt=\"\u0110\u00e8n LED \u1ed1p tr\u1ea7n NT-G Kawaled ch\u1ed1ng n\u01b0\u1edbc IP65\" width=\"560\" height=\"560\" \/><figcaption id=\"caption-attachment-26486\" class=\"wp-caption-text\">\u0110\u00e8n LED \u1ed1p tr\u1ea7n Kawaled\u00a0 c\u00f3 kh\u1ea3 n\u0103ng ch\u1ed1ng n\u01b0\u1edbc, ho\u1ea1t \u0111\u1ed9ng \u1ed5n \u0111\u1ecbnh trong \u0111i\u1ec1u ki\u1ec7n th\u1eddi ti\u1ebft m\u01b0a gi\u00f3.<\/figcaption><\/figure>\n<h2><span class=\"ez-toc-section\" id=\"Ung_dung\"><\/span><b>\u1ee8ng d\u1ee5ng<\/b><span class=\"ez-toc-section-end\"><\/span><\/h2>\n<p><span style=\"font-weight: 400;\">\u0110\u00e8n led \u1ed1p tr\u1ea7n NT230G-14W-T c\u00f3 th\u1ec3 s\u1eed d\u1ee5ng linh ho\u1ea1t trong nhi\u1ec1u kh\u00f4ng gian:<\/span><\/p>\n<ul>\n<li style=\"font-weight: 400;\" aria-level=\"1\"><span style=\"font-weight: 400;\">Trong nh\u00e0: ph\u00f2ng kh\u00e1ch, ph\u00f2ng ng\u1ee7, nh\u00e0 b\u1ebfp, h\u00e0nh lang, c\u1ea7u thang.<\/span><\/li>\n<li style=\"font-weight: 400;\" aria-level=\"1\"><span style=\"font-weight: 400;\">Ngo\u00e0i tr\u1eddi: hi\u00ean nh\u00e0, s\u00e2n th\u01b0\u1ee3ng, ban c\u00f4ng ho\u1eb7c khu v\u1ef1c c\u00f3 \u0111\u1ed9 \u1ea9m cao.<\/span><\/li>\n<li style=\"font-weight: 400;\" aria-level=\"1\"><span style=\"font-weight: 400;\">Khu v\u1ef1c c\u00f4ng c\u1ed9ng: h\u00e0nh lang chung c\u01b0, nh\u00e0 v\u1ec7 sinh, b\u00e3i gi\u1eef xe.<\/span><\/li>\n<li style=\"font-weight: 400;\" aria-level=\"1\"><span style=\"font-weight: 400;\">Kh\u00f4ng gian th\u01b0\u01a1ng m\u1ea1i: c\u1eeda h\u00e0ng, showroom, qu\u00e1n c\u00e0 ph\u00ea, nh\u00e0 h\u00e0ng.<\/span><\/li>\n<\/ul>\n<p><span style=\"font-weight: 400;\">V\u1edbi kh\u1ea3 n\u0103ng v\u1eeba chi\u1ebfu s\u00e1ng v\u1eeba l\u00e0m \u0111i\u1ec3m nh\u1ea5n, \u0111\u00e2y l\u00e0 m\u1eabu \u0111\u00e8n \u1ed1p tr\u1ea7n trang tr\u00ed \u0111\u01b0\u1ee3c nhi\u1ec1u ng\u01b0\u1eddi l\u1ef1a ch\u1ecdn cho c\u1ea3 kh\u00f4ng gian gia \u0111\u00ecnh l\u1eabn c\u00f4ng tr\u00ecnh.<\/span><\/p>\n<figure id=\"attachment_26480\" aria-describedby=\"caption-attachment-26480\" style=\"width: 562px\" class=\"wp-caption aligncenter\"><img decoding=\"async\" class=\"wp-image-26480\" src=\"https:\/\/kawaled.com.vn\/wp-content\/uploads\/2024\/12\/den-led-op-tran-ung-dung-thuc-te-nt-g.webp\" alt=\"\u1ee8ng d\u1ee5ng th\u1ef1c t\u1ebf c\u1ee7a \u0111\u00e8n LED \u1ed1p tr\u1ea7n Kawaled NT-G trong nhi\u1ec1u kh\u00f4ng gian\" width=\"562\" height=\"562\" \/><figcaption id=\"caption-attachment-26480\" class=\"wp-caption-text\">\u0110\u00e8n LED \u1ed1p tr\u1ea7n \u0111\u01b0\u1ee3c \u1ee9ng d\u1ee5ng linh ho\u1ea1t trong ph\u00f2ng kh\u00e1ch, ph\u00f2ng ng\u1ee7, h\u00e0nh lang v\u00e0 ban c\u00f4ng.<\/figcaption><\/figure>\n<h2><span class=\"ez-toc-section\" id=\"Loi_ich_khi_su_dung\"><\/span><b>L\u1ee3i \u00edch khi s\u1eed d\u1ee5ng<\/b><span class=\"ez-toc-section-end\"><\/span><\/h2>\n<p><span style=\"font-weight: 400;\">\u0110\u00e8n led \u1ed1p tr\u1ea7n mang l\u1ea1i nhi\u1ec1u l\u1ee3i \u00edch thi\u1ebft th\u1ef1c cho ng\u01b0\u1eddi d\u00f9ng:<\/span><\/p>\n<ul>\n<li style=\"font-weight: 400;\" aria-level=\"1\"><span style=\"font-weight: 400;\">Ti\u1ebft ki\u1ec7m n\u0103ng l\u01b0\u1ee3ng nh\u1edd c\u00f4ng ngh\u1ec7 LED hi\u1ec7n \u0111\u1ea1i, gi\u00fap gi\u1ea3m chi ph\u00ed \u0111i\u1ec7n n\u0103ng \u0111\u00e1ng k\u1ec3.<\/span><\/li>\n<li style=\"font-weight: 400;\" aria-level=\"1\"><span style=\"font-weight: 400;\">An to\u00e0n v\u00e0 b\u1ec1n b\u1ec9 v\u1edbi kh\u1ea3 n\u0103ng ch\u1ed1ng n\u01b0\u1edbc, ch\u1ed1ng b\u1ee5i, ho\u1ea1t \u0111\u1ed9ng \u1ed5n \u0111\u1ecbnh trong \u0111i\u1ec1u ki\u1ec7n m\u00f4i tr\u01b0\u1eddng kh\u1eafc nghi\u1ec7t.<\/span><\/li>\n<li style=\"font-weight: 400;\" aria-level=\"1\"><span style=\"font-weight: 400;\">T\u0103ng t\u00ednh th\u1ea9m m\u1ef9 cho kh\u00f4ng gian s\u1ed1ng nh\u1edd thi\u1ebft k\u1ebf tinh t\u1ebf, \u00e1nh s\u00e1ng nh\u1eb9 d\u1ecbu v\u00e0 \u0111\u1ec1u m\u00e0u.<\/span><\/li>\n<li style=\"font-weight: 400;\" aria-level=\"1\"><span style=\"font-weight: 400;\">D\u1ec5 d\u00e0ng l\u1eafp \u0111\u1eb7t nh\u1edd k\u00edch th\u01b0\u1edbc g\u1ecdn nh\u1eb9, ph\u00f9 h\u1ee3p v\u1edbi nhi\u1ec1u lo\u1ea1i tr\u1ea7n nh\u00e0 kh\u00e1c nhau.<\/span><\/li>\n<li style=\"font-weight: 400;\" aria-level=\"1\"><span style=\"font-weight: 400;\">Th\u00e2n thi\u1ec7n v\u1edbi m\u00f4i tr\u01b0\u1eddng v\u00ec kh\u00f4ng ch\u1ee9a th\u1ee7y ng\u00e2n, kh\u00f4ng ph\u00e1t tia UV hay tia c\u1ef1c t\u00edm g\u00e2y h\u1ea1i.<\/span><\/li>\n<\/ul>\n<figure id=\"attachment_26482\" aria-describedby=\"caption-attachment-26482\" style=\"width: 560px\" class=\"wp-caption aligncenter\"><img decoding=\"async\" class=\"wp-image-26482\" src=\"https:\/\/kawaled.com.vn\/wp-content\/uploads\/2024\/12\/den-led-op-tran-ban-cong-nt-g.webp\" alt=\"\u0110\u00e8n LED \u1ed1p tr\u1ea7n NT-G chi\u1ebfu s\u00e1ng ban c\u00f4ng ngo\u00e0i tr\u1eddi\" width=\"560\" height=\"560\" \/><figcaption id=\"caption-attachment-26482\" class=\"wp-caption-text\">\u0110\u00e8n LED \u1ed1p tr\u1ea7n\u00a0 Kawaled IP65 ch\u1ed1ng n\u01b0\u1edbc, l\u00fd t\u01b0\u1edfng cho khu v\u1ef1c ban c\u00f4ng, hi\u00ean ho\u1eb7c s\u00e2n nh\u1ecf.<\/figcaption><\/figure>\n<h2><span class=\"ez-toc-section\" id=\"Luu_y_khi_su_dung\"><\/span><b>L\u01b0u \u00fd khi s\u1eed d\u1ee5ng<\/b><span class=\"ez-toc-section-end\"><\/span><\/h2>\n<p><span style=\"font-weight: 400;\">\u0110\u1ec3 \u0111\u00e8n ho\u1ea1t \u0111\u1ed9ng \u1ed5n \u0111\u1ecbnh v\u00e0 \u0111\u1ea1t tu\u1ed5i th\u1ecd cao, c\u1ea7n l\u01b0u \u00fd:<\/span><\/p>\n<ul>\n<li style=\"font-weight: 400;\" aria-level=\"1\"><span style=\"font-weight: 400;\">S\u1eed d\u1ee5ng ngu\u1ed3n \u0111i\u1ec7n trong kho\u1ea3ng 180V \u2013 260V.<\/span><\/li>\n<li style=\"font-weight: 400;\" aria-level=\"1\"><span style=\"font-weight: 400;\">Tr\u00e1nh l\u1eafp \u0111\u1eb7t \u1edf n\u01a1i c\u00f3 h\u00f3a ch\u1ea5t \u0103n m\u00f2n ho\u1eb7c nhi\u1ec7t \u0111\u1ed9 qu\u00e1 cao.<\/span><\/li>\n<li style=\"font-weight: 400;\" aria-level=\"1\"><span style=\"font-weight: 400;\">Th\u01b0\u1eddng xuy\u00ean v\u1ec7 sinh b\u1ec1 m\u1eb7t \u0111\u00e8n \u0111\u1ec3 \u0111\u1ea3m b\u1ea3o \u00e1nh s\u00e1ng lu\u00f4n r\u00f5 v\u00e0 \u0111\u1eb9p.<\/span><\/li>\n<li style=\"font-weight: 400;\" aria-level=\"1\"><span style=\"font-weight: 400;\">Kh\u00f4ng t\u1ef1 \u00fd th\u00e1o r\u1eddi khi \u0111\u00e8n g\u1eb7p s\u1ef1 c\u1ed1, n\u00ean li\u00ean h\u1ec7 trung t\u00e2m b\u1ea3o h\u00e0nh ho\u1eb7c k\u1ef9 thu\u1eadt vi\u00ean.<\/span><\/li>\n<li style=\"font-weight: 400;\" aria-level=\"1\"><span style=\"font-weight: 400;\">B\u1ea3o qu\u1ea3n n\u01a1i kh\u00f4 r\u00e1o, tr\u00e1nh va \u0111\u1eadp m\u1ea1nh ho\u1eb7c ti\u1ebfp x\u00fac v\u1edbi v\u1eadt s\u1eafc nh\u1ecdn.<\/span><\/li>\n<\/ul>\n<h2><span class=\"ez-toc-section\" id=\"Ket_luan\"><\/span><b>K\u1ebft lu\u1eadn<\/b><span class=\"ez-toc-section-end\"><\/span><\/h2>\n<p><span style=\"font-weight: 400;\">\u0110\u00e8n led \u1ed1p tr\u1ea7n NT230G-14W-T l\u00e0 l\u1ef1a ch\u1ecdn l\u00fd t\u01b0\u1edfng cho nh\u1eefng ai \u0111ang t\u00ecm ki\u1ebfm m\u1ed9t s\u1ea3n ph\u1ea9m v\u1eeba \u0111\u1eb9p, v\u1eeba b\u1ec1n, v\u1eeba ti\u1ebft ki\u1ec7m \u0111i\u1ec7n n\u0103ng.<\/span><span style=\"font-weight: 400;\"><br \/>\n<\/span><span style=\"font-weight: 400;\"> S\u1ea3n ph\u1ea9m k\u1ebft h\u1ee3p h\u00e0i h\u00f2a gi\u1eefa hi\u1ec7u su\u1ea5t chi\u1ebfu s\u00e1ng cao, thi\u1ebft k\u1ebf th\u1ea9m m\u1ef9 v\u00e0 kh\u1ea3 n\u0103ng ch\u1ed1ng n\u01b0\u1edbc v\u01b0\u1ee3t tr\u1ed9i, ph\u00f9 h\u1ee3p s\u1eed d\u1ee5ng l\u00e0m \u0111\u00e8n \u1ed1p tr\u1ea7n ph\u00f2ng kh\u00e1ch, \u0111\u00e8n \u1ed1p tr\u1ea7n ban c\u00f4ng hay \u0111\u00e8n led tr\u1ea7n nh\u00e0 hi\u1ec7n \u0111\u1ea1i.<\/span><span style=\"font-weight: 400;\"><br \/>\n<\/span><span style=\"font-weight: 400;\"> V\u1edbi \u0111\u00e8n led \u1ed1p tr\u1ea7n 14W Kawaled, kh\u00f4ng gian c\u1ee7a b\u1ea1n s\u1ebd lu\u00f4n s\u00e1ng r\u00f5, tinh t\u1ebf v\u00e0 tr\u00e0n \u0111\u1ea7y s\u1ee9c s\u1ed1ng m\u1ed7i ng\u00e0y.<\/span><\/p>\n<h3><span class=\"ez-toc-section\" id=\"MUA_CHINH_HANG_TAI\"><\/span><span style=\"font-size: 20px;\"><b>MUA CH\u00cdNH H\u00c3NG T\u1ea0I:<\/b><\/span><span class=\"ez-toc-section-end\"><\/span><\/h3>\n<ul>\n<li style=\"font-weight: 400;\" aria-level=\"1\"><b>Hotline ph\u00f2ng kinh doanh (b\u00e1o gi\u00e1 s\u1ec9 \/ \u0111\u1ea1i l\u00fd \/ NPP): <\/b><i><span style=\"font-weight: 400;\">0825 411 408<\/span><\/i> <b><i>ho\u1eb7c <\/i><\/b><i><span style=\"font-weight: 400;\">0911 757 234<\/span><\/i><\/li>\n<li style=\"font-weight: 400;\" aria-level=\"1\"><b>Website ch\u00ednh th\u1ee9c:<\/b><b><br \/>\n<\/b><a href=\"https:\/\/www.kawaled.com.vn\/\"><span style=\"font-weight: 400;\"> www.kawaled.com.vn<\/span><\/a><span style=\"font-weight: 400;\"> (<\/span><i><span style=\"font-weight: 400;\">D\u00e0nh cho c\u00e1c s\u1ea3n ph\u1ea9m b\u00f3ng \u0111\u00e8n KAWALED<\/span><\/i><span style=\"font-weight: 400;\">)<\/span><span style=\"font-weight: 400;\"><br \/>\n<\/span><a href=\"http:\/\/www.kawasan.vn\/\" target=\"_blank\" rel=\"noopener\"><span style=\"font-weight: 400;\"> www.kawasan.vn<\/span><\/a><span style=\"font-weight: 400;\"> (<\/span><i><span style=\"font-weight: 400;\">D\u00e0nh cho c\u00e1c s\u1ea3n ph\u1ea9m \u0111i\u1ec7n th\u00f4ng minh Kawasan<\/span><\/i><span style=\"font-weight: 400;\">)<\/span><\/li>\n<\/ul>\n<p>&nbsp;<\/p>","protected":false},"excerpt":{"rendered":"<p>\u0110\u00c8N LED \u1ed0P TR\u1ea6N NT230G-14W-T \u2013 GI\u1ea2I PH\u00c1P CHI\u1ebeU S\u00c1NG HI\u1ec6N \u0110\u1ea0I CHO KH\u00d4NG GIAN S\u1ed0NG \u0110\u00e8n led \u1ed1p tr\u1ea7n NT230G-14W-T l\u00e0 s\u1ea3n ph\u1ea9m thu\u1ed9c d\u00f2ng \u0111\u00e8n led tr\u1ea7n nh\u00e0 cao c\u1ea5p c\u1ee7a th\u01b0\u01a1ng hi\u1ec7u Kawaled, \u0111\u01b0\u1ee3c thi\u1ebft k\u1ebf v\u1edbi c\u00f4ng ngh\u1ec7 hi\u1ec7n \u0111\u1ea1i, \u0111\u00e1p \u1ee9ng nhu c\u1ea7u chi\u1ebfu s\u00e1ng v\u00e0 trang tr\u00ed trong nhi\u1ec1u [&hellip;]<\/p>","protected":false},"featured_media":26453,"comment_status":"open","ping_status":"closed","template":"","meta":{"rank_math_description":"\u0110\u00e8n LED \u1ed1p tr\u1ea7n 14W NT230G-14W-T mang \u0111\u1ebfn \u00e1nh s\u00e1ng tr\u1eafng r\u00f5, ti\u1ebft ki\u1ec7m \u0111i\u1ec7n, ch\u1ed1ng n\u01b0\u1edbc IP65, ph\u00f9 h\u1ee3p chi\u1ebfu s\u00e1ng ph\u00f2ng kh\u00e1ch, ban c\u00f4ng, nh\u00e0 \u1edf.","rank_math_focus_keyword":"\u0111\u00e8n led \u1ed1p tr\u1ea7n,\u0111\u00e8n led tr\u1ea7n nh\u00e0,\u0111\u00e8n \u1ed1p tr\u1ea7n ph\u00f2ng kh\u00e1ch,\u0111\u00e8n \u1ed1p tr\u1ea7n trang tr\u00ed,\u0111\u00e8n \u1ed1p tr\u1ea7n tr\u00f2n,\u0111\u00e8n \u1ed1p tr\u1ea7n ban c\u00f4ng,\u0111\u00e8n \u1ed1p tr\u1ea7n 14w","rank_math_secondary_keywords":""},"product_cat":[1768,1747,1736,3789],"product_tag":[3247,565,1794,3237,3255,3248,3245,2816,3228,3244,1944,3246],"class_list":["post-22661","product","type-product","status-publish","has-post-thumbnail","hentry","product_cat-den-led-noi-tran","product_cat-den-led-downlight","product_cat-den-led-noi-tran-tron","product_cat-den-noi-tran-1-mau","product_tag-den-led-noi","product_tag-den-led-noi-tran","product_tag-den-led-op-tran-noi","product_tag-den-led-op-tran-noi-sieu-mong","product_tag-den-noi","product_tag-den-noi-tran","product_tag-den-op-noi","product_tag-den-op-tran","product_tag-den-op-tran-noi","product_tag-den-tran-noi","product_tag-kawaled","product_tag-mau-den-led-op-tran-noi"],"acf":[],"_links":{"self":[{"href":"https:\/\/kawaled.com.vn\/en\/wp-json\/wp\/v2\/product\/22661","targetHints":{"allow":["GET"]}}],"collection":[{"href":"https:\/\/kawaled.com.vn\/en\/wp-json\/wp\/v2\/product"}],"about":[{"href":"https:\/\/kawaled.com.vn\/en\/wp-json\/wp\/v2\/types\/product"}],"replies":[{"embeddable":true,"href":"https:\/\/kawaled.com.vn\/en\/wp-json\/wp\/v2\/comments?post=22661"}],"version-history":[{"count":0,"href":"https:\/\/kawaled.com.vn\/en\/wp-json\/wp\/v2\/product\/22661\/revisions"}],"wp:featuredmedia":[{"embeddable":true,"href":"https:\/\/kawaled.com.vn\/en\/wp-json\/wp\/v2\/media\/26453"}],"wp:attachment":[{"href":"https:\/\/kawaled.com.vn\/en\/wp-json\/wp\/v2\/media?parent=22661"}],"wp:term":[{"taxonomy":"product_cat","embeddable":true,"href":"https:\/\/kawaled.com.vn\/en\/wp-json\/wp\/v2\/product_cat?post=22661"},{"taxonomy":"product_tag","embeddable":true,"href":"https:\/\/kawaled.com.vn\/en\/wp-json\/wp\/v2\/product_tag?post=22661"}],"curies":[{"name":"wp","href":"https:\/\/api.w.org\/{rel}","templated":true}]}}