{"id":22048,"date":"2024-11-08T13:46:40","date_gmt":"2024-11-08T06:46:40","guid":{"rendered":"https:\/\/kawaled.123websitedev.com\/san-pham\/den-duong-led-st2-150w\/"},"modified":"2026-03-26T11:50:57","modified_gmt":"2026-03-26T04:50:57","slug":"den-duong-led-st2-150w","status":"publish","type":"product","link":"https:\/\/kawaled.com.vn\/en\/product\/den-duong-led-st2-150w\/","title":{"rendered":"\u0110\u00c8N \u0110\u01af\u1edcNG LED SI\u00caU S\u00c1NG- ST2-150W"},"content":{"rendered":"<h2><span class=\"ez-toc-section\" id=\"DEN_DUONG_LED-_ST2-150W_CHIEU_SANG_DUONG_PHO\"><\/span><strong>\u0110\u00c8N \u0110\u01af\u1edcNG LED- ST2-150W CHI\u1ebeU S\u00c1NG \u0110\u01af\u1edcNG PH\u1ed0<\/strong><span class=\"ez-toc-section-end\"><\/span><\/h2><div id=\"ez-toc-container\" class=\"ez-toc-v2_0_69_1 counter-hierarchy ez-toc-counter ez-toc-grey ez-toc-container-direction\">\n<div class=\"ez-toc-title-container\">\n<p class=\"ez-toc-title\" >N\u1ed9i Dung B&agrave;i Vi\u1ebft<\/p>\n<span class=\"ez-toc-title-toggle\"><a href=\"#\" class=\"ez-toc-pull-right ez-toc-btn ez-toc-btn-xs ez-toc-btn-default ez-toc-toggle\" aria-label=\"Toggle Table of Content\"><span class=\"ez-toc-js-icon-con\"><span class=\"\"><span class=\"eztoc-hide\" style=\"display:none;\">Toggle<\/span><span class=\"ez-toc-icon-toggle-span\"><svg style=\"fill: #999;color:#999\" xmlns=\"http:\/\/www.w3.org\/2000\/svg\" class=\"list-377408\" width=\"20px\" height=\"20px\" viewbox=\"0 0 24 24\" fill=\"none\"><path d=\"M6 6H4v2h2V6zm14 0H8v2h12V6zM4 11h2v2H4v-2zm16 0H8v2h12v-2zM4 16h2v2H4v-2zm16 0H8v2h12v-2z\" fill=\"currentColor\"><\/path><\/svg><svg style=\"fill: #999;color:#999\" class=\"arrow-unsorted-368013\" xmlns=\"http:\/\/www.w3.org\/2000\/svg\" width=\"10px\" height=\"10px\" viewbox=\"0 0 24 24\" version=\"1.2\" baseprofile=\"tiny\"><path d=\"M18.2 9.3l-6.2-6.3-6.2 6.3c-.2.2-.3.4-.3.7s.1.5.3.7c.2.2.4.3.7.3h11c.3 0 .5-.1.7-.3.2-.2.3-.5.3-.7s-.1-.5-.3-.7zM5.8 14.7l6.2 6.3 6.2-6.3c.2-.2.3-.5.3-.7s-.1-.5-.3-.7c-.2-.2-.4-.3-.7-.3h-11c-.3 0-.5.1-.7.3-.2.2-.3.5-.3.7s.1.5.3.7z\"\/><\/svg><\/span><\/span><\/span><\/a><\/span><\/div>\n<nav><ul class='ez-toc-list ez-toc-list-level-1 eztoc-toggle-hide-by-default' ><li class='ez-toc-page-1 ez-toc-heading-level-2'><a class=\"ez-toc-link ez-toc-heading-1\" href=\"https:\/\/kawaled.com.vn\/en\/product\/den-duong-led-st2-150w\/#DEN_DUONG_LED-_ST2-150W_CHIEU_SANG_DUONG_PHO\" title=\"\u0110\u00c8N \u0110\u01af\u1edcNG LED- ST2-150W CHI\u1ebeU S\u00c1NG \u0110\u01af\u1edcNG PH\u1ed0\">\u0110\u00c8N \u0110\u01af\u1edcNG LED- ST2-150W CHI\u1ebeU S\u00c1NG \u0110\u01af\u1edcNG PH\u1ed0<\/a><\/li><li class='ez-toc-page-1 ez-toc-heading-level-2'><a class=\"ez-toc-link ez-toc-heading-2\" href=\"https:\/\/kawaled.com.vn\/en\/product\/den-duong-led-st2-150w\/#UU_DIEM_NOI_BAT_DEN_DUONG_LED-_ST2-150W_CHIEU_SANG_CONG_CONG\" title=\"\u01afU \u0110I\u1ec2M N\u1ed4I B\u1eacT \u0110\u00c8N \u0110\u01af\u1edcNG LED- ST2-150W CHI\u1ebeU S\u00c1NG C\u00d4NG C\u1ed8NG\">\u01afU \u0110I\u1ec2M N\u1ed4I B\u1eacT \u0110\u00c8N \u0110\u01af\u1edcNG LED- ST2-150W CHI\u1ebeU S\u00c1NG C\u00d4NG C\u1ed8NG<\/a><\/li><li class='ez-toc-page-1 ez-toc-heading-level-2'><a class=\"ez-toc-link ez-toc-heading-3\" href=\"https:\/\/kawaled.com.vn\/en\/product\/den-duong-led-st2-150w\/#DEN_LED_NGOAI_TROI_CHONG_NUOC_DUOC_DUNG_O_DAU\" title=\"\u0110\u00c8N LED NGO\u00c0I TR\u1edcI CH\u1ed0NG N\u01af\u1edaC\u00a0 \u0110\u01af\u1ee2C D\u00d9NG \u1ede \u0110\u00c2U?\">\u0110\u00c8N LED NGO\u00c0I TR\u1edcI CH\u1ed0NG N\u01af\u1edaC\u00a0 \u0110\u01af\u1ee2C D\u00d9NG \u1ede \u0110\u00c2U?<\/a><\/li><li class='ez-toc-page-1 ez-toc-heading-level-2'><a class=\"ez-toc-link ez-toc-heading-4\" href=\"https:\/\/kawaled.com.vn\/en\/product\/den-duong-led-st2-150w\/#THONG_SO_KY_THUAT_DEN_DUONG_LED_ST2\" title=\"TH\u00d4NG S\u1ed0 K\u1ef8 THU\u1eacT \u0110\u00c8N \u0110\u01af\u1edcNG LED ST2\">TH\u00d4NG S\u1ed0 K\u1ef8 THU\u1eacT \u0110\u00c8N \u0110\u01af\u1edcNG LED ST2<\/a><\/li><li class='ez-toc-page-1 ez-toc-heading-level-2'><a class=\"ez-toc-link ez-toc-heading-5\" href=\"https:\/\/kawaled.com.vn\/en\/product\/den-duong-led-st2-150w\/#DIA_CHI_CUNG_CAP_DEN_PHA_LED_NGOAI_TROI_CAP_UY_TIN_%E2%80%93_CHAT_LUONG\" title=\"\u0110\u1ecaA CH\u1ec8 CUNG C\u1ea4P \u0110\u00c8N PHA LED NGO\u00c0I TR\u1edcI C\u1ea4P UY T\u00cdN \u2013 CH\u1ea4T L\u01af\u1ee2NG\">\u0110\u1ecaA CH\u1ec8 CUNG C\u1ea4P \u0110\u00c8N PHA LED NGO\u00c0I TR\u1edcI C\u1ea4P UY T\u00cdN \u2013 CH\u1ea4T L\u01af\u1ee2NG<\/a><\/li><\/ul><\/nav><\/div>\n\n<p>\u0110\u00e8n \u0111\u01b0\u1eddng Led, l\u00e0 thi\u1ebft b\u1ecb quan tr\u1ecdng trong vi\u1ec7c ho\u00e0n thi\u1ec7n h\u1ea1 t\u1ea7ng giao th\u00f4ng \u0111\u01b0\u1eddng b\u1ed9. \u00c1nh s\u00e1ng gi\u00fap ng\u01b0\u1eddi \u0111i \u0111\u01b0\u1eddng v\u00e0o ban \u0111\u00eam, quan s\u00e1t t\u1ed1t h\u01a1n tr\u00e1nh g\u00e2y tai n\u1ea1n \u0111\u00e1ng ti\u1ebfc x\u1ea3y ra. Ng\u00e0y nay, \u0111\u00e8n pha Led v\u1edbi nhi\u1ec1u t\u00ednh n\u0103ng \u01b0u Vi\u1ec7t \u0111\u00e3 tr\u1edf n\u00ean ph\u1ed5 bi\u1ebfn v\u00e0 d\u1ea7n thay th\u1ebf c\u00e1c m\u1eabu \u0111\u00e8n cao \u00e1p th\u00f4ng th\u01b0\u1eddng.<\/p>\n<p style=\"text-align: center;\"><img decoding=\"async\" class=\"size-full wp-image-22029\" style=\"width: 600px; height: 591px;\" src=\"https:\/\/kawaled.com.vn\/wp-content\/uploads\/2024\/11\/z6012226845588_d820bdbee724bbd90d6ac2584c08983c.jpg\" alt=\"\" width=\"800\" height=\"788\" srcset=\"https:\/\/kawaled.com.vn\/wp-content\/uploads\/2024\/11\/z6012226845588_d820bdbee724bbd90d6ac2584c08983c.jpg 800w, https:\/\/kawaled.com.vn\/wp-content\/uploads\/2024\/11\/z6012226845588_d820bdbee724bbd90d6ac2584c08983c-768x756.jpg 768w, https:\/\/kawaled.com.vn\/wp-content\/uploads\/2024\/11\/z6012226845588_d820bdbee724bbd90d6ac2584c08983c-640x630.jpg 640w, https:\/\/kawaled.com.vn\/wp-content\/uploads\/2024\/11\/z6012226845588_d820bdbee724bbd90d6ac2584c08983c-400x394.jpg 400w\" sizes=\"(max-width: 800px) 100vw, 800px\" \/><\/p>\n<p id=\"caption-attachment-7083\" style=\"text-align: center;\">\u0110\u00e8n \u0111\u01b0\u1eddng Led ST2 thi\u1ebft k\u1ebf hi\u1ec7n \u0111\u1ea1i \u0111\u1eb9p m\u1eaft<\/p>\n<p><a href=\"https:\/\/kawaled.com.vn\/\"><strong>\u0110\u00e8n Led \u0111\u01b0\u1eddng ph\u1ed1 ST2 Kawaled<\/strong><\/a> v\u1edbi thi\u1ebft k\u1ebf m\u1edbi \u0111\u1eb9p m\u1eaft, hi\u1ec7n \u0111\u1ea1i. Chip Led cao c\u1ea5p si\u00eau s\u00e1ng, n\u00ean \u0111\u01b0\u1ee3c ng\u01b0\u1eddi d\u00f9ng v\u00f4 c\u00f9ng \u01b0a chu\u1ed9ng.<\/p>\n<h2><span class=\"ez-toc-section\" id=\"UU_DIEM_NOI_BAT_DEN_DUONG_LED-_ST2-150W_CHIEU_SANG_CONG_CONG\"><\/span><strong>\u01afU \u0110I\u1ec2M N\u1ed4I B\u1eacT \u0110\u00c8N \u0110\u01af\u1edcNG LED- ST2-150W CHI\u1ebeU S\u00c1NG C\u00d4NG C\u1ed8NG<\/strong><span class=\"ez-toc-section-end\"><\/span><\/h2>\n<ul>\n<li aria-level=\"1\">Ch\u1ec9 s\u1ed1 IP66 ch\u1ed1ng th\u1ea5m n\u01b0\u1edbc v\u00e0 b\u1ee5i b\u1ea9n c\u1ef1c t\u1ed1t. L\u1edbp nh\u1ef1a Polycarbonate ch\u1eafc ch\u1eafn, ch\u1ecbu l\u1ef1c t\u1ed1t, kh\u1ea3 n\u0103ng ch\u1ed1ng ch\u1ecbu cao. N\u00ean c\u00f3 th\u1ec3 l\u1eafp \u1edf c\u00e1c khu v\u1ef1c g\u1ea7n bi\u1ec3n, khu v\u1ef1c T\u00e2y Nguy\u00ean n\u1eafng nhi\u1ec1u v\u00e0 gi\u00f3 m\u1ea1nh\u2026<\/li>\n<\/ul>\n<p style=\"text-align: center;\"><img decoding=\"async\" class=\"size-full wp-image-22042\" style=\"width: 600px; height: 591px;\" src=\"https:\/\/kawaled.com.vn\/wp-content\/uploads\/2024\/11\/z6012291138377_a24c4fffa9951865702dc3e4d738c274.jpg\" alt=\"\" width=\"800\" height=\"788\" \/><\/p>\n<p id=\"caption-attachment-7087\" style=\"text-align: center;\">Ch\u1ec9 s\u1ed1 IP66 ch\u1ed1ng th\u1ea5m n\u01b0\u1edbc v\u00e0 b\u1ee5i b\u1ea9n c\u1ef1c t\u1ed1t<\/p>\n<ul>\n<li aria-level=\"1\">\u0110\u00e8n pha led ngo\u00e0i tr\u1eddi ST2, thi\u1ebft k\u1ebf d\u1ea1ng h\u00ecnh ch\u1eef nh\u1eadt \u0111\u1eb9p m\u1eaft. Th\u00e2n nh\u00f4m \u0111\u00fac nguy\u00ean kh\u1ed1i, m\u1ecfng nh\u1eb9 v\u1edbi c\u00e1c r\u00e3nh s\u00e2u ph\u00eda sau \u0111\u1eb9p m\u1eaft gi\u00fap t\u1ea3n nhi\u1ec7t nhanh h\u01a1n. T\u0103ng tu\u1ed5i th\u1ecd v\u00e0 \u0111\u1ed9 b\u1ec1n c\u1ee7a \u0111\u00e8n sau th\u1eddi gian d\u00e0i s\u1eed d\u1ee5ng.<\/li>\n<li aria-level=\"1\">Chip Led SMD si\u00eau s\u00e1ng, k\u1ebft h\u1ee3p v\u1edbi b\u1ec1 m\u1eb7t \u0111\u00e8n \u0111\u01b0\u1ee3c thi\u1ebft k\u1ebf c\u00e1c node th\u1ea5u k\u00ednh, l\u00e0m t\u0103ng \u0111\u1ed9 s\u00e1ng t\u1ecfa, g\u00f3c chi\u1ebfu r\u1ed9ng h\u01a1n. C\u00f3 3 lo\u1ea1i \u00e1nh s\u00e1ng \u0111\u1ec3 t\u00f9y ch\u1ecdn theo nhu c\u1ea7u ng\u01b0\u1eddi d\u00f9ng: \u00e1nh s\u00e1ng tr\u1eafng \u2013 v\u00e0ng \u2013 trung t\u00ednh.<\/li>\n<\/ul>\n<p style=\"text-align: center;\"><img decoding=\"async\" class=\"size-full wp-image-22043\" style=\"width: 600px; height: 591px;\" src=\"https:\/\/kawaled.com.vn\/wp-content\/uploads\/2024\/11\/z6012448249613_9f4dd6c9460667266bb4599f31b42410.jpg\" alt=\"\" width=\"800\" height=\"788\" srcset=\"https:\/\/kawaled.com.vn\/wp-content\/uploads\/2024\/11\/z6012448249613_9f4dd6c9460667266bb4599f31b42410.jpg 800w, https:\/\/kawaled.com.vn\/wp-content\/uploads\/2024\/11\/z6012448249613_9f4dd6c9460667266bb4599f31b42410-768x756.jpg 768w, https:\/\/kawaled.com.vn\/wp-content\/uploads\/2024\/11\/z6012448249613_9f4dd6c9460667266bb4599f31b42410-640x630.jpg 640w, https:\/\/kawaled.com.vn\/wp-content\/uploads\/2024\/11\/z6012448249613_9f4dd6c9460667266bb4599f31b42410-400x394.jpg 400w\" sizes=\"(max-width: 800px) 100vw, 800px\" \/><\/p>\n<p id=\"caption-attachment-7086\" style=\"text-align: center;\">Chip Led SMD si\u00eau s\u00e1ng, th\u00e2n nh\u00f4m \u0111\u00fac nguy\u00ean kh\u1ed1i \u0111\u1ed9 b\u1ec1n cao tr\u00ean 5 n\u0103m<\/p>\n<ul>\n<li aria-level=\"1\">Tu\u1ed5i th\u1ecd \u0111\u00e8n cao l\u00ean \u0111\u1ebfn 15.000h chi\u1ebfu s\u00e1ng, \u0111\u1ed9 b\u1ec1n &gt; 5 n\u0103m. Th\u1eddi gian chi\u1ebfu s\u00e1ng li\u00ean t\u1ee5c 8-12 ti\u1ebfng, \u00e1nh s\u00e1ng v\u1eabn \u0111\u1ea3m duy tr\u00ec s\u00e1ng 100%.<\/li>\n<li aria-level=\"1\">Kh\u1ea3 n\u0103ng ti\u1ebft ki\u1ec7m \u0111i\u1ec7n n\u0103ng t\u1ed1t h\u01a1n \u0111\u1ebfn 50%, c\u00e1c \u0111\u00e8n \u0111\u01b0\u1eddng cao \u00e1p tr\u01b0\u1edbc \u0111\u00e2y. Ngu\u1ed3n s\u00e1ng Led c\u00f3 hi\u1ec7u su\u1ea5t ph\u00e1t quang cao v\u00e0 ch\u1ec9 s\u00e1ng v\u1ec1 1 h\u01b0\u1edbng k\u1ebft h\u1ee3p v\u1edbi chuy\u1ec3n \u0111\u1ed5i n\u0103ng l\u01b0\u1ee3ng t\u1ed1t h\u01a1n n\u00ean \u00edt ti\u00eau t\u1ed1n \u0111i\u1ec7n n\u0103ng.<\/li>\n<li aria-level=\"1\">\u0110\u1ed9 an to\u00e0n cao, d\u1ec5 d\u00e0ng thay th\u1ebf v\u00e0 l\u1eafp \u0111\u1eb7t.<\/li>\n<\/ul>\n<p style=\"text-align: center;\"><img decoding=\"async\" class=\"size-full wp-image-22047\" style=\"width: 600px; height: 558px;\" src=\"https:\/\/kawaled.com.vn\/wp-content\/uploads\/2024\/11\/z6012224374791_deef2f65f0bd74663d10cf9270fe6a67.jpg\" alt=\"\" width=\"600\" height=\"558\" srcset=\"https:\/\/kawaled.com.vn\/wp-content\/uploads\/2024\/11\/z6012224374791_deef2f65f0bd74663d10cf9270fe6a67.jpg 600w, https:\/\/kawaled.com.vn\/wp-content\/uploads\/2024\/11\/z6012224374791_deef2f65f0bd74663d10cf9270fe6a67-400x372.jpg 400w\" sizes=\"(max-width: 600px) 100vw, 600px\" \/><\/p>\n<p id=\"caption-attachment-7084\" style=\"text-align: center;\">\u0110\u01b0\u1eddng pha Led chi\u1ebfu s\u00e1ng \u0111\u01b0\u1eddng ph\u1ed1 mang \u0111\u1ebfn nhi\u1ec1u ti\u1ec7n \u00edch<\/p>\n<h2><span class=\"ez-toc-section\" id=\"DEN_LED_NGOAI_TROI_CHONG_NUOC_DUOC_DUNG_O_DAU\"><\/span><strong>\u0110\u00c8N LED NGO\u00c0I TR\u1edcI CH\u1ed0NG N\u01af\u1edaC\u00a0 \u0110\u01af\u1ee2C D\u00d9NG \u1ede \u0110\u00c2U?<\/strong><span class=\"ez-toc-section-end\"><\/span><\/h2>\n<p>\u0110\u00e8n \u0111\u01b0\u1eddng Led \u0111\u01b0\u1ee3c s\u1eed d\u1ee5ng ph\u1ed5 bi\u1ebfn \u1edf c\u00e1c khu v\u1ef1c:<\/p>\n<ul>\n<li aria-level=\"1\">Chi\u1ebfu s\u00e1ng \u0111\u01b0\u1eddng<\/li>\n<li aria-level=\"1\">C\u00e1c khu v\u1ef1c c\u00f4ng c\u1ed9ng: s\u00e2n tennis, c\u00f4ng vi\u00ean, s\u00e2n b\u00f3ng \u0111\u00e1 mini, khu vui ch\u01a1i<\/li>\n<li aria-level=\"1\">Chi\u1ebfu s\u00e1ng kho b\u00e3i, nh\u00e0 x\u01b0\u1edfng, s\u00e2n v\u01b0\u1eddn, c\u1ed5ng ng\u00f5, khu ngh\u1ec9 d\u01b0\u1ee1ng, c\u00f4ng tr\u00ecnh ven bi\u1ec3n\u2026<\/li>\n<\/ul>\n<p style=\"text-align: center;\"><img decoding=\"async\" class=\"size-full wp-image-21538\" src=\"https:\/\/kawaled.com.vn\/wp-content\/uploads\/2022\/08\/den-duong-led-st-3.jpg\" alt=\"\u0110\u00e8n Led chi\u1ebfu s\u00e1ng \u0111\u01b0\u1eddng ph\u1ed1 \u0111\u01b0\u1ee3c \u1ee9ng d\u1ee5ng r\u1ed9ng r\u00e3i \u1edf nhi\u1ec1u khu v\u1ef1c\" width=\"800\" height=\"701\" srcset=\"https:\/\/kawaled.com.vn\/wp-content\/uploads\/2022\/08\/den-duong-led-st-3.jpg 800w, https:\/\/kawaled.com.vn\/wp-content\/uploads\/2022\/08\/den-duong-led-st-3-768x673.jpg 768w, https:\/\/kawaled.com.vn\/wp-content\/uploads\/2022\/08\/den-duong-led-st-3-640x561.jpg 640w, https:\/\/kawaled.com.vn\/wp-content\/uploads\/2022\/08\/den-duong-led-st-3-400x351.jpg 400w\" sizes=\"(max-width: 800px) 100vw, 800px\" \/><\/p>\n<p style=\"text-align: center;\"><span style=\"color: #000000; font-family: times new roman, times, serif;\">\u0110\u00e8n Led chi\u1ebfu s\u00e1ng \u0111\u01b0\u1eddng ph\u1ed1 \u0111\u01b0\u1ee3c \u1ee9ng d\u1ee5ng r\u1ed9ng r\u00e3i \u1edf nhi\u1ec1u khu v\u1ef1c<\/span><\/p>\n<h2><span class=\"ez-toc-section\" id=\"THONG_SO_KY_THUAT_DEN_DUONG_LED_ST2\"><\/span><strong>TH\u00d4NG S\u1ed0 K\u1ef8 THU\u1eacT \u0110\u00c8N \u0110\u01af\u1edcNG LED ST2<\/strong><span class=\"ez-toc-section-end\"><\/span><\/h2>\n<ul>\n<li aria-level=\"1\">Ngu\u1ed3n v\u00e0o: 100-265V<\/li>\n<li aria-level=\"1\">T\u1ea7n s\u1ed1: 50-60 Hz<\/li>\n<li aria-level=\"1\">C\u00f4ng su\u1ea5t: 50W<\/li>\n<li aria-level=\"1\">D\u00f2ng c\u1ea5p: 260mA<\/li>\n<li aria-level=\"1\">C\u00f4ng su\u1ea5t s\u00e1ng: 110-120 Lm\/W<\/li>\n<li aria-level=\"1\">Nhi\u1ec7t \u0111\u1ed9 m\u00e0u: 3500-4500-6500K<\/li>\n<li aria-level=\"1\">C\u01b0\u1eddng \u0111\u1ed9 \u00e1nh s\u00e1ng: 5.500 -6.000 Lm<\/li>\n<li aria-level=\"1\">CRI &gt;80<\/li>\n<li aria-level=\"1\">K\u00edch th\u01b0\u1edbc \u0111\u00e8n: 37.7\u00d714.7\u00d76.8 cm<\/li>\n<li aria-level=\"1\">Tu\u1ed5i th\u1ecd: 15000h<\/li>\n<\/ul>\n<h2><span class=\"ez-toc-section\" id=\"DIA_CHI_CUNG_CAP_DEN_PHA_LED_NGOAI_TROI_CAP_UY_TIN_%E2%80%93_CHAT_LUONG\"><\/span><strong>\u0110\u1ecaA CH\u1ec8 CUNG C\u1ea4P \u0110\u00c8N PHA LED NGO\u00c0I TR\u1edcI C\u1ea4P UY T\u00cdN \u2013 CH\u1ea4T L\u01af\u1ee2NG<\/strong><span class=\"ez-toc-section-end\"><\/span><\/h2>\n<p>M\u1ed9t trong nh\u1eefng c\u00e1ch ch\u1ecdn mua \u0111\u00e8n \u0111\u01b0\u1eddng Led ph\u00f9 h\u1ee3p, ch\u1ea5t l\u01b0\u1ee3ng ch\u00ednh l\u00e0 t\u00ecm \u0111\u1ebfn c\u00e1c \u0111\u01a1n v\u1ecb cung c\u1ea5p uy t\u00edn. KAWALED t\u1ef1 tin l\u00e0 m\u1ed9t trong nh\u1eefng \u0111\u01a1n v\u1ecb h\u00e0ng \u0111\u1ea7u cung c\u1ea5p \u0111\u00e8n LED ch\u1ea5t l\u01b0\u1ee3ng v\u1edbi nhi\u1ec1u lo\u1ea1i nh\u01b0: \u0110\u00e8n pha led m\u1ecfng, \u0111\u00e8n \u0111\u01b0\u1eddng c\u1ea3m \u1ee9ng \u00e1nh s\u00e1ng, \u0111\u00e8n \u0111\u01b0\u1eddng n\u0103ng l\u01b0\u1ee3ng m\u1eb7t tr\u1eddi\u2026<\/p>\n<ul>\n<li aria-level=\"1\">C\u00e1c b\u1ed9 ph\u1eadn c\u1ee7a \u0111\u00e8n nh\u01b0 Chip LED hay ngu\u1ed3n \u0111\u01b0\u1ee3c c\u1ea5u t\u1ea1o t\u1eeb \u0110\u00e0i Loan v\u00e0 H\u00e0n Qu\u1ed1c. Ch\u1ea5t l\u01b0\u1ee3ng cao, \u1ed5n \u0111\u1ecbnh \u00e1nh s\u00e1ng t\u1ef1 nhi\u00ean an to\u00e0n cho m\u1eaft ng\u01b0\u1eddi d\u00f9ng.<\/li>\n<li aria-level=\"1\">Ch\u00ednh s\u00e1ch b\u1ea3o h\u00e0nh \u0111\u1ed5i tr\u1ea3 nhanh ch\u00f3ng trong v\u00f2ng 2 n\u0103m.<\/li>\n<li aria-level=\"1\">\u0110\u1ed9i ng\u0169 s\u1ea3n xu\u1ea5t c\u1ee7a c\u00f4ng ty KAWALED c\u00f3 h\u01a1n 10 n\u0103m kinh nghi\u1ec7m ho\u1ea1t \u0111\u1ed9ng trong ng\u00e0nh \u0111\u00e8n LED. Do \u0111\u00f3 Qu\u00fd Kh\u00e1ch c\u00f3 th\u1ec3 ho\u00e0n to\u00e0n tin t\u01b0\u1edfng khi s\u1eed d\u1ee5ng s\u1ea3n ph\u1ea9m chi\u1ebfu s\u00e1ng t\u1eeb c\u00f4ng ty ch\u00fang t\u00f4i.<\/li>\n<li aria-level=\"1\">\u0110\u1ed9i ng\u0169 t\u01b0 v\u1ea5n b\u00e1n h\u00e0ng chuy\u00ean nghi\u1ec7p c\u00f9ng \u0111\u1ed9i ng\u0169 h\u1ed7 tr\u1ee3 k\u1ef9 thu\u1eadt nhanh ch\u00f3ng. Gi\u1ea3i \u0111\u00e1p th\u1eafc m\u1eafc kh\u00e1ch h\u00e0ng nhanh ch\u00f3ng.<\/li>\n<\/ul>\n<p style=\"text-align: center;\"><b>C\u1ea3m \u01a1n qu\u00fd kh\u00e1ch \u0111\u00e3 tin d\u00f9ng s\u1ea3n ph\u1ea9m Kawaled!<\/b><\/p>\n<p style=\"text-align: center;\"><b>Toll-Free Consulting Hotline:\u00a0<\/b><span style=\"color: #ff0000;\"><b>1800 0058<\/b><\/span>\u00a0<b>Or Call Directly:<\/b>\u00a0<span style=\"color: #ff0000;\"><b>0911 761010<\/b><\/span><\/p>\n<p style=\"text-align: center;\"><b>Website:\u00a0<\/b><a href=\"https:\/\/kawaled.com.vn\/san-pham\/\"><b>www.kawaled.com.vn<\/b><\/a><\/p>\n<p style=\"text-align: center;\"><b>Website:\u00a0<\/b><a href=\"https:\/\/kawasan.vn\/\" target=\"_blank\" rel=\"noopener\"><b>www.kawasan.vn<\/b><\/a><\/p>\n<p>&nbsp;<\/p>","protected":false},"excerpt":{"rendered":"<p>\u0110\u00c8N \u0110\u01af\u1edcNG LED- ST2-150W CHI\u1ebeU S\u00c1NG \u0110\u01af\u1edcNG PH\u1ed0 \u0110\u00e8n \u0111\u01b0\u1eddng Led, l\u00e0 thi\u1ebft b\u1ecb quan tr\u1ecdng trong vi\u1ec7c ho\u00e0n thi\u1ec7n h\u1ea1 t\u1ea7ng giao th\u00f4ng \u0111\u01b0\u1eddng b\u1ed9. \u00c1nh s\u00e1ng gi\u00fap ng\u01b0\u1eddi \u0111i \u0111\u01b0\u1eddng v\u00e0o ban \u0111\u00eam, quan s\u00e1t t\u1ed1t h\u01a1n tr\u00e1nh g\u00e2y tai n\u1ea1n \u0111\u00e1ng ti\u1ebfc x\u1ea3y ra. Ng\u00e0y nay, \u0111\u00e8n pha Led v\u1edbi nhi\u1ec1u t\u00ednh [&hellip;]<\/p>","protected":false},"featured_media":22046,"comment_status":"open","ping_status":"closed","template":"","meta":{"rank_math_description":"\u0110\u00e8n \u0111\u01b0\u1eddng LED- ST2-150W, Ch\u1ec9 s\u1ed1 IP66 ch\u1ed1ng th\u1ea5m n\u01b0\u1edbc v\u00e0 b\u1ee5i b\u1ea9n c\u1ef1c t\u1ed1t. L\u1edbp nh\u1ef1a Polycarbonate ch\u1eafc ch\u1eafn, ch\u1ecbu l\u1ef1c t\u1ed1t, kh\u1ea3 n\u0103ng ch\u1ed1ng ch\u1ecbu cao...","rank_math_focus_keyword":"\u0110\u00c8N \u0110\u01af\u1edcNG LED- ST2-150W","rank_math_secondary_keywords":""},"product_cat":[1750,1731],"product_tag":[2669,2684,2675,2673,1913,2682,1888,2670,2677,2671,1914,2685,2678],"class_list":["post-22048","product","type-product","status-publish","has-post-thumbnail","hentry","product_cat-den-pha-led-chieu-sang-duong-pho","product_cat-khuyen-mai-trong-thang","product_tag-bong-den-duong","product_tag-bong-den-duong-cao-ap","product_tag-cac-loai-den-duong","product_tag-den-chieu-sang-duong-pho","product_tag-den-duong","product_tag-den-duong-cao-ap","product_tag-den-duong-led","product_tag-den-duong-led-150w","product_tag-den-led-chieu-sang-duong","product_tag-den-led-duong","product_tag-den-led-duong-pho","product_tag-den-led-duong-pho-150w","product_tag-gia-den-led-chieu-sang-duong-pho"],"acf":[],"_links":{"self":[{"href":"https:\/\/kawaled.com.vn\/en\/wp-json\/wp\/v2\/product\/22048","targetHints":{"allow":["GET"]}}],"collection":[{"href":"https:\/\/kawaled.com.vn\/en\/wp-json\/wp\/v2\/product"}],"about":[{"href":"https:\/\/kawaled.com.vn\/en\/wp-json\/wp\/v2\/types\/product"}],"replies":[{"embeddable":true,"href":"https:\/\/kawaled.com.vn\/en\/wp-json\/wp\/v2\/comments?post=22048"}],"version-history":[{"count":1,"href":"https:\/\/kawaled.com.vn\/en\/wp-json\/wp\/v2\/product\/22048\/revisions"}],"predecessor-version":[{"id":27735,"href":"https:\/\/kawaled.com.vn\/en\/wp-json\/wp\/v2\/product\/22048\/revisions\/27735"}],"wp:featuredmedia":[{"embeddable":true,"href":"https:\/\/kawaled.com.vn\/en\/wp-json\/wp\/v2\/media\/22046"}],"wp:attachment":[{"href":"https:\/\/kawaled.com.vn\/en\/wp-json\/wp\/v2\/media?parent=22048"}],"wp:term":[{"taxonomy":"product_cat","embeddable":true,"href":"https:\/\/kawaled.com.vn\/en\/wp-json\/wp\/v2\/product_cat?post=22048"},{"taxonomy":"product_tag","embeddable":true,"href":"https:\/\/kawaled.com.vn\/en\/wp-json\/wp\/v2\/product_tag?post=22048"}],"curies":[{"name":"wp","href":"https:\/\/api.w.org\/{rel}","templated":true}]}}