{"id":22034,"date":"2024-11-08T13:25:14","date_gmt":"2024-11-08T06:25:14","guid":{"rendered":"https:\/\/kawaled.123websitedev.com\/san-pham\/den-duong-cam-ung-anh-sang-sst2-50w\/"},"modified":"2026-03-26T11:53:24","modified_gmt":"2026-03-26T04:53:24","slug":"den-duong-cam-ung-anh-sang-sst2-50w","status":"publish","type":"product","link":"https:\/\/kawaled.com.vn\/en\/product\/den-duong-cam-ung-anh-sang-sst2-50w\/","title":{"rendered":"\u0110\u00c8N \u0110\u01af\u1edcNG C\u1ea2M \u1ee8NG \u00c1NH S\u00c1NG &#8211; SST2-50W"},"content":{"rendered":"<h2 data-start=\"378\" data-end=\"403\"><span class=\"ez-toc-section\" id=\"Den_Duong_Cam_Ung_Anh_Sang_SST2\"><\/span><span style=\"font-size: 24px;\">\u0110\u00e8n \u0110\u01b0\u1eddng C\u1ea3m \u1ee8ng \u00c1nh S\u00e1ng SST2<\/span><span class=\"ez-toc-section-end\"><\/span><\/h2><div id=\"ez-toc-container\" class=\"ez-toc-v2_0_69_1 counter-hierarchy ez-toc-counter ez-toc-grey ez-toc-container-direction\">\n<div class=\"ez-toc-title-container\">\n<p class=\"ez-toc-title\" >N\u1ed9i Dung B&agrave;i Vi\u1ebft<\/p>\n<span class=\"ez-toc-title-toggle\"><a href=\"#\" class=\"ez-toc-pull-right ez-toc-btn ez-toc-btn-xs ez-toc-btn-default ez-toc-toggle\" aria-label=\"Toggle Table of Content\"><span class=\"ez-toc-js-icon-con\"><span class=\"\"><span class=\"eztoc-hide\" style=\"display:none;\">Toggle<\/span><span class=\"ez-toc-icon-toggle-span\"><svg style=\"fill: #999;color:#999\" xmlns=\"http:\/\/www.w3.org\/2000\/svg\" class=\"list-377408\" width=\"20px\" height=\"20px\" viewbox=\"0 0 24 24\" fill=\"none\"><path d=\"M6 6H4v2h2V6zm14 0H8v2h12V6zM4 11h2v2H4v-2zm16 0H8v2h12v-2zM4 16h2v2H4v-2zm16 0H8v2h12v-2z\" fill=\"currentColor\"><\/path><\/svg><svg style=\"fill: #999;color:#999\" class=\"arrow-unsorted-368013\" xmlns=\"http:\/\/www.w3.org\/2000\/svg\" width=\"10px\" height=\"10px\" viewbox=\"0 0 24 24\" version=\"1.2\" baseprofile=\"tiny\"><path d=\"M18.2 9.3l-6.2-6.3-6.2 6.3c-.2.2-.3.4-.3.7s.1.5.3.7c.2.2.4.3.7.3h11c.3 0 .5-.1.7-.3.2-.2.3-.5.3-.7s-.1-.5-.3-.7zM5.8 14.7l6.2 6.3 6.2-6.3c.2-.2.3-.5.3-.7s-.1-.5-.3-.7c-.2-.2-.4-.3-.7-.3h-11c-.3 0-.5.1-.7.3-.2.2-.3.5-.3.7s.1.5.3.7z\"\/><\/svg><\/span><\/span><\/span><\/a><\/span><\/div>\n<nav><ul class='ez-toc-list ez-toc-list-level-1 eztoc-toggle-hide-by-default' ><li class='ez-toc-page-1 ez-toc-heading-level-2'><a class=\"ez-toc-link ez-toc-heading-1\" href=\"https:\/\/kawaled.com.vn\/en\/product\/den-duong-cam-ung-anh-sang-sst2-50w\/#Den_Duong_Cam_Ung_Anh_Sang_SST2\" title=\"\u0110\u00e8n \u0110\u01b0\u1eddng C\u1ea3m \u1ee8ng \u00c1nh S\u00e1ng SST2\">\u0110\u00e8n \u0110\u01b0\u1eddng C\u1ea3m \u1ee8ng \u00c1nh S\u00e1ng SST2<\/a><\/li><li class='ez-toc-page-1 ez-toc-heading-level-2'><a class=\"ez-toc-link ez-toc-heading-2\" href=\"https:\/\/kawaled.com.vn\/en\/product\/den-duong-cam-ung-anh-sang-sst2-50w\/#Uu_Diem_Vuot_Troi\" title=\"\u01afu \u0110i\u1ec3m V\u01b0\u1ee3t Tr\u1ed9i\">\u01afu \u0110i\u1ec3m V\u01b0\u1ee3t Tr\u1ed9i<\/a><\/li><li class='ez-toc-page-1 ez-toc-heading-level-2'><a class=\"ez-toc-link ez-toc-heading-3\" href=\"https:\/\/kawaled.com.vn\/en\/product\/den-duong-cam-ung-anh-sang-sst2-50w\/#Ung_Dung_Thuc_Te\" title=\"\u1ee8ng D\u1ee5ng Th\u1ef1c T\u1ebf\">\u1ee8ng D\u1ee5ng Th\u1ef1c T\u1ebf<\/a><\/li><li class='ez-toc-page-1 ez-toc-heading-level-2'><a class=\"ez-toc-link ez-toc-heading-4\" href=\"https:\/\/kawaled.com.vn\/en\/product\/den-duong-cam-ung-anh-sang-sst2-50w\/#Tai_Sao_Nen_Chon_Kawaled\" title=\"T\u1ea1i Sao N\u00ean Ch\u1ecdn Kawaled?\">T\u1ea1i Sao N\u00ean Ch\u1ecdn Kawaled?<\/a><ul class='ez-toc-list-level-3' ><li class='ez-toc-heading-level-3'><a class=\"ez-toc-link ez-toc-heading-5\" href=\"https:\/\/kawaled.com.vn\/en\/product\/den-duong-cam-ung-anh-sang-sst2-50w\/#Cam_Ket_Tu_KAWALED\" title=\"Cam K\u1ebft T\u1eeb KAWALED\">Cam K\u1ebft T\u1eeb KAWALED<\/a><\/li><li class='ez-toc-page-1 ez-toc-heading-level-3'><a class=\"ez-toc-link ez-toc-heading-6\" href=\"https:\/\/kawaled.com.vn\/en\/product\/den-duong-cam-ung-anh-sang-sst2-50w\/#MUA_CHINH_HANG_TAI\" title=\"MUA CH\u00cdNH H\u00c3NG T\u1ea0I:\">MUA CH\u00cdNH H\u00c3NG T\u1ea0I:<\/a><\/li><\/ul><\/li><\/ul><\/nav><\/div>\n\n<p data-start=\"405\" data-end=\"822\"><span style=\"font-size: 17px;\"><strong data-start=\"405\" data-end=\"440\">\u0110\u00e8n \u0111\u01b0\u1eddng c\u1ea3m \u1ee9ng \u00e1nh s\u00e1ng SST2<\/strong> l\u00e0 thi\u1ebft b\u1ecb chi\u1ebfu s\u00e1ng th\u00f4ng minh, t\u00edch h\u1ee3p c\u1ea3m bi\u1ebfn quang t\u1ef1 \u0111\u1ed9ng b\u1eadt khi tr\u1eddi t\u1ed1i v\u00e0 t\u1eaft khi tr\u1eddi s\u00e1ng. S\u1ea3n ph\u1ea9<\/span><span style=\"font-size: 17px;\">m \u0111\u01b0\u1ee3c thi\u1ebft k\u1ebf \u0111\u1ec3 thay th\u1ebf cho c\u00e1c d\u00f2ng \u0111\u00e8n truy\u1ec1n th\u1ed1ng c\u1ea7n thao t\u00e1c th\u1ee7 c\u00f4ng, gi\u00fap ti\u1ebft ki\u1ec7m th\u1eddi gian, nh\u00e2n l\u1ef1c v\u00e0 \u0111i\u1ec7n n\u0103ng. SST2 l\u00e0 d\u00f2ng \u0111\u00e8n LED \u0111\u01b0\u1eddng ph\u1ed1 \u0111\u01b0\u1ee3c \u01b0a chu\u1ed9ng b\u1edfi thi\u1ebft k\u1ebf b\u1ec1n b\u1ec9, th\u1ea9m m\u1ef9 cao v\u00e0 kh\u1ea3 n\u0103ng v\u1eadn h\u00e0nh \u1ed5n \u0111\u1ecbnh trong m\u1ecdi \u0111i\u1ec1u ki\u1ec7n th\u1eddi ti\u1ebft.<\/span><\/p>\n<figure id=\"attachment_24191\" aria-describedby=\"caption-attachment-24191\" style=\"width: 560px\" class=\"wp-caption aligncenter\"><img decoding=\"async\" class=\"wp-image-24191\" src=\"https:\/\/kawaled.com.vn\/wp-content\/uploads\/2024\/11\/den-duong-cam-ung-anh-sang-cong-vien.webp\" alt=\"\u0110\u00e8n \u0111\u01b0\u1eddng c\u1ea3m \u1ee9ng \u00e1nh s\u00e1ng l\u1eafp ngo\u00e0i tr\u1eddi ban ng\u00e0y\" width=\"560\" height=\"560\" \/><figcaption id=\"caption-attachment-24191\" class=\"wp-caption-text\">\u0110\u00e8n \u0111\u01b0\u1eddng c\u1ea3m \u1ee9ng \u00e1nh s\u00e1ng Kawasan ph\u00f9 h\u1ee3p cho kh\u00f4ng gian ngo\u00e0i tr\u1eddi<\/figcaption><\/figure>\n<figure id=\"attachment_24207\" aria-describedby=\"caption-attachment-24207\" style=\"width: 560px\" class=\"wp-caption aligncenter\"><img decoding=\"async\" class=\"wp-image-24207\" src=\"https:\/\/kawaled.com.vn\/wp-content\/uploads\/2024\/11\/mat-cam-bien-den-duong-cam-ung-kawaled.webp\" alt=\"M\u1eaft c\u1ea3m \u1ee9ng \u00e1nh s\u00e1ng \u0111\u00e8n LED \u0111\u01b0\u1eddng Kawaled SST2\" width=\"560\" height=\"560\" \/><figcaption id=\"caption-attachment-24207\" class=\"wp-caption-text\">\u0110\u00e8n \u0111\u01b0\u1eddng led Kawaled: \u0110\u00e8n t\u1ef1 b\u1eadt t\u1eaft nh\u1edd m\u1eaft c\u1ea3m bi\u1ebfn t\u00edch h\u1ee3p<\/figcaption><\/figure>\n<h2 data-start=\"824\" data-end=\"844\"><span class=\"ez-toc-section\" id=\"Uu_Diem_Vuot_Troi\"><\/span><span style=\"font-size: 24px;\">\u01afu \u0110i\u1ec3m V\u01b0\u1ee3t Tr\u1ed9i<\/span><span class=\"ez-toc-section-end\"><\/span><\/h2>\n<ul data-start=\"846\" data-end=\"1738\">\n<li data-start=\"846\" data-end=\"1017\">\n<p data-start=\"848\" data-end=\"1017\"><span style=\"font-size: 17px;\"><strong data-start=\"848\" data-end=\"878\">T\u1ef1 \u0111\u1ed9ng b\u1eadt\/t\u1eaft th\u00f4ng minh<\/strong>: T\u00edch h\u1ee3p c\u1ea3m bi\u1ebfn \u00e1nh s\u00e1ng gi\u00fap \u0111\u00e8n t\u1ef1 ho\u1ea1t \u0111\u1ed9ng theo m\u00f4i tr\u01b0\u1eddng, ph\u00f9 h\u1ee3p v\u1edbi c\u1ea3 m\u00f9a m\u01b0a v\u00e0 nh\u1eefng ng\u00e0y \u00e2m u kh\u00f4ng c\u1ea7n can thi\u1ec7p th\u1ee7 c\u00f4ng.<\/span><\/p>\n<\/li>\n<li data-start=\"1019\" data-end=\"1180\">\n<p data-start=\"1021\" data-end=\"1180\"><span style=\"font-size: 17px;\"><strong data-start=\"1021\" data-end=\"1055\">Thi\u1ebft k\u1ebf b\u1ec1n \u0111\u1eb9p, hi\u1ec7u qu\u1ea3 cao<\/strong>: V\u1ecf nh\u00f4m nguy\u00ean kh\u1ed1i t\u1ea3n nhi\u1ec7t t\u1ed1t, ch\u1ed1ng oxi h\u00f3a, c\u00f9ng r\u00e3nh s\u00e2u sau l\u01b0ng t\u0103ng kh\u1ea3 n\u0103ng l\u00e0m m\u00e1t, n\u00e2ng cao tu\u1ed5i th\u1ecd s\u1ea3n ph\u1ea9m.<\/span><\/p>\n<\/li>\n<li data-start=\"1182\" data-end=\"1331\">\n<p data-start=\"1184\" data-end=\"1331\"><span style=\"font-size: 17px;\"><strong data-start=\"1184\" data-end=\"1214\">Ti\u00eau chu\u1ea9n ch\u1ed1ng n\u01b0\u1edbc IP66<\/strong>: \u0110\u1ea3m b\u1ea3o ho\u1ea1t \u0111\u1ed9ng t\u1ed1t ngo\u00e0i tr\u1eddi, ch\u1ed1ng th\u1ea5m, ch\u1ed1ng b\u1ee5i, th\u00edch h\u1ee3p v\u1edbi v\u00f9ng bi\u1ec3n, v\u00f9ng c\u00f3 \u0111\u1ed9 \u1ea9m ho\u1eb7c n\u1eafng n\u00f3ng cao.<\/span><\/p>\n<\/li>\n<\/ul>\n<p><img decoding=\"async\" class=\"wp-image-24186 aligncenter\" src=\"https:\/\/kawaled.com.vn\/wp-content\/uploads\/2024\/11\/mat-sau-den-duong-cam-ung-anh-sang-tan-nhiet.webp\" alt=\"M\u1eb7t sau \u0111\u00e8n \u0111\u01b0\u1eddng c\u1ea3m \u1ee9ng \u00e1nh s\u00e1ng v\u1edbi thi\u1ebft k\u1ebf t\u1ea3n nhi\u1ec7t t\u1ed1t\" width=\"560\" height=\"560\" \/><\/p>\n<figure id=\"attachment_24204\" aria-describedby=\"caption-attachment-24204\" style=\"width: 560px\" class=\"wp-caption aligncenter\"><img decoding=\"async\" class=\"wp-image-24204\" src=\"https:\/\/kawaled.com.vn\/wp-content\/uploads\/2024\/11\/cau-tao-den-duong-led-cam-ung-sst2-kawaled.webp\" alt=\"C\u1ea5u t\u1ea1o \u0111\u00e8n LED \u0111\u01b0\u1eddng c\u1ea3m \u1ee9ng \u00e1nh s\u00e1ng Kawaled SST2\" width=\"560\" height=\"560\" \/><figcaption id=\"caption-attachment-24204\" class=\"wp-caption-text\">\u0110\u00e8n \u0111\u01b0\u1eddng c\u1ea3m \u1ee9ng \u00e1nh s\u00e1ng SST2 &#8211; Thi\u1ebft k\u1ebf b\u1ec1n ch\u1eafc, ch\u1ed1ng n\u01b0\u1edbc v\u00e0 va \u0111\u1eadp hi\u1ec7u qu\u1ea3<\/figcaption><\/figure>\n<ul data-start=\"846\" data-end=\"1738\">\n<li data-start=\"1333\" data-end=\"1484\">\n<p data-start=\"1335\" data-end=\"1484\"><span style=\"font-size: 17px;\"><strong data-start=\"1335\" data-end=\"1371\">\u00c1nh s\u00e1ng m\u1ea1nh m\u1ebd, ti\u1ebft ki\u1ec7m \u0111i\u1ec7n<\/strong>: Chip LED SMD BRIGHTLUX-USA cao c\u1ea5p cho hi\u1ec7u su\u1ea5t s\u00e1ng 110\u2013120 lm\/W, \u0111\u1ed9 ho\u00e0n m\u00e0u CRI &gt; 80, \u00e1nh s\u00e1ng trung th\u1ef1c kh\u00f4ng g\u00e2y ch\u00f3i.<\/span><\/p>\n<\/li>\n<li data-start=\"1486\" data-end=\"1612\">\n<p data-start=\"1488\" data-end=\"1612\"><span style=\"font-size: 17px;\"><strong data-start=\"1488\" data-end=\"1523\">Linh ho\u1ea1t l\u1ef1a ch\u1ecdn m\u00e0u \u00e1nh s\u00e1ng<\/strong>: 3 m\u1ee9c nhi\u1ec7t m\u00e0u (tr\u1eafng \u2013 v\u00e0ng \u2013 trung t\u00ednh) \u0111\u00e1p \u1ee9ng nhi\u1ec1u nhu c\u1ea7u chi\u1ebfu s\u00e1ng kh\u00e1c nhau.<\/span><\/p>\n<\/li>\n<li data-start=\"1614\" data-end=\"1738\">\n<p data-start=\"1616\" data-end=\"1738\"><span style=\"font-size: 17px;\"><strong data-start=\"1616\" data-end=\"1660\">Tu\u1ed5i th\u1ecd cao, ti\u1ebft ki\u1ec7m chi ph\u00ed v\u1eadn h\u00e0nh<\/strong>: \u0110\u00e8n c\u00f3 th\u1ec3 ho\u1ea1t \u0111\u1ed9ng li\u00ean t\u1ee5c 8\u201312h\/ng\u00e0y, b\u1ec1n b\u1ec9 tr\u00ean 25.000 gi\u1edd chi\u1ebfu s\u00e1ng.<\/span><\/p>\n<\/li>\n<\/ul>\n<figure id=\"attachment_24209\" aria-describedby=\"caption-attachment-24209\" style=\"width: 560px\" class=\"wp-caption aligncenter\"><img decoding=\"async\" class=\"wp-image-24209\" src=\"https:\/\/kawaled.com.vn\/wp-content\/uploads\/2024\/11\/uu-diem-den-duong-cam-ung-kawaled.webp\" alt=\"\u01afu \u0111i\u1ec3m n\u1ed5i b\u1eadt c\u1ee7a \u0111\u00e8n c\u1ea3m \u1ee9ng \u00e1nh s\u00e1ng Kawaled SST2\" width=\"560\" height=\"560\" \/><figcaption id=\"caption-attachment-24209\" class=\"wp-caption-text\">\u0110\u00e8n \u0111\u01b0\u1eddng c\u1ea3m \u1ee9ng \u00e1nh s\u00e1ng &#8211; IP66, tu\u1ed5i th\u1ecd cao, d\u1ec5 l\u1eafp \u0111\u1eb7t, c\u1ea3m bi\u1ebfn t\u1ef1 \u0111\u1ed9ng<\/figcaption><\/figure>\n<figure id=\"attachment_24190\" aria-describedby=\"caption-attachment-24190\" style=\"width: 560px\" class=\"wp-caption aligncenter\"><img decoding=\"async\" class=\"wp-image-24190\" src=\"https:\/\/kawaled.com.vn\/wp-content\/uploads\/2024\/11\/den-cam-ung-tu-bat-tat-theo-anh-sang.webp\" alt=\"\u0110\u00e8n c\u1ea3m \u1ee9ng \u00e1nh s\u00e1ng b\u1eadt t\u1eaft t\u1ef1 \u0111\u1ed9ng theo th\u1eddi \u0111i\u1ec3m ng\u00e0y \u0111\u00eam\" width=\"560\" height=\"560\" \/><figcaption id=\"caption-attachment-24190\" class=\"wp-caption-text\">B\u00f3ng \u0111\u00e8n t\u1ef1 b\u1eadt t\u1eaft khi tr\u1eddi s\u00e1ng t\u1ed1i \u2013 gi\u1ea3i ph\u00e1p chi\u1ebfu s\u00e1ng th\u00f4ng minh<\/figcaption><\/figure>\n<h2 data-start=\"1740\" data-end=\"1759\"><span class=\"ez-toc-section\" id=\"Ung_Dung_Thuc_Te\"><\/span><span style=\"font-size: 24px;\">\u1ee8ng D\u1ee5ng Th\u1ef1c T\u1ebf<\/span><span class=\"ez-toc-section-end\"><\/span><\/h2>\n<p data-start=\"1761\" data-end=\"1864\"><span style=\"font-size: 17px;\">Product <strong data-start=\"1770\" data-end=\"1802\">\u0111\u00e8n LED chi\u1ebfu s\u00e1ng \u0111\u01b0\u1eddng ph\u1ed1<\/strong> SST2 \u0111\u01b0\u1ee3c s\u1eed d\u1ee5ng r\u1ed9ng r\u00e3i cho c\u00e1c kh\u00f4ng gian ngo\u00e0i tr\u1eddi nh\u01b0:<\/span><\/p>\n<ul data-start=\"1866\" data-end=\"2144\">\n<li data-start=\"1866\" data-end=\"1913\">\n<p data-start=\"1868\" data-end=\"1913\"><span style=\"font-size: 17px;\"><strong data-start=\"1868\" data-end=\"1913\">Chi\u1ebfu s\u00e1ng \u0111\u01b0\u1eddng ph\u1ed1, ng\u00f5 h\u1ebbm, khu d\u00e2n c\u01b0<\/strong><\/span><\/p>\n<\/li>\n<li data-start=\"1914\" data-end=\"1983\">\n<p data-start=\"1916\" data-end=\"1983\"><span style=\"font-size: 17px;\"><strong data-start=\"1916\" data-end=\"1983\">C\u00f4ng vi\u00ean, s\u00e2n tennis, s\u00e2n b\u00f3ng \u0111\u00e1 mini, khu vui ch\u01a1i c\u00f4ng c\u1ed9ng<\/strong><\/span><\/p>\n<\/li>\n<li data-start=\"1984\" data-end=\"2025\">\n<p data-start=\"1986\" data-end=\"2025\"><span style=\"font-size: 17px;\"><strong data-start=\"1986\" data-end=\"2025\">Kho b\u00e3i, nh\u00e0 x\u01b0\u1edfng, khu c\u00f4ng nghi\u1ec7p<\/strong><\/span><\/p>\n<\/li>\n<li data-start=\"2026\" data-end=\"2084\">\n<p data-start=\"2028\" data-end=\"2084\"><span style=\"font-size: 17px;\"><strong data-start=\"2028\" data-end=\"2084\">Bi\u1ec7t th\u1ef1 s\u00e2n v\u01b0\u1eddn, c\u1ed5ng ng\u00f5, khu ngh\u1ec9 d\u01b0\u1ee1ng ven bi\u1ec3n<\/strong><\/span><\/p>\n<\/li>\n<li data-start=\"2085\" data-end=\"2144\">\n<p data-start=\"2087\" data-end=\"2144\"><span style=\"font-size: 17px;\"><strong data-start=\"2087\" data-end=\"2144\">Chi\u1ebfu s\u00e1ng l\u1ed1i \u0111i trong khu \u0111\u00f4 th\u1ecb m\u1edbi, khu sinh th\u00e1i<\/strong><\/span><\/p>\n<\/li>\n<\/ul>\n<p data-start=\"2146\" data-end=\"2263\"><span style=\"font-size: 17px;\">\u0110\u00e2y l\u00e0 l\u1ef1a ch\u1ecdn l\u00fd t\u01b0\u1edfng cho c\u00e1c c\u00f4ng tr\u00ecnh c\u1ea7n \u0111\u00e8n v\u1eadn h\u00e0nh \u1ed5n \u0111\u1ecbnh, b\u1ec1n b\u1ec9, ti\u1ebft ki\u1ec7m v\u00e0 th\u00e2n thi\u1ec7n v\u1edbi m\u00f4i tr\u01b0\u1eddng.<\/span><\/p>\n<figure id=\"attachment_24188\" aria-describedby=\"caption-attachment-24188\" style=\"width: 560px\" class=\"wp-caption aligncenter\"><img decoding=\"async\" class=\"wp-image-24188\" src=\"https:\/\/kawaled.com.vn\/wp-content\/uploads\/2024\/11\/ung-dung-den-duong-cam-ung-anh-sang-ngoai-troi.webp\" alt=\"\u1ee8ng d\u1ee5ng \u0111\u00e8n \u0111\u01b0\u1eddng c\u1ea3m \u1ee9ng \u00e1nh s\u00e1ng ngo\u00e0i tr\u1eddi t\u1ea1i s\u00e2n v\u01b0\u1eddn\" width=\"560\" height=\"560\" \/><figcaption id=\"caption-attachment-24188\" class=\"wp-caption-text\">\u0110\u00e8n s\u00e2n v\u01b0\u1eddn ch\u1ed1ng n\u01b0\u1edbc SST2 \u2013 an to\u00e0n, th\u1ea9m m\u1ef9 ban \u0111\u00eam<\/figcaption><\/figure>\n<figure id=\"attachment_24189\" aria-describedby=\"caption-attachment-24189\" style=\"width: 560px\" class=\"wp-caption aligncenter\"><img decoding=\"async\" class=\"wp-image-24189\" src=\"https:\/\/kawaled.com.vn\/wp-content\/uploads\/2024\/11\/ung-dung-den-duong-cam-ung-anh-sang-thuc-te.webp\" alt=\"\u1ee8ng d\u1ee5ng \u0111\u00e8n \u0111\u01b0\u1eddng c\u1ea3m \u1ee9ng \u00e1nh s\u00e1ng ngo\u00e0i tr\u1eddi\" width=\"560\" height=\"560\" \/><figcaption id=\"caption-attachment-24189\" class=\"wp-caption-text\">S\u00e2n v\u01b0\u1eddn, h\u00e0nh lang, khu vui ch\u01a1i, qu\u00e1n cafe<\/figcaption><\/figure>\n<h2 data-start=\"228\" data-end=\"256\"><span class=\"ez-toc-section\" id=\"Tai_Sao_Nen_Chon_Kawaled\"><\/span>T\u1ea1i Sao N\u00ean Ch\u1ecdn Kawaled?<span class=\"ez-toc-section-end\"><\/span><\/h2>\n<ul data-start=\"258\" data-end=\"860\">\n<li data-start=\"258\" data-end=\"355\">\n<p data-start=\"260\" data-end=\"355\"><span style=\"font-size: 17px;\"><strong data-start=\"260\" data-end=\"300\">Th\u01b0\u01a1ng hi\u1ec7u uy t\u00edn h\u00e0ng \u0111\u1ea7u Vi\u1ec7t Nam<\/strong> trong l\u0129nh v\u1ef1c chi\u1ebfu s\u00e1ng v\u00e0 thi\u1ebft b\u1ecb LED th\u00f4ng minh<\/span><\/p>\n<\/li>\n<li data-start=\"356\" data-end=\"511\">\n<p data-start=\"358\" data-end=\"511\"><span style=\"font-size: 17px;\"><strong data-start=\"358\" data-end=\"405\">S\u1ea3n ph\u1ea9m ch\u1ea5t l\u01b0\u1ee3ng cao, linh ki\u1ec7n ch\u1ecdn l\u1ecdc<\/strong> \u2013 v\u1eadn h\u00e0nh \u1ed5n \u0111\u1ecbnh trong c\u1ea3 \u0111i\u1ec1u ki\u1ec7n m\u00f4i tr\u01b0\u1eddng kh\u1eafc nghi\u1ec7t nh\u01b0 n\u1eafng n\u00f3ng, m\u01b0a nhi\u1ec1u, khu v\u1ef1c ven bi\u1ec3n<\/span><\/p>\n<\/li>\n<li data-start=\"512\" data-end=\"639\">\n<p data-start=\"514\" data-end=\"639\"><span style=\"font-size: 17px;\"><strong data-start=\"514\" data-end=\"547\">Ch\u00ednh s\u00e1ch b\u1ea3o h\u00e0nh v\u01b0\u1ee3t tr\u1ed9i<\/strong> \u2013 h\u1ed7 tr\u1ee3 s\u1eeda ch\u1eefa k\u1ec3 c\u1ea3 sau khi h\u1ebft th\u1eddi gian b\u1ea3o h\u00e0nh n\u1ebfu s\u1ea3n ph\u1ea9m c\u00f2n kh\u1ea3 n\u0103ng ph\u1ee5c h\u1ed3i<\/span><\/p>\n<\/li>\n<li data-start=\"640\" data-end=\"771\">\n<p data-start=\"642\" data-end=\"771\"><span style=\"font-size: 17px;\"><strong data-start=\"642\" data-end=\"680\">KAWALED c\u00f3 tr\u1ee5 s\u1edf ch\u00ednh t\u1ea1i TP.HCM<\/strong>, chi nh\u00e1nh t\u1ea1i <strong data-start=\"696\" data-end=\"715\">H\u00e0 N\u1ed9i, \u0110\u00e0 N\u1eb5ng<\/strong> and <strong data-start=\"719\" data-end=\"769\">nh\u00e0 m\u00e1y s\u1ea3n xu\u1ea5t \u2013 l\u1eafp r\u00e1p t\u1ea1i Qu\u1eadn 12, TP.HCM<\/strong><\/span><\/p>\n<\/li>\n<li data-start=\"772\" data-end=\"860\">\n<p data-start=\"774\" data-end=\"860\"><span style=\"font-size: 17px;\"><strong data-start=\"774\" data-end=\"806\">D\u1ecbch v\u1ee5 h\u1ed7 tr\u1ee3 k\u1ef9 thu\u1eadt 24\/7<\/strong>, m\u1ea1ng l\u01b0\u1edbi <strong data-start=\"818\" data-end=\"860\">ph\u00e2n ph\u1ed1i v\u00e0 \u0111\u1ea1i l\u00fd ph\u1ee7 kh\u1eafp to\u00e0n qu\u1ed1c<\/strong><\/span><\/p>\n<\/li>\n<\/ul>\n<h3 data-start=\"867\" data-end=\"889\"><span class=\"ez-toc-section\" id=\"Cam_Ket_Tu_KAWALED\"><\/span><span style=\"font-size: 20px;\">Cam K\u1ebft T\u1eeb KAWALED<\/span><span class=\"ez-toc-section-end\"><\/span><\/h3>\n<p data-start=\"891\" data-end=\"1032\"><span style=\"font-size: 17px;\">KAWALED cam k\u1ebft cung c\u1ea5p c\u00e1c s\u1ea3n ph\u1ea9m <strong data-start=\"929\" data-end=\"962\">ch\u00ednh h\u00e3ng \u2013 b\u1ec1n b\u1ec9 \u2013 an to\u00e0n<\/strong>, \u0111\u00e1p \u1ee9ng \u0111\u1ea7y \u0111\u1ee7 c\u00e1c ti\u00eau chu\u1ea9n k\u1ef9 thu\u1eadt v\u00e0 nhu c\u1ea7u s\u1eed d\u1ee5ng th\u1ef1c t\u1ebf.<\/span><\/p>\n<ul data-start=\"1034\" data-end=\"1267\">\n<li data-start=\"1034\" data-end=\"1068\">\n<p data-start=\"1036\" data-end=\"1068\"><span style=\"font-size: 17px;\"><strong data-start=\"1036\" data-end=\"1066\">B\u1ea3o h\u00e0nh mi\u1ec5n ph\u00ed 36 th\u00e1ng<\/strong><\/span><\/p>\n<\/li>\n<li data-start=\"1069\" data-end=\"1131\">\n<p data-start=\"1071\" data-end=\"1131\"><span style=\"font-size: 17px;\"><strong data-start=\"1071\" data-end=\"1103\">H\u1ed7 tr\u1ee3 \u0111\u1ed5i m\u1edbi trong 30 ng\u00e0y\u00a0<\/strong>n\u1ebfu s\u1ea3n ph\u1ea9m l\u1ed7i k\u1ef9 thu\u1eadt<\/span><\/p>\n<\/li>\n<li data-start=\"1132\" data-end=\"1267\">\n<p data-start=\"1134\" data-end=\"1267\"><span style=\"font-size: 17px;\"><strong data-start=\"1134\" data-end=\"1159\">S\u1eeda ch\u1eefa sau b\u1ea3o h\u00e0nh<\/strong> n\u1ebfu s\u1ea3n ph\u1ea9m c\u00f2n kh\u1ea3 n\u0103ng s\u1eed d\u1ee5ng \u2013 ho\u00e0n to\u00e0n <strong data-start=\"1206\" data-end=\"1224\">kh\u00f4ng t\u00ednh ph\u00ed<\/strong> n\u1ebfu chi ph\u00ed thay linh ki\u1ec7n kh\u00f4ng \u0111\u00e1ng k\u1ec3<\/span><\/p>\n<\/li>\n<\/ul>\n<figure id=\"attachment_24206\" aria-describedby=\"caption-attachment-24206\" style=\"width: 560px\" class=\"wp-caption aligncenter\"><img decoding=\"async\" class=\"wp-image-24206\" src=\"https:\/\/kawaled.com.vn\/wp-content\/uploads\/2024\/11\/den-duong-cam-ung-kawaled-50w-bao-hanh-3-nam.webp\" alt=\"\u0110\u00e8n \u0111\u01b0\u1eddng c\u1ea3m \u1ee9ng \u00e1nh s\u00e1ng Kawaled 50W b\u1ea3o h\u00e0nh 3 n\u0103m\" width=\"560\" height=\"560\" \/><figcaption id=\"caption-attachment-24206\" class=\"wp-caption-text\">\u0110\u00e8n \u0111\u01b0\u1eddng c\u1ea3m \u1ee9ng \u00e1nh s\u00e1ng Kawaled \u2013 Gi\u00e1 \u0111\u00e3 g\u1ed3m VAT \u2013 B\u1ea3o h\u00e0nh ch\u00ednh h\u00e3ng<\/figcaption><\/figure>\n<p data-start=\"1269\" data-end=\"1406\"><span style=\"font-size: 17px;\">Kh\u00e1ch h\u00e0ng c\u00f3 th\u1ec3<a href=\"https:\/\/kawaled.com.vn\/he-thong-phan-phoi\/\"> <strong data-start=\"1287\" data-end=\"1334\">mua s\u1ea3n ph\u1ea9m tr\u1ef1c ti\u1ebfp t\u1ea1i \u0111\u1ea1i l\u00fd to\u00e0n qu\u1ed1c<\/strong><\/a> ho\u1eb7c <strong data-start=\"1340\" data-end=\"1367\">\u0111\u1eb7t h\u00e0ng online d\u1ec5 d\u00e0ng<\/strong> th\u00f4ng qua h\u1ec7 th\u1ed1ng website ch\u00ednh th\u1ee9c.<\/span><\/p>\n<h3 data-start=\"1413\" data-end=\"1439\"><span class=\"ez-toc-section\" id=\"MUA_CHINH_HANG_TAI\"><\/span><span style=\"font-size: 18px;\">MUA CH\u00cdNH H\u00c3NG T\u1ea0I:<\/span><span class=\"ez-toc-section-end\"><\/span><\/h3>\n<ul data-start=\"1441\" data-end=\"1828\">\n<li data-start=\"1441\" data-end=\"1541\">\n<p data-start=\"1443\" data-end=\"1541\"><span style=\"font-size: 17px;\"><strong data-start=\"1443\" data-end=\"1500\">Hotline ph\u00f2ng kinh doanh (b\u00e1o gi\u00e1 s\u1ec9 \/ \u0111\u1ea1i l\u00fd \/ NPP): <\/strong><em data-start=\"1508\" data-end=\"1522\">0825 411 408<\/em>\u00a0<em><strong>ho\u1eb7c\u00a0<\/strong>0911 757 234<\/em><\/span><\/p>\n<\/li>\n<li data-start=\"1542\" data-end=\"1686\">\n<p data-start=\"1544\" data-end=\"1686\"><span style=\"font-size: 17px;\"><strong data-start=\"1544\" data-end=\"1567\">Website ch\u00ednh th\u1ee9c:<\/strong><\/span><br data-start=\"1567\" data-end=\"1570\" \/><span style=\"font-size: 17px;\">\ud83c\udf10 <a class=\"\" href=\"https:\/\/kawaled.com.vn\/\" target=\"_new\" rel=\"noopener\" data-start=\"1575\" data-end=\"1593\">www.kawaled.com.vn<\/a> (<em data-start=\"1595\" data-end=\"1622\">D\u00e0nh cho c\u00e1c s\u1ea3n ph\u1ea9m b\u00f3ng \u0111\u00e8n KAWALED<\/em>)<\/span><br data-start=\"1623\" data-end=\"1626\" \/><span style=\"font-size: 17px;\">\ud83c\udf10 <a class=\"\" href=\"http:\/\/www.kawasan.vn\" target=\"_new\" rel=\"noopener\" data-start=\"1631\" data-end=\"1645\">www.kawasan.vn<\/a> (<em data-start=\"1647\" data-end=\"1683\">D\u00e0nh cho c\u00e1c s\u1ea3n ph\u1ea9m \u0111i\u1ec7n th\u00f4ng minh Kawasan<\/em>)<\/span><\/p>\n<\/li>\n<li data-start=\"1744\" data-end=\"1828\">\n<p data-start=\"1746\" data-end=\"1828\"><span style=\"font-size: 17px;\"><strong data-start=\"1746\" data-end=\"1791\">Ho\u1eb7c t\u00ecm ki\u1ebfm s\u1ea3n ph\u1ea9m tr\u00ean c\u00e1c s\u00e0n TM\u0110T:<\/strong>\u00a0<em data-start=\"1799\" data-end=\"1828\">Shopee, Lazada, TikTok Shop<\/em><\/span><\/p>\n<\/li>\n<\/ul>","protected":false},"excerpt":{"rendered":"<p>\u0110\u00e8n \u0110\u01b0\u1eddng C\u1ea3m \u1ee8ng \u00c1nh S\u00e1ng SST2 \u0110\u00e8n \u0111\u01b0\u1eddng c\u1ea3m \u1ee9ng \u00e1nh s\u00e1ng SST2 l\u00e0 thi\u1ebft b\u1ecb chi\u1ebfu s\u00e1ng th\u00f4ng minh, t\u00edch h\u1ee3p c\u1ea3m bi\u1ebfn quang t\u1ef1 \u0111\u1ed9ng b\u1eadt khi tr\u1eddi t\u1ed1i v\u00e0 t\u1eaft khi tr\u1eddi s\u00e1ng. S\u1ea3n ph\u1ea9m \u0111\u01b0\u1ee3c thi\u1ebft k\u1ebf \u0111\u1ec3 thay th\u1ebf cho c\u00e1c d\u00f2ng \u0111\u00e8n truy\u1ec1n th\u1ed1ng c\u1ea7n thao t\u00e1c th\u1ee7 [&hellip;]<\/p>","protected":false},"featured_media":24184,"comment_status":"open","ping_status":"closed","template":"","meta":{"rank_math_description":"Gi\u1ea3m 20% - \u0110\u00e8n \u0111\u01b0\u1eddng c\u1ea3m \u1ee9ng \u00e1nh s\u00e1ng SST2 \u2013 t\u1ef1 b\u1eadt t\u1eaft, ch\u1ed1ng n\u01b0\u1edbc IP66, chip LED si\u00eau s\u00e1ng. B\u1ea3o h\u00e0nh 3 n\u0103m ch\u00ednh h\u00e3ng - Mua ngay!","rank_math_focus_keyword":"\u0111\u00e8n \u0111\u01b0\u1eddng c\u1ea3m \u1ee9ng \u00e1nh s\u00e1ng,\u0111\u00e8n led chi\u1ebfu s\u00e1ng \u0111\u01b0\u1eddng ph\u1ed1,\u0111\u00e8n \u0111\u01b0\u1eddng led,\u0111\u00e8n s\u00e2n v\u01b0\u1eddn ch\u1ed1ng n\u01b0\u1edbc,b\u00f3ng \u0111\u00e8n t\u1ef1 b\u1eadt t\u1eaft khi tr\u1eddi s\u00e1ng t\u1ed1i","rank_math_secondary_keywords":""},"product_cat":[3348,3349,1750,1731,1746],"product_tag":[2669,2684,2675,2673,1913,1888,2700,2677,2671,1914,2674,2678],"class_list":["post-22034","product","type-product","status-publish","has-post-thumbnail","hentry","product_cat-den-duong-cam-ung-anh-sang","product_cat-sst2","product_cat-den-pha-led-chieu-sang-duong-pho","product_cat-khuyen-mai-trong-thang","product_cat-hang-thanh-ly-kho","product_tag-bong-den-duong","product_tag-bong-den-duong-cao-ap","product_tag-cac-loai-den-duong","product_tag-den-chieu-sang-duong-pho","product_tag-den-duong","product_tag-den-duong-led","product_tag-den-duong-led-50w","product_tag-den-led-chieu-sang-duong","product_tag-den-led-duong","product_tag-den-led-duong-pho","product_tag-gia-den-duong-led-50w","product_tag-gia-den-led-chieu-sang-duong-pho"],"acf":[],"_links":{"self":[{"href":"https:\/\/kawaled.com.vn\/en\/wp-json\/wp\/v2\/product\/22034","targetHints":{"allow":["GET"]}}],"collection":[{"href":"https:\/\/kawaled.com.vn\/en\/wp-json\/wp\/v2\/product"}],"about":[{"href":"https:\/\/kawaled.com.vn\/en\/wp-json\/wp\/v2\/types\/product"}],"replies":[{"embeddable":true,"href":"https:\/\/kawaled.com.vn\/en\/wp-json\/wp\/v2\/comments?post=22034"}],"version-history":[{"count":0,"href":"https:\/\/kawaled.com.vn\/en\/wp-json\/wp\/v2\/product\/22034\/revisions"}],"wp:featuredmedia":[{"embeddable":true,"href":"https:\/\/kawaled.com.vn\/en\/wp-json\/wp\/v2\/media\/24184"}],"wp:attachment":[{"href":"https:\/\/kawaled.com.vn\/en\/wp-json\/wp\/v2\/media?parent=22034"}],"wp:term":[{"taxonomy":"product_cat","embeddable":true,"href":"https:\/\/kawaled.com.vn\/en\/wp-json\/wp\/v2\/product_cat?post=22034"},{"taxonomy":"product_tag","embeddable":true,"href":"https:\/\/kawaled.com.vn\/en\/wp-json\/wp\/v2\/product_tag?post=22034"}],"curies":[{"name":"wp","href":"https:\/\/api.w.org\/{rel}","templated":true}]}}