{"id":22027,"date":"2024-10-03T17:15:41","date_gmt":"2024-10-03T10:15:41","guid":{"rendered":"https:\/\/kawaled.123websitedev.com\/san-pham\/den-led-pha-nang-luong-mat-troi-model-sl3-400w\/"},"modified":"2026-01-26T06:29:26","modified_gmt":"2026-01-25T23:29:26","slug":"den-led-pha-nang-luong-mat-troi-model-sl3-400w","status":"publish","type":"product","link":"https:\/\/kawaled.com.vn\/en\/product\/den-led-pha-nang-luong-mat-troi-model-sl3-400w\/","title":{"rendered":"\u0110\u00c8N PHA LED N\u0102NG L\u01af\u1ee2NG M\u1eb6T TR\u1edcI SL3-400W"},"content":{"rendered":"<h3><span class=\"ez-toc-section\" id=\"Gioi_thieu_ve_Den_LED_SL3-400W_voi_Pin_Lithium_Iron_Phosphate\"><\/span><strong>Gi\u1edbi thi\u1ec7u v\u1ec1 \u0110\u00e8n LED SL3-400W v\u1edbi Pin Lithium Iron Phosphate<\/strong><span class=\"ez-toc-section-end\"><\/span><\/h3><div id=\"ez-toc-container\" class=\"ez-toc-v2_0_69_1 counter-hierarchy ez-toc-counter ez-toc-grey ez-toc-container-direction\">\n<div class=\"ez-toc-title-container\">\n<p class=\"ez-toc-title\" >N\u1ed9i Dung B&agrave;i Vi\u1ebft<\/p>\n<span class=\"ez-toc-title-toggle\"><a href=\"#\" class=\"ez-toc-pull-right ez-toc-btn ez-toc-btn-xs ez-toc-btn-default ez-toc-toggle\" aria-label=\"Toggle Table of Content\"><span class=\"ez-toc-js-icon-con\"><span class=\"\"><span class=\"eztoc-hide\" style=\"display:none;\">Toggle<\/span><span class=\"ez-toc-icon-toggle-span\"><svg style=\"fill: #999;color:#999\" xmlns=\"http:\/\/www.w3.org\/2000\/svg\" class=\"list-377408\" width=\"20px\" height=\"20px\" viewbox=\"0 0 24 24\" fill=\"none\"><path d=\"M6 6H4v2h2V6zm14 0H8v2h12V6zM4 11h2v2H4v-2zm16 0H8v2h12v-2zM4 16h2v2H4v-2zm16 0H8v2h12v-2z\" fill=\"currentColor\"><\/path><\/svg><svg style=\"fill: #999;color:#999\" class=\"arrow-unsorted-368013\" xmlns=\"http:\/\/www.w3.org\/2000\/svg\" width=\"10px\" height=\"10px\" viewbox=\"0 0 24 24\" version=\"1.2\" baseprofile=\"tiny\"><path d=\"M18.2 9.3l-6.2-6.3-6.2 6.3c-.2.2-.3.4-.3.7s.1.5.3.7c.2.2.4.3.7.3h11c.3 0 .5-.1.7-.3.2-.2.3-.5.3-.7s-.1-.5-.3-.7zM5.8 14.7l6.2 6.3 6.2-6.3c.2-.2.3-.5.3-.7s-.1-.5-.3-.7c-.2-.2-.4-.3-.7-.3h-11c-.3 0-.5.1-.7.3-.2.2-.3.5-.3.7s.1.5.3.7z\"\/><\/svg><\/span><\/span><\/span><\/a><\/span><\/div>\n<nav><ul class='ez-toc-list ez-toc-list-level-1 eztoc-toggle-hide-by-default' ><li class='ez-toc-page-1 ez-toc-heading-level-3'><a class=\"ez-toc-link ez-toc-heading-1\" href=\"https:\/\/kawaled.com.vn\/en\/product\/den-led-pha-nang-luong-mat-troi-model-sl3-400w\/#Gioi_thieu_ve_Den_LED_SL3-400W_voi_Pin_Lithium_Iron_Phosphate\" title=\"Gi\u1edbi thi\u1ec7u v\u1ec1 \u0110\u00e8n LED SL3-400W v\u1edbi Pin Lithium Iron Phosphate\">Gi\u1edbi thi\u1ec7u v\u1ec1 \u0110\u00e8n LED SL3-400W v\u1edbi Pin Lithium Iron Phosphate<\/a><\/li><li class='ez-toc-page-1 ez-toc-heading-level-3'><a class=\"ez-toc-link ez-toc-heading-2\" href=\"https:\/\/kawaled.com.vn\/en\/product\/den-led-pha-nang-luong-mat-troi-model-sl3-400w\/#Mo_ta_san_pham\" title=\"Product Description\">Product Description<\/a><ul class='ez-toc-list-level-4' ><li class='ez-toc-heading-level-4'><a class=\"ez-toc-link ez-toc-heading-3\" href=\"https:\/\/kawaled.com.vn\/en\/product\/den-led-pha-nang-luong-mat-troi-model-sl3-400w\/#Kich_thuoc_va_cau_truc\" title=\"K\u00edch th\u01b0\u1edbc v\u00e0 c\u1ea5u tr\u00fac\">K\u00edch th\u01b0\u1edbc v\u00e0 c\u1ea5u tr\u00fac<\/a><\/li><li class='ez-toc-page-1 ez-toc-heading-level-4'><a class=\"ez-toc-link ez-toc-heading-4\" href=\"https:\/\/kawaled.com.vn\/en\/product\/den-led-pha-nang-luong-mat-troi-model-sl3-400w\/#Cong_suat_va_nguon_sang\" title=\"C\u00f4ng su\u1ea5t v\u00e0 ngu\u1ed3n s\u00e1ng\">C\u00f4ng su\u1ea5t v\u00e0 ngu\u1ed3n s\u00e1ng<\/a><\/li><li class='ez-toc-page-1 ez-toc-heading-level-4'><a class=\"ez-toc-link ez-toc-heading-5\" href=\"https:\/\/kawaled.com.vn\/en\/product\/den-led-pha-nang-luong-mat-troi-model-sl3-400w\/#Pin_Lithium_Iron_Phosphate_LiFePO4\" title=\"Pin Lithium Iron Phosphate (LiFePO4)\">Pin Lithium Iron Phosphate (LiFePO4)<\/a><\/li><li class='ez-toc-page-1 ez-toc-heading-level-4'><a class=\"ez-toc-link ez-toc-heading-6\" href=\"https:\/\/kawaled.com.vn\/en\/product\/den-led-pha-nang-luong-mat-troi-model-sl3-400w\/#Dieu_khien_tu_xa_Remote\" title=\"\u0110i\u1ec1u khi\u1ec3n t\u1eeb xa (Remote)\">\u0110i\u1ec1u khi\u1ec3n t\u1eeb xa (Remote)<\/a><\/li><\/ul><\/li><li class='ez-toc-page-1 ez-toc-heading-level-3'><a class=\"ez-toc-link ez-toc-heading-7\" href=\"https:\/\/kawaled.com.vn\/en\/product\/den-led-pha-nang-luong-mat-troi-model-sl3-400w\/#Ung_dung_thuc_te_cua_Den_LED_SL3-400W\" title=\"\u1ee8ng d\u1ee5ng th\u1ef1c t\u1ebf c\u1ee7a \u0110\u00e8n LED SL3-400W\">\u1ee8ng d\u1ee5ng th\u1ef1c t\u1ebf c\u1ee7a \u0110\u00e8n LED SL3-400W<\/a><ul class='ez-toc-list-level-4' ><li class='ez-toc-heading-level-4'><a class=\"ez-toc-link ez-toc-heading-8\" href=\"https:\/\/kawaled.com.vn\/en\/product\/den-led-pha-nang-luong-mat-troi-model-sl3-400w\/#1_Chieu_sang_ngoai_troi\" title=\"1. Chi\u1ebfu s\u00e1ng ngo\u00e0i tr\u1eddi\">1. Chi\u1ebfu s\u00e1ng ngo\u00e0i tr\u1eddi<\/a><\/li><li class='ez-toc-page-1 ez-toc-heading-level-4'><a class=\"ez-toc-link ez-toc-heading-9\" href=\"https:\/\/kawaled.com.vn\/en\/product\/den-led-pha-nang-luong-mat-troi-model-sl3-400w\/#2_Chieu_sang_khu_vuc_cong_nghiep\" title=\"2. Chi\u1ebfu s\u00e1ng khu v\u1ef1c c\u00f4ng nghi\u1ec7p\">2. Chi\u1ebfu s\u00e1ng khu v\u1ef1c c\u00f4ng nghi\u1ec7p<\/a><\/li><li class='ez-toc-page-1 ez-toc-heading-level-4'><a class=\"ez-toc-link ez-toc-heading-10\" href=\"https:\/\/kawaled.com.vn\/en\/product\/den-led-pha-nang-luong-mat-troi-model-sl3-400w\/#3_Chieu_sang_khu_vuc_dan_cu\" title=\"3. Chi\u1ebfu s\u00e1ng khu v\u1ef1c d\u00e2n c\u01b0\">3. Chi\u1ebfu s\u00e1ng khu v\u1ef1c d\u00e2n c\u01b0<\/a><\/li><li class='ez-toc-page-1 ez-toc-heading-level-4'><a class=\"ez-toc-link ez-toc-heading-11\" href=\"https:\/\/kawaled.com.vn\/en\/product\/den-led-pha-nang-luong-mat-troi-model-sl3-400w\/#4_Ung_dung_trong_su_kien_ngoai_troi\" title=\"4. \u1ee8ng d\u1ee5ng trong s\u1ef1 ki\u1ec7n ngo\u00e0i tr\u1eddi\">4. \u1ee8ng d\u1ee5ng trong s\u1ef1 ki\u1ec7n ngo\u00e0i tr\u1eddi<\/a><\/li><\/ul><\/li><li class='ez-toc-page-1 ez-toc-heading-level-3'><a class=\"ez-toc-link ez-toc-heading-12\" href=\"https:\/\/kawaled.com.vn\/en\/product\/den-led-pha-nang-luong-mat-troi-model-sl3-400w\/#Uu_diem_dac_biet_cua_Den_LED_SL3-400W\" title=\"\u01afu \u0111i\u1ec3m \u0111\u1eb7c bi\u1ec7t c\u1ee7a \u0110\u00e8n LED SL3-400W\">\u01afu \u0111i\u1ec3m \u0111\u1eb7c bi\u1ec7t c\u1ee7a \u0110\u00e8n LED SL3-400W<\/a><ul class='ez-toc-list-level-4' ><li class='ez-toc-heading-level-4'><a class=\"ez-toc-link ez-toc-heading-13\" href=\"https:\/\/kawaled.com.vn\/en\/product\/den-led-pha-nang-luong-mat-troi-model-sl3-400w\/#1_Tiet_kiem_nang_luong\" title=\"1. Ti\u1ebft ki\u1ec7m n\u0103ng l\u01b0\u1ee3ng\">1. Ti\u1ebft ki\u1ec7m n\u0103ng l\u01b0\u1ee3ng<\/a><\/li><li class='ez-toc-page-1 ez-toc-heading-level-4'><a class=\"ez-toc-link ez-toc-heading-14\" href=\"https:\/\/kawaled.com.vn\/en\/product\/den-led-pha-nang-luong-mat-troi-model-sl3-400w\/#2_Do_ben_cao\" title=\"2. \u0110\u1ed9 b\u1ec1n cao\">2. \u0110\u1ed9 b\u1ec1n cao<\/a><\/li><li class='ez-toc-page-1 ez-toc-heading-level-4'><a class=\"ez-toc-link ez-toc-heading-15\" href=\"https:\/\/kawaled.com.vn\/en\/product\/den-led-pha-nang-luong-mat-troi-model-sl3-400w\/#3_De_dang_lap_dat_va_su_dung\" title=\"3. D\u1ec5 d\u00e0ng l\u1eafp \u0111\u1eb7t v\u00e0 s\u1eed d\u1ee5ng\">3. D\u1ec5 d\u00e0ng l\u1eafp \u0111\u1eb7t v\u00e0 s\u1eed d\u1ee5ng<\/a><\/li><li class='ez-toc-page-1 ez-toc-heading-level-4'><a class=\"ez-toc-link ez-toc-heading-16\" href=\"https:\/\/kawaled.com.vn\/en\/product\/den-led-pha-nang-luong-mat-troi-model-sl3-400w\/#4_Kha_nang_chieu_sang_linh_hoat\" title=\"4. Kh\u1ea3 n\u0103ng chi\u1ebfu s\u00e1ng linh ho\u1ea1t\">4. Kh\u1ea3 n\u0103ng chi\u1ebfu s\u00e1ng linh ho\u1ea1t<\/a><\/li><\/ul><\/li><li class='ez-toc-page-1 ez-toc-heading-level-3'><a class=\"ez-toc-link ez-toc-heading-17\" href=\"https:\/\/kawaled.com.vn\/en\/product\/den-led-pha-nang-luong-mat-troi-model-sl3-400w\/#Ket_luan\" title=\"K\u1ebft lu\u1eadn\">K\u1ebft lu\u1eadn<\/a><\/li><\/ul><\/nav><\/div>\n\n<p><a href=\"https:\/\/kawaled.com.vn\/\">\u0110\u00e8n led pha n\u0103ng l\u01b0\u1ee3ng m\u1eb7t tr\u1eddi SL3-400W<\/a> l\u00e0 m\u1ed9t s\u1ea3n ph\u1ea9m \u0111\u00e8n chi\u1ebfu s\u00e1ng ngo\u00e0i tr\u1eddi hi\u1ec7n \u0111\u1ea1i. \u0110\u01b0\u1ee3c trang b\u1ecb c\u00f4ng ngh\u1ec7 ti\u00ean ti\u1ebfn nh\u1ea5t v\u1ec1 \u0111\u00e8n LED v\u00e0 pin Lithium Iron 3.2V-30AH. \u0110\u00e2y l\u00e0 lo\u1ea1i \u0111\u00e8n c\u00f3 th\u1ec3 \u0111i\u1ec1u ch\u1ec9nh nhi\u1ec1u nhi\u1ec7t \u0111\u1ed9 m\u00e0u (6500K, 4500K, 3500K). Ph\u00f9 h\u1ee3p cho nhi\u1ec1u m\u00f4i tr\u01b0\u1eddng v\u00e0 m\u1ee5c \u0111\u00edch s\u1eed d\u1ee5ng kh\u00e1c nhau. Chi\u1ebfu s\u00e1ng c\u00f4ng nghi\u1ec7p \u0111\u1ebfn chi\u1ebfu s\u00e1ng ngo\u00e0i tr\u1eddi cho gia \u0111\u00ecnh. \u0110\u1eb7c bi\u1ec7t, v\u1edbi thi\u1ebft k\u1ebf t\u1ed1i \u01b0u h\u00f3a v\u1ec1 pin v\u00e0 kh\u1ea3 n\u0103ng \u0111i\u1ec1u khi\u1ec3n t\u1eeb xa b\u1eb1ng remote. SL3-400W tr\u1edf th\u00e0nh l\u1ef1a ch\u1ecdn ho\u00e0n h\u1ea3o, cho nh\u1eefng ai t\u00ecm ki\u1ebfm m\u1ed9t gi\u1ea3i ph\u00e1p chi\u1ebfu s\u00e1ng ti\u1ebft ki\u1ec7m n\u0103ng l\u01b0\u1ee3ng v\u00e0 hi\u1ec7u qu\u1ea3.<\/p>\n<p style=\"text-align: center;\"><img decoding=\"async\" class=\"size-full wp-image-22026\" style=\"width: 1080px; height: 1080px;\" src=\"https:\/\/kawaled.com.vn\/wp-content\/uploads\/2024\/10\/thiet-ke-chua-co-ten.jpg\" alt=\"\u0110\u00e8n led n\u0103ng l\u01b0\u1ee3ng m\u1eb7t tr\u1eddi SL3-400W\" width=\"1080\" height=\"1080\" srcset=\"https:\/\/kawaled.com.vn\/wp-content\/uploads\/2024\/10\/thiet-ke-chua-co-ten.jpg 1080w, https:\/\/kawaled.com.vn\/wp-content\/uploads\/2024\/10\/thiet-ke-chua-co-ten-1000x1000.jpg 1000w, https:\/\/kawaled.com.vn\/wp-content\/uploads\/2024\/10\/thiet-ke-chua-co-ten-1024x1024.jpg 1024w, https:\/\/kawaled.com.vn\/wp-content\/uploads\/2024\/10\/thiet-ke-chua-co-ten-768x768.jpg 768w, https:\/\/kawaled.com.vn\/wp-content\/uploads\/2024\/10\/thiet-ke-chua-co-ten-640x640.jpg 640w, https:\/\/kawaled.com.vn\/wp-content\/uploads\/2024\/10\/thiet-ke-chua-co-ten-400x400.jpg 400w\" sizes=\"(max-width: 1080px) 100vw, 1080px\" \/><\/p>\n<h3><span class=\"ez-toc-section\" id=\"Mo_ta_san_pham\"><\/span><strong>Product Description<\/strong><span class=\"ez-toc-section-end\"><\/span><\/h3>\n<h4><span class=\"ez-toc-section\" id=\"Kich_thuoc_va_cau_truc\"><\/span><strong>K\u00edch th\u01b0\u1edbc v\u00e0 c\u1ea5u tr\u00fac<\/strong><span class=\"ez-toc-section-end\"><\/span><\/h4>\n<p>\u0110\u00e8n LED SL3-400W, v\u1edbi k\u00edch th\u01b0\u1edbc \u0111\u00e8n l\u00e0 360x366x46mm, Pin l\u00e0 600x350x17mm. K\u00edch th\u01b0\u1edbc n\u00e0y kh\u00e1 nh\u1ecf g\u1ecdn, d\u1ec5 d\u00e0ng l\u1eafp \u0111\u1eb7t v\u00e0 v\u1eadn chuy\u1ec3n. Nh\u01b0ng v\u1eabn \u0111\u1ea3m b\u1ea3o cung c\u1ea5p \u0111\u1ee7 \u00e1nh s\u00e1ng cho nh\u1eefng kh\u00f4ng gian r\u1ed9ng l\u1edbn. Thi\u1ebft k\u1ebf c\u1ee7a \u0111\u00e8n r\u1ea5t ch\u1eafc ch\u1eafn v\u00e0 b\u1ec1n b\u1ec9, gi\u00fap n\u00f3 ch\u1ed1ng l\u1ea1i c\u00e1c t\u00e1c \u0111\u1ed9ng t\u1eeb m\u00f4i tr\u01b0\u1eddng b\u00ean ngo\u00e0i nh\u01b0 m\u01b0a, b\u1ee5i v\u00e0 va \u0111\u1eadp, l\u00e0m cho n\u00f3 tr\u1edf n\u00ean l\u00fd t\u01b0\u1edfng cho vi\u1ec7c s\u1eed d\u1ee5ng ngo\u00e0i tr\u1eddi.<\/p>\n<h4><span class=\"ez-toc-section\" id=\"Cong_suat_va_nguon_sang\"><\/span><strong>C\u00f4ng su\u1ea5t v\u00e0 ngu\u1ed3n s\u00e1ng<\/strong><span class=\"ez-toc-section-end\"><\/span><\/h4>\n<p>SL3-400W s\u1eed d\u1ee5ng chip LED c\u00f4ng su\u1ea5t cao 5MD, mang l\u1ea1i kh\u1ea3 n\u0103ng chi\u1ebfu s\u00e1ng m\u1ea1nh m\u1ebd. \u0110\u00e8n cung c\u1ea5p ba m\u1ee9c nhi\u1ec7t \u0111\u1ed9 m\u00e0u: 6500K, 4500K, v\u00e0 3500K. \u0110i\u1ec1u n\u00e0y cho ph\u00e9p ng\u01b0\u1eddi d\u00f9ng t\u00f9y ch\u1ecdn m\u1ee9c \u00e1nh s\u00e1ng ph\u00f9 h\u1ee3p v\u1edbi nhu c\u1ea7u v\u00e0 m\u00f4i tr\u01b0\u1eddng s\u1eed d\u1ee5ng. V\u00ed d\u1ee5, \u00e1nh s\u00e1ng 6500K th\u01b0\u1eddng \u0111\u01b0\u1ee3c s\u1eed d\u1ee5ng cho c\u00e1c khu v\u1ef1c c\u00f4ng nghi\u1ec7p ho\u1eb7c th\u01b0\u01a1ng m\u1ea1i. 3500K ph\u00f9 h\u1ee3p h\u01a1n cho chi\u1ebfu s\u00e1ng trang tr\u00ed ho\u1eb7c kh\u00f4ng gian ngo\u00e0i tr\u1eddi ban \u0111\u00eam.<\/p>\n<p>V\u1ec1 c\u00f4ng su\u1ea5t, \u0111\u00e8n c\u00f3 th\u1ec3 \u0111\u1ea1t m\u1ee9c s\u00e1ng t\u1ed1i \u0111a 2700 lumen khi pin \u0111\u1ea7y. \u0110\u1ea3m b\u1ea3o r\u1eb1ng khu v\u1ef1c chi\u1ebfu s\u00e1ng s\u1ebd lu\u00f4n s\u00e1ng r\u00f5. Khi pin c\u00f2n 50% dung l\u01b0\u1ee3ng, \u0111\u1ed9 s\u00e1ng s\u1ebd gi\u1ea3m xu\u1ed1ng kho\u1ea3ng 1350 lumen, nh\u01b0ng v\u1eabn \u0111\u1ea3m b\u1ea3o hi\u1ec7u su\u1ea5t chi\u1ebfu s\u00e1ng hi\u1ec7u qu\u1ea3.<\/p>\n<h4><span class=\"ez-toc-section\" id=\"Pin_Lithium_Iron_Phosphate_LiFePO4\"><\/span><strong>Pin Lithium Iron Phosphate (LiFePO4)<\/strong><span class=\"ez-toc-section-end\"><\/span><\/h4>\n<p>M\u1ed9t trong nh\u1eefng y\u1ebfu t\u1ed1 n\u1ed5i b\u1eadt c\u1ee7a SL3-400W. Pin Lithium Iron Phosphate v\u1edbi dung l\u01b0\u1ee3ng 30AH, c\u00f3 \u0111i\u1ec7n \u00e1p ngu\u1ed3n ra 3.2V. \u0110\u00e2y l\u00e0 lo\u1ea1i pin c\u00f3 tu\u1ed5i th\u1ecd cao, kh\u1ea3 n\u0103ng ch\u1ecbu nhi\u1ec7t v\u00e0 an to\u00e0n h\u01a1n so v\u1edbi pin lithium th\u00f4ng th\u01b0\u1eddng. LiFePO4 kh\u00f4ng ch\u1ec9 gi\u00fap k\u00e9o d\u00e0i tu\u1ed5i th\u1ecd c\u1ee7a \u0111\u00e8n m\u00e0 c\u00f2n \u0111\u1ea3m b\u1ea3o vi\u1ec7c chi\u1ebfu s\u00e1ng li\u00ean t\u1ee5c trong nhi\u1ec1u gi\u1edd. V\u1edbi kh\u1ea3 n\u0103ng duy tr\u00ec \u00e1nh s\u00e1ng \u1ed5n \u0111\u1ecbnh v\u00e0 hi\u1ec7u su\u1ea5t cao, \u0111\u00e8n c\u00f3 th\u1ec3 ho\u1ea1t \u0111\u1ed9ng t\u1ed1t c\u1ea3 trong nh\u1eefng \u0111i\u1ec1u ki\u1ec7n th\u1eddi ti\u1ebft kh\u1eafc nghi\u1ec7t. S\u1ea1c nhanh 4-6h.<\/p>\n<h4><span class=\"ez-toc-section\" id=\"Dieu_khien_tu_xa_Remote\"><\/span><strong>\u0110i\u1ec1u khi\u1ec3n t\u1eeb xa (Remote)<\/strong><span class=\"ez-toc-section-end\"><\/span><\/h4>\n<p>SL3-400W \u0111i k\u00e8m v\u1edbi ch\u1ee9c n\u0103ng \u0111i\u1ec1u khi\u1ec3n t\u1eeb xa. Ng\u01b0\u1eddi d\u00f9ng d\u1ec5 d\u00e0ng thay \u0111\u1ed5i c\u01b0\u1eddng \u0111\u1ed9 s\u00e1ng v\u00e0 th\u1eddi gian ho\u1ea1t \u0111\u1ed9ng c\u1ee7a \u0111\u00e8n. Remote \u0111i\u1ec1u khi\u1ec3n cho ph\u00e9p ch\u1ecdn th\u1eddi gian ho\u1ea1t \u0111\u1ed9ng t\u1eeb 6 \u0111\u1ebfn 8 gi\u1edd, \u0111i\u1ec1u n\u00e0y r\u1ea5t h\u1eefu \u00edch khi mu\u1ed1n t\u1ed1i \u01b0u h\u00f3a vi\u1ec7c s\u1eed d\u1ee5ng pin. B\u1ea1n c\u00f3 th\u1ec3 c\u00e0i \u0111\u1eb7t \u0111\u00e8n t\u1ef1 \u0111\u1ed9ng t\u1eaft sau m\u1ed9t kho\u1ea3ng th\u1eddi gian nh\u1ea5t \u0111\u1ecbnh. V\u00ed d\u1ee5 nh\u01b0 1-2 gi\u1edd sau khi \u0111i ng\u1ee7 \u0111\u1ec3 ti\u1ebft ki\u1ec7m n\u0103ng l\u01b0\u1ee3ng v\u00e0 k\u00e9o d\u00e0i tu\u1ed5i th\u1ecd pin.<\/p>\n<h3><span class=\"ez-toc-section\" id=\"Ung_dung_thuc_te_cua_Den_LED_SL3-400W\"><\/span><strong>\u1ee8ng d\u1ee5ng th\u1ef1c t\u1ebf c\u1ee7a \u0110\u00e8n LED SL3-400W<\/strong><span class=\"ez-toc-section-end\"><\/span><\/h3>\n<h4><span class=\"ez-toc-section\" id=\"1_Chieu_sang_ngoai_troi\"><\/span><strong>1. Chi\u1ebfu s\u00e1ng ngo\u00e0i tr\u1eddi<\/strong><span class=\"ez-toc-section-end\"><\/span><\/h4>\n<p>\u0110\u00e8n led pha n\u0103ng l\u01b0\u1ee3ng m\u1eb7t tr\u1eddi LED SL3-400W l\u00e0 gi\u1ea3i ph\u00e1p tuy\u1ec7t v\u1eddi cho chi\u1ebfu s\u00e1ng ngo\u00e0i tr\u1eddi. V\u1edbi kh\u1ea3 n\u0103ng ch\u1ed1ng ch\u1ecbu th\u1eddi ti\u1ebft v\u00e0 hi\u1ec7u su\u1ea5t chi\u1ebfu s\u00e1ng m\u1ea1nh m\u1ebd. \u0110\u00e8n c\u00f3 th\u1ec3 \u0111\u01b0\u1ee3c s\u1eed d\u1ee5ng \u1edf c\u00e1c khu v\u1ef1c nh\u01b0 s\u00e2n v\u01b0\u1eddn, b\u00e3i \u0111\u1ed7 xe, h\u00e0nh lang ngo\u00e0i tr\u1eddi, v\u00e0 c\u00e1c khu v\u1ef1c c\u00f4ng c\u1ed9ng. Nh\u1edd v\u00e0o kh\u1ea3 n\u0103ng \u0111i\u1ec1u ch\u1ec9nh nhi\u1ec7t \u0111\u1ed9 m\u00e0u, b\u1ea1n c\u00f3 th\u1ec3 ch\u1ecdn \u00e1nh s\u00e1ng ph\u00f9 h\u1ee3p cho t\u1eebng khu v\u1ef1c. \u0110\u1ea3m b\u1ea3o kh\u00f4ng gian lu\u00f4n an to\u00e0n v\u00e0 thu\u1eadn ti\u1ec7n.<\/p>\n<h4><span class=\"ez-toc-section\" id=\"2_Chieu_sang_khu_vuc_cong_nghiep\"><\/span><strong>2. Chi\u1ebfu s\u00e1ng khu v\u1ef1c c\u00f4ng nghi\u1ec7p<\/strong><span class=\"ez-toc-section-end\"><\/span><\/h4>\n<p>Trong m\u00f4i tr\u01b0\u1eddng c\u00f4ng nghi\u1ec7p, y\u00eau c\u1ea7u v\u1ec1 chi\u1ebfu s\u00e1ng th\u01b0\u1eddng kh\u00e1 cao \u0111\u1ec3 \u0111\u1ea3m b\u1ea3o an to\u00e0n v\u00e0 hi\u1ec7u su\u1ea5t l\u00e0m vi\u1ec7c. \u0110\u00e8n LED SL3-400W ho\u00e0n to\u00e0n c\u00f3 th\u1ec3 \u0111\u00e1p \u1ee9ng c\u00e1c y\u00eau c\u1ea7u kh\u1eaft khe n\u00e0y. Nhi\u1ec7t \u0111\u1ed9 m\u00e0u 6500K l\u00e0 l\u1ef1a ch\u1ecdn l\u00fd t\u01b0\u1edfng cho c\u00e1c nh\u00e0 m\u00e1y, kho b\u00e3i v\u00e0 x\u01b0\u1edfng s\u1ea3n xu\u1ea5t. Gi\u00fap t\u0103ng c\u01b0\u1eddng \u0111\u1ed9 r\u00f5 r\u00e0ng c\u1ee7a \u00e1nh s\u00e1ng, gi\u1ea3m m\u1ecfi m\u1eaft v\u00e0 t\u0103ng c\u01b0\u1eddng an to\u00e0n cho ng\u01b0\u1eddi lao \u0111\u1ed9ng.<\/p>\n<h4><span class=\"ez-toc-section\" id=\"3_Chieu_sang_khu_vuc_dan_cu\"><\/span><strong>3. Chi\u1ebfu s\u00e1ng khu v\u1ef1c d\u00e2n c\u01b0<\/strong><span class=\"ez-toc-section-end\"><\/span><\/h4>\n<p>Kh\u00f4ng ch\u1ec9 \u0111\u01b0\u1ee3c s\u1eed d\u1ee5ng trong m\u00f4i tr\u01b0\u1eddng c\u00f4ng nghi\u1ec7p, \u0111\u00e8n LED SL3-400W c\u00f2n ph\u00f9 h\u1ee3p cho c\u00e1c khu v\u1ef1c d\u00e2n c\u01b0. B\u1ea1n c\u00f3 th\u1ec3 l\u1eafp \u0111\u1eb7t n\u00f3 trong s\u00e2n sau, \u0111\u01b0\u1eddng v\u00e0o nh\u00e0 ho\u1eb7c khu v\u1ef1c tr\u01b0\u1edbc nh\u00e0 \u0111\u1ec3 \u0111\u1ea3m b\u1ea3o an ninh v\u00e0 s\u1ef1 tho\u1ea3i m\u00e1i khi di chuy\u1ec3n v\u00e0o ban \u0111\u00eam. \u00c1nh s\u00e1ng \u1ea5m (4500K ho\u1eb7c 3500K) c\u00f3 th\u1ec3 t\u1ea1o kh\u00f4ng gian \u1ea5m \u00e1p v\u00e0 d\u1ec5 ch\u1ecbu h\u01a1n cho gia \u0111\u00ecnh v\u00e0 kh\u00e1ch \u0111\u1ebfn th\u0103m.<\/p>\n<h4><span class=\"ez-toc-section\" id=\"4_Ung_dung_trong_su_kien_ngoai_troi\"><\/span><strong>4. \u1ee8ng d\u1ee5ng trong s\u1ef1 ki\u1ec7n ngo\u00e0i tr\u1eddi<\/strong><span class=\"ez-toc-section-end\"><\/span><\/h4>\n<p>SL3-400W c\u00f2n l\u00e0 l\u1ef1a ch\u1ecdn tuy\u1ec7t v\u1eddi cho c\u00e1c s\u1ef1 ki\u1ec7n ngo\u00e0i tr\u1eddi nh\u01b0 ti\u1ec7c c\u01b0\u1edbi, l\u1ec5 h\u1ed9i, hay bu\u1ed5i bi\u1ec3u di\u1ec5n \u00e2m nh\u1ea1c. \u0110\u1ed9 s\u00e1ng m\u1ea1nh v\u00e0 kh\u1ea3 n\u0103ng \u0111i\u1ec1u ch\u1ec9nh \u00e1nh s\u00e1ng linh ho\u1ea1t gi\u00fap t\u1ea1o ra b\u1ea7u kh\u00f4ng kh\u00ed l\u00fd t\u01b0\u1edfng cho b\u1ea5t k\u1ef3 s\u1ef1 ki\u1ec7n n\u00e0o. B\u1ea1n c\u00f3 th\u1ec3 t\u00f9y ch\u1ec9nh c\u01b0\u1eddng \u0111\u1ed9 v\u00e0 m\u00e0u s\u1eafc \u00e1nh s\u00e1ng \u0111\u1ec3 ph\u00f9 h\u1ee3p v\u1edbi kh\u00f4ng gian v\u00e0 y\u00eau c\u1ea7u c\u1ee7a t\u1eebng s\u1ef1 ki\u1ec7n.<\/p>\n<h3><span class=\"ez-toc-section\" id=\"Uu_diem_dac_biet_cua_Den_LED_SL3-400W\"><\/span><strong>\u01afu \u0111i\u1ec3m \u0111\u1eb7c bi\u1ec7t c\u1ee7a \u0110\u00e8n LED SL3-400W<\/strong><span class=\"ez-toc-section-end\"><\/span><\/h3>\n<h4><span class=\"ez-toc-section\" id=\"1_Tiet_kiem_nang_luong\"><\/span><strong>1. Ti\u1ebft ki\u1ec7m n\u0103ng l\u01b0\u1ee3ng<\/strong><span class=\"ez-toc-section-end\"><\/span><\/h4>\n<p>\u0110\u00e8n LED SL3-400W s\u1eed d\u1ee5ng c\u00f4ng ngh\u1ec7 LED v\u00e0 pin Lithium Iron Phosphate, gi\u00fap t\u1ed1i \u01b0u h\u00f3a vi\u1ec7c ti\u00eau th\u1ee5 n\u0103ng l\u01b0\u1ee3ng. V\u1edbi kh\u1ea3 n\u0103ng t\u1ef1 \u0111\u1ed9ng \u0111i\u1ec1u ch\u1ec9nh \u0111\u1ed9 s\u00e1ng v\u00e0 th\u1eddi gian chi\u1ebfu s\u00e1ng th\u00f4ng qua remote. Ng\u01b0\u1eddi d\u00f9ng c\u00f3 th\u1ec3 d\u1ec5 d\u00e0ng qu\u1ea3n l\u00fd vi\u1ec7c s\u1eed d\u1ee5ng n\u0103ng l\u01b0\u1ee3ng, gi\u1ea3m thi\u1ec3u l\u00e3ng ph\u00ed v\u00e0 k\u00e9o d\u00e0i tu\u1ed5i th\u1ecd c\u1ee7a pin. \u0110i\u1ec1u n\u00e0y \u0111\u1eb7c bi\u1ec7t quan tr\u1ecdng \u0111\u1ed1i v\u1edbi c\u00e1c khu v\u1ef1c chi\u1ebfu s\u00e1ng ngo\u00e0i tr\u1eddi, n\u01a1i vi\u1ec7c thay pin ho\u1eb7c duy tr\u00ec \u0111\u00e8n th\u01b0\u1eddng g\u1eb7p nhi\u1ec1u kh\u00f3 kh\u0103n.<\/p>\n<h4><span class=\"ez-toc-section\" id=\"2_Do_ben_cao\"><\/span><strong>2. \u0110\u1ed9 b\u1ec1n cao<\/strong><span class=\"ez-toc-section-end\"><\/span><\/h4>\n<p>Pin Lithium Iron kh\u00f4ng ch\u1ec9 c\u00f3 tu\u1ed5i th\u1ecd cao. C\u00f2n c\u00f3 kh\u1ea3 n\u0103ng ch\u1ecbu nhi\u1ec7t t\u1ed1t v\u00e0 kh\u00f4ng b\u1ecb suy gi\u1ea3m hi\u1ec7u su\u1ea5t sau nhi\u1ec1u l\u1ea7n s\u1ea1c. \u0110i\u1ec1u n\u00e0y gi\u00fap \u0111\u00e8n LED SL3-400W duy tr\u00ec \u0111\u01b0\u1ee3c \u0111\u1ed9 s\u00e1ng \u1ed5n \u0111\u1ecbnh v\u00e0 tu\u1ed5i th\u1ecd l\u00e2u d\u00e0i, th\u1eadm ch\u00ed trong c\u00e1c \u0111i\u1ec1u ki\u1ec7n m\u00f4i tr\u01b0\u1eddng kh\u1eafc nghi\u1ec7t nh\u01b0 m\u01b0a, gi\u00f3, hay nhi\u1ec7t \u0111\u1ed9 cao. Vi\u1ec7c s\u1eed d\u1ee5ng lo\u1ea1i pin n\u00e0y c\u00f2n gi\u00fap gi\u1ea3m thi\u1ec3u t\u00ecnh tr\u1ea1ng gi\u1ea3m s\u00fat hi\u1ec7u su\u1ea5t chi\u1ebfu s\u00e1ng sau th\u1eddi gian d\u00e0i s\u1eed d\u1ee5ng.<\/p>\n<h4><span class=\"ez-toc-section\" id=\"3_De_dang_lap_dat_va_su_dung\"><\/span><strong>3. D\u1ec5 d\u00e0ng l\u1eafp \u0111\u1eb7t v\u00e0 s\u1eed d\u1ee5ng<\/strong><span class=\"ez-toc-section-end\"><\/span><\/h4>\n<p>SL3-400W c\u00f3 thi\u1ebft k\u1ebf nh\u1ecf g\u1ecdn v\u00e0 d\u1ec5 d\u00e0ng l\u1eafp \u0111\u1eb7t \u1edf nhi\u1ec1u v\u1ecb tr\u00ed kh\u00e1c nhau. \u0110\u00e8n \u0111i k\u00e8m v\u1edbi remote \u0111i\u1ec1u khi\u1ec3n t\u1eeb xa, gi\u00fap ng\u01b0\u1eddi d\u00f9ng c\u00f3 th\u1ec3 \u0111i\u1ec1u ch\u1ec9nh c\u01b0\u1eddng \u0111\u1ed9 s\u00e1ng v\u00e0 th\u1eddi gian ho\u1ea1t \u0111\u1ed9ng m\u00e0 kh\u00f4ng c\u1ea7n ph\u1ea3i tr\u1ef1c ti\u1ebfp ch\u1ea1m v\u00e0o \u0111\u00e8n. \u0110i\u1ec1u n\u00e0y mang l\u1ea1i s\u1ef1 ti\u1ec7n l\u1ee3i v\u00e0 linh ho\u1ea1t trong qu\u00e1 tr\u00ecnh s\u1eed d\u1ee5ng, \u0111\u1eb7c bi\u1ec7t l\u00e0 \u1edf nh\u1eefng khu v\u1ef1c kh\u00f3 ti\u1ebfp c\u1eadn.<\/p>\n<h4><span class=\"ez-toc-section\" id=\"4_Kha_nang_chieu_sang_linh_hoat\"><\/span><strong>4. Kh\u1ea3 n\u0103ng chi\u1ebfu s\u00e1ng linh ho\u1ea1t<\/strong><span class=\"ez-toc-section-end\"><\/span><\/h4>\n<p>V\u1edbi kh\u1ea3 n\u0103ng \u0111i\u1ec1u ch\u1ec9nh nhi\u1ec7t \u0111\u1ed9 m\u00e0u v\u00e0 c\u01b0\u1eddng \u0111\u1ed9 s\u00e1ng. SL3-400W c\u00f3 th\u1ec3 \u0111\u00e1p \u1ee9ng nhi\u1ec1u nhu c\u1ea7u chi\u1ebfu s\u00e1ng kh\u00e1c nhau. B\u1ea1n c\u00f3 th\u1ec3 s\u1eed d\u1ee5ng \u00e1nh s\u00e1ng tr\u1eafng s\u00e1ng cho c\u00e1c khu v\u1ef1c y\u00eau c\u1ea7u s\u1ef1 r\u00f5 r\u00e0ng v\u00e0 s\u00e1ng r\u00f5. Ho\u1eb7c \u00e1nh s\u00e1ng \u1ea5m cho nh\u1eefng kh\u00f4ng gian c\u1ea7n t\u1ea1o c\u1ea3m gi\u00e1c th\u01b0 gi\u00e3n, tho\u1ea3i m\u00e1i.<\/p>\n<h3><span class=\"ez-toc-section\" id=\"Ket_luan\"><\/span><strong>K\u1ebft lu\u1eadn<\/strong><span class=\"ez-toc-section-end\"><\/span><\/h3>\n<p>\u0110\u00e8n led pha n\u0103ng l\u01b0\u1ee3ng m\u1eb7t tr\u1eddi SL3-400W. V\u1edbi pin Lithium Iron Phosphate l\u00e0 m\u1ed9t s\u1ea3n ph\u1ea9m chi\u1ebfu s\u00e1ng \u0111a n\u0103ng, ti\u1ebft ki\u1ec7m n\u0103ng l\u01b0\u1ee3ng v\u00e0 b\u1ec1n b\u1ec9. V\u1edbi kh\u1ea3 n\u0103ng \u0111i\u1ec1u ch\u1ec9nh linh ho\u1ea1t v\u1ec1 nhi\u1ec7t \u0111\u1ed9 m\u00e0u v\u00e0 c\u01b0\u1eddng \u0111\u1ed9 s\u00e1ng. S\u1ea3n ph\u1ea9m n\u00e0y ph\u00f9 h\u1ee3p cho nhi\u1ec1u \u1ee9ng d\u1ee5ng th\u1ef1c t\u1ebf, t\u1eeb chi\u1ebfu s\u00e1ng ngo\u00e0i tr\u1eddi, c\u00f4ng nghi\u1ec7p \u0111\u1ebfn d\u00e2n c\u01b0. C\u00e1c t\u00ednh n\u0103ng v\u01b0\u1ee3t tr\u1ed9i v\u1ec1 ti\u1ebft ki\u1ec7m n\u0103ng l\u01b0\u1ee3ng. \u0110\u1ed9 b\u1ec1n v\u00e0 kh\u1ea3 n\u0103ng \u0111i\u1ec1u khi\u1ec3n t\u1eeb xa c\u1ee7a SL3-400W. Mang l\u1ea1i s\u1ef1 ti\u1ec7n l\u1ee3i v\u00e0 hi\u1ec7u qu\u1ea3 cho ng\u01b0\u1eddi d\u00f9ng trong qu\u00e1 tr\u00ecnh s\u1eed d\u1ee5ng.<\/p>\n<p>NGO\u00c0I C\u00c1C LO\u1ea0I \u0110\u00c8N LED QU\u00dd KH\u00c1CH C\u00d3 TH\u1ec2 THAM KH\u1ea2O TH\u00caM THI\u1ebeT B\u1eca \u0110I\u1ec6N TH\u00d4NG MINH: <a href=\"https:\/\/kawasan.vn\/\" target=\"_blank\" rel=\"noopener\"><strong>T\u1ea0I \u0110\u00c2Y<\/strong><\/a><\/p>","protected":false},"excerpt":{"rendered":"<p>Gi\u1edbi thi\u1ec7u v\u1ec1 \u0110\u00e8n LED SL3-400W v\u1edbi Pin Lithium Iron Phosphate \u0110\u00e8n led pha n\u0103ng l\u01b0\u1ee3ng m\u1eb7t tr\u1eddi SL3-400W l\u00e0 m\u1ed9t s\u1ea3n ph\u1ea9m \u0111\u00e8n chi\u1ebfu s\u00e1ng ngo\u00e0i tr\u1eddi hi\u1ec7n \u0111\u1ea1i. \u0110\u01b0\u1ee3c trang b\u1ecb c\u00f4ng ngh\u1ec7 ti\u00ean ti\u1ebfn nh\u1ea5t v\u1ec1 \u0111\u00e8n LED v\u00e0 pin Lithium Iron 3.2V-30AH. \u0110\u00e2y l\u00e0 lo\u1ea1i \u0111\u00e8n c\u00f3 th\u1ec3 \u0111i\u1ec1u ch\u1ec9nh nhi\u1ec1u [&hellip;]<\/p>","protected":false},"featured_media":22026,"comment_status":"open","ping_status":"closed","template":"","meta":{"rank_math_description":"\u0110\u00e8n led pha n\u0103ng l\u01b0\u1ee3ng m\u1eb7t tr\u1eddi SL3-400W, \u0111i\u1ec1u khi\u1ec3n t\u1eeb xa b\u1eb1ng remote, pin Lithium Iron 3.2V-30AH, c\u00f3 th\u1ec3 ch\u1ec9nh nhi\u1ec1u nhi\u1ec7t \u0111\u1ed9 m\u00e0u (6500K, 4500K, 3500K)","rank_math_focus_keyword":"\u0110\u00e8n led pha n\u0103ng l\u01b0\u1ee3ng m\u1eb7t tr\u1eddi","rank_math_secondary_keywords":""},"product_cat":[1775,1769,3791],"product_tag":[1179,990,1423,1946,1422,1180,1945,1944],"class_list":["post-22027","product","type-product","status-publish","has-post-thumbnail","hentry","product_cat-den-nang-luong-mat-troi","product_cat-den-san-vuon-nang-luong-mat-troi","product_cat-den-nang-luong-mat-troi-2","product_tag-den-cam-bien-nang-luong-mat-troi","product_tag-den-led-kawasan","product_tag-den-led-nang-luong-mat-troi","product_tag-den-nang-luong-kawaled","product_tag-den-nang-luong-mat-troi","product_tag-den-nang-luong-mat-troi-cam-bien","product_tag-denled-nang-luong-mat-troi","product_tag-kawaled"],"acf":[],"_links":{"self":[{"href":"https:\/\/kawaled.com.vn\/en\/wp-json\/wp\/v2\/product\/22027","targetHints":{"allow":["GET"]}}],"collection":[{"href":"https:\/\/kawaled.com.vn\/en\/wp-json\/wp\/v2\/product"}],"about":[{"href":"https:\/\/kawaled.com.vn\/en\/wp-json\/wp\/v2\/types\/product"}],"replies":[{"embeddable":true,"href":"https:\/\/kawaled.com.vn\/en\/wp-json\/wp\/v2\/comments?post=22027"}],"version-history":[{"count":0,"href":"https:\/\/kawaled.com.vn\/en\/wp-json\/wp\/v2\/product\/22027\/revisions"}],"wp:featuredmedia":[{"embeddable":true,"href":"https:\/\/kawaled.com.vn\/en\/wp-json\/wp\/v2\/media\/22026"}],"wp:attachment":[{"href":"https:\/\/kawaled.com.vn\/en\/wp-json\/wp\/v2\/media?parent=22027"}],"wp:term":[{"taxonomy":"product_cat","embeddable":true,"href":"https:\/\/kawaled.com.vn\/en\/wp-json\/wp\/v2\/product_cat?post=22027"},{"taxonomy":"product_tag","embeddable":true,"href":"https:\/\/kawaled.com.vn\/en\/wp-json\/wp\/v2\/product_tag?post=22027"}],"curies":[{"name":"wp","href":"https:\/\/api.w.org\/{rel}","templated":true}]}}