{"id":22021,"date":"2024-04-23T13:29:07","date_gmt":"2024-04-23T06:29:07","guid":{"rendered":"https:\/\/kawaled.123websitedev.com\/san-pham\/den-led-cam-ung-san-vuon-cong-vien-gl50w\/"},"modified":"2026-03-26T11:56:01","modified_gmt":"2026-03-26T04:56:01","slug":"den-led-san-vuon-cong-vien-gl50w-kawaled","status":"publish","type":"product","link":"https:\/\/kawaled.com.vn\/en\/product\/den-led-san-vuon-cong-vien-gl50w-kawaled\/","title":{"rendered":"\u0110\u00e8n Led S\u00e2n V\u01b0\u1eddn, C\u00f4ng Vi\u00ean GL-50W"},"content":{"rendered":"<div class=\"flex-shrink-0 flex flex-col relative items-end\">\n<div>\n<div class=\"pt-0\">\n<h2 class=\"gizmo-bot-avatar flex h-8 w-8 items-center justify-center overflow-hidden rounded-full\"><span class=\"ez-toc-section\" id=\"Gioi_Thieu_Den_LED_San_Vuon_GL-50W\"><\/span>Gi\u1edbi Thi\u1ec7u \u0110\u00e8n LED S\u00e2n V\u01b0\u1eddn GL-50W<span class=\"ez-toc-section-end\"><\/span><\/h2><div id=\"ez-toc-container\" class=\"ez-toc-v2_0_69_1 counter-hierarchy ez-toc-counter ez-toc-grey ez-toc-container-direction\">\n<div class=\"ez-toc-title-container\">\n<p class=\"ez-toc-title\" >N\u1ed9i Dung B&agrave;i Vi\u1ebft<\/p>\n<span class=\"ez-toc-title-toggle\"><a href=\"#\" class=\"ez-toc-pull-right ez-toc-btn ez-toc-btn-xs ez-toc-btn-default ez-toc-toggle\" aria-label=\"Toggle Table of Content\"><span class=\"ez-toc-js-icon-con\"><span class=\"\"><span class=\"eztoc-hide\" style=\"display:none;\">Toggle<\/span><span class=\"ez-toc-icon-toggle-span\"><svg style=\"fill: #999;color:#999\" xmlns=\"http:\/\/www.w3.org\/2000\/svg\" class=\"list-377408\" width=\"20px\" height=\"20px\" viewbox=\"0 0 24 24\" fill=\"none\"><path d=\"M6 6H4v2h2V6zm14 0H8v2h12V6zM4 11h2v2H4v-2zm16 0H8v2h12v-2zM4 16h2v2H4v-2zm16 0H8v2h12v-2z\" fill=\"currentColor\"><\/path><\/svg><svg style=\"fill: #999;color:#999\" class=\"arrow-unsorted-368013\" xmlns=\"http:\/\/www.w3.org\/2000\/svg\" width=\"10px\" height=\"10px\" viewbox=\"0 0 24 24\" version=\"1.2\" baseprofile=\"tiny\"><path d=\"M18.2 9.3l-6.2-6.3-6.2 6.3c-.2.2-.3.4-.3.7s.1.5.3.7c.2.2.4.3.7.3h11c.3 0 .5-.1.7-.3.2-.2.3-.5.3-.7s-.1-.5-.3-.7zM5.8 14.7l6.2 6.3 6.2-6.3c.2-.2.3-.5.3-.7s-.1-.5-.3-.7c-.2-.2-.4-.3-.7-.3h-11c-.3 0-.5.1-.7.3-.2.2-.3.5-.3.7s.1.5.3.7z\"\/><\/svg><\/span><\/span><\/span><\/a><\/span><\/div>\n<nav><ul class='ez-toc-list ez-toc-list-level-1 eztoc-toggle-hide-by-default' ><li class='ez-toc-page-1 ez-toc-heading-level-2'><a class=\"ez-toc-link ez-toc-heading-1\" href=\"https:\/\/kawaled.com.vn\/en\/product\/den-led-san-vuon-cong-vien-gl50w-kawaled\/#Gioi_Thieu_Den_LED_San_Vuon_GL-50W\" title=\"Gi\u1edbi Thi\u1ec7u \u0110\u00e8n LED S\u00e2n V\u01b0\u1eddn GL-50W\">Gi\u1edbi Thi\u1ec7u \u0110\u00e8n LED S\u00e2n V\u01b0\u1eddn GL-50W<\/a><\/li><li class='ez-toc-page-1 ez-toc-heading-level-2'><a class=\"ez-toc-link ez-toc-heading-2\" href=\"https:\/\/kawaled.com.vn\/en\/product\/den-led-san-vuon-cong-vien-gl50w-kawaled\/#Dac_Diem_Noi_Bat_Cua_Den_LED_San_Vuon_GL-50W\" title=\"\u0110\u1eb7c \u0110i\u1ec3m N\u1ed5i B\u1eadt C\u1ee7a \u0110\u00e8n LED S\u00e2n V\u01b0\u1eddn GL-50W\">\u0110\u1eb7c \u0110i\u1ec3m N\u1ed5i B\u1eadt C\u1ee7a \u0110\u00e8n LED S\u00e2n V\u01b0\u1eddn GL-50W<\/a><ul class='ez-toc-list-level-3' ><li class='ez-toc-heading-level-3'><a class=\"ez-toc-link ez-toc-heading-3\" href=\"https:\/\/kawaled.com.vn\/en\/product\/den-led-san-vuon-cong-vien-gl50w-kawaled\/#Hieu_Suat_Quang_Vuot_Troi\" title=\"Hi\u1ec7u Su\u1ea5t Quang V\u01b0\u1ee3t Tr\u1ed9i\">Hi\u1ec7u Su\u1ea5t Quang V\u01b0\u1ee3t Tr\u1ed9i<\/a><\/li><li class='ez-toc-page-1 ez-toc-heading-level-3'><a class=\"ez-toc-link ez-toc-heading-4\" href=\"https:\/\/kawaled.com.vn\/en\/product\/den-led-san-vuon-cong-vien-gl50w-kawaled\/#Da_Dang_Mau_Sac_Anh\" title=\"\u0110a D\u1ea1ng M\u00e0u S\u1eafc \u00c1nh\">\u0110a D\u1ea1ng M\u00e0u S\u1eafc \u00c1nh<\/a><\/li><li class='ez-toc-page-1 ez-toc-heading-level-3'><a class=\"ez-toc-link ez-toc-heading-5\" href=\"https:\/\/kawaled.com.vn\/en\/product\/den-led-san-vuon-cong-vien-gl50w-kawaled\/#Do_Ben_Va_Kha_Nang_Chong_Chiu_Moi_Truong\" title=\"\u0110\u1ed9 B\u1ec1n V\u00e0 Kh\u1ea3 N\u0103ng Ch\u1ed1ng Ch\u1ecbu M\u00f4i Tr\u01b0\u1eddng\">\u0110\u1ed9 B\u1ec1n V\u00e0 Kh\u1ea3 N\u0103ng Ch\u1ed1ng Ch\u1ecbu M\u00f4i Tr\u01b0\u1eddng<\/a><\/li><li class='ez-toc-page-1 ez-toc-heading-level-3'><a class=\"ez-toc-link ez-toc-heading-6\" href=\"https:\/\/kawaled.com.vn\/en\/product\/den-led-san-vuon-cong-vien-gl50w-kawaled\/#Tiet_Kiem_Nang_Luong\" title=\"Ti\u1ebft Ki\u1ec7m N\u0103ng L\u01b0\u1ee3ng\">Ti\u1ebft Ki\u1ec7m N\u0103ng L\u01b0\u1ee3ng<\/a><\/li><\/ul><\/li><li class='ez-toc-page-1 ez-toc-heading-level-2'><a class=\"ez-toc-link ez-toc-heading-7\" href=\"https:\/\/kawaled.com.vn\/en\/product\/den-led-san-vuon-cong-vien-gl50w-kawaled\/#Ung_Dung_Cua_Den_LED_GL-50W\" title=\"\u1ee8ng D\u1ee5ng C\u1ee7a \u0110\u00e8n LED GL-50W\">\u1ee8ng D\u1ee5ng C\u1ee7a \u0110\u00e8n LED GL-50W<\/a><\/li><li class='ez-toc-page-1 ez-toc-heading-level-2'><a class=\"ez-toc-link ez-toc-heading-8\" href=\"https:\/\/kawaled.com.vn\/en\/product\/den-led-san-vuon-cong-vien-gl50w-kawaled\/#Loi_Ich_Khi_Su_Dung_Den_LED_GL-50W\" title=\"L\u1ee3i \u00cdch Khi S\u1eed D\u1ee5ng \u0110\u00e8n LED GL-50W\">L\u1ee3i \u00cdch Khi S\u1eed D\u1ee5ng \u0110\u00e8n LED GL-50W<\/a><ul class='ez-toc-list-level-3' ><li class='ez-toc-heading-level-3'><a class=\"ez-toc-link ez-toc-heading-9\" href=\"https:\/\/kawaled.com.vn\/en\/product\/den-led-san-vuon-cong-vien-gl50w-kawaled\/#Toi_Uu_Hoa_Chi_Phi\" title=\"T\u1ed1i \u01afu H\u00f3a Chi Ph\u00ed\">T\u1ed1i \u01afu H\u00f3a Chi Ph\u00ed<\/a><\/li><li class='ez-toc-page-1 ez-toc-heading-level-3'><a class=\"ez-toc-link ez-toc-heading-10\" href=\"https:\/\/kawaled.com.vn\/en\/product\/den-led-san-vuon-cong-vien-gl50w-kawaled\/#Tang_Tinh_Tham_My\" title=\"T\u0103ng T\u00ednh Th\u1ea9m M\u1ef9\">T\u0103ng T\u00ednh Th\u1ea9m M\u1ef9<\/a><\/li><\/ul><\/li><li class='ez-toc-page-1 ez-toc-heading-level-2'><a class=\"ez-toc-link ez-toc-heading-11\" href=\"https:\/\/kawaled.com.vn\/en\/product\/den-led-san-vuon-cong-vien-gl50w-kawaled\/#Vi_Sao_Nen_Chon_Den_LED_GL-50W\" title=\"V\u00ec Sao N\u00ean Ch\u1ecdn \u0110\u00e8n LED GL-50W?\">V\u00ec Sao N\u00ean Ch\u1ecdn \u0110\u00e8n LED GL-50W?<\/a><\/li><li class='ez-toc-page-1 ez-toc-heading-level-2'><a class=\"ez-toc-link ez-toc-heading-12\" href=\"https:\/\/kawaled.com.vn\/en\/product\/den-led-san-vuon-cong-vien-gl50w-kawaled\/#Ket_Luan\" title=\"K\u1ebft Lu\u1eadn\">K\u1ebft Lu\u1eadn<\/a><\/li><\/ul><\/nav><\/div>\n\n<\/div>\n<\/div>\n<\/div>\n<div class=\"group\/conversation-turn relative flex w-full min-w-0 flex-col agent-turn\">\n<div class=\"flex-col gap-1 md:gap-3\">\n<div class=\"flex max-w-full flex-col flex-grow\">\n<div class=\"min-h-8 text-message flex w-full flex-col items-end gap-2 whitespace-normal break-words [.text-message+&amp;]:mt-5\" dir=\"auto\" data-message-author-role=\"assistant\" data-message-id=\"50486cd5-c04f-4d3e-a1e5-054b67dc781d\" data-message-model-slug=\"gpt-4o\">\n<div class=\"flex w-full flex-col gap-1 empty:hidden first:pt-[3px]\">\n<div class=\"markdown prose w-full break-words dark:prose-invert dark\">\n<p>Trong c\u00e1c kh\u00f4ng gian ngo\u00e0i tr\u1eddi nh\u01b0 s\u00e2n v\u01b0\u1eddn, c\u00f4ng vi\u00ean, ho\u1eb7c khu v\u1ef1c c\u00f4ng c\u1ed9ng, vi\u1ec7c l\u1ef1a ch\u1ecdn thi\u1ebft b\u1ecb chi\u1ebfu s\u00e1ng ph\u00f9 h\u1ee3p kh\u00f4ng ch\u1ec9 \u0111\u00e1p \u1ee9ng nhu c\u1ea7u chi\u1ebfu s\u00e1ng m\u00e0 c\u00f2n n\u00e2ng cao hi\u1ec7u qu\u1ea3 s\u1eed d\u1ee5ng n\u0103ng l\u01b0\u1ee3ng.<a href=\"https:\/\/kawaled.com.vn\/danh-muc-san-pham\/den-pha-led-chieu-sang-duong-pho\/page\/2\/\"> \u0110\u00e8n LED s\u00e2n v\u01b0\u1eddn<\/a> GL-50W l\u00e0 gi\u1ea3i ph\u00e1p ho\u00e0n h\u1ea3o gi\u00fap ti\u1ebft ki\u1ec7m \u0111i\u1ec7n n\u0103ng v\u00e0 n\u00e2ng cao \u0111\u1ed9 an to\u00e0n.<\/p>\n<p>V\u1edbi thi\u1ebft k\u1ebf hi\u1ec7n \u0111\u1ea1i, t\u00edch h\u1ee3p c\u00f4ng ngh\u1ec7 ti\u00ean ti\u1ebfn, \u0111\u00e8n LED GL-50W <a href=\"https:\/\/kawaled.com.vn\/\">Kawaled<\/a> kh\u00f4ng ch\u1ec9 b\u1ec1n b\u1ec9 m\u00e0 c\u00f2n mang \u0111\u1ebfn t\u00ednh th\u1ea9m m\u1ef9 v\u00e0 hi\u1ec7u qu\u1ea3 v\u01b0\u1ee3t tr\u1ed9i. \u0110\u00e2y l\u00e0 d\u00f2ng \u0111\u00e8n LED ngo\u00e0i tr\u1eddi l\u00fd t\u01b0\u1edfng cho nhi\u1ec1u \u1ee9ng d\u1ee5ng chi\u1ebfu s\u00e1ng \u0111a d\u1ea1ng.<\/p>\n<figure id=\"attachment_23638\" aria-describedby=\"caption-attachment-23638\" style=\"width: 600px\" class=\"wp-caption aligncenter\"><img decoding=\"async\" class=\"size-full wp-image-23638\" src=\"https:\/\/kawaled.com.vn\/wp-content\/uploads\/2024\/04\/GL-50-3.png\" alt=\"\u0110\u00e8n LED GL-50W m\u1eb7t tr\u01b0\u1edbc v\u00e0 sau \u2013 \u00e1nh s\u00e1ng m\u1ea1nh, t\u1ea3n nhi\u1ec7t t\u1ed1t\" width=\"600\" height=\"600\" srcset=\"https:\/\/kawaled.com.vn\/wp-content\/uploads\/2024\/04\/GL-50-3.png 600w, https:\/\/kawaled.com.vn\/wp-content\/uploads\/2024\/04\/GL-50-3-400x400.png 400w\" sizes=\"(max-width: 600px) 100vw, 600px\" \/><figcaption id=\"caption-attachment-23638\" class=\"wp-caption-text\">GL-50W c\u00f4ng su\u1ea5t l\u1edbn, chip LED ph\u1ee7 r\u1ed9ng, m\u1eb7t sau ch\u1eafc ch\u1eafn v\u1edbi 2 v\u00edt c\u1ed1 \u0111\u1ecbnh.<\/figcaption><\/figure>\n<h2><span class=\"ez-toc-section\" id=\"Dac_Diem_Noi_Bat_Cua_Den_LED_San_Vuon_GL-50W\"><\/span>\u0110\u1eb7c \u0110i\u1ec3m N\u1ed5i B\u1eadt C\u1ee7a \u0110\u00e8n LED S\u00e2n V\u01b0\u1eddn GL-50W<span class=\"ez-toc-section-end\"><\/span><\/h2>\n<ol start=\"1\" data-spread=\"false\">\n<li>\n<h3><span class=\"ez-toc-section\" id=\"Hieu_Suat_Quang_Vuot_Troi\"><\/span>Hi\u1ec7u Su\u1ea5t Quang V\u01b0\u1ee3t Tr\u1ed9i<span class=\"ez-toc-section-end\"><\/span><\/h3>\n<\/li>\n<\/ol>\n<ul data-spread=\"false\">\n<li>Hi\u1ec7u su\u1ea5t quang: 110 ~ 120 Lm\/W, cung c\u1ea5p \u00e1nh s\u00e1ng m\u1ea1nh m\u1ebd, \u0111\u1ec1u v\u00e0 kh\u00f4ng g\u00e2y l\u00f3a m\u1eaft.<\/li>\n<li>Ch\u1ec9 s\u1ed1 ho\u00e0n m\u00e0u CRI &gt;80Ra, cho \u00e1nh s\u00e1ng trung th\u1ef1c, gi\u00fap quan s\u00e1t v\u1eadt th\u1ec3 r\u00f5 r\u00e0ng v\u00e0o ban \u0111\u00eam.<\/li>\n<\/ul>\n<ol start=\"2\" data-spread=\"false\">\n<li>\n<h3><span class=\"ez-toc-section\" id=\"Da_Dang_Mau_Sac_Anh\"><\/span>\u0110a D\u1ea1ng M\u00e0u S\u1eafc \u00c1nh<span class=\"ez-toc-section-end\"><\/span><\/h3>\n<\/li>\n<\/ol>\n<p>S\u00e1ng S\u1ea3n ph\u1ea9m c\u00f3 ba t\u00f9y ch\u1ecdn m\u00e0u s\u1eafc \u00e1nh s\u00e1ng:<\/p>\n<ul data-spread=\"false\">\n<li>3000K: \u00c1nh s\u00e1ng v\u00e0ng \u1ea5m, t\u1ea1o c\u1ea3m gi\u00e1c \u1ea5m c\u00fang, th\u01b0 gi\u00e3n.<\/li>\n<li>4000K: \u00c1nh s\u00e1ng trung t\u00ednh, ph\u00f9 h\u1ee3p v\u1edbi kh\u00f4ng gian t\u1ef1 nhi\u00ean.<\/li>\n<li>6000K: \u00c1nh s\u00e1ng tr\u1eafng s\u00e1ng, l\u00fd t\u01b0\u1edfng cho c\u00e1c khu v\u1ef1c c\u1ea7n \u00e1nh s\u00e1ng m\u1ea1nh.<\/li>\n<\/ul>\n<figure id=\"attachment_25725\" aria-describedby=\"caption-attachment-25725\" style=\"width: 560px\" class=\"wp-caption aligncenter\"><img decoding=\"async\" class=\"wp-image-25725\" src=\"https:\/\/kawaled.com.vn\/wp-content\/uploads\/2025\/08\/den-led-gls36w-3-mau-anh-sang.webp\" alt=\"\u0111\u00e8n led GLS-36W v\u1edbi 3 m\u00e0u \u00e1nh s\u00e1ng tr\u1eafng, trung t\u00ednh v\u00e0 v\u00e0ng\" width=\"560\" height=\"560\" \/><figcaption id=\"caption-attachment-25725\" class=\"wp-caption-text\">3 m\u00e0u \u00e1nh s\u00e1ng: Tr\u1eafng 6000K, Trung t\u00ednh 4000K, V\u00e0ng 3000K.<\/figcaption><\/figure>\n<ol start=\"3\" data-spread=\"false\">\n<li>\n<h3><span class=\"ez-toc-section\" id=\"Do_Ben_Va_Kha_Nang_Chong_Chiu_Moi_Truong\"><\/span>\u0110\u1ed9 B\u1ec1n V\u00e0 Kh\u1ea3 N\u0103ng Ch\u1ed1ng Ch\u1ecbu M\u00f4i Tr\u01b0\u1eddng<span class=\"ez-toc-section-end\"><\/span><\/h3>\n<\/li>\n<\/ol>\n<ul data-spread=\"false\">\n<li>Chu\u1ea9n k\u00edn n\u01b0\u1edbc IP66: \u0110\u00e8n LED s\u00e2n v\u01b0\u1eddn ch\u1ed1ng n\u01b0\u1edbc v\u00e0 b\u1ee5i hi\u1ec7u qu\u1ea3, v\u1eadn h\u00e0nh t\u1ed1t d\u01b0\u1edbi \u0111i\u1ec1u ki\u1ec7n th\u1eddi ti\u1ebft kh\u1eafc nghi\u1ec7t.<\/li>\n<li>Tu\u1ed5i th\u1ecd l\u00ean \u0111\u1ebfn 30.000 gi\u1edd, gi\u1ea3m thi\u1ec3u chi ph\u00ed b\u1ea3o tr\u00ec v\u00e0 thay th\u1ebf thi\u1ebft b\u1ecb.<\/li>\n<\/ul>\n<figure id=\"attachment_25815\" aria-describedby=\"caption-attachment-25815\" style=\"width: 560px\" class=\"wp-caption aligncenter\"><img decoding=\"async\" class=\"wp-image-25815\" src=\"https:\/\/kawaled.com.vn\/wp-content\/uploads\/2025\/09\/den-san-vuon-gls24w-ngoai-troi-mua.webp\" alt=\"\u0110\u00e8n s\u00e2n v\u01b0\u1eddn GLS-24W c\u1ea3m \u1ee9ng \u00e1nh s\u00e1ng ho\u1ea1t \u0111\u1ed9ng ngo\u00e0i tr\u1eddi khi tr\u1eddi m\u01b0a, ch\u1ed1ng n\u01b0\u1edbc IP66\" width=\"560\" height=\"560\" \/><figcaption id=\"caption-attachment-25815\" class=\"wp-caption-text\">\u0110\u00e8n GL-50W chi\u1ebfu s\u00e1ng l\u1ed1i \u0111i s\u00e2n v\u01b0\u1eddn, ho\u1ea1t \u0111\u1ed9ng \u1ed5n \u0111\u1ecbnh k\u1ec3 c\u1ea3 tr\u1eddi m\u01b0a<\/figcaption><\/figure>\n<ol start=\"4\" data-spread=\"false\">\n<li>\n<h3><span class=\"ez-toc-section\" id=\"Tiet_Kiem_Nang_Luong\"><\/span>Ti\u1ebft Ki\u1ec7m N\u0103ng L\u01b0\u1ee3ng<span class=\"ez-toc-section-end\"><\/span><\/h3>\n<\/li>\n<\/ol>\n<ul data-spread=\"false\">\n<li>H\u1ec7 s\u1ed1 c\u00f4ng su\u1ea5t &gt;=0,95 gi\u00fap s\u1eed d\u1ee5ng n\u0103ng l\u01b0\u1ee3ng hi\u1ec7u qu\u1ea3 h\u01a1n.<\/li>\n<li>C\u00f4ng ngh\u1ec7 LED ti\u00ean ti\u1ebfn gi\u00fap ti\u1ebft ki\u1ec7m \u0111\u1ebfn 80% \u0111i\u1ec7n n\u0103ng so v\u1edbi c\u00e1c lo\u1ea1i \u0111\u00e8n truy\u1ec1n th\u1ed1ng.<\/li>\n<\/ul>\n<h2><span class=\"ez-toc-section\" id=\"Ung_Dung_Cua_Den_LED_GL-50W\"><\/span>\u1ee8ng D\u1ee5ng C\u1ee7a \u0110\u00e8n LED GL-50W<span class=\"ez-toc-section-end\"><\/span><\/h2>\n<ol start=\"1\" data-spread=\"true\">\n<li>S\u00e2n V\u01b0\u1eddn Gia \u0110\u00ecnh V\u1edbi thi\u1ebft k\u1ebf sang tr\u1ecdng, \u0111\u00e8n LED GL-50W kh\u00f4ng ch\u1ec9 chi\u1ebfu s\u00e1ng m\u00e0 c\u00f2n l\u00e0 \u0111\u00e8n trang tr\u00ed s\u00e2n v\u01b0\u1eddn, l\u00e0m \u0111\u1eb9p kh\u00f4ng gian s\u1ed1ng hi\u1ec7n \u0111\u1ea1i.<\/li>\n<\/ol>\n<figure id=\"attachment_25619\" aria-describedby=\"caption-attachment-25619\" style=\"width: 560px\" class=\"wp-caption aligncenter\"><img decoding=\"async\" class=\"wp-image-25619\" src=\"https:\/\/kawaled.com.vn\/wp-content\/uploads\/2025\/08\/den-led-san-vuon-ngoai-troi-hang-rao-gls.webp\" alt=\"\u0110\u00e8n LED s\u00e2n v\u01b0\u1eddn ngo\u00e0i tr\u1eddi l\u1eafp d\u1ecdc h\u00e0ng r\u00e0o\" width=\"560\" height=\"560\" \/><figcaption id=\"caption-attachment-25619\" class=\"wp-caption-text\">H\u1ec7 th\u1ed1ng \u0111\u00e8n LED s\u00e2n v\u01b0\u1eddn l\u1eafp d\u1ecdc h\u00e0ng r\u00e0o, \u00e1nh s\u00e1ng d\u1ecbu v\u00e0 th\u1ea9m m\u1ef9<\/figcaption><\/figure>\n<ol start=\"1\" data-spread=\"true\">\n<li>C\u00f4ng Vi\u00ean V\u00e0 Khu V\u1ef1c C\u00f4ng C\u1ed9ng \u0110\u00e8n GL-50W v\u1edbi kh\u1ea3 n\u0103ng ch\u1ed1ng n\u01b0\u1edbc IP66 l\u00e0 l\u1ef1a ch\u1ecdn l\u00fd t\u01b0\u1edfng cho c\u00f4ng vi\u00ean, b\u00e3i \u0111\u1ed7 xe, l\u1ed1i \u0111i b\u1ed9 ho\u1eb7c qu\u1ea3ng tr\u01b0\u1eddng \u2013 nh\u1eefng n\u01a1i y\u00eau c\u1ea7u \u0111\u1ed9 b\u1ec1n cao v\u00e0 \u00e1nh s\u00e1ng \u1ed5n \u0111\u1ecbnh.<\/li>\n<li>C\u00e1c C\u00f4ng Tr\u00ecnh C\u00f4ng C\u1ed9ng Kh\u00e1c S\u1ea3n ph\u1ea9m \u0111\u01b0\u1ee3c \u1ee9ng d\u1ee5ng r\u1ed9ng r\u00e3i t\u1ea1i c\u00e1c trung t\u00e2m th\u01b0\u01a1ng m\u1ea1i, khu vui ch\u01a1i gi\u1ea3i tr\u00ed, to\u00e0 nh\u00e0 l\u1edbn \u2013 n\u01a1i c\u1ea7n \u0111\u00e8n LED ngo\u00e0i tr\u1eddi v\u1eeba hi\u1ec7u qu\u1ea3, v\u1eeba ti\u1ebft ki\u1ec7m chi ph\u00ed v\u1eadn h\u00e0nh.<\/li>\n<\/ol>\n<figure id=\"attachment_25814\" aria-describedby=\"caption-attachment-25814\" style=\"width: 560px\" class=\"wp-caption aligncenter\"><img decoding=\"async\" class=\"wp-image-25814\" src=\"https:\/\/kawaled.com.vn\/wp-content\/uploads\/2025\/09\/den-san-vuon-nghi-duong-gls24w.webp\" alt=\"\u0110\u00e8n s\u00e2n v\u01b0\u1eddn GLS-24W chi\u1ebfu s\u00e1ng l\u1ed1i \u0111i khu ngh\u1ec9 d\u01b0\u1ee1ng, \u00e1nh s\u00e1ng hi\u1ec7n \u0111\u1ea1i, ti\u1ebft ki\u1ec7m \u0111i\u1ec7n\" width=\"560\" height=\"560\" \/><figcaption id=\"caption-attachment-25814\" class=\"wp-caption-text\">\u0110\u00e8n LED GL-50W \u1ee9ng d\u1ee5ng r\u1ed9ng r\u00e3i trong resort, c\u00f4ng vi\u00ean, khu sinh th\u00e1i<\/figcaption><\/figure>\n<h2><span class=\"ez-toc-section\" id=\"Loi_Ich_Khi_Su_Dung_Den_LED_GL-50W\"><\/span>L\u1ee3i \u00cdch Khi S\u1eed D\u1ee5ng \u0110\u00e8n LED GL-50W<span class=\"ez-toc-section-end\"><\/span><\/h2>\n<ol start=\"1\" data-spread=\"false\">\n<li>\n<h3><span class=\"ez-toc-section\" id=\"Toi_Uu_Hoa_Chi_Phi\"><\/span>T\u1ed1i \u01afu H\u00f3a Chi Ph\u00ed<span class=\"ez-toc-section-end\"><\/span><\/h3>\n<\/li>\n<\/ol>\n<ul data-spread=\"false\">\n<li>C\u00f4ng ngh\u1ec7 LED ti\u1ebft ki\u1ec7m n\u0103ng l\u01b0\u1ee3ng, gi\u1ea3m chi ph\u00ed \u0111i\u1ec7n h\u1eb1ng th\u00e1ng.<\/li>\n<li>Tu\u1ed5i th\u1ecd cao, h\u1ea1n ch\u1ebf vi\u1ec7c thay th\u1ebf th\u01b0\u1eddng xuy\u00ean.<\/li>\n<\/ul>\n<ol start=\"2\" data-spread=\"false\">\n<li>\n<h3><span class=\"ez-toc-section\" id=\"Tang_Tinh_Tham_My\"><\/span>T\u0103ng T\u00ednh Th\u1ea9m M\u1ef9<span class=\"ez-toc-section-end\"><\/span><\/h3>\n<\/li>\n<\/ol>\n<ul data-spread=\"false\">\n<li>\u0110\u00e8n c\u00f3 ba l\u1ef1a ch\u1ecdn m\u00e0u \u00e1nh s\u00e1ng, d\u1ec5 d\u00e0ng ph\u00f9 h\u1ee3p v\u1edbi nhi\u1ec1u phong c\u00e1ch ki\u1ebfn tr\u00fac ngo\u00e0i tr\u1eddi.<\/li>\n<li>Thi\u1ebft k\u1ebf m\u1ecfng, g\u1ecdn, hi\u1ec7n \u0111\u1ea1i \u2013 ho\u00e0n h\u1ea3o cho m\u1ecdi kh\u00f4ng gian t\u1eeb c\u1ed5 \u0111i\u1ec3n \u0111\u1ebfn hi\u1ec7n \u0111\u1ea1i.<\/li>\n<\/ul>\n<figure id=\"attachment_25812\" aria-describedby=\"caption-attachment-25812\" style=\"width: 560px\" class=\"wp-caption aligncenter\"><img decoding=\"async\" class=\"wp-image-25812\" src=\"https:\/\/kawaled.com.vn\/wp-content\/uploads\/2025\/09\/den-san-vuon-cam-ung-anh-sang-cong-nha.webp\" alt=\"\u0110\u00e8n LED s\u00e2n v\u01b0\u1eddn hi\u1ec7n \u0111\u1ea1i l\u1eafp \u0111\u1eb7t \u1edf c\u1ed5ng nh\u00e0, chi\u1ebfu s\u00e1ng t\u1ef1 \u0111\u1ed9ng khi tr\u1eddi t\u1ed1i\" width=\"560\" height=\"560\" \/><figcaption id=\"caption-attachment-25812\" class=\"wp-caption-text\">\u0110\u00e8n s\u00e2n v\u01b0\u1eddn ngo\u00e0i tr\u1eddi GL-50W mang l\u1ea1i an ninh v\u00e0 th\u1ea9m m\u1ef9 cho c\u1ed5ng nh\u00e0<\/figcaption><\/figure>\n<h2><span class=\"ez-toc-section\" id=\"Vi_Sao_Nen_Chon_Den_LED_GL-50W\"><\/span>V\u00ec Sao N\u00ean Ch\u1ecdn \u0110\u00e8n LED GL-50W?<span class=\"ez-toc-section-end\"><\/span><\/h2>\n<ol start=\"1\" data-spread=\"true\">\n<li>Ch\u1ea5t L\u01b0\u1ee3ng V\u01b0\u1ee3t Tr\u1ed9i \u0110\u00e8n LED S\u00e2n V\u01b0\u1eddn S\u1ea3n ph\u1ea9m \u0111\u01b0\u1ee3c s\u1ea3n xu\u1ea5t theo ti\u00eau chu\u1ea9n cao, \u0111\u1ea3m b\u1ea3o ho\u1ea1t \u0111\u1ed9ng \u1ed5n \u0111\u1ecbnh l\u00e2u d\u00e0i trong m\u1ecdi \u0111i\u1ec1u ki\u1ec7n kh\u00ed h\u1eadu.<\/li>\n<li>Th\u00e2n Thi\u1ec7n V\u1edbi M\u00f4i Tr\u01b0\u1eddng Kh\u00f4ng ch\u1ee9a th\u1ee7y ng\u00e2n, kh\u00f4ng ph\u00e1t tia UV \u2013 \u0111\u00e8n LED s\u00e2n v\u01b0\u1eddn GL-50W l\u00e0 l\u1ef1a ch\u1ecdn an to\u00e0n cho s\u1ee9c kh\u1ecfe v\u00e0 th\u00e2n thi\u1ec7n v\u1edbi m\u00f4i tr\u01b0\u1eddng.<\/li>\n<li>L\u1eafp \u0110\u1eb7t V\u00e0 S\u1eed D\u1ee5ng D\u1ec5 D\u00e0ng Thi\u1ebft k\u1ebf nh\u1ecf g\u1ecdn, d\u1ec5 thi c\u00f4ng, ph\u00f9 h\u1ee3p l\u1eafp t\u1ea1i nhi\u1ec1u khu v\u1ef1c kh\u00e1c nhau, k\u1ec3 c\u1ea3 ngo\u00e0i tr\u1eddi m\u01b0a n\u1eafng th\u01b0\u1eddng xuy\u00ean.<\/li>\n<\/ol>\n<h2><span class=\"ez-toc-section\" id=\"Ket_Luan\"><\/span>K\u1ebft Lu\u1eadn<span class=\"ez-toc-section-end\"><\/span><\/h2>\n<p>\u0110\u00e8n LED s\u00e2n v\u01b0\u1eddn GL-50W l\u00e0 gi\u1ea3i ph\u00e1p chi\u1ebfu s\u00e1ng l\u00fd t\u01b0\u1edfng v\u1edbi c\u00f4ng ngh\u1ec7 LED hi\u1ec7n \u0111\u1ea1i, ti\u1ebft ki\u1ec7m \u0111i\u1ec7n n\u0103ng, \u0111\u1ed9 b\u1ec1n cao v\u00e0 ph\u00f9 h\u1ee3p cho nhi\u1ec1u kh\u00f4ng gian s\u1eed d\u1ee5ng kh\u00e1c nhau. Kh\u00f4ng ch\u1ec9 l\u00e0 \u0111\u00e8n LED trang tr\u00ed, s\u1ea3n ph\u1ea9m c\u00f2n n\u00e2ng t\u1ea7m kh\u00f4ng gian s\u1ed1ng, g\u00f3p ph\u1ea7n t\u1ea1o n\u00ean kh\u00f4ng gian ngo\u00e0i tr\u1eddi an to\u00e0n v\u00e0 \u0111\u1eb9p m\u1eaft.<\/p>\n<p>H\u00e3y l\u1ef1a ch\u1ecdn GL-50W \u0111\u1ec3 t\u1ed1i \u01b0u h\u00f3a chi\u1ebfu s\u00e1ng s\u00e2n v\u01b0\u1eddn, c\u00f4ng vi\u00ean ho\u1eb7c khu v\u1ef1c c\u00f4ng c\u1ed9ng c\u1ee7a b\u1ea1n ngay h\u00f4m nay!<\/p>\n<p>Tham kh\u1ea3o th\u00eam c\u00e1c thi\u1ebft b\u1ecb \u0111i\u1ec7n th\u00f4ng minh: <a href=\"https:\/\/kawasan.vn\/\" target=\"_blank\" rel=\"noopener\"><strong>T\u1ea1i \u0110\u00e2y!<\/strong><\/a><\/p>\n<\/div>\n<\/div>\n<\/div>\n<\/div>\n<\/div>\n<\/div>","protected":false},"excerpt":{"rendered":"<p>Gi\u1edbi Thi\u1ec7u \u0110\u00e8n LED S\u00e2n V\u01b0\u1eddn GL-50W Trong c\u00e1c kh\u00f4ng gian ngo\u00e0i tr\u1eddi nh\u01b0 s\u00e2n v\u01b0\u1eddn, c\u00f4ng vi\u00ean, ho\u1eb7c khu v\u1ef1c c\u00f4ng c\u1ed9ng, vi\u1ec7c l\u1ef1a ch\u1ecdn thi\u1ebft b\u1ecb chi\u1ebfu s\u00e1ng ph\u00f9 h\u1ee3p kh\u00f4ng ch\u1ec9 \u0111\u00e1p \u1ee9ng nhu c\u1ea7u chi\u1ebfu s\u00e1ng m\u00e0 c\u00f2n n\u00e2ng cao hi\u1ec7u qu\u1ea3 s\u1eed d\u1ee5ng n\u0103ng l\u01b0\u1ee3ng. \u0110\u00e8n LED s\u00e2n v\u01b0\u1eddn GL-50W [&hellip;]<\/p>","protected":false},"featured_media":25800,"comment_status":"open","ping_status":"closed","template":"","meta":{"rank_math_description":"\u0110\u00e8n LED s\u00e2n v\u01b0\u1eddn GL-50W Kawaled gi\u1ea3m gi\u00e1 58%, b\u1ec1n tr\u00ean 5 n\u0103m, ch\u1ed1ng n\u01b0\u1edbc IP66, b\u1ea3o h\u00e0nh 2 n\u0103m an t\u00e2m d\u00f9ng. Si\u00eau ti\u1ebft ki\u1ec7m, Mua ngay!","rank_math_focus_keyword":"\u0110\u00e8n led s\u00e2n v\u01b0\u1eddn,\u0110\u00e8n led ngo\u00e0i tr\u1eddi,\u0111\u00e8n led trang tr\u00ed,\u0111\u00e8n s\u00e2n v\u01b0\u1eddn ngo\u00e0i tr\u1eddi","rank_math_secondary_keywords":""},"product_cat":[1750],"product_tag":[2716,2717,2713,2709,2707,2718,2689,2715,2710],"class_list":["post-22021","product","type-product","status-publish","has-post-thumbnail","hentry","product_cat-den-pha-led-chieu-sang-duong-pho","product_tag-bong-den-san-vuon","product_tag-bong-den-trang-tri-san-vuon","product_tag-cac-loai-den-san-vuon","product_tag-den-chieu-sang-san-vuon","product_tag-den-led-san-vuon","product_tag-den-led-trang-tri-san-vuon","product_tag-den-san-vuon","product_tag-den-san-vuon-hien-dai","product_tag-den-san-vuon-ngoai-troi"],"acf":[],"_links":{"self":[{"href":"https:\/\/kawaled.com.vn\/en\/wp-json\/wp\/v2\/product\/22021","targetHints":{"allow":["GET"]}}],"collection":[{"href":"https:\/\/kawaled.com.vn\/en\/wp-json\/wp\/v2\/product"}],"about":[{"href":"https:\/\/kawaled.com.vn\/en\/wp-json\/wp\/v2\/types\/product"}],"replies":[{"embeddable":true,"href":"https:\/\/kawaled.com.vn\/en\/wp-json\/wp\/v2\/comments?post=22021"}],"version-history":[{"count":0,"href":"https:\/\/kawaled.com.vn\/en\/wp-json\/wp\/v2\/product\/22021\/revisions"}],"wp:featuredmedia":[{"embeddable":true,"href":"https:\/\/kawaled.com.vn\/en\/wp-json\/wp\/v2\/media\/25800"}],"wp:attachment":[{"href":"https:\/\/kawaled.com.vn\/en\/wp-json\/wp\/v2\/media?parent=22021"}],"wp:term":[{"taxonomy":"product_cat","embeddable":true,"href":"https:\/\/kawaled.com.vn\/en\/wp-json\/wp\/v2\/product_cat?post=22021"},{"taxonomy":"product_tag","embeddable":true,"href":"https:\/\/kawaled.com.vn\/en\/wp-json\/wp\/v2\/product_tag?post=22021"}],"curies":[{"name":"wp","href":"https:\/\/api.w.org\/{rel}","templated":true}]}}