{"id":22019,"date":"2024-04-22T14:20:26","date_gmt":"2024-04-22T07:20:26","guid":{"rendered":"https:\/\/kawaled.123websitedev.com\/san-pham\/den-led-cam-ung-san-vuon-cong-vien-gl24w\/"},"modified":"2026-03-26T11:56:45","modified_gmt":"2026-03-26T04:56:45","slug":"den-led-san-vuon-cong-vien-gl24w-kawaled","status":"publish","type":"product","link":"https:\/\/kawaled.com.vn\/en\/product\/den-led-san-vuon-cong-vien-gl24w-kawaled\/","title":{"rendered":"\u0110\u00e8n Led S\u00e2n V\u01b0\u1eddn, C\u00f4ng Vi\u00ean GL-24W"},"content":{"rendered":"<div class=\"flex-shrink-0 flex flex-col relative items-end\">\n<div class=\"pt-0\">\n<div class=\"gizmo-bot-avatar flex h-8 w-8 items-center justify-center overflow-hidden rounded-full\">\n<div class=\"flex-shrink-0 flex flex-col relative items-end\">\n<div class=\"pt-0\">\n<div class=\"gizmo-bot-avatar flex h-8 w-8 items-center justify-center overflow-hidden rounded-full\">\n<div class=\"flex-shrink-0 flex flex-col relative items-end\">\n<div>\n<div class=\"pt-0\">\n<h2 class=\"gizmo-bot-avatar flex h-8 w-8 items-center justify-center overflow-hidden rounded-full\"><span class=\"ez-toc-section\" id=\"_Gioi_Thieu_Den_LED_San_Vuon_GL-24W\"><\/span>\u00a0Gi\u1edbi Thi\u1ec7u \u0110\u00e8n LED S\u00e2n V\u01b0\u1eddn GL-24W<span class=\"ez-toc-section-end\"><\/span><\/h2><div id=\"ez-toc-container\" class=\"ez-toc-v2_0_69_1 counter-hierarchy ez-toc-counter ez-toc-grey ez-toc-container-direction\">\n<div class=\"ez-toc-title-container\">\n<p class=\"ez-toc-title\" >N\u1ed9i Dung B&agrave;i Vi\u1ebft<\/p>\n<span class=\"ez-toc-title-toggle\"><a href=\"#\" class=\"ez-toc-pull-right ez-toc-btn ez-toc-btn-xs ez-toc-btn-default ez-toc-toggle\" aria-label=\"Toggle Table of Content\"><span class=\"ez-toc-js-icon-con\"><span class=\"\"><span class=\"eztoc-hide\" style=\"display:none;\">Toggle<\/span><span class=\"ez-toc-icon-toggle-span\"><svg style=\"fill: #999;color:#999\" xmlns=\"http:\/\/www.w3.org\/2000\/svg\" class=\"list-377408\" width=\"20px\" height=\"20px\" viewbox=\"0 0 24 24\" fill=\"none\"><path d=\"M6 6H4v2h2V6zm14 0H8v2h12V6zM4 11h2v2H4v-2zm16 0H8v2h12v-2zM4 16h2v2H4v-2zm16 0H8v2h12v-2z\" fill=\"currentColor\"><\/path><\/svg><svg style=\"fill: #999;color:#999\" class=\"arrow-unsorted-368013\" xmlns=\"http:\/\/www.w3.org\/2000\/svg\" width=\"10px\" height=\"10px\" viewbox=\"0 0 24 24\" version=\"1.2\" baseprofile=\"tiny\"><path d=\"M18.2 9.3l-6.2-6.3-6.2 6.3c-.2.2-.3.4-.3.7s.1.5.3.7c.2.2.4.3.7.3h11c.3 0 .5-.1.7-.3.2-.2.3-.5.3-.7s-.1-.5-.3-.7zM5.8 14.7l6.2 6.3 6.2-6.3c.2-.2.3-.5.3-.7s-.1-.5-.3-.7c-.2-.2-.4-.3-.7-.3h-11c-.3 0-.5.1-.7.3-.2.2-.3.5-.3.7s.1.5.3.7z\"\/><\/svg><\/span><\/span><\/span><\/a><\/span><\/div>\n<nav><ul class='ez-toc-list ez-toc-list-level-1 eztoc-toggle-hide-by-default' ><li class='ez-toc-page-1 ez-toc-heading-level-2'><a class=\"ez-toc-link ez-toc-heading-1\" href=\"https:\/\/kawaled.com.vn\/en\/product\/den-led-san-vuon-cong-vien-gl24w-kawaled\/#_Gioi_Thieu_Den_LED_San_Vuon_GL-24W\" title=\"\u00a0Gi\u1edbi Thi\u1ec7u \u0110\u00e8n LED S\u00e2n V\u01b0\u1eddn GL-24W\">\u00a0Gi\u1edbi Thi\u1ec7u \u0110\u00e8n LED S\u00e2n V\u01b0\u1eddn GL-24W<\/a><\/li><li class='ez-toc-page-1 ez-toc-heading-level-2'><a class=\"ez-toc-link ez-toc-heading-2\" href=\"https:\/\/kawaled.com.vn\/en\/product\/den-led-san-vuon-cong-vien-gl24w-kawaled\/#Dac_Diem_Noi_Bat_Cua_Den_LED_San_Vuon_GL-24W\" title=\"\u0110\u1eb7c \u0110i\u1ec3m N\u1ed5i B\u1eadt C\u1ee7a \u0110\u00e8n LED S\u00e2n V\u01b0\u1eddn GL-24W\">\u0110\u1eb7c \u0110i\u1ec3m N\u1ed5i B\u1eadt C\u1ee7a \u0110\u00e8n LED S\u00e2n V\u01b0\u1eddn GL-24W<\/a><ul class='ez-toc-list-level-3' ><li class='ez-toc-heading-level-3'><a class=\"ez-toc-link ez-toc-heading-3\" href=\"https:\/\/kawaled.com.vn\/en\/product\/den-led-san-vuon-cong-vien-gl24w-kawaled\/#Hieu_Suat_Quang_Vuot_Troi\" title=\"Hi\u1ec7u Su\u1ea5t Quang V\u01b0\u1ee3t Tr\u1ed9i\">Hi\u1ec7u Su\u1ea5t Quang V\u01b0\u1ee3t Tr\u1ed9i<\/a><\/li><li class='ez-toc-page-1 ez-toc-heading-level-3'><a class=\"ez-toc-link ez-toc-heading-4\" href=\"https:\/\/kawaled.com.vn\/en\/product\/den-led-san-vuon-cong-vien-gl24w-kawaled\/#Da_Dang_Mau_Sac_Anh_Sang\" title=\"\u0110a D\u1ea1ng M\u00e0u S\u1eafc \u00c1nh S\u00e1ng\">\u0110a D\u1ea1ng M\u00e0u S\u1eafc \u00c1nh S\u00e1ng<\/a><\/li><li class='ez-toc-page-1 ez-toc-heading-level-3'><a class=\"ez-toc-link ez-toc-heading-5\" href=\"https:\/\/kawaled.com.vn\/en\/product\/den-led-san-vuon-cong-vien-gl24w-kawaled\/#Do_Ben_Va_Kha_Nang_Chong_Chiu_Moi_Truong\" title=\"\u0110\u1ed9 B\u1ec1n V\u00e0 Kh\u1ea3 N\u0103ng Ch\u1ed1ng Ch\u1ecbu M\u00f4i Tr\u01b0\u1eddng\">\u0110\u1ed9 B\u1ec1n V\u00e0 Kh\u1ea3 N\u0103ng Ch\u1ed1ng Ch\u1ecbu M\u00f4i Tr\u01b0\u1eddng<\/a><\/li><li class='ez-toc-page-1 ez-toc-heading-level-3'><a class=\"ez-toc-link ez-toc-heading-6\" href=\"https:\/\/kawaled.com.vn\/en\/product\/den-led-san-vuon-cong-vien-gl24w-kawaled\/#Tiet_Kiem_Nang_Luong\" title=\"Ti\u1ebft Ki\u1ec7m N\u0103ng L\u01b0\u1ee3ng\">Ti\u1ebft Ki\u1ec7m N\u0103ng L\u01b0\u1ee3ng<\/a><\/li><\/ul><\/li><li class='ez-toc-page-1 ez-toc-heading-level-2'><a class=\"ez-toc-link ez-toc-heading-7\" href=\"https:\/\/kawaled.com.vn\/en\/product\/den-led-san-vuon-cong-vien-gl24w-kawaled\/#Ung_Dung_Cua_Den_LED_GL-24W\" title=\"\u1ee8ng D\u1ee5ng C\u1ee7a \u0110\u00e8n LED GL-24W\">\u1ee8ng D\u1ee5ng C\u1ee7a \u0110\u00e8n LED GL-24W<\/a><\/li><li class='ez-toc-page-1 ez-toc-heading-level-2'><a class=\"ez-toc-link ez-toc-heading-8\" href=\"https:\/\/kawaled.com.vn\/en\/product\/den-led-san-vuon-cong-vien-gl24w-kawaled\/#Loi_Ich_Khi_Su_Dung_Den_LED_GL-24W\" title=\"L\u1ee3i \u00cdch Khi S\u1eed D\u1ee5ng \u0110\u00e8n LED GL-24W\">L\u1ee3i \u00cdch Khi S\u1eed D\u1ee5ng \u0110\u00e8n LED GL-24W<\/a><ul class='ez-toc-list-level-3' ><li class='ez-toc-heading-level-3'><a class=\"ez-toc-link ez-toc-heading-9\" href=\"https:\/\/kawaled.com.vn\/en\/product\/den-led-san-vuon-cong-vien-gl24w-kawaled\/#Toi_Uu_Hoa_Chi_Phi\" title=\"T\u1ed1i \u01afu H\u00f3a Chi Ph\u00ed\">T\u1ed1i \u01afu H\u00f3a Chi Ph\u00ed<\/a><\/li><li class='ez-toc-page-1 ez-toc-heading-level-3'><a class=\"ez-toc-link ez-toc-heading-10\" href=\"https:\/\/kawaled.com.vn\/en\/product\/den-led-san-vuon-cong-vien-gl24w-kawaled\/#Tang_Tinh_Tham_My\" title=\"T\u0103ng T\u00ednh Th\u1ea9m M\u1ef9\">T\u0103ng T\u00ednh Th\u1ea9m M\u1ef9<\/a><\/li><\/ul><\/li><li class='ez-toc-page-1 ez-toc-heading-level-2'><a class=\"ez-toc-link ez-toc-heading-11\" href=\"https:\/\/kawaled.com.vn\/en\/product\/den-led-san-vuon-cong-vien-gl24w-kawaled\/#Vi_Sao_Nen_Chon_Den_LED_GL-24W\" title=\"V\u00ec Sao N\u00ean Ch\u1ecdn \u0110\u00e8n LED GL-24W?\">V\u00ec Sao N\u00ean Ch\u1ecdn \u0110\u00e8n LED GL-24W?<\/a><\/li><li class='ez-toc-page-1 ez-toc-heading-level-2'><a class=\"ez-toc-link ez-toc-heading-12\" href=\"https:\/\/kawaled.com.vn\/en\/product\/den-led-san-vuon-cong-vien-gl24w-kawaled\/#Ket_Luan\" title=\"K\u1ebft Lu\u1eadn\">K\u1ebft Lu\u1eadn<\/a><\/li><\/ul><\/nav><\/div>\n\n<\/div>\n<\/div>\n<\/div>\n<div class=\"group\/conversation-turn relative flex w-full min-w-0 flex-col agent-turn\">\n<div class=\"flex-col gap-1 md:gap-3\">\n<div class=\"flex max-w-full flex-col flex-grow\">\n<div class=\"min-h-8 text-message flex w-full flex-col items-end gap-2 whitespace-normal break-words [.text-message+&amp;]:mt-5\" dir=\"auto\" data-message-author-role=\"assistant\" data-message-id=\"50486cd5-c04f-4d3e-a1e5-054b67dc781d\" data-message-model-slug=\"gpt-4o\">\n<div class=\"flex w-full flex-col gap-1 empty:hidden first:pt-[3px]\">\n<div class=\"markdown prose w-full break-words dark:prose-invert dark\">\n<p>Trong c\u00e1c kh\u00f4ng gian ngo\u00e0i tr\u1eddi nh\u01b0 s\u00e2n v\u01b0\u1eddn, c\u00f4ng vi\u00ean, ho\u1eb7c khu v\u1ef1c c\u00f4ng c\u1ed9ng, vi\u1ec7c l\u1ef1a ch\u1ecdn thi\u1ebft b\u1ecb chi\u1ebfu s\u00e1ng ph\u00f9 h\u1ee3p kh\u00f4ng ch\u1ec9 \u0111\u00e1p \u1ee9ng nhu c\u1ea7u chi\u1ebfu s\u00e1ng m\u00e0 c\u00f2n n\u00e2ng cao hi\u1ec7u qu\u1ea3 s\u1eed d\u1ee5ng n\u0103ng l\u01b0\u1ee3ng. <a href=\"https:\/\/kawaled.com.vn\/danh-muc-san-pham\/den-pha-led-chieu-sang-duong-pho\/\">\u0110\u00e8n LED s\u00e2n v\u01b0\u1eddn<\/a> GL-24W l\u00e0 gi\u1ea3i ph\u00e1p ho\u00e0n h\u1ea3o gi\u00fap ti\u1ebft ki\u1ec7m \u0111i\u1ec7n n\u0103ng v\u00e0 t\u0103ng c\u01b0\u1eddng \u0111\u1ed9 an to\u00e0n.<\/p>\n<p>V\u1edbi thi\u1ebft k\u1ebf hi\u1ec7n \u0111\u1ea1i, t\u00edch h\u1ee3p c\u00f4ng ngh\u1ec7 ti\u00ean ti\u1ebfn, \u0111\u00e8n LED GL-24W <a href=\"https:\/\/kawaled.com.vn\/\">Kawaled<\/a> kh\u00f4ng ch\u1ec9 b\u1ec1n b\u1ec9 m\u00e0 c\u00f2n mang \u0111\u1ebfn t\u00ednh th\u1ea9m m\u1ef9 v\u00e0 hi\u1ec7u qu\u1ea3 v\u01b0\u1ee3t tr\u1ed9i. \u0110\u00e2y l\u00e0 d\u00f2ng \u0111\u00e8n LED ngo\u00e0i tr\u1eddi l\u00fd t\u01b0\u1edfng cho nhi\u1ec1u kh\u00f4ng gian kh\u00e1c nhau.<\/p>\n<figure id=\"attachment_23635\" aria-describedby=\"caption-attachment-23635\" style=\"width: 600px\" class=\"wp-caption aligncenter\"><img decoding=\"async\" class=\"size-full wp-image-23635\" src=\"https:\/\/kawaled.com.vn\/wp-content\/uploads\/2024\/04\/GL-24W-3.png\" alt=\"\u0110\u00e8n LED s\u00e2n v\u01b0\u1eddn GL-24W tr\u01b0\u1edbc v\u00e0 sau \u2013 nh\u1ecf g\u1ecdn ti\u1ebft ki\u1ec7m\" width=\"600\" height=\"600\" srcset=\"https:\/\/kawaled.com.vn\/wp-content\/uploads\/2024\/04\/GL-24W-3.png 600w, https:\/\/kawaled.com.vn\/wp-content\/uploads\/2024\/04\/GL-24W-3-400x400.png 400w\" sizes=\"(max-width: 600px) 100vw, 600px\" \/><figcaption id=\"caption-attachment-23635\" class=\"wp-caption-text\">Thi\u1ebft k\u1ebf nh\u1ecf g\u1ecdn, \u00e1nh s\u00e1ng hi\u1ec7u qu\u1ea3, ph\u00f9 h\u1ee3p cho kh\u00f4ng gian h\u1eb9p.<\/figcaption><\/figure>\n<h2><span class=\"ez-toc-section\" id=\"Dac_Diem_Noi_Bat_Cua_Den_LED_San_Vuon_GL-24W\"><\/span>\u0110\u1eb7c \u0110i\u1ec3m N\u1ed5i B\u1eadt C\u1ee7a \u0110\u00e8n LED S\u00e2n V\u01b0\u1eddn GL-24W<span class=\"ez-toc-section-end\"><\/span><\/h2>\n<ol start=\"1\" data-spread=\"false\">\n<li>\n<h3><span class=\"ez-toc-section\" id=\"Hieu_Suat_Quang_Vuot_Troi\"><\/span>Hi\u1ec7u Su\u1ea5t Quang V\u01b0\u1ee3t Tr\u1ed9i<span class=\"ez-toc-section-end\"><\/span><\/h3>\n<\/li>\n<\/ol>\n<ul data-spread=\"false\">\n<li>Hi\u1ec7u su\u1ea5t quang: 110 ~ 120 Lm\/W, cung c\u1ea5p \u00e1nh s\u00e1ng m\u1ea1nh m\u1ebd, \u0111\u1ec1u v\u00e0 kh\u00f4ng g\u00e2y l\u00f3a.<\/li>\n<li>Ch\u1ec9 s\u1ed1 ho\u00e0n m\u00e0u CRI &gt;80Ra, t\u00e1i t\u1ea1o \u00e1nh s\u00e1ng trung th\u1ef1c, gi\u00fap nh\u00ecn r\u00f5 v\u1eadt th\u1ec3 trong \u0111\u00eam.<\/li>\n<\/ul>\n<ol start=\"2\" data-spread=\"false\">\n<li>\n<h3><span class=\"ez-toc-section\" id=\"Da_Dang_Mau_Sac_Anh_Sang\"><\/span>\u0110a D\u1ea1ng M\u00e0u S\u1eafc \u00c1nh S\u00e1ng<span class=\"ez-toc-section-end\"><\/span><\/h3>\n<\/li>\n<\/ol>\n<p>S\u1ea3n ph\u1ea9m \u0111\u00e8n LED trang tr\u00ed s\u00e2n v\u01b0\u1eddn n\u00e0y c\u00f3 ba t\u00f9y ch\u1ecdn m\u00e0u \u00e1nh s\u00e1ng:<\/p>\n<ul data-spread=\"false\">\n<li>3000K: \u00c1nh s\u00e1ng v\u00e0ng \u1ea5m, t\u1ea1o c\u1ea3m gi\u00e1c th\u01b0 gi\u00e3n.<\/li>\n<li>4000K: \u00c1nh s\u00e1ng trung t\u00ednh, h\u00e0i h\u00f2a v\u1edbi kh\u00f4ng gian thi\u00ean nhi\u00ean.<\/li>\n<li>6000K: \u00c1nh s\u00e1ng tr\u1eafng s\u00e1ng, ph\u00f9 h\u1ee3p cho khu v\u1ef1c c\u1ea7n \u00e1nh s\u00e1ng cao.<\/li>\n<\/ul>\n<figure id=\"attachment_25463\" aria-describedby=\"caption-attachment-25463\" style=\"width: 560px\" class=\"wp-caption aligncenter\"><img decoding=\"async\" class=\"wp-image-25463\" src=\"https:\/\/kawaled.com.vn\/wp-content\/uploads\/2025\/08\/lua-chon-anh-sang-den-led-san-vuon-3-mau-GL-24W.webp\" alt=\"3 m\u00e0u \u00e1nh s\u00e1ng \u0111\u00e8n GL-24W ph\u00f9 h\u1ee3p t\u1eebng kh\u00f4ng gian\" width=\"560\" height=\"560\" \/><figcaption id=\"caption-attachment-25463\" class=\"wp-caption-text\">Ng\u01b0\u1eddi d\u00f9ng c\u00f3 th\u1ec3 ch\u1ecdn \u00e1nh s\u00e1ng tr\u1eafng, trung t\u00ednh ho\u1eb7c v\u00e0ng t\u00f9y theo m\u1ee5c \u0111\u00edch<\/figcaption><\/figure>\n<ol start=\"3\" data-spread=\"false\">\n<li>\n<h3><span class=\"ez-toc-section\" id=\"Do_Ben_Va_Kha_Nang_Chong_Chiu_Moi_Truong\"><\/span>\u0110\u1ed9 B\u1ec1n V\u00e0 Kh\u1ea3 N\u0103ng Ch\u1ed1ng Ch\u1ecbu M\u00f4i Tr\u01b0\u1eddng<span class=\"ez-toc-section-end\"><\/span><\/h3>\n<\/li>\n<\/ol>\n<ul data-spread=\"false\">\n<li>K\u00edn n\u01b0\u1edbc IP66: Ch\u1ed1ng n\u01b0\u1edbc v\u00e0 b\u1ee5i ho\u00e0n h\u1ea3o, ph\u00f9 h\u1ee3p l\u00e0m \u0111\u00e8n ngo\u00e0i tr\u1eddi.<\/li>\n<li>Tu\u1ed5i th\u1ecd l\u00ean \u0111\u1ebfn 30.000 gi\u1edd, gi\u1ea3m thi\u1ec3u chi ph\u00ed b\u1ea3o tr\u00ec v\u00e0 thay th\u1ebf.<\/li>\n<\/ul>\n<figure id=\"attachment_25815\" aria-describedby=\"caption-attachment-25815\" style=\"width: 560px\" class=\"wp-caption aligncenter\"><img decoding=\"async\" class=\"wp-image-25815\" src=\"https:\/\/kawaled.com.vn\/wp-content\/uploads\/2025\/09\/den-san-vuon-gls24w-ngoai-troi-mua.webp\" alt=\"\u0110\u00e8n s\u00e2n v\u01b0\u1eddn GLS-24W c\u1ea3m \u1ee9ng \u00e1nh s\u00e1ng ho\u1ea1t \u0111\u1ed9ng ngo\u00e0i tr\u1eddi khi tr\u1eddi m\u01b0a, ch\u1ed1ng n\u01b0\u1edbc IP66\" width=\"560\" height=\"560\" \/><figcaption id=\"caption-attachment-25815\" class=\"wp-caption-text\">\u0110\u00e8n GL-24W chi\u1ebfu s\u00e1ng l\u1ed1i \u0111i s\u00e2n v\u01b0\u1eddn, ho\u1ea1t \u0111\u1ed9ng \u1ed5n \u0111\u1ecbnh k\u1ec3 c\u1ea3 tr\u1eddi m\u01b0a<\/figcaption><\/figure>\n<ol start=\"4\" data-spread=\"false\">\n<li>\n<h3><span class=\"ez-toc-section\" id=\"Tiet_Kiem_Nang_Luong\"><\/span>Ti\u1ebft Ki\u1ec7m N\u0103ng L\u01b0\u1ee3ng<span class=\"ez-toc-section-end\"><\/span><\/h3>\n<\/li>\n<\/ol>\n<ul data-spread=\"false\">\n<li>H\u1ec7 s\u1ed1 c\u00f4ng su\u1ea5t &gt;=0,95 gi\u00fap t\u1ed1i \u01b0u hi\u1ec7u su\u1ea5t \u0111i\u1ec7n n\u0103ng.<\/li>\n<li>C\u00f4ng ngh\u1ec7 LED ti\u1ebft ki\u1ec7m \u0111\u1ebfn 80% \u0111i\u1ec7n so v\u1edbi \u0111\u00e8n truy\u1ec1n th\u1ed1ng.<\/li>\n<\/ul>\n<h2><span class=\"ez-toc-section\" id=\"Ung_Dung_Cua_Den_LED_GL-24W\"><\/span>\u1ee8ng D\u1ee5ng C\u1ee7a \u0110\u00e8n LED GL-24W<span class=\"ez-toc-section-end\"><\/span><\/h2>\n<ol start=\"1\" data-spread=\"true\">\n<li>S\u00e2n V\u01b0\u1eddn Gia \u0110\u00ecnh \u0110\u00e8n LED GL-24W kh\u00f4ng ch\u1ec9 chi\u1ebfu s\u00e1ng hi\u1ec7u qu\u1ea3 m\u00e0 c\u00f2n l\u00e0 \u0111i\u1ec3m nh\u1ea5n trang tr\u00ed s\u00e2n v\u01b0\u1eddn, l\u00e0m \u0111\u1eb9p kh\u00f4ng gian s\u1ed1ng.<\/li>\n<\/ol>\n<figure id=\"attachment_25619\" aria-describedby=\"caption-attachment-25619\" style=\"width: 560px\" class=\"wp-caption aligncenter\"><img decoding=\"async\" class=\"wp-image-25619\" src=\"https:\/\/kawaled.com.vn\/wp-content\/uploads\/2025\/08\/den-led-san-vuon-ngoai-troi-hang-rao-gls.webp\" alt=\"\u0110\u00e8n LED s\u00e2n v\u01b0\u1eddn ngo\u00e0i tr\u1eddi l\u1eafp d\u1ecdc h\u00e0ng r\u00e0o\" width=\"560\" height=\"560\" \/><figcaption id=\"caption-attachment-25619\" class=\"wp-caption-text\">H\u1ec7 th\u1ed1ng \u0111\u00e8n LED s\u00e2n v\u01b0\u1eddn l\u1eafp d\u1ecdc h\u00e0ng r\u00e0o, \u00e1nh s\u00e1ng d\u1ecbu v\u00e0 th\u1ea9m m\u1ef9<\/figcaption><\/figure>\n<ol start=\"1\" data-spread=\"true\">\n<li>C\u00f4ng Vi\u00ean V\u00e0 Khu V\u1ef1c C\u00f4ng C\u1ed9ng \u0110\u00e8n LED ngo\u00e0i tr\u1eddi GL-24W v\u1edbi IP66 l\u00e0 l\u1ef1a ch\u1ecdn l\u00fd t\u01b0\u1edfng cho c\u00f4ng vi\u00ean, b\u00e3i \u0111\u1ed7 xe, l\u1ed1i \u0111i b\u1ed9, qu\u1ea3ng tr\u01b0\u1eddng.<\/li>\n<li>C\u00e1c C\u00f4ng Tr\u00ecnh C\u00f4ng C\u1ed9ng Kh\u00e1c S\u1ea3n ph\u1ea9m \u0111\u01b0\u1ee3c \u1ee9ng d\u1ee5ng t\u1ea1i trung t\u00e2m th\u01b0\u01a1ng m\u1ea1i, khu vui ch\u01a1i, t\u00f2a nh\u00e0 l\u1edbn\u2026 n\u01a1i c\u1ea7n \u0111\u00e8n trang tr\u00ed ngo\u00e0i tr\u1eddi v\u1eeba b\u1ec1n b\u1ec9 v\u1eeba ti\u1ebft ki\u1ec7m \u0111i\u1ec7n.<\/li>\n<\/ol>\n<figure id=\"attachment_25727\" aria-describedby=\"caption-attachment-25727\" style=\"width: 560px\" class=\"wp-caption aligncenter\"><img decoding=\"async\" class=\"wp-image-25727\" src=\"https:\/\/kawaled.com.vn\/wp-content\/uploads\/2025\/08\/den-led-san-vuon-gls36w-ngoai-troi.webp\" alt=\"\u0111\u00e8n led s\u00e2n v\u01b0\u1eddn GLS-36W chi\u1ebfu s\u00e1ng l\u1ed1i \u0111i ngo\u00e0i tr\u1eddi\" width=\"560\" height=\"560\" \/><figcaption id=\"caption-attachment-25727\" class=\"wp-caption-text\">\u0110\u00e8n GL-24W l\u1eafp \u0111\u1eb7t chi\u1ebfu s\u00e1ng l\u1ed1i \u0111i trong v\u01b0\u1eddn.<\/figcaption><\/figure>\n<h2><span class=\"ez-toc-section\" id=\"Loi_Ich_Khi_Su_Dung_Den_LED_GL-24W\"><\/span>L\u1ee3i \u00cdch Khi S\u1eed D\u1ee5ng \u0110\u00e8n LED GL-24W<span class=\"ez-toc-section-end\"><\/span><\/h2>\n<ol start=\"1\" data-spread=\"false\">\n<li>\n<h3><span class=\"ez-toc-section\" id=\"Toi_Uu_Hoa_Chi_Phi\"><\/span>T\u1ed1i \u01afu H\u00f3a Chi Ph\u00ed<span class=\"ez-toc-section-end\"><\/span><\/h3>\n<\/li>\n<\/ol>\n<ul data-spread=\"false\">\n<li>Gi\u1ea3m \u0111i\u1ec7n n\u0103ng ti\u00eau th\u1ee5 \u0111\u00e1ng k\u1ec3<\/li>\n<li>Tu\u1ed5i th\u1ecd cao gi\u00fap gi\u1ea3m chi ph\u00ed thay th\u1ebf v\u00e0 b\u1ea3o tr\u00ec<\/li>\n<\/ul>\n<ol start=\"2\" data-spread=\"false\">\n<li>\n<h3><span class=\"ez-toc-section\" id=\"Tang_Tinh_Tham_My\"><\/span>T\u0103ng T\u00ednh Th\u1ea9m M\u1ef9<span class=\"ez-toc-section-end\"><\/span><\/h3>\n<\/li>\n<\/ol>\n<ul data-spread=\"false\">\n<li>\u00c1nh s\u00e1ng linh ho\u1ea1t v\u1edbi 3 nhi\u1ec7t \u0111\u1ed9 m\u00e0u<\/li>\n<li>Thi\u1ebft k\u1ebf hi\u1ec7n \u0111\u1ea1i, d\u1ec5 k\u1ebft h\u1ee3p v\u1edbi kh\u00f4ng gian ki\u1ebfn tr\u00fac s\u00e2n v\u01b0\u1eddn ho\u1eb7c c\u00f4ng c\u1ed9ng<\/li>\n<\/ul>\n<figure id=\"attachment_25814\" aria-describedby=\"caption-attachment-25814\" style=\"width: 560px\" class=\"wp-caption aligncenter\"><img decoding=\"async\" class=\"wp-image-25814\" src=\"https:\/\/kawaled.com.vn\/wp-content\/uploads\/2025\/09\/den-san-vuon-nghi-duong-gls24w.webp\" alt=\"\u0110\u00e8n s\u00e2n v\u01b0\u1eddn GLS-24W chi\u1ebfu s\u00e1ng l\u1ed1i \u0111i khu ngh\u1ec9 d\u01b0\u1ee1ng, \u00e1nh s\u00e1ng hi\u1ec7n \u0111\u1ea1i, ti\u1ebft ki\u1ec7m \u0111i\u1ec7n\" width=\"560\" height=\"560\" \/><figcaption id=\"caption-attachment-25814\" class=\"wp-caption-text\">\u0110\u00e8n LED GL-24W \u1ee9ng d\u1ee5ng r\u1ed9ng r\u00e3i trong resort, c\u00f4ng vi\u00ean, khu sinh th\u00e1i<\/figcaption><\/figure>\n<h2><span class=\"ez-toc-section\" id=\"Vi_Sao_Nen_Chon_Den_LED_GL-24W\"><\/span>V\u00ec Sao N\u00ean Ch\u1ecdn \u0110\u00e8n LED GL-24W?<span class=\"ez-toc-section-end\"><\/span><\/h2>\n<ol start=\"1\" data-spread=\"true\">\n<li>Ch\u1ea5t L\u01b0\u1ee3ng V\u01b0\u1ee3t Tr\u1ed9i \u0110\u00e8n LED s\u00e2n v\u01b0\u1eddn GL-24W \u0111\u01b0\u1ee3c s\u1ea3n xu\u1ea5t v\u1edbi ti\u00eau chu\u1ea9n ch\u1ea5t l\u01b0\u1ee3ng cao, \u0111\u1ea3m b\u1ea3o ho\u1ea1t \u0111\u1ed9ng \u1ed5n \u0111\u1ecbnh trong th\u1eddi gian d\u00e0i.<\/li>\n<li>Th\u00e2n Thi\u1ec7n V\u1edbi M\u00f4i Tr\u01b0\u1eddng Kh\u00f4ng ch\u1ee9a th\u1ee7y ng\u00e2n, kh\u00f4ng ph\u00e1t tia UV, an to\u00e0n cho s\u1ee9c kh\u1ecfe v\u00e0 m\u00f4i tr\u01b0\u1eddng.<\/li>\n<li>L\u1eafp \u0110\u1eb7t V\u00e0 S\u1eed D\u1ee5ng D\u1ec5 D\u00e0ng Thi\u1ebft k\u1ebf nh\u1ecf g\u1ecdn, d\u1ec5 l\u1eafp \u0111\u1eb7t \u1edf nhi\u1ec1u v\u1ecb tr\u00ed kh\u00e1c nhau, ho\u1ea1t \u0111\u1ed9ng t\u1ed1t trong m\u1ecdi \u0111i\u1ec1u ki\u1ec7n th\u1eddi ti\u1ebft.<\/li>\n<\/ol>\n<h2><span class=\"ez-toc-section\" id=\"Ket_Luan\"><\/span>K\u1ebft Lu\u1eadn<span class=\"ez-toc-section-end\"><\/span><\/h2>\n<p>\u0110\u00e8n LED s\u00e2n v\u01b0\u1eddn GL-24W l\u00e0 gi\u1ea3i ph\u00e1p chi\u1ebfu s\u00e1ng t\u1ed1i \u01b0u cho kh\u00f4ng gian ngo\u00e0i tr\u1eddi v\u1edbi hi\u1ec7u su\u1ea5t cao, b\u1ec1n b\u1ec9 v\u00e0 th\u00e2n thi\u1ec7n m\u00f4i tr\u01b0\u1eddng. S\u1ea3n ph\u1ea9m ph\u00f9 h\u1ee3p l\u00e0m \u0111\u00e8n LED trang tr\u00ed, \u0111\u00e8n ngo\u00e0i tr\u1eddi cho s\u00e2n v\u01b0\u1eddn, c\u00f4ng vi\u00ean, hay c\u00e1c c\u00f4ng tr\u00ecnh c\u00f4ng c\u1ed9ng. H\u00e3y ch\u1ecdn GL-24W \u0111\u1ec3 n\u00e2ng c\u1ea5p kh\u00f4ng gian c\u1ee7a b\u1ea1n tr\u1edf n\u00ean hi\u1ec7n \u0111\u1ea1i, ti\u1ebft ki\u1ec7m v\u00e0 an to\u00e0n h\u01a1n ngay h\u00f4m nay!<\/p>\n<p>Tham kh\u1ea3o th\u00eam c\u00e1c thi\u1ebft b\u1ecb \u0111i\u1ec7n th\u00f4ng minh: <a href=\"https:\/\/kawasan.vn\/\" target=\"_blank\" rel=\"noopener\"><strong>T\u1ea1i \u0110\u00e2y!<\/strong><\/a><\/p>\n<\/div>\n<\/div>\n<\/div>\n<\/div>\n<\/div>\n<\/div>\n<\/div>\n<\/div>\n<\/div>\n<div class=\"group\/conversation-turn relative flex w-full min-w-0 flex-col agent-turn\">\n<div class=\"flex-col gap-1 md:gap-3\">\n<div class=\"flex max-w-full flex-col flex-grow\">\n<div class=\"min-h-8 text-message flex w-full flex-col items-end gap-2 whitespace-normal break-words [.text-message+&amp;]:mt-5\" dir=\"auto\" data-message-author-role=\"assistant\" data-message-id=\"50486cd5-c04f-4d3e-a1e5-054b67dc781d\" data-message-model-slug=\"gpt-4o\">\n<div class=\"flex w-full flex-col gap-1 empty:hidden first:pt-[3px]\">\n<div class=\"markdown prose w-full break-words dark:prose-invert dark\"><\/div>\n<\/div>\n<\/div>\n<\/div>\n<\/div>\n<\/div>\n<\/div>\n<\/div>\n<\/div>\n<div class=\"group\/conversation-turn relative flex w-full min-w-0 flex-col agent-turn\">\n<div class=\"flex-col gap-1 md:gap-3\">\n<div class=\"flex max-w-full flex-col flex-grow\">\n<div class=\"min-h-8 text-message flex w-full flex-col items-end gap-2 whitespace-normal break-words [.text-message+&amp;]:mt-5\" dir=\"auto\" data-message-author-role=\"assistant\" data-message-id=\"50486cd5-c04f-4d3e-a1e5-054b67dc781d\" data-message-model-slug=\"gpt-4o\">\n<div class=\"flex w-full flex-col gap-1 empty:hidden first:pt-[3px]\">\n<div class=\"markdown prose w-full break-words dark:prose-invert dark\"><\/div>\n<\/div>\n<\/div>\n<\/div>\n<\/div>\n<\/div>","protected":false},"excerpt":{"rendered":"<p>\u00a0Gi\u1edbi Thi\u1ec7u \u0110\u00e8n LED S\u00e2n V\u01b0\u1eddn GL-24W Trong c\u00e1c kh\u00f4ng gian ngo\u00e0i tr\u1eddi nh\u01b0 s\u00e2n v\u01b0\u1eddn, c\u00f4ng vi\u00ean, ho\u1eb7c khu v\u1ef1c c\u00f4ng c\u1ed9ng, vi\u1ec7c l\u1ef1a ch\u1ecdn thi\u1ebft b\u1ecb chi\u1ebfu s\u00e1ng ph\u00f9 h\u1ee3p kh\u00f4ng ch\u1ec9 \u0111\u00e1p \u1ee9ng nhu c\u1ea7u chi\u1ebfu s\u00e1ng m\u00e0 c\u00f2n n\u00e2ng cao hi\u1ec7u qu\u1ea3 s\u1eed d\u1ee5ng n\u0103ng l\u01b0\u1ee3ng. \u0110\u00e8n LED s\u00e2n v\u01b0\u1eddn GL-24W [&hellip;]<\/p>","protected":false},"featured_media":25798,"comment_status":"open","ping_status":"closed","template":"","meta":{"rank_math_description":"\u0110\u00e8n led s\u00e2n v\u01b0\u1eddn c\u00f4ng vi\u00ean GL-24W, Hi\u1ec7u su\u1ea5t quang: 110~120 Lm\/W, \u00e1nh s\u00e1ng m\u1ea1nh m\u1ebd, kh\u00f4ng g\u00e2y l\u00f3a. S\u1ed1 ho\u00e0n m\u00e0u CRI: &gt;80Ra","rank_math_focus_keyword":"\u0110\u00e8n led s\u00e2n v\u01b0\u1eddn,\u0110\u00e8n led ngo\u00e0i tr\u1eddi,\u0111\u00e8n led trang tr\u00ed,\u0111\u00e8n ngo\u00e0i tr\u1eddi","rank_math_secondary_keywords":""},"product_cat":[1750],"product_tag":[2716,2717,2713,2723,2719,2720,2709,2708,2707,2718,2721,2722,2712,2689,2715,2710,2711],"class_list":["post-22019","product","type-product","status-publish","has-post-thumbnail","hentry","product_cat-den-pha-led-chieu-sang-duong-pho","product_tag-bong-den-san-vuon","product_tag-bong-den-trang-tri-san-vuon","product_tag-cac-loai-den-san-vuon","product_tag-den-cam-co-san-vuon","product_tag-den-cay-san-vuon","product_tag-den-chieu-san-vuon","product_tag-den-chieu-sang-san-vuon","product_tag-den-hat-san-vuon","product_tag-den-led-san-vuon","product_tag-den-led-trang-tri-san-vuon","product_tag-den-ngoai-troi-san-vuon","product_tag-den-pha-san-vuon","product_tag-den-roi-san-vuon","product_tag-den-san-vuon","product_tag-den-san-vuon-hien-dai","product_tag-den-san-vuon-ngoai-troi","product_tag-den-vuon"],"acf":[],"_links":{"self":[{"href":"https:\/\/kawaled.com.vn\/en\/wp-json\/wp\/v2\/product\/22019","targetHints":{"allow":["GET"]}}],"collection":[{"href":"https:\/\/kawaled.com.vn\/en\/wp-json\/wp\/v2\/product"}],"about":[{"href":"https:\/\/kawaled.com.vn\/en\/wp-json\/wp\/v2\/types\/product"}],"replies":[{"embeddable":true,"href":"https:\/\/kawaled.com.vn\/en\/wp-json\/wp\/v2\/comments?post=22019"}],"version-history":[{"count":0,"href":"https:\/\/kawaled.com.vn\/en\/wp-json\/wp\/v2\/product\/22019\/revisions"}],"wp:featuredmedia":[{"embeddable":true,"href":"https:\/\/kawaled.com.vn\/en\/wp-json\/wp\/v2\/media\/25798"}],"wp:attachment":[{"href":"https:\/\/kawaled.com.vn\/en\/wp-json\/wp\/v2\/media?parent=22019"}],"wp:term":[{"taxonomy":"product_cat","embeddable":true,"href":"https:\/\/kawaled.com.vn\/en\/wp-json\/wp\/v2\/product_cat?post=22019"},{"taxonomy":"product_tag","embeddable":true,"href":"https:\/\/kawaled.com.vn\/en\/wp-json\/wp\/v2\/product_tag?post=22019"}],"curies":[{"name":"wp","href":"https:\/\/api.w.org\/{rel}","templated":true}]}}