{"id":21983,"date":"2023-08-26T15:48:40","date_gmt":"2023-08-26T08:48:40","guid":{"rendered":"https:\/\/kawaled.123websitedev.com\/san-pham\/den-led-dia-bay-bnd170-50w\/"},"modified":"2026-01-20T11:30:17","modified_gmt":"2026-01-20T04:30:17","slug":"den-led-dia-bay-than-nhua-bnd170-50w","status":"publish","type":"product","link":"https:\/\/kawaled.com.vn\/en\/product\/den-led-dia-bay-than-nhua-bnd170-50w\/","title":{"rendered":"\u0110\u00c8N LED \u0110\u0128A BAY UFO TH\u00c2N NH\u1ef0A BND170-50W-T\/V"},"content":{"rendered":"<h2><span style=\"font-family: times new roman,times,serif;\"><span style=\"color: #000000;\"><span style=\"font-size: 16px;\"><strong>\u01afU \u0110I\u1ec2M N\u1ed4I B\u1eacT \u0110\u00c8N LED \u0110\u0128A BAY 50W KAWALED<\/strong><\/span><\/span><\/span><\/h2>\n<p><span style=\"font-family: times new roman,times,serif;\"><span style=\"color: #000000;\"><span style=\"font-size: 16px;\"><a href=\"https:\/\/kawaled.com.vn\/\">B\u00f3ng \u0111\u00e8n Led <\/a>\u0111\u0129a bay Kawaled, thi\u1ebft k\u1ebf \u0111\u1ed9c \u0111\u00e1o mang t\u00ednh th\u1ea9m m\u1ef9 cao. Ti\u1ebft ki\u1ec7m \u0111i\u1ec7n n\u0103ng hi\u1ec7u qu\u1ea3, gi\u1ea3i ph\u00e1p chi\u1ebfu s\u00e1ng h\u00e0ng \u0111\u1ea7u hi\u1ec7n nay.<\/span><\/span><\/span><\/p>\n<p><span style=\"font-family: times new roman,times,serif;\"><span style=\"color: #000000;\"><span style=\"font-size: 16px;\">\u0110\u00e8n \u0111\u0129a bay UFO v\u1edbi nhi\u1ec1u \u01b0u \u0111i\u1ec3m n\u1ed5i b\u1eadt nh\u01b0:<\/span><\/span><\/span><\/p>\n<ul>\n<li><span style=\"font-family: times new roman,times,serif;\"><span style=\"color: #000000;\"><span style=\"font-size: 16px;\">Chip Led SMD 2835 cao c\u1ea5p, \u00e1nh s\u00e1ng chu\u1ea9n kh\u00f4ng g\u00e2y ch\u00f3i m\u1eaft ng\u01b0\u1eddi d\u00f9ng. \u0110\u1ed9 ho\u00e0n m\u00e0u Ra=85, l\u00e0m kh\u00f4ng gian chi\u1ebfu s\u00e1ng th\u00eam sinh \u0111\u1ed9ng v\u00e0 ch\u00e2n th\u1ef1c.<\/span><\/span><\/span><\/li>\n<li><span style=\"color: #000000; font-family: times new roman, times, serif;\"><span style=\"font-size: 16px;\">C\u00f3 2 m\u00e0u \u00e1nh s\u00e1ng tr\u1eafng v\u00e0 v\u00e0ng, d\u1ec5 d\u00e0ng tu\u1ef3 ch\u1ecdn ph\u00f9 h\u1ee3p v\u1edbi kh\u00f4ng gian chi\u1ebfu s\u00e1ng.<\/span><\/span><\/li>\n<li><span style=\"font-family: times new roman,times,serif;\"><span style=\"color: #000000;\"><span style=\"font-size: 16px;\">Thi\u1ebft k\u1ebf th\u00e2n \u0111\u00e8n l\u00e0m t\u1eeb nh\u1ef1a cao c\u1ea5p,\u00a0\u00a0c\u00f3 nhi\u1ec1u r\u00e3nh s\u00e2u\u00a0gi\u00fap t\u1ea3n nhi\u1ec7t nhanh ch\u00f3ng. Gi\u00fap t\u0103ng \u0111\u1ed9 b\u1ec1n c\u1ee7a \u0111\u00e8n, tu\u1ed5i th\u1ecd \u0111\u1ebfn 40.000h chi\u1ebfu s\u00e1ng.<\/span><\/span><\/span><\/li>\n<li><span style=\"font-family: times new roman,times,serif;\"><span style=\"color: #000000;\"><span style=\"font-size: 16px;\">Thi\u1ebft k\u1ebf \u0111ui \u0111\u00e8n chu\u1ea9n E27 ti\u1ec7n d\u1ee5ng, d\u1ec5 d\u00e0ng thay th\u1ebf cho c\u00e1c \u0111\u00e8n s\u1eb5n c\u00f3 \u1edf nh\u00e0.<\/span><\/span><\/span><\/li>\n<li><span style=\"font-family: times new roman,times,serif;\"><span style=\"color: #000000;\"><span style=\"font-size: 16px;\">Kh\u1ea3 n\u0103ng ti\u1ebft ki\u1ec7m \u0111i\u1ec7n n\u0103ng cao, \u0111\u1ebfn 80% so v\u1edbi c\u00e1c b\u00f3ng s\u1ee3i \u0111\u1ed1t, b\u00f3ng halogen, compact\u2026<\/span><\/span><\/span><\/li>\n<\/ul>\n<figure id=\"attachment_21978\" aria-describedby=\"caption-attachment-21978\" style=\"width: 728px\" class=\"wp-caption aligncenter\"><img decoding=\"async\" class=\"wp-image-21978 size-full\" style=\"width: 500px; height: 512px;\" src=\"https:\/\/kawaled.com.vn\/wp-content\/uploads\/2023\/08\/den-led-dia-bay-bnd-bnd170-50w3.png\" alt=\"C\u1ea5u t\u1ea1o chi ti\u1ebft \u0111\u00e8n Led \u0111\u0129a bay BND170-50W\" width=\"728\" height=\"745\" srcset=\"https:\/\/kawaled.com.vn\/wp-content\/uploads\/2023\/08\/den-led-dia-bay-bnd-bnd170-50w3.png 728w, https:\/\/kawaled.com.vn\/wp-content\/uploads\/2023\/08\/den-led-dia-bay-bnd-bnd170-50w3-640x655.png 640w, https:\/\/kawaled.com.vn\/wp-content\/uploads\/2023\/08\/den-led-dia-bay-bnd-bnd170-50w3-400x409.png 400w\" sizes=\"(max-width: 728px) 100vw, 728px\" \/><figcaption id=\"caption-attachment-21978\" class=\"wp-caption-text\">C\u1ea5u t\u1ea1o chi ti\u1ebft \u0111\u00e8n Led \u0111\u0129a bay BND170-50W Kawaled<\/figcaption><\/figure>\n<figure id=\"attachment_21979\" aria-describedby=\"caption-attachment-21979\" style=\"width: 736px\" class=\"wp-caption aligncenter\"><img decoding=\"async\" class=\"wp-image-21979 size-full\" style=\"width: 500px; height: 420px;\" src=\"https:\/\/kawaled.com.vn\/wp-content\/uploads\/2023\/08\/den-led-dia-bay-bnd-bnd170-50w1.png\" alt=\"\u0110\u00e8n led \u0111\u0129a bay th\u00e2n nh\u1ef1a 50w c\u00f3 ch\u1ec9 s\u1ed1 Ra=85\" width=\"736\" height=\"618\" srcset=\"https:\/\/kawaled.com.vn\/wp-content\/uploads\/2023\/08\/den-led-dia-bay-bnd-bnd170-50w1.png 736w, https:\/\/kawaled.com.vn\/wp-content\/uploads\/2023\/08\/den-led-dia-bay-bnd-bnd170-50w1-640x537.png 640w, https:\/\/kawaled.com.vn\/wp-content\/uploads\/2023\/08\/den-led-dia-bay-bnd-bnd170-50w1-400x336.png 400w\" sizes=\"(max-width: 736px) 100vw, 736px\" \/><figcaption id=\"caption-attachment-21979\" class=\"wp-caption-text\">\u0110\u1ed9 ho\u00e0n m\u00e0u cao gi\u00fap kh\u00f4ng gian chi\u1ebfu s\u00e1ng sinh \u0111\u1ed9ng<\/figcaption><\/figure>\n<h2><span style=\"font-family: times new roman,times,serif;\"><span style=\"color: #000000;\"><span style=\"font-size: 16px;\"><strong>\u0110\u00c8N \u0110\u0128A BAY TH\u01af\u1edcNG S\u1eec D\u1ee4NG \u1ede \u0110\u00c2U?<\/strong><\/span><\/span><\/span><\/h2>\n<p><span style=\"font-family: times new roman,times,serif;\"><span style=\"color: #000000;\"><span style=\"font-size: 16px;\">Gi\u1ea3i ph\u00e1p chi\u1ebfu s\u00e1ng trang tr\u00ed ho\u00e0n h\u1ea3o cho c\u00e1c khu v\u1ef1c nh\u01b0:<\/span><\/span><\/span><\/p>\n<ul>\n<li><span style=\"font-family: times new roman,times,serif;\"><span style=\"color: #000000;\"><span style=\"font-size: 16px;\">Chi\u1ebfu s\u00e1ng ph\u00f2ng kh\u00e1ch, ph\u00f2ng b\u1ebfp, ban c\u00f4ng, nh\u00e0 kho, t\u1ea7ng h\u1ea7m\u2026<\/span><\/span><\/span><\/li>\n<li><span style=\"font-family: times new roman,times,serif;\"><span style=\"color: #000000;\"><span style=\"font-size: 16px;\">Chi\u1ebfu s\u00e1ng qu\u00e1n cafe, tr\u00e0 s\u1eefa, c\u1eeda h\u00e0ng, chung c\u01b0\u2026.<\/span><\/span><\/span><\/li>\n<\/ul>\n<figure id=\"attachment_21980\" aria-describedby=\"caption-attachment-21980\" style=\"width: 800px\" class=\"wp-caption aligncenter\"><img decoding=\"async\" class=\"wp-image-21980 size-full\" style=\"width: 500px; height: 500px;\" src=\"https:\/\/kawaled.com.vn\/wp-content\/uploads\/2023\/08\/den-led-dia-bay-bnd-bnd170-50w4.png\" alt=\"\u1ee8ng d\u1ee5ng b\u00f3ng \u0111\u00e8n led \u0111\u0129a bay 50w Kawaled\" width=\"800\" height=\"800\" srcset=\"https:\/\/kawaled.com.vn\/wp-content\/uploads\/2023\/08\/den-led-dia-bay-bnd-bnd170-50w4.png 800w, https:\/\/kawaled.com.vn\/wp-content\/uploads\/2023\/08\/den-led-dia-bay-bnd-bnd170-50w4-768x768.png 768w, https:\/\/kawaled.com.vn\/wp-content\/uploads\/2023\/08\/den-led-dia-bay-bnd-bnd170-50w4-640x640.png 640w, https:\/\/kawaled.com.vn\/wp-content\/uploads\/2023\/08\/den-led-dia-bay-bnd-bnd170-50w4-400x400.png 400w\" sizes=\"(max-width: 800px) 100vw, 800px\" \/><figcaption id=\"caption-attachment-21980\" class=\"wp-caption-text\">\u0110\u00e8n led \u0111\u0129a bay Kawaled ph\u00f9 h\u1ee3p d\u00f9ng \u0111\u1ec3 trang ph\u00f2ng kh\u00e1ch, ph\u00f2ng b\u1ebfp, qu\u00e1n cafe, shop th\u1eddi trang,&#8230;<\/figcaption><\/figure>","protected":false},"excerpt":{"rendered":"<p>\u01afU \u0110I\u1ec2M N\u1ed4I B\u1eacT \u0110\u00c8N LED \u0110\u0128A BAY 50W KAWALED B\u00f3ng \u0111\u00e8n Led \u0111\u0129a bay Kawaled, thi\u1ebft k\u1ebf \u0111\u1ed9c \u0111\u00e1o mang t\u00ednh th\u1ea9m m\u1ef9 cao. Ti\u1ebft ki\u1ec7m \u0111i\u1ec7n n\u0103ng hi\u1ec7u qu\u1ea3, gi\u1ea3i ph\u00e1p chi\u1ebfu s\u00e1ng h\u00e0ng \u0111\u1ea7u hi\u1ec7n nay. \u0110\u00e8n \u0111\u0129a bay UFO v\u1edbi nhi\u1ec1u \u01b0u \u0111i\u1ec3m n\u1ed5i b\u1eadt nh\u01b0: Chip Led SMD 2835 cao [&hellip;]<\/p>","protected":false},"featured_media":23683,"comment_status":"open","ping_status":"closed","template":"","meta":{"rank_math_description":"\u0110\u00e8n LED \u0111\u0129a bay UFO 50W Kawaled. V\u1edbi chip Led cao c\u1ea5p, Ra=85, c\u00f3 2 m\u00e0u \u00e1nh s\u00e1ng tr\u1eafng v\u00e0 v\u00e0ng. B\u1ea3o h\u00e0nh ch\u00ednh h\u00e3ng 2 n\u0103m, mua ngay!","rank_math_focus_keyword":"\u0110\u00e8n led \u0111\u0129a bay,\u0111\u00e8n ufo,\u0111\u00e8n led ph\u00f2ng ng\u1ee7,\u0111\u00e8n trang tr\u00ed qu\u00e1n c\u00e0 ph\u00ea","rank_math_secondary_keywords":""},"product_cat":[1764,1733],"product_tag":[2646,2650,2647,2661,2655,2793,2791,1942,2866,1911,3290,2792],"class_list":["post-21983","product","type-product","status-publish","has-post-thumbnail","hentry","product_cat-den-led-bulb-dia","product_cat-den-led-trang-tri-kawaled","product_tag-bong-den","product_tag-bong-den-gia-si","product_tag-bong-den-led","product_tag-bong-den-led-sieu-sang-trong-nha","product_tag-bong-led","product_tag-cac-loai-den-led-tran-nha","product_tag-den-dia-bay","product_tag-den-led","product_tag-den-led-50w","product_tag-den-led-dia-bay","product_tag-den-led-than-nhua","product_tag-den-ufo"],"acf":[],"_links":{"self":[{"href":"https:\/\/kawaled.com.vn\/en\/wp-json\/wp\/v2\/product\/21983","targetHints":{"allow":["GET"]}}],"collection":[{"href":"https:\/\/kawaled.com.vn\/en\/wp-json\/wp\/v2\/product"}],"about":[{"href":"https:\/\/kawaled.com.vn\/en\/wp-json\/wp\/v2\/types\/product"}],"replies":[{"embeddable":true,"href":"https:\/\/kawaled.com.vn\/en\/wp-json\/wp\/v2\/comments?post=21983"}],"version-history":[{"count":0,"href":"https:\/\/kawaled.com.vn\/en\/wp-json\/wp\/v2\/product\/21983\/revisions"}],"wp:featuredmedia":[{"embeddable":true,"href":"https:\/\/kawaled.com.vn\/en\/wp-json\/wp\/v2\/media\/23683"}],"wp:attachment":[{"href":"https:\/\/kawaled.com.vn\/en\/wp-json\/wp\/v2\/media?parent=21983"}],"wp:term":[{"taxonomy":"product_cat","embeddable":true,"href":"https:\/\/kawaled.com.vn\/en\/wp-json\/wp\/v2\/product_cat?post=21983"},{"taxonomy":"product_tag","embeddable":true,"href":"https:\/\/kawaled.com.vn\/en\/wp-json\/wp\/v2\/product_tag?post=21983"}],"curies":[{"name":"wp","href":"https:\/\/api.w.org\/{rel}","templated":true}]}}