{"id":21976,"date":"2023-08-25T11:31:01","date_gmt":"2023-08-25T04:31:01","guid":{"rendered":"https:\/\/kawaled.123websitedev.com\/san-pham\/bong-den-trang-tri-2w-kawaled-led-b2w\/"},"modified":"2026-01-19T16:25:54","modified_gmt":"2026-01-19T09:25:54","slug":"bong-den-trang-tri-2w-kawaled-led-b2w","status":"publish","type":"product","link":"https:\/\/kawaled.com.vn\/en\/product\/bong-den-trang-tri-2w-kawaled-led-b2w\/","title":{"rendered":"B\u00d3NG \u0110\u00c8N TRANG TR\u00cd 2W KAWALED LED-B2W"},"content":{"rendered":"<article dir=\"auto\" data-testid=\"conversation-turn-4\" data-scroll-anchor=\"false\">\n<div>\n<div tabindex=\"-1\">\n<div>\n<div>\n<div>\n<div dir=\"auto\" data-message-author-role=\"assistant\" data-message-id=\"762e1801-023b-48b6-9585-1e2b776cc1d5\" data-message-model-slug=\"gpt-4o\">\n<h2><span class=\"ez-toc-section\" id=\"Bong_den_trang_tri_2W_Kawaled_%E2%80%93_Giai_phap_chieu_sang_dep_va_tiet_kiem\"><\/span><span style=\"font-size: 23px;\">B\u00f3ng \u0111\u00e8n trang tr\u00ed 2W Kawaled \u2013 Gi\u1ea3i ph\u00e1p chi\u1ebfu s\u00e1ng \u0111\u1eb9p v\u00e0\u00a0ti\u1ebft ki\u1ec7m\u00a0<\/span><span class=\"ez-toc-section-end\"><\/span><\/h2><div id=\"ez-toc-container\" class=\"ez-toc-v2_0_69_1 counter-hierarchy ez-toc-counter ez-toc-grey ez-toc-container-direction\">\n<div class=\"ez-toc-title-container\">\n<p class=\"ez-toc-title\" >N\u1ed9i Dung B&agrave;i Vi\u1ebft<\/p>\n<span class=\"ez-toc-title-toggle\"><a href=\"#\" class=\"ez-toc-pull-right ez-toc-btn ez-toc-btn-xs ez-toc-btn-default ez-toc-toggle\" aria-label=\"Toggle Table of Content\"><span class=\"ez-toc-js-icon-con\"><span class=\"\"><span class=\"eztoc-hide\" style=\"display:none;\">Toggle<\/span><span class=\"ez-toc-icon-toggle-span\"><svg style=\"fill: #999;color:#999\" xmlns=\"http:\/\/www.w3.org\/2000\/svg\" class=\"list-377408\" width=\"20px\" height=\"20px\" viewbox=\"0 0 24 24\" fill=\"none\"><path d=\"M6 6H4v2h2V6zm14 0H8v2h12V6zM4 11h2v2H4v-2zm16 0H8v2h12v-2zM4 16h2v2H4v-2zm16 0H8v2h12v-2z\" fill=\"currentColor\"><\/path><\/svg><svg style=\"fill: #999;color:#999\" class=\"arrow-unsorted-368013\" xmlns=\"http:\/\/www.w3.org\/2000\/svg\" width=\"10px\" height=\"10px\" viewbox=\"0 0 24 24\" version=\"1.2\" baseprofile=\"tiny\"><path d=\"M18.2 9.3l-6.2-6.3-6.2 6.3c-.2.2-.3.4-.3.7s.1.5.3.7c.2.2.4.3.7.3h11c.3 0 .5-.1.7-.3.2-.2.3-.5.3-.7s-.1-.5-.3-.7zM5.8 14.7l6.2 6.3 6.2-6.3c.2-.2.3-.5.3-.7s-.1-.5-.3-.7c-.2-.2-.4-.3-.7-.3h-11c-.3 0-.5.1-.7.3-.2.2-.3.5-.3.7s.1.5.3.7z\"\/><\/svg><\/span><\/span><\/span><\/a><\/span><\/div>\n<nav><ul class='ez-toc-list ez-toc-list-level-1 eztoc-toggle-hide-by-default' ><li class='ez-toc-page-1 ez-toc-heading-level-2'><a class=\"ez-toc-link ez-toc-heading-1\" href=\"https:\/\/kawaled.com.vn\/en\/product\/bong-den-trang-tri-2w-kawaled-led-b2w\/#Bong_den_trang_tri_2W_Kawaled_%E2%80%93_Giai_phap_chieu_sang_dep_va_tiet_kiem\" title=\"B\u00f3ng \u0111\u00e8n trang tr\u00ed 2W Kawaled \u2013 Gi\u1ea3i ph\u00e1p chi\u1ebfu s\u00e1ng \u0111\u1eb9p v\u00e0\u00a0ti\u1ebft ki\u1ec7m\u00a0\">B\u00f3ng \u0111\u00e8n trang tr\u00ed 2W Kawaled \u2013 Gi\u1ea3i ph\u00e1p chi\u1ebfu s\u00e1ng \u0111\u1eb9p v\u00e0\u00a0ti\u1ebft ki\u1ec7m\u00a0<\/a><\/li><li class='ez-toc-page-1 ez-toc-heading-level-2'><a class=\"ez-toc-link ez-toc-heading-2\" href=\"https:\/\/kawaled.com.vn\/en\/product\/bong-den-trang-tri-2w-kawaled-led-b2w\/#Uu_diem_vuot_troi\" title=\"\u01afu \u0111i\u1ec3m v\u01b0\u1ee3t tr\u1ed9i\">\u01afu \u0111i\u1ec3m v\u01b0\u1ee3t tr\u1ed9i<\/a><\/li><li class='ez-toc-page-1 ez-toc-heading-level-2'><a class=\"ez-toc-link ez-toc-heading-3\" href=\"https:\/\/kawaled.com.vn\/en\/product\/bong-den-trang-tri-2w-kawaled-led-b2w\/#Ung_dung_thuc_te\" title=\"\u1ee8ng d\u1ee5ng th\u1ef1c t\u1ebf\">\u1ee8ng d\u1ee5ng th\u1ef1c t\u1ebf<\/a><\/li><li class='ez-toc-page-1 ez-toc-heading-level-2'><a class=\"ez-toc-link ez-toc-heading-4\" href=\"https:\/\/kawaled.com.vn\/en\/product\/bong-den-trang-tri-2w-kawaled-led-b2w\/#Chinh_sach_bao_hanh_va_cam_ket_chinh_hang\" title=\"Ch\u00ednh s\u00e1ch b\u1ea3o h\u00e0nh v\u00e0 cam k\u1ebft ch\u00ednh h\u00e3ng\">Ch\u00ednh s\u00e1ch b\u1ea3o h\u00e0nh v\u00e0 cam k\u1ebft ch\u00ednh h\u00e3ng<\/a><\/li><li class='ez-toc-page-1 ez-toc-heading-level-2'><a class=\"ez-toc-link ez-toc-heading-5\" href=\"https:\/\/kawaled.com.vn\/en\/product\/bong-den-trang-tri-2w-kawaled-led-b2w\/#Ve_thuong_hieu_KAWALED\" title=\"V\u1ec1 th\u01b0\u01a1ng hi\u1ec7u KAWALED\">V\u1ec1 th\u01b0\u01a1ng hi\u1ec7u KAWALED<\/a><\/li><li class='ez-toc-page-1 ez-toc-heading-level-2'><a class=\"ez-toc-link ez-toc-heading-6\" href=\"https:\/\/kawaled.com.vn\/en\/product\/bong-den-trang-tri-2w-kawaled-led-b2w\/#Ket_luan\" title=\"K\u1ebft lu\u1eadn\">K\u1ebft lu\u1eadn<\/a><ul class='ez-toc-list-level-3' ><li class='ez-toc-heading-level-3'><a class=\"ez-toc-link ez-toc-heading-7\" href=\"https:\/\/kawaled.com.vn\/en\/product\/bong-den-trang-tri-2w-kawaled-led-b2w\/#MUA_CHINH_HANG_TAI\" title=\"MUA CH\u00cdNH H\u00c3NG T\u1ea0I:\">MUA CH\u00cdNH H\u00c3NG T\u1ea0I:<\/a><\/li><\/ul><\/li><\/ul><\/nav><\/div>\n\n<\/div>\n<\/div>\n<\/div>\n<\/div>\n<\/div>\n<\/div>\n<\/article>\n<article dir=\"auto\" data-testid=\"conversation-turn-6\" data-scroll-anchor=\"true\">\n<div tabindex=\"-1\">\n<div>\n<div>\n<div dir=\"auto\" data-message-author-role=\"assistant\" data-message-id=\"7b31ba57-3b78-420a-903b-b07d1c693baf\" data-message-model-slug=\"gpt-4o\">\n<div>\n<div>\n<p data-start=\"400\" data-end=\"841\"><span style=\"font-size: 17px;\"><strong>B\u00f3ng \u0111\u00e8n trang tr\u00ed\u00a02W Kawaled<\/strong> n\u1ed5i b\u1eadt v\u1edbi thi\u1ebft k\u1ebf nh\u1ecf g\u1ecdn, \u00e1nh s\u00e1ng sinh \u0111\u1ed9ng, ti\u1ebft ki\u1ec7m \u0111i\u1ec7n, ph\u00f9 h\u1ee3p s\u1eed d\u1ee5ng cho c\u1ea3 kh\u00f4ng gian trong nh\u00e0 l\u1eabn ngo\u00e0i tr\u1eddi.<\/span><\/p>\n<div style=\"text-align: center;\">\n<dl id=\"attachment_23775\">\n<dt><span style=\"font-size: 17px;\"><img decoding=\"async\" class=\"aligncenter\" src=\"https:\/\/kawaled.com.vn\/wp-content\/uploads\/2023\/08\/LED-B1-2W-4.png\" alt=\"B\u00f3ng \u0111\u00e8n trang tr\u00ed Kawaled trong kh\u00f4ng gian qu\u00e1n cafe\" width=\"900\" height=\"600\" \/><\/span><\/dt>\n<dd><span style=\"font-size: 17px;\">B\u00f3ng \u0111\u00e8n trang tr\u00ed cho kh\u00f4ng gian qu\u00e1n cafe lung linh<\/span><\/dd>\n<\/dl>\n<\/div>\n<h2 data-start=\"848\" data-end=\"897\"><span class=\"ez-toc-section\" id=\"Uu_diem_vuot_troi\"><\/span><span style=\"font-size: 23px;\">\u01afu \u0111i\u1ec3m v\u01b0\u1ee3t tr\u1ed9i<\/span><span class=\"ez-toc-section-end\"><\/span><\/h2>\n<ul data-start=\"899\" data-end=\"1595\">\n<li data-start=\"899\" data-end=\"1038\">\n<p data-start=\"901\" data-end=\"1038\"><span style=\"font-size: 17px;\"><strong>Ti\u1ebft ki\u1ec7m \u0111i\u1ec7n v\u01b0\u1ee3t tr\u1ed9i:<\/strong> C\u00f4ng su\u1ea5t ch\u1ec9 2W nh\u01b0ng v\u1eabn \u0111\u1ea3m b\u1ea3o \u0111\u1ed9 s\u00e1ng r\u00f5, gi\u1ea3m t\u1edbi 80% \u0111i\u1ec7n n\u0103ng so v\u1edbi b\u00f3ng s\u1ee3i \u0111\u1ed1t ho\u1eb7c hu\u1ef3nh quang.<\/span><\/p>\n<\/li>\n<li data-start=\"1039\" data-end=\"1159\">\n<p data-start=\"1041\" data-end=\"1159\"><span style=\"font-size: 17px;\"><strong>Ch\u1ea5t l\u01b0\u1ee3ng \u00e1nh s\u00e1ng \u1ed5n \u0111\u1ecbnh:<\/strong> Chip LED cao c\u1ea5p, ch\u1ec9 s\u1ed1 ho\u00e0n m\u00e0u Ra &gt; 80, \u00e1nh s\u00e1ng trung th\u1ef1c v\u00e0 kh\u00f4ng g\u00e2y ch\u00f3i m\u1eaft.<\/span><\/p>\n<\/li>\n<li data-start=\"1160\" data-end=\"1232\">\n<p data-start=\"1162\" data-end=\"1232\"><span style=\"font-size: 17px;\"><strong>Tu\u1ed5i th\u1ecd cao l\u00ean \u0111\u1ebfn 15.000 gi\u1edd<\/strong>, gi\u1ea3m chi ph\u00ed thay th\u1ebf v\u00e0 b\u1ea3o tr\u00ec.<\/span><\/p>\n<\/li>\n<li data-start=\"1233\" data-end=\"1350\">\n<p data-start=\"1235\" data-end=\"1350\"><span style=\"font-size: 17px;\"><strong>5 m\u00e0u \u00e1nh s\u00e1ng t\u00f9y ch\u1ecdn: <\/strong>tr\u1eafng, v\u00e0ng, \u0111\u1ecf, xanh d\u01b0\u01a1ng, xanh l\u00e1 \u2013 d\u1ec5 d\u00e0ng k\u1ebft h\u1ee3p v\u1edbi nhi\u1ec1u phong c\u00e1ch trang tr\u00ed.<\/span><\/p>\n<\/li>\n<li data-start=\"1351\" data-end=\"1442\">\n<p data-start=\"1353\" data-end=\"1442\"><span style=\"font-size: 17px;\"><strong>\u0110ui E27 ph\u1ed5 th\u00f4ng:<\/strong> d\u1ec5 l\u1eafp \u0111\u1eb7t, thay th\u1ebf nhanh ch\u00f3ng m\u00e0 kh\u00f4ng c\u1ea7n k\u1ef9 thu\u1eadt chuy\u00ean s\u00e2u.<\/span><\/p>\n<\/li>\n<li data-start=\"1443\" data-end=\"1595\">\n<p data-start=\"1445\" data-end=\"1595\"><span style=\"font-size: 17px;\"><strong>V\u1ecf nh\u1ef1a b\u1ec1n v\u00e0 ch\u1ed1ng n\u01b0\u1edbc nh\u1eb9:<\/strong> ph\u00f9 h\u1ee3p v\u1edbi nhi\u1ec1u\u00a0khu v\u1ef1c, d\u00f9ng l\u00e0m \u0111\u00e8n trang tr\u00ed ngo\u00e0i tr\u1eddi, \u0111\u1ea3m b\u1ea3o \u0111\u1ed9 b\u1ec1n trong \u0111i\u1ec1u ki\u1ec7n \u1ea9m \u01b0\u1edbt nh\u01b0 s\u00e2n v\u01b0\u1eddn, hi\u00ean nh\u00e0.<\/span><\/p>\n<\/li>\n<\/ul>\n<h2 data-start=\"1602\" data-end=\"1648\"><span class=\"ez-toc-section\" id=\"Ung_dung_thuc_te\"><\/span><span style=\"font-size: 23px;\">\u1ee8ng d\u1ee5ng th\u1ef1c t\u1ebf<\/span><span class=\"ez-toc-section-end\"><\/span><\/h2>\n<ul data-start=\"1650\" data-end=\"2059\">\n<li data-start=\"1650\" data-end=\"1749\">\n<p data-start=\"1652\" data-end=\"1749\"><span style=\"font-size: 17px;\">Chi\u1ebfu s\u00e1ng s\u00e2n v\u01b0\u1eddn, l\u1ed1i \u0111i, ban c\u00f4ng ngo\u00e0i tr\u1eddi \u2013 t\u1ea1o kh\u00f4ng gian th\u01b0 gi\u00e3n v\u00e0 th\u1ea9m m\u1ef9 v\u1ec1 \u0111\u00eam.<\/span><\/p>\n<\/li>\n<li data-start=\"1750\" data-end=\"1867\">\n<p data-start=\"1752\" data-end=\"1867\"><span style=\"font-size: 17px;\">Trang tr\u00ed qu\u00e1n cafe, nh\u00e0 h\u00e0ng, khu vui ch\u01a1i \u2013 t\u0103ng tr\u1ea3i nghi\u1ec7m kh\u00e1ch h\u00e0ng, t\u1ea1o kh\u00f4ng gian s\u1ed1ng \u0111\u1ed9ng v\u00e0 b\u1eaft m\u1eaft.<\/span><\/p>\n<\/li>\n<li data-start=\"1868\" data-end=\"1961\">\n<p data-start=\"1870\" data-end=\"1961\"><span style=\"font-size: 17px;\">\u0110\u00e8n ng\u1ee7, \u0111\u00e8n ph\u00f2ng kh\u00e1ch, ti\u1ec3u c\u1ea3nh trong nh\u00e0 \u2013 \u00e1nh s\u00e1ng d\u1ecbu nh\u1eb9, t\u1ea1o c\u1ea3m gi\u00e1c \u1ea5m c\u00fang.<\/span><\/p>\n<\/li>\n<\/ul>\n<ul>\n<li data-start=\"1964\" data-end=\"2059\"><span style=\"font-size: 17px;\">Trang tr\u00ed b\u1ea3ng hi\u1ec7u, gian h\u00e0ng, booth s\u1ef1 ki\u1ec7n \u2013 d\u1ec5 thu h\u00fat \u00e1nh nh\u00ecn, n\u1ed5i b\u1eadt gi\u1eefa \u0111\u00e1m \u0111\u00f4ng.<\/span><\/li>\n<\/ul>\n<div style=\"text-align: center;\">\n<dl id=\"attachment_23776\">\n<dt><span style=\"font-size: 17px;\"><img decoding=\"async\" class=\"aligncenter\" src=\"https:\/\/kawaled.com.vn\/wp-content\/uploads\/2023\/08\/LED-B1-2W-5.png\" alt=\"\u0110\u00e8n trang tr\u00ed ngo\u00e0i tr\u1eddi, \u0111\u00e8n led treo ban c\u00f4ng, shop th\u1eddi trang, \u0111\u00e8n l\u1ed3ng\" width=\"900\" height=\"600\" \/><\/span><\/dt>\n<dd><span style=\"font-size: 17px;\">Chi\u1ebfu s\u00e1ng v\u00e0 trang tr\u00ed \u0111a d\u1ea1ng kh\u00f4ng gian<\/span><\/dd>\n<\/dl>\n<\/div>\n<p>&nbsp;<\/p>\n<div style=\"text-align: center;\">\n<dl id=\"attachment_23777\">\n<dt><span style=\"font-size: 17px;\"><img decoding=\"async\" class=\"aligncenter\" src=\"https:\/\/kawaled.com.vn\/wp-content\/uploads\/2023\/08\/LED-B1-2W-6.png\" alt=\"\u1ee8ng d\u1ee5ng \u0111\u00e8n LED trang tr\u00ed cho b\u1ea3ng hi\u1ec7u neon\" width=\"900\" height=\"600\" \/><\/span><\/dt>\n<dd><span style=\"font-size: 17px;\">Hi\u1ec7u \u1ee9ng \u00e1nh s\u00e1ng b\u1ea3ng hi\u1ec7u \u2013 n\u1ed5i b\u1eadt v\u1edbi \u0111\u00e8n led trang tr\u00ed kawaled<\/span><\/dd>\n<\/dl>\n<\/div>\n<h2><span class=\"ez-toc-section\" id=\"Chinh_sach_bao_hanh_va_cam_ket_chinh_hang\"><\/span><span style=\"font-size: 23px;\">Ch\u00ednh s\u00e1ch b\u1ea3o h\u00e0nh v\u00e0 cam k\u1ebft ch\u00ednh h\u00e3ng<\/span><span class=\"ez-toc-section-end\"><\/span><\/h2>\n<ul data-start=\"2352\" data-end=\"2534\">\n<li><span style=\"font-size: 17px;\">B\u1ea3o h\u00e0nh ch\u00ednh h\u00e3ng 12 th\u00e1ng tr\u00ean to\u00e0n qu\u1ed1c ( 1 \u0111\u1ed5i 1)<\/span><\/li>\n<li><span style=\"font-size: 17px;\">H\u1ed7 tr\u1ee3 k\u1ef9 thu\u1eadt v\u00e0 \u0111\u1ed5i m\u1edbi trong th\u1eddi gian b\u1ea3o h\u00e0nh n\u1ebfu c\u00f3 l\u1ed7i do nh\u00e0 s\u1ea3n xu\u1ea5t<\/span><\/li>\n<li><span style=\"font-size: 17px;\">S\u1ea3n ph\u1ea9m \u0111\u1ea7y \u0111\u1ee7 ch\u1ee9ng nh\u1eadn, h\u00f3a \u0111\u01a1n VAT ( Gi\u00e1 \u0111\u00e3 bao g\u1ed3m VAT), tem b\u1ea3o h\u00e0nh r\u00f5 r\u00e0ng<\/span><\/li>\n<li><span style=\"font-size: 17px;\">C\u00f3 \u0111\u0103ng k\u00fd nh\u00e3n hi\u1ec7u, ki\u1ec3m \u0111\u1ecbnh an to\u00e0n ch\u1ea5t l\u01b0\u1ee3ng<\/span><\/li>\n<\/ul>\n<h2><span class=\"ez-toc-section\" id=\"Ve_thuong_hieu_KAWALED\"><\/span><span style=\"font-size: 23px;\">V\u1ec1 th\u01b0\u01a1ng hi\u1ec7u KAWALED<\/span><span class=\"ez-toc-section-end\"><\/span><\/h2>\n<p data-start=\"2592\" data-end=\"2937\"><span style=\"font-size: 17px;\"><strong>KAWALED\u00a0<\/strong>l\u00e0 th\u01b0\u01a1ng hi\u1ec7u \u0111\u00e8n LED ch\u1ea5t l\u01b0\u1ee3ng cao thu\u1ed9c <strong>C\u00f4ng Ty C\u1ed5 Ph\u1ea7n SX-TM-DV Th\u1ebf B\u1ea3o<\/strong> \u2013 doanh nghi\u1ec7p h\u00e0ng \u0111\u1ea7u trong l\u0129nh v\u1ef1c thi\u1ebft b\u1ecb \u0111i\u1ec7n th\u00f4ng minh t\u1ea1i Vi\u1ec7t Nam. T\u1ef1 h\u00e0o l\u00e0 th\u01b0\u01a1ng hi\u1ec7u Vi\u1ec7t, KAWALED lu\u00f4n kh\u00f4ng ng\u1eebng c\u1ea3i ti\u1ebfn c\u00f4ng ngh\u1ec7, n\u00e2ng cao ch\u1ea5t l\u01b0\u1ee3ng s\u1ea3n ph\u1ea9m \u0111\u1ec3 ph\u1ee5c v\u1ee5 ng\u01b0\u1eddi ti\u00eau d\u00f9ng t\u1ed1t nh\u1ea5t.\u00a0V\u1edbi kh\u1ea9u hi\u1ec7u \u201cChi\u1ebfu s\u00e1ng th\u00f4ng minh \u2013 B\u1ec1n b\u1ec9 c\u00f9ng th\u1eddi gian\u201d, <strong>KAWALED<\/strong> \u0111\u00e3 tr\u1edf th\u00e0nh l\u1ef1a ch\u1ecdn \u0111\u00e1ng tin c\u1eady c\u1ee7a h\u00e0ng ngh\u00ecn gia \u0111\u00ecnh, c\u1eeda h\u00e0ng v\u00e0 c\u00f4ng tr\u00ecnh tr\u00ean kh\u1eafp c\u1ea3 n\u01b0\u1edbc.<\/span><\/p>\n<p data-start=\"2592\" data-end=\"2937\"><span style=\"font-size: 17px;\">2 th\u01b0\u01a1ng hi\u1ec7u n\u1ed5i b\u1eadt c\u1ee7a<\/span><strong><span style=\"font-size: 17px;\">C\u00f4ng ty C\u1ed5 ph\u1ea7n SX-TM-DV Th\u1ebf B\u1ea3o:<\/span><\/strong><\/p>\n<ul>\n<li data-start=\"2592\" data-end=\"2937\"><strong><span style=\"font-size: 17px;\">\u0110\u00e8n led d\u00e2n d\u1ee5ng &amp; N\u0103ng l\u01b0\u1ee3ng m\u1eb7t tr\u1eddi &#8211; Kawaled<\/span><\/strong><\/li>\n<li data-start=\"2592\" data-end=\"2937\"><strong><span style=\"font-size: 17px;\">Thi\u1ebft b\u1ecb \u0111i\u1ec7n, t\u1ef1 \u0111\u1ed9ng &#8211; \u0111i\u1ec7n gia d\u1ee5ng &#8211; <a href=\"https:\/\/kawasan.vn\/\" target=\"_blank\" rel=\"noopener\">Kawasan<\/a><\/span><\/strong><\/li>\n<\/ul>\n<h2 data-start=\"2592\" data-end=\"2937\"><span class=\"ez-toc-section\" id=\"Ket_luan\"><\/span><span style=\"font-size: 23px;\">K\u1ebft lu\u1eadn<\/span><span class=\"ez-toc-section-end\"><\/span><\/h2>\n<p data-start=\"2592\" data-end=\"2937\"><span style=\"font-size: 17px;\">N\u1ebfu b\u1ea1n \u0111ang t\u00ecm m\u1ed9t gi\u1ea3i ph\u00e1p chi\u1ebfu s\u00e1ng v\u1eeba ti\u1ebft ki\u1ec7m, v\u1eeba c\u00f3 t\u00ednh th\u1ea9m m\u1ef9 cao, l\u1ea1i ph\u00f9 h\u1ee3p c\u1ea3 trong nh\u00e0 v\u00e0 ngo\u00e0i tr\u1eddi, th\u00ec b\u00f3ng \u0111\u00e8n LED trang tr\u00ed 2W Kawaled l\u00e0 l\u1ef1a ch\u1ecdn l\u00fd t\u01b0\u1edfng. Kh\u00f4ng ch\u1ec9 \u0111\u1ea3m b\u1ea3o \u00e1nh s\u00e1ng ch\u1ea5t l\u01b0\u1ee3ng, s\u1ea3n ph\u1ea9m c\u00f2n gi\u00fap b\u1ea1n ti\u1ebft ki\u1ec7m \u0111i\u1ec7n n\u0103ng, gi\u1ea3m chi ph\u00ed b\u1ea3o tr\u00ec v\u00e0 d\u1ec5 d\u00e0ng ph\u1ed1i h\u1ee3p cho m\u1ecdi kh\u00f4ng gian.<\/span><\/p>\n<\/div>\n<\/div>\n<\/div>\n<\/div>\n<\/div>\n<div>\n<div dir=\"auto\" data-message-author-role=\"assistant\" data-message-id=\"7b31ba57-3b78-420a-903b-b07d1c693baf\" data-message-model-slug=\"gpt-4o\">\n<h3><span class=\"ez-toc-section\" id=\"MUA_CHINH_HANG_TAI\"><\/span><span style=\"font-size: 20px;\"><b>MUA CH\u00cdNH H\u00c3NG T\u1ea0I:<\/b><\/span><span class=\"ez-toc-section-end\"><\/span><\/h3>\n<ul>\n<li><span style=\"font-size: 17px;\"><b>Hotline ph\u00f2ng kinh doanh (b\u00e1o gi\u00e1 s\u1ec9 \/ \u0111\u1ea1i l\u00fd \/ NPP):\u00a0<\/b><i>0825 411 408<\/i>\u00a0<b><i>ho\u1eb7c\u00a0<\/i><\/b><i>0911 757 234<\/i><\/span><\/li>\n<li><span style=\"font-size: 17px;\"><b>Website ch\u00ednh th\u1ee9c:<\/b><b>\u00a0<\/b><a href=\"https:\/\/www.kawaled.com.vn\/\">www.kawaled.com.vn<\/a>\u00a0(<i>D\u00e0nh cho c\u00e1c s\u1ea3n ph\u1ea9m b\u00f3ng \u0111\u00e8n KAWALED<\/i>)\u00a0<a href=\"http:\/\/www.kawasan.vn\/\" target=\"_blank\" rel=\"noopener\">www.kawasan.vn<\/a>\u00a0(<i>D\u00e0nh cho c\u00e1c s\u1ea3n ph\u1ea9m \u0111i\u1ec7n th\u00f4ng minh Kawasan<\/i>)<\/span><\/li>\n<\/ul>\n<\/div>\n<\/div>\n<\/div>\n<\/article>","protected":false},"excerpt":{"rendered":"<p>B\u00f3ng \u0111\u00e8n trang tr\u00ed 2W Kawaled \u2013 Gi\u1ea3i ph\u00e1p chi\u1ebfu s\u00e1ng \u0111\u1eb9p v\u00e0\u00a0ti\u1ebft ki\u1ec7m\u00a0 B\u00f3ng \u0111\u00e8n trang tr\u00ed\u00a02W Kawaled n\u1ed5i b\u1eadt v\u1edbi thi\u1ebft k\u1ebf nh\u1ecf g\u1ecdn, \u00e1nh s\u00e1ng sinh \u0111\u1ed9ng, ti\u1ebft ki\u1ec7m \u0111i\u1ec7n, ph\u00f9 h\u1ee3p s\u1eed d\u1ee5ng cho c\u1ea3 kh\u00f4ng gian trong nh\u00e0 l\u1eabn ngo\u00e0i tr\u1eddi. B\u00f3ng \u0111\u00e8n trang tr\u00ed cho kh\u00f4ng gian qu\u00e1n cafe [&hellip;]<\/p>","protected":false},"featured_media":23781,"comment_status":"open","ping_status":"closed","template":"","meta":{"rank_math_description":"B\u00f3ng \u0111\u00e8n trang tr\u00ed 2W Kawaled \u2013 c\u00f4ng su\u1ea5t 100%, tu\u1ed5i th\u1ecd 15.000h, b\u1ea3o h\u00e0nh 1 n\u0103m. C\u00f3 5 m\u00e0u, ti\u1ebft ki\u1ec7m \u0111i\u1ec7n, ch\u1ed1ng n\u01b0\u1edbc, \u0111ui E27 d\u1ec5 l\u1eafp.","rank_math_focus_keyword":"B\u00f3ng \u0111\u00e8n trang tr\u00ed,\u0111\u00e8n led trang tr\u00ed,\u0111\u00e8n trang tr\u00ed ngo\u00e0i tr\u1eddi,b\u00f3ng \u0111\u00e8n tr\u00f2n","rank_math_secondary_keywords":""},"product_cat":[1756,1757],"product_tag":[2646,2650,2647,2649,1919,1861,1918,2648,1944],"class_list":["post-21976","product","type-product","status-publish","has-post-thumbnail","hentry","product_cat-den-led-bulb","product_cat-den-led-bulb-tron","product_tag-bong-den","product_tag-bong-den-gia-si","product_tag-bong-den-led","product_tag-bong-den-led-ngoai-troi","product_tag-bong-den-led-trang-tri","product_tag-bong-den-led-tron","product_tag-bong-den-trang-tri","product_tag-bong-den-trang-tri-ngoai-troi","product_tag-kawaled"],"acf":[],"_links":{"self":[{"href":"https:\/\/kawaled.com.vn\/en\/wp-json\/wp\/v2\/product\/21976","targetHints":{"allow":["GET"]}}],"collection":[{"href":"https:\/\/kawaled.com.vn\/en\/wp-json\/wp\/v2\/product"}],"about":[{"href":"https:\/\/kawaled.com.vn\/en\/wp-json\/wp\/v2\/types\/product"}],"replies":[{"embeddable":true,"href":"https:\/\/kawaled.com.vn\/en\/wp-json\/wp\/v2\/comments?post=21976"}],"version-history":[{"count":0,"href":"https:\/\/kawaled.com.vn\/en\/wp-json\/wp\/v2\/product\/21976\/revisions"}],"wp:featuredmedia":[{"embeddable":true,"href":"https:\/\/kawaled.com.vn\/en\/wp-json\/wp\/v2\/media\/23781"}],"wp:attachment":[{"href":"https:\/\/kawaled.com.vn\/en\/wp-json\/wp\/v2\/media?parent=21976"}],"wp:term":[{"taxonomy":"product_cat","embeddable":true,"href":"https:\/\/kawaled.com.vn\/en\/wp-json\/wp\/v2\/product_cat?post=21976"},{"taxonomy":"product_tag","embeddable":true,"href":"https:\/\/kawaled.com.vn\/en\/wp-json\/wp\/v2\/product_tag?post=21976"}],"curies":[{"name":"wp","href":"https:\/\/api.w.org\/{rel}","templated":true}]}}