{"id":21925,"date":"2023-08-07T16:58:47","date_gmt":"2023-08-07T09:58:47","guid":{"rendered":"https:\/\/kawaled.123websitedev.com\/san-pham\/den-led-am-tran-vien-kieu-dla90-9w-t-v-tt\/"},"modified":"2026-02-02T12:09:26","modified_gmt":"2026-02-02T05:09:26","slug":"den-led-am-tran-vien-kieu-dla90-9w-t-v-tt","status":"publish","type":"product","link":"https:\/\/kawaled.com.vn\/en\/product\/den-led-am-tran-vien-kieu-dla90-9w-t-v-tt\/","title":{"rendered":"\u0110\u00c8N LED \u00c2M TR\u1ea6N VI\u1ec0N KI\u1ec2U DLA90-9W-T\/V\/TT"},"content":{"rendered":"<h2><span class=\"ez-toc-section\" id=\"DEN_LED_AM_TRAN_KIEU_VIEN_VANG_%E2%80%93_VIEN_BAC_DOC_DAO\"><\/span><span style=\"font-family: times new roman,times,serif;\"><span style=\"color: #000000;\"><span style=\"font-size: 16px;\"><strong>\u0110\u00c8N LED \u00c2M TR\u1ea6N KI\u1ec2U VI\u1ec0N V\u00c0NG \u2013 VI\u1ec0N B\u1ea0C \u0110\u1ed8C \u0110\u00c1O<\/strong><\/span><\/span><\/span><span class=\"ez-toc-section-end\"><\/span><\/h2><div id=\"ez-toc-container\" class=\"ez-toc-v2_0_69_1 counter-hierarchy ez-toc-counter ez-toc-grey ez-toc-container-direction\">\n<div class=\"ez-toc-title-container\">\n<p class=\"ez-toc-title\" >N\u1ed9i Dung B&agrave;i Vi\u1ebft<\/p>\n<span class=\"ez-toc-title-toggle\"><a href=\"#\" class=\"ez-toc-pull-right ez-toc-btn ez-toc-btn-xs ez-toc-btn-default ez-toc-toggle\" aria-label=\"Toggle Table of Content\"><span class=\"ez-toc-js-icon-con\"><span class=\"\"><span class=\"eztoc-hide\" style=\"display:none;\">Toggle<\/span><span class=\"ez-toc-icon-toggle-span\"><svg style=\"fill: #999;color:#999\" xmlns=\"http:\/\/www.w3.org\/2000\/svg\" class=\"list-377408\" width=\"20px\" height=\"20px\" viewbox=\"0 0 24 24\" fill=\"none\"><path d=\"M6 6H4v2h2V6zm14 0H8v2h12V6zM4 11h2v2H4v-2zm16 0H8v2h12v-2zM4 16h2v2H4v-2zm16 0H8v2h12v-2z\" fill=\"currentColor\"><\/path><\/svg><svg style=\"fill: #999;color:#999\" class=\"arrow-unsorted-368013\" xmlns=\"http:\/\/www.w3.org\/2000\/svg\" width=\"10px\" height=\"10px\" viewbox=\"0 0 24 24\" version=\"1.2\" baseprofile=\"tiny\"><path d=\"M18.2 9.3l-6.2-6.3-6.2 6.3c-.2.2-.3.4-.3.7s.1.5.3.7c.2.2.4.3.7.3h11c.3 0 .5-.1.7-.3.2-.2.3-.5.3-.7s-.1-.5-.3-.7zM5.8 14.7l6.2 6.3 6.2-6.3c.2-.2.3-.5.3-.7s-.1-.5-.3-.7c-.2-.2-.4-.3-.7-.3h-11c-.3 0-.5.1-.7.3-.2.2-.3.5-.3.7s.1.5.3.7z\"\/><\/svg><\/span><\/span><\/span><\/a><\/span><\/div>\n<nav><ul class='ez-toc-list ez-toc-list-level-1 eztoc-toggle-hide-by-default' ><li class='ez-toc-page-1 ez-toc-heading-level-2'><a class=\"ez-toc-link ez-toc-heading-1\" href=\"https:\/\/kawaled.com.vn\/en\/product\/den-led-am-tran-vien-kieu-dla90-9w-t-v-tt\/#DEN_LED_AM_TRAN_KIEU_VIEN_VANG_%E2%80%93_VIEN_BAC_DOC_DAO\" title=\"\u0110\u00c8N LED \u00c2M TR\u1ea6N KI\u1ec2U VI\u1ec0N V\u00c0NG \u2013 VI\u1ec0N B\u1ea0C \u0110\u1ed8C \u0110\u00c1O\">\u0110\u00c8N LED \u00c2M TR\u1ea6N KI\u1ec2U VI\u1ec0N V\u00c0NG \u2013 VI\u1ec0N B\u1ea0C \u0110\u1ed8C \u0110\u00c1O<\/a><\/li><li class='ez-toc-page-1 ez-toc-heading-level-2'><a class=\"ez-toc-link ez-toc-heading-2\" href=\"https:\/\/kawaled.com.vn\/en\/product\/den-led-am-tran-vien-kieu-dla90-9w-t-v-tt\/#UU_DIEM_DEN_LED_DOWNLIGHT_DLA90\" title=\"\u01afU \u0110I\u1ec2M \u0110\u00c8N LED DOWNLIGHT DLA90\">\u01afU \u0110I\u1ec2M \u0110\u00c8N LED DOWNLIGHT DLA90<\/a><ul class='ez-toc-list-level-3' ><li class='ez-toc-heading-level-3'><a class=\"ez-toc-link ez-toc-heading-3\" href=\"https:\/\/kawaled.com.vn\/en\/product\/den-led-am-tran-vien-kieu-dla90-9w-t-v-tt\/#1_Tinh_tham_my_cao\" title=\"1. T\u00ednh th\u1ea9m m\u1ef9 cao\">1. T\u00ednh th\u1ea9m m\u1ef9 cao<\/a><\/li><\/ul><\/li><li class='ez-toc-page-1 ez-toc-heading-level-2'><a class=\"ez-toc-link ez-toc-heading-4\" href=\"https:\/\/kawaled.com.vn\/en\/product\/den-led-am-tran-vien-kieu-dla90-9w-t-v-tt\/#2_Tuoi_tho_cao\" title=\"2. Tu\u1ed5i th\u1ecd cao\">2. Tu\u1ed5i th\u1ecd cao<\/a><ul class='ez-toc-list-level-3' ><li class='ez-toc-heading-level-3'><a class=\"ez-toc-link ez-toc-heading-5\" href=\"https:\/\/kawaled.com.vn\/en\/product\/den-led-am-tran-vien-kieu-dla90-9w-t-v-tt\/#3_Bo_nguon_cao_cap\" title=\"3. B\u1ed9 ngu\u1ed3n cao c\u1ea5p\">3. B\u1ed9 ngu\u1ed3n cao c\u1ea5p<\/a><\/li><li class='ez-toc-page-1 ez-toc-heading-level-3'><a class=\"ez-toc-link ez-toc-heading-6\" href=\"https:\/\/kawaled.com.vn\/en\/product\/den-led-am-tran-vien-kieu-dla90-9w-t-v-tt\/#4_Tiet_kiem_nang_luong_va_chi_phi_hieu_qua\" title=\"4. Ti\u1ebft ki\u1ec7m n\u0103ng l\u01b0\u1ee3ng v\u00e0 chi ph\u00ed hi\u1ec7u qu\u1ea3\">4. Ti\u1ebft ki\u1ec7m n\u0103ng l\u01b0\u1ee3ng v\u00e0 chi ph\u00ed hi\u1ec7u qu\u1ea3<\/a><\/li><\/ul><\/li><li class='ez-toc-page-1 ez-toc-heading-level-2'><a class=\"ez-toc-link ez-toc-heading-7\" href=\"https:\/\/kawaled.com.vn\/en\/product\/den-led-am-tran-vien-kieu-dla90-9w-t-v-tt\/#DEN_AM_TRAN_THACH_CAO_THUONG_DUNG_O_DAU\" title=\"\u0110\u00c8N \u00c2M TR\u1ea6N TH\u1ea0CH CAO TH\u01af\u1edcNG D\u00d9NG \u1ede \u0110\u00c2U?\">\u0110\u00c8N \u00c2M TR\u1ea6N TH\u1ea0CH CAO TH\u01af\u1edcNG D\u00d9NG \u1ede \u0110\u00c2U?<\/a><\/li><\/ul><\/nav><\/div>\n\n<p><span style=\"font-family: times new roman,times,serif;\"><span style=\"color: #000000;\"><span style=\"font-size: 16px;\">\u0110\u00e8n led \u00e2m tr\u1ea7n DLA90-9W-T\/V\/TT, l\u00e0 m\u1ed9t trong nh\u1eefng lo\u1ea1i \u0111\u00e8n \u01b0a chu\u1ed9ng s\u1eed d\u1ee5ng nh\u1ea5t hi\u1ec7n nay. Ngo\u00e0i ch\u1ee9c n\u0103ng chi\u1ebfu s\u00e1ng, c\u00f2n gi\u00fap trang tr\u00ed kh\u00f4ng gian th\u00eam \u0111\u1eb9p m\u1eaft v\u00e0 sang tr\u1ecdng. Kawaled xin gi\u1edbi thi\u1ec7u \u0111\u1ebfn b\u1ea1n, m\u1eabu \u0111\u00e8n \u00e2m tr\u1ea7n vi\u1ec1n ki\u1ec3u v\u00f4 c\u00f9ng thu h\u00fat v\u00e0 \u0111\u1ed9c \u0111\u00e1o. V\u1edbi nhi\u1ec1u c\u00f4ng d\u1ee5ng v\u00e0 \u01b0u \u0111i\u1ec3m n\u1ed5i b\u1eadt, c\u00f9ng t\u00ecm hi\u1ec3u ngay nh\u00e9!<\/span><\/span><\/span><\/p>\n<p align=\"center\"><span style=\"font-family: times new roman,times,serif;\"><span style=\"color: #000000;\"><span style=\"font-size: 16px;\"><img decoding=\"async\" class=\"size-full wp-image-21922\" style=\"width: 500px; height: 500px;\" src=\"https:\/\/kawaled.com.vn\/wp-content\/uploads\/2023\/08\/den-led-am-tran-dla90-9w.jpg\" alt=\"\u0110\u00e8n led \u00e2m tr\u1ea7n vi\u1ec1n ki\u1ec3u DLA90\" width=\"800\" height=\"800\" srcset=\"https:\/\/kawaled.com.vn\/wp-content\/uploads\/2023\/08\/den-led-am-tran-dla90-9w.jpg 800w, https:\/\/kawaled.com.vn\/wp-content\/uploads\/2023\/08\/den-led-am-tran-dla90-9w-768x768.jpg 768w, https:\/\/kawaled.com.vn\/wp-content\/uploads\/2023\/08\/den-led-am-tran-dla90-9w-640x640.jpg 640w, https:\/\/kawaled.com.vn\/wp-content\/uploads\/2023\/08\/den-led-am-tran-dla90-9w-400x400.jpg 400w\" sizes=\"(max-width: 800px) 100vw, 800px\" \/><\/span><\/span><\/span><\/p>\n<h2><span class=\"ez-toc-section\" id=\"UU_DIEM_DEN_LED_DOWNLIGHT_DLA90\"><\/span><span style=\"font-family: times new roman,times,serif;\"><span style=\"color: #000000;\"><span style=\"font-size: 16px;\"><strong>\u01afU \u0110I\u1ec2M \u0110\u00c8N LED DOWNLIGHT DLA90<\/strong><\/span><\/span><\/span><span class=\"ez-toc-section-end\"><\/span><\/h2>\n<h3><span class=\"ez-toc-section\" id=\"1_Tinh_tham_my_cao\"><\/span><span style=\"font-family: times new roman,times,serif;\"><span style=\"color: #000000;\"><span style=\"font-size: 16px;\"><strong>1. T\u00ednh th\u1ea9m m\u1ef9 cao<\/strong><\/span><\/span><\/span><span class=\"ez-toc-section-end\"><\/span><\/h3>\n<p><span style=\"font-family: times new roman,times,serif;\"><span style=\"color: #000000;\"><span style=\"font-size: 16px;\">\u0110\u00e8n led \u00e2m tr\u1ea7n DLA90-9W-T\/V\/TT c\u00f3 ki\u1ec3u d\u00e1ng vi\u1ec1n v\u00e0ng v\u00e0 vi\u1ec1n b\u1ea1c, m\u1eabu m\u00e3 \u0111\u1eb9p m\u1eaft. S\u1ea3n ph\u1ea9m th\u01b0\u1eddng s\u1eed d\u1ee5ng ph\u1ed5 bi\u1ebfn cho tr\u1ea7n th\u1ea1ch cao, t\u1ea1o kh\u00f4ng gian chi\u1ebfu s\u00e1ng sang tr\u1ecdng. C\u00f3 3 m\u00e0u \u00e1nh s\u00e1ng: v\u00e0ng, trung t\u00ednh, tr\u1eafng. Ng\u01b0\u1eddi d\u00f9ng c\u00f3 th\u1ec3 tu\u1ef3 ch\u1ecdn linh ho\u1ea1t, ph\u00f9 h\u1ee3p v\u1edbi nhi\u1ec1u kh\u00f4ng gian trang tr\u00ed n\u1ed9i th\u1ea5t kh\u00e1c nhau.\u00a0<\/span><\/span><\/span><\/p>\n<p align=\"center\"><span style=\"font-family: times new roman,times,serif;\"><span style=\"color: #000000;\"><span style=\"font-size: 16px;\"><img decoding=\"async\" class=\"size-full wp-image-21916\" style=\"width: 500px; height: 623px;\" src=\"https:\/\/kawaled.com.vn\/wp-content\/uploads\/2023\/08\/mau-anh-sang-den-led-am-tran-vien-kieu-dla.png\" alt=\"\u0110\u00e8n Led \u00e2m tr\u1ea7n vi\u1ec1n ki\u1ec3u c\u00f3 3 m\u00e0u \u00e1nh s\u00e1ng tu\u1ef3 ch\u1ec9nh\" width=\"802\" height=\"1000\" srcset=\"https:\/\/kawaled.com.vn\/wp-content\/uploads\/2023\/08\/mau-anh-sang-den-led-am-tran-vien-kieu-dla.png 802w, https:\/\/kawaled.com.vn\/wp-content\/uploads\/2023\/08\/mau-anh-sang-den-led-am-tran-vien-kieu-dla-768x958.png 768w, https:\/\/kawaled.com.vn\/wp-content\/uploads\/2023\/08\/mau-anh-sang-den-led-am-tran-vien-kieu-dla-640x798.png 640w, https:\/\/kawaled.com.vn\/wp-content\/uploads\/2023\/08\/mau-anh-sang-den-led-am-tran-vien-kieu-dla-400x499.png 400w\" sizes=\"(max-width: 802px) 100vw, 802px\" \/><\/span><\/span><\/span><\/p>\n<h2><span class=\"ez-toc-section\" id=\"2_Tuoi_tho_cao\"><\/span><span style=\"font-family: times new roman,times,serif;\"><span style=\"color: #000000;\"><span style=\"font-size: 16px;\"><strong>2. Tu\u1ed5i th\u1ecd cao<\/strong><\/span><\/span><\/span><span class=\"ez-toc-section-end\"><\/span><\/h2>\n<p><span style=\"font-family: times new roman,times,serif;\"><span style=\"color: #000000;\"><span style=\"font-size: 16px;\">Chip Led SMD 2835 c\u00f3 \u0111\u1ed9 s\u00e1ng t\u1ed1t, kh\u00f4ng g\u00e2y ch\u00f3i m\u1eaft ng\u01b0\u1eddi d\u00f9ng. Tu\u1ed5i th\u1ecd cao 20.000 gi\u1edd, ti\u1ebft ki\u1ec7m chi ph\u00ed thay m\u1edbi thi\u1ebft b\u1ecb sau nhi\u1ec1u n\u0103m s\u1eed d\u1ee5ng. \u0110\u1ed9 ho\u00e0n m\u00e0u cao Ra=85, \u00e1nh s\u00e1ng ch\u00e2n th\u1ef1c t\u0103ng v\u1ebb \u0111\u1eb9p cho kh\u00f4ng gian chi\u1ebfu s\u00e1ng.<\/span><\/span><\/span><\/p>\n<p align=\"center\"><span style=\"font-family: times new roman,times,serif;\"><span style=\"color: #000000;\"><span style=\"font-size: 16px;\"><img decoding=\"async\" class=\"size-full wp-image-21917\" style=\"width: 500px; height: 500px;\" src=\"https:\/\/kawaled.com.vn\/wp-content\/uploads\/2023\/08\/chi-so-hoam-mau-den-led-am-tran-dla.jpg\" alt=\"\u0110\u1ed9 ho\u00e0n m\u00e0u cao gi\u00fap kh\u00f4ng gian chi\u1ebfu s\u00e1ng ch\u00e2n th\u1ef1c v\u00e0 \u0111\u1eb9p m\u1eaft\" width=\"800\" height=\"800\" srcset=\"https:\/\/kawaled.com.vn\/wp-content\/uploads\/2023\/08\/chi-so-hoam-mau-den-led-am-tran-dla.jpg 800w, https:\/\/kawaled.com.vn\/wp-content\/uploads\/2023\/08\/chi-so-hoam-mau-den-led-am-tran-dla-768x768.jpg 768w, https:\/\/kawaled.com.vn\/wp-content\/uploads\/2023\/08\/chi-so-hoam-mau-den-led-am-tran-dla-640x640.jpg 640w, https:\/\/kawaled.com.vn\/wp-content\/uploads\/2023\/08\/chi-so-hoam-mau-den-led-am-tran-dla-400x400.jpg 400w\" sizes=\"(max-width: 800px) 100vw, 800px\" \/><\/span><\/span><\/span><\/p>\n<h3><span class=\"ez-toc-section\" id=\"3_Bo_nguon_cao_cap\"><\/span><span style=\"font-family: times new roman,times,serif;\"><span style=\"color: #000000;\"><span style=\"font-size: 16px;\"><strong>3. B\u1ed9 ngu\u1ed3n cao c\u1ea5p<\/strong><\/span><\/span><\/span><span class=\"ez-toc-section-end\"><\/span><\/h3>\n<p><span style=\"font-family: times new roman,times,serif;\"><span style=\"color: #000000;\"><span style=\"font-size: 16px;\">D\u00f9ng ngu\u1ed3n xung c\u00e1ch li, \u0111\u1ea3m b\u1ea3o \u0111\u00e8n v\u1eabn ho\u1ea1t \u0111\u1ed9ng \u1ed5n \u0111\u1ecbnh trong m\u1ee9c \u0111i\u1ec7n \u00e1p 165-240V. Ph\u00f9 h\u1ee3p cho c\u00e1c khu v\u1ef1c hay b\u1ecb t\u0103ng gi\u1ea3m \u0111i\u1ec7n \u00e1p th\u1ea5t th\u01b0\u1eddng.<\/span><\/span><\/span><\/p>\n<h3><span class=\"ez-toc-section\" id=\"4_Tiet_kiem_nang_luong_va_chi_phi_hieu_qua\"><\/span><span style=\"font-family: times new roman,times,serif;\"><span style=\"color: #000000;\"><span style=\"font-size: 16px;\"><strong>4. Ti\u1ebft ki\u1ec7m n\u0103ng l\u01b0\u1ee3ng v\u00e0 chi ph\u00ed hi\u1ec7u qu\u1ea3<\/strong><\/span><\/span><\/span><span class=\"ez-toc-section-end\"><\/span><\/h3>\n<p><span style=\"font-family: times new roman,times,serif;\"><span style=\"color: #000000;\"><span style=\"font-size: 16px;\">Led \u00e2m tr\u1ea7n s\u1eed d\u1ee5ng c\u00f4ng ngh\u1ec7 hi\u1ec7n \u0111\u1ea1i, c\u00f3 kh\u1ea3 n\u0103ng ti\u1ebft ki\u1ec7m \u0111\u1ebfn 60% \u0111i\u1ec7n n\u0103ng so v\u1edbi \u0111\u00e8n compact, s\u1ee3i \u0111\u1ed1t&#8230; <\/span><\/span><span style=\"font-size: 16px;\"><a href=\"https:\/\/kawaled.com.vn\/den-led-downlight\"><span style=\"color: #000000;\">\u0110\u00e8n led downlight<\/span><\/a><span style=\"color: #000000;\">\u00a0c\u00f3\u00a02 lo\u1ea1i c\u00f4ng su\u1ea5t 7W, 9W chung m\u1ed9t k\u00edch th\u01b0\u1edbc l\u1ed7 kho\u00e9t \u03a690 ti\u1ec7n l\u1ee3i h\u01a1n, cho vi\u1ec7c thay th\u1ebf l\u1eafp \u0111\u1eb7t sau n\u00e0y. N<\/span><\/span><span style=\"color: #000000;\"><span style=\"font-size: 16px;\">h\u1edd v\u00e0o kh\u1ea3 n\u0103ng ti\u1ebft ki\u1ec7m n\u0103ng l\u01b0\u1ee3ng v\u00e0 tu\u1ed5i th\u1ecd \u0111\u00e8n cao, ti\u1ebft ki\u1ec7m \u0111\u01b0\u1ee3c nhi\u1ec1u chi ph\u00ed ti\u1ec1n \u0111i\u1ec7n, chi ph\u00ed s\u1eeda ch\u1eefa thay th\u1ebf sau nhi\u1ec1u n\u0103m s\u1eed d\u1ee5ng<\/span><\/span><\/span><\/p>\n<h2><span class=\"ez-toc-section\" id=\"DEN_AM_TRAN_THACH_CAO_THUONG_DUNG_O_DAU\"><\/span><span style=\"font-size: 16px;\"><span style=\"font-family: times new roman,times,serif;\"><strong>\u0110\u00c8N \u00c2M TR\u1ea6N TH\u1ea0CH CAO TH\u01af\u1edcNG D\u00d9NG \u1ede \u0110\u00c2U?<\/strong><\/span><\/span><span class=\"ez-toc-section-end\"><\/span><\/h2>\n<p><span style=\"color: #000000;\"><span style=\"font-size: 16px;\"><span style=\"font-family: times new roman,times,serif;\">\u0110\u00e8n Led \u00e2m tr\u1ea7n vi\u1ec1n ki\u1ec3u, \u0111\u01b0\u1ee3c l\u1eafp \u0111\u1eb7t chi\u1ebfu s\u00e1ng trang tr\u00ed cho nhi\u1ec1u kh\u00f4ng gian. Mang t\u00ednh th\u1ea9m m\u1ef9 cao v\u00e0 k\u00edch th\u01b0\u1edbc l\u1ed7 kho\u00e9t nh\u1ecf, kh\u00f4ng chi\u1ebfm nhi\u1ec1u di\u1ec7n t\u00edch. Chi\u1ebfu s\u00e1ng cho nh\u00e0 \u1edf, bi\u1ec7t th\u1ef1, resort, v\u0103n ph\u00f2ng c\u00f4ng s\u1edf, c\u1eeda h\u00e0ng, trung t\u00e2m th\u01b0\u01a1ng m\u1ea1i\u2026<\/span><\/span><\/span><\/p>\n<p style=\"text-align: center;\"><span style=\"color: #000000;\"><span style=\"font-size: 16px;\"><span style=\"font-family: times new roman,times,serif;\"><img decoding=\"async\" class=\"size-full wp-image-21918\" style=\"width: 500px; height: 488px;\" src=\"https:\/\/kawaled.com.vn\/wp-content\/uploads\/2023\/08\/ung-dung-den-led-am-tran-dla90.jpg\" alt=\"Led \u00e2m tr\u1ea7n \u0111\u01b0\u1ee3c \u1ee9ng d\u1ee5ng r\u1ed9ng r\u00e3i cho nhi\u1ec1u khu v\u1ef1c\" width=\"894\" height=\"872\" srcset=\"https:\/\/kawaled.com.vn\/wp-content\/uploads\/2023\/08\/ung-dung-den-led-am-tran-dla90.jpg 894w, https:\/\/kawaled.com.vn\/wp-content\/uploads\/2023\/08\/ung-dung-den-led-am-tran-dla90-768x749.jpg 768w, https:\/\/kawaled.com.vn\/wp-content\/uploads\/2023\/08\/ung-dung-den-led-am-tran-dla90-640x624.jpg 640w, https:\/\/kawaled.com.vn\/wp-content\/uploads\/2023\/08\/ung-dung-den-led-am-tran-dla90-400x390.jpg 400w\" sizes=\"(max-width: 894px) 100vw, 894px\" \/><\/span><\/span><\/span><\/p>\n<p><span style=\"font-family: times new roman,times,serif;\"><span style=\"color: #000000;\"><span style=\"font-size: 16px;\"><strong>TH\u00d4NG S\u1ed0 K\u1ef8 THU\u1eacT<\/strong><\/span><\/span><\/span><\/p>\n<ul>\n<li><span style=\"font-family: times new roman,times,serif;\"><span style=\"color: #000000;\"><span style=\"font-size: 16px;\">Ngu\u1ed3n c\u1ea5p: 165-240V<\/span><\/span><\/span><\/li>\n<li><span style=\"font-family: times new roman,times,serif;\"><span style=\"color: #000000;\"><span style=\"font-size: 16px;\">H\u1ec7 s\u1ed1 c\u00f4ng su\u1ea5t: 0.65<\/span><\/span><\/span><\/li>\n<li><span style=\"font-family: times new roman,times,serif;\"><span style=\"color: #000000;\"><span style=\"font-size: 16px;\">D\u00f2ng \u0111i\u1ec7n: Imax = 0.5A<\/span><\/span><\/span><\/li>\n<li><span style=\"font-family: times new roman,times,serif;\"><span style=\"color: #000000;\"><span style=\"font-size: 16px;\">Ch\u1ec9 s\u1ed1 ho\u00e0n m\u00e0u: Ra-85<\/span><\/span><\/span><\/li>\n<li><span style=\"color: #000000;\"><span style=\"font-family: times new roman,times,serif;\"><span style=\"font-size: 16px;\">K\u00edch th\u01b0\u1edbc l\u1ed7 kho\u00e9t: \u03a690<\/span><\/span><\/span><\/li>\n<li><span style=\"font-family: times new roman,times,serif;\"><span style=\"color: #000000;\"><span style=\"font-size: 16px;\">Tu\u1ed5i th\u1ecd: 20.000 gi\u1edd<\/span><\/span><\/span><\/li>\n<li><span style=\"font-family: times new roman,times,serif;\"><span style=\"color: #000000;\"><span style=\"font-size: 16px;\">C\u00f4ng su\u1ea5t: 9W<\/span><\/span><\/span><\/li>\n<li><span style=\"font-family: times new roman,times,serif;\"><span style=\"color: #000000;\"><span style=\"font-size: 16px;\">Quang th\u00f4ng: 720-810<\/span><\/span><\/span><\/li>\n<\/ul>\n<p style=\"text-align: center;\"><img decoding=\"async\" class=\"size-full wp-image-21923\" style=\"width: 600px; height: 272px;\" src=\"https:\/\/kawaled.com.vn\/wp-content\/uploads\/2023\/08\/kich-thuoc-den-led-am-tran-3-che-do-mau-dla90-9w.jpg\" alt=\"K\u00edch th\u01b0\u1edbc \u0111\u00e8n downlight vi\u1ec1n ki\u1ec3u 9W\" width=\"716\" height=\"325\" srcset=\"https:\/\/kawaled.com.vn\/wp-content\/uploads\/2023\/08\/kich-thuoc-den-led-am-tran-3-che-do-mau-dla90-9w.jpg 716w, https:\/\/kawaled.com.vn\/wp-content\/uploads\/2023\/08\/kich-thuoc-den-led-am-tran-3-che-do-mau-dla90-9w-640x291.jpg 640w, https:\/\/kawaled.com.vn\/wp-content\/uploads\/2023\/08\/kich-thuoc-den-led-am-tran-3-che-do-mau-dla90-9w-400x182.jpg 400w\" sizes=\"(max-width: 716px) 100vw, 716px\" \/><\/p>\n<p style=\"text-align: center;\"><img decoding=\"async\" class=\"size-full wp-image-21924\" style=\"width: 600px; height: 413px;\" src=\"https:\/\/kawaled.com.vn\/wp-content\/uploads\/2023\/08\/thong-so-ky-thuat-den-led-am-tran-dla90-9w.jpg\" alt=\"C\u1ea5u t\u1ea1o chi ti\u1ebft \u0111\u00e8n \u00e2m tr\u1ea7n vi\u1ec1n ki\u1ec3u Kawaled\" width=\"818\" height=\"563\" srcset=\"https:\/\/kawaled.com.vn\/wp-content\/uploads\/2023\/08\/thong-so-ky-thuat-den-led-am-tran-dla90-9w.jpg 818w, https:\/\/kawaled.com.vn\/wp-content\/uploads\/2023\/08\/thong-so-ky-thuat-den-led-am-tran-dla90-9w-768x529.jpg 768w, https:\/\/kawaled.com.vn\/wp-content\/uploads\/2023\/08\/thong-so-ky-thuat-den-led-am-tran-dla90-9w-640x440.jpg 640w, https:\/\/kawaled.com.vn\/wp-content\/uploads\/2023\/08\/thong-so-ky-thuat-den-led-am-tran-dla90-9w-400x275.jpg 400w\" sizes=\"(max-width: 818px) 100vw, 818px\" \/><\/p>\n<p><span style=\"font-family: times new roman,times,serif;\"><span style=\"color: #000000;\"><span style=\"font-size: 16px;\"><strong>\u0110\u1ecaA\u00a0CH\u1ec8 CUNG C\u1ea4P \u0110\u00c8N LED \u00c2M TR\u1ea6N TH\u1ea0CH CAO CH\u00cdNH H\u00c3NG UY T\u00cdN NH\u1ea4T HI\u1ec6N NAY<\/strong><\/span><\/span><\/span><\/p>\n<ul>\n<li><span style=\"font-family: times new roman,times,serif;\"><span style=\"color: #000000;\"><span style=\"font-size: 16px;\">KAWALED t\u1ef1 tin l\u00e0 m\u1ed9t trong nh\u1eefng \u0111\u01a1n v\u1ecb h\u00e0ng \u0111\u1ea7u, cung c\u1ea5p \u0111\u00e8n \u00e2m tr\u1ea7n uy t\u00edn nh\u1ea5t hi\u1ec7n nay. C\u00e1c b\u1ed9 ph\u1eadn c\u1ee7a \u0111\u00e8n nh\u01b0: Chip LED, khung kim lo\u1ea1i, b\u1ed9 ngu\u1ed3n\u2026 \u0111\u01b0\u1ee3c nguy\u00ean c\u1ee9u r\u1ea5t k\u1ef9 l\u01b0\u1ee1ng. S\u1ea3n ph\u1ea9m l\u1eafp r\u00e1p t\u1eeb ngu\u1ed3n nguy\u00ean li\u1ec7u cao c\u1ea5p, nh\u1eadp t\u1eeb H\u00e0n Qu\u1ed1c, \u0110\u00e0i Loan, \u0110\u1ee9c\u2026\u0110\u1ed9 b\u1ec1n s\u1ea3n ph\u1ea9m t\u1eeb 5-10 n\u0103m, ch\u00ednh s\u00e1ch b\u1ea3o h\u00e0nh ch\u00ednh h\u00e3ng 2 n\u0103m. Th\u00f4ng tin in ho\u00e0n to\u00e0n b\u1eb1ng ti\u1ebfng Vi\u1ec7t, gi\u00fap ng\u01b0\u1eddi d\u00f9ng d\u1ec5 d\u00e0ng s\u1eed d\u1ee5ng.<\/span><\/span><\/span><\/li>\n<li><span style=\"font-family: times new roman,times,serif;\"><span style=\"color: #000000;\"><span style=\"font-size: 16px;\">C\u00f4ng ty c\u00f3 3 v\u0103n ph\u00f2ng \u0111\u1ea1i di\u1ec7n \u1edf: H\u1ed3 Ch\u00ed Minh, H\u00e0 N\u1ed9i, \u0110\u00e0 N\u1eb5ng v\u00e0 h\u00e0ng tr\u0103m \u0111\u1ea1i l\u00fd l\u1edbn nh\u1ecf kh\u1eafp c\u1ea3 n\u01b0\u1edbc. Hotline 18000058 lu\u00f4n h\u1ed7 tr\u1ee3 b\u00e1n h\u00e0ng v\u00e0 t\u01b0 v\u1ea5n k\u1ef9 thu\u1eadt, gi\u1ea3i \u0111\u00e1p th\u1eafc m\u1eafc c\u1ee7a qu\u00fd kh\u00e1ch h\u00e0ng t\u1eadn t\u00ecnh v\u00e0 chu \u0111\u00e1o.<\/span><\/span><\/span><\/li>\n<li><span style=\"font-family: times new roman,times,serif;\"><span style=\"color: #000000;\"><span style=\"font-size: 16px;\">\u0110\u1ed9i ng\u0169 s\u1ea3n xu\u1ea5t c\u1ee7a c\u00f4ng ty KAWALED c\u00f3 h\u01a1n 10 n\u0103m kinh nghi\u1ec7m ho\u1ea1t \u0111\u1ed9ng trong ng\u00e0nh \u0111\u00e8n LED. Do \u0111\u00f3 Qu\u00fd Kh\u00e1ch c\u00f3 th\u1ec3 ho\u00e0n to\u00e0n tin t\u01b0\u1edfng khi s\u1eed d\u1ee5ng s\u1ea3n ph\u1ea9m chi\u1ebfu s\u00e1ng t\u1eeb c\u00f4ng ty ch\u00fang t\u00f4i.<\/span><\/span><\/span><\/li>\n<\/ul>\n<p align=\"center\"><span style=\"font-family: times new roman,times,serif;\"><span style=\"color: #000000;\"><span style=\"font-size: 16px;\"><strong>C\u1ea3m \u01a1n qu\u00fd kh\u00e1ch \u0111\u00e3 tin d\u00f9ng s\u1ea3n ph\u1ea9m Kawaled!<\/strong><\/span><\/span><\/span><\/p>\n<p align=\"center\"><span style=\"font-family: times new roman,times,serif;\"><span style=\"color: #000000;\"><span style=\"font-size: 16px;\"><strong>Toll-Free Consulting Hotline:\u00a0<\/strong><\/span><\/span><span style=\"color: #ff0000;\"><span style=\"font-size: 16px;\"><strong>1800 0058<\/strong><\/span><\/span><span style=\"color: #000000;\"><span style=\"font-size: 16px;\"><strong>\u00a0Or Call Directly:\u00a0<\/strong><\/span><\/span><span style=\"color: #ff0000;\"><span style=\"font-size: 16px;\"><strong>0911 761 010<\/strong><\/span><\/span><\/span><\/p>\n<p align=\"center\"><span style=\"font-family: times new roman,times,serif;\"><span style=\"font-size: 16px;\"><span style=\"color: #000000;\"><strong>Website:\u00a0<\/strong><\/span><a href=\"https:\/\/kawaled.com.vn\/\"><span style=\"color: #0000cd;\"><strong>www.kawaled.com.vn<\/strong><\/span><\/a><\/span><\/span><\/p>\n<p align=\"center\"><span style=\"font-family: times new roman,times,serif;\"><span style=\"font-size: 16px;\"><span style=\"color: #000000;\"><strong>Website:\u00a0<\/strong><\/span><a href=\"https:\/\/kawasan.vn\/\" target=\"_blank\" rel=\"noopener\"><span style=\"color: #0000cd;\"><strong>www.kawaled.vn<\/strong><\/span><\/a><\/span><\/span><\/p>\n<p align=\"center\"><span style=\"font-family: times new roman,times,serif;\">\u00a0<\/span><\/p>","protected":false},"excerpt":{"rendered":"<p>\u0110\u00c8N LED \u00c2M TR\u1ea6N KI\u1ec2U VI\u1ec0N V\u00c0NG \u2013 VI\u1ec0N B\u1ea0C \u0110\u1ed8C \u0110\u00c1O \u0110\u00e8n led \u00e2m tr\u1ea7n DLA90-9W-T\/V\/TT, l\u00e0 m\u1ed9t trong nh\u1eefng lo\u1ea1i \u0111\u00e8n \u01b0a chu\u1ed9ng s\u1eed d\u1ee5ng nh\u1ea5t hi\u1ec7n nay. Ngo\u00e0i ch\u1ee9c n\u0103ng chi\u1ebfu s\u00e1ng, c\u00f2n gi\u00fap trang tr\u00ed kh\u00f4ng gian th\u00eam \u0111\u1eb9p m\u1eaft v\u00e0 sang tr\u1ecdng. Kawaled xin gi\u1edbi thi\u1ec7u \u0111\u1ebfn b\u1ea1n, m\u1eabu \u0111\u00e8n [&hellip;]<\/p>","protected":false},"featured_media":21922,"comment_status":"open","ping_status":"closed","template":"","meta":{"rank_math_description":"\u0110\u00e8n led \u00e2m tr\u1ea7n DLA90-9W-T\/V\/TT. Chip Led SMD 2835 c\u00f3 \u0111\u1ed9 s\u00e1ng t\u1ed1t, kh\u00f4ng g\u00e2y ch\u00f3i m\u1eaft ng\u01b0\u1eddi d\u00f9ng. Tu\u1ed5i th\u1ecd cao 20.000 gi\u1edd. \u0110\u1ed9 ho\u00e0n m\u00e0u cao Ra=85...","rank_math_focus_keyword":"\u0110\u00e8n led \u00e2m tr\u1ea7n DLA90-9W-T\/V\/TT","rank_math_secondary_keywords":""},"product_cat":[3787,3785,1748,1747,1765],"product_tag":[2798,2800,2821,2807,2801,1917,2819,2794,1942,1783,2820,2799,1931,2803,2797,2796],"class_list":["post-21925","product","type-product","status-publish","has-post-thumbnail","hentry","product_cat-den-am-tran-1-mau","product_cat-den-am-tran-tron","product_cat-den-led-downlight-am-tran-mong","product_cat-den-led-downlight","product_cat-den-led-panel-am-tran","product_tag-bong-den-am-tran","product_tag-bong-den-led-am-tran","product_tag-bong-den-led-am-tran-9w","product_tag-bong-den-led-tron-am-tran","product_tag-bong-led-am-tran","product_tag-den-am-tran","product_tag-den-am-tran-9w","product_tag-den-am-tran-thach-cao","product_tag-den-led","product_tag-den-led-am-tran","product_tag-den-led-am-tran-9w","product_tag-den-led-am-tran-thach-cao","product_tag-den-led-am-tran-vien-kieu","product_tag-gia-den-led-am-tran","product_tag-gia-den-led-am-tran-thach-cao","product_tag-led-am-tran"],"acf":[],"_links":{"self":[{"href":"https:\/\/kawaled.com.vn\/en\/wp-json\/wp\/v2\/product\/21925","targetHints":{"allow":["GET"]}}],"collection":[{"href":"https:\/\/kawaled.com.vn\/en\/wp-json\/wp\/v2\/product"}],"about":[{"href":"https:\/\/kawaled.com.vn\/en\/wp-json\/wp\/v2\/types\/product"}],"replies":[{"embeddable":true,"href":"https:\/\/kawaled.com.vn\/en\/wp-json\/wp\/v2\/comments?post=21925"}],"version-history":[{"count":0,"href":"https:\/\/kawaled.com.vn\/en\/wp-json\/wp\/v2\/product\/21925\/revisions"}],"wp:featuredmedia":[{"embeddable":true,"href":"https:\/\/kawaled.com.vn\/en\/wp-json\/wp\/v2\/media\/21922"}],"wp:attachment":[{"href":"https:\/\/kawaled.com.vn\/en\/wp-json\/wp\/v2\/media?parent=21925"}],"wp:term":[{"taxonomy":"product_cat","embeddable":true,"href":"https:\/\/kawaled.com.vn\/en\/wp-json\/wp\/v2\/product_cat?post=21925"},{"taxonomy":"product_tag","embeddable":true,"href":"https:\/\/kawaled.com.vn\/en\/wp-json\/wp\/v2\/product_tag?post=21925"}],"curies":[{"name":"wp","href":"https:\/\/api.w.org\/{rel}","templated":true}]}}