{"id":21858,"date":"2023-07-24T14:03:43","date_gmt":"2023-07-24T07:03:43","guid":{"rendered":"https:\/\/kawaled.123websitedev.com\/san-pham\/thanh-ray-den-roi-ray-1m\/"},"modified":"2026-02-26T11:53:32","modified_gmt":"2026-02-26T04:53:32","slug":"thanh-ray-den-roi-ray-1m","status":"publish","type":"product","link":"https:\/\/kawaled.com.vn\/en\/product\/thanh-ray-den-roi-ray-1m\/","title":{"rendered":"THANH RAY \u0110\u00c8N R\u1eccI RAY-1M"},"content":{"rendered":"<h2><span style=\"color: #000000;\"><span style=\"font-family: times new roman,times,serif;\"><span style=\"font-size: 16px;\"><strong>THANH RAY \u0110\u00c8N R\u1eccI L\u00c0 G\u00cc?<\/strong><\/span><\/span><\/span><\/h2>\n<p><span style=\"color: #000000;\"><span style=\"font-family: times new roman,times,serif;\"><span style=\"font-size: 16px;\">Thanh ray \u0111\u00e8n r\u1ecdi, l\u00e0 m\u1ed9t ph\u1ee5 ki\u1ec7n quan tr\u1ecdng c\u00f3 ch\u1ee9c n\u0103ng c\u1ed1 \u0111\u1ecbnh v\u00e0 t\u1ea1o \u0111\u01b0\u1eddng l\u00f5i d\u1eabn \u0111i\u1ec7n cho \u0111\u00e8n r\u1ecdi ray. V\u1edbi c\u1ea5u t\u1ea1o g\u1ed3m 4 b\u1ed9 ph\u1eadn ch\u00ednh \u0111\u00f3 l\u00e0: Th\u00e2n v\u1ecf thanh ray, l\u00f5i d\u1eabn \u0111i\u1ec7n, \u0111\u1ec7m c\u00e1ch \u0111i\u1ec7n v\u00e0 \u0111\u1ea7u thanh ray.\u00a0Thanh ray \u0111\u01b0\u1ee3c l\u00e0m b\u1eb1ng h\u1ee3p kim nh\u00f4m cao c\u1ea5p, b\u00ean ngo\u00e0i s\u01a1n m\u1ed9t l\u1edbp t\u0129nh \u0111i\u1ec7n \u0111\u1eb9p m\u1eaft ch\u1ed1ng tr\u1ea7y. Thi\u1ebft k\u1ebf d\u1ea1ng th\u1eb3ng d\u00e0i 1m\u00a0gi\u00fap c\u1ed1 \u0111\u1ecbnh \u0111\u00e8n ch\u1eafc ch\u1eafn.\u00a0<\/span><\/span><\/span><\/p>\n<p><span style=\"font-size: 16px;\"><span style=\"color: #000000;\"><span style=\"font-family: times new roman,times,serif;\">L\u1eafp \u0111\u1eb7t \u0111\u01a1n gi\u1ea3n, d\u1ec5 d\u00e0ng, b\u1ea1n c\u00f3 th\u1ec3 l\u1ef1a ch\u1ecdn \u0111a d\u1ea1ng v\u1ecb tr\u00ed, \u0111\u1ecba h\u00ecnh hay lo\u1ea1i tr\u1ea7n \u0111\u1ec3 l\u1eafp c\u1ed1 \u0111\u1ecbnh nh\u01b0 mong mu\u1ed1n. C\u00f3 th\u1ec3\u00a0k\u1ebft h\u1ee3p \u0111\u01b0\u1ee3c v\u1edbi h\u1ea7u h\u1ebft c\u00e1c lo\u1ea1i \u0111\u00e8n r\u1ecdi ray, h\u1ed7 tr\u1ee3 chi\u1ebfu s\u00e1ng \u0111a d\u1ea1ng c\u00e1c kh\u00f4ng gian s\u1eed d\u1ee5ng.\u00a0Mang l\u1ea1i s\u1ef1 sang tr\u1ecdng, t\u0103ng t\u00ednh th\u1ea9m m\u1ef9 cao.<\/span><\/span><\/span><\/p>\n<p style=\"text-align: center;\"><span style=\"font-size: 16px;\"><span style=\"color: #000000;\"><span style=\"font-family: times new roman,times,serif;\"><img decoding=\"async\" class=\"size-full wp-image-21857\" style=\"width: 500px; height: 500px;\" src=\"https:\/\/kawaled.com.vn\/wp-content\/uploads\/2023\/07\/thanh-ray-den-roi-1m.jpg\" alt=\"Thanh ray \u0111\u00e8n r\u1ecdi ray 1m\" width=\"800\" height=\"800\" srcset=\"https:\/\/kawaled.com.vn\/wp-content\/uploads\/2023\/07\/thanh-ray-den-roi-1m.jpg 800w, https:\/\/kawaled.com.vn\/wp-content\/uploads\/2023\/07\/thanh-ray-den-roi-1m-768x768.jpg 768w, https:\/\/kawaled.com.vn\/wp-content\/uploads\/2023\/07\/thanh-ray-den-roi-1m-640x640.jpg 640w, https:\/\/kawaled.com.vn\/wp-content\/uploads\/2023\/07\/thanh-ray-den-roi-1m-400x400.jpg 400w\" sizes=\"(max-width: 800px) 100vw, 800px\" \/><\/span><\/span><\/span><\/p>\n<p><span style=\"color: #000000;\"><span style=\"font-family: times new roman,times,serif;\"><strong>THANH RAY TH\u01af\u1edcNG \u0110\u01af\u1ee2C L\u1eaeP \u0110\u1eb6T V\u1eca TR\u00cd N\u00c0O?<\/strong><\/span><\/span><\/p>\n<p dir=\"ltr\"><span style=\"font-size: 16px;\"><span style=\"color: #000000;\"><span style=\"font-family: times new roman,times,serif;\">C\u00e1c kh\u00f4ng gian chuy\u00ean s\u1eed d\u1ee5ng t\u1edbi thanh ray \u0111\u00e8n r\u1ecdi cho thi\u1ebft k\u1ebf \u00e1nh s\u00e1ng nh\u01b0: Shop ph\u1ee5 ki\u1ec7n th\u1eddi trang, C\u1eeda h\u00e0ng qu\u1ea7n \u00e1o, Trung t\u00e2m th\u01b0\u01a1ng m\u1ea1i, Chung c\u01b0, Ph\u00f2ng tranh, Ph\u00f2ng tr\u01b0ng b\u00e0y, Showroom \u2026<\/span><\/span><\/span><\/p>\n<p dir=\"ltr\" style=\"text-align: center;\"><img decoding=\"async\" class=\"size-full wp-image-21834\" style=\"width: 500px; height: 333px;\" src=\"https:\/\/kawaled.com.vn\/wp-content\/uploads\/2023\/07\/den-roi-kawaled-1.jpg\" alt=\"Thanh ray \u0111\u00e8n r\u1ecdi \u0111\u01b0\u1ee3c d\u00f9ng cho c\u00e1c c\u1eeda h\u00e0ng, showroom...\" width=\"600\" height=\"400\" srcset=\"https:\/\/kawaled.com.vn\/wp-content\/uploads\/2023\/07\/den-roi-kawaled-1.jpg 600w, https:\/\/kawaled.com.vn\/wp-content\/uploads\/2023\/07\/den-roi-kawaled-1-400x267.jpg 400w\" sizes=\"(max-width: 600px) 100vw, 600px\" \/><\/p>\n<h2 id=\"index13\" dir=\"ltr\"><span style=\"font-family: times new roman,times,serif;\"><span style=\"font-size: 16px;\"><span style=\"color: #000000;\"><strong>H\u01af\u1edaNG D\u1eaaN C\u00c1CH L\u1eaeP \u0110\u1eb6T<\/strong><\/span><\/span><\/span><\/h2>\n<p dir=\"ltr\"><span style=\"font-family: times new roman,times,serif;\"><span style=\"font-size: 16px;\"><span style=\"color: #000000;\">C\u00e1c b\u01b0\u1edbc l\u1eafp \u0111\u1eb7t thanh ray \u0111\u00e8n r\u1ecdi \u0111\u01b0\u1ee3c th\u1ef1c hi\u1ec7n nh\u01b0 sau:<\/span><\/span><\/span><\/p>\n<p dir=\"ltr\" role=\"presentation\"><span style=\"font-family: times new roman,times,serif;\"><span style=\"font-size: 16px;\"><span style=\"color: #000000;\">B\u01b0\u1edbc 1: C\u1ed1 \u0111\u1ecbnh thanh ray l\u00ean v\u1ecb tr\u00ed tr\u1ea7n, t\u01b0\u1eddng nh\u00e0 mu\u1ed1n l\u1eafp \u0111\u1eb7t. Tr\u00ean thanh ray \u0111\u00e3 \u0111\u01b0\u1ee3c thi\u1ebft k\u1ebf s\u1eb5n c\u00e1c l\u1ed7 v\u00edt, v\u00ec v\u1eady vi\u1ec7c b\u1eaft v\u00edt kh\u00e1 \u0111\u01a1n gi\u1ea3n.<\/span><\/span><\/span><\/p>\n<p dir=\"ltr\" role=\"presentation\"><span style=\"font-family: times new roman,times,serif;\"><span style=\"font-size: 16px;\"><span style=\"color: #000000;\">B\u01b0\u1edbc 2: K\u1ebft n\u1ed1i ngu\u1ed3n \u0111i\u1ec7n 220V\u00a0cho thanh ray. D\u00f9ng tua v\u00edt th\u00e1o v\u00e0 si\u1ebft ch\u1eb7t d\u00e2y ngu\u1ed3n b\u1eb1ng \u1ed1c v\u00edt, sau \u0111\u00f3 l\u1eafp h\u1ed9p ngu\u1ed3n l\u1ea1i.<\/span><\/span><\/span><\/p>\n<p dir=\"ltr\" role=\"presentation\"><span style=\"font-family: times new roman,times,serif;\"><span style=\"font-size: 16px;\"><span style=\"color: #000000;\">B\u01b0\u1edbc 3: Th\u1ef1c hi\u1ec7n l\u1eafp \u0111\u00e8n r\u1ecdi v\u00e0o thanh ray. B\u1eadt 2 \u0111\u1ea7u l\u1eaby l\u00f2 xo c\u1ee7a ch\u00e2n \u0111\u00e8n v\u00e0 \u0111\u1eb7t so le v\u00e0o v\u1ecb tr\u00ed r\u00e3nh tr\u00ean thanh ray.<\/span><\/span><\/span><\/p>\n<p dir=\"ltr\" role=\"presentation\"><span style=\"font-family: times new roman,times,serif;\"><span style=\"font-size: 16px;\"><span style=\"color: #000000;\">B\u01b0\u1edbc 4: C\u1ed1 \u0111\u1ecbnh l\u1ea1i \u0111\u00e8n b\u1eb1ng c\u00e1ch xoay kh\u1edbp ph\u00eda tr\u01b0\u1edbc<\/span><\/span><\/span><\/p>\n<p dir=\"ltr\" role=\"presentation\"><span style=\"font-family: times new roman,times,serif;\"><span style=\"font-size: 16px;\"><span style=\"color: #000000;\">B\u01b0\u1edbc 5: B\u1eadt l\u1ea1i ngu\u1ed3n \u0111i\u1ec7n v\u00e0 ki\u1ec3m tra t\u00ecnh tr\u1ea1ng c\u1ee7a \u0111\u00e8n.<\/span><\/span><\/span><\/p>\n<p align=\"center\"><span style=\"font-family: times new roman,times,serif;\"><span style=\"font-size: 16px;\"><span style=\"color: #000000;\"><strong>C\u1ea3m \u01a1n qu\u00fd kh\u00e1ch \u0111\u00e3 tin d\u00f9ng s\u1ea3n ph\u1ea9m Kawaled!<\/strong><\/span><\/span><\/span><\/p>\n<p align=\"center\"><span style=\"font-family: times new roman,times,serif;\"><span style=\"font-size: 16px;\"><span style=\"color: #000000;\"><strong>Toll-Free Consulting Hotline:\u00a0<\/strong><\/span><span style=\"color: #ff0000;\"><strong>1800 0058<\/strong><\/span><span style=\"color: #000000;\"><strong>\u00a0Or Call Directly:\u00a0<\/strong><\/span><span style=\"color: #ff0000;\"><strong>091176 1010<\/strong><\/span><\/span><\/span><\/p>\n<p align=\"center\"><span style=\"font-family: times new roman,times,serif;\"><span style=\"font-size: 16px;\"><span style=\"color: #000000;\"><strong>Website:\u00a0<\/strong><\/span><a href=\"https:\/\/kawaled.com.vn\/san-pham\/\" target=\"_blank\" rel=\"noopener\"><span style=\"color: #0000cd;\"><strong>www.kawaled.com.vn<\/strong><\/span><\/a><\/span><\/span><\/p>\n<p align=\"center\"><span style=\"font-family: times new roman,times,serif;\"><span style=\"font-size: 16px;\"><span style=\"color: #000000;\"><strong>Website:\u00a0<\/strong><\/span><a href=\"https:\/\/kawasan.vn\/\" target=\"_blank\" rel=\"noopener\"><span style=\"color: #0000cd;\"><strong>www.kawasan.vn<\/strong><\/span><\/a><\/span><\/span><\/p>","protected":false},"excerpt":{"rendered":"<p>THANH RAY \u0110\u00c8N R\u1eccI L\u00c0 G\u00cc? Thanh ray \u0111\u00e8n r\u1ecdi, l\u00e0 m\u1ed9t ph\u1ee5 ki\u1ec7n quan tr\u1ecdng c\u00f3 ch\u1ee9c n\u0103ng c\u1ed1 \u0111\u1ecbnh v\u00e0 t\u1ea1o \u0111\u01b0\u1eddng l\u00f5i d\u1eabn \u0111i\u1ec7n cho \u0111\u00e8n r\u1ecdi ray. V\u1edbi c\u1ea5u t\u1ea1o g\u1ed3m 4 b\u1ed9 ph\u1eadn ch\u00ednh \u0111\u00f3 l\u00e0: Th\u00e2n v\u1ecf thanh ray, l\u00f5i d\u1eabn \u0111i\u1ec7n, \u0111\u1ec7m c\u00e1ch \u0111i\u1ec7n v\u00e0 \u0111\u1ea7u thanh ray.\u00a0Thanh [&hellip;]<\/p>","protected":false},"featured_media":21857,"comment_status":"open","ping_status":"closed","template":"","meta":{"rank_math_description":"Thanh ray d\u00f9ng cho c\u00e1c lo\u1ea1i \u0111\u00e8n r\u1ecdi, chi\u1ebfu s\u00e1ng. V\u1edbi c\u1ea5u t\u1ea1o g\u1ed3m 4 b\u1ed9 ph\u1eadn: Th\u00e2n v\u1ecf thanh ray, l\u00f5i d\u1eabn \u0111i\u1ec7n, \u0111\u1ec7m c\u00e1ch \u0111i\u1ec7n v\u00e0 \u0111\u1ea7u thanh ray...","rank_math_focus_keyword":"THANH RAY \u0110\u00c8N R\u1eccI","rank_math_secondary_keywords":""},"product_cat":[1753],"product_tag":[2893,2890,2889,2892,2894,1924,2891],"class_list":["post-21858","product","type-product","status-publish","has-post-thumbnail","hentry","product_cat-den-roi-thanh-ray-roi-tranh","product_tag-den-led-thanh-ray-nam-cham","product_tag-den-thanh-ray","product_tag-thanh-ray","product_tag-thanh-ray-den","product_tag-thanh-ray-den-led","product_tag-thanh-ray-den-roi","product_tag-thanh-ray-nam-cham-am-tran"],"acf":[],"_links":{"self":[{"href":"https:\/\/kawaled.com.vn\/en\/wp-json\/wp\/v2\/product\/21858","targetHints":{"allow":["GET"]}}],"collection":[{"href":"https:\/\/kawaled.com.vn\/en\/wp-json\/wp\/v2\/product"}],"about":[{"href":"https:\/\/kawaled.com.vn\/en\/wp-json\/wp\/v2\/types\/product"}],"replies":[{"embeddable":true,"href":"https:\/\/kawaled.com.vn\/en\/wp-json\/wp\/v2\/comments?post=21858"}],"version-history":[{"count":0,"href":"https:\/\/kawaled.com.vn\/en\/wp-json\/wp\/v2\/product\/21858\/revisions"}],"wp:featuredmedia":[{"embeddable":true,"href":"https:\/\/kawaled.com.vn\/en\/wp-json\/wp\/v2\/media\/21857"}],"wp:attachment":[{"href":"https:\/\/kawaled.com.vn\/en\/wp-json\/wp\/v2\/media?parent=21858"}],"wp:term":[{"taxonomy":"product_cat","embeddable":true,"href":"https:\/\/kawaled.com.vn\/en\/wp-json\/wp\/v2\/product_cat?post=21858"},{"taxonomy":"product_tag","embeddable":true,"href":"https:\/\/kawaled.com.vn\/en\/wp-json\/wp\/v2\/product_tag?post=21858"}],"curies":[{"name":"wp","href":"https:\/\/api.w.org\/{rel}","templated":true}]}}