{"id":21852,"date":"2023-07-18T16:46:02","date_gmt":"2023-07-18T09:46:02","guid":{"rendered":"https:\/\/kawaled.123websitedev.com\/san-pham\/den-roi-de-ngoi-tl2-12w\/"},"modified":"2025-12-01T11:27:19","modified_gmt":"2025-12-01T04:27:19","slug":"den-roi-de-ngoi-tl2-12w","status":"publish","type":"product","link":"https:\/\/kawaled.com.vn\/en\/product\/den-roi-de-ngoi-tl2-12w\/","title":{"rendered":"\u0110\u00c8N LED R\u1eccI \u0110\u1ebe NG\u1ed2I KAWALED LED-TL2-12W"},"content":{"rendered":"<h2><span class=\"ez-toc-section\" id=\"DEN_ROI_DE_NGOI_TL2_KAWALED\"><\/span><span style=\"font-family: times new roman,times,serif;\"><span style=\"font-size: 16px;\"><span style=\"color: #000000;\"><strong>\u0110\u00c8N R\u1eccI \u0110\u1ebe NG\u1ed2I TL2 KAWALED<\/strong><\/span><\/span><\/span><span class=\"ez-toc-section-end\"><\/span><\/h2><div id=\"ez-toc-container\" class=\"ez-toc-v2_0_69_1 counter-hierarchy ez-toc-counter ez-toc-grey ez-toc-container-direction\">\n<div class=\"ez-toc-title-container\">\n<p class=\"ez-toc-title\" >N\u1ed9i Dung B&agrave;i Vi\u1ebft<\/p>\n<span class=\"ez-toc-title-toggle\"><a href=\"#\" class=\"ez-toc-pull-right ez-toc-btn ez-toc-btn-xs ez-toc-btn-default ez-toc-toggle\" aria-label=\"Toggle Table of Content\"><span class=\"ez-toc-js-icon-con\"><span class=\"\"><span class=\"eztoc-hide\" style=\"display:none;\">Toggle<\/span><span class=\"ez-toc-icon-toggle-span\"><svg style=\"fill: #999;color:#999\" xmlns=\"http:\/\/www.w3.org\/2000\/svg\" class=\"list-377408\" width=\"20px\" height=\"20px\" viewbox=\"0 0 24 24\" fill=\"none\"><path d=\"M6 6H4v2h2V6zm14 0H8v2h12V6zM4 11h2v2H4v-2zm16 0H8v2h12v-2zM4 16h2v2H4v-2zm16 0H8v2h12v-2z\" fill=\"currentColor\"><\/path><\/svg><svg style=\"fill: #999;color:#999\" class=\"arrow-unsorted-368013\" xmlns=\"http:\/\/www.w3.org\/2000\/svg\" width=\"10px\" height=\"10px\" viewbox=\"0 0 24 24\" version=\"1.2\" baseprofile=\"tiny\"><path d=\"M18.2 9.3l-6.2-6.3-6.2 6.3c-.2.2-.3.4-.3.7s.1.5.3.7c.2.2.4.3.7.3h11c.3 0 .5-.1.7-.3.2-.2.3-.5.3-.7s-.1-.5-.3-.7zM5.8 14.7l6.2 6.3 6.2-6.3c.2-.2.3-.5.3-.7s-.1-.5-.3-.7c-.2-.2-.4-.3-.7-.3h-11c-.3 0-.5.1-.7.3-.2.2-.3.5-.3.7s.1.5.3.7z\"\/><\/svg><\/span><\/span><\/span><\/a><\/span><\/div>\n<nav><ul class='ez-toc-list ez-toc-list-level-1 eztoc-toggle-hide-by-default' ><li class='ez-toc-page-1 ez-toc-heading-level-2'><a class=\"ez-toc-link ez-toc-heading-1\" href=\"https:\/\/kawaled.com.vn\/en\/product\/den-roi-de-ngoi-tl2-12w\/#DEN_ROI_DE_NGOI_TL2_KAWALED\" title=\"\u0110\u00c8N R\u1eccI \u0110\u1ebe NG\u1ed2I TL2 KAWALED\">\u0110\u00c8N R\u1eccI \u0110\u1ebe NG\u1ed2I TL2 KAWALED<\/a><\/li><li class='ez-toc-page-1 ez-toc-heading-level-2'><a class=\"ez-toc-link ez-toc-heading-2\" href=\"https:\/\/kawaled.com.vn\/en\/product\/den-roi-de-ngoi-tl2-12w\/#UU_DIEM_NOI_BAT_CUA_DEN_LED_ROI\" title=\"\u01afU \u0110I\u1ec2M N\u1ed4I B\u1eacT C\u1ee6A \u0110\u00c8N LED R\u1eccI\u00a0\">\u01afU \u0110I\u1ec2M N\u1ed4I B\u1eacT C\u1ee6A \u0110\u00c8N LED R\u1eccI\u00a0<\/a><ul class='ez-toc-list-level-3' ><li class='ez-toc-heading-level-3'><a class=\"ez-toc-link ez-toc-heading-3\" href=\"https:\/\/kawaled.com.vn\/en\/product\/den-roi-de-ngoi-tl2-12w\/#Tiet_kiem_dien_nang\" title=\"Ti\u1ebft ki\u1ec7m \u0111i\u1ec7n n\u0103ng\">Ti\u1ebft ki\u1ec7m \u0111i\u1ec7n n\u0103ng<\/a><\/li><li class='ez-toc-page-1 ez-toc-heading-level-3'><a class=\"ez-toc-link ez-toc-heading-4\" href=\"https:\/\/kawaled.com.vn\/en\/product\/den-roi-de-ngoi-tl2-12w\/#Tuoi_tho_cao\" title=\"Tu\u1ed5i th\u1ecd cao\">Tu\u1ed5i th\u1ecd cao<\/a><\/li><li class='ez-toc-page-1 ez-toc-heading-level-3'><a class=\"ez-toc-link ez-toc-heading-5\" href=\"https:\/\/kawaled.com.vn\/en\/product\/den-roi-de-ngoi-tl2-12w\/#Chi_so_hoan_mau\" title=\"Ch\u1ec9 s\u1ed1 ho\u00e0n m\u00e0u\">Ch\u1ec9 s\u1ed1 ho\u00e0n m\u00e0u<\/a><\/li><li class='ez-toc-page-1 ez-toc-heading-level-3'><a class=\"ez-toc-link ez-toc-heading-6\" href=\"https:\/\/kawaled.com.vn\/en\/product\/den-roi-de-ngoi-tl2-12w\/#Do_an_toan_cao\" title=\"\u0110\u1ed9 an to\u00e0n cao\">\u0110\u1ed9 an to\u00e0n cao<\/a><\/li><\/ul><\/li><li class='ez-toc-page-1 ez-toc-heading-level-2'><a class=\"ez-toc-link ez-toc-heading-7\" href=\"https:\/\/kawaled.com.vn\/en\/product\/den-roi-de-ngoi-tl2-12w\/#DEN_ROI_CHIEU_TUONG_PHU_HOP_DUNG_O_DAU\" title=\"\u0110\u00c8N R\u1eccI CHI\u1ebeU T\u01af\u1edcNG PH\u00d9 H\u1ee2P D\u00d9NG \u1ede \u0110\u00c2U?\">\u0110\u00c8N R\u1eccI CHI\u1ebeU T\u01af\u1edcNG PH\u00d9 H\u1ee2P D\u00d9NG \u1ede \u0110\u00c2U?<\/a><\/li><\/ul><\/nav><\/div>\n\n<p><span style=\"font-family: times new roman,times,serif;\"><span style=\"font-size: 16px;\"><span style=\"color: #000000;\">Hi\u1ec7n nay, tr\u00ean th\u1ecb tr\u01b0\u1eddng r\u1ea5t nhi\u1ec1u lo\u1ea1i \u0111\u00e8n r\u1ecdi chi\u1ebfu t\u01b0\u1eddng\u00a0v\u1edbi nhi\u1ec1u m\u1eabu m\u00e3 v\u00e0 gi\u00e1 c\u1ea3 kh\u00e1c nhau. Kawaled xin gi\u1edbi thi\u1ec7u \u0111\u1ebfn b\u1ea1n, m\u1eabu \u0111\u00e8n r\u1ecdi \u0111\u1ebf n\u1ed5i TL2 m\u1edbi nh\u1ea5t hi\u1ec7n nay. Thi\u1ebft k\u1ebf nh\u1ecf g\u1ecdn, \u00e1nh s\u00e1ng chu\u1ea9n, t\u0103ng t\u00ednh th\u1ea9m m\u1ef9 cho kh\u00f4ng gian l\u1eafp \u0111\u1eb7t.<\/span><\/span><\/span><\/p>\n<p style=\"text-align: center;\"><span style=\"font-family: times new roman,times,serif;\"><span style=\"font-size: 16px;\"><span style=\"color: #000000;\"><img decoding=\"async\" class=\"size-full wp-image-21849\" style=\"width: 500px; height: 500px;\" src=\"https:\/\/kawaled.com.vn\/wp-content\/uploads\/2023\/07\/den-roi-chieu-diem-tl3-12w-2.png\" alt=\"\u0110\u00e8n r\u1ecdi \u0111\u1ebf n\u1ed5i Kawaled TL3-12W\" width=\"2000\" height=\"2000\" srcset=\"https:\/\/kawaled.com.vn\/wp-content\/uploads\/2023\/07\/den-roi-chieu-diem-tl3-12w-2.png 2000w, https:\/\/kawaled.com.vn\/wp-content\/uploads\/2023\/07\/den-roi-chieu-diem-tl3-12w-2-1000x1000.png 1000w, https:\/\/kawaled.com.vn\/wp-content\/uploads\/2023\/07\/den-roi-chieu-diem-tl3-12w-2-1024x1024.png 1024w, https:\/\/kawaled.com.vn\/wp-content\/uploads\/2023\/07\/den-roi-chieu-diem-tl3-12w-2-768x768.png 768w, https:\/\/kawaled.com.vn\/wp-content\/uploads\/2023\/07\/den-roi-chieu-diem-tl3-12w-2-1536x1536.png 1536w, https:\/\/kawaled.com.vn\/wp-content\/uploads\/2023\/07\/den-roi-chieu-diem-tl3-12w-2-640x640.png 640w, https:\/\/kawaled.com.vn\/wp-content\/uploads\/2023\/07\/den-roi-chieu-diem-tl3-12w-2-400x400.png 400w\" sizes=\"(max-width: 2000px) 100vw, 2000px\" \/><\/span><\/span><\/span><\/p>\n<h2><span class=\"ez-toc-section\" id=\"UU_DIEM_NOI_BAT_CUA_DEN_LED_ROI\"><\/span><span style=\"font-family: times new roman,times,serif;\"><span style=\"font-size: 16px;\"><span style=\"color: #000000;\"><strong>\u01afU \u0110I\u1ec2M N\u1ed4I B\u1eacT C\u1ee6A \u0110\u00c8N LED R\u1eccI\u00a0<\/strong><\/span><\/span><\/span><span class=\"ez-toc-section-end\"><\/span><\/h2>\n<h3><span class=\"ez-toc-section\" id=\"Tiet_kiem_dien_nang\"><\/span><span style=\"font-family: times new roman,times,serif;\"><span style=\"font-size: 16px;\"><span style=\"color: #000000;\"><strong>Ti\u1ebft ki\u1ec7m \u0111i\u1ec7n n\u0103ng<\/strong><\/span><\/span><\/span><span class=\"ez-toc-section-end\"><\/span><\/h3>\n<p><span style=\"font-family: times new roman,times,serif;\"><span style=\"font-size: 16px;\"><span style=\"color: #000000;\">C\u00f9ng 1 c\u00f4ng su\u1ea5t nh\u01b0ng \u0111\u00e8n led r\u1ecdi \u0111\u1ebf ng\u1ed3i Kawaled LED-TL2-12W c\u00f3 th\u1ec3 cho hi\u1ec7u su\u1ea5t ph\u00e1t s\u00e1ng g\u1ea5p 2 l\u1ea7n b\u00f3ng hu\u1ef3nh quang v\u00e0 g\u1ea5p g\u1ea7n 3 l\u1ea7n b\u00f3ng s\u1ee3i \u0111\u1ed1t. \u0110i\u1ec1u \u0111\u00f3 gi\u00fap ti\u1ebft ki\u1ec7m t\u1ed1i thi\u1ec3u 50% ti\u1ec1n \u0111i\u1ec7n h\u00e0ng th\u00e1ng so v\u1edbi s\u1eed d\u1ee5ng \u0111\u00e8n hu\u1ef3nh quang v\u00e0 ti\u1ebft ki\u1ec7m 80% so v\u1edbi d\u00f9ng b\u00f3ng \u0111\u00e8n s\u1ee3i \u0111\u1ed1t.<\/span><\/span><\/span><\/p>\n<h3><span class=\"ez-toc-section\" id=\"Tuoi_tho_cao\"><\/span><span style=\"font-family: times new roman,times,serif;\"><span style=\"font-size: 16px;\"><span style=\"color: #000000;\"><strong>Tu\u1ed5i th\u1ecd cao<\/strong><\/span><\/span><\/span><span class=\"ez-toc-section-end\"><\/span><\/h3>\n<p><span style=\"font-family: times new roman,times,serif;\"><span style=\"font-size: 16px;\"><span style=\"color: #000000;\">S\u1ea3n ph\u1ea9m \u0111\u00e8n LED r\u1ecdi c\u00f3 tu\u1ed5i th\u1ecd l\u00ean t\u1edbi 25.000 gi\u1edd t\u01b0\u01a1ng \u0111\u01b0\u01a1ng v\u1edbi 4-5\u00a0n\u0103m s\u1eed d\u1ee5ng (th\u1eddi gian s\u1eed d\u1ee5ng trung b\u00ecnh 8h\/ng\u00e0y).<\/span><\/span><\/span><\/p>\n<h3><span class=\"ez-toc-section\" id=\"Chi_so_hoan_mau\"><\/span><span style=\"font-family: times new roman,times,serif;\"><span style=\"font-size: 16px;\"><span style=\"color: #000000;\"><strong>Ch\u1ec9 s\u1ed1 ho\u00e0n m\u00e0u<\/strong><\/span><\/span><\/span><span class=\"ez-toc-section-end\"><\/span><\/h3>\n<p><span style=\"font-family: times new roman,times,serif;\"><span style=\"font-size: 16px;\"><span style=\"color: #000000;\">\u0110\u00e8n c\u00f3 ch\u1ec9 s\u1ed1 ho\u00e0n m\u00e0u cao (CRI &gt;85) n\u00ean \u00e1nh s\u00e1ng c\u1ee7a \u0111\u00e8n r\u1ea5t trung th\u1ef1c, b\u1eaft m\u1eaft<\/span><\/span><\/span><\/p>\n<p style=\"text-align: center;\"><span style=\"font-family: times new roman,times,serif;\"><span style=\"font-size: 16px;\"><span style=\"color: #000000;\"><img decoding=\"async\" class=\"size-full wp-image-21831\" style=\"width: 500px; height: 259px;\" src=\"https:\/\/kawaled.com.vn\/wp-content\/uploads\/2023\/07\/den-roi-kawaled-2.jpg\" alt=\"\u0110\u00e8n r\u1ecdi chi\u1ebfu tranh ch\u1ec9 s\u1ed1 ho\u00e0n m\u00e0u cao CRI=90\" width=\"950\" height=\"492\" srcset=\"https:\/\/kawaled.com.vn\/wp-content\/uploads\/2023\/07\/den-roi-kawaled-2.jpg 950w, https:\/\/kawaled.com.vn\/wp-content\/uploads\/2023\/07\/den-roi-kawaled-2-768x398.jpg 768w, https:\/\/kawaled.com.vn\/wp-content\/uploads\/2023\/07\/den-roi-kawaled-2-640x331.jpg 640w, https:\/\/kawaled.com.vn\/wp-content\/uploads\/2023\/07\/den-roi-kawaled-2-400x207.jpg 400w\" sizes=\"(max-width: 950px) 100vw, 950px\" \/><\/span><\/span><\/span><\/p>\n<h3><span class=\"ez-toc-section\" id=\"Do_an_toan_cao\"><\/span><span style=\"font-family: times new roman,times,serif;\"><span style=\"font-size: 16px;\"><span style=\"color: #000000;\"><strong>\u0110\u1ed9 an to\u00e0n cao<\/strong><\/span><\/span><\/span><span class=\"ez-toc-section-end\"><\/span><\/h3>\n<p><span style=\"font-family: times new roman,times,serif;\"><span style=\"font-size: 16px;\"><span style=\"color: #000000;\">\u0110\u00e8n \u0111\u01b0\u1ee3c l\u00e0m b\u1eb1ng nh\u1ef1a cao c\u1ea5p, ch\u1ecbu nhi\u1ec7t t\u1ed1t v\u00e0\u00a0kh\u00f4ng ch\u1ee9a c\u00e1c h\u00f3a ch\u1ea5t \u0111\u1ed9c h\u1ea1i nh\u01b0 ch\u00ec, th\u1ee7y ng\u00e2n\u2026<\/span><\/span><\/span><\/p>\n<h2><span class=\"ez-toc-section\" id=\"DEN_ROI_CHIEU_TUONG_PHU_HOP_DUNG_O_DAU\"><\/span><span style=\"font-family: times new roman,times,serif;\"><span style=\"font-size: 16px;\"><span style=\"color: #000000;\"><strong>\u0110\u00c8N R\u1eccI CHI\u1ebeU T\u01af\u1edcNG PH\u00d9 H\u1ee2P D\u00d9NG \u1ede \u0110\u00c2U<\/strong>?<\/span><\/span><\/span><span class=\"ez-toc-section-end\"><\/span><\/h2>\n<p><span style=\"font-family: times new roman,times,serif;\"><span style=\"font-size: 16px;\"><span style=\"color: #000000;\">\u0110\u00e8n led r\u1ecdi \u0111\u1ebf ng\u1ed3i Kawaled LED-TL2-12W\u00a0c\u1ed1 \u0111\u1ecbnh l\u00e0 gi\u1ea3i ph\u00e1p l\u00fd t\u01b0\u1edfng \u0111\u1ec3 thay \u0111\u1ed5i kh\u00f4ng gian s\u1ed1ng. \u0110\u00e8n mang t\u00ednh th\u1ea9m m\u1ef9 cao th\u01b0\u1eddng \u0111\u01b0\u1ee3c s\u1eed d\u1ee5ng trong chi\u1ebfu s\u00e1ng trang tr\u00ed t\u1ea1i nhi\u1ec1u \u0111\u1ecba \u0111i\u1ec3m kh\u00e1c nhau nh\u01b0: nh\u00e0 d\u00e2n d\u1ee5ng,v\u0103n ph\u00f2ng, nh\u00e0 h\u00e0ng, kh\u00e1ch s\u1ea1n, si\u00eau th\u1ecb, trung t\u00e2m mua s\u1eafm, showrooms b\u00e1n h\u00e0ng, khu tr\u01b0ng b\u00e0y s\u1ea3n ph\u1ea9m,\u2026<\/span><\/span><\/span><\/p>\n<p style=\"text-align: center;\"><span style=\"font-family: times new roman,times,serif;\"><span style=\"font-size: 16px;\"><span style=\"color: #000000;\"><img decoding=\"async\" class=\"size-full wp-image-21850\" style=\"width: 500px; height: 500px;\" src=\"https:\/\/kawaled.com.vn\/wp-content\/uploads\/2023\/07\/den-roi-chieu-diem-tl3-1.png\" alt=\"\u00c1nh s\u00e1ng chu\u1ea9n ph\u00f9 h\u1ee3p l\u1eafp \u0111\u1eb7t cho nhi\u1ec1u khu v\u1ef1c\" width=\"2000\" height=\"2000\" srcset=\"https:\/\/kawaled.com.vn\/wp-content\/uploads\/2023\/07\/den-roi-chieu-diem-tl3-1.png 2000w, https:\/\/kawaled.com.vn\/wp-content\/uploads\/2023\/07\/den-roi-chieu-diem-tl3-1-1000x1000.png 1000w, https:\/\/kawaled.com.vn\/wp-content\/uploads\/2023\/07\/den-roi-chieu-diem-tl3-1-1024x1024.png 1024w, https:\/\/kawaled.com.vn\/wp-content\/uploads\/2023\/07\/den-roi-chieu-diem-tl3-1-768x768.png 768w, https:\/\/kawaled.com.vn\/wp-content\/uploads\/2023\/07\/den-roi-chieu-diem-tl3-1-1536x1536.png 1536w, https:\/\/kawaled.com.vn\/wp-content\/uploads\/2023\/07\/den-roi-chieu-diem-tl3-1-640x640.png 640w, https:\/\/kawaled.com.vn\/wp-content\/uploads\/2023\/07\/den-roi-chieu-diem-tl3-1-400x400.png 400w\" sizes=\"(max-width: 2000px) 100vw, 2000px\" \/><\/span><\/span><\/span><\/p>\n<p><span style=\"font-family: times new roman,times,serif;\"><span style=\"font-size: 16px;\"><span style=\"color: #000000;\"><strong>TH\u00d4NG S\u1ed0 K\u1ef8 THU\u1eacT<\/strong><\/span><\/span><\/span><\/p>\n<ul>\n<li><span style=\"font-family: times new roman,times,serif;\"><span style=\"font-size: 16px;\"><span style=\"color: #000000;\">\u0110i\u1ec7n \u00e1p ho\u1ea1t \u0111\u1ed9ng: 100-265V<\/span><\/span><\/span><\/li>\n<li><span style=\"font-family: times new roman,times,serif;\"><span style=\"font-size: 16px;\"><span style=\"color: #000000;\">D\u00f2ng \u0111i\u1ec7n: 0.5A<\/span><\/span><\/span><\/li>\n<li><span style=\"font-family: times new roman,times,serif;\"><span style=\"font-size: 16px;\"><span style=\"color: #000000;\">H\u1ec7 s\u1ed1 c\u00f4ng su\u1ea5t: 0.65<\/span><\/span><\/span><\/li>\n<li><span style=\"font-family: times new roman,times,serif;\"><span style=\"font-size: 16px;\"><span style=\"color: #000000;\">Hi\u1ec7u su\u1ea5t quang: 70-80 Lm\/w<\/span><\/span><\/span><\/li>\n<li><span style=\"font-family: times new roman,times,serif;\"><span style=\"font-size: 16px;\"><span style=\"color: #000000;\">Ch\u1ec9 s\u1ed1 ho\u00e0n m\u00e0u: Ra =90<\/span><\/span><\/span><\/li>\n<li><span style=\"font-family: times new roman,times,serif;\"><span style=\"font-size: 16px;\"><span style=\"color: #000000;\">Tu\u1ed5i th\u1ecd: 25.000h<\/span><\/span><\/span><\/li>\n<li><span style=\"font-family: times new roman,times,serif;\"><span style=\"font-size: 16px;\"><span style=\"color: #000000;\">C\u00f4ng su\u1ea5t: TL2-12W\u00a0<\/span><\/span><\/span><\/li>\n<\/ul>\n<p align=\"center\"><span style=\"font-family: times new roman,times,serif;\"><span style=\"font-size: 16px;\"><span style=\"color: #000000;\"><img decoding=\"async\" class=\"size-full wp-image-21851\" style=\"width: 500px; height: 500px;\" src=\"https:\/\/kawaled.com.vn\/wp-content\/uploads\/2023\/07\/den-roi-chieu-diem-tl3-12w-1.png\" alt=\"K\u00edch th\u01b0\u1edbc \u0111\u00e8n r\u1ecdi \u0111\u1ebf n\u1ed5i TL3\" width=\"2000\" height=\"2000\" srcset=\"https:\/\/kawaled.com.vn\/wp-content\/uploads\/2023\/07\/den-roi-chieu-diem-tl3-12w-1.png 2000w, https:\/\/kawaled.com.vn\/wp-content\/uploads\/2023\/07\/den-roi-chieu-diem-tl3-12w-1-1000x1000.png 1000w, https:\/\/kawaled.com.vn\/wp-content\/uploads\/2023\/07\/den-roi-chieu-diem-tl3-12w-1-1024x1024.png 1024w, https:\/\/kawaled.com.vn\/wp-content\/uploads\/2023\/07\/den-roi-chieu-diem-tl3-12w-1-768x768.png 768w, https:\/\/kawaled.com.vn\/wp-content\/uploads\/2023\/07\/den-roi-chieu-diem-tl3-12w-1-1536x1536.png 1536w, https:\/\/kawaled.com.vn\/wp-content\/uploads\/2023\/07\/den-roi-chieu-diem-tl3-12w-1-640x640.png 640w, https:\/\/kawaled.com.vn\/wp-content\/uploads\/2023\/07\/den-roi-chieu-diem-tl3-12w-1-400x400.png 400w\" sizes=\"(max-width: 2000px) 100vw, 2000px\" \/><\/span><\/span><\/span><\/p>\n<p><span style=\"font-family: times new roman,times,serif;\"><span style=\"font-size: 16px;\"><span style=\"color: #000000;\"><strong>KAWALED \u2013 TH\u01af\u01a0NG HI\u1ec6U CUNG C\u1ea4P \u0110\u00c8N R\u1eccI UY T\u00cdN NH\u1ea4T HI\u1ec6N NAY<\/strong><\/span><\/span><\/span><\/p>\n<ul>\n<li><span style=\"font-family: times new roman,times,serif;\"><span style=\"font-size: 16px;\"><span style=\"color: #000000;\">C\u00e1c b\u1ed9 ph\u1eadn c\u1ee7a \u0111\u00e8n nh\u01b0 Chip LED hay b\u1ed9 ngu\u1ed3n\u2026\u0111\u01b0\u1ee3c s\u1ea3n xu\u1ea5t t\u1eeb nh\u1eefng linh ki\u1ec7n ch\u1ea5t l\u01b0\u1ee3ng t\u1eeb M\u1ef9, H\u00e0n Qu\u1ed1c v\u00e0 Trung Qu\u1ed1c<\/span><\/span><\/span><\/li>\n<li><span style=\"font-family: times new roman,times,serif;\"><span style=\"font-size: 16px;\"><span style=\"color: #000000;\">\u0110\u1ed9 b\u1ec1n s\u1ea3n ph\u1ea9m t\u1eeb 5 n\u0103m, ch\u00ednh s\u00e1ch b\u1ea3o h\u00e0nh ch\u00ednh h\u00e3ng 2 n\u0103m. Th\u00f4ng tin in ho\u00e0n to\u00e0n b\u1eb1ng ti\u1ebfng Vi\u1ec7t, gi\u00fap ng\u01b0\u1eddi d\u00f9ng d\u1ec5 d\u00e0ng s\u1eed d\u1ee5ng.<\/span><\/span><\/span><\/li>\n<li><span style=\"font-family: times new roman,times,serif;\"><span style=\"font-size: 16px;\"><span style=\"color: #000000;\">C\u00f4ng ty c\u00f3 3 v\u0103n ph\u00f2ng \u0111\u1ea1i di\u1ec7n \u1edf: H\u1ed3 Ch\u00ed Minh, H\u00e0 N\u1ed9i, \u0110\u00e0 N\u1eb5ng v\u00e0 h\u00e0ng tr\u0103m \u0111\u1ea1i l\u00fd l\u1edbn nh\u1ecf kh\u1eafp c\u1ea3 n\u01b0\u1edbc. Hotline 18000058 lu\u00f4n h\u1ed7 tr\u1ee3 b\u00e1n h\u00e0ng v\u00e0 t\u01b0 v\u1ea5n k\u1ef9 thu\u1eadt, gi\u1ea3i \u0111\u00e1p th\u1eafc m\u1eafc c\u1ee7a qu\u00fd kh\u00e1ch h\u00e0ng t\u1eadn t\u00ecnh v\u00e0 chu \u0111\u00e1o.<\/span><\/span><\/span><\/li>\n<li><span style=\"font-family: times new roman,times,serif;\"><span style=\"font-size: 16px;\"><span style=\"color: #000000;\">\u0110\u1ed9i ng\u0169 s\u1ea3n xu\u1ea5t c\u1ee7a c\u00f4ng ty KAWALED c\u00f3 h\u01a1n 15 n\u0103m kinh nghi\u1ec7m ho\u1ea1t \u0111\u1ed9ng trong ng\u00e0nh \u0111\u00e8n LED. Do \u0111\u00f3 Qu\u00fd Kh\u00e1ch c\u00f3 th\u1ec3 ho\u00e0n to\u00e0n tin t\u01b0\u1edfng khi s\u1eed d\u1ee5ng s\u1ea3n ph\u1ea9m chi\u1ebfu s\u00e1ng t\u1eeb c\u00f4ng ty ch\u00fang t\u00f4i.<\/span><\/span><\/span><\/li>\n<\/ul>\n<p align=\"center\"><span style=\"font-family: times new roman,times,serif;\"><span style=\"font-size: 16px;\"><span style=\"color: #000000;\"><strong>C\u1ea3m \u01a1n qu\u00fd kh\u00e1ch \u0111\u00e3 tin d\u00f9ng s\u1ea3n ph\u1ea9m Kawaled!<\/strong><\/span><\/span><\/span><\/p>\n<p align=\"center\"><span style=\"font-family: times new roman,times,serif;\"><span style=\"font-size: 16px;\"><span style=\"color: #000000;\"><strong>Toll-Free Consulting Hotline:\u00a0<\/strong><\/span><span style=\"color: #ff0000;\"><strong>1800 0058<\/strong><\/span><span style=\"color: #000000;\"><strong>\u00a0Or Call Directly:\u00a0<\/strong><\/span><span style=\"color: #ff0000;\"><strong>091176 1010<\/strong><\/span><\/span><\/span><\/p>\n<p align=\"center\"><span style=\"font-family: times new roman,times,serif;\"><span style=\"font-size: 16px;\"><span style=\"color: #000000;\"><strong>Website:\u00a0<\/strong><\/span><a href=\"https:\/\/kawaled.com.vn\/san-pham\/\" target=\"_blank\" rel=\"noopener\"><span style=\"color: #0000cd;\"><strong>www.kawaled.com.vn<\/strong><\/span><\/a><\/span><\/span><\/p>\n<p align=\"center\"><span style=\"font-family: times new roman,times,serif;\"><span style=\"font-size: 16px;\"><span style=\"color: #000000;\"><strong>Website:\u00a0<\/strong><\/span><a href=\"https:\/\/kawasan.vn\/\" target=\"_blank\" rel=\"noopener\"><span style=\"color: #0000cd;\"><strong>www.kawasan.vn<\/strong><\/span><\/a><\/span><\/span><\/p>\n<p align=\"center\"><span style=\"font-family: times new roman,times,serif;\">\u00a0<\/span><\/p>","protected":false},"excerpt":{"rendered":"<p>\u0110\u00c8N R\u1eccI \u0110\u1ebe NG\u1ed2I TL2 KAWALED Hi\u1ec7n nay, tr\u00ean th\u1ecb tr\u01b0\u1eddng r\u1ea5t nhi\u1ec1u lo\u1ea1i \u0111\u00e8n r\u1ecdi chi\u1ebfu t\u01b0\u1eddng\u00a0v\u1edbi nhi\u1ec1u m\u1eabu m\u00e3 v\u00e0 gi\u00e1 c\u1ea3 kh\u00e1c nhau. Kawaled xin gi\u1edbi thi\u1ec7u \u0111\u1ebfn b\u1ea1n, m\u1eabu \u0111\u00e8n r\u1ecdi \u0111\u1ebf n\u1ed5i TL2 m\u1edbi nh\u1ea5t hi\u1ec7n nay. Thi\u1ebft k\u1ebf nh\u1ecf g\u1ecdn, \u00e1nh s\u00e1ng chu\u1ea9n, t\u0103ng t\u00ednh th\u1ea9m m\u1ef9 cho kh\u00f4ng [&hellip;]<\/p>","protected":false},"featured_media":21848,"comment_status":"open","ping_status":"closed","template":"","meta":{"rank_math_description":"\u0110\u00e8n led r\u1ecdi \u0111\u1ebf ng\u1ed3i Kawaled LED-TL2-12W, C\u00f9ng 1 c\u00f4ng su\u1ea5t nh\u01b0ng LED-TL2-12W hi\u1ec7u su\u1ea5t ph\u00e1t s\u00e1ng g\u1ea5p 2 l\u1ea7n b\u00f3ng hu\u1ef3nh quang v\u00e0 g\u1ea5p g\u1ea7n 3 l\u1ea7n b\u00f3ng s\u1ee3i \u0111\u1ed1t...","rank_math_focus_keyword":"\u0110\u00c8N LED R\u1eccI \u0110\u1ebe NG\u1ed2I KAWALED LED-TL2-12W","rank_math_secondary_keywords":""},"product_cat":[1753],"product_tag":[2905,2647,2908,2907,2913,2910,2906,2903,2909,2914,2912,1923,2911,2654,2904],"class_list":["post-21852","product","type-product","status-publish","has-post-thumbnail","hentry","product_cat-den-roi-thanh-ray-roi-tranh","product_tag-bong-den-12v","product_tag-bong-den-led","product_tag-bong-den-led-12v-sieu-sang","product_tag-bong-led-12v","product_tag-bong-led-12v-sieu-sang","product_tag-den-12v-sieu-sang","product_tag-den-downlight-12w","product_tag-den-led-12v","product_tag-den-led-12v-sieu-sang","product_tag-den-pha-12v-sieu-sang","product_tag-den-pha-led-12v","product_tag-den-roi-de-ngoi","product_tag-led-12v-sieu-sang","product_tag-led-bong","product_tag-led-day-12v"],"acf":[],"_links":{"self":[{"href":"https:\/\/kawaled.com.vn\/en\/wp-json\/wp\/v2\/product\/21852","targetHints":{"allow":["GET"]}}],"collection":[{"href":"https:\/\/kawaled.com.vn\/en\/wp-json\/wp\/v2\/product"}],"about":[{"href":"https:\/\/kawaled.com.vn\/en\/wp-json\/wp\/v2\/types\/product"}],"replies":[{"embeddable":true,"href":"https:\/\/kawaled.com.vn\/en\/wp-json\/wp\/v2\/comments?post=21852"}],"version-history":[{"count":0,"href":"https:\/\/kawaled.com.vn\/en\/wp-json\/wp\/v2\/product\/21852\/revisions"}],"wp:featuredmedia":[{"embeddable":true,"href":"https:\/\/kawaled.com.vn\/en\/wp-json\/wp\/v2\/media\/21848"}],"wp:attachment":[{"href":"https:\/\/kawaled.com.vn\/en\/wp-json\/wp\/v2\/media?parent=21852"}],"wp:term":[{"taxonomy":"product_cat","embeddable":true,"href":"https:\/\/kawaled.com.vn\/en\/wp-json\/wp\/v2\/product_cat?post=21852"},{"taxonomy":"product_tag","embeddable":true,"href":"https:\/\/kawaled.com.vn\/en\/wp-json\/wp\/v2\/product_tag?post=21852"}],"curies":[{"name":"wp","href":"https:\/\/api.w.org\/{rel}","templated":true}]}}