{"id":21837,"date":"2023-07-17T16:44:25","date_gmt":"2023-07-17T09:44:25","guid":{"rendered":"https:\/\/kawaled.123websitedev.com\/san-pham\/den-roi-ray-kawaled-tl-30w\/"},"modified":"2025-12-01T11:30:25","modified_gmt":"2025-12-01T04:30:25","slug":"den-roi-ray-kawaled-tl-30w","status":"publish","type":"product","link":"https:\/\/kawaled.com.vn\/en\/product\/den-roi-ray-kawaled-tl-30w\/","title":{"rendered":"\u0110\u00c8N LED R\u1eccI THANH RAY KAWALED LED-TL30W"},"content":{"rendered":"<h3><span class=\"ez-toc-section\" id=\"DEN_ROI_RAY_LA_GI\"><\/span><span style=\"font-family: times new roman,times,serif;\"><span style=\"font-size: 16px;\"><span style=\"color: #000000;\"><strong>\u0110\u00c8N R\u1eccI RAY L\u00c0 G\u00cc?<\/strong><\/span><\/span><\/span><span class=\"ez-toc-section-end\"><\/span><\/h3><div id=\"ez-toc-container\" class=\"ez-toc-v2_0_69_1 counter-hierarchy ez-toc-counter ez-toc-grey ez-toc-container-direction\">\n<div class=\"ez-toc-title-container\">\n<p class=\"ez-toc-title\" >N\u1ed9i Dung B&agrave;i Vi\u1ebft<\/p>\n<span class=\"ez-toc-title-toggle\"><a href=\"#\" class=\"ez-toc-pull-right ez-toc-btn ez-toc-btn-xs ez-toc-btn-default ez-toc-toggle\" aria-label=\"Toggle Table of Content\"><span class=\"ez-toc-js-icon-con\"><span class=\"\"><span class=\"eztoc-hide\" style=\"display:none;\">Toggle<\/span><span class=\"ez-toc-icon-toggle-span\"><svg style=\"fill: #999;color:#999\" xmlns=\"http:\/\/www.w3.org\/2000\/svg\" class=\"list-377408\" width=\"20px\" height=\"20px\" viewbox=\"0 0 24 24\" fill=\"none\"><path d=\"M6 6H4v2h2V6zm14 0H8v2h12V6zM4 11h2v2H4v-2zm16 0H8v2h12v-2zM4 16h2v2H4v-2zm16 0H8v2h12v-2z\" fill=\"currentColor\"><\/path><\/svg><svg style=\"fill: #999;color:#999\" class=\"arrow-unsorted-368013\" xmlns=\"http:\/\/www.w3.org\/2000\/svg\" width=\"10px\" height=\"10px\" viewbox=\"0 0 24 24\" version=\"1.2\" baseprofile=\"tiny\"><path d=\"M18.2 9.3l-6.2-6.3-6.2 6.3c-.2.2-.3.4-.3.7s.1.5.3.7c.2.2.4.3.7.3h11c.3 0 .5-.1.7-.3.2-.2.3-.5.3-.7s-.1-.5-.3-.7zM5.8 14.7l6.2 6.3 6.2-6.3c.2-.2.3-.5.3-.7s-.1-.5-.3-.7c-.2-.2-.4-.3-.7-.3h-11c-.3 0-.5.1-.7.3-.2.2-.3.5-.3.7s.1.5.3.7z\"\/><\/svg><\/span><\/span><\/span><\/a><\/span><\/div>\n<nav><ul class='ez-toc-list ez-toc-list-level-1 eztoc-toggle-hide-by-default' ><li class='ez-toc-page-1 ez-toc-heading-level-3'><a class=\"ez-toc-link ez-toc-heading-1\" href=\"https:\/\/kawaled.com.vn\/en\/product\/den-roi-ray-kawaled-tl-30w\/#DEN_ROI_RAY_LA_GI\" title=\"\u0110\u00c8N R\u1eccI RAY L\u00c0 G\u00cc?\">\u0110\u00c8N R\u1eccI RAY L\u00c0 G\u00cc?<\/a><\/li><li class='ez-toc-page-1 ez-toc-heading-level-3'><a class=\"ez-toc-link ez-toc-heading-2\" href=\"https:\/\/kawaled.com.vn\/en\/product\/den-roi-ray-kawaled-tl-30w\/#DAC_DIEM_DEN_LED_RAY_TL\" title=\"\u0110\u1eb6C \u0110I\u1ec2M \u0110\u00c8N LED RAY TL\">\u0110\u1eb6C \u0110I\u1ec2M \u0110\u00c8N LED RAY TL<\/a><\/li><li class='ez-toc-page-1 ez-toc-heading-level-3'><a class=\"ez-toc-link ez-toc-heading-3\" href=\"https:\/\/kawaled.com.vn\/en\/product\/den-roi-ray-kawaled-tl-30w\/#DEN_ROI_TUONG_THUONG_UNG_DUNG_O_DAU\" title=\"\u0110\u00c8N R\u1eccI T\u01af\u1edcNG TH\u01af\u1edcNG \u1ee8NG D\u1ee4NG \u1ede \u0110\u00c2U?\">\u0110\u00c8N R\u1eccI T\u01af\u1edcNG TH\u01af\u1edcNG \u1ee8NG D\u1ee4NG \u1ede \u0110\u00c2U?<\/a><\/li><li class='ez-toc-page-1 ez-toc-heading-level-3'><a class=\"ez-toc-link ez-toc-heading-4\" href=\"https:\/\/kawaled.com.vn\/en\/product\/den-roi-ray-kawaled-tl-30w\/#THONG_SO_KY_THUAT\" title=\"TH\u00d4NG S\u1ed0 K\u1ef8 THU\u1eacT\">TH\u00d4NG S\u1ed0 K\u1ef8 THU\u1eacT<\/a><\/li><li class='ez-toc-page-1 ez-toc-heading-level-3'><a class=\"ez-toc-link ez-toc-heading-5\" href=\"https:\/\/kawaled.com.vn\/en\/product\/den-roi-ray-kawaled-tl-30w\/#KAWALED_%E2%80%93_THUONG_HIEU_CUNG_CAP_DEN_ROI_UY_TIN_NHAT_HIEN_NAY\" title=\"KAWALED \u2013 TH\u01af\u01a0NG HI\u1ec6U CUNG C\u1ea4P \u0110\u00c8N R\u1eccI UY T\u00cdN NH\u1ea4T HI\u1ec6N NAY\">KAWALED \u2013 TH\u01af\u01a0NG HI\u1ec6U CUNG C\u1ea4P \u0110\u00c8N R\u1eccI UY T\u00cdN NH\u1ea4T HI\u1ec6N NAY<\/a><\/li><\/ul><\/nav><\/div>\n\n<p><span style=\"font-family: times new roman,times,serif;\"><span style=\"font-size: 16px;\"><span style=\"color: #000000;\">\u0110\u00e8n r\u1ecdi ray c\u00f2n g\u1ecdi l\u00e0 \u0111\u00e8n Led Track Lights, lo\u1ea1i \u0111\u00e8n c\u00f3 ch\u00e2n \u0111\u1ebf g\u1eafn v\u00e0o thanh ti\u1ebfp \u0111i\u1ec7n c\u00f2n g\u1ecdi l\u00e0 thanh ray. Thi\u1ebft k\u1ebf ki\u1ec3u d\u00e1ng \u0111\u1eb9p m\u1eaft, \u00e1nh s\u00e1ng ch\u00e2n th\u1ef1c v\u00e0 c\u00f3 th\u1ec3 di chuy\u1ec3n g\u00f3c chi\u1ebfu l\u00ean xu\u1ed1ng t\u00f9y th\u00edch. \u0110\u00e8n r\u1ecdi \u0111\u01b0\u1ee3c nhi\u1ec1u qu\u00fd kh\u00e1ch h\u00e0ng \u01b0a chu\u1ed9ng, s\u1eed d\u1ee5ng trong th\u1eddi gian qua. Ph\u00f9 h\u1ee3p d\u00f9ng chi\u1ebfu s\u00e1ng cho ph\u00f2ng tr\u01b0ng b\u00e0y, c\u1eeda h\u00e0ng \u2026gi\u00fap s\u1ea3n ph\u1ea9m ph\u1ea9m thu h\u00fat m\u1eaft ng\u01b0\u1eddi nh\u00ecn h\u01a1n.<\/span><\/span><\/span><\/p>\n<p align=\"center\"><span style=\"font-family: times new roman,times,serif;\"><span style=\"font-size: 16px;\"><span style=\"color: #000000;\"><img decoding=\"async\" class=\"size-full wp-image-21833\" style=\"width: 500px; height: 500px;\" src=\"https:\/\/kawaled.com.vn\/wp-content\/uploads\/2023\/07\/den-roi-ray-chieu-diem-tl30w.jpg\" alt=\"\u0110\u00e8n r\u1ecdi ray TL Kawaled\" width=\"800\" height=\"800\" srcset=\"https:\/\/kawaled.com.vn\/wp-content\/uploads\/2023\/07\/den-roi-ray-chieu-diem-tl30w.jpg 800w, https:\/\/kawaled.com.vn\/wp-content\/uploads\/2023\/07\/den-roi-ray-chieu-diem-tl30w-768x768.jpg 768w, https:\/\/kawaled.com.vn\/wp-content\/uploads\/2023\/07\/den-roi-ray-chieu-diem-tl30w-640x640.jpg 640w, https:\/\/kawaled.com.vn\/wp-content\/uploads\/2023\/07\/den-roi-ray-chieu-diem-tl30w-400x400.jpg 400w\" sizes=\"(max-width: 800px) 100vw, 800px\" \/><\/span><\/span><\/span><\/p>\n<h3><span class=\"ez-toc-section\" id=\"DAC_DIEM_DEN_LED_RAY_TL\"><\/span><span style=\"font-family: times new roman,times,serif;\"><span style=\"font-size: 16px;\"><span style=\"color: #000000;\"><strong>\u0110\u1eb6C \u0110I\u1ec2M \u0110\u00c8N LED RAY TL<\/strong><\/span><\/span><\/span><span class=\"ez-toc-section-end\"><\/span><\/h3>\n<ul>\n<li><span style=\"font-family: times new roman,times,serif;\"><span style=\"font-size: 16px;\"><span style=\"color: #000000;\">\u0110\u00e8n led r\u1ecdi thanh ray Kawaled LED-TL-30W. S\u1eed d\u1ee5ng Chip Led Cob cao c\u1ea5p, \u00e1nh s\u00e1ng chu\u1ea9n v\u00e0 chi\u1ebfu s\u00e1ng li\u00ean t\u1ee5c trong nhi\u1ec1u gi\u1edd li\u1ec1n. \u0110\u1ea3m b\u1ea3o an to\u00e0n cho m\u1eaft v\u00e0 \u0111\u1ed9 ho\u00e0n m\u00e0u cao Ra=90, gi\u00fap ng\u01b0\u1eddi d\u00f9ng c\u00f3 c\u00e1i nh\u00ecn ch\u00e2n th\u1ef1c h\u01a1n v\u1ec1 kh\u00f4ng gian.<\/span><\/span><\/span><\/li>\n<\/ul>\n<p style=\"text-align: center;\"><img decoding=\"async\" class=\"size-full wp-image-21831\" style=\"width: 500px; height: 259px;\" src=\"https:\/\/kawaled.com.vn\/wp-content\/uploads\/2023\/07\/den-roi-kawaled-2.jpg\" alt=\"\u0110\u00e8n r\u1ecdi tranh c\u00f3 ch\u1ec9 s\u1ed1 ho\u00e0n m\u00e0u cao \u0111\u1eb9p m\u1eaft\" width=\"950\" height=\"492\" srcset=\"https:\/\/kawaled.com.vn\/wp-content\/uploads\/2023\/07\/den-roi-kawaled-2.jpg 950w, https:\/\/kawaled.com.vn\/wp-content\/uploads\/2023\/07\/den-roi-kawaled-2-768x398.jpg 768w, https:\/\/kawaled.com.vn\/wp-content\/uploads\/2023\/07\/den-roi-kawaled-2-640x331.jpg 640w, https:\/\/kawaled.com.vn\/wp-content\/uploads\/2023\/07\/den-roi-kawaled-2-400x207.jpg 400w\" sizes=\"(max-width: 950px) 100vw, 950px\" \/><\/p>\n<ul>\n<li><span style=\"font-family: times new roman,times,serif;\"><span style=\"font-size: 16px;\"><span style=\"color: #000000;\">\u0110\u00e8n tracklight \u0111\u01b0\u1ee3c s\u01a1n l\u1edbp t\u0129nh \u0111i\u1ec7n cao c\u1ea5p m\u00e0u tr\u1eafng v\u00e0 \u0111en \u0111\u1eb9p m\u1eaft. Gi\u00fap t\u1ea3n nhi\u1ec7t t\u1ed1t v\u00e0 ch\u1ed1ng \u0103n m\u00f2n, phai m\u00e0u sau th\u1eddi gian d\u00e0i s\u1eed d\u1ee5ng.<\/span><\/span><\/span><\/li>\n<li><span style=\"font-family: times new roman,times,serif;\"><span style=\"font-size: 16px;\"><span style=\"color: #000000;\">\u00a0Ph\u1ea7n \u0111\u1ebf g\u1eafn v\u00e0o thanh ray c\u00f3 th\u1ec3 xoay 360 \u0111\u1ed9 linh ho\u1ea1t, g\u1eadp th\u00e2n \u0111\u00e8n l\u00ean xu\u1ed1ng 90 \u0111\u1ed9. Gi\u00fap b\u1ea1n d\u1ec5 d\u00e0ng \u0111i\u1ec1u ch\u1ec9nh g\u00f3c chi\u1ebfu s\u00e1ng.<\/span><\/span><\/span><\/li>\n<\/ul>\n<p align=\"center\"><span style=\"font-family: times new roman,times,serif;\"><span style=\"font-size: 16px;\"><span style=\"color: #000000;\"><img decoding=\"async\" class=\"size-full wp-image-21832\" style=\"width: 500px; height: 500px;\" src=\"https:\/\/kawaled.com.vn\/wp-content\/uploads\/2023\/07\/den-roi-ray-tl-kawaled.png\" alt=\"\u0110\u00e8n led ray c\u00f3 th\u1ec3 g\u1eadp l\u00ean xu\u1ed1ng tu\u1ef3 ch\u1ec9nh \" width=\"2000\" height=\"2000\" srcset=\"https:\/\/kawaled.com.vn\/wp-content\/uploads\/2023\/07\/den-roi-ray-tl-kawaled.png 2000w, https:\/\/kawaled.com.vn\/wp-content\/uploads\/2023\/07\/den-roi-ray-tl-kawaled-1000x1000.png 1000w, https:\/\/kawaled.com.vn\/wp-content\/uploads\/2023\/07\/den-roi-ray-tl-kawaled-1024x1024.png 1024w, https:\/\/kawaled.com.vn\/wp-content\/uploads\/2023\/07\/den-roi-ray-tl-kawaled-768x768.png 768w, https:\/\/kawaled.com.vn\/wp-content\/uploads\/2023\/07\/den-roi-ray-tl-kawaled-1536x1536.png 1536w, https:\/\/kawaled.com.vn\/wp-content\/uploads\/2023\/07\/den-roi-ray-tl-kawaled-640x640.png 640w, https:\/\/kawaled.com.vn\/wp-content\/uploads\/2023\/07\/den-roi-ray-tl-kawaled-400x400.png 400w\" sizes=\"(max-width: 2000px) 100vw, 2000px\" \/><\/span><\/span><\/span><\/p>\n<ul>\n<li><span style=\"font-family: times new roman,times,serif;\"><span style=\"font-size: 16px;\"><span style=\"color: #000000;\">\u0110\u00e8n led ray c\u00f3 kh\u1ea3 n\u0103ng ti\u1ebft ki\u1ec7m \u0111i\u1ec7n cao \u0111\u1ebfn 80%, so v\u1edbi c\u00e1c \u0111\u00e8n hu\u1ef3nh quang v\u00e0 compact th\u00f4ng th\u01b0\u1eddng. Vi\u1ec7c ti\u00eau th\u1ee5 \u0111i\u1ec7n n\u0103ng \u00edt, kh\u00f4ng t\u1ea1o ra c\u00e1c tia s\u00e1ng \u0111\u1ed9c h\u1ea1i, g\u00f3p ph\u1ea7n b\u1ea3o v\u1ec7 m\u00f4i tr\u01b0\u1eddng v\u00e0 s\u1ee9c kh\u1ecfe c\u1ee7a ng\u01b0\u1eddi d\u00f9ng.<\/span><\/span><\/span><\/li>\n<li><span style=\"font-family: times new roman,times,serif;\"><span style=\"font-size: 16px;\"><span style=\"color: #000000;\">Tu\u1ed5i th\u1ecd 25.000h chi\u1ebfu s\u00e1ng, \u0111\u1ed9 b\u1ec1n &gt; 5 n\u0103m. Ti\u1ebft ki\u1ec7m chi ph\u00ed thay m\u1edbi, khi mua ph\u1ea3i \u0111\u00e8n k\u00e9m ch\u1ea5t l\u01b0\u1ee3ng kh\u00e1c tr\u00ean th\u1ecb tr\u01b0\u1eddng.<\/span><\/span><\/span><\/li>\n<\/ul>\n<h3><span class=\"ez-toc-section\" id=\"DEN_ROI_TUONG_THUONG_UNG_DUNG_O_DAU\"><\/span><span style=\"font-family: times new roman,times,serif;\"><span style=\"font-size: 16px;\"><span style=\"color: #000000;\"><strong>\u0110\u00c8N R\u1eccI T\u01af\u1edcNG TH\u01af\u1edcNG \u1ee8NG D\u1ee4NG \u1ede \u0110\u00c2U?<\/strong><\/span><\/span><\/span><span class=\"ez-toc-section-end\"><\/span><\/h3>\n<p><span style=\"font-family: times new roman,times,serif;\"><span style=\"font-size: 16px;\"><span style=\"color: #000000;\">\u0110\u00e8n led r\u1ecdi thanh ray Kawaled LED-TL-30W. L\u00e0 gi\u1ea3i ph\u00e1p t\u1ed1i \u01b0u cho nh\u1eefng kh\u00f4ng gian chi\u1ebfu s\u00e1ng \u0111i\u1ec3m, chi\u1ebfu r\u1ecdi trong c\u00e1c:<\/span><\/span><\/span><\/p>\n<ul>\n<li><span style=\"font-family: times new roman,times,serif;\"><span style=\"font-size: 16px;\"><span style=\"color: #000000;\">C\u1eeda h\u00e0ng tr\u01b0ng b\u00e0y nh\u01b0: th\u1eddi trang, trang s\u1ee9c, v\u00e1y c\u01b0\u1edbi\u2026<\/span><\/span><\/span><\/li>\n<li><span style=\"font-family: times new roman,times,serif;\"><span style=\"font-size: 16px;\"><span style=\"color: #000000;\">Si\u00eau th\u1ecb, showroom, trung t\u00e2m th\u01b0\u01a1ng m\u1ea1i, kh\u00f4ng gian qu\u00e1n cafe\u2026<\/span><\/span><\/span><\/li>\n<\/ul>\n<p style=\"text-align: center;\"><img decoding=\"async\" class=\"size-full wp-image-21834\" style=\"width: 500px; height: 333px;\" src=\"https:\/\/kawaled.com.vn\/wp-content\/uploads\/2023\/07\/den-roi-kawaled-1.jpg\" alt=\"\u0110\u00e8n r\u1ecdi ray chi\u1ebfu s\u00e1ng chio c\u1eeda h\u00e0ng, showroom...\" width=\"600\" height=\"400\" srcset=\"https:\/\/kawaled.com.vn\/wp-content\/uploads\/2023\/07\/den-roi-kawaled-1.jpg 600w, https:\/\/kawaled.com.vn\/wp-content\/uploads\/2023\/07\/den-roi-kawaled-1-400x267.jpg 400w\" sizes=\"(max-width: 600px) 100vw, 600px\" \/><\/p>\n<ul>\n<li><span style=\"font-family: times new roman,times,serif;\"><span style=\"font-size: 16px;\"><span style=\"color: #000000;\">Chi\u1ebfu s\u00e1ng s\u00e2n kh\u1ea5u, nh\u00e0 \u1edf, to\u00e0 nh\u00e0 v\u00e0 c\u00e1c c\u00f4ng tr\u00ecnh ki\u1ebfn tr\u00fac<\/span><\/span><\/span><\/li>\n<\/ul>\n<p style=\"text-align: center;\"><img decoding=\"async\" class=\"size-full wp-image-21835\" style=\"width: 500px; height: 500px;\" src=\"https:\/\/kawaled.com.vn\/wp-content\/uploads\/2023\/07\/den-roi-kawaled-1.png\" alt=\"Ph\u00f9 h\u1ee3p chi\u1ebfu s\u00e1ng nh\u00e0 \u1edf, to\u00e0n nh\u00e0...\" width=\"768\" height=\"768\" srcset=\"https:\/\/kawaled.com.vn\/wp-content\/uploads\/2023\/07\/den-roi-kawaled-1.png 768w, https:\/\/kawaled.com.vn\/wp-content\/uploads\/2023\/07\/den-roi-kawaled-1-640x640.png 640w, https:\/\/kawaled.com.vn\/wp-content\/uploads\/2023\/07\/den-roi-kawaled-1-400x400.png 400w\" sizes=\"(max-width: 768px) 100vw, 768px\" \/><\/p>\n<h3><span class=\"ez-toc-section\" id=\"THONG_SO_KY_THUAT\"><\/span><span style=\"font-family: times new roman,times,serif;\"><span style=\"font-size: 16px;\"><span style=\"color: #000000;\"><strong>TH\u00d4NG S\u1ed0 K\u1ef8 THU\u1eacT<\/strong><\/span><\/span><\/span><span class=\"ez-toc-section-end\"><\/span><\/h3>\n<ul>\n<li><span style=\"font-family: times new roman,times,serif;\"><span style=\"font-size: 16px;\"><span style=\"color: #000000;\">\u0110i\u1ec7n \u00e1p ho\u1ea1t \u0111\u1ed9ng: 100-265V<\/span><\/span><\/span><\/li>\n<li><span style=\"font-family: times new roman,times,serif;\"><span style=\"font-size: 16px;\"><span style=\"color: #000000;\">D\u00f2ng \u0111i\u1ec7n: 0.5A<\/span><\/span><\/span><\/li>\n<li><span style=\"font-family: times new roman,times,serif;\"><span style=\"font-size: 16px;\"><span style=\"color: #000000;\">H\u1ec7 s\u1ed1 c\u00f4ng su\u1ea5t: 0.65<\/span><\/span><\/span><\/li>\n<li><span style=\"font-family: times new roman,times,serif;\"><span style=\"font-size: 16px;\"><span style=\"color: #000000;\">Hi\u1ec7u su\u1ea5t quang: 70-80 Lm\/w<\/span><\/span><\/span><\/li>\n<li><span style=\"font-family: times new roman,times,serif;\"><span style=\"font-size: 16px;\"><span style=\"color: #000000;\">Ch\u1ec9 s\u1ed1 ho\u00e0n m\u00e0u: Ra =90<\/span><\/span><\/span><\/li>\n<li><span style=\"font-family: times new roman,times,serif;\"><span style=\"font-size: 16px;\"><span style=\"color: #000000;\">Tu\u1ed5i th\u1ecd: 25.000h<\/span><\/span><\/span><\/li>\n<li><span style=\"font-family: times new roman,times,serif;\"><span style=\"font-size: 16px;\"><span style=\"color: #000000;\">C\u00f4ng su\u1ea5t: TL-30W \u2013 960 Lm<\/span><\/span><\/span><\/li>\n<\/ul>\n<p align=\"center\"><span style=\"font-family: times new roman,times,serif;\"><span style=\"font-size: 16px;\"><span style=\"color: #000000;\"><img decoding=\"async\" class=\"size-full wp-image-21836\" style=\"width: 500px; height: 500px;\" src=\"https:\/\/kawaled.com.vn\/wp-content\/uploads\/2023\/07\/kich-thuoc-den-roi-ray-tl-30w.png\" alt=\"K\u00edch th\u01b0\u1edbc \u0111\u00e8n r\u1ecdi t\u01b0\u1eddng TL-15W\" width=\"2000\" height=\"2000\" srcset=\"https:\/\/kawaled.com.vn\/wp-content\/uploads\/2023\/07\/kich-thuoc-den-roi-ray-tl-30w.png 2000w, https:\/\/kawaled.com.vn\/wp-content\/uploads\/2023\/07\/kich-thuoc-den-roi-ray-tl-30w-1000x1000.png 1000w, https:\/\/kawaled.com.vn\/wp-content\/uploads\/2023\/07\/kich-thuoc-den-roi-ray-tl-30w-1024x1024.png 1024w, https:\/\/kawaled.com.vn\/wp-content\/uploads\/2023\/07\/kich-thuoc-den-roi-ray-tl-30w-768x768.png 768w, https:\/\/kawaled.com.vn\/wp-content\/uploads\/2023\/07\/kich-thuoc-den-roi-ray-tl-30w-1536x1536.png 1536w, https:\/\/kawaled.com.vn\/wp-content\/uploads\/2023\/07\/kich-thuoc-den-roi-ray-tl-30w-640x640.png 640w, https:\/\/kawaled.com.vn\/wp-content\/uploads\/2023\/07\/kich-thuoc-den-roi-ray-tl-30w-400x400.png 400w\" sizes=\"(max-width: 2000px) 100vw, 2000px\" \/><\/span><\/span><\/span><\/p>\n<h3><span class=\"ez-toc-section\" id=\"KAWALED_%E2%80%93_THUONG_HIEU_CUNG_CAP_DEN_ROI_UY_TIN_NHAT_HIEN_NAY\"><\/span><span style=\"font-family: times new roman,times,serif;\"><span style=\"font-size: 16px;\"><span style=\"color: #000000;\"><strong>KAWALED \u2013 TH\u01af\u01a0NG HI\u1ec6U CUNG C\u1ea4P \u0110\u00c8N R\u1eccI UY T\u00cdN NH\u1ea4T HI\u1ec6N NAY<\/strong><\/span><\/span><\/span><span class=\"ez-toc-section-end\"><\/span><\/h3>\n<ul>\n<li><span style=\"font-family: times new roman,times,serif;\"><span style=\"font-size: 16px;\"><span style=\"color: #000000;\">C\u00e1c b\u1ed9 ph\u1eadn c\u1ee7a \u0111\u00e8n nh\u01b0 Chip LED hay b\u1ed9 ngu\u1ed3n\u2026\u0111\u01b0\u1ee3c s\u1ea3n xu\u1ea5t t\u1eeb nh\u1eefng linh ki\u1ec7n ch\u1ea5t l\u01b0\u1ee3ng t\u1eeb M\u1ef9, H\u00e0n Qu\u1ed1c v\u00e0 Trung Qu\u1ed1c<\/span><\/span><\/span><\/li>\n<li><span style=\"font-family: times new roman,times,serif;\"><span style=\"font-size: 16px;\"><span style=\"color: #000000;\">\u0110\u1ed9 b\u1ec1n s\u1ea3n ph\u1ea9m t\u1eeb 5 n\u0103m, ch\u00ednh s\u00e1ch b\u1ea3o h\u00e0nh ch\u00ednh h\u00e3ng 2 n\u0103m. Th\u00f4ng tin in ho\u00e0n to\u00e0n b\u1eb1ng ti\u1ebfng Vi\u1ec7t, gi\u00fap ng\u01b0\u1eddi d\u00f9ng d\u1ec5 d\u00e0ng s\u1eed d\u1ee5ng.<\/span><\/span><\/span><\/li>\n<li><span style=\"font-family: times new roman,times,serif;\"><span style=\"font-size: 16px;\"><span style=\"color: #000000;\">C\u00f4ng ty c\u00f3 3 v\u0103n ph\u00f2ng \u0111\u1ea1i di\u1ec7n \u1edf: H\u1ed3 Ch\u00ed Minh, H\u00e0 N\u1ed9i, \u0110\u00e0 N\u1eb5ng v\u00e0 h\u00e0ng tr\u0103m \u0111\u1ea1i l\u00fd l\u1edbn nh\u1ecf kh\u1eafp c\u1ea3 n\u01b0\u1edbc. Hotline 18000058 lu\u00f4n h\u1ed7 tr\u1ee3 b\u00e1n h\u00e0ng v\u00e0 t\u01b0 v\u1ea5n k\u1ef9 thu\u1eadt, gi\u1ea3i \u0111\u00e1p th\u1eafc m\u1eafc c\u1ee7a qu\u00fd kh\u00e1ch h\u00e0ng t\u1eadn t\u00ecnh v\u00e0 chu \u0111\u00e1o.<\/span><\/span><\/span><\/li>\n<li><span style=\"font-family: times new roman,times,serif;\"><span style=\"font-size: 16px;\"><span style=\"color: #000000;\">\u0110\u1ed9i ng\u0169 s\u1ea3n xu\u1ea5t c\u1ee7a c\u00f4ng ty KAWALED c\u00f3 h\u01a1n 15 n\u0103m kinh nghi\u1ec7m ho\u1ea1t \u0111\u1ed9ng trong ng\u00e0nh \u0111\u00e8n LED. Do \u0111\u00f3 Qu\u00fd Kh\u00e1ch c\u00f3 th\u1ec3 ho\u00e0n to\u00e0n tin t\u01b0\u1edfng khi s\u1eed d\u1ee5ng s\u1ea3n ph\u1ea9m chi\u1ebfu s\u00e1ng t\u1eeb c\u00f4ng ty ch\u00fang t\u00f4i.<\/span><\/span><\/span><\/li>\n<\/ul>\n<p align=\"center\"><span style=\"font-family: times new roman,times,serif;\"><span style=\"font-size: 16px;\"><span style=\"color: #000000;\"><strong>C\u1ea3m \u01a1n qu\u00fd kh\u00e1ch \u0111\u00e3 tin d\u00f9ng s\u1ea3n ph\u1ea9m Kawaled!<\/strong><\/span><\/span><\/span><\/p>\n<p align=\"center\"><span style=\"font-family: times new roman,times,serif;\"><span style=\"font-size: 16px;\"><span style=\"color: #000000;\"><strong>Toll-Free Consulting Hotline:\u00a0<\/strong><\/span><span style=\"color: #ff0000;\"><strong>1800 0058<\/strong><\/span><span style=\"color: #000000;\"><strong>\u00a0Or Call Directly:\u00a0<\/strong><\/span><span style=\"color: #ff0000;\"><strong>091176 1010<\/strong><\/span><\/span><\/span><\/p>\n<p align=\"center\"><span style=\"font-family: times new roman,times,serif;\"><span style=\"font-size: 16px;\"><span style=\"color: #000000;\"><strong>Website:\u00a0<\/strong><\/span><a href=\"https:\/\/kawaled.com.vn\/san-pham\/\" target=\"_blank\" rel=\"noopener\"><span style=\"color: #0000cd;\"><strong>www.kawaled.com.vn<\/strong><\/span><\/a><\/span><\/span><\/p>\n<p align=\"center\"><span style=\"font-family: times new roman,times,serif;\"><span style=\"font-size: 16px;\"><span style=\"color: #000000;\"><strong>Website:\u00a0<\/strong><\/span><a href=\"https:\/\/kawasan.vn\/\" target=\"_blank\" rel=\"noopener\"><span style=\"color: #0000cd;\"><strong>www.kawasan.vn<\/strong><\/span><\/a><\/span><\/span><\/p>\n<p align=\"center\"><span style=\"font-family: times new roman,times,serif;\">\u00a0<\/span><\/p>","protected":false},"excerpt":{"rendered":"<p>\u0110\u00c8N R\u1eccI RAY L\u00c0 G\u00cc? \u0110\u00e8n r\u1ecdi ray c\u00f2n g\u1ecdi l\u00e0 \u0111\u00e8n Led Track Lights, lo\u1ea1i \u0111\u00e8n c\u00f3 ch\u00e2n \u0111\u1ebf g\u1eafn v\u00e0o thanh ti\u1ebfp \u0111i\u1ec7n c\u00f2n g\u1ecdi l\u00e0 thanh ray. Thi\u1ebft k\u1ebf ki\u1ec3u d\u00e1ng \u0111\u1eb9p m\u1eaft, \u00e1nh s\u00e1ng ch\u00e2n th\u1ef1c v\u00e0 c\u00f3 th\u1ec3 di chuy\u1ec3n g\u00f3c chi\u1ebfu l\u00ean xu\u1ed1ng t\u00f9y th\u00edch. \u0110\u00e8n r\u1ecdi \u0111\u01b0\u1ee3c nhi\u1ec1u [&hellip;]<\/p>","protected":false},"featured_media":21833,"comment_status":"open","ping_status":"closed","template":"","meta":{"rank_math_description":"\u0110\u00e8n led r\u1ecdi thanh ray Kawaled LED-TL-30W. C\u00f9ng 1 c\u00f4ng su\u1ea5t nh\u01b0ng LED-TL-30W hi\u1ec7u su\u1ea5t ph\u00e1t s\u00e1ng g\u1ea5p 2 l\u1ea7n b\u00f3ng hu\u1ef3nh quang v\u00e0 g\u1ea5p g\u1ea7n 3 l\u1ea7n b\u00f3ng s\u1ee3i \u0111\u1ed1t...","rank_math_focus_keyword":"\u0110\u00c8N LED R\u1eccI THANH RAY KAWALED","rank_math_secondary_keywords":""},"product_cat":[1753],"product_tag":[2916,1922,2915,2927,2917,1920,1921,2925,2890,2920],"class_list":["post-21837","product","type-product","status-publish","has-post-thumbnail","hentry","product_cat-den-roi-thanh-ray-roi-tranh","product_tag-den-led-ray","product_tag-den-led-roi","product_tag-den-ray","product_tag-den-ray-am-tran","product_tag-den-ray-roi","product_tag-den-roi","product_tag-den-roi-ray","product_tag-den-roi-thanh-ray","product_tag-den-thanh-ray","product_tag-led-ray"],"acf":[],"_links":{"self":[{"href":"https:\/\/kawaled.com.vn\/en\/wp-json\/wp\/v2\/product\/21837","targetHints":{"allow":["GET"]}}],"collection":[{"href":"https:\/\/kawaled.com.vn\/en\/wp-json\/wp\/v2\/product"}],"about":[{"href":"https:\/\/kawaled.com.vn\/en\/wp-json\/wp\/v2\/types\/product"}],"replies":[{"embeddable":true,"href":"https:\/\/kawaled.com.vn\/en\/wp-json\/wp\/v2\/comments?post=21837"}],"version-history":[{"count":0,"href":"https:\/\/kawaled.com.vn\/en\/wp-json\/wp\/v2\/product\/21837\/revisions"}],"wp:featuredmedia":[{"embeddable":true,"href":"https:\/\/kawaled.com.vn\/en\/wp-json\/wp\/v2\/media\/21833"}],"wp:attachment":[{"href":"https:\/\/kawaled.com.vn\/en\/wp-json\/wp\/v2\/media?parent=21837"}],"wp:term":[{"taxonomy":"product_cat","embeddable":true,"href":"https:\/\/kawaled.com.vn\/en\/wp-json\/wp\/v2\/product_cat?post=21837"},{"taxonomy":"product_tag","embeddable":true,"href":"https:\/\/kawaled.com.vn\/en\/wp-json\/wp\/v2\/product_tag?post=21837"}],"curies":[{"name":"wp","href":"https:\/\/api.w.org\/{rel}","templated":true}]}}