{"id":21750,"date":"2023-03-13T15:10:11","date_gmt":"2023-03-13T08:10:11","guid":{"rendered":"https:\/\/kawaled.123websitedev.com\/san-pham\/den-duong-ngoai-troi-chong-nuoc-ip66-led-st1-150w\/"},"modified":"2026-03-26T11:58:53","modified_gmt":"2026-03-26T04:58:53","slug":"den-duong-ngoai-troi-chong-nuoc-ip66-led-st1-150w","status":"publish","type":"product","link":"https:\/\/kawaled.com.vn\/en\/product\/den-duong-ngoai-troi-chong-nuoc-ip66-led-st1-150w\/","title":{"rendered":"\u0110\u00c8N LED \u0110\u01af\u1edcNG NGO\u00c0I TR\u1edcI CH\u1ed0NG N\u01af\u1edaC IP66 LED-ST1-150W"},"content":{"rendered":"<p><span style=\"font-family: times new roman,times,serif;\"><span style=\"font-size: 16px;\"><span style=\"color: #000000;\">\u0110\u00e8n led \u0111\u01b0\u1eddng ngo\u00e0i tr\u1eddi ch\u1ed1ng n\u01b0\u1edbc IP66 LED-ST1-150W. Chi\u1ebfu s\u00e1ng \u0111\u01b0\u1eddng ph\u1ed1, khu \u0111\u00f4 th\u1ecb, s\u00e2n b\u00e3i\u2026\u0111\u1ea3m b\u1ea3o c\u00e1c ph\u01b0\u01a1ng ti\u1ec7n giao th\u00f4ng, con ng\u01b0\u1eddi \u0111i l\u1ea1i \u0111\u01b0\u1ee3c thu\u1eadn ti\u1ec7n h\u01a1n v\u00e0o ban \u0111\u00eam. B\u1ea1n mu\u1ed1n t\u00ecm m\u1eabu \u0111\u00e8n \u0111\u01b0\u1eddng ch\u1ea5t l\u01b0\u1ee3ng cao \u2013 ti\u1ebft ki\u1ec7m \u0111i\u1ec7n t\u1ed1t v\u00e0 \u0111\u1ed9 b\u1ec1n &gt;5 n\u0103m \u0111\u1ec3 ti\u1ebft ki\u1ec7m chi ph\u00ed v\u1eadt t\u01b0. Kawaled xin gi\u1edbi thi\u1ec7u \u0111\u1ebfn b\u1ea1n, m\u1eabu \u0111\u00e8n pha led ngo\u00e0i tr\u1eddi LED-ST1 si\u00eau x\u1ecbn.<\/span><\/span><\/span><\/p>\n<h2><span class=\"ez-toc-section\" id=\"TINH_NANG_NOI_BAT_DEN_DUONG_KAWALED_ST1\"><\/span><span style=\"font-family: times new roman,times,serif;\"><span style=\"font-size: 16px;\"><span style=\"color: #000000;\"><b>T\u00cdNH N\u0102NG N\u1ed4I B\u1eacT \u0110\u00c8N \u0110\u01af\u1edcNG KAWALED ST1<\/b><\/span><\/span><\/span><span class=\"ez-toc-section-end\"><\/span><\/h2><div id=\"ez-toc-container\" class=\"ez-toc-v2_0_69_1 counter-hierarchy ez-toc-counter ez-toc-grey ez-toc-container-direction\">\n<div class=\"ez-toc-title-container\">\n<p class=\"ez-toc-title\" >N\u1ed9i Dung B&agrave;i Vi\u1ebft<\/p>\n<span class=\"ez-toc-title-toggle\"><a href=\"#\" class=\"ez-toc-pull-right ez-toc-btn ez-toc-btn-xs ez-toc-btn-default ez-toc-toggle\" aria-label=\"Toggle Table of Content\"><span class=\"ez-toc-js-icon-con\"><span class=\"\"><span class=\"eztoc-hide\" style=\"display:none;\">Toggle<\/span><span class=\"ez-toc-icon-toggle-span\"><svg style=\"fill: #999;color:#999\" xmlns=\"http:\/\/www.w3.org\/2000\/svg\" class=\"list-377408\" width=\"20px\" height=\"20px\" viewbox=\"0 0 24 24\" fill=\"none\"><path d=\"M6 6H4v2h2V6zm14 0H8v2h12V6zM4 11h2v2H4v-2zm16 0H8v2h12v-2zM4 16h2v2H4v-2zm16 0H8v2h12v-2z\" fill=\"currentColor\"><\/path><\/svg><svg style=\"fill: #999;color:#999\" class=\"arrow-unsorted-368013\" xmlns=\"http:\/\/www.w3.org\/2000\/svg\" width=\"10px\" height=\"10px\" viewbox=\"0 0 24 24\" version=\"1.2\" baseprofile=\"tiny\"><path d=\"M18.2 9.3l-6.2-6.3-6.2 6.3c-.2.2-.3.4-.3.7s.1.5.3.7c.2.2.4.3.7.3h11c.3 0 .5-.1.7-.3.2-.2.3-.5.3-.7s-.1-.5-.3-.7zM5.8 14.7l6.2 6.3 6.2-6.3c.2-.2.3-.5.3-.7s-.1-.5-.3-.7c-.2-.2-.4-.3-.7-.3h-11c-.3 0-.5.1-.7.3-.2.2-.3.5-.3.7s.1.5.3.7z\"\/><\/svg><\/span><\/span><\/span><\/a><\/span><\/div>\n<nav><ul class='ez-toc-list ez-toc-list-level-1 eztoc-toggle-hide-by-default' ><li class='ez-toc-page-1 ez-toc-heading-level-2'><a class=\"ez-toc-link ez-toc-heading-1\" href=\"https:\/\/kawaled.com.vn\/en\/product\/den-duong-ngoai-troi-chong-nuoc-ip66-led-st1-150w\/#TINH_NANG_NOI_BAT_DEN_DUONG_KAWALED_ST1\" title=\"T\u00cdNH N\u0102NG N\u1ed4I B\u1eacT \u0110\u00c8N \u0110\u01af\u1edcNG KAWALED ST1\">T\u00cdNH N\u0102NG N\u1ed4I B\u1eacT \u0110\u00c8N \u0110\u01af\u1edcNG KAWALED ST1<\/a><\/li><li class='ez-toc-page-1 ez-toc-heading-level-2'><a class=\"ez-toc-link ez-toc-heading-2\" href=\"https:\/\/kawaled.com.vn\/en\/product\/den-duong-ngoai-troi-chong-nuoc-ip66-led-st1-150w\/#UU_DIEM_VA_CAU_TAO_CUA_DEN_PHA_LED_CHIEU_SANG_DUONG_PHO\" title=\"\u01afU \u0110I\u1ec2M V\u00c0 C\u1ea4U T\u1ea0O C\u1ee6A \u0110\u00c8N PHA LED CHI\u1ebeU S\u00c1NG \u0110\u01af\u1edcNG PH\u1ed0\">\u01afU \u0110I\u1ec2M V\u00c0 C\u1ea4U T\u1ea0O C\u1ee6A \u0110\u00c8N PHA LED CHI\u1ebeU S\u00c1NG \u0110\u01af\u1edcNG PH\u1ed0<\/a><\/li><li class='ez-toc-page-1 ez-toc-heading-level-2'><a class=\"ez-toc-link ez-toc-heading-3\" href=\"https:\/\/kawaled.com.vn\/en\/product\/den-duong-ngoai-troi-chong-nuoc-ip66-led-st1-150w\/#DEN_PHA_LED_ST1_DUOC_DUNG_O_DAU\" title=\"\u0110\u00c8N PHA LED ST1 \u0110\u01af\u1ee2C D\u00d9NG \u1ede \u0110\u00c2U?\">\u0110\u00c8N PHA LED ST1 \u0110\u01af\u1ee2C D\u00d9NG \u1ede \u0110\u00c2U?<\/a><\/li><li class='ez-toc-page-1 ez-toc-heading-level-2'><a class=\"ez-toc-link ez-toc-heading-4\" href=\"https:\/\/kawaled.com.vn\/en\/product\/den-duong-ngoai-troi-chong-nuoc-ip66-led-st1-150w\/#THONG_SO_KY_THUAT\" title=\"TH\u00d4NG S\u1ed0 K\u1ef8 THU\u1eacT\">TH\u00d4NG S\u1ed0 K\u1ef8 THU\u1eacT<\/a><\/li><li class='ez-toc-page-1 ez-toc-heading-level-2'><a class=\"ez-toc-link ez-toc-heading-5\" href=\"https:\/\/kawaled.com.vn\/en\/product\/den-duong-ngoai-troi-chong-nuoc-ip66-led-st1-150w\/#TAI_SAO_BAN_NEN_CHON_DEN_DUONG_ST1_THUONG_HIEU_KAWALED\" title=\"T\u1ea0I SAO B\u1ea0N N\u00caN CH\u1eccN \u0110\u00c8N \u0110\u01af\u1edcNG ST1 TH\u01af\u01a0NG HI\u1ec6U KAWALED\">T\u1ea0I SAO B\u1ea0N N\u00caN CH\u1eccN \u0110\u00c8N \u0110\u01af\u1edcNG ST1 TH\u01af\u01a0NG HI\u1ec6U KAWALED<\/a><\/li><\/ul><\/nav><\/div>\n\n<ul>\n<li><span style=\"font-family: times new roman,times,serif;\"><span style=\"font-size: 16px;\"><span style=\"color: #000000;\">\u0110\u00e8n \u0111\u01b0\u1eddng ST1, c\u00f3 kh\u1ea3 n\u0103ng chuy\u1ec3n ho\u00e1 \u0111i\u1ec7n n\u0103ng th\u00e0nh quang n\u0103ng t\u1ed1t. \u0110em \u0111\u1ebfn kh\u1ea3 n\u0103ng chi\u1ebfu s\u00e1ng cao, \u0111\u1ed9 t\u1ea3n s\u00e1ng \u0111\u1ec1u v\u00e0 r\u1ed9ng b\u00e1n k\u00ednh t\u1ea7m\u00a0 3-4m (tu\u1ef3 \u0111\u1ed9 cao l\u1eafp \u0111\u1eb7t).<\/span><\/span><\/span><\/li>\n<li><span style=\"font-family: times new roman,times,serif;\"><span style=\"font-size: 16px;\"><span style=\"color: #000000;\">Ti\u1ebft ki\u1ec7m \u0111\u1ebfn 60% \u0111i\u1ec7n n\u0103ng ti\u00eau th\u1ee5, so v\u1edbi c\u00e1c m\u1eabu \u0111\u00e8n Halogen, Sodium truy\u1ec1n th\u1ed1ng. \u0110\u1ed9 b\u1ec1n cao n\u00ean ti\u1ebft ki\u1ec7m chi ph\u00ed b\u1ea3o tr\u00ec, thay m\u1edbi cho nh\u00e0 \u0111\u1ea7u t\u01b0.<\/span><\/span><\/span><\/li>\n<\/ul>\n<p style=\"margin-left: 80px; text-align: center;\"><span style=\"font-family: times new roman,times,serif;\"><span style=\"font-size: 16px;\"><span style=\"color: #000000;\"><img decoding=\"async\" class=\"size-full wp-image-21739\" style=\"width: 600px; height: 357px;\" title=\"\u0110\u00e8n \u0111\u01b0\u1eddng ch\u1ed1ng n\u01b0\u1edbc ngo\u00e0i tr\u1eddi IP66 Kawaled\" src=\"https:\/\/kawaled.com.vn\/wp-content\/uploads\/2023\/03\/den-duong-led-st1-5.jpg\" alt=\"\u0110\u00e8n \u0111\u01b0\u1eddng ch\u1ed1ng n\u01b0\u1edbc ngo\u00e0i tr\u1eddi IP66 Kawaled\" width=\"964\" height=\"573\" aria-describedby=\"caption-attachment-7578\" srcset=\"https:\/\/kawaled.com.vn\/wp-content\/uploads\/2023\/03\/den-duong-led-st1-5.jpg 964w, https:\/\/kawaled.com.vn\/wp-content\/uploads\/2023\/03\/den-duong-led-st1-5-768x456.jpg 768w, https:\/\/kawaled.com.vn\/wp-content\/uploads\/2023\/03\/den-duong-led-st1-5-640x380.jpg 640w, https:\/\/kawaled.com.vn\/wp-content\/uploads\/2023\/03\/den-duong-led-st1-5-400x238.jpg 400w\" sizes=\"(max-width: 964px) 100vw, 964px\" \/><\/span><\/span><\/span><\/p>\n<p id=\"caption-attachment-7578\" style=\"margin-left: 80px; text-align: center;\"><span style=\"font-family: times new roman,times,serif;\"><span style=\"font-size: 16px;\"><span style=\"color: #000000;\">\u0110\u00e8n \u0111\u01b0\u1eddng ch\u1ed1ng n\u01b0\u1edbc ngo\u00e0i tr\u1eddi IP66 Kawaled<\/span><\/span><\/span><\/p>\n<h2><span class=\"ez-toc-section\" id=\"UU_DIEM_VA_CAU_TAO_CUA_DEN_PHA_LED_CHIEU_SANG_DUONG_PHO\"><\/span><span style=\"font-family: times new roman,times,serif;\"><span style=\"font-size: 16px;\"><span style=\"color: #000000;\"><b>\u01afU \u0110I\u1ec2M V\u00c0 C\u1ea4U T\u1ea0O C\u1ee6A \u0110\u00c8N PHA LED CHI\u1ebeU S\u00c1NG \u0110\u01af\u1edcNG PH\u1ed0<\/b><\/span><\/span><\/span><span class=\"ez-toc-section-end\"><\/span><\/h2>\n<ul>\n<li aria-level=\"1\"><span style=\"font-family: times new roman,times,serif;\"><span style=\"font-size: 16px;\"><span style=\"color: #000000;\">\u00a0\u0110\u00e8n \u0111\u01b0\u1eddng Led thi\u1ebft k\u1ebf d\u1ea1ng h\u00ecnh ch\u1eef nh\u1eadt \u0111\u1eb9p m\u1eaft. Th\u00e2n \u0111\u01b0\u1ee3c l\u00e0m t\u1eeb h\u1ed9p kim nguy\u00ean kh\u1ed1i, m\u1ecfng nh\u1eb9 v\u1edbi c\u00e1c r\u00e3nh s\u00e2u ph\u00eda sau \u0111\u1eb9p m\u1eaft gi\u00fap t\u1ea3n nhi\u1ec7t nhanh h\u01a1n. T\u0103ng tu\u1ed5i th\u1ecd v\u00e0 \u0111\u1ed9 b\u1ec1n c\u1ee7a \u0111\u00e8n sau th\u1eddi gian d\u00e0i s\u1eed d\u1ee5ng.<\/span><\/span><\/span><\/li>\n<li aria-level=\"1\"><span style=\"font-family: times new roman,times,serif;\"><span style=\"font-size: 16px;\"><span style=\"color: #000000;\">ST1 \u0111\u01b0\u1ee3c c\u1ea5u t\u1ea1o t\u1eeb Chip Led SMD 2835 si\u00eau s\u00e1ng. M\u1eb7t \u0111\u00e8n l\u00e0 t\u1eeb nh\u1ef1a cao c\u1ea5p, l\u00e0m t\u0103ng \u0111\u1ed9 s\u00e1ng t\u1ecfa, g\u00f3c chi\u1ebfu r\u1ed9ng h\u01a1n. C\u00f3 3 lo\u1ea1i \u00e1nh s\u00e1ng \u0111\u1ec3 t\u00f9y ch\u1ecdn theo nhu c\u1ea7u ng\u01b0\u1eddi d\u00f9ng: \u00e1nh s\u00e1ng tr\u1eafng \u2013 v\u00e0ng \u2013 trung t\u00ednh. \u0110\u1eb7c bi\u1ec7t. kh\u00f4ng g\u00e2y ch\u00f3i m\u1eaft \u0111\u1ea3m b\u1ea3o an to\u00e0n cho ng\u01b0\u1eddi tham gia giao th\u00f4ng.<\/span><\/span><\/span><\/li>\n<li aria-level=\"1\"><span style=\"font-family: times new roman,times,serif;\"><span style=\"font-size: 16px;\"><span style=\"color: #000000;\">\u00a0Ch\u1ec9 s\u1ed1 IP66 ch\u1ed1ng th\u1ea5m n\u01b0\u1edbc v\u00e0 b\u1ee5i b\u1ea9n c\u1ef1c t\u1ed1t,\u00a0 kh\u1ea3 n\u0103ng ch\u1ed1ng ch\u1ecbu cao. N\u00ean c\u00f3 th\u1ec3 l\u1eafp \u1edf c\u00e1c khu v\u1ef1c g\u1ea7n bi\u1ec3n, khu v\u1ef1c T\u00e2y Nguy\u00ean n\u1eafng nhi\u1ec1u v\u00e0 gi\u00f3 m\u1ea1nh\u2026<\/span><\/span><\/span><\/li>\n<\/ul>\n<p style=\"text-align: center;\"><span style=\"font-family: times new roman,times,serif;\"><span style=\"font-size: 16px;\"><span style=\"color: #000000;\"><img decoding=\"async\" class=\"size-full wp-image-21740\" style=\"width: 500px; height: 556px;\" title=\"Thi\u1ebft k\u1ebf IP66 ch\u1ed1ng th\u1ea5m n\u01b0\u1edbc v\u00e0 b\u1ee5i b\u1ea9n c\u1ef1c t\u1ed1t\" src=\"https:\/\/kawaled.com.vn\/wp-content\/uploads\/2023\/03\/den-duong-led-st1-3.jpg\" alt=\"Thi\u1ebft k\u1ebf IP66 ch\u1ed1ng th\u1ea5m n\u01b0\u1edbc v\u00e0 b\u1ee5i b\u1ea9n c\u1ef1c t\u1ed1t\" width=\"479\" height=\"533\" aria-describedby=\"caption-attachment-7576\" srcset=\"https:\/\/kawaled.com.vn\/wp-content\/uploads\/2023\/03\/den-duong-led-st1-3.jpg 479w, https:\/\/kawaled.com.vn\/wp-content\/uploads\/2023\/03\/den-duong-led-st1-3-400x445.jpg 400w\" sizes=\"(max-width: 479px) 100vw, 479px\" \/><\/span><\/span><\/span><\/p>\n<p id=\"caption-attachment-7576\" style=\"text-align: center;\"><span style=\"font-family: times new roman,times,serif;\"><span style=\"font-size: 16px;\"><span style=\"color: #000000;\">Thi\u1ebft k\u1ebf IP66 ch\u1ed1ng th\u1ea5m n\u01b0\u1edbc v\u00e0 b\u1ee5i b\u1ea9n c\u1ef1c t\u1ed1t<\/span><\/span><\/span><\/p>\n<ul>\n<li aria-level=\"1\"><span style=\"font-family: times new roman,times,serif;\"><span style=\"font-size: 16px;\"><span style=\"color: #000000;\">\u0110\u1ed9 ho\u00e0n m\u00e0u cao (CRI): Ra&gt;80 gi\u00fap b\u1ea1n nh\u00ecn r\u00f5 v\u00e0 n\u00e9t h\u01a1n trong b\u00f3ng t\u1ed1i.<\/span><\/span><\/span><\/li>\n<li aria-level=\"1\"><span style=\"font-family: times new roman,times,serif;\"><span style=\"font-size: 16px;\"><span style=\"color: #000000;\">Tu\u1ed5i th\u1ecd \u0111\u00e8n cao l\u00ean \u0111\u1ebfn 30.000h chi\u1ebfu s\u00e1ng, \u0111\u1ed9 b\u1ec1n &gt; 5 n\u0103m. Th\u1eddi gian chi\u1ebfu s\u00e1ng li\u00ean t\u1ee5c 8-12 ti\u1ebfng, \u00e1nh s\u00e1ng v\u1eabn \u0111\u1ea3m duy tr\u00ec s\u00e1ng 100%..<\/span><\/span><\/span><\/li>\n<\/ul>\n<p style=\"text-align: center;\"><span style=\"font-family: times new roman,times,serif;\"><span style=\"font-size: 16px;\"><span style=\"color: #000000;\"><img decoding=\"async\" class=\"size-full wp-image-21741\" style=\"width: 600px; height: 380px;\" title=\"\u01afu \u0111i\u1ec3m n\u1ed5i b\u1eadt c\u1ee7a \u0111\u00e8n \u0111\u01b0\u1eddng Led ST1\" src=\"https:\/\/kawaled.com.vn\/wp-content\/uploads\/2023\/03\/den-duong-led-st1-1.jpg\" alt=\"\u01afu \u0111i\u1ec3m n\u1ed5i b\u1eadt c\u1ee7a \u0111\u00e8n \u0111\u01b0\u1eddng Led ST1\" width=\"964\" height=\"610\" aria-describedby=\"caption-attachment-7574\" srcset=\"https:\/\/kawaled.com.vn\/wp-content\/uploads\/2023\/03\/den-duong-led-st1-1.jpg 964w, https:\/\/kawaled.com.vn\/wp-content\/uploads\/2023\/03\/den-duong-led-st1-1-768x486.jpg 768w, https:\/\/kawaled.com.vn\/wp-content\/uploads\/2023\/03\/den-duong-led-st1-1-640x405.jpg 640w, https:\/\/kawaled.com.vn\/wp-content\/uploads\/2023\/03\/den-duong-led-st1-1-400x253.jpg 400w\" sizes=\"(max-width: 964px) 100vw, 964px\" \/><\/span><\/span><\/span><\/p>\n<p id=\"caption-attachment-7574\" style=\"text-align: center;\"><span style=\"font-family: times new roman,times,serif;\"><span style=\"font-size: 16px;\"><span style=\"color: #000000;\">\u01afu \u0111i\u1ec3m n\u1ed5i b\u1eadt c\u1ee7a \u0111\u00e8n \u0111\u01b0\u1eddng Led ST1<\/span><\/span><\/span><\/p>\n<h2><span class=\"ez-toc-section\" id=\"DEN_PHA_LED_ST1_DUOC_DUNG_O_DAU\"><\/span><span style=\"font-family: times new roman,times,serif;\"><span style=\"font-size: 16px;\"><span style=\"color: #000000;\"><b>\u0110\u00c8N PHA LED ST1 \u0110\u01af\u1ee2C D\u00d9NG \u1ede \u0110\u00c2U?<\/b><\/span><\/span><\/span><span class=\"ez-toc-section-end\"><\/span><\/h2>\n<ul>\n<li aria-level=\"1\"><span style=\"font-family: times new roman,times,serif;\"><span style=\"font-size: 16px;\"><span style=\"color: #000000;\">\u0110\u00e8n led \u0111\u01b0\u1eddng ngo\u00e0i tr\u1eddi ch\u1ed1ng n\u01b0\u1edbc IP66 LED-ST1-150W chi\u1ebfu s\u00e1ng \u0111\u01b0\u1eddng ph\u1ed1.<\/span><\/span><\/span><\/li>\n<li aria-level=\"1\"><span style=\"font-family: times new roman,times,serif;\"><span style=\"font-size: 16px;\"><span style=\"color: #000000;\">C\u00e1c khu v\u1ef1c c\u00f4ng c\u1ed9ng: s\u00e2n tennis, c\u00f4ng vi\u00ean, s\u00e2n b\u00f3ng \u0111\u00e1 mini, khu vui ch\u01a1i.<\/span><\/span><\/span><\/li>\n<li aria-level=\"1\"><span style=\"font-family: times new roman,times,serif;\"><span style=\"font-size: 16px;\"><span style=\"color: #000000;\">Chi\u1ebfu s\u00e1ng kho b\u00e3i, nh\u00e0 x\u01b0\u1edfng, s\u00e2n v\u01b0\u1eddn, c\u1ed5ng ng\u00f5, khu ngh\u1ec9 d\u01b0\u1ee1ng, c\u00f4ng tr\u00ecnh ven bi\u1ec3n\u2026<\/span><\/span><\/span><\/li>\n<\/ul>\n<p style=\"text-align: center;\"><span style=\"font-family: times new roman,times,serif;\"><span style=\"font-size: 16px;\"><span style=\"color: #000000;\"><img decoding=\"async\" class=\"size-full wp-image-21742\" style=\"width: 600px; height: 598px;\" title=\"Chip Led si\u00eau s\u00e1ng \u0111\u1ed9 b\u1ec1n &gt;10 n\u0103m ph\u00f9 h\u1ee3p l\u1eafp cho \u0111\u01b0\u1eddng ph\u1ed1, kho b\u00e3i...\" src=\"https:\/\/kawaled.com.vn\/wp-content\/uploads\/2023\/03\/den-duong-led-st1-2.jpg\" alt=\"Chip Led si\u00eau s\u00e1ng \u0111\u1ed9 b\u1ec1n &gt;10 n\u0103m ph\u00f9 h\u1ee3p l\u1eafp cho \u0111\u01b0\u1eddng ph\u1ed1, kho b\u00e3i...\" width=\"641\" height=\"639\" aria-describedby=\"caption-attachment-7575\" srcset=\"https:\/\/kawaled.com.vn\/wp-content\/uploads\/2023\/03\/den-duong-led-st1-2.jpg 641w, https:\/\/kawaled.com.vn\/wp-content\/uploads\/2023\/03\/den-duong-led-st1-2-400x399.jpg 400w\" sizes=\"(max-width: 641px) 100vw, 641px\" \/><\/span><\/span><\/span><\/p>\n<p id=\"caption-attachment-7575\" style=\"text-align: center;\"><span style=\"font-family: times new roman,times,serif;\"><span style=\"font-size: 16px;\"><span style=\"color: #000000;\">Chip Led si\u00eau s\u00e1ng \u0111\u1ed9 b\u1ec1n &gt;10 n\u0103m ph\u00f9 h\u1ee3p l\u1eafp cho \u0111\u01b0\u1eddng ph\u1ed1, kho b\u00e3i\u2026<\/span><\/span><\/span><\/p>\n<h2><span class=\"ez-toc-section\" id=\"THONG_SO_KY_THUAT\"><\/span><span style=\"font-family: times new roman,times,serif;\"><span style=\"font-size: 16px;\"><span style=\"color: #000000;\"><b>TH\u00d4NG S\u1ed0 K\u1ef8 THU\u1eacT<\/b><\/span><\/span><\/span><span class=\"ez-toc-section-end\"><\/span><\/h2>\n<ul>\n<li aria-level=\"1\"><span style=\"font-family: times new roman,times,serif;\"><span style=\"font-size: 16px;\"><span style=\"color: #000000;\">Ngu\u1ed3n c\u1ea5p: 110-265VAC<\/span><\/span><\/span><\/li>\n<li aria-level=\"1\"><span style=\"font-family: times new roman,times,serif;\"><span style=\"font-size: 16px;\"><span style=\"color: #000000;\">Chip Led: SMD 2835<\/span><\/span><\/span><\/li>\n<li aria-level=\"1\"><span style=\"font-family: times new roman,times,serif;\"><span style=\"font-size: 16px;\"><span style=\"color: #000000;\">CRI: Ra&gt;80<\/span><\/span><\/span><\/li>\n<li aria-level=\"1\"><span style=\"font-family: times new roman,times,serif;\"><span style=\"font-size: 16px;\"><span style=\"color: #000000;\">Tu\u1ed5i th\u1ecd: 30.000h<\/span><\/span><\/span><\/li>\n<li aria-level=\"1\"><span style=\"font-family: times new roman,times,serif;\"><span style=\"font-size: 16px;\"><span style=\"color: #000000;\">IP66<\/span><\/span><\/span><\/li>\n<li aria-level=\"1\"><span style=\"font-family: times new roman,times,serif;\"><span style=\"font-size: 16px;\"><span style=\"color: #000000;\">C\u00f4ng su\u1ea5t s\u00e1ng: 110-120 Lm\/W<\/span><\/span><\/span><\/li>\n<li aria-level=\"1\"><span style=\"font-family: times new roman,times,serif;\"><span style=\"font-size: 16px;\"><span style=\"color: #000000;\">C\u00f4ng su\u1ea5t: 150W<\/span><\/span><\/span><\/li>\n<li aria-level=\"1\"><span style=\"font-family: times new roman,times,serif;\"><span style=\"font-size: 16px;\"><span style=\"color: #000000;\">K\u00edch th\u01b0\u1edbc \u0111\u00e8n:\u00a0214x76x542mm<\/span><\/span><\/span><\/li>\n<\/ul>\n<p style=\"text-align: center;\"><span style=\"font-family: times new roman,times,serif;\"><span style=\"font-size: 16px;\"><span style=\"color: #000000;\"><img decoding=\"async\" class=\"size-full wp-image-21749\" style=\"width: 500px; height: 569px;\" title=\"Specifications\" src=\"https:\/\/kawaled.com.vn\/wp-content\/uploads\/2023\/03\/kich-thuoc-st1-150w.jpg\" alt=\"Th\u00f4ng s\u1ed1 k\u1ef9 thu\u1eadt\" width=\"497\" height=\"566\" aria-describedby=\"caption-attachment-7579\" srcset=\"https:\/\/kawaled.com.vn\/wp-content\/uploads\/2023\/03\/kich-thuoc-st1-150w.jpg 497w, https:\/\/kawaled.com.vn\/wp-content\/uploads\/2023\/03\/kich-thuoc-st1-150w-400x456.jpg 400w\" sizes=\"(max-width: 497px) 100vw, 497px\" \/><\/span><\/span><\/span><\/p>\n<p id=\"caption-attachment-7579\" style=\"text-align: center;\"><span style=\"font-family: times new roman,times,serif;\"><span style=\"font-size: 16px;\"><span style=\"color: #000000;\">Specifications<\/span><\/span><\/span><\/p>\n<h2><span class=\"ez-toc-section\" id=\"TAI_SAO_BAN_NEN_CHON_DEN_DUONG_ST1_THUONG_HIEU_KAWALED\"><\/span><span style=\"font-family: times new roman,times,serif;\"><span style=\"font-size: 16px;\"><span style=\"color: #000000;\"><b>T\u1ea0I SAO B\u1ea0N N\u00caN CH\u1eccN \u0110\u00c8N \u0110\u01af\u1edcNG ST1 TH\u01af\u01a0NG HI\u1ec6U KAWALED<\/b><\/span><\/span><\/span><span class=\"ez-toc-section-end\"><\/span><\/h2>\n<p><span style=\"font-family: times new roman,times,serif;\"><span style=\"font-size: 16px;\"><a href=\"https:\/\/kawasan.com.vn\/\" target=\"_blank\" rel=\"noopener\"><span style=\"color: #000000;\">C\u00f4ng ty Th\u1ebf B\u1ea3o<\/span><\/a><span style=\"color: #000000;\"> v\u1edbi h\u01a1n 16 n\u0103m kinh nghi\u1ec7m trong<\/span><a href=\"https:\/\/thegioidienthongminh.com\/danh-muc\/den-nang-luong-mat-troi\/\" target=\"_blank\" rel=\"noopener\"><span style=\"color: #000000;\">\u00a0<\/span><\/a><span style=\"color: #000000;\">l\u0129nh v\u1ef1c \u0111\u00e8n Led. Th\u01b0\u01a1ng hi\u1ec7u Kawaled c\u1ee7a c\u00f4ng ty \u0111\u00e3 t\u1ea1o \u0111\u01b0\u1ee3c s\u1ef1 uy t\u00edn v\u00e0 ni\u1ec1m tin \u0111\u1ed1i v\u1edbi kh\u00e1ch h\u00e0ng.<\/span><\/span><\/span><\/p>\n<p><span style=\"font-family: times new roman,times,serif;\"><span style=\"font-size: 16px;\"><span style=\"color: #000000;\">S\u1ea3n ph\u1ea9m b\u1ea3o h\u00e0nh 2 n\u0103m, cam k\u1ebft \u0111\u1ed9 b\u1ec1n &gt; 5 n\u0103m n\u00ean qu\u00fd kh\u00e1ch ho\u00e0n to\u00e0n y\u00ean t\u00e2m v\u1ec1 ch\u1ea5t l\u01b0\u1ee3ng.\u00a0 Gi\u00e1 c\u1ea3 h\u1ee3p l\u00fd, ph\u00f9 h\u1ee3p v\u1edbi t\u00fai ti\u1ec1n c\u1ee7a ng\u01b0\u1eddi d\u00f9ng Vi\u1ec7t. Ngo\u00e0i ra, \u0111\u00e8n c\u00f2n nhi\u1ec1u t\u00ednh n\u0103ng n\u1ed5i b\u1eadt nh\u01b0: \u00e1nh s\u00e1ng an to\u00e0n kh\u00f4ng g\u00e2y h\u1ea1i cho m\u1eaft, kh\u1ea3 n\u0103ng ti\u1ebft ki\u1ec7m \u0111i\u1ec7n cao\u2026t\u1ea1o c\u1ea3m gi\u00e1c y\u00ean t\u00e2m trong qu\u00e1 tr\u00ecnh s\u1eed d\u1ee5ng.<\/span><\/span><\/span><\/p>\n<p><span style=\"font-family: times new roman,times,serif;\"><span style=\"font-size: 16px;\"><span style=\"color: #000000;\">Hi\u1ec7n nay, c\u00f4ng ty c\u00f3 nhi\u1ec1u \u0111\u1ea1i l\u00fd v\u00e0 nh\u00e0 ph\u00e2n ph\u1ed1i tr\u00ean to\u00e0n qu\u1ed1c. Qu\u00fd kh\u00e1ch c\u00f3 th\u1ec3 mua v\u00e0 \u0111\u1ed5i tr\u1ea3 b\u1ea3o h\u00e0nh ti\u1ec7n l\u1ee3i, nhanh ch\u00f3ng. \u0110\u1ed9i ng\u0169 k\u1ef9 thu\u1eadt v\u00e0 t\u01b0 v\u1ea5n b\u00e1n h\u00e0ng t\u1eadn t\u00ecnh, nhanh ch\u00f3ng.<\/span><\/span><\/span><\/p>\n<p style=\"text-align: center;\"><span style=\"font-family: times new roman,times,serif;\"><span style=\"font-size: 16px;\"><span style=\"color: #000000;\"><b>C\u1ea3m \u01a1n qu\u00fd kh\u00e1ch \u0111\u00e3 tin d\u00f9ng s\u1ea3n ph\u1ea9m Kawaled!<\/b><\/span><\/span><\/span><\/p>\n<p style=\"text-align: center;\"><span style=\"font-family: times new roman,times,serif;\"><span style=\"font-size: 16px;\"><span style=\"color: #000000;\"><b>Toll-Free Consulting Hotline:\u00a0<\/b><\/span><span style=\"color: #ff0000;\"><b>1800 0058<\/b><\/span><span style=\"color: #000000;\">\u00a0<b>Or Call Directly:<\/b>\u00a0<\/span><span style=\"color: #ff0000;\"><b>091 176 1010<\/b><\/span><\/span><\/span><\/p>\n<p style=\"text-align: center;\"><b>Website:\u00a0<\/b><a href=\"https:\/\/kawaled.com.vn\/san-pham\/\"><b>www.kawaled.com.vn<\/b><\/a><\/p>\n<p style=\"text-align: center;\"><b>Website:\u00a0<\/b><a href=\"https:\/\/kawasan.vn\/\" target=\"_blank\" rel=\"noopener\"><b>www.kawasan.vn<\/b><\/a><\/p>\n<p style=\"text-align: center;\"><span style=\"font-family: times new roman,times,serif;\">\u00a0<\/span><\/p>","protected":false},"excerpt":{"rendered":"<p>\u0110\u00e8n led \u0111\u01b0\u1eddng ngo\u00e0i tr\u1eddi ch\u1ed1ng n\u01b0\u1edbc IP66 LED-ST1-150W. Chi\u1ebfu s\u00e1ng \u0111\u01b0\u1eddng ph\u1ed1, khu \u0111\u00f4 th\u1ecb, s\u00e2n b\u00e3i\u2026\u0111\u1ea3m b\u1ea3o c\u00e1c ph\u01b0\u01a1ng ti\u1ec7n giao th\u00f4ng, con ng\u01b0\u1eddi \u0111i l\u1ea1i \u0111\u01b0\u1ee3c thu\u1eadn ti\u1ec7n h\u01a1n v\u00e0o ban \u0111\u00eam. B\u1ea1n mu\u1ed1n t\u00ecm m\u1eabu \u0111\u00e8n \u0111\u01b0\u1eddng ch\u1ea5t l\u01b0\u1ee3ng cao \u2013 ti\u1ebft ki\u1ec7m \u0111i\u1ec7n t\u1ed1t v\u00e0 \u0111\u1ed9 b\u1ec1n &gt;5 n\u0103m \u0111\u1ec3 [&hellip;]<\/p>","protected":false},"featured_media":21748,"comment_status":"open","ping_status":"closed","template":"","meta":{"rank_math_description":"\u0110\u00e8n led \u0111\u01b0\u1eddng ngo\u00e0i tr\u1eddi ch\u1ed1ng n\u01b0\u1edbc IP66 LED-ST1-150W. Ti\u1ebft ki\u1ec7m \u0111\u1ebfn 60% \u0111i\u1ec7n n\u0103ng ti\u00eau th\u1ee5, so v\u1edbi c\u00e1c m\u1eabu \u0111\u00e8n Halogen, Sodium...Tu\u1ed5i th\u1ecd \u0111\u00e8n 30.000h","rank_math_focus_keyword":"\u0110\u00c8N LED \u0110\u01af\u1edcNG CH\u1ed0NG N\u01af\u1edaC LED-ST1-150W","rank_math_secondary_keywords":""},"product_cat":[1750],"product_tag":[2977,2960,2675,2673,1913,1888,2670,2975,2677,1914,2685,2969,2964,1809,2959,2678],"class_list":["post-21750","product","type-product","status-publish","has-post-thumbnail","hentry","product_cat-den-pha-led-chieu-sang-duong-pho","product_tag-bong-den-150w","product_tag-bong-den-led-150w","product_tag-cac-loai-den-duong","product_tag-den-chieu-sang-duong-pho","product_tag-den-duong","product_tag-den-duong-led","product_tag-den-duong-led-150w","product_tag-den-led-150w","product_tag-den-led-chieu-sang-duong","product_tag-den-led-duong-pho","product_tag-den-led-duong-pho-150w","product_tag-den-led-nha-xuong-150w","product_tag-den-pha-150w","product_tag-den-pha-led","product_tag-den-pha-led-150w","product_tag-gia-den-led-chieu-sang-duong-pho"],"acf":[],"_links":{"self":[{"href":"https:\/\/kawaled.com.vn\/en\/wp-json\/wp\/v2\/product\/21750","targetHints":{"allow":["GET"]}}],"collection":[{"href":"https:\/\/kawaled.com.vn\/en\/wp-json\/wp\/v2\/product"}],"about":[{"href":"https:\/\/kawaled.com.vn\/en\/wp-json\/wp\/v2\/types\/product"}],"replies":[{"embeddable":true,"href":"https:\/\/kawaled.com.vn\/en\/wp-json\/wp\/v2\/comments?post=21750"}],"version-history":[{"count":1,"href":"https:\/\/kawaled.com.vn\/en\/wp-json\/wp\/v2\/product\/21750\/revisions"}],"predecessor-version":[{"id":27738,"href":"https:\/\/kawaled.com.vn\/en\/wp-json\/wp\/v2\/product\/21750\/revisions\/27738"}],"wp:featuredmedia":[{"embeddable":true,"href":"https:\/\/kawaled.com.vn\/en\/wp-json\/wp\/v2\/media\/21748"}],"wp:attachment":[{"href":"https:\/\/kawaled.com.vn\/en\/wp-json\/wp\/v2\/media?parent=21750"}],"wp:term":[{"taxonomy":"product_cat","embeddable":true,"href":"https:\/\/kawaled.com.vn\/en\/wp-json\/wp\/v2\/product_cat?post=21750"},{"taxonomy":"product_tag","embeddable":true,"href":"https:\/\/kawaled.com.vn\/en\/wp-json\/wp\/v2\/product_tag?post=21750"}],"curies":[{"name":"wp","href":"https:\/\/api.w.org\/{rel}","templated":true}]}}