{"id":21669,"date":"2022-11-03T09:43:49","date_gmt":"2022-11-03T02:43:49","guid":{"rendered":"https:\/\/kawaled.123websitedev.com\/san-pham\/den-led-bulb-tru-than-nhua-led2-t120-40w\/"},"modified":"2026-01-20T11:17:43","modified_gmt":"2026-01-20T04:17:43","slug":"bong-den-led-bulb-tru-than-nhua-led2-40w","status":"publish","type":"product","link":"https:\/\/kawaled.com.vn\/en\/product\/bong-den-led-bulb-tru-than-nhua-led2-40w\/","title":{"rendered":"B\u00d3NG \u0110\u00c8N LED BULB TR\u1ee4 TH\u00c2N NH\u1ef0A LED2-T120-40W C\u00d4NG SU\u1ea4T 95%"},"content":{"rendered":"<h2 data-start=\"148\" data-end=\"193\"><span class=\"ez-toc-section\" id=\"Bong_Den_LED_Bulb_Tru_Than_Nhua_Loi_Nhom\"><\/span><span style=\"font-size: 24px;\">B\u00f3ng \u0110\u00e8n LED Bulb Tr\u1ee5 Th\u00e2n Nh\u1ef1a L\u00f5i Nh\u00f4m<\/span><span class=\"ez-toc-section-end\"><\/span><\/h2><div id=\"ez-toc-container\" class=\"ez-toc-v2_0_69_1 counter-hierarchy ez-toc-counter ez-toc-grey ez-toc-container-direction\">\n<div class=\"ez-toc-title-container\">\n<p class=\"ez-toc-title\" >N\u1ed9i Dung B&agrave;i Vi\u1ebft<\/p>\n<span class=\"ez-toc-title-toggle\"><a href=\"#\" class=\"ez-toc-pull-right ez-toc-btn ez-toc-btn-xs ez-toc-btn-default ez-toc-toggle\" aria-label=\"Toggle Table of Content\"><span class=\"ez-toc-js-icon-con\"><span class=\"\"><span class=\"eztoc-hide\" style=\"display:none;\">Toggle<\/span><span class=\"ez-toc-icon-toggle-span\"><svg style=\"fill: #999;color:#999\" xmlns=\"http:\/\/www.w3.org\/2000\/svg\" class=\"list-377408\" width=\"20px\" height=\"20px\" viewbox=\"0 0 24 24\" fill=\"none\"><path d=\"M6 6H4v2h2V6zm14 0H8v2h12V6zM4 11h2v2H4v-2zm16 0H8v2h12v-2zM4 16h2v2H4v-2zm16 0H8v2h12v-2z\" fill=\"currentColor\"><\/path><\/svg><svg style=\"fill: #999;color:#999\" class=\"arrow-unsorted-368013\" xmlns=\"http:\/\/www.w3.org\/2000\/svg\" width=\"10px\" height=\"10px\" viewbox=\"0 0 24 24\" version=\"1.2\" baseprofile=\"tiny\"><path d=\"M18.2 9.3l-6.2-6.3-6.2 6.3c-.2.2-.3.4-.3.7s.1.5.3.7c.2.2.4.3.7.3h11c.3 0 .5-.1.7-.3.2-.2.3-.5.3-.7s-.1-.5-.3-.7zM5.8 14.7l6.2 6.3 6.2-6.3c.2-.2.3-.5.3-.7s-.1-.5-.3-.7c-.2-.2-.4-.3-.7-.3h-11c-.3 0-.5.1-.7.3-.2.2-.3.5-.3.7s.1.5.3.7z\"\/><\/svg><\/span><\/span><\/span><\/a><\/span><\/div>\n<nav><ul class='ez-toc-list ez-toc-list-level-1 eztoc-toggle-hide-by-default' ><li class='ez-toc-page-1 ez-toc-heading-level-2'><a class=\"ez-toc-link ez-toc-heading-1\" href=\"https:\/\/kawaled.com.vn\/en\/product\/bong-den-led-bulb-tru-than-nhua-led2-40w\/#Bong_Den_LED_Bulb_Tru_Than_Nhua_Loi_Nhom\" title=\"B\u00f3ng \u0110\u00e8n LED Bulb Tr\u1ee5 Th\u00e2n Nh\u1ef1a L\u00f5i Nh\u00f4m\">B\u00f3ng \u0110\u00e8n LED Bulb Tr\u1ee5 Th\u00e2n Nh\u1ef1a L\u00f5i Nh\u00f4m<\/a><\/li><li class='ez-toc-page-1 ez-toc-heading-level-2'><a class=\"ez-toc-link ez-toc-heading-2\" href=\"https:\/\/kawaled.com.vn\/en\/product\/bong-den-led-bulb-tru-than-nhua-led2-40w\/#Uu_Diem_Vuot_Troi\" title=\"\u01afu \u0110i\u1ec3m V\u01b0\u1ee3t Tr\u1ed9i\">\u01afu \u0110i\u1ec3m V\u01b0\u1ee3t Tr\u1ed9i<\/a><\/li><li class='ez-toc-page-1 ez-toc-heading-level-2'><a class=\"ez-toc-link ez-toc-heading-3\" href=\"https:\/\/kawaled.com.vn\/en\/product\/bong-den-led-bulb-tru-than-nhua-led2-40w\/#Ung_Dung_Thuc_Te\" title=\"\u1ee8ng D\u1ee5ng Th\u1ef1c T\u1ebf\">\u1ee8ng D\u1ee5ng Th\u1ef1c T\u1ebf<\/a><\/li><li class='ez-toc-page-1 ez-toc-heading-level-2'><a class=\"ez-toc-link ez-toc-heading-4\" href=\"https:\/\/kawaled.com.vn\/en\/product\/bong-den-led-bulb-tru-than-nhua-led2-40w\/#Chinh_Sach_Bao_Hanh_va_Cam_Ket_Chinh_Hang\" title=\"Ch\u00ednh S\u00e1ch B\u1ea3o H\u00e0nh v\u00e0 Cam K\u1ebft Ch\u00ednh H\u00e3ng\">Ch\u00ednh S\u00e1ch B\u1ea3o H\u00e0nh v\u00e0 Cam K\u1ebft Ch\u00ednh H\u00e3ng<\/a><\/li><li class='ez-toc-page-1 ez-toc-heading-level-2'><a class=\"ez-toc-link ez-toc-heading-5\" href=\"https:\/\/kawaled.com.vn\/en\/product\/bong-den-led-bulb-tru-than-nhua-led2-40w\/#Ve_Thuong_Hieu_Kawaled_%E2%80%93_Uy_Tin_Tu_Chat_Luong_That\" title=\"V\u1ec1 Th\u01b0\u01a1ng Hi\u1ec7u Kawaled \u2013 Uy T\u00edn T\u1eeb Ch\u1ea5t L\u01b0\u1ee3ng Th\u1eadt\">V\u1ec1 Th\u01b0\u01a1ng Hi\u1ec7u Kawaled \u2013 Uy T\u00edn T\u1eeb Ch\u1ea5t L\u01b0\u1ee3ng Th\u1eadt<\/a><\/li><\/ul><\/nav><\/div>\n\n<p data-start=\"195\" data-end=\"495\"><span style=\"font-size: 17px;\">B\u00f3ng \u0111\u00e8n LED bulb tr\u1ee5 th\u00e2n nh\u1ef1a Kawaled l\u00e0 l\u1ef1a ch\u1ecdn chi\u1ebfu s\u00e1ng hi\u1ec7n \u0111\u1ea1i, th\u00e2n thi\u1ec7n v\u1edbi m\u00f4i tr\u01b0\u1eddng, kh\u00f4ng ch\u1ee9a th\u1ee7y ng\u00e2n hay h\u00f3a ch\u1ea5t \u0111\u1ed9c h\u1ea1i, an to\u00e0n tuy\u1ec7t \u0111\u1ed1i cho ng\u01b0\u1eddi d\u00f9ng. S\u1ea3n ph\u1ea9m c\u00f3 thi\u1ebft k\u1ebf nh\u1ecf g\u1ecdn, d\u1ec5 l\u1eafp \u0111\u1eb7t v\u1edbi \u0111ui \u0111\u00e8n chu\u1ea9n E27 ph\u1ed5 bi\u1ebfn, ph\u00f9 h\u1ee3p cho nhi\u1ec1u kh\u00f4ng gian chi\u1ebfu s\u00e1ng kh\u00e1c nhau.<\/span><\/p>\n<p data-start=\"497\" data-end=\"737\"><span style=\"font-size: 17px;\">\u0110\u00e8n c\u00f3 hai t\u00f9y ch\u1ecdn \u00e1nh s\u00e1ng: \u00e1nh s\u00e1ng tr\u1eafng (6000K) v\u00e0 \u00e1nh s\u00e1ng v\u00e0ng (3000K), gi\u00fap t\u1ea1o n\u00ean kh\u00f4ng gian linh ho\u1ea1t, d\u1ec5 ch\u1ecbu. V\u1edbi d\u1ea3i c\u00f4ng su\u1ea5t \u0111a d\u1ea1ng g\u1ed3m 15W, 20W, 30W, 40W, 50W, ng\u01b0\u1eddi d\u00f9ng d\u1ec5 d\u00e0ng ch\u1ecdn l\u1ef1a theo t\u1eebng nhu c\u1ea7u s\u1eed d\u1ee5ng th\u1ef1c t\u1ebf.<\/span><\/p>\n<figure id=\"attachment_24139\" aria-describedby=\"caption-attachment-24139\" style=\"width: 560px\" class=\"wp-caption aligncenter\"><img decoding=\"async\" class=\"wp-image-24139\" src=\"https:\/\/kawaled.com.vn\/wp-content\/uploads\/2022\/11\/bong-den-led-bulb-kawaled-t120-40w-thuc-te.jpg\" alt=\"B\u00f3ng \u0111\u00e8n LED tr\u1ee5 Kawaled T120 40W d\u00f9ng ngo\u00e0i tr\u1eddi\" width=\"560\" height=\"560\" \/><figcaption id=\"caption-attachment-24139\" class=\"wp-caption-text\">\u0110\u00e8n LED 40W Kawaled \u2013 s\u00e1ng b\u1ec1n, l\u1eafp \u0111\u01a1n gi\u1ea3n<\/figcaption><\/figure>\n<figure id=\"attachment_23960\" aria-describedby=\"caption-attachment-23960\" style=\"width: 560px\" class=\"wp-caption aligncenter\"><img decoding=\"async\" class=\"wp-image-23960\" src=\"https:\/\/kawaled.com.vn\/wp-content\/uploads\/2022\/11\/AS.png\" alt=\"B\u00f3ng \u0111\u00e8n led bulb chi\u1ebfu s\u00e1ng r\u00f5 n\u00e9t, c\u00f4ng su\u1ea5t 95%\" width=\"560\" height=\"560\" \/><figcaption id=\"caption-attachment-23960\" class=\"wp-caption-text\">H\u00ecnh \u1ea3nh so s\u00e1nh m\u00e0u \u00e1nh s\u00e1ng th\u1ef1c t\u1ebf c\u1ee7a b\u00f3ng \u0111\u00e8n led bulb tr\u1ee5 Kawaled<\/figcaption><\/figure>\n<h2 data-start=\"744\" data-end=\"767\"><span class=\"ez-toc-section\" id=\"Uu_Diem_Vuot_Troi\"><\/span><span style=\"font-size: 24px;\">\u01afu \u0110i\u1ec3m V\u01b0\u1ee3t Tr\u1ed9i<\/span><span class=\"ez-toc-section-end\"><\/span><\/h2>\n<ul data-start=\"769\" data-end=\"1342\">\n<li data-start=\"769\" data-end=\"836\">\n<p data-start=\"771\" data-end=\"836\"><span style=\"font-size: 17px;\">S\u1eed d\u1ee5ng chip LED SMD ch\u1ea5t l\u01b0\u1ee3ng cao, \u00e1nh s\u00e1ng m\u1ea1nh v\u00e0 \u0111\u1ed3ng \u0111\u1ec1u.<\/span><\/p>\n<\/li>\n<li data-start=\"837\" data-end=\"922\">\n<p data-start=\"839\" data-end=\"922\"><span style=\"font-size: 17px;\">Trang b\u1ecb l\u00f5i nh\u00f4m t\u1ea3n nhi\u1ec7t b\u00ean trong, gi\u00fap t\u0103ng tu\u1ed5i th\u1ecd \u0111\u00e8n l\u00ean \u0111\u1ebfn 20.000 gi\u1edd.<\/span><\/p>\n<\/li>\n<li data-start=\"923\" data-end=\"1018\">\n<p data-start=\"925\" data-end=\"1018\"><span style=\"font-size: 17px;\">Ti\u1ebft ki\u1ec7m \u0111\u1ebfn 80% \u0111i\u1ec7n n\u0103ng so v\u1edbi c\u00e1c lo\u1ea1i b\u00f3ng \u0111\u00e8n truy\u1ec1n th\u1ed1ng nh\u01b0 s\u1ee3i \u0111\u1ed1t ho\u1eb7c compact.<\/span><\/p>\n<\/li>\n<li data-start=\"1019\" data-end=\"1099\">\n<p data-start=\"1021\" data-end=\"1099\"><span style=\"font-size: 17px;\">Ch\u1ec9 s\u1ed1 ho\u00e0n m\u00e0u cao (Ra \u2265 85), mang l\u1ea1i \u00e1nh s\u00e1ng trung th\u1ef1c, b\u1ea3o v\u1ec7 th\u1ecb l\u1ef1c.<\/span><\/p>\n<\/li>\n<li data-start=\"1100\" data-end=\"1192\">\n<p data-start=\"1102\" data-end=\"1192\"><span style=\"font-size: 17px;\">Th\u00e2n \u0111\u00e8n b\u1eb1ng nh\u1ef1a cao c\u1ea5p, c\u00f3 kh\u1ea3 n\u0103ng t\u1ea3n s\u00e1ng \u0111\u1ec1u, ch\u1ed1ng ch\u00f3i v\u00e0 an to\u00e0n khi s\u1eed d\u1ee5ng.<\/span><\/p>\n<\/li>\n<li data-start=\"1193\" data-end=\"1274\">\n<p data-start=\"1195\" data-end=\"1274\"><span style=\"font-size: 17px;\">Thi\u1ebft k\u1ebf hi\u1ec7n \u0111\u1ea1i, nh\u1ecf g\u1ecdn, ph\u00f9 h\u1ee3p cho c\u1ea3 kh\u00f4ng gian d\u00e2n d\u1ee5ng v\u00e0 th\u01b0\u01a1ng m\u1ea1i.<\/span><\/p>\n<\/li>\n<li data-start=\"1275\" data-end=\"1342\">\n<p data-start=\"1277\" data-end=\"1342\"><span style=\"font-size: 17px;\">\u0110ui \u0111\u00e8n E27 d\u1ec5 thay th\u1ebf, ph\u00f9 h\u1ee3p v\u1edbi \u0111a s\u1ed1 \u1ed5 \u0111\u00e8n tr\u00ean th\u1ecb tr\u01b0\u1eddng.<\/span><\/p>\n<\/li>\n<\/ul>\n<figure id=\"attachment_24145\" aria-describedby=\"caption-attachment-24145\" style=\"width: 560px\" class=\"wp-caption aligncenter\"><img decoding=\"async\" class=\"wp-image-24145\" src=\"https:\/\/kawaled.com.vn\/wp-content\/uploads\/2022\/11\/Uu-diem-bong-den-led-bulb-tron-kawaled.jpg\" alt=\"\u01afu \u0111i\u1ec3m n\u1ed5i b\u1eadt c\u1ee7a b\u00f3ng \u0111\u00e8n LED bulb tr\u00f2n Kawaled\" width=\"560\" height=\"560\" \/><figcaption id=\"caption-attachment-24145\" class=\"wp-caption-text\">\u0110\u00e8n LED Kawaled \u2013 Chip LED SMD, Ra=85, tu\u1ed5i th\u1ecd cao<\/figcaption><\/figure>\n<h2 data-start=\"1349\" data-end=\"1371\"><span class=\"ez-toc-section\" id=\"Ung_Dung_Thuc_Te\"><\/span><span style=\"font-size: 24px;\">\u1ee8ng D\u1ee5ng Th\u1ef1c T\u1ebf<\/span><span class=\"ez-toc-section-end\"><\/span><\/h2>\n<p data-start=\"1373\" data-end=\"1444\"><span style=\"font-size: 17px;\">B\u00f3ng \u0111\u00e8n LED tr\u1ee5 Kawaled \u0111\u01b0\u1ee3c \u1ee9ng d\u1ee5ng ph\u1ed5 bi\u1ebfn trong nhi\u1ec1u m\u00f4i tr\u01b0\u1eddng:<\/span><\/p>\n<ul data-start=\"1446\" data-end=\"1759\">\n<li data-start=\"1446\" data-end=\"1506\">\n<p data-start=\"1448\" data-end=\"1506\"><span style=\"font-size: 17px;\">D\u00f9ng chi\u1ebfu s\u00e1ng trong nh\u00e0 \u1edf, c\u0103n h\u1ed9, chung c\u01b0, bi\u1ec7t th\u1ef1.<\/span><\/p>\n<\/li>\n<li data-start=\"1507\" data-end=\"1595\">\n<p data-start=\"1509\" data-end=\"1595\"><span style=\"font-size: 17px;\">L\u1eafp \u0111\u1eb7t t\u1ea1i c\u1eeda h\u00e0ng, showroom, trung t\u00e2m th\u01b0\u01a1ng m\u1ea1i, v\u0103n ph\u00f2ng, nh\u00e0 kho, nh\u00e0 x\u01b0\u1edfng.<\/span><\/p>\n<\/li>\n<li data-start=\"1596\" data-end=\"1759\">\n<p data-start=\"1598\" data-end=\"1759\"><span style=\"font-size: 17px;\">D\u00f9ng l\u00e0m \u0111\u00e8n led trang tr\u00ed trong c\u00e1c khu v\u1ef1c s\u00e2n v\u01b0\u1eddn, ban c\u00f4ng, h\u00e0nh lang, ho\u1eb7c l\u00e0m \u0111\u00e8n trang tr\u00ed ngo\u00e0i tr\u1eddi t\u1ea1i c\u00f4ng vi\u00ean, h\u1ed9i ch\u1ee3 v\u00e0 c\u00e1c c\u00f4ng tr\u00ecnh c\u00f4ng c\u1ed9ng.<\/span><\/p>\n<\/li>\n<\/ul>\n<figure id=\"attachment_24144\" aria-describedby=\"caption-attachment-24144\" style=\"width: 560px\" class=\"wp-caption aligncenter\"><img decoding=\"async\" class=\"wp-image-24144\" src=\"https:\/\/kawaled.com.vn\/wp-content\/uploads\/2022\/11\/ung-dung-den-led-kawaled-cho-dem.jpg\" alt=\"B\u00f3ng \u0110\u00e8n LED Bulb tr\u1ee5 Kawaled chi\u1ebfu s\u00e1ng khu ch\u1ee3 \u0111\u00eam\" width=\"560\" height=\"560\" \/><figcaption id=\"caption-attachment-24144\" class=\"wp-caption-text\">\u0110\u00e8n led si\u00eau s\u00e1ng ph\u00f9 h\u1ee3p m\u1ecdi gian h\u00e0ng, qu\u00e1n \u0103n, ch\u1ee3,&#8230;<\/figcaption><\/figure>\n<figure id=\"attachment_24142\" aria-describedby=\"caption-attachment-24142\" style=\"width: 560px\" class=\"wp-caption aligncenter\"><img decoding=\"async\" class=\"wp-image-24142\" src=\"https:\/\/kawaled.com.vn\/wp-content\/uploads\/2022\/11\/ung-dung-den-led-bulb-kawaled-khach-san-nha-hang.jpg\" alt=\"\u1ee8ng d\u1ee5ng \u0111\u00e8n LED Kawaled trong kh\u00e1ch s\u1ea1n, nh\u00e0 h\u00e0ng\" width=\"560\" height=\"560\" \/><figcaption id=\"caption-attachment-24142\" class=\"wp-caption-text\">Kh\u00f4ng gian chuy\u00ean nghi\u1ec7p h\u01a1n v\u1edbi \u0111\u00e8n LED bulb tr\u1ee5 Kawaled<\/figcaption><\/figure>\n<h2 data-start=\"1766\" data-end=\"1813\"><span class=\"ez-toc-section\" id=\"Chinh_Sach_Bao_Hanh_va_Cam_Ket_Chinh_Hang\"><\/span><span style=\"font-size: 24px;\">Ch\u00ednh S\u00e1ch B\u1ea3o H\u00e0nh v\u00e0 Cam K\u1ebft Ch\u00ednh H\u00e3ng<\/span><span class=\"ez-toc-section-end\"><\/span><\/h2>\n<p data-start=\"1815\" data-end=\"1907\"><span style=\"font-size: 17px;\">Khi l\u1ef1a ch\u1ecdn b\u00f3ng \u0111\u00e8n LED bulb tr\u1ee5 c\u1ee7a Kawaled, kh\u00e1ch h\u00e0ng s\u1ebd \u0111\u01b0\u1ee3c \u0111\u1ea3m b\u1ea3o quy\u1ec1n l\u1ee3i t\u1ed1i \u0111a:<\/span><\/p>\n<ul data-start=\"1909\" data-end=\"2260\">\n<li data-start=\"1909\" data-end=\"1991\">\n<p data-start=\"1911\" data-end=\"1991\"><span style=\"font-size: 17px;\">B\u1ea3o h\u00e0nh ch\u00ednh h\u00e3ng trong 2 n\u0103m, h\u1ed7 tr\u1ee3 \u0111\u1ed5i m\u1edbi khi s\u1ea3n ph\u1ea9m g\u1eb7p l\u1ed7i k\u1ef9 thu\u1eadt.<\/span><\/p>\n<\/li>\n<li data-start=\"1992\" data-end=\"2086\">\n<p data-start=\"1994\" data-end=\"2086\"><span style=\"font-size: 17px;\">Cam k\u1ebft 100% s\u1ea3n ph\u1ea9m ch\u00ednh h\u00e3ng, \u0111\u01b0\u1ee3c s\u1ea3n xu\u1ea5t v\u00e0 ph\u00e2n ph\u1ed1i tr\u1ef1c ti\u1ebfp t\u1eeb nh\u00e0 m\u00e1y Kawaled.<\/span><\/p>\n<\/li>\n<li data-start=\"2087\" data-end=\"2185\">\n<p data-start=\"2089\" data-end=\"2185\"><span style=\"font-size: 17px;\">S\u1ea3n ph\u1ea9m \u0111\u01b0\u1ee3c ki\u1ec3m \u0111\u1ecbnh nghi\u00eam ng\u1eb7t v\u1ec1 \u0111\u1ed9 s\u00e1ng, hi\u1ec7u su\u1ea5t, \u0111\u1ed9 b\u1ec1n tr\u01b0\u1edbc khi \u0111\u01b0a ra th\u1ecb tr\u01b0\u1eddng.<\/span><\/p>\n<\/li>\n<\/ul>\n<h2 data-start=\"2267\" data-end=\"2323\"><span class=\"ez-toc-section\" id=\"Ve_Thuong_Hieu_Kawaled_%E2%80%93_Uy_Tin_Tu_Chat_Luong_That\"><\/span><span style=\"font-size: 24px;\">V\u1ec1 Th\u01b0\u01a1ng Hi\u1ec7u Kawaled \u2013 Uy T\u00edn T\u1eeb Ch\u1ea5t L\u01b0\u1ee3ng Th\u1eadt<\/span><span class=\"ez-toc-section-end\"><\/span><\/h2>\n<p data-start=\"2325\" data-end=\"2585\"><span style=\"font-size: 17px;\">Kawaled l\u00e0 th\u01b0\u01a1ng hi\u1ec7u thu\u1ed9c h\u1ec7 sinh th\u00e1i c\u1ee7a c\u00f4ng ty Kawasan \u2013 \u0111\u01a1n v\u1ecb chuy\u00ean s\u1ea3n xu\u1ea5t v\u00e0 cung c\u1ea5p thi\u1ebft b\u1ecb chi\u1ebfu s\u00e1ng LED t\u1ea1i Vi\u1ec7t Nam. V\u1edbi kinh nghi\u1ec7m nhi\u1ec1u n\u0103m tr\u00ean th\u1ecb tr\u01b0\u1eddng, Kawaled lu\u00f4n \u0111\u1eb7t ti\u00eau ch\u00ed ch\u1ea5t l\u01b0\u1ee3ng v\u00e0 s\u1ef1 h\u00e0i l\u00f2ng c\u1ee7a kh\u00e1ch h\u00e0ng l\u00ean h\u00e0ng \u0111\u1ea7u.<\/span><\/p>\n<ul data-start=\"2587\" data-end=\"2905\">\n<li data-start=\"2587\" data-end=\"2672\">\n<p data-start=\"2589\" data-end=\"2672\"><span style=\"font-size: 17px;\">S\u1ea3n ph\u1ea9m \u0111\u01b0\u1ee3c l\u1eafp r\u00e1p t\u1eeb linh ki\u1ec7n cao c\u1ea5p nh\u1eadp kh\u1ea9u t\u1eeb \u0110\u00e0i Loan, H\u00e0n Qu\u1ed1c v\u00e0 M\u1ef9.<\/span><\/p>\n<\/li>\n<li data-start=\"2673\" data-end=\"2741\">\n<p data-start=\"2675\" data-end=\"2741\"><span style=\"font-size: 17px;\">\u1ee8ng d\u1ee5ng c\u00f4ng ngh\u1ec7 hi\u1ec7n \u0111\u1ea1i, s\u1ea3n xu\u1ea5t tr\u00ean d\u00e2y chuy\u1ec1n ti\u00ean ti\u1ebfn.<\/span><\/p>\n<\/li>\n<li data-start=\"2742\" data-end=\"2809\">\n<p data-start=\"2744\" data-end=\"2809\"><span style=\"font-size: 17px;\">\u0110\u1ea3m b\u1ea3o ki\u1ec3m tra nghi\u00eam ng\u1eb7t v\u1ec1 ch\u1ea5t l\u01b0\u1ee3ng tr\u01b0\u1edbc khi ph\u00e2n ph\u1ed1i.<\/span><\/p>\n<\/li>\n<li data-start=\"2810\" data-end=\"2905\">\n<p data-start=\"2812\" data-end=\"2905\"><span style=\"font-size: 17px;\">Lu\u00f4n minh b\u1ea1ch v\u1ec1 xu\u1ea5t x\u1ee9, ch\u00ednh s\u00e1ch b\u1ea3o h\u00e0nh r\u00f5 r\u00e0ng, s\u1ea3n ph\u1ea9m \u0111\u1ea1t ti\u00eau chu\u1ea9n an to\u00e0n \u0111i\u1ec7n.<\/span><\/p>\n<\/li>\n<\/ul>\n<figure id=\"attachment_24131\" aria-describedby=\"caption-attachment-24131\" style=\"width: 560px\" class=\"wp-caption aligncenter\"><img decoding=\"async\" class=\"wp-image-24131\" src=\"https:\/\/kawaled.com.vn\/wp-content\/uploads\/2022\/11\/bong-den-led-tru-led2-t120-40w.png\" alt=\"B\u00f3ng \u0111\u00e8n LED tr\u1ee5 40W Kawaled \u2013 hi\u1ec7u su\u1ea5t cao, \u00e1nh s\u00e1ng m\u1ea1nh\" width=\"560\" height=\"560\" \/><figcaption id=\"caption-attachment-24131\" class=\"wp-caption-text\">Th\u00f4ng tin s\u1ea3n ph\u1ea9m LED tr\u1ee5 Kawaled 40W \u2013 hi\u1ec7u su\u1ea5t 95%, b\u1ea3o h\u00e0nh 2 n\u0103m<\/figcaption><\/figure>\n<p data-start=\"2907\" data-end=\"3027\"><span style=\"font-size: 17px;\">Kawaled cam k\u1ebft mang \u0111\u1ebfn gi\u1ea3i ph\u00e1p chi\u1ebfu s\u00e1ng ti\u1ebft ki\u1ec7m, b\u1ec1n b\u1ec9 v\u00e0 an to\u00e0n cho m\u1ecdi gia \u0111\u00ecnh, doanh nghi\u1ec7p v\u00e0 c\u00f4ng tr\u00ecnh.<\/span><\/p>\n<p data-start=\"150\" data-end=\"358\"><em><span style=\"font-size: 17px;\">B\u1ea1n \u0111ang t\u00ecm m\u1ed9t b\u00f3ng \u0111\u00e8n LED tr\u1ee5 v\u1eeba s\u00e1ng m\u1ea1nh, b\u1ec1n b\u1ec9, ti\u1ebft ki\u1ec7m \u0111i\u1ec7n l\u1ea1i c\u00f3 m\u1ee9c gi\u00e1 h\u1ee3p l\u00fd?<\/span><\/em><br data-start=\"248\" data-end=\"251\" \/><em><span style=\"font-size: 17px;\">H\u00e3y ch\u1ecdn ngay b\u00f3ng \u0111\u00e8n LED bulb tr\u1ee5 th\u00e2n nh\u1ef1a Kawaled \u2013 gi\u1ea3i ph\u00e1p chi\u1ebfu s\u00e1ng t\u1ed1i \u01b0u cho m\u1ecdi kh\u00f4ng gian!<\/span><\/em><\/p>\n<p data-start=\"360\" data-end=\"490\"><span style=\"font-size: 17px;\"><strong data-start=\"360\" data-end=\"389\">T\u1ed5ng \u0111\u00e0i t\u01b0 v\u1ea5n mi\u1ec5n ph\u00ed:<\/strong> 1800 0058<\/span><br data-start=\"399\" data-end=\"402\" \/><span style=\"font-size: 17px;\"><strong data-start=\"402\" data-end=\"414\">Hotline:<\/strong> 0825411408<\/span><br data-start=\"426\" data-end=\"429\" \/><span style=\"font-size: 17px;\"><strong data-start=\"429\" data-end=\"441\">Website:<\/strong> <a class=\"\" href=\"https:\/\/www.kawaled.com.vn\" target=\"_new\" rel=\"noopener\" data-start=\"442\" data-end=\"490\">www.kawaled.com.vn<\/a><\/span><\/p>\n<blockquote data-start=\"492\" data-end=\"582\">\n<p data-start=\"494\" data-end=\"582\"><span style=\"font-size: 17px;\">Xem th\u00eam c\u00e1c thi\u1ebft b\u1ecb \u0111i\u1ec7n th\u00f4ng minh kh\u00e1c t\u1ea1i: <a class=\"\" href=\"https:\/\/www.kawasan.vn\" target=\"_new\" rel=\"noopener\" data-start=\"542\" data-end=\"582\">www.kawasan.vn<\/a><\/span><\/p>\n<\/blockquote>","protected":false},"excerpt":{"rendered":"<p>B\u00f3ng \u0110\u00e8n LED Bulb Tr\u1ee5 Th\u00e2n Nh\u1ef1a L\u00f5i Nh\u00f4m B\u00f3ng \u0111\u00e8n LED bulb tr\u1ee5 th\u00e2n nh\u1ef1a Kawaled l\u00e0 l\u1ef1a ch\u1ecdn chi\u1ebfu s\u00e1ng hi\u1ec7n \u0111\u1ea1i, th\u00e2n thi\u1ec7n v\u1edbi m\u00f4i tr\u01b0\u1eddng, kh\u00f4ng ch\u1ee9a th\u1ee7y ng\u00e2n hay h\u00f3a ch\u1ea5t \u0111\u1ed9c h\u1ea1i, an to\u00e0n tuy\u1ec7t \u0111\u1ed1i cho ng\u01b0\u1eddi d\u00f9ng. S\u1ea3n ph\u1ea9m c\u00f3 thi\u1ebft k\u1ebf nh\u1ecf g\u1ecdn, d\u1ec5 l\u1eafp \u0111\u1eb7t [&hellip;]<\/p>","protected":false},"featured_media":24131,"comment_status":"open","ping_status":"closed","template":"","meta":{"rank_math_description":"\u01afu \u0110\u00e3i S\u1ed1c - B\u00f3ng \u0111\u00e8n LED bulb tr\u1ee5: Si\u00eau s\u00e1ng, ti\u1ebft ki\u1ec7m \u0111i\u1ec7n \u0111\u1ebfn 80%, tu\u1ed5i th\u1ecd cao \u0111\u1ebfn 20.000 gi\u1edd, Ra=85 gi\u00fap b\u1ea3o v\u1ec7 m\u1eaft, b\u1ea3o h\u00e0nh 2 n\u0103m.","rank_math_focus_keyword":"b\u00f3ng \u0111\u00e8n led bulb tr\u1ee5,\u0111\u00e8n led trang tr\u00ed,\u0111\u00e8n trang tr\u00ed ngo\u00e0i tr\u1eddi,\u0111\u00e8n led 40w,\u0111\u00e8n led si\u00eau s\u00e1ng","rank_math_secondary_keywords":""},"product_cat":[1756,1763,1758],"product_tag":[2646,2647,1861,2663,2655,1901,1942,1778,2667,1781],"class_list":["post-21669","product","type-product","status-publish","has-post-thumbnail","hentry","product_cat-den-led-bulb","product_cat-den-led-bulb-tru","product_cat-den-led-bulb-tru-than-nhua","product_tag-bong-den","product_tag-bong-den-led","product_tag-bong-den-led-tron","product_tag-bong-den-tron","product_tag-bong-led","product_tag-den-bulb-tru","product_tag-den-led","product_tag-den-led-bulb-tru","product_tag-den-led-trang-tri","product_tag-den-led-tron"],"acf":[],"_links":{"self":[{"href":"https:\/\/kawaled.com.vn\/en\/wp-json\/wp\/v2\/product\/21669","targetHints":{"allow":["GET"]}}],"collection":[{"href":"https:\/\/kawaled.com.vn\/en\/wp-json\/wp\/v2\/product"}],"about":[{"href":"https:\/\/kawaled.com.vn\/en\/wp-json\/wp\/v2\/types\/product"}],"replies":[{"embeddable":true,"href":"https:\/\/kawaled.com.vn\/en\/wp-json\/wp\/v2\/comments?post=21669"}],"version-history":[{"count":0,"href":"https:\/\/kawaled.com.vn\/en\/wp-json\/wp\/v2\/product\/21669\/revisions"}],"wp:featuredmedia":[{"embeddable":true,"href":"https:\/\/kawaled.com.vn\/en\/wp-json\/wp\/v2\/media\/24131"}],"wp:attachment":[{"href":"https:\/\/kawaled.com.vn\/en\/wp-json\/wp\/v2\/media?parent=21669"}],"wp:term":[{"taxonomy":"product_cat","embeddable":true,"href":"https:\/\/kawaled.com.vn\/en\/wp-json\/wp\/v2\/product_cat?post=21669"},{"taxonomy":"product_tag","embeddable":true,"href":"https:\/\/kawaled.com.vn\/en\/wp-json\/wp\/v2\/product_tag?post=21669"}],"curies":[{"name":"wp","href":"https:\/\/api.w.org\/{rel}","templated":true}]}}