{"id":21660,"date":"2022-11-03T09:35:32","date_gmt":"2022-11-03T02:35:32","guid":{"rendered":"https:\/\/kawaled.123websitedev.com\/san-pham\/den-led-bulb-nho-than-nhua-led2-a65-12w\/"},"modified":"2026-01-19T16:29:06","modified_gmt":"2026-01-19T09:29:06","slug":"bong-den-led-bulb-tron-led2-a65-12w","status":"publish","type":"product","link":"https:\/\/kawaled.com.vn\/en\/product\/bong-den-led-bulb-tron-led2-a65-12w\/","title":{"rendered":"\u0110\u00c8N LED BULB TR\u00d2N TH\u00c2N NH\u1ef0A LED2-A65-12W C\u00d4NG SU\u1ea4T 95%"},"content":{"rendered":"<h2 data-start=\"336\" data-end=\"369\"><span class=\"ez-toc-section\" id=\"Den_Led_Bulb_Tron_Than_Nhua_Kawaled\"><\/span><strong data-start=\"340\" data-end=\"369\">\u0110\u00e8n Led Bulb Tr\u00f2n Th\u00e2n Nh\u1ef1a Kawaled<\/strong><span class=\"ez-toc-section-end\"><\/span><\/h2><div id=\"ez-toc-container\" class=\"ez-toc-v2_0_69_1 counter-hierarchy ez-toc-counter ez-toc-grey ez-toc-container-direction\">\n<div class=\"ez-toc-title-container\">\n<p class=\"ez-toc-title\" >N\u1ed9i Dung B&agrave;i Vi\u1ebft<\/p>\n<span class=\"ez-toc-title-toggle\"><a href=\"#\" class=\"ez-toc-pull-right ez-toc-btn ez-toc-btn-xs ez-toc-btn-default ez-toc-toggle\" aria-label=\"Toggle Table of Content\"><span class=\"ez-toc-js-icon-con\"><span class=\"\"><span class=\"eztoc-hide\" style=\"display:none;\">Toggle<\/span><span class=\"ez-toc-icon-toggle-span\"><svg style=\"fill: #999;color:#999\" xmlns=\"http:\/\/www.w3.org\/2000\/svg\" class=\"list-377408\" width=\"20px\" height=\"20px\" viewbox=\"0 0 24 24\" fill=\"none\"><path d=\"M6 6H4v2h2V6zm14 0H8v2h12V6zM4 11h2v2H4v-2zm16 0H8v2h12v-2zM4 16h2v2H4v-2zm16 0H8v2h12v-2z\" fill=\"currentColor\"><\/path><\/svg><svg style=\"fill: #999;color:#999\" class=\"arrow-unsorted-368013\" xmlns=\"http:\/\/www.w3.org\/2000\/svg\" width=\"10px\" height=\"10px\" viewbox=\"0 0 24 24\" version=\"1.2\" baseprofile=\"tiny\"><path d=\"M18.2 9.3l-6.2-6.3-6.2 6.3c-.2.2-.3.4-.3.7s.1.5.3.7c.2.2.4.3.7.3h11c.3 0 .5-.1.7-.3.2-.2.3-.5.3-.7s-.1-.5-.3-.7zM5.8 14.7l6.2 6.3 6.2-6.3c.2-.2.3-.5.3-.7s-.1-.5-.3-.7c-.2-.2-.4-.3-.7-.3h-11c-.3 0-.5.1-.7.3-.2.2-.3.5-.3.7s.1.5.3.7z\"\/><\/svg><\/span><\/span><\/span><\/a><\/span><\/div>\n<nav><ul class='ez-toc-list ez-toc-list-level-1 eztoc-toggle-hide-by-default' ><li class='ez-toc-page-1 ez-toc-heading-level-2'><a class=\"ez-toc-link ez-toc-heading-1\" href=\"https:\/\/kawaled.com.vn\/en\/product\/bong-den-led-bulb-tron-led2-a65-12w\/#Den_Led_Bulb_Tron_Than_Nhua_Kawaled\" title=\"\u0110\u00e8n Led Bulb Tr\u00f2n Th\u00e2n Nh\u1ef1a Kawaled\">\u0110\u00e8n Led Bulb Tr\u00f2n Th\u00e2n Nh\u1ef1a Kawaled<\/a><\/li><li class='ez-toc-page-1 ez-toc-heading-level-2'><a class=\"ez-toc-link ez-toc-heading-2\" href=\"https:\/\/kawaled.com.vn\/en\/product\/bong-den-led-bulb-tron-led2-a65-12w\/#Uu_diem_vuot_troi\" title=\"\u01afu \u0111i\u1ec3m v\u01b0\u1ee3t tr\u1ed9i\">\u01afu \u0111i\u1ec3m v\u01b0\u1ee3t tr\u1ed9i<\/a><\/li><li class='ez-toc-page-1 ez-toc-heading-level-2'><a class=\"ez-toc-link ez-toc-heading-3\" href=\"https:\/\/kawaled.com.vn\/en\/product\/bong-den-led-bulb-tron-led2-a65-12w\/#Ung_dung_thuc_te\" title=\"\u1ee8ng d\u1ee5ng th\u1ef1c t\u1ebf\">\u1ee8ng d\u1ee5ng th\u1ef1c t\u1ebf<\/a><\/li><li class='ez-toc-page-1 ez-toc-heading-level-2'><a class=\"ez-toc-link ez-toc-heading-4\" href=\"https:\/\/kawaled.com.vn\/en\/product\/bong-den-led-bulb-tron-led2-a65-12w\/#Chinh_sach_bao_hanh_va_cam_ket_chinh_hang\" title=\"Ch\u00ednh s\u00e1ch b\u1ea3o h\u00e0nh v\u00e0 cam k\u1ebft ch\u00ednh h\u00e3ng\">Ch\u00ednh s\u00e1ch b\u1ea3o h\u00e0nh v\u00e0 cam k\u1ebft ch\u00ednh h\u00e3ng<\/a><\/li><li class='ez-toc-page-1 ez-toc-heading-level-2'><a class=\"ez-toc-link ez-toc-heading-5\" href=\"https:\/\/kawaled.com.vn\/en\/product\/bong-den-led-bulb-tron-led2-a65-12w\/#Ve_thuong_hieu_Kawaled_%E2%80%93_Uy_tin_tu_chat_luong_that\" title=\"V\u1ec1 th\u01b0\u01a1ng hi\u1ec7u Kawaled \u2013 Uy t\u00edn t\u1eeb ch\u1ea5t l\u01b0\u1ee3ng th\u1eadt\">V\u1ec1 th\u01b0\u01a1ng hi\u1ec7u Kawaled \u2013 Uy t\u00edn t\u1eeb ch\u1ea5t l\u01b0\u1ee3ng th\u1eadt<\/a><\/li><\/ul><\/nav><\/div>\n\n<p data-start=\"371\" data-end=\"915\"><span style=\"font-size: 17px;\">B\u00f3ng \u0111\u00e8n LED bulb tr\u00f2n Kawaled l\u00e0 l\u1ef1a ch\u1ecdn l\u00fd t\u01b0\u1edfng cho m\u1ecdi kh\u00f4ng gian s\u1ed1ng v\u00e0 l\u00e0m vi\u1ec7c, nh\u1edd thi\u1ebft k\u1ebf nh\u1ecf g\u1ecdn, \u0111ui \u0111\u00e8n ti\u00eau chu\u1ea9n E27, d\u1ec5 l\u1eafp \u0111\u1eb7t v\u00e0 s\u1eed d\u1ee5ng. S\u1ea3n ph\u1ea9m c\u00f3 nhi\u1ec1u m\u1ee9c c\u00f4ng su\u1ea5t t\u1eeb 3W \u0111\u1ebfn 12W, \u0111\u1eb7c bi\u1ec7t phi\u00ean b\u1ea3n LED2-A65-12W\u00a0 ho\u1ea1t \u0111\u1ed9ng v\u1edbi <strong data-start=\"617\" data-end=\"666\">hi\u1ec7u su\u1ea5t 95%<\/strong>, \u0111\u1ea3m b\u1ea3o \u00e1nh s\u00e1ng m\u1ea1nh m\u1ebd, \u1ed5n \u0111\u1ecbnh.<\/span><\/p>\n<figure id=\"attachment_23946\" aria-describedby=\"caption-attachment-23946\" style=\"width: 560px\" class=\"wp-caption aligncenter\"><img decoding=\"async\" class=\"wp-image-23946\" src=\"https:\/\/kawaled.com.vn\/wp-content\/uploads\/2022\/11\/LED2-A65-12W_2.jpg\" alt=\" B\u00f3ng \u0111\u00e8n led bulb Kawaled 12W k\u00e8m h\u1ed9p s\u1ea3n ph\u1ea9m\" width=\"560\" height=\"560\" \/><figcaption id=\"caption-attachment-23946\" class=\"wp-caption-text\">\u0110\u00e8n led 12w v\u1edbi thi\u1ebft k\u1ebf th\u00e2n nh\u1ef1a sang tr\u1ecdng, \u00e1nh s\u00e1ng \u1ed5n \u0111\u1ecbnh, ti\u1ebft ki\u1ec7m \u0111i\u1ec7n<\/figcaption><\/figure>\n<figure id=\"attachment_23960\" aria-describedby=\"caption-attachment-23960\" style=\"width: 560px\" class=\"wp-caption aligncenter\"><img decoding=\"async\" class=\"wp-image-23960\" src=\"https:\/\/kawaled.com.vn\/wp-content\/uploads\/2022\/11\/AS.png\" alt=\"B\u00f3ng \u0111\u00e8n led bulb chi\u1ebfu s\u00e1ng r\u00f5 n\u00e9t, c\u00f4ng su\u1ea5t 95%\" width=\"560\" height=\"560\" \/><figcaption id=\"caption-attachment-23960\" class=\"wp-caption-text\">H\u00ecnh \u1ea3nh so s\u00e1nh m\u00e0u \u00e1nh s\u00e1ng th\u1ef1c t\u1ebf<\/figcaption><\/figure>\n<p data-start=\"371\" data-end=\"915\"><br data-start=\"702\" data-end=\"705\" \/><span style=\"font-size: 17px;\">Hai m\u00e0u \u00e1nh s\u00e1ng tr\u1eafng (6000K) v\u00e0 v\u00e0ng (3000K) cho ph\u00e9p ng\u01b0\u1eddi d\u00f9ng l\u1ef1a ch\u1ecdn ph\u00f9 h\u1ee3p v\u1edbi t\u1eebng kh\u00f4ng gian. V\u1edbi tu\u1ed5i th\u1ecd l\u00ean \u0111\u1ebfn 20.000 gi\u1edd, b\u00f3ng \u0111\u00e8n LED tr\u00f2n gi\u00fap ti\u1ebft ki\u1ec7m \u0111\u00e1ng k\u1ec3 chi ph\u00ed thay th\u1ebf trong d\u00e0i h\u1ea1n.<\/span><\/p>\n<h2 data-start=\"922\" data-end=\"950\"><span class=\"ez-toc-section\" id=\"Uu_diem_vuot_troi\"><\/span><strong data-start=\"926\" data-end=\"950\">\u01afu \u0111i\u1ec3m v\u01b0\u1ee3t tr\u1ed9i<\/strong><span class=\"ez-toc-section-end\"><\/span><\/h2>\n<ul data-start=\"952\" data-end=\"1736\">\n<li data-start=\"952\" data-end=\"1097\">\n<p data-start=\"954\" data-end=\"1097\"><span style=\"font-size: 17px;\"><strong data-start=\"954\" data-end=\"997\">Thi\u1ebft k\u1ebf t\u1ed1i \u01b0u, \u00e1nh s\u00e1ng ph\u00e2n b\u1ed1 r\u1ed9ng:<\/strong> Ki\u1ec3u d\u00e1ng bo tr\u00f2n \u0111\u1eb9p m\u1eaft v\u1edbi g\u00f3c chi\u1ebfu s\u00e1ng 180\u00b0, th\u00e2n nh\u1ef1a k\u1ebft h\u1ee3p l\u00f5i nh\u00f4m t\u1ea3n nhi\u1ec7t hi\u1ec7u qu\u1ea3.<\/span><\/p>\n<\/li>\n<li data-start=\"1098\" data-end=\"1213\">\n<p data-start=\"1100\" data-end=\"1213\"><span style=\"font-size: 17px;\"><strong data-start=\"1100\" data-end=\"1132\">Ch\u1ec9 s\u1ed1 ho\u00e0n m\u00e0u cao (Ra=85):<\/strong> Gi\u00fap t\u00e1i hi\u1ec7n m\u00e0u s\u1eafc ch\u00e2n th\u1ef1c, kh\u00f4ng gian s\u1ed1ng sinh \u0111\u1ed9ng v\u00e0 d\u1ec5 ch\u1ecbu cho m\u1eaft.<\/span><\/p>\n<\/li>\n<li data-start=\"1214\" data-end=\"1319\">\n<p data-start=\"1216\" data-end=\"1319\"><span style=\"font-size: 17px;\"><strong data-start=\"1216\" data-end=\"1241\">Chip LED SMD cao c\u1ea5p:<\/strong> Cho \u0111\u1ed9 s\u00e1ng v\u01b0\u1ee3t tr\u1ed9i, ti\u1ebft ki\u1ec7m \u0111\u1ebfn 60% \u0111i\u1ec7n n\u0103ng so v\u1edbi b\u00f3ng hu\u1ef3nh quang.<\/span><\/p>\n<\/li>\n<li data-start=\"1320\" data-end=\"1462\">\n<p data-start=\"1322\" data-end=\"1462\"><span style=\"font-size: 17px;\"><strong data-start=\"1322\" data-end=\"1356\">B\u1ed9 ngu\u1ed3n xung c\u00e1ch ly an to\u00e0n:<\/strong> Ho\u1ea1t \u0111\u1ed9ng \u1ed5n \u0111\u1ecbnh trong d\u1ea3i \u0111i\u1ec7n \u00e1p r\u1ed9ng t\u1eeb 165V \u0111\u1ebfn 265V \u2013 l\u00fd t\u01b0\u1edfng v\u1edbi khu v\u1ef1c \u0111i\u1ec7n \u00e1p kh\u00f4ng \u1ed5n \u0111\u1ecbnh.<\/span><\/p>\n<\/li>\n<li data-start=\"1463\" data-end=\"1592\">\n<p data-start=\"1465\" data-end=\"1592\"><span style=\"font-size: 17px;\"><strong data-start=\"1465\" data-end=\"1499\">\u0110\u1ed9 b\u1ec1n cao, ti\u1ebft ki\u1ec7m chi ph\u00ed:<\/strong> Tu\u1ed5i th\u1ecd 20.000 gi\u1edd, \u0111\u1ed9 b\u1ec1n l\u00ean \u0111\u1ebfn 5 n\u0103m s\u1eed d\u1ee5ng, h\u1ea1n ch\u1ebf h\u1ecfng h\u00f3c, gi\u1ea3m chi ph\u00ed b\u1ea3o tr\u00ec.<\/span><\/p>\n<\/li>\n<li data-start=\"1593\" data-end=\"1736\">\n<p data-start=\"1595\" data-end=\"1736\"><span style=\"font-size: 17px;\"><strong data-start=\"1595\" data-end=\"1635\">C\u00f4ng su\u1ea5t th\u1ef1c 12W \u2013 hi\u1ec7u su\u1ea5t 95%:<\/strong> \u0110\u1ea3m b\u1ea3o \u0111\u1ed9 s\u00e1ng \u0111\u00fang nh\u01b0 c\u00f4ng b\u1ed1, kh\u00f4ng b\u1ecb \u201ckhai kh\u1ed1ng\u201d c\u00f4ng su\u1ea5t nh\u01b0 nhi\u1ec1u s\u1ea3n ph\u1ea9m k\u00e9m ch\u1ea5t l\u01b0\u1ee3ng.<\/span><\/p>\n<\/li>\n<\/ul>\n<figure id=\"attachment_23962\" aria-describedby=\"caption-attachment-23962\" style=\"width: 560px\" class=\"wp-caption aligncenter\"><img decoding=\"async\" class=\"wp-image-23962\" src=\"https:\/\/kawaled.com.vn\/wp-content\/uploads\/2022\/11\/LED2-A65-CS95.jpg\" alt=\"B\u00f3ng \u0111\u00e8n led bulb Kawaled th\u00e2n nh\u1ef1a c\u00f4ng su\u1ea5t 95%\" width=\"560\" height=\"560\" \/><figcaption id=\"caption-attachment-23962\" class=\"wp-caption-text\">\u00c1nh s\u00e1ng \u1ed5n \u0111\u1ecbnh \u2013 C\u00f4ng su\u1ea5t th\u1ef1c t\u1ebf cao \u2013 Tu\u1ed5i th\u1ecd \u0111\u1ebfn 20.000 gi\u1edd<\/figcaption><\/figure>\n<figure id=\"attachment_23949\" aria-describedby=\"caption-attachment-23949\" style=\"width: 560px\" class=\"wp-caption aligncenter\"><img decoding=\"async\" class=\"wp-image-23949\" src=\"https:\/\/kawaled.com.vn\/wp-content\/uploads\/2022\/11\/LED2-A65-RA.jpg\" alt=\"So s\u00e1nh ch\u1ec9 s\u1ed1 ho\u00e0n m\u00e0u Ra&lt;80 v\u00e0 Ra&gt;80 \" width=\"560\" height=\"560\" \/><figcaption id=\"caption-attachment-23949\" class=\"wp-caption-text\">B\u00f3ng \u0111\u00e8n led tr\u00f2n Kawaled c\u00f3 ch\u1ec9 s\u1ed1 Ra&gt;85<\/figcaption><\/figure>\n<h2 data-start=\"1743\" data-end=\"1770\"><\/h2>\n<h2 style=\"text-align: left;\" data-start=\"1743\" data-end=\"1770\"><span class=\"ez-toc-section\" id=\"Ung_dung_thuc_te\"><\/span><strong data-start=\"1747\" data-end=\"1770\">\u1ee8ng d\u1ee5ng th\u1ef1c t\u1ebf<\/strong><span class=\"ez-toc-section-end\"><\/span><\/h2>\n<ul data-start=\"1772\" data-end=\"2163\">\n<li data-start=\"1772\" data-end=\"1903\">\n<p data-start=\"1774\" data-end=\"1903\"><span style=\"font-size: 17px;\"><strong data-start=\"1774\" data-end=\"1805\">Trang tr\u00ed n\u1ed9i &#8211; ngo\u1ea1i th\u1ea5t:<\/strong> \u0110\u00e8n LED trang tr\u00ed cho ph\u00f2ng kh\u00e1ch, ph\u00f2ng ng\u1ee7, nh\u00e0 b\u1ebfp, \u0111\u00e8n b\u00e0n h\u1ecdc, g\u01b0\u01a1ng trang \u0111i\u1ec3m, \u0111\u00e8n c\u1ed5ng\u2026<\/span><\/p>\n<\/li>\n<li data-start=\"1904\" data-end=\"2046\">\n<p data-start=\"1906\" data-end=\"2046\"><span style=\"font-size: 17px;\"><strong data-start=\"1906\" data-end=\"1935\">\u0110\u00e8n trang tr\u00ed ngo\u00e0i tr\u1eddi:<\/strong> S\u1eed d\u1ee5ng trong s\u00e2n v\u01b0\u1eddn, qu\u00e1n caf\u00e9, nh\u00e0 h\u00e0ng, khu ngh\u1ec9 d\u01b0\u1ee1ng v\u1edbi kh\u1ea3 n\u0103ng chi\u1ebfu s\u00e1ng \u0111\u1eb9p m\u1eaft, ti\u1ebft ki\u1ec7m \u0111i\u1ec7n.<\/span><\/p>\n<\/li>\n<li data-start=\"2047\" data-end=\"2163\">\n<p data-start=\"2049\" data-end=\"2163\"><span style=\"font-size: 17px;\"><strong data-start=\"2049\" data-end=\"2082\">Chi\u1ebfu s\u00e1ng trong n\u00f4ng nghi\u1ec7p:<\/strong> Th\u00edch h\u1ee3p cho v\u01b0\u1eddn c\u00e2y, v\u01b0\u1eddn hoa, tr\u1ea1i ch\u0103n nu\u00f4i c\u1ea7n chi\u1ebfu s\u00e1ng \u1ed5n \u0111\u1ecbnh, b\u1ec1n b\u1ec9.<\/span><\/p>\n<\/li>\n<\/ul>\n<figure id=\"attachment_23950\" aria-describedby=\"caption-attachment-23950\" style=\"width: 560px\" class=\"wp-caption aligncenter\"><img decoding=\"async\" class=\"wp-image-23950\" src=\"https:\/\/kawaled.com.vn\/wp-content\/uploads\/2022\/11\/LED2-A65-UD.jpg\" alt=\"B\u00e0n trang \u0111i\u1ec3m l\u1eafp \u0111\u00e8n led bulb tr\u00f2n \u00e1nh s\u00e1ng \u0111\u1ec1u\" width=\"560\" height=\"560\" \/><figcaption id=\"caption-attachment-23950\" class=\"wp-caption-text\">\u0110\u00e8n led tr\u00f2n v\u1edbi \u00e1nh s\u00e1ng d\u1ecbu nh\u1eb9, kh\u00f4ng l\u00f3a \u2013 ph\u00f9 h\u1ee3p cho b\u00e0n makeup, l\u00e0m \u0111\u1eb9p<\/figcaption><\/figure>\n<figure id=\"attachment_23951\" aria-describedby=\"caption-attachment-23951\" style=\"width: 560px\" class=\"wp-caption aligncenter\"><img decoding=\"async\" class=\"wp-image-23951\" src=\"https:\/\/kawaled.com.vn\/wp-content\/uploads\/2022\/11\/LED2-A65-UD2.jpg\" alt=\"\u0110\u00e8n led bulb \u0111\u01b0\u1ee3c s\u1eed d\u1ee5ng trong ph\u00f2ng kh\u00e1ch, b\u1ebfp, ng\u1ee7 v\u00e0 h\u00e0nh lang\" width=\"560\" height=\"560\" \/><figcaption id=\"caption-attachment-23951\" class=\"wp-caption-text\">Chi\u1ebfu s\u00e1ng hi\u1ec7u qu\u1ea3 t\u1eeb ph\u00f2ng kh\u00e1ch \u0111\u1ebfn ph\u00f2ng ng\u1ee7<\/figcaption><\/figure>\n<figure id=\"attachment_23952\" aria-describedby=\"caption-attachment-23952\" style=\"width: 560px\" class=\"wp-caption aligncenter\"><img decoding=\"async\" class=\"wp-image-23952\" src=\"https:\/\/kawaled.com.vn\/wp-content\/uploads\/2022\/11\/LED2-A65-UD3-1.jpg\" alt=\" B\u00f3ng \u0111\u00e8n LED bulb d\u00f9ng cho qu\u00e1n cafe, s\u00e2n v\u01b0\u1eddn, v\u01b0\u1eddn hoa v\u00e0 tr\u1ea1i g\u00e0\" width=\"560\" height=\"560\" \/><figcaption id=\"caption-attachment-23952\" class=\"wp-caption-text\">Th\u1eafp s\u00e1ng kh\u00f4ng gian m\u1edf v\u00e0 khu v\u1ef1c s\u1ea3n xu\u1ea5t hi\u1ec7u qu\u1ea3<\/figcaption><\/figure>\n<h2 data-start=\"2170\" data-end=\"2222\"><span class=\"ez-toc-section\" id=\"Chinh_sach_bao_hanh_va_cam_ket_chinh_hang\"><\/span><strong data-start=\"2174\" data-end=\"2222\">Ch\u00ednh s\u00e1ch b\u1ea3o h\u00e0nh v\u00e0 cam k\u1ebft ch\u00ednh h\u00e3ng<\/strong><span class=\"ez-toc-section-end\"><\/span><\/h2>\n<p data-start=\"2170\" data-end=\"2222\"><span style=\"font-size: 17px;\">To\u00e0n b\u1ed9 s\u1ea3n ph\u1ea9m <strong data-start=\"2241\" data-end=\"2270\">b\u00f3ng \u0111\u00e8n LED tr\u00f2n Kawaled<\/strong> \u0111\u1ec1u \u0111\u01b0\u1ee3c <strong data-start=\"2280\" data-end=\"2309\">b\u1ea3o h\u00e0nh ch\u00ednh h\u00e3ng 2 n\u0103m<\/strong>, \u00e1p d\u1ee5ng t\u1ea1i c\u00e1c trung t\u00e2m \u1edf <strong data-start=\"2339\" data-end=\"2368\">TP.HCM \u2013 H\u00e0 N\u1ed9i \u2013 \u0110\u00e0 N\u1eb5ng<\/strong>.<\/span><br data-start=\"2369\" data-end=\"2372\" \/><span style=\"font-size: 17px;\"><strong>Cam k\u1ebft:<\/strong><\/span><\/p>\n<ul data-start=\"2381\" data-end=\"2626\">\n<li data-start=\"2381\" data-end=\"2479\">\n<p data-start=\"2383\" data-end=\"2479\"><span style=\"font-size: 17px;\">S\u1ea3n ph\u1ea9m \u0111\u1ea1t \u0111\u1ee7 ti\u00eau chu\u1ea9n ch\u1ea5t l\u01b0\u1ee3ng, s\u1eed d\u1ee5ng linh ki\u1ec7n ch\u1ecdn l\u1ecdc t\u1eeb \u0110\u00e0i Loan, H\u00e0n Qu\u1ed1c v\u00e0 M\u1ef9.<\/span><\/p>\n<\/li>\n<li data-start=\"2480\" data-end=\"2543\">\n<p data-start=\"2482\" data-end=\"2543\"><span style=\"font-size: 17px;\">S\u1ea3n xu\u1ea5t tr\u00ean d\u00e2y chuy\u1ec1n hi\u1ec7n \u0111\u1ea1i, \u0111\u01b0\u1ee3c ki\u1ec3m \u0111\u1ecbnh k\u1ef9 l\u01b0\u1ee1ng.<\/span><\/p>\n<\/li>\n<li data-start=\"2544\" data-end=\"2626\">\n<p data-start=\"2546\" data-end=\"2626\"><span style=\"font-size: 17px;\">Kh\u00f4ng b\u00e1n h\u00e0ng gi\u1ea3, h\u00e0ng nh\u00e1i. Kh\u00e1ch h\u00e0ng lu\u00f4n \u0111\u01b0\u1ee3c h\u1ed7 tr\u1ee3 nhanh ch\u00f3ng, r\u00f5 r\u00e0ng.<\/span><\/p>\n<\/li>\n<\/ul>\n<figure id=\"attachment_23961\" aria-describedby=\"caption-attachment-23961\" style=\"width: 560px\" class=\"wp-caption aligncenter\"><img decoding=\"async\" class=\"wp-image-23961\" src=\"https:\/\/kawaled.com.vn\/wp-content\/uploads\/2022\/11\/LED2-A65-12W-1.png\" alt=\"B\u00f3ng \u0111\u00e8n led bulb Kawaled 12W ch\u00ednh h\u00e3ng \u2013 b\u1ea3o h\u00e0nh 2 n\u0103m\" width=\"560\" height=\"560\" \/><figcaption id=\"caption-attachment-23961\" class=\"wp-caption-text\">B\u1ea3o h\u00e0nh 2 n\u0103m, gi\u00e1 \u0111\u00e3 g\u1ed3m VAT<\/figcaption><\/figure>\n<h2 data-start=\"2633\" data-end=\"2694\"><span class=\"ez-toc-section\" id=\"Ve_thuong_hieu_Kawaled_%E2%80%93_Uy_tin_tu_chat_luong_that\"><\/span><strong data-start=\"2637\" data-end=\"2694\">V\u1ec1 th\u01b0\u01a1ng hi\u1ec7u Kawaled \u2013 Uy t\u00edn t\u1eeb ch\u1ea5t l\u01b0\u1ee3ng th\u1eadt<\/strong><span class=\"ez-toc-section-end\"><\/span><\/h2>\n<p data-start=\"2696\" data-end=\"3019\"><span style=\"font-size: 17px;\">Kawaled l\u00e0 th\u01b0\u01a1ng hi\u1ec7u chi\u1ebfu s\u00e1ng cao c\u1ea5p tr\u1ef1c thu\u1ed9c <strong data-start=\"2749\" data-end=\"2840\">Kawasan \u2013 doanh nghi\u1ec7p s\u1ea3n xu\u1ea5t v\u00e0 ph\u00e2n ph\u1ed1i thi\u1ebft b\u1ecb \u0111i\u1ec7n th\u00f4ng minh h\u00e0ng \u0111\u1ea7u Vi\u1ec7t Nam<\/strong>.<\/span><br data-start=\"2841\" data-end=\"2844\" \/><span style=\"font-size: 17px;\">Ch\u00fang t\u00f4i kh\u00f4ng ch\u1ec9 cung c\u1ea5p b\u00f3ng \u0111\u00e8n LED ch\u1ea5t l\u01b0\u1ee3ng, m\u00e0 c\u00f2n mang \u0111\u1ebfn gi\u1ea3i ph\u00e1p ti\u1ebft ki\u1ec7m \u0111i\u1ec7n, an to\u00e0n v\u00e0 ti\u1ec7n nghi cho h\u00e0ng tri\u1ec7u h\u1ed9 gia \u0111\u00ecnh v\u00e0 doanh nghi\u1ec7p tr\u00ean to\u00e0n qu\u1ed1c.<\/span><\/p>\n<p data-start=\"3056\" data-end=\"3244\"><span style=\"font-size: 17px;\">B\u1ea1n \u0111ang c\u1ea7n m\u1ed9t chi\u1ebfc <strong data-start=\"3079\" data-end=\"3100\">b\u00f3ng \u0111\u00e8n LED tr\u00f2n<\/strong> b\u1ec1n, s\u00e1ng m\u1ea1nh, ti\u1ebft ki\u1ec7m \u0111i\u1ec7n v\u00e0 c\u00f3 gi\u00e1 c\u1ea3 h\u1ee3p l\u00fd?<\/span><br data-start=\"3152\" data-end=\"3155\" \/><span style=\"font-size: 17px;\">\ud83d\udc49 H\u00e3y ch\u1ecdn ngay <strong data-start=\"3172\" data-end=\"3196\">Kawaled LED2-A65-12W<\/strong> \u2013 \u00e1nh s\u00e1ng ch\u1ea5t l\u01b0\u1ee3ng, gi\u00e1 tr\u1ecb v\u01b0\u1ee3t mong \u0111\u1ee3i!<\/span><\/p>\n<p data-start=\"3552\" data-end=\"3644\"><span style=\"font-size: 17px;\"><strong data-start=\"3552\" data-end=\"3584\">\u00a0T\u1ed5ng \u0111\u00e0i t\u01b0 v\u1ea5n mi\u1ec5n ph\u00ed:<\/strong> 1800 0058<\/span><br data-start=\"3594\" data-end=\"3597\" \/><span style=\"font-size: 17px;\"><strong data-start=\"3597\" data-end=\"3612\">\ud83d\udcf1 Hotline:<\/strong> 0825411408<\/span><br data-start=\"3624\" data-end=\"3627\" \/><span style=\"font-size: 17px;\"><strong data-start=\"3627\" data-end=\"3642\">\ud83c\udf10 Website: <\/strong><\/span><span style=\"font-size: 17px;\"><a class=\"\" href=\"https:\/\/www.kawaled.com.vn\" target=\"_new\" rel=\"noopener\" data-start=\"3692\" data-end=\"3740\">www.kawaled.com.vn<\/a><\/span><\/p>\n<p>&gt; Xem th\u00eam c\u00e1c s\u1ea3n ph\u1ea9m \u0111i\u1ec7n th\u00f4ng minh t\u1ea1i: <span style=\"font-size: 17px;\"><a class=\"\" href=\"https:\/\/www.kawasan.vn\" target=\"_new\" rel=\"noopener\" data-start=\"3647\" data-end=\"3687\">www.kawasan.vn<\/a><\/span><\/p>","protected":false},"excerpt":{"rendered":"<p>\u0110\u00e8n Led Bulb Tr\u00f2n Th\u00e2n Nh\u1ef1a Kawaled B\u00f3ng \u0111\u00e8n LED bulb tr\u00f2n Kawaled l\u00e0 l\u1ef1a ch\u1ecdn l\u00fd t\u01b0\u1edfng cho m\u1ecdi kh\u00f4ng gian s\u1ed1ng v\u00e0 l\u00e0m vi\u1ec7c, nh\u1edd thi\u1ebft k\u1ebf nh\u1ecf g\u1ecdn, \u0111ui \u0111\u00e8n ti\u00eau chu\u1ea9n E27, d\u1ec5 l\u1eafp \u0111\u1eb7t v\u00e0 s\u1eed d\u1ee5ng. S\u1ea3n ph\u1ea9m c\u00f3 nhi\u1ec1u m\u1ee9c c\u00f4ng su\u1ea5t t\u1eeb 3W \u0111\u1ebfn 12W, \u0111\u1eb7c bi\u1ec7t [&hellip;]<\/p>","protected":false},"featured_media":23961,"comment_status":"open","ping_status":"closed","template":"","meta":{"rank_math_description":"B\u00f3ng \u0111\u00e8n LED bulb tr\u00f2n Kawaled 12W \u2013 S\u00e1ng m\u1ea1nh, b\u1ec1n 20.000 gi\u1edd, ti\u1ebft ki\u1ec7m 80% \u0111i\u1ec7n. Thi\u1ebft k\u1ebf nh\u1ecf g\u1ecdn, \u00e1nh s\u00e1ng \u00eam d\u1ecbu, b\u1ea3o h\u00e0nh 2 n\u0103m.","rank_math_focus_keyword":"b\u00f3ng \u0111\u00e8n led bulb,\u0111\u00e8n led 12w,\u0111\u00e8n led tr\u00f2n,\u0111\u00e8n led trang tr\u00ed,\u0111\u00e8n trang tr\u00ed ngo\u00e0i tr\u1eddi","rank_math_secondary_keywords":""},"product_cat":[1756,1757],"product_tag":[2646,2647,1861,2668,2663,2655,2666,2662,1781,2664,1944,2654,1897],"class_list":["post-21660","product","type-product","status-publish","has-post-thumbnail","hentry","product_cat-den-led-bulb","product_cat-den-led-bulb-tron","product_tag-bong-den","product_tag-bong-den-led","product_tag-bong-den-led-tron","product_tag-bong-den-thong-minh","product_tag-bong-den-tron","product_tag-bong-led","product_tag-bong-led-tron","product_tag-den-led-bulb","product_tag-den-led-tron","product_tag-gia-bong-den-led","product_tag-kawaled","product_tag-led-bong","product_tag-led-bulb-tron"],"acf":[],"_links":{"self":[{"href":"https:\/\/kawaled.com.vn\/en\/wp-json\/wp\/v2\/product\/21660","targetHints":{"allow":["GET"]}}],"collection":[{"href":"https:\/\/kawaled.com.vn\/en\/wp-json\/wp\/v2\/product"}],"about":[{"href":"https:\/\/kawaled.com.vn\/en\/wp-json\/wp\/v2\/types\/product"}],"replies":[{"embeddable":true,"href":"https:\/\/kawaled.com.vn\/en\/wp-json\/wp\/v2\/comments?post=21660"}],"version-history":[{"count":0,"href":"https:\/\/kawaled.com.vn\/en\/wp-json\/wp\/v2\/product\/21660\/revisions"}],"wp:featuredmedia":[{"embeddable":true,"href":"https:\/\/kawaled.com.vn\/en\/wp-json\/wp\/v2\/media\/23961"}],"wp:attachment":[{"href":"https:\/\/kawaled.com.vn\/en\/wp-json\/wp\/v2\/media?parent=21660"}],"wp:term":[{"taxonomy":"product_cat","embeddable":true,"href":"https:\/\/kawaled.com.vn\/en\/wp-json\/wp\/v2\/product_cat?post=21660"},{"taxonomy":"product_tag","embeddable":true,"href":"https:\/\/kawaled.com.vn\/en\/wp-json\/wp\/v2\/product_tag?post=21660"}],"curies":[{"name":"wp","href":"https:\/\/api.w.org\/{rel}","templated":true}]}}