{"id":21459,"date":"2021-11-13T14:13:27","date_gmt":"2021-11-13T07:13:27","guid":{"rendered":"https:\/\/kawaled.123websitedev.com\/san-pham\/ben-led-ban-nguyet-vuong-bnv-60w\/"},"modified":"2026-03-26T14:04:28","modified_gmt":"2026-03-26T07:04:28","slug":"den-led-ban-nguyet-vuong-bnv-60w","status":"publish","type":"product","link":"https:\/\/kawaled.com.vn\/en\/product\/den-led-ban-nguyet-vuong-bnv-60w\/","title":{"rendered":"\u0110\u00c8N LED B\u00c1N NGUY\u1ec6T \u0110\u1ea6U VU\u00d4NG BNV-1.2M-60W"},"content":{"rendered":"<h2><span class=\"ez-toc-section\" id=\"Gioi_Thieu\"><\/span><span style=\"font-size: 24px;\">Gi\u1edbi Thi\u1ec7u<\/span><span class=\"ez-toc-section-end\"><\/span><\/h2><div id=\"ez-toc-container\" class=\"ez-toc-v2_0_69_1 counter-hierarchy ez-toc-counter ez-toc-grey ez-toc-container-direction\">\n<div class=\"ez-toc-title-container\">\n<p class=\"ez-toc-title\" >N\u1ed9i Dung B&agrave;i Vi\u1ebft<\/p>\n<span class=\"ez-toc-title-toggle\"><a href=\"#\" class=\"ez-toc-pull-right ez-toc-btn ez-toc-btn-xs ez-toc-btn-default ez-toc-toggle\" aria-label=\"Toggle Table of Content\"><span class=\"ez-toc-js-icon-con\"><span class=\"\"><span class=\"eztoc-hide\" style=\"display:none;\">Toggle<\/span><span class=\"ez-toc-icon-toggle-span\"><svg style=\"fill: #999;color:#999\" xmlns=\"http:\/\/www.w3.org\/2000\/svg\" class=\"list-377408\" width=\"20px\" height=\"20px\" viewbox=\"0 0 24 24\" fill=\"none\"><path d=\"M6 6H4v2h2V6zm14 0H8v2h12V6zM4 11h2v2H4v-2zm16 0H8v2h12v-2zM4 16h2v2H4v-2zm16 0H8v2h12v-2z\" fill=\"currentColor\"><\/path><\/svg><svg style=\"fill: #999;color:#999\" class=\"arrow-unsorted-368013\" xmlns=\"http:\/\/www.w3.org\/2000\/svg\" width=\"10px\" height=\"10px\" viewbox=\"0 0 24 24\" version=\"1.2\" baseprofile=\"tiny\"><path d=\"M18.2 9.3l-6.2-6.3-6.2 6.3c-.2.2-.3.4-.3.7s.1.5.3.7c.2.2.4.3.7.3h11c.3 0 .5-.1.7-.3.2-.2.3-.5.3-.7s-.1-.5-.3-.7zM5.8 14.7l6.2 6.3 6.2-6.3c.2-.2.3-.5.3-.7s-.1-.5-.3-.7c-.2-.2-.4-.3-.7-.3h-11c-.3 0-.5.1-.7.3-.2.2-.3.5-.3.7s.1.5.3.7z\"\/><\/svg><\/span><\/span><\/span><\/a><\/span><\/div>\n<nav><ul class='ez-toc-list ez-toc-list-level-1 eztoc-toggle-hide-by-default' ><li class='ez-toc-page-1 ez-toc-heading-level-2'><a class=\"ez-toc-link ez-toc-heading-1\" href=\"https:\/\/kawaled.com.vn\/en\/product\/den-led-ban-nguyet-vuong-bnv-60w\/#Gioi_Thieu\" title=\"Gi\u1edbi Thi\u1ec7u\">Gi\u1edbi Thi\u1ec7u<\/a><\/li><li class='ez-toc-page-1 ez-toc-heading-level-2'><a class=\"ez-toc-link ez-toc-heading-2\" href=\"https:\/\/kawaled.com.vn\/en\/product\/den-led-ban-nguyet-vuong-bnv-60w\/#Ung_Dung_Cua_Den_Ban_Nguyet_Vuong\" title=\"\u1ee8ng D\u1ee5ng C\u1ee7a \u0110\u00e8n B\u00e1n Nguy\u1ec7t Vu\u00f4ng\">\u1ee8ng D\u1ee5ng C\u1ee7a \u0110\u00e8n B\u00e1n Nguy\u1ec7t Vu\u00f4ng<\/a><ul class='ez-toc-list-level-3' ><li class='ez-toc-heading-level-3'><a class=\"ez-toc-link ez-toc-heading-3\" href=\"https:\/\/kawaled.com.vn\/en\/product\/den-led-ban-nguyet-vuong-bnv-60w\/#1_Van_Phong_Va_Showroom\" title=\"1. V\u0103n Ph\u00f2ng V\u00e0 Showroom\">1. V\u0103n Ph\u00f2ng V\u00e0 Showroom<\/a><\/li><li class='ez-toc-page-1 ez-toc-heading-level-3'><a class=\"ez-toc-link ez-toc-heading-4\" href=\"https:\/\/kawaled.com.vn\/en\/product\/den-led-ban-nguyet-vuong-bnv-60w\/#2_Nha_O_Can_Ho_Va_Biet_Thu\" title=\"2. Nh\u00e0 \u1ede, C\u0103n H\u1ed9 V\u00e0 Bi\u1ec7t Th\u1ef1\">2. Nh\u00e0 \u1ede, C\u0103n H\u1ed9 V\u00e0 Bi\u1ec7t Th\u1ef1<\/a><\/li><li class='ez-toc-page-1 ez-toc-heading-level-3'><a class=\"ez-toc-link ez-toc-heading-5\" href=\"https:\/\/kawaled.com.vn\/en\/product\/den-led-ban-nguyet-vuong-bnv-60w\/#3_Benh_Vien_Va_Co_So_Y_Te\" title=\"3. B\u1ec7nh Vi\u1ec7n V\u00e0 C\u01a1 S\u1edf Y T\u1ebf\">3. B\u1ec7nh Vi\u1ec7n V\u00e0 C\u01a1 S\u1edf Y T\u1ebf<\/a><\/li><li class='ez-toc-page-1 ez-toc-heading-level-3'><a class=\"ez-toc-link ez-toc-heading-6\" href=\"https:\/\/kawaled.com.vn\/en\/product\/den-led-ban-nguyet-vuong-bnv-60w\/#4_Kho_Hang_Va_Nha_Xuong\" title=\"4. Kho H\u00e0ng V\u00e0 Nh\u00e0 X\u01b0\u1edfng\">4. Kho H\u00e0ng V\u00e0 Nh\u00e0 X\u01b0\u1edfng<\/a><\/li><\/ul><\/li><li class='ez-toc-page-1 ez-toc-heading-level-2'><a class=\"ez-toc-link ez-toc-heading-7\" href=\"https:\/\/kawaled.com.vn\/en\/product\/den-led-ban-nguyet-vuong-bnv-60w\/#Loi_Ich_Khi_Su_Dung_Den_Ban_Nguyet_Vuong\" title=\"L\u1ee3i \u00cdch Khi S\u1eed D\u1ee5ng \u0110\u00e8n B\u00e1n Nguy\u1ec7t Vu\u00f4ng\">L\u1ee3i \u00cdch Khi S\u1eed D\u1ee5ng \u0110\u00e8n B\u00e1n Nguy\u1ec7t Vu\u00f4ng<\/a><ul class='ez-toc-list-level-3' ><li class='ez-toc-heading-level-3'><a class=\"ez-toc-link ez-toc-heading-8\" href=\"https:\/\/kawaled.com.vn\/en\/product\/den-led-ban-nguyet-vuong-bnv-60w\/#1_Tiet_Kiem_Dien_Nang\" title=\"1. Ti\u1ebft Ki\u1ec7m \u0110i\u1ec7n N\u0103ng\">1. Ti\u1ebft Ki\u1ec7m \u0110i\u1ec7n N\u0103ng<\/a><\/li><li class='ez-toc-page-1 ez-toc-heading-level-3'><a class=\"ez-toc-link ez-toc-heading-9\" href=\"https:\/\/kawaled.com.vn\/en\/product\/den-led-ban-nguyet-vuong-bnv-60w\/#2_Than_Thien_Voi_Moi_Truong\" title=\"2. Th\u00e2n Thi\u1ec7n V\u1edbi M\u00f4i Tr\u01b0\u1eddng\">2. Th\u00e2n Thi\u1ec7n V\u1edbi M\u00f4i Tr\u01b0\u1eddng<\/a><\/li><li class='ez-toc-page-1 ez-toc-heading-level-3'><a class=\"ez-toc-link ez-toc-heading-10\" href=\"https:\/\/kawaled.com.vn\/en\/product\/den-led-ban-nguyet-vuong-bnv-60w\/#3_Tuoi_Tho_Cao\" title=\"3. Tu\u1ed5i Th\u1ecd Cao\">3. Tu\u1ed5i Th\u1ecd Cao<\/a><\/li><li class='ez-toc-page-1 ez-toc-heading-level-3'><a class=\"ez-toc-link ez-toc-heading-11\" href=\"https:\/\/kawaled.com.vn\/en\/product\/den-led-ban-nguyet-vuong-bnv-60w\/#4_An_Toan_Va_Do_Ben_Cao\" title=\"4. An To\u00e0n V\u00e0 \u0110\u1ed9 B\u1ec1n Cao\">4. An To\u00e0n V\u00e0 \u0110\u1ed9 B\u1ec1n Cao<\/a><\/li><li class='ez-toc-page-1 ez-toc-heading-level-3'><a class=\"ez-toc-link ez-toc-heading-12\" href=\"https:\/\/kawaled.com.vn\/en\/product\/den-led-ban-nguyet-vuong-bnv-60w\/#5_Anh_Sang_An_Toan_Cho_Mat\" title=\"5. \u00c1nh S\u00e1ng An To\u00e0n Cho M\u1eaft\">5. \u00c1nh S\u00e1ng An To\u00e0n Cho M\u1eaft<\/a><\/li><\/ul><\/li><li class='ez-toc-page-1 ez-toc-heading-level-2'><a class=\"ez-toc-link ez-toc-heading-13\" href=\"https:\/\/kawaled.com.vn\/en\/product\/den-led-ban-nguyet-vuong-bnv-60w\/#THONG_SO_KY_THUAT_Den_ban_nguyet_vuong_BNV-12M-60W\" title=\"TH\u00d4NG S\u1ed0 K\u1ef8 THU\u1eacT: \u0110\u00e8n b\u00e1n nguy\u1ec7t vu\u00f4ng BNV-1.2M-60W\">TH\u00d4NG S\u1ed0 K\u1ef8 THU\u1eacT: \u0110\u00e8n b\u00e1n nguy\u1ec7t vu\u00f4ng BNV-1.2M-60W<\/a><\/li><\/ul><\/nav><\/div>\n\n<p><span style=\"font-size: 17px;\">Trong th\u1eddi \u0111\u1ea1i c\u00f4ng ngh\u1ec7 hi\u1ec7n nay, nhu c\u1ea7u chi\u1ebfu s\u00e1ng kh\u00f4ng ch\u1ec9 d\u1eebng l\u1ea1i \u1edf vi\u1ec7c cung c\u1ea5p \u00e1nh s\u00e1ng m\u00e0 c\u00f2n ph\u1ea3i \u0111\u1ea3m b\u1ea3o t\u00ednh th\u1ea9m m\u1ef9, ti\u1ebft ki\u1ec7m n\u0103ng l\u01b0\u1ee3ng v\u00e0 an to\u00e0n cho s\u1ee9c kh\u1ecfe. <strong>\u0110\u00e8n LED b\u00e1n nguy\u1ec7t vu\u00f4ng BNV-1.2M-60W.<\/strong> L\u00e0 d\u00f2ng s\u1ea3n ph\u1ea9m \u0111\u01b0\u1ee3c thi\u1ebft k\u1ebf \u0111\u1eb7c bi\u1ec7t \u0111\u1ec3 \u0111\u00e1p \u1ee9ng c\u00e1c y\u00eau c\u1ea7u n\u00e0y. V\u1edbi nh\u1eefng t\u00ednh n\u0103ng \u01b0u vi\u1ec7t, \u0111\u00e2y l\u00e0 gi\u1ea3i ph\u00e1p chi\u1ebfu s\u00e1ng l\u00fd t\u01b0\u1edfng cho nhi\u1ec1u kh\u00f4ng gian kh\u00e1c nhau, t\u1eeb nh\u00e0 \u1edf, v\u0103n ph\u00f2ng, \u0111\u1ebfn showroom hay nh\u00e0 x\u01b0\u1edfng.<\/span><\/p>\n<p><span style=\"font-size: 17px;\">Trong b\u00e0i vi\u1ebft n\u00e0y, ch\u00fang ta s\u1ebd c\u00f9ng t\u00ecm hi\u1ec3u chi ti\u1ebft v\u1ec1 \u1ee9ng d\u1ee5ng, l\u1ee3i \u00edch v\u00e0 l\u00fd do v\u00ec sao \u0111\u00e8n b\u00e1n nguy\u1ec7t vu\u00f4ng l\u00e0 s\u1ef1 l\u1ef1a ch\u1ecdn h\u00e0ng \u0111\u1ea7u cho m\u1ecdi kh\u00f4ng gian.<\/span><\/p>\n<figure id=\"attachment_25321\" aria-describedby=\"caption-attachment-25321\" style=\"width: 560px\" class=\"wp-caption aligncenter\"><img decoding=\"async\" class=\"wp-image-25321\" src=\"https:\/\/kawaled.com.vn\/wp-content\/uploads\/2021\/11\/so-sanh-den-led-ban-nguyet-30w-60w-kawaled-bnv.webp\" alt=\"So s\u00e1nh \u0111\u00e8n LED b\u00e1n nguy\u1ec7t Kawaled 30W v\u00e0 60W \u0111\u1ea7u vu\u00f4ng\" width=\"560\" height=\"560\" \/><figcaption id=\"caption-attachment-25321\" class=\"wp-caption-text\">Hai m\u1eabu \u0111\u00e8n LED b\u00e1n nguy\u1ec7t \u0111\u1ea7u vu\u00f4ng c\u00f4ng su\u1ea5t 30W v\u00e0 60W c\u1ee7a Kawaled<\/figcaption><\/figure>\n<h2><span class=\"ez-toc-section\" id=\"Ung_Dung_Cua_Den_Ban_Nguyet_Vuong\"><\/span><span style=\"font-size: 24px;\">\u1ee8ng D\u1ee5ng C\u1ee7a \u0110\u00e8n B\u00e1n Nguy\u1ec7t Vu\u00f4ng<\/span><span class=\"ez-toc-section-end\"><\/span><\/h2>\n<p><span style=\"font-size: 17px;\">\u0110\u00e8n b\u00e1n nguy\u1ec7t vu\u00f4ng \u0111\u01b0\u1ee3c thi\u1ebft k\u1ebf \u0111a n\u0103ng v\u00e0 ph\u00f9 h\u1ee3p v\u1edbi nhi\u1ec1u m\u00f4i tr\u01b0\u1eddng chi\u1ebfu s\u00e1ng kh\u00e1c nhau, mang l\u1ea1i s\u1ef1 ti\u1ec7n l\u1ee3i v\u00e0 hi\u1ec7u qu\u1ea3 v\u01b0\u1ee3t tr\u1ed9i.<\/span><\/p>\n<h3><span class=\"ez-toc-section\" id=\"1_Van_Phong_Va_Showroom\"><\/span><span style=\"font-size: 17px;\"><strong>1. V\u0103n Ph\u00f2ng V\u00e0 Showroom<\/strong><\/span><span class=\"ez-toc-section-end\"><\/span><\/h3>\n<ul>\n<li><span style=\"font-size: 17px;\">S\u1eed d\u1ee5ng ph\u1ed5 bi\u1ebfn trong c\u00e1c v\u0103n ph\u00f2ng l\u00e0m vi\u1ec7c, showroom tr\u01b0ng b\u00e0y s\u1ea3n ph\u1ea9m, c\u1eeda h\u00e0ng kinh doanh.<\/span><\/li>\n<li><span style=\"font-size: 17px;\">\u0110\u00e8n cung c\u1ea5p \u00e1nh s\u00e1ng \u0111\u1ed3ng \u0111\u1ec1u, kh\u00f4ng nh\u1ea5p nh\u00e1y, gi\u00fap t\u0103ng hi\u1ec7u qu\u1ea3 l\u00e0m vi\u1ec7c v\u00e0 t\u1ea1o \u1ea5n t\u01b0\u1ee3ng th\u1ea9m m\u1ef9 cho kh\u00f4ng gian.<\/span><\/li>\n<\/ul>\n<h3><span class=\"ez-toc-section\" id=\"2_Nha_O_Can_Ho_Va_Biet_Thu\"><\/span><span style=\"font-size: 17px;\"><strong>2. Nh\u00e0 \u1ede, C\u0103n H\u1ed9 V\u00e0 Bi\u1ec7t Th\u1ef1<\/strong><\/span><span class=\"ez-toc-section-end\"><\/span><\/h3>\n<ul>\n<li><span style=\"font-size: 17px;\">V\u1edbi thi\u1ebft k\u1ebf hi\u1ec7n \u0111\u1ea1i, tinh t\u1ebf, b\u00f3ng \u0111\u00e8n led 1m2 60w r\u1ea5t th\u00edch h\u1ee3p l\u1eafp \u0111\u1eb7t trong c\u00e1c kh\u00f4ng gian s\u1ed1ng nh\u01b0 ph\u00f2ng kh\u00e1ch, ph\u00f2ng ng\u1ee7, ho\u1eb7c nh\u00e0 b\u1ebfp.<\/span><\/li>\n<li><span style=\"font-size: 17px;\">\u00c1nh s\u00e1ng \u0111\u1ea1t chu\u1ea9n, kh\u00f4ng g\u00e2y h\u1ea1i m\u1eaft, mang l\u1ea1i c\u1ea3m gi\u00e1c d\u1ec5 ch\u1ecbu v\u00e0 \u1ea5m c\u00fang cho gia \u0111\u00ecnh.<\/span><\/li>\n<\/ul>\n<figure id=\"attachment_25320\" aria-describedby=\"caption-attachment-25320\" style=\"width: 560px\" class=\"wp-caption aligncenter\"><img decoding=\"async\" class=\"wp-image-25320\" src=\"https:\/\/kawaled.com.vn\/wp-content\/uploads\/2021\/11\/ung-dung-den-led-ban-nguyet-nha-va-van-phong.webp\" alt=\"\u0110\u00e8n b\u00e1n nguy\u1ec7t \u0111\u1ea7u vu\u00f4ng Kawaled l\u1eafp \u0111\u1eb7t t\u1ea1i b\u1ebfp v\u00e0 v\u0103n ph\u00f2ng\" width=\"560\" height=\"560\" \/><figcaption id=\"caption-attachment-25320\" class=\"wp-caption-text\">\u0110\u00e8n tu\u00fdp LED Kawaled l\u1eafp \u00e2m tr\u1ea7n cho kh\u00f4ng gian l\u00e0m vi\u1ec7c v\u00e0 sinh ho\u1ea1t<\/figcaption><\/figure>\n<h3><span class=\"ez-toc-section\" id=\"3_Benh_Vien_Va_Co_So_Y_Te\"><\/span><span style=\"font-size: 17px;\"><strong>3. B\u1ec7nh Vi\u1ec7n V\u00e0 C\u01a1 S\u1edf Y T\u1ebf<\/strong><\/span><span class=\"ez-toc-section-end\"><\/span><\/h3>\n<ul>\n<li><span style=\"font-size: 17px;\">\u0110\u00e8n LED b\u00e1n nguy\u1ec7t vu\u00f4ng \u0111\u1ea3m b\u1ea3o \u00e1nh s\u00e1ng trung th\u1ef1c v\u00e0 an to\u00e0n, l\u00e0 s\u1ef1 l\u1ef1a ch\u1ecdn l\u00fd t\u01b0\u1edfng cho c\u00e1c b\u1ec7nh vi\u1ec7n, ph\u00f2ng kh\u00e1m, n\u01a1i y\u00eau c\u1ea7u \u00e1nh s\u00e1ng ch\u00ednh x\u00e1c v\u00e0 \u1ed5n \u0111\u1ecbnh.<\/span><\/li>\n<\/ul>\n<h3><span class=\"ez-toc-section\" id=\"4_Kho_Hang_Va_Nha_Xuong\"><\/span><span style=\"font-size: 17px;\"><strong>4. Kho H\u00e0ng V\u00e0 Nh\u00e0 X\u01b0\u1edfng<\/strong><\/span><span class=\"ez-toc-section-end\"><\/span><\/h3>\n<ul>\n<li><span style=\"font-size: 17px;\">Nh\u1edd \u0111\u1ed9 b\u1ec1n cao v\u00e0 kh\u1ea3 n\u0103ng ti\u1ebft ki\u1ec7m n\u0103ng l\u01b0\u1ee3ng, \u0111\u00e8n b\u00e1n nguy\u1ec7t vu\u00f4ng ph\u00f9 h\u1ee3p cho c\u00e1c kh\u00f4ng gian l\u1edbn nh\u01b0 nh\u00e0 kho, nh\u00e0 x\u01b0\u1edfng s\u1ea3n xu\u1ea5t, gara \u00f4 t\u00f4.<\/span><\/li>\n<\/ul>\n<figure id=\"attachment_25319\" aria-describedby=\"caption-attachment-25319\" style=\"width: 560px\" class=\"wp-caption aligncenter\"><img decoding=\"async\" class=\"wp-image-25319\" src=\"https:\/\/kawaled.com.vn\/wp-content\/uploads\/2021\/11\/ung-dung-den-led-ban-nguyet-benh-vien-nha-may.webp\" alt=\"\u0110\u00e8n LED b\u00e1n nguy\u1ec7t \u0111\u1ea7u vu\u00f4ng l\u1eafp trong b\u1ec7nh vi\u1ec7n v\u00e0 khu c\u00f4ng nghi\u1ec7p\" width=\"560\" height=\"560\" \/><figcaption id=\"caption-attachment-25319\" class=\"wp-caption-text\">B\u00f3ng \u0111\u00e8n LED 1m2 si\u00eau s\u00e1ng Kawaled l\u1eafp t\u1ea1i nh\u00e0 x\u01b0\u1edfng v\u00e0 ph\u00f2ng kh\u00e1m<\/figcaption><\/figure>\n<h2><span class=\"ez-toc-section\" id=\"Loi_Ich_Khi_Su_Dung_Den_Ban_Nguyet_Vuong\"><\/span><span style=\"font-size: 24px;\">L\u1ee3i \u00cdch Khi S\u1eed D\u1ee5ng \u0110\u00e8n B\u00e1n Nguy\u1ec7t Vu\u00f4ng<\/span><span class=\"ez-toc-section-end\"><\/span><\/h2>\n<p><span style=\"font-size: 17px;\">S\u1eed d\u1ee5ng \u0111\u00e8n b\u00e1n nguy\u1ec7t vu\u00f4ng kh\u00f4ng ch\u1ec9 mang l\u1ea1i \u00e1nh s\u00e1ng hi\u1ec7u qu\u1ea3 m\u00e0 c\u00f2n gi\u00fap t\u1ed1i \u01b0u chi ph\u00ed v\u00e0 \u0111\u1ea3m b\u1ea3o an to\u00e0n cho ng\u01b0\u1eddi d\u00f9ng.<\/span><\/p>\n<h3><span class=\"ez-toc-section\" id=\"1_Tiet_Kiem_Dien_Nang\"><\/span><span style=\"font-size: 17px;\"><strong>1. Ti\u1ebft Ki\u1ec7m \u0110i\u1ec7n N\u0103ng<\/strong><\/span><span class=\"ez-toc-section-end\"><\/span><\/h3>\n<ul>\n<li><span style=\"font-size: 17px;\">\u0110\u00e8n b\u00e1n nguy\u1ec7t vu\u00f4ng ti\u1ebft ki\u1ec7m \u0111\u1ebfn <strong>50% \u0111i\u1ec7n n\u0103ng ti\u00eau th\u1ee5<\/strong> so v\u1edbi c\u00e1c lo\u1ea1i \u0111\u00e8n truy\u1ec1n th\u1ed1ng nh\u01b0 \u0111\u00e8n s\u1ee3i \u0111\u1ed1t hay hu\u1ef3nh quang.<\/span><\/li>\n<li><span style=\"font-size: 17px;\">C\u00f4ng ngh\u1ec7 LED hi\u1ec7n \u0111\u1ea1i gi\u00fap gi\u1ea3m chi ph\u00ed h\u00f3a \u0111\u01a1n ti\u1ec1n \u0111i\u1ec7n h\u00e0ng th\u00e1ng, \u0111\u1eb7c bi\u1ec7t ph\u00f9 h\u1ee3p v\u1edbi c\u00e1c kh\u00f4ng gian l\u1edbn c\u1ea7n chi\u1ebfu s\u00e1ng li\u00ean t\u1ee5c.<\/span><\/li>\n<\/ul>\n<h3><span class=\"ez-toc-section\" id=\"2_Than_Thien_Voi_Moi_Truong\"><\/span><span style=\"font-size: 17px;\"><strong>2. Th\u00e2n Thi\u1ec7n V\u1edbi M\u00f4i Tr\u01b0\u1eddng<\/strong><\/span><span class=\"ez-toc-section-end\"><\/span><\/h3>\n<ul>\n<li><span style=\"font-size: 17px;\">\u0110\u01b0\u1ee3c l\u00e0m t\u1eeb <strong>v\u1eadt li\u1ec7u th\u00e2n thi\u1ec7n v\u1edbi m\u00f4i tr\u01b0\u1eddng<\/strong>, \u0111\u00e8n b\u00e1n nguy\u1ec7t vu\u00f4ng kh\u00f4ng ch\u1ee9a ch\u1ea5t \u0111\u1ed9c h\u1ea1i nh\u01b0 th\u1ee7y ng\u00e2n hay ch\u00ec.<\/span><\/li>\n<li><span style=\"font-size: 17px;\">Ngo\u00e0i ra, kh\u1ea3 n\u0103ng ti\u1ebft ki\u1ec7m n\u0103ng l\u01b0\u1ee3ng c\u1ee7a \u0111\u00e8n c\u00f2n g\u00f3p ph\u1ea7n gi\u1ea3m l\u01b0\u1ee3ng kh\u00ed th\u1ea3i CO2 ra m\u00f4i tr\u01b0\u1eddng.<\/span><\/li>\n<\/ul>\n<h3><span class=\"ez-toc-section\" id=\"3_Tuoi_Tho_Cao\"><\/span><span style=\"font-size: 17px;\"><strong>3. Tu\u1ed5i Th\u1ecd Cao<\/strong><\/span><span class=\"ez-toc-section-end\"><\/span><\/h3>\n<ul>\n<li><span style=\"font-size: 17px;\">\u0110\u00e8n c\u00f3 tu\u1ed5i th\u1ecd l\u00ean \u0111\u1ebfn <strong>25.000 gi\u1edd chi\u1ebfu s\u00e1ng<\/strong>, cao g\u1ea5p nhi\u1ec1u l\u1ea7n so v\u1edbi c\u00e1c lo\u1ea1i \u0111\u00e8n truy\u1ec1n th\u1ed1ng.<\/span><\/li>\n<li><span style=\"font-size: 17px;\">\u0110i\u1ec1u n\u00e0y gi\u00fap ti\u1ebft ki\u1ec7m chi ph\u00ed b\u1ea3o tr\u00ec v\u00e0 thay th\u1ebf, ph\u00f9 h\u1ee3p v\u1edbi nh\u1eefng kh\u00f4ng gian s\u1eed d\u1ee5ng l\u00e2u d\u00e0i nh\u01b0 nh\u00e0 x\u01b0\u1edfng ho\u1eb7c v\u0103n ph\u00f2ng.<\/span><\/li>\n<\/ul>\n<h3><span class=\"ez-toc-section\" id=\"4_An_Toan_Va_Do_Ben_Cao\"><\/span><span style=\"font-size: 17px;\"><strong>4. An To\u00e0n V\u00e0 \u0110\u1ed9 B\u1ec1n Cao<\/strong><\/span><span class=\"ez-toc-section-end\"><\/span><\/h3>\n<ul>\n<li><span style=\"font-size: 17px;\">\u0110\u00e8n \u0111\u01b0\u1ee3c thi\u1ebft k\u1ebf ch\u1ed1ng ch\u00e1y n\u1ed5, \u0111\u1ea3m b\u1ea3o an to\u00e0n t\u1ed1i \u0111a cho ng\u01b0\u1eddi s\u1eed d\u1ee5ng.<\/span><\/li>\n<li><span style=\"font-size: 17px;\">\u0110\u1ed9 b\u1ec1n cao v\u00e0 kh\u1ea3 n\u0103ng ch\u1ed1ng ch\u1ecbu t\u1ed1t v\u1edbi c\u00e1c \u0111i\u1ec1u ki\u1ec7n kh\u1eafc nghi\u1ec7t gi\u00fap \u0111\u00e8n ho\u1ea1t \u0111\u1ed9ng \u1ed5n \u0111\u1ecbnh trong nhi\u1ec1u n\u0103m.<\/span><\/li>\n<\/ul>\n<h3><span class=\"ez-toc-section\" id=\"5_Anh_Sang_An_Toan_Cho_Mat\"><\/span><span style=\"font-size: 17px;\"><strong>5. \u00c1nh S\u00e1ng An To\u00e0n Cho M\u1eaft<\/strong><\/span><span class=\"ez-toc-section-end\"><\/span><\/h3>\n<ul>\n<li><span style=\"font-size: 17px;\">\u00c1nh s\u00e1ng c\u1ee7a \u0111\u00e8n \u0111\u1ea1t chu\u1ea9n, kh\u00f4ng nh\u1ea5p nh\u00e1y, kh\u00f4ng g\u00e2y ch\u00f3i, b\u1ea3o v\u1ec7 m\u1eaft kh\u1ecfi t\u00ecnh tr\u1ea1ng m\u1ecfi m\u1eaft ho\u1eb7c suy gi\u1ea3m th\u1ecb l\u1ef1c.<\/span><\/li>\n<li><span style=\"font-size: 17px;\"><strong>Ch\u1ec9 s\u1ed1 ho\u00e0n m\u00e0u CRI &gt;80<\/strong> mang l\u1ea1i \u00e1nh s\u00e1ng trung th\u1ef1c, r\u00f5 r\u00e0ng, gi\u00fap kh\u00f4ng gian tr\u1edf n\u00ean \u0111\u1eb9p m\u1eaft h\u01a1n.<\/span><\/li>\n<\/ul>\n<figure id=\"attachment_25317\" aria-describedby=\"caption-attachment-25317\" style=\"width: 560px\" class=\"wp-caption aligncenter\"><img decoding=\"async\" class=\"wp-image-25317\" src=\"https:\/\/kawaled.com.vn\/wp-content\/uploads\/2021\/11\/tong-quan-den-led-ban-nguyet-kawaled.webp\" alt=\"\u0110\u00e8n LED b\u00e1n nguy\u1ec7t \u0111\u1ea7u vu\u00f4ng Kawaled l\u1eafp \u0111\u1eb7t trong v\u0103n ph\u00f2ng hi\u1ec7n \u0111\u1ea1i\" width=\"560\" height=\"560\" \/><figcaption id=\"caption-attachment-25317\" class=\"wp-caption-text\">H\u00ecnh \u1ea3nh s\u1ea3n ph\u1ea9m \u0111\u00e8n b\u00e1n nguy\u1ec7t Kawaled v\u00e0 c\u00e1c \u01b0u \u0111i\u1ec3m n\u1ed5i b\u1eadt: ti\u1ebft ki\u1ec7m \u0111i\u1ec7n, tu\u1ed5i th\u1ecd cao, b\u1ea3o v\u1ec7 m\u1eaft<\/figcaption><\/figure>\n<h2 data-pm-slice=\"0 0 []\"><span class=\"ez-toc-section\" id=\"THONG_SO_KY_THUAT_Den_ban_nguyet_vuong_BNV-12M-60W\"><\/span><span style=\"font-size: 24px;\"><strong>TH\u00d4NG S\u1ed0 K\u1ef8 THU\u1eacT: \u0110\u00e8n b\u00e1n nguy\u1ec7t vu\u00f4ng BNV-1.2M-60W<\/strong><\/span><span class=\"ez-toc-section-end\"><\/span><\/h2>\n<ul>\n<li><span style=\"font-size: 17px;\">Model: BNV-1.2M<\/span><\/li>\n<li><span style=\"font-size: 17px;\">C\u00f4ng su\u1ea5t: 60w<\/span><\/li>\n<li><span style=\"font-size: 17px;\">Tu\u1ed5i th\u1ecd: 25.000 \u2013\u00a030.000 gi\u1edd<\/span><\/li>\n<li><span style=\"font-size: 17px;\">Ch\u1ea5t li\u1ec7u: nh\u00f4m \u0111\u00fac cao c\u1ea5p<\/span><\/li>\n<li><span style=\"font-size: 17px;\">Ngu\u1ed3n v\u00e0o: 165 -265V<\/span><\/li>\n<li><span style=\"font-size: 17px;\">T\u1ea7n s\u1ed1: 50-60 Hz<\/span><\/li>\n<li><span style=\"font-size: 17px;\">D\u00f2ng c\u1ea5p: 360 mA<\/span><\/li>\n<li><span style=\"font-size: 17px;\">C\u00f4ng su\u1ea5t s\u00e1ng: 95 LM\/W<\/span><\/li>\n<li><span style=\"font-size: 17px;\">C\u01b0\u1eddng \u0111\u1ed9 \u00e1nh s\u00e1ng: 5150 LM<\/span><\/li>\n<li><span style=\"font-size: 17px;\">Nhi\u1ec7t \u0111\u1ed9 m\u00e0u 6500-7000K<\/span><\/li>\n<li><span style=\"font-size: 17px;\">Tr\u1ecdng l\u01b0\u1ee3ng: 0.38 kg<\/span><\/li>\n<li><span style=\"font-size: 17px;\">K\u00edch th\u01b0\u1edbc: 117.2&#215;7.5&#215;2.5 cm<\/span><\/li>\n<\/ul>\n<figure id=\"attachment_25308\" aria-describedby=\"caption-attachment-25308\" style=\"width: 560px\" class=\"wp-caption aligncenter\"><img decoding=\"async\" class=\"wp-image-25308\" src=\"https:\/\/kawaled.com.vn\/wp-content\/uploads\/2021\/11\/cau-tao-den-led-ban-nguyet-kawaled-chip-mang.webp\" alt=\"Chip LED si\u00eau s\u00e1ng v\u00e0 m\u00e1ng h\u1ee3p kim nh\u00f4m cao c\u1ea5p c\u1ee7a \u0111\u00e8n b\u00e1n nguy\u1ec7t\" width=\"560\" height=\"560\" \/><figcaption id=\"caption-attachment-25308\" class=\"wp-caption-text\">C\u1eadn c\u1ea3nh chip LED si\u00eau s\u00e1ng v\u00e0 th\u00e2n \u0111\u00e8n h\u1ee3p kim nh\u00f4m t\u1ea3n nhi\u1ec7t t\u1ed1t<\/figcaption><\/figure>\n<p style=\"text-align: center;\"><span style=\"font-family: 'times new roman', times, serif; font-size: 17px;\">\u00a0<\/span><\/p>\n<p style=\"text-align: center;\">","protected":false},"excerpt":{"rendered":"<p>Gi\u1edbi Thi\u1ec7u Trong th\u1eddi \u0111\u1ea1i c\u00f4ng ngh\u1ec7 hi\u1ec7n nay, nhu c\u1ea7u chi\u1ebfu s\u00e1ng kh\u00f4ng ch\u1ec9 d\u1eebng l\u1ea1i \u1edf vi\u1ec7c cung c\u1ea5p \u00e1nh s\u00e1ng m\u00e0 c\u00f2n ph\u1ea3i \u0111\u1ea3m b\u1ea3o t\u00ednh th\u1ea9m m\u1ef9, ti\u1ebft ki\u1ec7m n\u0103ng l\u01b0\u1ee3ng v\u00e0 an to\u00e0n cho s\u1ee9c kh\u1ecfe. \u0110\u00e8n LED b\u00e1n nguy\u1ec7t vu\u00f4ng BNV-1.2M-60W. L\u00e0 d\u00f2ng s\u1ea3n ph\u1ea9m \u0111\u01b0\u1ee3c thi\u1ebft k\u1ebf \u0111\u1eb7c [&hellip;]<\/p>","protected":false},"featured_media":25310,"comment_status":"closed","ping_status":"closed","template":"","meta":{"rank_math_description":"\u0110\u00e8n LED b\u00e1n nguy\u1ec7t BNV-1.2M-60W Kawaled \u2013 \u00e1nh s\u00e1ng si\u00eau s\u00e1ng, kh\u00f4ng ch\u00f3i, ti\u1ebft ki\u1ec7m \u0111i\u1ec7n \u0111\u1ebfn 50%. Thi\u1ebft k\u1ebf \u0111\u1ea7u vu\u00f4ng th\u1ea9m m\u1ef9, ph\u00f9 h\u1ee3p l\u1eafp \u0111\u1eb7t cho nh\u00e0 \u1edf, v\u0103n ph\u00f2ng, b\u1ec7nh vi\u1ec7n v\u00e0 nh\u00e0 x\u01b0\u1edfng.","rank_math_focus_keyword":"\u0110\u00e8n led b\u00e1n nguy\u1ec7t,b\u00f3ng \u0111\u00e8n led 1m2 60w,\u0111\u00e8n tu\u00fdp led,\u0111\u00e8n led b\u00e1n nguy\u1ec7t \u0111\u1ea7u vu\u00f4ng,\u0111\u00e8n b\u00e1n nguy\u1ec7t","rank_math_secondary_keywords":""},"product_cat":[1752],"product_tag":[3012,3014,3016,3023,3024,3019,2766,3011,3017,3026,3029,3013,3025,3028,3027,1876,3018,3021,3015,3020,3022],"class_list":["post-21459","product","type-product","status-publish","has-post-thumbnail","hentry","product_cat-den-led-dai-ban-nguyet-oval-vuong","product_tag-ban-nguyet","product_tag-bong-ban-nguyet","product_tag-bong-den-ban-nguyet","product_tag-bong-den-led-ban-nguyet-1-2-m-40w","product_tag-bong-den-led-ban-nguyet-60cm","product_tag-bong-led-ban-nguyet","product_tag-bong-tuyp-ban-nguyet","product_tag-den-ban-nguyet","product_tag-den-ban-nguyet-1m2","product_tag-den-ban-nguyet-60cm","product_tag-den-led-1m2-ban-nguyet","product_tag-den-led-ban-nguyet","product_tag-den-led-ban-nguyet-1m2","product_tag-den-led-ban-nguyet-1m2-60w","product_tag-den-led-ban-nguyet-60cm","product_tag-den-led-ban-nguyet-vuong","product_tag-den-tuyp-ban-nguyet","product_tag-den-tuyp-led-ban-nguyet","product_tag-led-ban-nguyet","product_tag-tuyp-ban-nguyet","product_tag-tuyp-led-ban-nguyet"],"acf":[],"_links":{"self":[{"href":"https:\/\/kawaled.com.vn\/en\/wp-json\/wp\/v2\/product\/21459","targetHints":{"allow":["GET"]}}],"collection":[{"href":"https:\/\/kawaled.com.vn\/en\/wp-json\/wp\/v2\/product"}],"about":[{"href":"https:\/\/kawaled.com.vn\/en\/wp-json\/wp\/v2\/types\/product"}],"replies":[{"embeddable":true,"href":"https:\/\/kawaled.com.vn\/en\/wp-json\/wp\/v2\/comments?post=21459"}],"version-history":[{"count":1,"href":"https:\/\/kawaled.com.vn\/en\/wp-json\/wp\/v2\/product\/21459\/revisions"}],"predecessor-version":[{"id":27702,"href":"https:\/\/kawaled.com.vn\/en\/wp-json\/wp\/v2\/product\/21459\/revisions\/27702"}],"wp:featuredmedia":[{"embeddable":true,"href":"https:\/\/kawaled.com.vn\/en\/wp-json\/wp\/v2\/media\/25310"}],"wp:attachment":[{"href":"https:\/\/kawaled.com.vn\/en\/wp-json\/wp\/v2\/media?parent=21459"}],"wp:term":[{"taxonomy":"product_cat","embeddable":true,"href":"https:\/\/kawaled.com.vn\/en\/wp-json\/wp\/v2\/product_cat?post=21459"},{"taxonomy":"product_tag","embeddable":true,"href":"https:\/\/kawaled.com.vn\/en\/wp-json\/wp\/v2\/product_tag?post=21459"}],"curies":[{"name":"wp","href":"https:\/\/api.w.org\/{rel}","templated":true}]}}