{"id":21424,"date":"2021-05-18T11:56:34","date_gmt":"2021-05-18T04:56:34","guid":{"rendered":"https:\/\/kawaled.123websitedev.com\/san-pham\/den-am-tran-panel-mong-dl108-6w-12w\/"},"modified":"2025-12-03T16:32:40","modified_gmt":"2025-12-03T09:32:40","slug":"den-am-tran-panel-mong-dl108-12w","status":"publish","type":"product","link":"https:\/\/kawaled.com.vn\/en\/product\/den-am-tran-panel-mong-dl108-12w\/","title":{"rendered":"\u0110\u00c8N LED \u00c2M TR\u1ea6N PANEL M\u1eceNG TR\u00d2N 1 M\u00c0U DL108-12W-T\/V"},"content":{"rendered":"<h2><span class=\"ez-toc-section\" id=\"UU_DIEM_NOI_BAT_DEN_LED_PANEL_AM_TRAN_DL108-12W-TV\"><\/span><span style=\"font-size: 20px;\"><span style=\"font-family: times new roman,times,serif;\"><strong>\u01afU \u0110I\u1ec2M N\u1ed4I B\u1eacT \u0110\u00c8N LED PANEL \u00c2M TR\u1ea6N DL108-12W-T\/V<\/strong><\/span><\/span><span class=\"ez-toc-section-end\"><\/span><\/h2><div id=\"ez-toc-container\" class=\"ez-toc-v2_0_69_1 counter-hierarchy ez-toc-counter ez-toc-grey ez-toc-container-direction\">\n<div class=\"ez-toc-title-container\">\n<p class=\"ez-toc-title\" >N\u1ed9i Dung B&agrave;i Vi\u1ebft<\/p>\n<span class=\"ez-toc-title-toggle\"><a href=\"#\" class=\"ez-toc-pull-right ez-toc-btn ez-toc-btn-xs ez-toc-btn-default ez-toc-toggle\" aria-label=\"Toggle Table of Content\"><span class=\"ez-toc-js-icon-con\"><span class=\"\"><span class=\"eztoc-hide\" style=\"display:none;\">Toggle<\/span><span class=\"ez-toc-icon-toggle-span\"><svg style=\"fill: #999;color:#999\" xmlns=\"http:\/\/www.w3.org\/2000\/svg\" class=\"list-377408\" width=\"20px\" height=\"20px\" viewbox=\"0 0 24 24\" fill=\"none\"><path d=\"M6 6H4v2h2V6zm14 0H8v2h12V6zM4 11h2v2H4v-2zm16 0H8v2h12v-2zM4 16h2v2H4v-2zm16 0H8v2h12v-2z\" fill=\"currentColor\"><\/path><\/svg><svg style=\"fill: #999;color:#999\" class=\"arrow-unsorted-368013\" xmlns=\"http:\/\/www.w3.org\/2000\/svg\" width=\"10px\" height=\"10px\" viewbox=\"0 0 24 24\" version=\"1.2\" baseprofile=\"tiny\"><path d=\"M18.2 9.3l-6.2-6.3-6.2 6.3c-.2.2-.3.4-.3.7s.1.5.3.7c.2.2.4.3.7.3h11c.3 0 .5-.1.7-.3.2-.2.3-.5.3-.7s-.1-.5-.3-.7zM5.8 14.7l6.2 6.3 6.2-6.3c.2-.2.3-.5.3-.7s-.1-.5-.3-.7c-.2-.2-.4-.3-.7-.3h-11c-.3 0-.5.1-.7.3-.2.2-.3.5-.3.7s.1.5.3.7z\"\/><\/svg><\/span><\/span><\/span><\/a><\/span><\/div>\n<nav><ul class='ez-toc-list ez-toc-list-level-1 eztoc-toggle-hide-by-default' ><li class='ez-toc-page-1 ez-toc-heading-level-2'><a class=\"ez-toc-link ez-toc-heading-1\" href=\"https:\/\/kawaled.com.vn\/en\/product\/den-am-tran-panel-mong-dl108-12w\/#UU_DIEM_NOI_BAT_DEN_LED_PANEL_AM_TRAN_DL108-12W-TV\" title=\"\u01afU \u0110I\u1ec2M N\u1ed4I B\u1eacT \u0110\u00c8N LED PANEL \u00c2M TR\u1ea6N DL108-12W-T\/V\">\u01afU \u0110I\u1ec2M N\u1ed4I B\u1eacT \u0110\u00c8N LED PANEL \u00c2M TR\u1ea6N DL108-12W-T\/V<\/a><\/li><li class='ez-toc-page-1 ez-toc-heading-level-2'><a class=\"ez-toc-link ez-toc-heading-2\" href=\"https:\/\/kawaled.com.vn\/en\/product\/den-am-tran-panel-mong-dl108-12w\/#THONG_SO_KY_THUAT_DEN_LED_PANEL_AM_TRAN_DL108-12W-TV\" title=\"TH\u00d4NG S\u1ed0 K\u1ef8 THU\u1eacT \u0110\u00c8N LED PANEL \u00c2M TR\u1ea6N DL108-12W-T\/V\">TH\u00d4NG S\u1ed0 K\u1ef8 THU\u1eacT \u0110\u00c8N LED PANEL \u00c2M TR\u1ea6N DL108-12W-T\/V<\/a><\/li><li class='ez-toc-page-1 ez-toc-heading-level-2'><a class=\"ez-toc-link ez-toc-heading-3\" href=\"https:\/\/kawaled.com.vn\/en\/product\/den-am-tran-panel-mong-dl108-12w\/#DEN_AM_TRAN_CAO_CAP_DUOC_UNG_DUNG_O_NHIEU_KHU_VUC_KHAC_NHAU\" title=\"\u0110\u00c8N \u00c2M TR\u1ea6N CAO C\u1ea4P \u0110\u01af\u1ee2C \u1ee8NG D\u1ee4NG \u1ede NHI\u1ec0U KHU V\u1ef0C KH\u00c1C NHAU\">\u0110\u00c8N \u00c2M TR\u1ea6N CAO C\u1ea4P \u0110\u01af\u1ee2C \u1ee8NG D\u1ee4NG \u1ede NHI\u1ec0U KHU V\u1ef0C KH\u00c1C NHAU<\/a><\/li><\/ul><\/nav><\/div>\n\n<ul>\n<li><span style=\"font-size: 18px;\"><span style=\"font-family: times new roman,times,serif;\">\u0110\u00e8n \u00e2m tr\u1ea7n si\u00eau m\u1ecfng c\u00f3 2\u00a0ch\u1ebf \u0111\u1ed9 m\u00e0u: tr\u1eafng,\u00a0v\u00e0ng\u00a0<\/span><\/span><\/li>\n<li><span style=\"font-size: 18px;\"><span style=\"font-family: times new roman,times,serif;\">Thi\u1ebft k\u1ebf nhi\u1ec1u lo\u1ea1i c\u00f4ng su\u1ea5t kh\u00e1c nhau: 6w, 9w, 12w.<\/span><\/span><\/li>\n<li><span style=\"font-size: 18px;\"><span style=\"font-family: times new roman,times,serif;\">Ti\u1ebft ki\u1ec7m h\u01a1n\u00a080% \u0111i\u1ec7n n\u0103ng ti\u00eau th\u1ee5, gi\u00fap ng\u01b0\u1eddi ti\u00eau d\u00f9ng ti\u1ebft ki\u1ec7m chi ph\u00ed ti\u1ec1n \u0111i\u1ec7n h\u00e0ng th\u00e1ng ch\u1ec9 b\u1eb1ng 1\/2 so v\u1edbi khi s\u1eed d\u1ee5ng b\u00f3ng compact.<\/span><\/span><\/li>\n<li><span style=\"font-size: 18px;\"><span style=\"font-family: times new roman,times,serif;\">\u0110\u00e8n \u00e2m tr\u1ea7n panel c\u00f3 tu\u1ed5i th\u1ecd cao tr\u00ean 25.000 gi\u1edd\u00a0kh\u00f4ng h\u1ea1n ch\u1ebf s\u1ed1 l\u1ea7n b\u1eadt t\u1eaft.<\/span><\/span><\/li>\n<li><span style=\"font-size: 18px;\"><span style=\"font-family: times new roman,times,serif;\">\u0110\u00e8n c\u00f3 ch\u1ec9 s\u1ed1 ho\u00e0n m\u00e0u cao (RA=85) cho m\u00e0u hi\u1ec3n\u00a0th\u1ecb trung th\u1ef1c v\u00e0 t\u1ef1 nhi\u00ean. Kh\u00f4ng g\u00e2y h\u1ea1i cho m\u1eaft.<\/span><\/span><\/li>\n<li><span style=\"font-size: 18px;\"><span style=\"font-family: times new roman,times,serif;\">\u0110\u00e8n kh\u00f4ng ch\u1ee9a tia quang h\u1ecdc nh\u01b0 UV, tia c\u1ef1c t\u00edm r\u1ea5t an to\u00e0n cho ng\u01b0\u1eddi s\u1eed d\u1ee5ng.<\/span><\/span><\/li>\n<li><span style=\"font-size: 18px;\"><span style=\"font-family: times new roman,times,serif;\">Kh\u00f4ng th\u1ea3i ra kh\u00ed CO2 g\u00f3p ph\u1ea7n gi\u1ea3m thi\u1ec3u hi\u1ec7u \u1ee9ng nh\u00e0 k\u00ednh.<\/span><\/span><\/li>\n<\/ul>\n<p><span style=\"font-size: 18px;\"><span style=\"font-family: times new roman,times,serif;\"><img decoding=\"async\" class=\"size-full wp-image-21417 aligncenter\" style=\"width: 700px; height: 572px;\" src=\"https:\/\/kawaled.com.vn\/wp-content\/uploads\/2021\/05\/den-led-panel-dl180-6w-12w-4.jpg\" alt=\"\u01afu \u0111i\u1ec3m n\u00f4i b\u1eadt\" width=\"1526\" height=\"1247\" srcset=\"https:\/\/kawaled.com.vn\/wp-content\/uploads\/2021\/05\/den-led-panel-dl180-6w-12w-4.jpg 1526w, https:\/\/kawaled.com.vn\/wp-content\/uploads\/2021\/05\/den-led-panel-dl180-6w-12w-4-1000x817.jpg 1000w, https:\/\/kawaled.com.vn\/wp-content\/uploads\/2021\/05\/den-led-panel-dl180-6w-12w-4-1024x837.jpg 1024w, https:\/\/kawaled.com.vn\/wp-content\/uploads\/2021\/05\/den-led-panel-dl180-6w-12w-4-768x628.jpg 768w, https:\/\/kawaled.com.vn\/wp-content\/uploads\/2021\/05\/den-led-panel-dl180-6w-12w-4-640x523.jpg 640w, https:\/\/kawaled.com.vn\/wp-content\/uploads\/2021\/05\/den-led-panel-dl180-6w-12w-4-400x327.jpg 400w\" sizes=\"(max-width: 1526px) 100vw, 1526px\" \/><\/span><\/span><\/p>\n<h2><span class=\"ez-toc-section\" id=\"THONG_SO_KY_THUAT_DEN_LED_PANEL_AM_TRAN_DL108-12W-TV\"><\/span><span style=\"font-size: 20px;\"><span style=\"font-family: times new roman,times,serif;\"><strong>TH\u00d4NG S\u1ed0 K\u1ef8 THU\u1eacT <\/strong><\/span><\/span><span style=\"font-size: 20px;\"><span style=\"font-family: times new roman,times,serif;\"><strong>\u0110\u00c8N LED PANEL \u00c2M TR\u1ea6N DL108-12W-T\/V<\/strong><\/span><\/span><span class=\"ez-toc-section-end\"><\/span><\/h2>\n<ul>\n<li><span style=\"font-size: 18px;\"><span style=\"font-family: times new roman,times,serif;\">C\u00f4ng su\u1ea5t (W): 12W<\/span><\/span><\/li>\n<li><span style=\"font-size: 18px;\"><span style=\"font-family: times new roman,times,serif;\">D\u00f2ng \u0111i\u1ec7n: Imax = 0,5A<\/span><\/span><\/li>\n<li><span style=\"font-size: 18px;\"><span style=\"font-family: times new roman,times,serif;\">Quang th\u00f4ng (Im): 630<\/span><\/span><\/li>\n<li><span style=\"font-size: 18px;\"><span style=\"font-family: times new roman,times,serif;\">Chip LED: Epistar\/Samsung<\/span><\/span><\/li>\n<li><span style=\"font-size: 18px;\"><span style=\"font-family: times new roman,times,serif;\">Ngu\u1ed3n: AC\u00a0100~265V<\/span><\/span><\/li>\n<li><span style=\"font-size: 18px;\"><span style=\"font-family: times new roman,times,serif;\">Nhi\u1ec7t \u0111\u1ed9 m\u00e0u (K): 3000\/4000\/6000<\/span><\/span><\/li>\n<li><span style=\"font-size: 18px;\"><span style=\"font-family: times new roman,times,serif;\">Ch\u1ec9 s\u1ed1 ho\u00e0n m\u00e0u &gt;80<\/span><\/span><\/li>\n<li><span style=\"font-size: 18px;\"><span style=\"font-family: times new roman,times,serif;\">Tu\u1ed5i th\u1ecd: 25.000 gi\u1edd<\/span><\/span><\/li>\n<li><span style=\"font-size: 18px;\"><span style=\"font-family: times new roman,times,serif;\">2 ch\u1ebf \u0111\u1ed9 \u00e1nh s\u00e1ng: tr\u1eafng\/ v\u00e0ng<\/span><\/span><\/li>\n<\/ul>\n<p><span style=\"font-size: 18px;\"><span style=\"font-family: times new roman,times,serif;\"><img decoding=\"async\" class=\"size-full wp-image-21418 aligncenter\" style=\"height: 700px; width: 754px;\" src=\"https:\/\/kawaled.com.vn\/wp-content\/uploads\/2021\/05\/den-led-panel-dl180-6w-12w-6.jpg\" alt=\"Th\u00f4ng s\u1ed1 k\u1ef9 thu\u1eadt\" width=\"1807\" height=\"1677\" srcset=\"https:\/\/kawaled.com.vn\/wp-content\/uploads\/2021\/05\/den-led-panel-dl180-6w-12w-6.jpg 1807w, https:\/\/kawaled.com.vn\/wp-content\/uploads\/2021\/05\/den-led-panel-dl180-6w-12w-6-1000x928.jpg 1000w, https:\/\/kawaled.com.vn\/wp-content\/uploads\/2021\/05\/den-led-panel-dl180-6w-12w-6-1024x950.jpg 1024w, https:\/\/kawaled.com.vn\/wp-content\/uploads\/2021\/05\/den-led-panel-dl180-6w-12w-6-768x713.jpg 768w, https:\/\/kawaled.com.vn\/wp-content\/uploads\/2021\/05\/den-led-panel-dl180-6w-12w-6-1536x1425.jpg 1536w, https:\/\/kawaled.com.vn\/wp-content\/uploads\/2021\/05\/den-led-panel-dl180-6w-12w-6-640x594.jpg 640w, https:\/\/kawaled.com.vn\/wp-content\/uploads\/2021\/05\/den-led-panel-dl180-6w-12w-6-400x371.jpg 400w\" sizes=\"(max-width: 1807px) 100vw, 1807px\" \/><\/span><\/span><\/p>\n<p><span style=\"font-size: 18px;\"><span style=\"font-family: times new roman,times,serif;\"><img decoding=\"async\" class=\"size-full wp-image-21419 aligncenter\" style=\"height: 500px; width: 1050px;\" src=\"https:\/\/kawaled.com.vn\/wp-content\/uploads\/2021\/05\/den-led-panel-dl180-6w-12w-1.png\" alt=\"C\u1ea5u t\u1ea1o chi ti\u1ebft s\u1ea3n ph\u1ea9m\" width=\"1563\" height=\"744\" srcset=\"https:\/\/kawaled.com.vn\/wp-content\/uploads\/2021\/05\/den-led-panel-dl180-6w-12w-1.png 1563w, https:\/\/kawaled.com.vn\/wp-content\/uploads\/2021\/05\/den-led-panel-dl180-6w-12w-1-1000x476.png 1000w, https:\/\/kawaled.com.vn\/wp-content\/uploads\/2021\/05\/den-led-panel-dl180-6w-12w-1-1024x487.png 1024w, https:\/\/kawaled.com.vn\/wp-content\/uploads\/2021\/05\/den-led-panel-dl180-6w-12w-1-768x366.png 768w, https:\/\/kawaled.com.vn\/wp-content\/uploads\/2021\/05\/den-led-panel-dl180-6w-12w-1-1536x731.png 1536w, https:\/\/kawaled.com.vn\/wp-content\/uploads\/2021\/05\/den-led-panel-dl180-6w-12w-1-640x305.png 640w, https:\/\/kawaled.com.vn\/wp-content\/uploads\/2021\/05\/den-led-panel-dl180-6w-12w-1-400x190.png 400w\" sizes=\"(max-width: 1563px) 100vw, 1563px\" \/><\/span><\/span><\/p>\n<h2><span class=\"ez-toc-section\" id=\"DEN_AM_TRAN_CAO_CAP_DUOC_UNG_DUNG_O_NHIEU_KHU_VUC_KHAC_NHAU\"><\/span><span style=\"font-size: 20px;\"><span style=\"font-family: times new roman,times,serif;\"><b>\u0110\u00c8N \u00c2M TR\u1ea6N CAO C\u1ea4P \u0110\u01af\u1ee2C \u1ee8NG D\u1ee4NG \u1ede NHI\u1ec0U KHU V\u1ef0C KH\u00c1C NHAU<\/b><\/span><\/span><span class=\"ez-toc-section-end\"><\/span><\/h2>\n<ul>\n<li><span style=\"font-size: 18px;\"><span style=\"font-family: times new roman,times,serif;\"><strong>\u0110\u00e8n \u00e2m tr\u1ea7n si\u00eau m\u1ecfng 2\u00a0ch\u1ebf \u0111\u1ed9 m\u00e0u<\/strong>\u00a0c\u00f3 c\u00f4ng su\u1ea5t th\u1ea5p th\u01b0\u1eddng s\u1eed d\u1ee5ng l\u1eafp \u0111\u1eb7t cho chi\u1ebfu s\u00e1ng n\u1ed9i th\u1ea5t.<\/span><\/span><\/li>\n<li><span style=\"font-size: 18px;\"><span style=\"font-family: times new roman,times,serif;\">Th\u00edch h\u1ee3p l\u1eafp \u0111\u1eb7t cho ph\u00f2ng ng\u1ee7,\u00a0ph\u00f2ng kh\u00e1ch, ph\u00f2ng tr\u01b0ng b\u00e0y s\u1ea3n ph\u1ea9m.<\/span><\/span><\/li>\n<li><span style=\"font-size: 18px;\"><span style=\"font-family: times new roman,times,serif;\">Th\u01b0\u1eddng s\u1eed d\u1ee5ng cho ban c\u00f4ng ho\u1eb7c h\u00e0nh lang\u00a0\u1edf nh\u00e0 ri\u00eang, v\u0103n ph\u00f2ng, nh\u00e0 h\u00e0ng, kh\u00e1ch s\u1ea1n.<\/span><\/span><\/li>\n<\/ul>\n<p><span style=\"font-size: 18px;\"><span style=\"font-family: times new roman,times,serif;\"><img decoding=\"async\" class=\"size-full wp-image-21420 aligncenter\" style=\"height: 830px; width: 602px;\" src=\"https:\/\/kawaled.com.vn\/wp-content\/uploads\/2021\/05\/den-led-panel-dl180-6w-12w-7.jpg\" alt=\"\u0110\u00e8n g\u1ed3m c\u00f3 2 ch\u1ebf \u0111\u1ed9 m\u00e0u\" width=\"602\" height=\"830\" srcset=\"https:\/\/kawaled.com.vn\/wp-content\/uploads\/2021\/05\/den-led-panel-dl180-6w-12w-7.jpg 602w, https:\/\/kawaled.com.vn\/wp-content\/uploads\/2021\/05\/den-led-panel-dl180-6w-12w-7-400x551.jpg 400w\" sizes=\"(max-width: 602px) 100vw, 602px\" \/><\/span><\/span><\/p>\n<p><span style=\"font-size: 18px;\"><span style=\"font-family: times new roman,times,serif;\"><img decoding=\"async\" class=\"size-full wp-image-21421 aligncenter\" style=\"height: 440px; width: 705px;\" src=\"https:\/\/kawaled.com.vn\/wp-content\/uploads\/2021\/05\/den-led-panel-dl180-6w-12w-3.jpg\" alt=\"Chi\u1ebfu s\u00e1ng h\u00e0nh lang\" width=\"700\" height=\"437\" srcset=\"https:\/\/kawaled.com.vn\/wp-content\/uploads\/2021\/05\/den-led-panel-dl180-6w-12w-3.jpg 700w, https:\/\/kawaled.com.vn\/wp-content\/uploads\/2021\/05\/den-led-panel-dl180-6w-12w-3-640x400.jpg 640w, https:\/\/kawaled.com.vn\/wp-content\/uploads\/2021\/05\/den-led-panel-dl180-6w-12w-3-400x250.jpg 400w\" sizes=\"(max-width: 700px) 100vw, 700px\" \/><\/span><\/span><\/p>\n<p><span style=\"font-size: 18px;\"><span style=\"font-family: times new roman,times,serif;\"><img decoding=\"async\" class=\"size-full wp-image-21422 aligncenter\" style=\"width: 700px; height: 412px;\" src=\"https:\/\/kawaled.com.vn\/wp-content\/uploads\/2021\/05\/den-led-panel-dl180-6w-12w-2.jpg\" alt=\"\" width=\"700\" height=\"451\" srcset=\"https:\/\/kawaled.com.vn\/wp-content\/uploads\/2021\/05\/den-led-panel-dl180-6w-12w-2.jpg 700w, https:\/\/kawaled.com.vn\/wp-content\/uploads\/2021\/05\/den-led-panel-dl180-6w-12w-2-640x412.jpg 640w, https:\/\/kawaled.com.vn\/wp-content\/uploads\/2021\/05\/den-led-panel-dl180-6w-12w-2-400x258.jpg 400w\" sizes=\"(max-width: 700px) 100vw, 700px\" \/><\/span><\/span><\/p>\n<p><span style=\"font-size: 18px;\"><span style=\"font-family: times new roman,times,serif;\"><img decoding=\"async\" class=\"size-full wp-image-21423 aligncenter\" style=\"width: 700px; height: 505px;\" src=\"https:\/\/kawaled.com.vn\/wp-content\/uploads\/2021\/05\/den-led-panel-dl180-6w-12w-1.jpg\" alt=\"\" width=\"600\" height=\"433\" srcset=\"https:\/\/kawaled.com.vn\/wp-content\/uploads\/2021\/05\/den-led-panel-dl180-6w-12w-1.jpg 600w, https:\/\/kawaled.com.vn\/wp-content\/uploads\/2021\/05\/den-led-panel-dl180-6w-12w-1-400x289.jpg 400w\" sizes=\"(max-width: 600px) 100vw, 600px\" \/><\/span><\/span><\/p>\n<p><strong><span style=\"font-size: 20px;\"><span style=\"color: #000000;\"><span style=\"font-family: times new roman, times, serif;\">TH\u00d4NG TIN C\u1ea6N BI\u1ebeT:<\/span><\/span><\/span><\/strong><\/p>\n<ul>\n<li><strong><span style=\"font-size: 16px;\"><span style=\"font-family: times new roman,times,serif;\"><a href=\"https:\/\/kawaled.com.vn\/den-led-downlight-doi-mau-%E2%80%93-trai-nghiem-tuyet-voi-cho-khong-gian-chieu-sang\"><span style=\"color: #0000cd;\">\u0110\u00e8n Led Downlight \u0111\u1ed5i m\u00e0u \u2013 tr\u1ea3i nghi\u1ec7m tuy\u1ec7t v\u1eddi cho kh\u00f4ng gian chi\u1ebfu s\u00e1ng<\/span><\/a><\/span><\/span><\/strong><\/li>\n<li><strong><span style=\"font-size: 16px;\"><span style=\"font-family: times new roman,times,serif;\"><a href=\"https:\/\/kawaled.com.vn\/phong-thuy-hoa-giai-bang-anh-sang-va-mau-sac\"><span style=\"color: #0000cd;\">C\u00e1ch ch\u1ecdn m\u00e0u s\u1eafc \u0111\u00e8n sao cho h\u1ee3p phong th\u1ee7y<\/span><\/a><\/span><\/span><\/strong><\/li>\n<li><strong><span style=\"font-size: 16px;\"><span style=\"font-family: times new roman,times,serif;\"><a href=\"https:\/\/kawaled.com.vn\/chon-anh-sang-mau-sac-phu-hop-cho-tung-khong-gian\"><span style=\"color: #0000cd;\">M\u00e1ch b\u1ea1n c\u00e1ch ch\u1ecdn \u00e1nh s\u00e1ng \u2013\u00a0m\u00e0u s\u1eafc ph\u00f9 h\u1ee3p cho kh\u00f4ng gian s\u1ed1ng<\/span><\/a><\/span><\/span><\/strong><\/li>\n<\/ul>\n<p style=\"text-align: center;\"><span style=\"font-size: 18px;\"><span style=\"font-family: times new roman,times,serif;\"><strong>Thank you for trusting Kawasan products!<\/strong><\/span><\/span><\/p>\n<p style=\"text-align: center;\"><span style=\"font-size: 18px;\"><span style=\"font-family: times new roman,times,serif;\"><strong>Toll-Free Consulting Hotline:\u00a0<\/strong><span style=\"color: #ff0000;\"><strong>1800 0058<\/strong><\/span><\/span><\/span><\/p>\n<p align=\"center\"><span style=\"font-family: times new roman,times,serif;\"><span style=\"font-size: 16px;\"><span style=\"color: #000000;\"><strong>Website:\u00a0<\/strong><\/span><a href=\"https:\/\/kawasan.vn\/\" target=\"_blank\" rel=\"noopener\"><span style=\"color: #0000cd;\"><strong>www.kawasan.vn<\/strong><\/span><\/a><\/span><\/span><\/p>\n<p align=\"center\"><span style=\"font-family: times new roman,times,serif;\"><span style=\"font-size: 16px;\"><span style=\"color: #000000;\"><strong>Website:\u00a0<\/strong><\/span><a href=\"https:\/\/kawaled.com.vn\/\"><span style=\"color: #0000cd;\"><strong>www.kawaled.com.vn<\/strong><\/span><\/a><\/span><\/span><\/p>\n<p style=\"text-align: center;\"><span style=\"font-size: 18px;\"><span style=\"font-family: times new roman,times,serif;\">\u00a0<\/span><\/span><\/p>","protected":false},"excerpt":{"rendered":"<p>\u01afU \u0110I\u1ec2M N\u1ed4I B\u1eacT \u0110\u00c8N LED PANEL \u00c2M TR\u1ea6N DL108-12W-T\/V \u0110\u00e8n \u00e2m tr\u1ea7n si\u00eau m\u1ecfng c\u00f3 2\u00a0ch\u1ebf \u0111\u1ed9 m\u00e0u: tr\u1eafng,\u00a0v\u00e0ng\u00a0 Thi\u1ebft k\u1ebf nhi\u1ec1u lo\u1ea1i c\u00f4ng su\u1ea5t kh\u00e1c nhau: 6w, 9w, 12w. Ti\u1ebft ki\u1ec7m h\u01a1n\u00a080% \u0111i\u1ec7n n\u0103ng ti\u00eau th\u1ee5, gi\u00fap ng\u01b0\u1eddi ti\u00eau d\u00f9ng ti\u1ebft ki\u1ec7m chi ph\u00ed ti\u1ec1n \u0111i\u1ec7n h\u00e0ng th\u00e1ng ch\u1ec9 b\u1eb1ng 1\/2 so v\u1edbi [&hellip;]<\/p>","protected":false},"featured_media":21416,"comment_status":"open","ping_status":"closed","template":"","meta":{"rank_math_description":"\u0110\u00e8n Led Panel \u00c2m Tr\u1ea7n DL108-12W-T\/V. \u0110\u00e8n \u00e2m tr\u1ea7n panel c\u00f3 tu\u1ed5i th\u1ecd cao tr\u00ean 25.000 gi\u1edd\u00a0kh\u00f4ng h\u1ea1n ch\u1ebf s\u1ed1 l\u1ea7n b\u1eadt t\u1eaft. Ti\u1ebft ki\u1ec7m h\u01a1n\u00a080% \u0111i\u1ec7n n\u0103ng ti\u00eau th\u1ee5...","rank_math_focus_keyword":"\u0110\u00e8n Led Panel \u00c2m Tr\u1ea7n DL108-12W-T\/V","rank_math_secondary_keywords":""},"product_cat":[3787,3785,1765,1773],"product_tag":[1917,2794,1783,1858,1859,2799,1831,3172,1857,2797,2796],"class_list":["post-21424","product","type-product","status-publish","has-post-thumbnail","hentry","product_cat-den-am-tran-1-mau","product_cat-den-am-tran-tron","product_cat-den-led-panel-am-tran","product_cat-den-led-panel-am-tran-giat-cap","product_tag-den-am-tran","product_tag-den-am-tran-thach-cao","product_tag-den-led-am-tran","product_tag-den-led-am-tran-gia-re","product_tag-den-led-am-tran-panel","product_tag-den-led-am-tran-thach-cao","product_tag-den-led-panel","product_tag-den-panel","product_tag-den-panel-am-tran","product_tag-gia-den-led-am-tran-thach-cao","product_tag-led-am-tran"],"acf":[],"_links":{"self":[{"href":"https:\/\/kawaled.com.vn\/en\/wp-json\/wp\/v2\/product\/21424","targetHints":{"allow":["GET"]}}],"collection":[{"href":"https:\/\/kawaled.com.vn\/en\/wp-json\/wp\/v2\/product"}],"about":[{"href":"https:\/\/kawaled.com.vn\/en\/wp-json\/wp\/v2\/types\/product"}],"replies":[{"embeddable":true,"href":"https:\/\/kawaled.com.vn\/en\/wp-json\/wp\/v2\/comments?post=21424"}],"version-history":[{"count":0,"href":"https:\/\/kawaled.com.vn\/en\/wp-json\/wp\/v2\/product\/21424\/revisions"}],"wp:featuredmedia":[{"embeddable":true,"href":"https:\/\/kawaled.com.vn\/en\/wp-json\/wp\/v2\/media\/21416"}],"wp:attachment":[{"href":"https:\/\/kawaled.com.vn\/en\/wp-json\/wp\/v2\/media?parent=21424"}],"wp:term":[{"taxonomy":"product_cat","embeddable":true,"href":"https:\/\/kawaled.com.vn\/en\/wp-json\/wp\/v2\/product_cat?post=21424"},{"taxonomy":"product_tag","embeddable":true,"href":"https:\/\/kawaled.com.vn\/en\/wp-json\/wp\/v2\/product_tag?post=21424"}],"curies":[{"name":"wp","href":"https:\/\/api.w.org\/{rel}","templated":true}]}}