{"id":21412,"date":"2021-01-04T09:26:34","date_gmt":"2021-01-04T02:26:34","guid":{"rendered":"https:\/\/kawaled.123websitedev.com\/san-pham\/den-pha-led-mong-flh50w-t\/"},"modified":"2026-02-02T12:45:47","modified_gmt":"2026-02-02T05:45:47","slug":"den-pha-led-mong-flh50w-t","status":"publish","type":"product","link":"https:\/\/kawaled.com.vn\/en\/product\/den-pha-led-mong-flh50w-t\/","title":{"rendered":"\u0110\u00c8N PHA LED M\u1eceNG FLH50W-T"},"content":{"rendered":"<p style=\"margin-left: 40px;\"><span style=\"color: #000000;\"><span style=\"font-size: 16px;\"><span style=\"font-family: times new roman,times,serif;\"><strong>M\u00f4 t\u1ea3: \u0110\u00c8N PHA LED M\u1eceNG FLH50W-T<\/strong><\/span><\/span><\/span><\/p>\n<ul>\n<li style=\"margin-left: 40px;\"><span style=\"color: #000000;\"><span style=\"font-size: 16px;\"><span style=\"font-family: times new roman,times,serif;\">\u0110\u00e8n Led pha ki\u1ec3u d\u00e1ng m\u1ecfng g\u1ecdn, c\u00f3 thi\u1ebft k\u1ebf \u0111\u1eb7c bi\u1ec7t c\u00f3 c\u1ed5ng c\u1eafm th\u00eam thi\u1ebft b\u1ecb c\u1ea3m bi\u1ebfn \u0111\u1ec3 tr\u1edf th\u00e0nh pha c\u1ea3m \u1ee9ng th\u00f4ng minh, th\u00e2n h\u1ecdp kim nh\u00f4m \u0111\u00fac k\u00edn n\u01b0\u1edbc IP66,ch\u1ed1ng b\u1ee5i, c\u00f4n tr\u00f9ng c\u00f3 van th\u1edf ch\u1ed1ng \u1ea9m, th\u00edch h\u1ee3p l\u1eafp ngo\u00e0i tr\u1eddi cho c\u00f4ng tr\u00ecnh c\u00f4ng c\u1ed9ng, an ninh, kho b\u00e3i, c\u1ed5ng r\u00e0o, l\u1ed1i \u0111i h\u1ea1n ch\u1ebf, l\u1ed1i tho\u00e1t hi\u1ec3m \u2026 tu\u1ed5i th\u1ecd l\u00ean \u0111\u1ebfn 25.000 gi\u1edd.\u00a0<\/span><\/span><\/span><\/li>\n<\/ul>\n<p style=\"margin-left: 200px;\"><span style=\"color: #000000;\"><span style=\"font-size: 16px;\"><span style=\"font-family: times new roman,times,serif;\"><img decoding=\"async\" class=\"size-full wp-image-21411 aligncenter\" style=\"width: 500px; height: 500px;\" src=\"https:\/\/kawaled.com.vn\/wp-content\/uploads\/2021\/01\/led-pha-lap-cam-ung-50w.jpg\" alt=\"\" width=\"1250\" height=\"1250\" srcset=\"https:\/\/kawaled.com.vn\/wp-content\/uploads\/2021\/01\/led-pha-lap-cam-ung-50w.jpg 1250w, https:\/\/kawaled.com.vn\/wp-content\/uploads\/2021\/01\/led-pha-lap-cam-ung-50w-1000x1000.jpg 1000w, https:\/\/kawaled.com.vn\/wp-content\/uploads\/2021\/01\/led-pha-lap-cam-ung-50w-1024x1024.jpg 1024w, https:\/\/kawaled.com.vn\/wp-content\/uploads\/2021\/01\/led-pha-lap-cam-ung-50w-768x768.jpg 768w, https:\/\/kawaled.com.vn\/wp-content\/uploads\/2021\/01\/led-pha-lap-cam-ung-50w-640x640.jpg 640w, https:\/\/kawaled.com.vn\/wp-content\/uploads\/2021\/01\/led-pha-lap-cam-ung-50w-400x400.jpg 400w\" sizes=\"(max-width: 1250px) 100vw, 1250px\" \/><\/span><\/span><\/span><\/p>\n<p style=\"margin-left: 40px;\"><span style=\"color: #000000;\"><span style=\"font-size: 16px;\"><span style=\"font-family: times new roman,times,serif;\"><strong>T\u00ednh n\u0103ng: \u0110\u00c8N PHA LED M\u1eceNG FLH50W-T<\/strong><\/span><\/span><\/span><\/p>\n<ul>\n<li style=\"margin-left: 40px;\"><span style=\"color: #000000;\"><span style=\"font-size: 16px;\"><span style=\"font-family: times new roman,times,serif;\">\u00a0An to\u00e0n chi\u1ebfu s\u00e1ng cho khu v\u1ef1c l\u1eafp \u0111\u1eb7t, ch\u1ecbu \u0111\u01b0\u1ee3c m\u00f4i tr\u01b0\u1eddng c\u00f3 t\u00ednh \u0103n m\u00f2n, c\u00f4ng tr\u00ecnh ven bi\u1ec3n, <\/span><\/span><\/span><\/li>\n<li style=\"margin-left: 40px;\"><span style=\"color: #000000;\"><span style=\"font-size: 16px;\"><span style=\"font-family: times new roman,times,serif;\">\u00a0Thi\u1ebft b\u1ecb \u0111\u01b0\u1ee3c thi\u1ebft k\u1ebf ch\u1ed1ng n\u01b0\u1edbc, th\u00edch h\u1ee3p l\u1eafp ngo\u00e0i tr\u1eddi cho c\u00f4ng tr\u00ecnh c\u00f4ng c\u1ed9ng, an ninh, kho b\u00e3i, c\u1ed5ng r\u00e0o, l\u1ed1i \u0111i h\u1ea1n ch\u1ebf, l\u1ed1i tho\u00e1t hi\u1ec3m,\u2026 <\/span><\/span><\/span><\/li>\n<li style=\"margin-left: 40px;\"><span style=\"color: #000000;\"><span style=\"font-size: 16px;\"><span style=\"font-family: times new roman,times,serif;\">\u00a0Thi\u1ebft k\u1ebf ki\u1ec3u d\u00e1ng m\u1ecfng g\u1ecdn, m\u1ecfng th\u00edch h\u1ee3p trang tr\u00ed shop, showroom,&#8230;<\/span><\/span><\/span><\/li>\n<li style=\"margin-left: 40px;\"><span style=\"color: #000000;\"><span style=\"font-size: 16px;\"><span style=\"font-family: times new roman,times,serif;\">\u00a0H\u1ec7 s\u1ed1 tr\u1ea3 m\u00e0u (CRI&gt;85) cho ch\u1ea5t l\u01b0\u1ee3ng \u00e1nh s\u00e1ng t\u1ef1 nhi\u00ean trung th\u1ef1c \u0111\u00e1p \u1ee9ng \u0111\u01b0\u1ee3c ti\u00eau chu\u1ea9n chi\u1ebfu s\u00e1ng Vi\u1ec7t Nam TCVN 7114:2008 <\/span><\/span><\/span><\/li>\n<\/ul>\n<p style=\"margin-left: 40px;\"><span style=\"color: #000000;\"><span style=\"font-size: 16px;\"><span style=\"font-family: times new roman,times,serif;\"><strong>\u1ee8ng d\u1ee5ng:<\/strong><\/span><\/span><\/span><\/p>\n<ul>\n<li style=\"margin-left: 40px;\"><span style=\"color: #000000;\"><span style=\"font-size: 16px;\"><span style=\"font-family: times new roman,times,serif;\">Chi\u1ebfu s\u00e1ng giao th\u00f4ng, an ninh,\u2026<\/span><\/span><\/span><\/li>\n<li style=\"margin-left: 40px;\"><span style=\"color: #000000;\"><span style=\"font-size: 16px;\"><span style=\"font-family: times new roman,times,serif;\">\u00a0An ninh kho b\u00e3i, <\/span><\/span><\/span><\/li>\n<li style=\"margin-left: 40px;\"><span style=\"color: #000000;\"><span style=\"font-size: 16px;\"><span style=\"font-family: times new roman,times,serif;\">\u00a0C\u1ed5ng r\u00e0o,<\/span><\/span><\/span><\/li>\n<li style=\"margin-left: 40px;\"><span style=\"color: #000000;\"><span style=\"font-size: 16px;\"><span style=\"font-family: times new roman,times,serif;\">\u00a0L\u1ed1i \u0111i h\u1ea1n ch\u1ebf, l\u1ed1i tho\u00e1t hi\u1ec3m.<\/span><\/span><\/span><\/li>\n<\/ul>\n<p style=\"margin-left: 40px;\"><span style=\"color: #000000;\"><strong><span style=\"font-size: 16px;\"><span style=\"font-family: times new roman,times,serif;\">Th\u00f4ng s\u1ed1 k\u1ef9 thu\u1eadt: \u0110\u00c8N PHA LED M\u1eceNG FLH50W-T<\/span><\/span><\/strong><\/span><\/p>\n<ul>\n<li style=\"margin-left: 40px;\"><span style=\"color: #000000;\"><span style=\"font-size: 16px;\"><span style=\"font-family: times new roman,times,serif;\">D\u00f2ng \u0111i\u1ec7n: Imax = 0,5 A <\/span><\/span><\/span><\/li>\n<li style=\"margin-left: 40px;\"><span style=\"color: #000000;\"><span style=\"font-size: 16px;\"><span style=\"font-family: times new roman,times,serif;\">H\u1ec7 s\u1ed1 c\u00f4ng su\u1ea5t: 0,65 <\/span><\/span><\/span><\/li>\n<li style=\"margin-left: 40px;\"><span style=\"color: #000000;\"><span style=\"font-size: 16px;\"><span style=\"font-family: times new roman,times,serif;\">Hi\u1ec7u su\u1ea5t quang: 70-90 Lm\/w <\/span><\/span><\/span><\/li>\n<li style=\"margin-left: 40px;\"><span style=\"color: #000000;\"><span style=\"font-size: 16px;\"><span style=\"font-family: times new roman,times,serif;\">Ch\u1ec9 s\u1ed1 ho\u00e0n m\u00e0u: Ra= 85 <\/span><\/span><\/span><\/li>\n<li style=\"margin-left: 40px;\"><span style=\"color: #000000;\"><span style=\"font-size: 16px;\"><span style=\"font-family: times new roman,times,serif;\">Nhi\u1ec7t \u0111\u1ed9 l\u00e0m vi\u1ec7c: (-10:40) <\/span><\/span><\/span><\/li>\n<li style=\"margin-left: 40px;\"><span style=\"color: #000000;\"><span style=\"font-size: 16px;\"><span style=\"font-family: times new roman,times,serif;\">\u0110i\u1ec7n \u00e1p ho\u1ea1t \u0111\u1ed9ng: (100-265) V <\/span><\/span><\/span><\/li>\n<li style=\"margin-left: 40px;\"><span style=\"color: #000000;\"><span style=\"font-size: 16px;\"><span style=\"font-family: times new roman,times,serif;\">Tu\u1ed5i th\u1ecd: 25.000 gi\u1edd<\/span><\/span><\/span><\/li>\n<li style=\"margin-left: 40px;\"><span style=\"color: #000000;\"><span style=\"font-size: 16px;\"><span style=\"font-family: times new roman,times,serif;\">K\u00edch th\u01b0\u1edbc:16 x 12 x 2.5 (cm)<\/span><\/span><\/span><\/li>\n<li style=\"margin-left: 40px;\"><span style=\"color: #000000;\"><span style=\"font-size: 16px;\"><span style=\"font-family: times new roman,times,serif;\">Quang th\u00f4ng: 4000<\/span><\/span><\/span><\/li>\n<li style=\"margin-left: 40px;\"><span style=\"color: #000000;\"><span style=\"font-size: 16px;\"><span style=\"font-family: times new roman,times,serif;\">Quy c\u00e1ch \u0111\u00f3ng g\u00f3i: 10 c\u00e1i\/ th\u00f9ng<\/span><\/span><\/span><\/li>\n<\/ul>\n<p style=\"text-align: center;\"><span style=\"font-family: times new roman,times,serif;\"><span style=\"font-size: 16px;\"><span style=\"color: #000000;\"><b>C\u1ea3m \u01a1n qu\u00fd kh\u00e1ch \u0111\u00e3 tin d\u00f9ng s\u1ea3n ph\u1ea9m Kawaled!<\/b><\/span><\/span><\/span><\/p>\n<p style=\"text-align: center;\"><span style=\"font-family: times new roman,times,serif;\"><span style=\"font-size: 16px;\"><span style=\"color: #000000;\"><b>Toll-Free Consulting Hotline:\u00a0<\/b><\/span><span style=\"color: #ff0000;\"><b>1800 0058<\/b><\/span><span style=\"color: #000000;\"><b>\u00a0Or Call Directly:\u00a0<\/b><\/span><span style=\"color: #ff0000;\"><b>093 4041 116<\/b><\/span><\/span><\/span><\/p>\n<p align=\"center\"><span style=\"font-family: times new roman,times,serif;\"><span style=\"font-size: 16px;\"><span style=\"color: #000000;\"><strong>Website:\u00a0<\/strong><\/span><a href=\"https:\/\/kawasan.vn\/\" target=\"_blank\" rel=\"noopener\"><span style=\"color: #0000cd;\"><strong>www.kawasan.vn<\/strong><\/span><\/a><\/span><\/span><\/p>\n<p align=\"center\"><span style=\"font-family: times new roman,times,serif;\"><span style=\"font-size: 16px;\"><span style=\"color: #000000;\"><strong>Website:\u00a0<\/strong><\/span><a href=\"https:\/\/kawaled.com.vn\/\"><span style=\"color: #0000cd;\"><strong>www.kawaled.com.vn<\/strong><\/span><\/a><\/span><\/span><\/p>\n<p style=\"text-align: center;\"><span style=\"font-family: times new roman,times,serif;\">\u00a0<\/span><\/p>\n<p style=\"text-align: center;\">","protected":false},"excerpt":{"rendered":"<p>M\u00f4 t\u1ea3: \u0110\u00c8N PHA LED M\u1eceNG FLH50W-T \u0110\u00e8n Led pha ki\u1ec3u d\u00e1ng m\u1ecfng g\u1ecdn, c\u00f3 thi\u1ebft k\u1ebf \u0111\u1eb7c bi\u1ec7t c\u00f3 c\u1ed5ng c\u1eafm th\u00eam thi\u1ebft b\u1ecb c\u1ea3m bi\u1ebfn \u0111\u1ec3 tr\u1edf th\u00e0nh pha c\u1ea3m \u1ee9ng th\u00f4ng minh, th\u00e2n h\u1ecdp kim nh\u00f4m \u0111\u00fac k\u00edn n\u01b0\u1edbc IP66,ch\u1ed1ng b\u1ee5i, c\u00f4n tr\u00f9ng c\u00f3 van th\u1edf ch\u1ed1ng \u1ea9m, th\u00edch h\u1ee3p l\u1eafp ngo\u00e0i [&hellip;]<\/p>","protected":false},"featured_media":21411,"comment_status":"open","ping_status":"closed","template":"","meta":{"rank_math_description":"\u00a0\u0110\u00c8N PHA LED M\u1eceNG FLH50W-T. Thi\u1ebft b\u1ecb thi\u1ebft k\u1ebf ch\u1ed1ng n\u01b0\u1edbc, th\u00edch h\u1ee3p l\u1eafp ngo\u00e0i tr\u1eddi cho c\u00f4ng tr\u00ecnh c\u00f4ng c\u1ed9ng, an ninh, kho b\u00e3i, c\u1ed5ng r\u00e0o, l\u1ed1i tho\u00e1t hi\u1ec3m,\u2026","rank_math_focus_keyword":"\u0110\u00c8N PHA LED M\u1eceNG FLH50W-T","rank_math_secondary_keywords":""},"product_cat":[1762,1731,1746],"product_tag":[2869,3001,2700,1942,2866,2691,2870,2867,2865,1855,2872,2871],"class_list":["post-21412","product","type-product","status-publish","has-post-thumbnail","hentry","product_cat-den-pha-led-cam-ung","product_cat-khuyen-mai-trong-thang","product_cat-hang-thanh-ly-kho","product_tag-bong-led-50w","product_tag-den-50w","product_tag-den-duong-led-50w","product_tag-den-led","product_tag-den-led-50w","product_tag-den-led-ngoai-troi","product_tag-den-led-pha-50w","product_tag-den-pha-50w","product_tag-den-pha-led-50w","product_tag-den-pha-led-mong-flh50w-t","product_tag-gia-den-pha-led-50w","product_tag-led-pha-50w"],"acf":[],"_links":{"self":[{"href":"https:\/\/kawaled.com.vn\/en\/wp-json\/wp\/v2\/product\/21412","targetHints":{"allow":["GET"]}}],"collection":[{"href":"https:\/\/kawaled.com.vn\/en\/wp-json\/wp\/v2\/product"}],"about":[{"href":"https:\/\/kawaled.com.vn\/en\/wp-json\/wp\/v2\/types\/product"}],"replies":[{"embeddable":true,"href":"https:\/\/kawaled.com.vn\/en\/wp-json\/wp\/v2\/comments?post=21412"}],"version-history":[{"count":0,"href":"https:\/\/kawaled.com.vn\/en\/wp-json\/wp\/v2\/product\/21412\/revisions"}],"wp:featuredmedia":[{"embeddable":true,"href":"https:\/\/kawaled.com.vn\/en\/wp-json\/wp\/v2\/media\/21411"}],"wp:attachment":[{"href":"https:\/\/kawaled.com.vn\/en\/wp-json\/wp\/v2\/media?parent=21412"}],"wp:term":[{"taxonomy":"product_cat","embeddable":true,"href":"https:\/\/kawaled.com.vn\/en\/wp-json\/wp\/v2\/product_cat?post=21412"},{"taxonomy":"product_tag","embeddable":true,"href":"https:\/\/kawaled.com.vn\/en\/wp-json\/wp\/v2\/product_tag?post=21412"}],"curies":[{"name":"wp","href":"https:\/\/api.w.org\/{rel}","templated":true}]}}