{"id":21408,"date":"2021-01-04T09:20:49","date_gmt":"2021-01-04T02:20:49","guid":{"rendered":"https:\/\/kawaled.123websitedev.com\/san-pham\/den-pha-led-mong-flh20w-t\/"},"modified":"2026-01-26T08:27:07","modified_gmt":"2026-01-26T01:27:07","slug":"den-pha-led-mong-flh20w-t","status":"publish","type":"product","link":"https:\/\/kawaled.com.vn\/en\/product\/den-pha-led-mong-flh20w-t\/","title":{"rendered":"\u0110\u00c8N PHA LED M\u1eceNG FLH20W-T"},"content":{"rendered":"<p><span style=\"font-family: times new roman,times,serif;\"><span style=\"color: #000000;\"><span style=\"font-size: 16px;\"><strong>M\u00f4 t\u1ea3:<\/strong><\/span><\/span><\/span><\/p>\n<p><span style=\"font-family: times new roman,times,serif;\"><span style=\"color: #000000;\"><span style=\"font-size: 16px;\">\u0110\u00e8n Pha Led M\u1ecfng FLH20W-T. Ki\u1ec3u d\u00e1ng m\u1ecfng g\u1ecdn, c\u00f3 thi\u1ebft k\u1ebf \u0111\u1eb7c bi\u1ec7t c\u00f3 c\u1ed5ng c\u1eafm th\u00eam thi\u1ebft b\u1ecb c\u1ea3m bi\u1ebfn \u0111\u1ec3 tr\u1edf th\u00e0nh pha c\u1ea3m \u1ee9ng th\u00f4ng minh, th\u00e2n h\u1ecdp kim nh\u00f4m \u0111\u00fac k\u00edn n\u01b0\u1edbc IP66, ch\u1ed1ng b\u1ee5i, c\u00f4n tr\u00f9ng c\u00f3 van th\u1edf ch\u1ed1ng \u1ea9m, th\u00edch h\u1ee3p l\u1eafp ngo\u00e0i tr\u1eddi cho c\u00f4ng tr\u00ecnh c\u00f4ng c\u1ed9ng, an ninh, kho b\u00e3i, c\u1ed5ng r\u00e0o, l\u1ed1i \u0111i h\u1ea1n ch\u1ebf, l\u1ed1i tho\u00e1t hi\u1ec3m \u2026 tu\u1ed5i th\u1ecd l\u00ean \u0111\u1ebfn 25.000 gi\u1edd.\u00a0<\/span><\/span><\/span><\/p>\n<p style=\"margin-left: 160px;\"><span style=\"font-family: times new roman,times,serif;\"><span style=\"color: #000000;\"><span style=\"font-size: 16px;\"><img decoding=\"async\" class=\"size-full wp-image-21407 aligncenter\" style=\"width: 500px; height: 500px;\" src=\"https:\/\/kawaled.com.vn\/wp-content\/uploads\/2021\/01\/led-pha-lap-cam-ung-20w.jpg\" alt=\"\" width=\"1250\" height=\"1250\" srcset=\"https:\/\/kawaled.com.vn\/wp-content\/uploads\/2021\/01\/led-pha-lap-cam-ung-20w.jpg 1250w, https:\/\/kawaled.com.vn\/wp-content\/uploads\/2021\/01\/led-pha-lap-cam-ung-20w-1000x1000.jpg 1000w, https:\/\/kawaled.com.vn\/wp-content\/uploads\/2021\/01\/led-pha-lap-cam-ung-20w-1024x1024.jpg 1024w, https:\/\/kawaled.com.vn\/wp-content\/uploads\/2021\/01\/led-pha-lap-cam-ung-20w-768x768.jpg 768w, https:\/\/kawaled.com.vn\/wp-content\/uploads\/2021\/01\/led-pha-lap-cam-ung-20w-640x640.jpg 640w, https:\/\/kawaled.com.vn\/wp-content\/uploads\/2021\/01\/led-pha-lap-cam-ung-20w-400x400.jpg 400w\" sizes=\"(max-width: 1250px) 100vw, 1250px\" \/><\/span><\/span><\/span><\/p>\n<p><span style=\"font-family: times new roman,times,serif;\"><span style=\"color: #000000;\"><span style=\"font-size: 16px;\"><strong>T\u00ednh n\u0103ng: \u0110\u00e8n Pha Led M\u1ecfng FLH20W-T<\/strong><\/span><\/span><\/span><\/p>\n<ul>\n<li><span style=\"font-family: times new roman,times,serif;\"><span style=\"color: #000000;\"><span style=\"font-size: 16px;\">\u00a0An to\u00e0n chi\u1ebfu s\u00e1ng cho khu v\u1ef1c l\u1eafp \u0111\u1eb7t, ch\u1ecbu \u0111\u01b0\u1ee3c m\u00f4i tr\u01b0\u1eddng c\u00f3 t\u00ednh \u0103n m\u00f2n, c\u00f4ng tr\u00ecnh ven bi\u1ec3n, <\/span><\/span><\/span><\/li>\n<li><span style=\"font-family: times new roman,times,serif;\"><span style=\"color: #000000;\"><span style=\"font-size: 16px;\">\u00a0Thi\u1ebft b\u1ecb \u0111\u01b0\u1ee3c thi\u1ebft k\u1ebf ch\u1ed1ng n\u01b0\u1edbc, th\u00edch h\u1ee3p l\u1eafp ngo\u00e0i tr\u1eddi cho c\u00f4ng tr\u00ecnh c\u00f4ng c\u1ed9ng, an ninh, kho b\u00e3i, c\u1ed5ng r\u00e0o, l\u1ed1i \u0111i h\u1ea1n ch\u1ebf, l\u1ed1i tho\u00e1t hi\u1ec3m,\u2026 <\/span><\/span><\/span><\/li>\n<li><span style=\"font-family: times new roman,times,serif;\"><span style=\"color: #000000;\"><span style=\"font-size: 16px;\">\u00a0Thi\u1ebft k\u1ebf ki\u1ec3u d\u00e1ng m\u1ecfng g\u1ecdn, m\u1ecfng th\u00edch h\u1ee3p trang tr\u00ed shop, showroom,\u2026 <\/span><\/span><\/span><\/li>\n<li><span style=\"font-family: times new roman,times,serif;\"><span style=\"color: #000000;\"><span style=\"font-size: 16px;\">\u00a0H\u1ec7 s\u1ed1 tr\u1ea3 m\u00e0u (CRI&gt;85) cho ch\u1ea5t l\u01b0\u1ee3ng \u00e1nh s\u00e1ng t\u1ef1 nhi\u00ean trung th\u1ef1c \u0111\u00e1p \u1ee9ng \u0111\u01b0\u1ee3c ti\u00eau chu\u1ea9n chi\u1ebfu s\u00e1ng Vi\u1ec7t Nam TCVN 7114:2008 <\/span><\/span><\/span><\/li>\n<\/ul>\n<p><span style=\"font-family: times new roman,times,serif;\"><span style=\"color: #000000;\"><span style=\"font-size: 16px;\"><strong>\u1ee8ng d\u1ee5ng: \u0110\u00e8n Pha Led M\u1ecfng FLH20W-T<\/strong><\/span><\/span><\/span><\/p>\n<ul>\n<li><span style=\"font-family: times new roman,times,serif;\"><span style=\"color: #000000;\"><span style=\"font-size: 16px;\">Chi\u1ebfu s\u00e1ng giao th\u00f4ng, an ninh,\u2026<\/span><\/span><\/span><\/li>\n<li><span style=\"font-family: times new roman,times,serif;\"><span style=\"color: #000000;\"><span style=\"font-size: 16px;\">\u00a0An ninh kho b\u00e3i, <\/span><\/span><\/span><\/li>\n<li><span style=\"font-family: times new roman,times,serif;\"><span style=\"color: #000000;\"><span style=\"font-size: 16px;\">\u00a0C\u1ed5ng r\u00e0o,<\/span><\/span><\/span><\/li>\n<li><span style=\"font-family: times new roman,times,serif;\"><span style=\"color: #000000;\"><span style=\"font-size: 16px;\">\u00a0L\u1ed1i \u0111i h\u1ea1n ch\u1ebf, l\u1ed1i tho\u00e1t hi\u1ec3m.<\/span><\/span><\/span><\/li>\n<\/ul>\n<p><span style=\"font-family: times new roman,times,serif;\"><span style=\"color: #000000;\"><strong><span style=\"font-size: 16px;\">Th\u00f4ng s\u1ed1 k\u1ef9 thu\u1eadt:<\/span><\/strong><\/span><\/span><\/p>\n<ul>\n<li><span style=\"font-family: times new roman,times,serif;\"><span style=\"color: #000000;\"><span style=\"font-size: 16px;\">D\u00f2ng \u0111i\u1ec7n: Imax = 0,5 A <\/span><\/span><\/span><\/li>\n<li><span style=\"font-family: times new roman,times,serif;\"><span style=\"color: #000000;\"><span style=\"font-size: 16px;\">H\u1ec7 s\u1ed1 c\u00f4ng su\u1ea5t: 0,65 <\/span><\/span><\/span><\/li>\n<li><span style=\"font-family: times new roman,times,serif;\"><span style=\"color: #000000;\"><span style=\"font-size: 16px;\">Hi\u1ec7u su\u1ea5t quang: 70-90 Lm\/w <\/span><\/span><\/span><\/li>\n<li><span style=\"font-family: times new roman,times,serif;\"><span style=\"color: #000000;\"><span style=\"font-size: 16px;\">Ch\u1ec9 s\u1ed1 ho\u00e0n m\u00e0u: Ra= 85 <\/span><\/span><\/span><\/li>\n<li><span style=\"font-family: times new roman,times,serif;\"><span style=\"color: #000000;\"><span style=\"font-size: 16px;\">Nhi\u1ec7t \u0111\u1ed9 l\u00e0m vi\u1ec7c: (-10:40) <\/span><\/span><\/span><\/li>\n<li><span style=\"font-family: times new roman,times,serif;\"><span style=\"color: #000000;\"><span style=\"font-size: 16px;\">\u0110i\u1ec7n \u00e1p ho\u1ea1t \u0111\u1ed9ng: (100-265) V <\/span><\/span><\/span><\/li>\n<li><span style=\"font-family: times new roman,times,serif;\"><span style=\"color: #000000;\"><span style=\"font-size: 16px;\">Tu\u1ed5i th\u1ecd: 25.000 gi\u1edd<\/span><\/span><\/span><\/li>\n<li><span style=\"font-family: times new roman,times,serif;\"><span style=\"color: #000000;\"><span style=\"font-size: 16px;\">K\u00edch th\u01b0\u1edbc:16 x 12 x 2.5 (cm)<\/span><\/span><\/span><\/li>\n<li><span style=\"font-family: times new roman,times,serif;\"><span style=\"color: #000000;\"><span style=\"font-size: 16px;\">Quang th\u00f4ng:\u00a01600<\/span><\/span><\/span><\/li>\n<li><span style=\"font-size: 16px;\"><span style=\"font-family: times new roman,times,serif;\"><span style=\"color: #000000;\">Quy c\u00e1ch \u0111\u00f3ng g\u00f3i: 20 c\u00e1i\/ th\u00f9ng<\/span><\/span><\/span><\/li>\n<\/ul>\n<p style=\"text-align: center;\"><span style=\"font-size: 16px;\"><span style=\"font-family: times new roman,times,serif;\"><b>C\u1ea3m \u01a1n qu\u00fd kh\u00e1ch \u0111\u00e3 tin d\u00f9ng s\u1ea3n ph\u1ea9m Kawaled!<\/b><\/span><\/span><\/p>\n<p style=\"text-align: center;\"><span style=\"font-size: 16px;\"><span style=\"font-family: times new roman,times,serif;\"><b>Toll-Free Consulting Hotline:\u00a0<\/b><span style=\"color: #ff0000;\"><b>1800 0058<\/b><\/span><b>\u00a0Or Call Directly:<span style=\"color: #ff0000;\">\u00a0<\/span><\/b><span style=\"color: #ff0000;\"><b>093 4041 116<\/b><\/span><\/span><\/span><\/p>\n<p align=\"center\"><span style=\"font-family: times new roman,times,serif;\"><span style=\"font-size: 16px;\"><span style=\"color: #000000;\"><strong>Website:\u00a0<\/strong><\/span><a href=\"https:\/\/kawasan.vn\/\" target=\"_blank\" rel=\"noopener\"><span style=\"color: #0000cd;\"><strong>www.kawasan.vn<\/strong><\/span><\/a><\/span><\/span><\/p>\n<p align=\"center\"><span style=\"font-family: times new roman,times,serif;\"><span style=\"font-size: 16px;\"><span style=\"color: #000000;\"><strong>Website:\u00a0<\/strong><\/span><a href=\"https:\/\/kawaled.com.vn\/\"><span style=\"color: #0000cd;\"><strong>www.kawaled.com.vn<\/strong><\/span><\/a><\/span><\/span><\/p>\n<p style=\"text-align: center;\"><span style=\"font-size: 16px;\">\u00a0<\/span><\/p>","protected":false},"excerpt":{"rendered":"<p>M\u00f4 t\u1ea3: \u0110\u00e8n Pha Led M\u1ecfng FLH20W-T. Ki\u1ec3u d\u00e1ng m\u1ecfng g\u1ecdn, c\u00f3 thi\u1ebft k\u1ebf \u0111\u1eb7c bi\u1ec7t c\u00f3 c\u1ed5ng c\u1eafm th\u00eam thi\u1ebft b\u1ecb c\u1ea3m bi\u1ebfn \u0111\u1ec3 tr\u1edf th\u00e0nh pha c\u1ea3m \u1ee9ng th\u00f4ng minh, th\u00e2n h\u1ecdp kim nh\u00f4m \u0111\u00fac k\u00edn n\u01b0\u1edbc IP66, ch\u1ed1ng b\u1ee5i, c\u00f4n tr\u00f9ng c\u00f3 van th\u1edf ch\u1ed1ng \u1ea9m, th\u00edch h\u1ee3p l\u1eafp ngo\u00e0i tr\u1eddi cho [&hellip;]<\/p>","protected":false},"featured_media":21407,"comment_status":"open","ping_status":"closed","template":"","meta":{"rank_math_description":"\u0110\u00e8n Pha Led M\u1ecfng FLH20W-T. D\u00f2ng \u0111i\u1ec7n: Imax = 0,5 A. H\u1ec7 s\u1ed1 c\u00f4ng su\u1ea5t: 0,65. Hi\u1ec7u su\u1ea5t quang: 70-90 Lm\/w. Tu\u1ed5i th\u1ecd: 25.000 gi\u1edd. K\u00edch th\u01b0\u1edbc:16 x 12 x 2.5 (cm)","rank_math_focus_keyword":"\u0110\u00c8N PHA LED M\u1eceNG FLH20W-T","rank_math_secondary_keywords":""},"product_cat":[1762,1731,1746],"product_tag":[2837,2838,2948,2836,2949,2950,1853],"class_list":["post-21408","product","type-product","status-publish","has-post-thumbnail","hentry","product_cat-den-pha-led-cam-ung","product_cat-khuyen-mai-trong-thang","product_cat-hang-thanh-ly-kho","product_tag-bong-den-led-20w","product_tag-bong-led-20w","product_tag-den-20w","product_tag-den-led-20w","product_tag-den-pha-20w","product_tag-den-pha-led-20w","product_tag-den-pha-led-mong-flh20w-t"],"acf":[],"_links":{"self":[{"href":"https:\/\/kawaled.com.vn\/en\/wp-json\/wp\/v2\/product\/21408","targetHints":{"allow":["GET"]}}],"collection":[{"href":"https:\/\/kawaled.com.vn\/en\/wp-json\/wp\/v2\/product"}],"about":[{"href":"https:\/\/kawaled.com.vn\/en\/wp-json\/wp\/v2\/types\/product"}],"replies":[{"embeddable":true,"href":"https:\/\/kawaled.com.vn\/en\/wp-json\/wp\/v2\/comments?post=21408"}],"version-history":[{"count":0,"href":"https:\/\/kawaled.com.vn\/en\/wp-json\/wp\/v2\/product\/21408\/revisions"}],"wp:featuredmedia":[{"embeddable":true,"href":"https:\/\/kawaled.com.vn\/en\/wp-json\/wp\/v2\/media\/21407"}],"wp:attachment":[{"href":"https:\/\/kawaled.com.vn\/en\/wp-json\/wp\/v2\/media?parent=21408"}],"wp:term":[{"taxonomy":"product_cat","embeddable":true,"href":"https:\/\/kawaled.com.vn\/en\/wp-json\/wp\/v2\/product_cat?post=21408"},{"taxonomy":"product_tag","embeddable":true,"href":"https:\/\/kawaled.com.vn\/en\/wp-json\/wp\/v2\/product_tag?post=21408"}],"curies":[{"name":"wp","href":"https:\/\/api.w.org\/{rel}","templated":true}]}}