{"id":21406,"date":"2021-01-04T08:52:42","date_gmt":"2021-01-04T01:52:42","guid":{"rendered":"https:\/\/kawaled.123websitedev.com\/san-pham\/den-pha-led-doi-mau-fl100w-rgb2\/"},"modified":"2026-03-26T11:38:47","modified_gmt":"2026-03-26T04:38:47","slug":"den-pha-led-doi-mau-fl100w-rgb2","status":"publish","type":"product","link":"https:\/\/kawaled.com.vn\/en\/product\/den-pha-led-doi-mau-fl100w-rgb2\/","title":{"rendered":"\u0110\u00c8N PHA LED \u0110\u1ed4I M\u00c0U FL100W-RGB2"},"content":{"rendered":"<h2><span style=\"color: #000000;\"><span style=\"font-size: 16px;\"><span style=\"font-family: times new roman,times,serif;\"><strong>\u01afU \u0110I\u1ec2M N\u1ed4I B\u1eacT C\u1ee6A \u0110\u00c8N PHA 7 M\u00c0U<\/strong><\/span><\/span><\/span><\/h2>\n<ul>\n<li><span style=\"color: #000000;\"><span style=\"font-size: 16px;\"><span style=\"font-family: times new roman,times,serif;\">\u0110\u00e8n led pha \u0111\u01b0\u1ee3c c\u1ea5u t\u1ea1o t\u1eeb nh\u1eefng chip led si\u00eau s\u00e1ng, si\u00eau ti\u1ebft ki\u1ec7m \u0111i\u1ec7n<\/span><\/span><\/span><\/li>\n<li><span style=\"color: #000000;\"><span style=\"font-size: 16px;\"><span style=\"font-family: times new roman,times,serif;\">Tu\u1ed5i th\u1ecd cao l\u00ean \u0111\u1ebfn 25.000h, ti\u1ebft ki\u1ec7m chi ph\u00ed mua m\u1edbi thi\u1ebft b\u1ecb cho ng\u01b0\u1eddi d\u00f9ng<\/span><\/span><\/span><\/li>\n<li><span style=\"color: #000000;\"><span style=\"font-size: 16px;\"><span style=\"font-family: times new roman,times,serif;\">Thi\u1ebft k\u1ebf th\u00e2n thi\u1ec7n v\u1edbi m\u00f4i tr\u01b0\u1eddng, s\u1ea3n ph\u1ea9m d\u1ec5 t\u00e1i ch\u1ebf<\/span><\/span><\/span><\/li>\n<\/ul>\n<p style=\"margin-left: 160px;\"><span style=\"color: #000000;\"><span style=\"font-size: 16px;\"><span style=\"font-family: times new roman,times,serif;\"><img decoding=\"async\" class=\"size-full wp-image-21403 aligncenter\" style=\"width: 500px; height: 500px;\" src=\"https:\/\/kawaled.com.vn\/wp-content\/uploads\/2021\/01\/den-pha-led-doi-mau-rgb2-1.jpg\" alt=\"\u01afu \u0111i\u1ec3m n\u00f4i b\u1eadt \u0111\u00e8n pha led rgb2\" width=\"800\" height=\"800\" srcset=\"https:\/\/kawaled.com.vn\/wp-content\/uploads\/2021\/01\/den-pha-led-doi-mau-rgb2-1.jpg 800w, https:\/\/kawaled.com.vn\/wp-content\/uploads\/2021\/01\/den-pha-led-doi-mau-rgb2-1-768x768.jpg 768w, https:\/\/kawaled.com.vn\/wp-content\/uploads\/2021\/01\/den-pha-led-doi-mau-rgb2-1-640x640.jpg 640w, https:\/\/kawaled.com.vn\/wp-content\/uploads\/2021\/01\/den-pha-led-doi-mau-rgb2-1-400x400.jpg 400w\" sizes=\"(max-width: 800px) 100vw, 800px\" \/><\/span><\/span><\/span><\/p>\n<ul>\n<li><span style=\"color: #000000;\"><span style=\"font-size: 16px;\"><span style=\"font-family: times new roman,times,serif;\">\u00c1nh s\u00e1ng t\u1ef1 nhi\u00ean \u0111\u1ea3m b\u1ea3o an to\u00e0n cho m\u1eaft ng\u01b0\u1eddi d\u00f9ng<\/span><\/span><\/span><\/li>\n<li><span style=\"color: #000000;\"><span style=\"font-size: 16px;\"><span style=\"font-family: times new roman,times,serif;\">Ti\u00eau chu\u1ea9n IP66\u00a0k\u00edn n\u01b0\u1edbc v\u00e0 ch\u1ed1ng b\u1ee5i b\u1ea9n<\/span><\/span><\/span><\/li>\n<li><span style=\"color: #000000;\"><span style=\"font-size: 16px;\"><span style=\"font-family: times new roman,times,serif;\">C\u00f3 remote \u0111i\u1ec1u ch\u1ec9nh m\u00e0u t\u00f9y th\u00edch, v\u1edbi\u00a0nhi\u1ec1u ch\u1ebf \u0111\u1ed9 \u0111i\u1ec1u ch\u1ec9nh v\u00e0\u00a0tr\u1ed9n m\u00e0u theo y\u00eau c\u1ea7u<\/span><\/span><\/span><\/li>\n<\/ul>\n<p style=\"margin-left: 160px;\"><img decoding=\"async\" class=\"size-full wp-image-21404 aligncenter\" style=\"width: 500px; height: 469px;\" src=\"https:\/\/kawaled.com.vn\/wp-content\/uploads\/2021\/01\/den-pha-led-doi-mau-rgb2-100w-2.jpg\" alt=\"\" width=\"1436\" height=\"1348\" srcset=\"https:\/\/kawaled.com.vn\/wp-content\/uploads\/2021\/01\/den-pha-led-doi-mau-rgb2-100w-2.jpg 1436w, https:\/\/kawaled.com.vn\/wp-content\/uploads\/2021\/01\/den-pha-led-doi-mau-rgb2-100w-2-1000x939.jpg 1000w, https:\/\/kawaled.com.vn\/wp-content\/uploads\/2021\/01\/den-pha-led-doi-mau-rgb2-100w-2-1024x961.jpg 1024w, https:\/\/kawaled.com.vn\/wp-content\/uploads\/2021\/01\/den-pha-led-doi-mau-rgb2-100w-2-768x721.jpg 768w, https:\/\/kawaled.com.vn\/wp-content\/uploads\/2021\/01\/den-pha-led-doi-mau-rgb2-100w-2-640x601.jpg 640w, https:\/\/kawaled.com.vn\/wp-content\/uploads\/2021\/01\/den-pha-led-doi-mau-rgb2-100w-2-400x375.jpg 400w\" sizes=\"(max-width: 1436px) 100vw, 1436px\" \/><\/p>\n<p style=\"margin-left: 160px;\"><img decoding=\"async\" class=\"size-full wp-image-21405 aligncenter\" style=\"width: 500px; height: 584px;\" src=\"https:\/\/kawaled.com.vn\/wp-content\/uploads\/2021\/01\/den-pha-led-doi-mau-rgb2-100w-1.jpg\" alt=\"\" width=\"1212\" height=\"1416\" srcset=\"https:\/\/kawaled.com.vn\/wp-content\/uploads\/2021\/01\/den-pha-led-doi-mau-rgb2-100w-1.jpg 1212w, https:\/\/kawaled.com.vn\/wp-content\/uploads\/2021\/01\/den-pha-led-doi-mau-rgb2-100w-1-1000x1168.jpg 1000w, https:\/\/kawaled.com.vn\/wp-content\/uploads\/2021\/01\/den-pha-led-doi-mau-rgb2-100w-1-876x1024.jpg 876w, https:\/\/kawaled.com.vn\/wp-content\/uploads\/2021\/01\/den-pha-led-doi-mau-rgb2-100w-1-768x897.jpg 768w, https:\/\/kawaled.com.vn\/wp-content\/uploads\/2021\/01\/den-pha-led-doi-mau-rgb2-100w-1-640x748.jpg 640w, https:\/\/kawaled.com.vn\/wp-content\/uploads\/2021\/01\/den-pha-led-doi-mau-rgb2-100w-1-400x467.jpg 400w\" sizes=\"(max-width: 1212px) 100vw, 1212px\" \/><\/p>\n<p style=\"margin-left: 40px;\"><span style=\"color: #000000;\"><span style=\"font-size: 16px;\"><span style=\"font-family: times new roman,times,serif;\"><strong>TH\u00d4NG S\u1ed0\u00a0K\u1ef8 THU\u1eacT<\/strong><\/span><\/span><\/span><\/p>\n<ul>\n<li style=\"margin-left: 40px;\"><span style=\"color: #000000;\"><span style=\"font-size: 16px;\"><span style=\"font-family: times new roman,times,serif;\">Ngu\u1ed3n: 110-240VAC<\/span><\/span><\/span><\/li>\n<li style=\"margin-left: 40px;\"><span style=\"color: #000000;\"><span style=\"font-size: 16px;\"><span style=\"font-family: times new roman,times,serif;\">C\u00f4ng su\u1ea5t s\u00e1ng: 80lm\/W~90lm\/W<\/span><\/span><\/span><\/li>\n<li style=\"margin-left: 40px;\"><span style=\"color: #000000;\"><span style=\"font-size: 16px;\"><span style=\"font-family: times new roman,times,serif;\">G\u00f3c chi\u1ebfu s\u00e1ng: 90&#215;130\u00b0<\/span><\/span><\/span><\/li>\n<li style=\"margin-left: 40px;\"><span style=\"color: #000000;\"><span style=\"font-size: 16px;\"><span style=\"font-family: times new roman,times,serif;\">\u0110\u1ed9 k\u00edn n\u01b0\u1edbc: IP66<\/span><\/span><\/span><\/li>\n<li style=\"margin-left: 40px;\"><span style=\"color: #000000;\"><span style=\"font-size: 16px;\"><span style=\"font-family: times new roman,times,serif;\">C\u00f4ng su\u1ea5t : 100W<\/span><\/span><\/span><\/li>\n<li style=\"margin-left: 40px;\"><span style=\"color: #000000;\"><span style=\"font-size: 16px;\"><span style=\"font-family: times new roman,times,serif;\">K\u00edch th\u01b0\u1edbc \u0111\u00e8n: 27x26x4.5 cm<\/span><\/span><\/span><\/li>\n<\/ul>\n<p style=\"margin-left: 40px;\"><span style=\"color: #000000;\"><span style=\"font-size: 16px;\"><span style=\"font-family: times new roman,times,serif;\"><em><strong>\u0110i\u1ec1u khi\u1ec3n b\u1eb1ng remote:<\/strong><\/em><\/span><\/span><\/span><\/p>\n<ul>\n<li style=\"margin-left: 40px;\"><span style=\"color: #000000;\"><span style=\"font-size: 16px;\"><span style=\"font-family: times new roman,times,serif;\">C\u1ed1 \u0111\u1ecbnh 7 m\u00e0u (Xanh, \u0110\u1ecf, T\u00edm, V\u00e0ng,&#8230;)<\/span><\/span><\/span><\/li>\n<li style=\"margin-left: 40px;\"><span style=\"color: #000000;\"><span style=\"font-size: 16px;\"><span style=\"font-family: times new roman,times,serif;\">Chuy\u1ec3n 7 m\u00e0u t\u1ef1 \u0111\u1ed9ng<\/span><\/span><\/span><\/li>\n<li style=\"margin-left: 40px;\"><span style=\"color: #000000;\"><span style=\"font-size: 16px;\"><span style=\"font-family: times new roman,times,serif;\">T\u1eaft\/M\u1edf<\/span><\/span><\/span><\/li>\n<li style=\"margin-left: 40px;\"><span style=\"color: #000000;\"><span style=\"font-size: 16px;\"><span style=\"font-family: times new roman,times,serif;\">Ch\u1ebf \u0111\u1ed9 ch\u1edbp chuy\u1ec3n m\u00e0u<\/span><\/span><\/span><\/li>\n<\/ul>\n<p style=\"margin-left: 160px;\"><span style=\"color: #000000;\"><span style=\"font-size: 16px;\"><span style=\"font-family: times new roman,times,serif;\"><img decoding=\"async\" class=\"size-full wp-image-21385 aligncenter\" style=\"width: 500px; height: 500px;\" src=\"https:\/\/kawaled.com.vn\/wp-content\/uploads\/2021\/01\/den-pha-led-doi-mau-rgb2-4.jpg\" alt=\"Remote \u0111\u00e8n pha led \u0111\u1ed5i m\u00e0u RGB2\" width=\"800\" height=\"800\" srcset=\"https:\/\/kawaled.com.vn\/wp-content\/uploads\/2021\/01\/den-pha-led-doi-mau-rgb2-4.jpg 800w, https:\/\/kawaled.com.vn\/wp-content\/uploads\/2021\/01\/den-pha-led-doi-mau-rgb2-4-768x768.jpg 768w, https:\/\/kawaled.com.vn\/wp-content\/uploads\/2021\/01\/den-pha-led-doi-mau-rgb2-4-640x640.jpg 640w, https:\/\/kawaled.com.vn\/wp-content\/uploads\/2021\/01\/den-pha-led-doi-mau-rgb2-4-400x400.jpg 400w\" sizes=\"(max-width: 800px) 100vw, 800px\" \/><\/span><\/span><\/span><\/p>\n<p style=\"margin-left: 160px;\"><span style=\"color: #000000;\"><span style=\"font-size: 16px;\"><span style=\"font-family: times new roman,times,serif;\"><img decoding=\"async\" class=\"size-full wp-image-21386 aligncenter\" style=\"width: 500px; height: 375px;\" src=\"https:\/\/kawaled.com.vn\/wp-content\/uploads\/2021\/01\/den-pha-led-doi-mau-rgb2-5.jpg\" alt=\"\" width=\"2560\" height=\"1920\" srcset=\"https:\/\/kawaled.com.vn\/wp-content\/uploads\/2021\/01\/den-pha-led-doi-mau-rgb2-5.jpg 2560w, https:\/\/kawaled.com.vn\/wp-content\/uploads\/2021\/01\/den-pha-led-doi-mau-rgb2-5-1000x750.jpg 1000w, https:\/\/kawaled.com.vn\/wp-content\/uploads\/2021\/01\/den-pha-led-doi-mau-rgb2-5-1024x768.jpg 1024w, https:\/\/kawaled.com.vn\/wp-content\/uploads\/2021\/01\/den-pha-led-doi-mau-rgb2-5-768x576.jpg 768w, https:\/\/kawaled.com.vn\/wp-content\/uploads\/2021\/01\/den-pha-led-doi-mau-rgb2-5-1536x1152.jpg 1536w, https:\/\/kawaled.com.vn\/wp-content\/uploads\/2021\/01\/den-pha-led-doi-mau-rgb2-5-2048x1536.jpg 2048w, https:\/\/kawaled.com.vn\/wp-content\/uploads\/2021\/01\/den-pha-led-doi-mau-rgb2-5-463x348.jpg 463w, https:\/\/kawaled.com.vn\/wp-content\/uploads\/2021\/01\/den-pha-led-doi-mau-rgb2-5-640x480.jpg 640w, https:\/\/kawaled.com.vn\/wp-content\/uploads\/2021\/01\/den-pha-led-doi-mau-rgb2-5-400x300.jpg 400w\" sizes=\"(max-width: 2560px) 100vw, 2560px\" \/><\/span><\/span><\/span><\/p>\n<h2><span style=\"color: #000000;\"><span style=\"font-size: 16px;\"><span style=\"font-family: times new roman,times,serif;\"><strong>\u1ee8NG D\u1ee4NG C\u1ee6A \u0110\u00c8N PHA LED \u0110\u1ed4I M\u00c0U<\/strong><\/span><\/span><\/span><\/h2>\n<p><span style=\"color: #000000;\"><span style=\"font-size: 16px;\"><span style=\"font-family: times new roman,times,serif;\">D\u00f2ng\u00a0<strong>\u0111\u00e8n pha led RGB2<\/strong>\u00a0th\u01b0\u1eddng \u0111\u01b0\u1ee3c \u00e1p d\u1ee5ng trong chi\u1ebfu s\u00e1ng trang tr\u00ed y\u00eau c\u1ea7u c\u00f3 m\u00e0u s\u1eafc s\u1eb7c s\u1ee1 \u0111\u1ec3 thu h\u00fat h\u01a1n trong quan c\u1ea3nh nh\u01b0:<\/span><\/span><\/span><\/p>\n<ul>\n<li><span style=\"color: #000000;\"><span style=\"font-size: 16px;\"><span style=\"font-family: times new roman,times,serif;\">Chi\u1ebfu s\u00e1ng c\u00e2y c\u1ea3nh trong khu\u00f4n vi\u00ean<\/span><\/span><\/span><\/li>\n<\/ul>\n<p style=\"margin-left: 160px;\"><span style=\"color: #000000;\"><span style=\"font-size: 16px;\"><span style=\"font-family: times new roman,times,serif;\"><img decoding=\"async\" class=\"size-full wp-image-21066 aligncenter\" src=\"https:\/\/kawaled.com.vn\/wp-content\/uploads\/2019\/08\/den-pha-led-doi-mau-flh-20-50w-5.jpg\" alt=\"\" width=\"600\" height=\"400\" srcset=\"https:\/\/kawaled.com.vn\/wp-content\/uploads\/2019\/08\/den-pha-led-doi-mau-flh-20-50w-5.jpg 600w, https:\/\/kawaled.com.vn\/wp-content\/uploads\/2019\/08\/den-pha-led-doi-mau-flh-20-50w-5-400x267.jpg 400w\" sizes=\"(max-width: 600px) 100vw, 600px\" \/><\/span><\/span><\/span><\/p>\n<ul>\n<li><span style=\"color: #000000;\"><span style=\"font-size: 16px;\"><span style=\"font-family: times new roman,times,serif;\">Chi\u1ebfu s\u00e1ng c\u1ea7u v\u01b0\u1ee3t, c\u1ed5ng ch\u00e0o, c\u00f4ng vi\u00ean<\/span><\/span><\/span><\/li>\n<\/ul>\n<p style=\"margin-left: 160px;\"><span style=\"color: #000000;\"><span style=\"font-size: 16px;\"><span style=\"font-family: times new roman,times,serif;\"><img decoding=\"async\" class=\"size-full wp-image-21067 aligncenter\" src=\"https:\/\/kawaled.com.vn\/wp-content\/uploads\/2019\/08\/den-pha-led-doi-mau-flh-20-50w-6.jpg\" alt=\"\" width=\"600\" height=\"400\" srcset=\"https:\/\/kawaled.com.vn\/wp-content\/uploads\/2019\/08\/den-pha-led-doi-mau-flh-20-50w-6.jpg 600w, https:\/\/kawaled.com.vn\/wp-content\/uploads\/2019\/08\/den-pha-led-doi-mau-flh-20-50w-6-400x267.jpg 400w\" sizes=\"(max-width: 600px) 100vw, 600px\" \/><\/span><\/span><\/span><\/p>\n<ul>\n<li><span style=\"color: #000000;\"><span style=\"font-size: 16px;\"><span style=\"font-family: times new roman,times,serif;\">Chi\u1ebfu s\u00e1ng t\u00f2a nh\u00e0 c\u00f4ng tr\u00ecnh du l\u1ecbch, khu vui ch\u01a1i, l\u1ec5 h\u1ed9i, khu c\u00f4ng\u00a0 nghi\u1ec7p<\/span><\/span><\/span><\/li>\n<\/ul>\n<p style=\"margin-left: 160px;\"><span style=\"color: #000000;\"><span style=\"font-size: 16px;\"><span style=\"font-family: times new roman,times,serif;\"><img decoding=\"async\" class=\"size-full wp-image-21068 aligncenter\" src=\"https:\/\/kawaled.com.vn\/wp-content\/uploads\/2019\/08\/den-pha-led-doi-mau-flh-20-50w-7.jpg\" alt=\"\" width=\"600\" height=\"400\" srcset=\"https:\/\/kawaled.com.vn\/wp-content\/uploads\/2019\/08\/den-pha-led-doi-mau-flh-20-50w-7.jpg 600w, https:\/\/kawaled.com.vn\/wp-content\/uploads\/2019\/08\/den-pha-led-doi-mau-flh-20-50w-7-400x267.jpg 400w\" sizes=\"(max-width: 600px) 100vw, 600px\" \/><\/span><\/span><\/span><\/p>\n<ul>\n<li><span style=\"color: #000000;\"><span style=\"font-size: 16px;\"><span style=\"font-family: times new roman,times,serif;\">Chi\u1ebfu s\u00e1ng b\u1ea3ng qu\u1ea3ng c\u00e1o, bi\u1ec3n hi\u1ec7u\u2026<\/span><\/span><\/span><\/li>\n<\/ul>\n<p style=\"text-align: center;\"><span style=\"color: #000000;\"><span style=\"font-size: 16px;\"><span style=\"font-family: times new roman,times,serif;\"><strong>C\u1ea3m \u01a1n qu\u00fd kh\u00e1ch \u0111\u00e3 tin d\u00f9ng s\u1ea3n ph\u1ea9m Kawaled!<\/strong><\/span><\/span><\/span><\/p>\n<p style=\"text-align: center;\"><span style=\"color: #000000;\"><span style=\"font-size: 16px;\"><span style=\"font-family: times new roman,times,serif;\"><strong>Toll-Free Consulting Hotline:<\/strong><strong>\u00a0<\/strong><\/span><\/span><\/span><span style=\"color: #ff0000;\"><span style=\"font-size: 16px;\"><span style=\"font-family: times new roman,times,serif;\"><strong>1800 0058<\/strong><\/span><\/span><\/span><\/p>\n<p style=\"text-align: center;\"><b>Website:\u00a0<\/b><a href=\"https:\/\/kawaled.com.vn\/san-pham\/\"><b>www.kawaled.com.vn<\/b><\/a><\/p>\n<p style=\"text-align: center;\"><b>Website:\u00a0<\/b><a href=\"https:\/\/kawasan.vn\/\" target=\"_blank\" rel=\"noopener\"><b>www.kawasan.vn<\/b><\/a><\/p>\n<p style=\"text-align: center;\"><span style=\"font-size: 16px;\"><span style=\"font-family: times new roman,times,serif;\">\u00a0<\/span><\/span><\/p>","protected":false},"excerpt":{"rendered":"<p>\u01afU \u0110I\u1ec2M N\u1ed4I B\u1eacT C\u1ee6A \u0110\u00c8N PHA 7 M\u00c0U \u0110\u00e8n led pha \u0111\u01b0\u1ee3c c\u1ea5u t\u1ea1o t\u1eeb nh\u1eefng chip led si\u00eau s\u00e1ng, si\u00eau ti\u1ebft ki\u1ec7m \u0111i\u1ec7n Tu\u1ed5i th\u1ecd cao l\u00ean \u0111\u1ebfn 25.000h, ti\u1ebft ki\u1ec7m chi ph\u00ed mua m\u1edbi thi\u1ebft b\u1ecb cho ng\u01b0\u1eddi d\u00f9ng Thi\u1ebft k\u1ebf th\u00e2n thi\u1ec7n v\u1edbi m\u00f4i tr\u01b0\u1eddng, s\u1ea3n ph\u1ea9m d\u1ec5 t\u00e1i ch\u1ebf \u00c1nh [&hellip;]<\/p>","protected":false},"featured_media":25720,"comment_status":"open","ping_status":"closed","template":"","meta":{"rank_math_description":"\u0110\u00e8n led pha \u0111\u1ed5i m\u00e0u FL100W-RGB2. \u00c1nh s\u00e1ng t\u1ef1 nhi\u00ean \u0111\u1ea3m b\u1ea3o an to\u00e0n cho m\u1eaft ng\u01b0\u1eddi d\u00f9ng. Ti\u00eau chu\u1ea9n IP66\u00a0k\u00edn n\u01b0\u1edbc, ch\u1ed1ng b\u1ee5i b\u1ea9n. Tu\u1ed5i th\u1ecd cao l\u00ean \u0111\u1ebfn 25.000h","rank_math_focus_keyword":"\u0111\u00e8n pha led \u0111\u1ed5i m\u00e0u,\u0111\u00e8n pha led 100w,\u0111\u00e8n pha b\u1ea3ng hi\u1ec7u,\u0111\u00e8n pha s\u00e2n v\u01b0\u1eddn,\u0111\u00e8n pha led ngo\u00e0i tr\u01a1i,\u0111\u00e8n pha c\u00f4ng su\u1ea5t l\u1edbn,\u0111\u00e8n pha h\u1eaft t\u01b0\u1eddng ngo\u00e0i tr\u1eddi,\u0111\u00e8n pha led 7 m\u00e0u","rank_math_secondary_keywords":""},"product_cat":[1766,3783,1731],"product_tag":[2980,2844,2985,2982,2672,2842,2983,2981,2994,2984,2996,2979,2839,1852,3003,2986,2995,2847,3005,3004],"class_list":["post-21406","product","type-product","status-publish","has-post-thumbnail","hentry","product_cat-den-pha-led-doi-mau","product_cat-den-pha-led","product_cat-khuyen-mai-trong-thang","product_tag-bong-den-100w","product_tag-bong-den-led-100w","product_tag-bong-led-100w","product_tag-den-100w","product_tag-den-duong-led-100w","product_tag-den-led-100w","product_tag-den-led-100w-ngoai-troi","product_tag-den-led-nha-xuong-100w","product_tag-den-led-nhieu-mau","product_tag-den-led-pha-100w","product_tag-den-nhieu-mau","product_tag-den-pha-100w","product_tag-den-pha-led-100w","product_tag-den-pha-led-doi-mau-fl100w-rgb2","product_tag-gia-den-led-100w-ngoai-troi","product_tag-gia-den-pha-led-100w","product_tag-led-3-mau","product_tag-led-pha-100w","product_tag-nhiet-do-mau-4000k","product_tag-nhiet-do-mau-6500k"],"acf":[],"_links":{"self":[{"href":"https:\/\/kawaled.com.vn\/en\/wp-json\/wp\/v2\/product\/21406","targetHints":{"allow":["GET"]}}],"collection":[{"href":"https:\/\/kawaled.com.vn\/en\/wp-json\/wp\/v2\/product"}],"about":[{"href":"https:\/\/kawaled.com.vn\/en\/wp-json\/wp\/v2\/types\/product"}],"replies":[{"embeddable":true,"href":"https:\/\/kawaled.com.vn\/en\/wp-json\/wp\/v2\/comments?post=21406"}],"version-history":[{"count":1,"href":"https:\/\/kawaled.com.vn\/en\/wp-json\/wp\/v2\/product\/21406\/revisions"}],"predecessor-version":[{"id":27692,"href":"https:\/\/kawaled.com.vn\/en\/wp-json\/wp\/v2\/product\/21406\/revisions\/27692"}],"wp:featuredmedia":[{"embeddable":true,"href":"https:\/\/kawaled.com.vn\/en\/wp-json\/wp\/v2\/media\/25720"}],"wp:attachment":[{"href":"https:\/\/kawaled.com.vn\/en\/wp-json\/wp\/v2\/media?parent=21406"}],"wp:term":[{"taxonomy":"product_cat","embeddable":true,"href":"https:\/\/kawaled.com.vn\/en\/wp-json\/wp\/v2\/product_cat?post=21406"},{"taxonomy":"product_tag","embeddable":true,"href":"https:\/\/kawaled.com.vn\/en\/wp-json\/wp\/v2\/product_tag?post=21406"}],"curies":[{"name":"wp","href":"https:\/\/api.w.org\/{rel}","templated":true}]}}