{"id":21401,"date":"2021-01-04T08:50:17","date_gmt":"2021-01-04T01:50:17","guid":{"rendered":"https:\/\/kawaled.123websitedev.com\/san-pham\/den-pha-led-doi-mau-fl50w-rgb2\/"},"modified":"2026-03-26T11:37:53","modified_gmt":"2026-03-26T04:37:53","slug":"den-pha-led-doi-mau-fl50w-rgb2","status":"publish","type":"product","link":"https:\/\/kawaled.com.vn\/en\/product\/den-pha-led-doi-mau-fl50w-rgb2\/","title":{"rendered":"\u0110\u00c8N PHA LED \u0110\u1ed4I M\u00c0U FL50W-RGB2"},"content":{"rendered":"<h2><span style=\"color: #000000;\"><span style=\"font-size: 16px;\"><span style=\"font-family: times new roman,times,serif;\"><strong>\u01afU \u0110I\u1ec2M N\u1ed4I B\u1eacT C\u1ee6A \u0110\u00c8N PHA 7 M\u00c0U<\/strong><\/span><\/span><\/span><\/h2>\n<ul>\n<li><span style=\"color: #000000;\"><span style=\"font-size: 16px;\"><span style=\"font-family: times new roman,times,serif;\">\u0110\u00e8n led pha \u0111\u1ed5i m\u00e0u FL50W-RGB2. \u0110\u01b0\u1ee3c c\u1ea5u t\u1ea1o t\u1eeb nh\u1eefng chip led si\u00eau s\u00e1ng, si\u00eau ti\u1ebft ki\u1ec7m \u0111i\u1ec7n.<\/span><\/span><\/span><\/li>\n<li><span style=\"color: #000000;\"><span style=\"font-size: 16px;\"><span style=\"font-family: times new roman,times,serif;\">Tu\u1ed5i th\u1ecd cao l\u00ean \u0111\u1ebfn 25.000h, ti\u1ebft ki\u1ec7m chi ph\u00ed mua m\u1edbi thi\u1ebft b\u1ecb cho ng\u01b0\u1eddi d\u00f9ng.<\/span><\/span><\/span><\/li>\n<li><span style=\"color: #000000;\"><span style=\"font-size: 16px;\"><span style=\"font-family: times new roman,times,serif;\">Thi\u1ebft k\u1ebf th\u00e2n thi\u1ec7n v\u1edbi m\u00f4i tr\u01b0\u1eddng, s\u1ea3n ph\u1ea9m d\u1ec5 t\u00e1i ch\u1ebf.<\/span><\/span><\/span><\/li>\n<li><span style=\"color: #000000;\"><span style=\"font-size: 16px;\"><span style=\"font-family: times new roman,times,serif;\">\u00c1nh s\u00e1ng t\u1ef1 nhi\u00ean \u0111\u1ea3m b\u1ea3o an to\u00e0n cho m\u1eaft ng\u01b0\u1eddi d\u00f9ng.<\/span><\/span><\/span><\/li>\n<li><span style=\"color: #000000;\"><span style=\"font-size: 16px;\"><span style=\"font-family: times new roman,times,serif;\">Ti\u00eau chu\u1ea9n IP66 k\u00edn n\u01b0\u1edbc v\u00e0 ch\u1ed1ng b\u1ee5i b\u1ea9n.<\/span><\/span><\/span><\/li>\n<li><span style=\"color: #000000;\"><span style=\"font-size: 16px;\"><span style=\"font-family: times new roman,times,serif;\">C\u00f3 remote \u0111i\u1ec1u ch\u1ec9nh m\u00e0u t\u00f9y th\u00edch, v\u1edbi nhi\u1ec1u ch\u1ebf \u0111\u1ed9 \u0111i\u1ec1u ch\u1ec9nh v\u00e0 tr\u1ed9n m\u00e0u theo y\u00eau c\u1ea7u.<\/span><\/span><\/span><\/li>\n<\/ul>\n<p style=\"margin-left: 160px;\"><img decoding=\"async\" class=\"size-full wp-image-21399 aligncenter\" style=\"width: 500px; height: 538px;\" src=\"https:\/\/kawaled.com.vn\/wp-content\/uploads\/2021\/01\/den-pha-led-doi-mau-rgb2-50w-2.jpg\" alt=\"\" width=\"1304\" height=\"1404\" srcset=\"https:\/\/kawaled.com.vn\/wp-content\/uploads\/2021\/01\/den-pha-led-doi-mau-rgb2-50w-2.jpg 1304w, https:\/\/kawaled.com.vn\/wp-content\/uploads\/2021\/01\/den-pha-led-doi-mau-rgb2-50w-2-1000x1077.jpg 1000w, https:\/\/kawaled.com.vn\/wp-content\/uploads\/2021\/01\/den-pha-led-doi-mau-rgb2-50w-2-951x1024.jpg 951w, https:\/\/kawaled.com.vn\/wp-content\/uploads\/2021\/01\/den-pha-led-doi-mau-rgb2-50w-2-768x827.jpg 768w, https:\/\/kawaled.com.vn\/wp-content\/uploads\/2021\/01\/den-pha-led-doi-mau-rgb2-50w-2-640x689.jpg 640w, https:\/\/kawaled.com.vn\/wp-content\/uploads\/2021\/01\/den-pha-led-doi-mau-rgb2-50w-2-400x431.jpg 400w\" sizes=\"(max-width: 1304px) 100vw, 1304px\" \/><\/p>\n<p style=\"margin-left: 160px;\"><img decoding=\"async\" class=\"size-full wp-image-21400 aligncenter\" style=\"width: 500px; height: 585px;\" src=\"https:\/\/kawaled.com.vn\/wp-content\/uploads\/2021\/01\/den-pha-led-doi-mau-rgb2-50w-1.jpg\" alt=\"\" width=\"1148\" height=\"1344\" srcset=\"https:\/\/kawaled.com.vn\/wp-content\/uploads\/2021\/01\/den-pha-led-doi-mau-rgb2-50w-1.jpg 1148w, https:\/\/kawaled.com.vn\/wp-content\/uploads\/2021\/01\/den-pha-led-doi-mau-rgb2-50w-1-1000x1171.jpg 1000w, https:\/\/kawaled.com.vn\/wp-content\/uploads\/2021\/01\/den-pha-led-doi-mau-rgb2-50w-1-875x1024.jpg 875w, https:\/\/kawaled.com.vn\/wp-content\/uploads\/2021\/01\/den-pha-led-doi-mau-rgb2-50w-1-768x899.jpg 768w, https:\/\/kawaled.com.vn\/wp-content\/uploads\/2021\/01\/den-pha-led-doi-mau-rgb2-50w-1-640x749.jpg 640w, https:\/\/kawaled.com.vn\/wp-content\/uploads\/2021\/01\/den-pha-led-doi-mau-rgb2-50w-1-400x468.jpg 400w\" sizes=\"(max-width: 1148px) 100vw, 1148px\" \/><\/p>\n<p><span style=\"color: #000000;\"><span style=\"font-size: 16px;\"><span style=\"font-family: times new roman,times,serif;\"><strong>TH\u00d4NG S\u1ed0\u00a0K\u1ef8 THU\u1eacT<\/strong><\/span><\/span><\/span><\/p>\n<ul>\n<li style=\"margin-left: 40px;\"><span style=\"color: #000000;\"><span style=\"font-size: 16px;\"><span style=\"font-family: times new roman,times,serif;\">Ngu\u1ed3n: 110-240VAC<\/span><\/span><\/span><\/li>\n<li style=\"margin-left: 40px;\"><span style=\"color: #000000;\"><span style=\"font-size: 16px;\"><span style=\"font-family: times new roman,times,serif;\">C\u00f4ng su\u1ea5t s\u00e1ng: 80lm\/W~90lm\/W<\/span><\/span><\/span><\/li>\n<li style=\"margin-left: 40px;\"><span style=\"color: #000000;\"><span style=\"font-size: 16px;\"><span style=\"font-family: times new roman,times,serif;\">G\u00f3c chi\u1ebfu s\u00e1ng: 90&#215;130\u00b0<\/span><\/span><\/span><\/li>\n<li style=\"margin-left: 40px;\"><span style=\"color: #000000;\"><span style=\"font-size: 16px;\"><span style=\"font-family: times new roman,times,serif;\">\u0110\u1ed9 k\u00edn n\u01b0\u1edbc: IP66<\/span><\/span><\/span><\/li>\n<li style=\"margin-left: 40px;\"><span style=\"color: #000000;\"><span style=\"font-size: 16px;\"><span style=\"font-family: times new roman,times,serif;\">C\u00f4ng su\u1ea5t: 50W<\/span><\/span><\/span><\/li>\n<li style=\"margin-left: 40px;\"><span style=\"color: #000000;\"><span style=\"font-size: 16px;\"><span style=\"font-family: times new roman,times,serif;\">K\u00edch th\u01b0\u1edbc \u0111\u00e8n: 24x21x4.4 cm<\/span><\/span><\/span><\/li>\n<li style=\"margin-left: 40px;\"><span style=\"color: #000000;\"><span style=\"font-size: 16px;\"><span style=\"font-family: times new roman,times,serif;\">Quy c\u00e1ch \u0111\u00f3ng g\u00f3i: 20\/th\u00f9ng<\/span><\/span><\/span><\/li>\n<\/ul>\n<p style=\"margin-left: 160px;\"><span style=\"color: #000000;\"><span style=\"font-size: 16px;\"><span style=\"font-family: times new roman,times,serif;\"><img decoding=\"async\" class=\"size-full wp-image-21383 aligncenter\" style=\"width: 500px; height: 500px;\" src=\"https:\/\/kawaled.com.vn\/wp-content\/uploads\/2021\/01\/den-pha-led-doi-mau-flh-20-50w-3.jpg\" alt=\"\" width=\"800\" height=\"800\" srcset=\"https:\/\/kawaled.com.vn\/wp-content\/uploads\/2021\/01\/den-pha-led-doi-mau-flh-20-50w-3.jpg 800w, https:\/\/kawaled.com.vn\/wp-content\/uploads\/2021\/01\/den-pha-led-doi-mau-flh-20-50w-3-768x768.jpg 768w, https:\/\/kawaled.com.vn\/wp-content\/uploads\/2021\/01\/den-pha-led-doi-mau-flh-20-50w-3-640x640.jpg 640w, https:\/\/kawaled.com.vn\/wp-content\/uploads\/2021\/01\/den-pha-led-doi-mau-flh-20-50w-3-400x400.jpg 400w\" sizes=\"(max-width: 800px) 100vw, 800px\" \/><\/span><\/span><\/span><\/p>\n<p style=\"margin-left: 160px;\"><span style=\"color: #000000;\"><span style=\"font-size: 16px;\"><span style=\"font-family: times new roman,times,serif;\"><img decoding=\"async\" class=\"size-full wp-image-21384 aligncenter\" style=\"width: 500px; height: 554px;\" src=\"https:\/\/kawaled.com.vn\/wp-content\/uploads\/2021\/01\/pha-led-rgb-back.jpg\" alt=\"\" width=\"571\" height=\"633\" srcset=\"https:\/\/kawaled.com.vn\/wp-content\/uploads\/2021\/01\/pha-led-rgb-back.jpg 571w, https:\/\/kawaled.com.vn\/wp-content\/uploads\/2021\/01\/pha-led-rgb-back-400x443.jpg 400w\" sizes=\"(max-width: 571px) 100vw, 571px\" \/><\/span><\/span><\/span><\/p>\n<p><span style=\"color: #000000;\"><span style=\"font-size: 16px;\"><span style=\"font-family: times new roman,times,serif;\"><em><strong>\u0110i\u1ec1u khi\u1ec3n b\u1eb1ng remote:<\/strong><\/em><\/span><\/span><\/span><\/p>\n<ul>\n<li><span style=\"color: #000000;\"><span style=\"font-size: 16px;\"><span style=\"font-family: times new roman,times,serif;\">C\u1ed1 \u0111\u1ecbnh 7 m\u00e0u (Xanh, \u0110\u1ecf, T\u00edm, V\u00e0ng,&#8230;)<\/span><\/span><\/span><\/li>\n<li><span style=\"color: #000000;\"><span style=\"font-size: 16px;\"><span style=\"font-family: times new roman,times,serif;\">Chuy\u1ec3n 7 m\u00e0u t\u1ef1 \u0111\u1ed9ng<\/span><\/span><\/span><\/li>\n<li><span style=\"color: #000000;\"><span style=\"font-size: 16px;\"><span style=\"font-family: times new roman,times,serif;\">T\u1eaft\/M\u1edf<\/span><\/span><\/span><\/li>\n<li><span style=\"color: #000000;\"><span style=\"font-size: 16px;\"><span style=\"font-family: times new roman,times,serif;\">Ch\u1ebf \u0111\u1ed9 ch\u1edbp chuy\u1ec3n m\u00e0u<\/span><\/span><\/span><\/li>\n<\/ul>\n<p style=\"margin-left: 160px;\"><span style=\"color: #000000;\"><span style=\"font-size: 16px;\"><span style=\"font-family: times new roman,times,serif;\"><img decoding=\"async\" class=\"size-full wp-image-21385 aligncenter\" style=\"width: 500px; height: 500px;\" src=\"https:\/\/kawaled.com.vn\/wp-content\/uploads\/2021\/01\/den-pha-led-doi-mau-rgb2-4.jpg\" alt=\"Remote \u0111\u00e8n pha led \u0111\u1ed5i m\u00e0u RGB2\" width=\"800\" height=\"800\" srcset=\"https:\/\/kawaled.com.vn\/wp-content\/uploads\/2021\/01\/den-pha-led-doi-mau-rgb2-4.jpg 800w, https:\/\/kawaled.com.vn\/wp-content\/uploads\/2021\/01\/den-pha-led-doi-mau-rgb2-4-768x768.jpg 768w, https:\/\/kawaled.com.vn\/wp-content\/uploads\/2021\/01\/den-pha-led-doi-mau-rgb2-4-640x640.jpg 640w, https:\/\/kawaled.com.vn\/wp-content\/uploads\/2021\/01\/den-pha-led-doi-mau-rgb2-4-400x400.jpg 400w\" sizes=\"(max-width: 800px) 100vw, 800px\" \/><\/span><\/span><\/span><\/p>\n<p style=\"margin-left: 160px;\"><span style=\"color: #000000;\"><span style=\"font-size: 16px;\"><span style=\"font-family: times new roman,times,serif;\"><img decoding=\"async\" class=\"size-full wp-image-21386 aligncenter\" style=\"width: 500px; height: 375px;\" src=\"https:\/\/kawaled.com.vn\/wp-content\/uploads\/2021\/01\/den-pha-led-doi-mau-rgb2-5.jpg\" alt=\"\" width=\"2560\" height=\"1920\" srcset=\"https:\/\/kawaled.com.vn\/wp-content\/uploads\/2021\/01\/den-pha-led-doi-mau-rgb2-5.jpg 2560w, https:\/\/kawaled.com.vn\/wp-content\/uploads\/2021\/01\/den-pha-led-doi-mau-rgb2-5-1000x750.jpg 1000w, https:\/\/kawaled.com.vn\/wp-content\/uploads\/2021\/01\/den-pha-led-doi-mau-rgb2-5-1024x768.jpg 1024w, https:\/\/kawaled.com.vn\/wp-content\/uploads\/2021\/01\/den-pha-led-doi-mau-rgb2-5-768x576.jpg 768w, https:\/\/kawaled.com.vn\/wp-content\/uploads\/2021\/01\/den-pha-led-doi-mau-rgb2-5-1536x1152.jpg 1536w, https:\/\/kawaled.com.vn\/wp-content\/uploads\/2021\/01\/den-pha-led-doi-mau-rgb2-5-2048x1536.jpg 2048w, https:\/\/kawaled.com.vn\/wp-content\/uploads\/2021\/01\/den-pha-led-doi-mau-rgb2-5-463x348.jpg 463w, https:\/\/kawaled.com.vn\/wp-content\/uploads\/2021\/01\/den-pha-led-doi-mau-rgb2-5-640x480.jpg 640w, https:\/\/kawaled.com.vn\/wp-content\/uploads\/2021\/01\/den-pha-led-doi-mau-rgb2-5-400x300.jpg 400w\" sizes=\"(max-width: 2560px) 100vw, 2560px\" \/><\/span><\/span><\/span><\/p>\n<h2><span style=\"color: #000000;\"><span style=\"font-size: 16px;\"><span style=\"font-family: times new roman,times,serif;\"><strong>\u1ee8NG D\u1ee4NG C\u1ee6A \u0110\u00c8N PHA LED \u0110\u1ed4I M\u00c0U<\/strong><\/span><\/span><\/span><\/h2>\n<p><span style=\"color: #000000;\"><span style=\"font-size: 16px;\"><span style=\"font-family: times new roman,times,serif;\">D\u00f2ng \u0111\u00e8n led pha \u0111\u1ed5i m\u00e0u FL50W-RGB2. Th\u01b0\u1eddng \u0111\u01b0\u1ee3c \u00e1p d\u1ee5ng trong chi\u1ebfu s\u00e1ng trang tr\u00ed y\u00eau c\u1ea7u c\u00f3 m\u00e0u s\u1eafc s\u1eb7c s\u1ee1 \u0111\u1ec3 thu h\u00fat h\u01a1n trong quan c\u1ea3nh nh\u01b0:<\/span><\/span><\/span><\/p>\n<ul>\n<li><span style=\"color: #000000;\"><span style=\"font-size: 16px;\"><span style=\"font-family: times new roman,times,serif;\">Chi\u1ebfu s\u00e1ng c\u00e2y c\u1ea3nh trong khu\u00f4n vi\u00ean<\/span><\/span><\/span><\/li>\n<\/ul>\n<p style=\"margin-left: 120px;\"><span style=\"color: #000000;\"><span style=\"font-size: 16px;\"><span style=\"font-family: times new roman,times,serif;\"><img decoding=\"async\" class=\"size-full wp-image-21066 aligncenter\" src=\"https:\/\/kawaled.com.vn\/wp-content\/uploads\/2019\/08\/den-pha-led-doi-mau-flh-20-50w-5.jpg\" alt=\"\" width=\"600\" height=\"400\" srcset=\"https:\/\/kawaled.com.vn\/wp-content\/uploads\/2019\/08\/den-pha-led-doi-mau-flh-20-50w-5.jpg 600w, https:\/\/kawaled.com.vn\/wp-content\/uploads\/2019\/08\/den-pha-led-doi-mau-flh-20-50w-5-400x267.jpg 400w\" sizes=\"(max-width: 600px) 100vw, 600px\" \/><\/span><\/span><\/span><\/p>\n<ul>\n<li><span style=\"color: #000000;\"><span style=\"font-size: 16px;\"><span style=\"font-family: times new roman,times,serif;\">Chi\u1ebfu s\u00e1ng c\u1ea7u v\u01b0\u1ee3t, c\u1ed5ng ch\u00e0o, c\u00f4ng vi\u00ean<\/span><\/span><\/span><\/li>\n<\/ul>\n<p style=\"margin-left: 120px;\"><span style=\"color: #000000;\"><span style=\"font-size: 16px;\"><span style=\"font-family: times new roman,times,serif;\"><img decoding=\"async\" class=\"size-full wp-image-21067 aligncenter\" src=\"https:\/\/kawaled.com.vn\/wp-content\/uploads\/2019\/08\/den-pha-led-doi-mau-flh-20-50w-6.jpg\" alt=\"\" width=\"600\" height=\"400\" srcset=\"https:\/\/kawaled.com.vn\/wp-content\/uploads\/2019\/08\/den-pha-led-doi-mau-flh-20-50w-6.jpg 600w, https:\/\/kawaled.com.vn\/wp-content\/uploads\/2019\/08\/den-pha-led-doi-mau-flh-20-50w-6-400x267.jpg 400w\" sizes=\"(max-width: 600px) 100vw, 600px\" \/><\/span><\/span><\/span><\/p>\n<ul>\n<li><span style=\"color: #000000;\"><span style=\"font-size: 16px;\"><span style=\"font-family: times new roman,times,serif;\">Chi\u1ebfu s\u00e1ng t\u00f2a nh\u00e0 c\u00f4ng tr\u00ecnh du l\u1ecbch, khu vui ch\u01a1i, l\u1ec5 h\u1ed9i, khu c\u00f4ng\u00a0 nghi\u1ec7p<\/span><\/span><\/span><\/li>\n<\/ul>\n<p style=\"margin-left: 120px;\"><span style=\"color: #000000;\"><span style=\"font-size: 16px;\"><span style=\"font-family: times new roman,times,serif;\"><img decoding=\"async\" class=\"size-full wp-image-21068 aligncenter\" src=\"https:\/\/kawaled.com.vn\/wp-content\/uploads\/2019\/08\/den-pha-led-doi-mau-flh-20-50w-7.jpg\" alt=\"\" width=\"600\" height=\"400\" srcset=\"https:\/\/kawaled.com.vn\/wp-content\/uploads\/2019\/08\/den-pha-led-doi-mau-flh-20-50w-7.jpg 600w, https:\/\/kawaled.com.vn\/wp-content\/uploads\/2019\/08\/den-pha-led-doi-mau-flh-20-50w-7-400x267.jpg 400w\" sizes=\"(max-width: 600px) 100vw, 600px\" \/><\/span><\/span><\/span><\/p>\n<ul>\n<li><span style=\"color: #000000;\"><span style=\"font-size: 16px;\"><span style=\"font-family: times new roman,times,serif;\">Chi\u1ebfu s\u00e1ng b\u1ea3ng qu\u1ea3ng c\u00e1o, bi\u1ec3n hi\u1ec7u\u2026<\/span><\/span><\/span><\/li>\n<\/ul>\n<p style=\"text-align: center;\"><span style=\"color: #000000;\"><span style=\"font-size: 16px;\"><span style=\"font-family: times new roman,times,serif;\"><strong>C\u1ea3m \u01a1n qu\u00fd kh\u00e1ch \u0111\u00e3 tin d\u00f9ng s\u1ea3n ph\u1ea9m Kawaled!<\/strong><\/span><\/span><\/span><\/p>\n<p style=\"text-align: center;\"><span style=\"color: #000000;\"><span style=\"font-size: 16px;\"><span style=\"font-family: times new roman,times,serif;\"><strong>Toll-Free Consulting Hotline:<\/strong><strong>\u00a0<\/strong><\/span><\/span><\/span><span style=\"color: #ff0000;\"><span style=\"font-size: 16px;\"><span style=\"font-family: times new roman,times,serif;\"><strong>1800 0058<\/strong><\/span><\/span><\/span><\/p>\n<p style=\"text-align: center;\"><b>Website:\u00a0<\/b><a href=\"https:\/\/kawaled.com.vn\/san-pham\/\"><b>www.kawaled.com.vn<\/b><\/a><\/p>\n<p style=\"text-align: center;\"><b>Website:\u00a0<\/b><a href=\"https:\/\/kawasan.vn\/\" target=\"_blank\" rel=\"noopener\"><b>www.kawasan.vn<\/b><\/a><\/p>\n<p style=\"text-align: center;\"><span style=\"font-size: 16px;\"><span style=\"font-family: times new roman,times,serif;\">\u00a0<\/span><\/span><\/p>","protected":false},"excerpt":{"rendered":"<p>\u01afU \u0110I\u1ec2M N\u1ed4I B\u1eacT C\u1ee6A \u0110\u00c8N PHA 7 M\u00c0U \u0110\u00e8n led pha \u0111\u1ed5i m\u00e0u FL50W-RGB2. \u0110\u01b0\u1ee3c c\u1ea5u t\u1ea1o t\u1eeb nh\u1eefng chip led si\u00eau s\u00e1ng, si\u00eau ti\u1ebft ki\u1ec7m \u0111i\u1ec7n. Tu\u1ed5i th\u1ecd cao l\u00ean \u0111\u1ebfn 25.000h, ti\u1ebft ki\u1ec7m chi ph\u00ed mua m\u1edbi thi\u1ebft b\u1ecb cho ng\u01b0\u1eddi d\u00f9ng. Thi\u1ebft k\u1ebf th\u00e2n thi\u1ec7n v\u1edbi m\u00f4i tr\u01b0\u1eddng, s\u1ea3n ph\u1ea9m d\u1ec5 [&hellip;]<\/p>","protected":false},"featured_media":25719,"comment_status":"open","ping_status":"closed","template":"","meta":{"rank_math_description":"\u0110\u00e8n led pha \u0111\u1ed5i m\u00e0u FL50W-RGB2. \u00c1nh s\u00e1ng t\u1ef1 nhi\u00ean \u0111\u1ea3m b\u1ea3o an to\u00e0n cho m\u1eaft ng\u01b0\u1eddi d\u00f9ng. Ti\u00eau chu\u1ea9n IP66\u00a0k\u00edn n\u01b0\u1edbc, ch\u1ed1ng b\u1ee5i b\u1ea9n. Tu\u1ed5i th\u1ecd cao l\u00ean \u0111\u1ebfn 25.000h","rank_math_focus_keyword":"\u0111\u00e8n pha led \u0111\u1ed5i m\u00e0u,\u0111\u00e8n pha led 50w,\u0111\u00e8n pha ngo\u00e0i tr\u1eddi,\u0111\u00e8n pha h\u1eaft bi\u1ec3n qu\u1ea3ng c\u00e1o,\u0111\u00e8n pha led 7 m\u00e0u","rank_math_secondary_keywords":""},"product_cat":[1766,3783,1731],"product_tag":[2657,2656,3001,2866,2994,2870,2945,2864,2867,1809,2865,1851,2957,2967,2872,2871],"class_list":["post-21401","product","type-product","status-publish","has-post-thumbnail","hentry","product_cat-den-pha-led-doi-mau","product_cat-den-pha-led","product_cat-khuyen-mai-trong-thang","product_tag-bong-den-50w","product_tag-bong-den-led-50w","product_tag-den-50w","product_tag-den-led-50w","product_tag-den-led-nhieu-mau","product_tag-den-led-pha-50w","product_tag-den-led-pha-ngoai-troi","product_tag-den-pha","product_tag-den-pha-50w","product_tag-den-pha-led","product_tag-den-pha-led-50w","product_tag-den-pha-led-doi-mau-fl50w-rgb2","product_tag-den-pha-led-ngoai-troi","product_tag-den-pha-ngoai-troi","product_tag-gia-den-pha-led-50w","product_tag-led-pha-50w"],"acf":[],"_links":{"self":[{"href":"https:\/\/kawaled.com.vn\/en\/wp-json\/wp\/v2\/product\/21401","targetHints":{"allow":["GET"]}}],"collection":[{"href":"https:\/\/kawaled.com.vn\/en\/wp-json\/wp\/v2\/product"}],"about":[{"href":"https:\/\/kawaled.com.vn\/en\/wp-json\/wp\/v2\/types\/product"}],"replies":[{"embeddable":true,"href":"https:\/\/kawaled.com.vn\/en\/wp-json\/wp\/v2\/comments?post=21401"}],"version-history":[{"count":1,"href":"https:\/\/kawaled.com.vn\/en\/wp-json\/wp\/v2\/product\/21401\/revisions"}],"predecessor-version":[{"id":27532,"href":"https:\/\/kawaled.com.vn\/en\/wp-json\/wp\/v2\/product\/21401\/revisions\/27532"}],"wp:featuredmedia":[{"embeddable":true,"href":"https:\/\/kawaled.com.vn\/en\/wp-json\/wp\/v2\/media\/25719"}],"wp:attachment":[{"href":"https:\/\/kawaled.com.vn\/en\/wp-json\/wp\/v2\/media?parent=21401"}],"wp:term":[{"taxonomy":"product_cat","embeddable":true,"href":"https:\/\/kawaled.com.vn\/en\/wp-json\/wp\/v2\/product_cat?post=21401"},{"taxonomy":"product_tag","embeddable":true,"href":"https:\/\/kawaled.com.vn\/en\/wp-json\/wp\/v2\/product_tag?post=21401"}],"curies":[{"name":"wp","href":"https:\/\/api.w.org\/{rel}","templated":true}]}}