{"id":21392,"date":"2021-01-04T08:44:02","date_gmt":"2021-01-04T01:44:02","guid":{"rendered":"https:\/\/kawaled.123websitedev.com\/san-pham\/den-pha-led-doi-mau-fl20w-rgb2\/"},"modified":"2026-03-26T11:38:25","modified_gmt":"2026-03-26T04:38:25","slug":"den-pha-led-doi-mau-fl20w-rgb2","status":"publish","type":"product","link":"https:\/\/kawaled.com.vn\/en\/product\/den-pha-led-doi-mau-fl20w-rgb2\/","title":{"rendered":"\u0110\u00c8N PHA LED \u0110\u1ed4I M\u00c0U FL20W-RGB2"},"content":{"rendered":"<h2><span style=\"font-size: 16px;\"><span style=\"font-family: times new roman,times,serif;\"><span style=\"color: #000000;\"><strong>\u01afU \u0110I\u1ec2M N\u1ed4I B\u1eacT C\u1ee6A \u0110\u00c8N PHA 7 M\u00c0U<\/strong><\/span><\/span><\/span><\/h2>\n<ul>\n<li><span style=\"font-size: 16px;\"><span style=\"font-family: times new roman,times,serif;\"><span style=\"color: #000000;\">\u0110\u00e8n pha led \u0111\u1ed5i m\u00e0u FL20W-RGB2. \u0110\u01b0\u1ee3c c\u1ea5u t\u1ea1o t\u1eeb nh\u1eefng chip led si\u00eau s\u00e1ng, si\u00eau ti\u1ebft ki\u1ec7m \u0111i\u1ec7n.<\/span><\/span><\/span><\/li>\n<li><span style=\"font-size: 16px;\"><span style=\"font-family: times new roman,times,serif;\"><span style=\"color: #000000;\">Tu\u1ed5i th\u1ecd cao l\u00ean \u0111\u1ebfn 25.000h, ti\u1ebft ki\u1ec7m chi ph\u00ed mua m\u1edbi thi\u1ebft b\u1ecb cho ng\u01b0\u1eddi d\u00f9ng.<\/span><\/span><\/span><\/li>\n<li><span style=\"font-size: 16px;\"><span style=\"font-family: times new roman,times,serif;\"><span style=\"color: #000000;\">Thi\u1ebft k\u1ebf th\u00e2n thi\u1ec7n v\u1edbi m\u00f4i tr\u01b0\u1eddng, s\u1ea3n ph\u1ea9m d\u1ec5 t\u00e1i ch\u1ebf.<\/span><\/span><\/span><\/li>\n<li><span style=\"font-size: 16px;\"><span style=\"font-family: times new roman,times,serif;\"><span style=\"color: #000000;\">\u00c1nh s\u00e1ng t\u1ef1 nhi\u00ean \u0111\u1ea3m b\u1ea3o an to\u00e0n cho m\u1eaft ng\u01b0\u1eddi d\u00f9ng.<\/span><\/span><\/span><\/li>\n<li><span style=\"font-size: 16px;\"><span style=\"font-family: times new roman,times,serif;\"><span style=\"color: #000000;\">Ti\u00eau chu\u1ea9n IP66 k\u00edn n\u01b0\u1edbc v\u00e0 ch\u1ed1ng b\u1ee5i b\u1ea9n.<\/span><\/span><\/span><\/li>\n<li><span style=\"font-size: 16px;\"><span style=\"font-family: times new roman,times,serif;\"><span style=\"color: #000000;\">C\u00f3 remote \u0111i\u1ec1u ch\u1ec9nh m\u00e0u t\u00f9y th\u00edch, v\u1edbi nhi\u1ec1u ch\u1ebf \u0111\u1ed9 \u0111i\u1ec1u ch\u1ec9nh v\u00e0 tr\u1ed9n m\u00e0u theo y\u00eau c\u1ea7u.<\/span><\/span><\/span><\/li>\n<\/ul>\n<p style=\"margin-left: 160px;\"><img decoding=\"async\" class=\"size-full wp-image-21389\" style=\"width: 500px; height: 497px;\" src=\"https:\/\/kawaled.com.vn\/wp-content\/uploads\/2021\/01\/den-pha-led-doi-mau-rfb2-20w-2.jpg\" alt=\"\" width=\"1424\" height=\"1416\" srcset=\"https:\/\/kawaled.com.vn\/wp-content\/uploads\/2021\/01\/den-pha-led-doi-mau-rfb2-20w-2.jpg 1424w, https:\/\/kawaled.com.vn\/wp-content\/uploads\/2021\/01\/den-pha-led-doi-mau-rfb2-20w-2-1000x994.jpg 1000w, https:\/\/kawaled.com.vn\/wp-content\/uploads\/2021\/01\/den-pha-led-doi-mau-rfb2-20w-2-1024x1018.jpg 1024w, https:\/\/kawaled.com.vn\/wp-content\/uploads\/2021\/01\/den-pha-led-doi-mau-rfb2-20w-2-768x764.jpg 768w, https:\/\/kawaled.com.vn\/wp-content\/uploads\/2021\/01\/den-pha-led-doi-mau-rfb2-20w-2-640x636.jpg 640w, https:\/\/kawaled.com.vn\/wp-content\/uploads\/2021\/01\/den-pha-led-doi-mau-rfb2-20w-2-400x398.jpg 400w\" sizes=\"(max-width: 1424px) 100vw, 1424px\" \/><\/p>\n<p style=\"margin-left: 160px;\"><img decoding=\"async\" class=\"size-full wp-image-21390\" style=\"width: 500px; height: 526px;\" src=\"https:\/\/kawaled.com.vn\/wp-content\/uploads\/2021\/01\/den-pha-led-doi-mau-rfb2-20w-3.jpg\" alt=\"\" width=\"1292\" height=\"1360\" srcset=\"https:\/\/kawaled.com.vn\/wp-content\/uploads\/2021\/01\/den-pha-led-doi-mau-rfb2-20w-3.jpg 1292w, https:\/\/kawaled.com.vn\/wp-content\/uploads\/2021\/01\/den-pha-led-doi-mau-rfb2-20w-3-1000x1053.jpg 1000w, https:\/\/kawaled.com.vn\/wp-content\/uploads\/2021\/01\/den-pha-led-doi-mau-rfb2-20w-3-973x1024.jpg 973w, https:\/\/kawaled.com.vn\/wp-content\/uploads\/2021\/01\/den-pha-led-doi-mau-rfb2-20w-3-768x808.jpg 768w, https:\/\/kawaled.com.vn\/wp-content\/uploads\/2021\/01\/den-pha-led-doi-mau-rfb2-20w-3-640x674.jpg 640w, https:\/\/kawaled.com.vn\/wp-content\/uploads\/2021\/01\/den-pha-led-doi-mau-rfb2-20w-3-400x421.jpg 400w\" sizes=\"(max-width: 1292px) 100vw, 1292px\" \/><\/p>\n<p style=\"margin-left: 160px;\"><img decoding=\"async\" class=\"size-full wp-image-21391\" style=\"width: 500px; height: 457px;\" src=\"https:\/\/kawaled.com.vn\/wp-content\/uploads\/2021\/01\/den-pha-led-doi-mau-rfb2-20w-1.jpg\" alt=\"\" width=\"1496\" height=\"1368\" srcset=\"https:\/\/kawaled.com.vn\/wp-content\/uploads\/2021\/01\/den-pha-led-doi-mau-rfb2-20w-1.jpg 1496w, https:\/\/kawaled.com.vn\/wp-content\/uploads\/2021\/01\/den-pha-led-doi-mau-rfb2-20w-1-1000x914.jpg 1000w, https:\/\/kawaled.com.vn\/wp-content\/uploads\/2021\/01\/den-pha-led-doi-mau-rfb2-20w-1-1024x936.jpg 1024w, https:\/\/kawaled.com.vn\/wp-content\/uploads\/2021\/01\/den-pha-led-doi-mau-rfb2-20w-1-768x702.jpg 768w, https:\/\/kawaled.com.vn\/wp-content\/uploads\/2021\/01\/den-pha-led-doi-mau-rfb2-20w-1-640x585.jpg 640w, https:\/\/kawaled.com.vn\/wp-content\/uploads\/2021\/01\/den-pha-led-doi-mau-rfb2-20w-1-400x366.jpg 400w\" sizes=\"(max-width: 1496px) 100vw, 1496px\" \/><\/p>\n<p><span style=\"font-size: 16px;\"><span style=\"font-family: times new roman,times,serif;\"><span style=\"color: #000000;\"><strong>TH\u00d4NG S\u1ed0\u00a0K\u1ef8 THU\u1eacT<\/strong><\/span><\/span><\/span><\/p>\n<ul>\n<li style=\"margin-left: 40px;\"><span style=\"font-size: 16px;\"><span style=\"font-family: times new roman,times,serif;\"><span style=\"color: #000000;\">Ngu\u1ed3n: 110-240VAC<\/span><\/span><\/span><\/li>\n<li style=\"margin-left: 40px;\"><span style=\"font-size: 16px;\"><span style=\"font-family: times new roman,times,serif;\"><span style=\"color: #000000;\">C\u00f4ng su\u1ea5t s\u00e1ng: 80lm\/W~90lm\/W<\/span><\/span><\/span><\/li>\n<li style=\"margin-left: 40px;\"><span style=\"font-size: 16px;\"><span style=\"font-family: times new roman,times,serif;\"><span style=\"color: #000000;\">G\u00f3c chi\u1ebfu s\u00e1ng: 90&#215;130\u00b0<\/span><\/span><\/span><\/li>\n<li style=\"margin-left: 40px;\"><span style=\"font-size: 16px;\"><span style=\"font-family: times new roman,times,serif;\"><span style=\"color: #000000;\">\u0110\u1ed9 k\u00edn n\u01b0\u1edbc: IP66<\/span><\/span><\/span><\/li>\n<li style=\"margin-left: 40px;\"><span style=\"font-size: 16px;\"><span style=\"font-family: times new roman,times,serif;\"><span style=\"color: #000000;\">C\u00f4ng su\u1ea5t:\u00a020W<\/span><\/span><\/span><\/li>\n<li style=\"margin-left: 40px;\"><span style=\"font-size: 16px;\"><span style=\"font-family: times new roman,times,serif;\"><span style=\"color: #000000;\">K\u00edch th\u01b0\u1edbc \u0111\u00e8n: 13&#215;11.5&#215;3.2 cm<\/span><\/span><\/span><\/li>\n<li style=\"margin-left: 40px;\"><span style=\"color: #000000;\"><span style=\"font-size: 16px;\"><span style=\"font-family: times new roman,times,serif;\">Quy c\u00e1ch \u0111\u00f3ng g\u00f3i: 20\/th\u00f9ng<\/span><\/span><\/span><\/li>\n<\/ul>\n<p style=\"margin-left: 160px;\"><span style=\"font-size: 16px;\"><span style=\"font-family: times new roman,times,serif;\"><span style=\"color: #000000;\"><img decoding=\"async\" class=\"size-full wp-image-21383\" style=\"width: 500px; height: 500px;\" src=\"https:\/\/kawaled.com.vn\/wp-content\/uploads\/2021\/01\/den-pha-led-doi-mau-flh-20-50w-3.jpg\" alt=\"\" width=\"800\" height=\"800\" srcset=\"https:\/\/kawaled.com.vn\/wp-content\/uploads\/2021\/01\/den-pha-led-doi-mau-flh-20-50w-3.jpg 800w, https:\/\/kawaled.com.vn\/wp-content\/uploads\/2021\/01\/den-pha-led-doi-mau-flh-20-50w-3-768x768.jpg 768w, https:\/\/kawaled.com.vn\/wp-content\/uploads\/2021\/01\/den-pha-led-doi-mau-flh-20-50w-3-640x640.jpg 640w, https:\/\/kawaled.com.vn\/wp-content\/uploads\/2021\/01\/den-pha-led-doi-mau-flh-20-50w-3-400x400.jpg 400w\" sizes=\"(max-width: 800px) 100vw, 800px\" \/><\/span><\/span><\/span><\/p>\n<p><span style=\"font-size: 16px;\"><span style=\"font-family: times new roman,times,serif;\"><span style=\"color: #000000;\"><em><strong>\u0110i\u1ec1u khi\u1ec3n b\u1eb1ng remote:<\/strong><\/em><\/span><\/span><\/span><\/p>\n<ul>\n<li><span style=\"font-size: 16px;\"><span style=\"font-family: times new roman,times,serif;\"><span style=\"color: #000000;\">C\u1ed1 \u0111\u1ecbnh 7 m\u00e0u (Xanh, \u0110\u1ecf, T\u00edm, V\u00e0ng,&#8230;)<\/span><\/span><\/span><\/li>\n<li><span style=\"font-size: 16px;\"><span style=\"font-family: times new roman,times,serif;\"><span style=\"color: #000000;\">Chuy\u1ec3n 7 m\u00e0u t\u1ef1 \u0111\u1ed9ng<\/span><\/span><\/span><\/li>\n<li><span style=\"font-size: 16px;\"><span style=\"font-family: times new roman,times,serif;\"><span style=\"color: #000000;\">T\u1eaft\/M\u1edf<\/span><\/span><\/span><\/li>\n<li><span style=\"font-size: 16px;\"><span style=\"font-family: times new roman,times,serif;\"><span style=\"color: #000000;\">Ch\u1ebf \u0111\u1ed9 ch\u1edbp chuy\u1ec3n m\u00e0u<\/span><\/span><\/span><\/li>\n<\/ul>\n<p style=\"margin-left: 160px;\"><span style=\"font-size: 16px;\"><span style=\"font-family: times new roman,times,serif;\"><span style=\"color: #000000;\"><img decoding=\"async\" class=\"size-full wp-image-21385\" style=\"width: 500px; height: 500px;\" src=\"https:\/\/kawaled.com.vn\/wp-content\/uploads\/2021\/01\/den-pha-led-doi-mau-rgb2-4.jpg\" alt=\"Remote \u0111\u00e8n pha led \u0111\u1ed5i m\u00e0u RGB2\" width=\"800\" height=\"800\" srcset=\"https:\/\/kawaled.com.vn\/wp-content\/uploads\/2021\/01\/den-pha-led-doi-mau-rgb2-4.jpg 800w, https:\/\/kawaled.com.vn\/wp-content\/uploads\/2021\/01\/den-pha-led-doi-mau-rgb2-4-768x768.jpg 768w, https:\/\/kawaled.com.vn\/wp-content\/uploads\/2021\/01\/den-pha-led-doi-mau-rgb2-4-640x640.jpg 640w, https:\/\/kawaled.com.vn\/wp-content\/uploads\/2021\/01\/den-pha-led-doi-mau-rgb2-4-400x400.jpg 400w\" sizes=\"(max-width: 800px) 100vw, 800px\" \/><\/span><\/span><\/span><\/p>\n<p style=\"margin-left: 160px;\"><span style=\"font-size: 16px;\"><span style=\"font-family: times new roman,times,serif;\"><span style=\"color: #000000;\"><img decoding=\"async\" class=\"size-full wp-image-21386\" style=\"width: 500px; height: 375px;\" src=\"https:\/\/kawaled.com.vn\/wp-content\/uploads\/2021\/01\/den-pha-led-doi-mau-rgb2-5.jpg\" alt=\"\" width=\"2560\" height=\"1920\" srcset=\"https:\/\/kawaled.com.vn\/wp-content\/uploads\/2021\/01\/den-pha-led-doi-mau-rgb2-5.jpg 2560w, https:\/\/kawaled.com.vn\/wp-content\/uploads\/2021\/01\/den-pha-led-doi-mau-rgb2-5-1000x750.jpg 1000w, https:\/\/kawaled.com.vn\/wp-content\/uploads\/2021\/01\/den-pha-led-doi-mau-rgb2-5-1024x768.jpg 1024w, https:\/\/kawaled.com.vn\/wp-content\/uploads\/2021\/01\/den-pha-led-doi-mau-rgb2-5-768x576.jpg 768w, https:\/\/kawaled.com.vn\/wp-content\/uploads\/2021\/01\/den-pha-led-doi-mau-rgb2-5-1536x1152.jpg 1536w, https:\/\/kawaled.com.vn\/wp-content\/uploads\/2021\/01\/den-pha-led-doi-mau-rgb2-5-2048x1536.jpg 2048w, https:\/\/kawaled.com.vn\/wp-content\/uploads\/2021\/01\/den-pha-led-doi-mau-rgb2-5-463x348.jpg 463w, https:\/\/kawaled.com.vn\/wp-content\/uploads\/2021\/01\/den-pha-led-doi-mau-rgb2-5-640x480.jpg 640w, https:\/\/kawaled.com.vn\/wp-content\/uploads\/2021\/01\/den-pha-led-doi-mau-rgb2-5-400x300.jpg 400w\" sizes=\"(max-width: 2560px) 100vw, 2560px\" \/><\/span><\/span><\/span><\/p>\n<h2><span style=\"font-size: 16px;\"><span style=\"font-family: times new roman,times,serif;\"><span style=\"color: #000000;\"><strong>\u1ee8NG D\u1ee4NG C\u1ee6A \u0110\u00c8N PHA LED \u0110\u1ed4I M\u00c0U<\/strong><\/span><\/span><\/span><\/h2>\n<p><span style=\"font-size: 16px;\"><span style=\"font-family: times new roman,times,serif;\"><span style=\"color: #000000;\">D\u00f2ng \u0111\u00e8n pha led \u0111\u1ed5i m\u00e0u FL20W-RGB2. Th\u01b0\u1eddng \u0111\u01b0\u1ee3c \u00e1p d\u1ee5ng trong chi\u1ebfu s\u00e1ng trang tr\u00ed y\u00eau c\u1ea7u c\u00f3 m\u00e0u s\u1eafc s\u1eb7c s\u1ee1 \u0111\u1ec3 thu h\u00fat h\u01a1n trong quan c\u1ea3nh nh\u01b0:<\/span><\/span><\/span><\/p>\n<ul>\n<li><span style=\"font-size: 16px;\"><span style=\"font-family: times new roman,times,serif;\"><span style=\"color: #000000;\">Chi\u1ebfu s\u00e1ng c\u00e2y c\u1ea3nh trong khu\u00f4n vi\u00ean<\/span><\/span><\/span><\/li>\n<\/ul>\n<p style=\"margin-left: 160px;\"><span style=\"font-size: 16px;\"><span style=\"font-family: times new roman,times,serif;\"><span style=\"color: #000000;\"><img decoding=\"async\" class=\"size-full wp-image-21066\" src=\"https:\/\/kawaled.com.vn\/wp-content\/uploads\/2019\/08\/den-pha-led-doi-mau-flh-20-50w-5.jpg\" alt=\"\" width=\"600\" height=\"400\" srcset=\"https:\/\/kawaled.com.vn\/wp-content\/uploads\/2019\/08\/den-pha-led-doi-mau-flh-20-50w-5.jpg 600w, https:\/\/kawaled.com.vn\/wp-content\/uploads\/2019\/08\/den-pha-led-doi-mau-flh-20-50w-5-400x267.jpg 400w\" sizes=\"(max-width: 600px) 100vw, 600px\" \/><\/span><\/span><\/span><\/p>\n<ul>\n<li><span style=\"font-size: 16px;\"><span style=\"font-family: times new roman,times,serif;\"><span style=\"color: #000000;\">Chi\u1ebfu s\u00e1ng c\u1ea7u v\u01b0\u1ee3t, c\u1ed5ng ch\u00e0o, c\u00f4ng vi\u00ean<\/span><\/span><\/span><\/li>\n<\/ul>\n<p style=\"margin-left: 160px;\"><span style=\"font-size: 16px;\"><span style=\"font-family: times new roman,times,serif;\"><span style=\"color: #000000;\"><img decoding=\"async\" class=\"size-full wp-image-21067\" src=\"https:\/\/kawaled.com.vn\/wp-content\/uploads\/2019\/08\/den-pha-led-doi-mau-flh-20-50w-6.jpg\" alt=\"\" width=\"600\" height=\"400\" srcset=\"https:\/\/kawaled.com.vn\/wp-content\/uploads\/2019\/08\/den-pha-led-doi-mau-flh-20-50w-6.jpg 600w, https:\/\/kawaled.com.vn\/wp-content\/uploads\/2019\/08\/den-pha-led-doi-mau-flh-20-50w-6-400x267.jpg 400w\" sizes=\"(max-width: 600px) 100vw, 600px\" \/><\/span><\/span><\/span><\/p>\n<ul>\n<li><span style=\"font-size: 16px;\"><span style=\"font-family: times new roman,times,serif;\"><span style=\"color: #000000;\">Chi\u1ebfu s\u00e1ng t\u00f2a nh\u00e0 c\u00f4ng tr\u00ecnh du l\u1ecbch, khu vui ch\u01a1i, l\u1ec5 h\u1ed9i, khu c\u00f4ng\u00a0 nghi\u1ec7p<\/span><\/span><\/span><\/li>\n<\/ul>\n<p style=\"margin-left: 160px;\"><span style=\"font-size: 16px;\"><span style=\"font-family: times new roman,times,serif;\"><span style=\"color: #000000;\"><img decoding=\"async\" class=\"size-full wp-image-21068\" src=\"https:\/\/kawaled.com.vn\/wp-content\/uploads\/2019\/08\/den-pha-led-doi-mau-flh-20-50w-7.jpg\" alt=\"\" width=\"600\" height=\"400\" srcset=\"https:\/\/kawaled.com.vn\/wp-content\/uploads\/2019\/08\/den-pha-led-doi-mau-flh-20-50w-7.jpg 600w, https:\/\/kawaled.com.vn\/wp-content\/uploads\/2019\/08\/den-pha-led-doi-mau-flh-20-50w-7-400x267.jpg 400w\" sizes=\"(max-width: 600px) 100vw, 600px\" \/><\/span><\/span><\/span><\/p>\n<ul>\n<li><span style=\"font-size: 16px;\"><span style=\"font-family: times new roman,times,serif;\"><span style=\"color: #000000;\">Chi\u1ebfu s\u00e1ng b\u1ea3ng qu\u1ea3ng c\u00e1o, bi\u1ec3n hi\u1ec7u\u2026<\/span><\/span><\/span><\/li>\n<\/ul>\n<p style=\"text-align: center;\"><strong>C\u1ea3m \u01a1n qu\u00fd kh\u00e1ch \u0111\u00e3 tin d\u00f9ng s\u1ea3n ph\u1ea9m Kawaled!<\/strong><\/p>\n<p style=\"text-align: center;\"><strong>Toll-Free Consulting Hotline:<\/strong><span style=\"color: #ff0000;\"><strong>\u00a0<\/strong><strong>1800 0058<\/strong><\/span><\/p>\n<p style=\"text-align: center;\"><b>Website:\u00a0<\/b><a href=\"https:\/\/kawaled.com.vn\/san-pham\/\"><b>www.kawaled.com.vn<\/b><\/a><\/p>\n<p style=\"text-align: center;\"><b>Website:\u00a0<\/b><a href=\"https:\/\/kawasan.vn\/\" target=\"_blank\" rel=\"noopener\"><b>www.kawasan.vn<\/b><\/a><\/p>\n<p style=\"margin-left: 40px;\">","protected":false},"excerpt":{"rendered":"<p>\u01afU \u0110I\u1ec2M N\u1ed4I B\u1eacT C\u1ee6A \u0110\u00c8N PHA 7 M\u00c0U \u0110\u00e8n pha led \u0111\u1ed5i m\u00e0u FL20W-RGB2. \u0110\u01b0\u1ee3c c\u1ea5u t\u1ea1o t\u1eeb nh\u1eefng chip led si\u00eau s\u00e1ng, si\u00eau ti\u1ebft ki\u1ec7m \u0111i\u1ec7n. Tu\u1ed5i th\u1ecd cao l\u00ean \u0111\u1ebfn 25.000h, ti\u1ebft ki\u1ec7m chi ph\u00ed mua m\u1edbi thi\u1ebft b\u1ecb cho ng\u01b0\u1eddi d\u00f9ng. Thi\u1ebft k\u1ebf th\u00e2n thi\u1ec7n v\u1edbi m\u00f4i tr\u01b0\u1eddng, s\u1ea3n ph\u1ea9m d\u1ec5 [&hellip;]<\/p>","protected":false},"featured_media":25717,"comment_status":"open","ping_status":"closed","template":"","meta":{"rank_math_description":"\u0110\u00e8n pha led \u0111\u1ed5i m\u00e0u FL20W-RGB2. Tu\u1ed5i th\u1ecd cao l\u00ean \u0111\u1ebfn 25.000h, ti\u1ebft ki\u1ec7m chi ph\u00ed mua m\u1edbi thi\u1ebft b\u1ecb cho ng\u01b0\u1eddi d\u00f9ng. Ti\u00eau chu\u1ea9n IP66\u00a0k\u00edn n\u01b0\u1edbc v\u00e0 ch\u1ed1ng b\u1ee5i b\u1ea9n..","rank_math_focus_keyword":"\u0110\u00c8N PHA LED \u0110\u1ed4I M\u00c0U FL20W-RGB2,\u0111\u00e8n pha led \u0111\u1ed5i m\u00e0u,\u0111\u00e8n pha led 7 m\u00e0u,\u0111\u00e8n pha led 20w,\u0111\u00e8n pha led ngo\u00e0i tr\u1eddi,\u0111\u00e8n pha trang tr\u00ed,\u0111\u00e8n pha h\u1eaft t\u01b0\u1eddng ngo\u00e0i tr\u1eddi","rank_math_secondary_keywords":""},"product_cat":[1766,3783],"product_tag":[2948,1942,2836,2949,2950,1849,2951],"class_list":["post-21392","product","type-product","status-publish","has-post-thumbnail","hentry","product_cat-den-pha-led-doi-mau","product_cat-den-pha-led","product_tag-den-20w","product_tag-den-led","product_tag-den-led-20w","product_tag-den-pha-20w","product_tag-den-pha-led-20w","product_tag-den-pha-led-doi-mau-fl20w-rgb2","product_tag-den-roi-20w"],"acf":[],"_links":{"self":[{"href":"https:\/\/kawaled.com.vn\/en\/wp-json\/wp\/v2\/product\/21392","targetHints":{"allow":["GET"]}}],"collection":[{"href":"https:\/\/kawaled.com.vn\/en\/wp-json\/wp\/v2\/product"}],"about":[{"href":"https:\/\/kawaled.com.vn\/en\/wp-json\/wp\/v2\/types\/product"}],"replies":[{"embeddable":true,"href":"https:\/\/kawaled.com.vn\/en\/wp-json\/wp\/v2\/comments?post=21392"}],"version-history":[{"count":1,"href":"https:\/\/kawaled.com.vn\/en\/wp-json\/wp\/v2\/product\/21392\/revisions"}],"predecessor-version":[{"id":27694,"href":"https:\/\/kawaled.com.vn\/en\/wp-json\/wp\/v2\/product\/21392\/revisions\/27694"}],"wp:featuredmedia":[{"embeddable":true,"href":"https:\/\/kawaled.com.vn\/en\/wp-json\/wp\/v2\/media\/25717"}],"wp:attachment":[{"href":"https:\/\/kawaled.com.vn\/en\/wp-json\/wp\/v2\/media?parent=21392"}],"wp:term":[{"taxonomy":"product_cat","embeddable":true,"href":"https:\/\/kawaled.com.vn\/en\/wp-json\/wp\/v2\/product_cat?post=21392"},{"taxonomy":"product_tag","embeddable":true,"href":"https:\/\/kawaled.com.vn\/en\/wp-json\/wp\/v2\/product_tag?post=21392"}],"curies":[{"name":"wp","href":"https:\/\/api.w.org\/{rel}","templated":true}]}}