{"id":21378,"date":"2020-12-31T16:24:30","date_gmt":"2020-12-31T09:24:30","guid":{"rendered":"https:\/\/kawaled.123websitedev.com\/san-pham\/den-led-downlight-am-tran-dl150-30w-t-v\/"},"modified":"2025-12-11T09:20:36","modified_gmt":"2025-12-11T02:20:36","slug":"den-led-downlight-am-tran-dl150-30w-t-v","status":"publish","type":"product","link":"https:\/\/kawaled.com.vn\/en\/product\/den-led-downlight-am-tran-dl150-30w-t-v\/","title":{"rendered":"\u0110\u00c8N LED \u00c2M TR\u1ea6N 1 M\u00c0U DL150-30W-T"},"content":{"rendered":"<p><span style=\"color: #000000;\"><span style=\"font-size: 16px;\"><span style=\"font-family: times new roman,times,serif;\"><strong>M\u00d4 T\u1ea2<\/strong><\/span><\/span><\/span><\/p>\n<p>\u0110\u00e8n led \u00e2m tr\u1ea7n 1 m\u00e0u DL150-30W-T:<\/p>\n<ul>\n<li><span style=\"color: #000000;\"><span style=\"font-size: 16px;\"><span style=\"font-family: times new roman,times,serif;\">Ch\u1ea5t l\u01b0\u1ee3ng th\u01b0\u01a1ng hi\u1ec7u KAWALED<\/span><\/span><\/span><\/li>\n<li><span style=\"color: #000000;\"><span style=\"font-size: 16px;\"><span style=\"font-family: times new roman,times,serif;\">Ti\u1ebft ki\u1ec7m n\u0103ng l\u01b0\u1ee3ng, ti\u00eau th\u1ee5 \u0111i\u1ec7n n\u0103ng th\u1ea5p, tu\u1ed5i th\u1ecd cao<\/span><\/span><\/span><\/li>\n<li><span style=\"color: #000000;\"><span style=\"font-size: 16px;\"><span style=\"font-family: times new roman,times,serif;\">Kh\u00f4ng c\u00f3 ch\u00ec v\u00e0 th\u1ee7y ng\u00e2n, kh\u00f4ng c\u00f3 tia c\u1ef1c t\u00edm v\u00e0 tia h\u1ed3ng ngo\u1ea1i<\/span><\/span><\/span><\/li>\n<li><span style=\"color: #000000;\"><span style=\"font-size: 16px;\"><span style=\"font-family: times new roman,times,serif;\">Chi\u1ebfu s\u00e1ng v\u00e0 hi\u1ec7u qu\u1ea3 h\u01a1n so v\u1edbi \u0111\u00e8n s\u1ee3i \u0111\u1ed1t v\u00e0 h\u1ea7u h\u1ebft Halogen \u0110\u00e8n<\/span><\/span><\/span><\/li>\n<\/ul>\n<h3><span style=\"color: #000000;\"><span style=\"font-size: 16px;\"><span style=\"font-family: times new roman,times,serif;\"><strong>Th\u00f4ng s\u1ed1 k\u1ef9 thu\u1eadt: \u0110\u00c8N LED \u00c2M TR\u1ea6N 1 M\u00c0U DL150-30W-T<\/strong> <\/span><\/span><\/span><\/h3>\n<ul>\n<li><span style=\"color: #000000;\"><span style=\"font-size: 16px;\"><span style=\"font-family: times new roman,times,serif;\">\u0110i\u1ec7n \u00e1p ho\u1ea1t \u0111\u1ed9ng: (100 \u2013\u00a0265)V\u00a0<\/span><\/span><\/span><\/li>\n<li><span style=\"color: #000000;\"><span style=\"font-size: 16px;\"><span style=\"font-family: times new roman,times,serif;\">D\u00f2ng \u0111i\u1ec7n: Imax = 0,5A<\/span><\/span><\/span><\/li>\n<li><span style=\"color: #000000;\"><span style=\"font-size: 16px;\"><span style=\"font-family: times new roman,times,serif;\">Nhi\u1ec7t \u0111\u1ed9 m\u00e0u: 6500k (s\u00e1ng tr\u1eafng) <\/span><\/span><\/span><\/li>\n<li><span style=\"color: #000000;\"><span style=\"font-size: 16px;\"><span style=\"font-family: times new roman,times,serif;\">Ch\u00edp led: 5630 90lm\/wart <\/span><\/span><\/span><\/li>\n<li><span style=\"color: #000000;\"><span style=\"font-size: 16px;\"><span style=\"font-family: times new roman,times,serif;\">Quang th\u00f4ng &gt; 2.600lm <\/span><\/span><\/span><\/li>\n<li><span style=\"color: #000000;\"><span style=\"font-size: 16px;\"><span style=\"font-family: times new roman,times,serif;\">Nhi\u1ec7t \u0111\u1ed9 l\u00e0m vi\u1ec7c: (-10:40)<\/span><\/span><\/span><\/li>\n<li><span style=\"color: #000000;\"><span style=\"font-size: 16px;\"><span style=\"font-family: times new roman,times,serif;\">H\u1ec7 s\u1ed1 c\u00f4ng su\u1ea5t: 0,65<\/span><\/span><\/span><\/li>\n<li><span style=\"color: #000000;\"><span style=\"font-size: 16px;\"><span style=\"font-family: times new roman,times,serif;\">Hi\u1ec7u su\u1ea5t quang: 60-80 Lm\/W<\/span><\/span><\/span><\/li>\n<li><span style=\"color: #000000;\"><span style=\"font-size: 16px;\"><span style=\"font-family: times new roman,times,serif;\">Tu\u1ed5i th\u1ecd: 25.000 gi\u1edd<\/span><\/span><\/span><\/li>\n<li><span style=\"color: #000000;\"><span style=\"font-size: 16px;\"><span style=\"font-family: times new roman,times,serif;\">Ch\u1ec9 s\u1ed1 ho\u00e0n m\u00e0u: Ra=85<\/span><\/span><\/span><\/li>\n<li><span style=\"color: #000000;\"><span style=\"font-size: 16px;\"><span style=\"font-family: times new roman,times,serif;\">Quy c\u00e1ch \u0111\u00f3ng g\u00f3i: 30 c\u00e1i\/th\u00f9ng<\/span><\/span><\/span><\/li>\n<\/ul>\n<p style=\"margin-left: 160px;\"><span style=\"color: #000000;\"><span style=\"font-size: 16px;\"><span style=\"font-family: times new roman,times,serif;\"><img decoding=\"async\" class=\"size-full wp-image-21374 aligncenter\" style=\"width: 500px; height: 500px;\" src=\"https:\/\/kawaled.com.vn\/wp-content\/uploads\/2020\/12\/panel-am-tran-30w.jpg\" alt=\"\" width=\"2500\" height=\"2500\" srcset=\"https:\/\/kawaled.com.vn\/wp-content\/uploads\/2020\/12\/panel-am-tran-30w.jpg 2500w, https:\/\/kawaled.com.vn\/wp-content\/uploads\/2020\/12\/panel-am-tran-30w-1000x1000.jpg 1000w, https:\/\/kawaled.com.vn\/wp-content\/uploads\/2020\/12\/panel-am-tran-30w-1024x1024.jpg 1024w, https:\/\/kawaled.com.vn\/wp-content\/uploads\/2020\/12\/panel-am-tran-30w-768x768.jpg 768w, https:\/\/kawaled.com.vn\/wp-content\/uploads\/2020\/12\/panel-am-tran-30w-1536x1536.jpg 1536w, https:\/\/kawaled.com.vn\/wp-content\/uploads\/2020\/12\/panel-am-tran-30w-2048x2048.jpg 2048w, https:\/\/kawaled.com.vn\/wp-content\/uploads\/2020\/12\/panel-am-tran-30w-640x640.jpg 640w, https:\/\/kawaled.com.vn\/wp-content\/uploads\/2020\/12\/panel-am-tran-30w-400x400.jpg 400w\" sizes=\"(max-width: 2500px) 100vw, 2500px\" \/><\/span><\/span><\/span><\/p>\n<h3><span style=\"color: #000000;\"><span style=\"font-size: 16px;\"><span style=\"font-family: times new roman,times,serif;\"><strong>\u1ee8ng d\u1ee5ng:<\/strong><\/span><\/span><\/span><\/h3>\n<ul>\n<li><span style=\"color: #000000;\"><span style=\"font-size: 16px;\"><span style=\"font-family: times new roman,times,serif;\">D\u00f9ng thay th\u1ebf b\u00f3ng \u0111\u00e8n compart ki\u1ec3u c\u0169, c\u00f4ng su\u1ea5t 30w t\u01b0\u01a1ng \u0111\u01b0\u1eddng \u0111\u00e8n compart 4U 50W <\/span><\/span><\/span><\/li>\n<li><span style=\"color: #000000;\"><span style=\"font-size: 16px;\"><span style=\"font-family: times new roman,times,serif;\">D\u00f9ng chi\u1ebfu s\u00e1ng nh\u00e0 \u1edf, v\u0103n ph\u00f2ng, h\u00e0nh lang\u2026.<\/span><\/span><\/span><\/li>\n<li><span style=\"color: #000000;\"><span style=\"font-size: 16px;\"><span style=\"font-family: times new roman,times,serif;\">Qu\u00e1n cafe, shop th\u1eddi trang\u2026.<\/span><\/span><\/span><\/li>\n<li><span style=\"color: #000000;\"><span style=\"font-size: 16px;\"><span style=\"font-family: times new roman,times,serif;\">Th\u00edch h\u1ee3p cho kh\u00e1ch s\u1ea1n, ph\u00f2ng \u0103n, ph\u00f2ng kh\u00e1ch, ph\u00f2ng h\u1ecdp, ph\u00f2ng kh\u00e1ch, ph\u00f2ng tr\u01b0ng b\u00e0y, c\u1eeda h\u00e0ng, h\u00e0nh lang, gian h\u00e0ng \u0111i\u1ec7n tho\u1ea1i, ph\u00f2ng thu v\u00e0 tri\u1ec3n l\u00e3m, h\u1ed9 gia \u0111\u00ecnh vv<\/span><\/span><\/span><\/li>\n<\/ul>\n<p style=\"text-align: center;\"><img decoding=\"async\" class=\"size-full wp-image-21375\" style=\"width: 450px; height: 193px;\" src=\"https:\/\/kawaled.com.vn\/wp-content\/uploads\/2020\/12\/dsb12w.png\" alt=\"\" width=\"1920\" height=\"822\" srcset=\"https:\/\/kawaled.com.vn\/wp-content\/uploads\/2020\/12\/dsb12w.png 1920w, https:\/\/kawaled.com.vn\/wp-content\/uploads\/2020\/12\/dsb12w-1000x428.png 1000w, https:\/\/kawaled.com.vn\/wp-content\/uploads\/2020\/12\/dsb12w-1024x438.png 1024w, https:\/\/kawaled.com.vn\/wp-content\/uploads\/2020\/12\/dsb12w-768x329.png 768w, https:\/\/kawaled.com.vn\/wp-content\/uploads\/2020\/12\/dsb12w-1536x658.png 1536w, https:\/\/kawaled.com.vn\/wp-content\/uploads\/2020\/12\/dsb12w-640x274.png 640w, https:\/\/kawaled.com.vn\/wp-content\/uploads\/2020\/12\/dsb12w-400x171.png 400w\" sizes=\"(max-width: 1920px) 100vw, 1920px\" \/><\/p>\n<p style=\"text-align: center;\"><span style=\"font-size: 16px;\"><span style=\"font-family: times new roman,times,serif;\"><img decoding=\"async\" class=\"size-full wp-image-21376\" style=\"width: 450px; height: 454px;\" src=\"https:\/\/kawaled.com.vn\/wp-content\/uploads\/2020\/12\/dl150-30w-t-1.png\" alt=\"\" width=\"1674\" height=\"1690\" srcset=\"https:\/\/kawaled.com.vn\/wp-content\/uploads\/2020\/12\/dl150-30w-t-1.png 1674w, https:\/\/kawaled.com.vn\/wp-content\/uploads\/2020\/12\/dl150-30w-t-1-1000x1010.png 1000w, https:\/\/kawaled.com.vn\/wp-content\/uploads\/2020\/12\/dl150-30w-t-1-1014x1024.png 1014w, https:\/\/kawaled.com.vn\/wp-content\/uploads\/2020\/12\/dl150-30w-t-1-768x775.png 768w, https:\/\/kawaled.com.vn\/wp-content\/uploads\/2020\/12\/dl150-30w-t-1-1521x1536.png 1521w, https:\/\/kawaled.com.vn\/wp-content\/uploads\/2020\/12\/dl150-30w-t-1-640x646.png 640w, https:\/\/kawaled.com.vn\/wp-content\/uploads\/2020\/12\/dl150-30w-t-1-400x404.png 400w\" sizes=\"(max-width: 1674px) 100vw, 1674px\" \/><\/span><\/span><\/p>\n<p style=\"text-align: center;\"><span style=\"font-size: 16px;\"><span style=\"font-family: times new roman,times,serif;\"><img decoding=\"async\" class=\"size-full wp-image-21377\" style=\"width: 500px; height: 700px;\" src=\"https:\/\/kawaled.com.vn\/wp-content\/uploads\/2020\/12\/den-am-tran-3-mau-dl150-30w-t1.jpg\" alt=\"\" width=\"800\" height=\"1120\" srcset=\"https:\/\/kawaled.com.vn\/wp-content\/uploads\/2020\/12\/den-am-tran-3-mau-dl150-30w-t1.jpg 800w, https:\/\/kawaled.com.vn\/wp-content\/uploads\/2020\/12\/den-am-tran-3-mau-dl150-30w-t1-731x1024.jpg 731w, https:\/\/kawaled.com.vn\/wp-content\/uploads\/2020\/12\/den-am-tran-3-mau-dl150-30w-t1-768x1075.jpg 768w, https:\/\/kawaled.com.vn\/wp-content\/uploads\/2020\/12\/den-am-tran-3-mau-dl150-30w-t1-640x896.jpg 640w, https:\/\/kawaled.com.vn\/wp-content\/uploads\/2020\/12\/den-am-tran-3-mau-dl150-30w-t1-400x560.jpg 400w\" sizes=\"(max-width: 800px) 100vw, 800px\" \/><\/span><\/span><\/p>\n<p style=\"text-align: center;\"><span style=\"font-family: times new roman,times,serif;\"><span style=\"font-size: 16px;\"><span style=\"color: #000000;\"><b>C\u1ea3m \u01a1n qu\u00fd kh\u00e1ch \u0111\u00e3 tin d\u00f9ng s\u1ea3n ph\u1ea9m Kawaled!<\/b><\/span><\/span><\/span><\/p>\n<p style=\"text-align: center;\"><span style=\"font-family: times new roman,times,serif;\"><span style=\"font-size: 16px;\"><span style=\"color: #000000;\"><b>Toll-Free Consulting Hotline:\u00a0<\/b><\/span><span style=\"color: #ff0000;\"><b>1800 0058<\/b><\/span><span style=\"color: #000000;\">\u00a0<b>Or Call Directly:<\/b>\u00a0<\/span><span style=\"color: #ff0000;\"><b>0911 761010<\/b><\/span><\/span><\/span><\/p>\n<p align=\"center\"><span style=\"font-family: times new roman,times,serif;\"><span style=\"font-size: 16px;\"><span style=\"color: #000000;\"><strong><span style=\"vertical-align: inherit;\">Trang web:\u00a0 <\/span><\/strong><\/span><a href=\"https:\/\/kawasan.vn\/\" target=\"_blank\" rel=\"noopener\"><span style=\"color: #0000cd;\"><strong><span style=\"vertical-align: inherit;\">www.kawasan.vn<\/span><\/strong><\/span><\/a><\/span><\/span><\/p>\n<p align=\"center\"><span style=\"font-family: times new roman,times,serif;\"><span style=\"font-size: 16px;\"><span style=\"color: #000000;\"><strong><span style=\"vertical-align: inherit;\">Trang web:\u00a0 <\/span><\/strong><\/span><a href=\"https:\/\/kawaled.com.vn\/\"><span style=\"color: #0000cd;\"><strong><span style=\"vertical-align: inherit;\">www.kawaled.com.vn<\/span><\/strong><\/span><\/a><\/span><\/span><\/p>\n<p style=\"text-align: center;\"><span style=\"font-family: times new roman,times,serif;\">\u00a0<\/span><\/p>\n<p style=\"text-align: center;\">","protected":false},"excerpt":{"rendered":"<p>M\u00d4 T\u1ea2 \u0110\u00e8n led \u00e2m tr\u1ea7n 1 m\u00e0u DL150-30W-T: Ch\u1ea5t l\u01b0\u1ee3ng th\u01b0\u01a1ng hi\u1ec7u KAWALED Ti\u1ebft ki\u1ec7m n\u0103ng l\u01b0\u1ee3ng, ti\u00eau th\u1ee5 \u0111i\u1ec7n n\u0103ng th\u1ea5p, tu\u1ed5i th\u1ecd cao Kh\u00f4ng c\u00f3 ch\u00ec v\u00e0 th\u1ee7y ng\u00e2n, kh\u00f4ng c\u00f3 tia c\u1ef1c t\u00edm v\u00e0 tia h\u1ed3ng ngo\u1ea1i Chi\u1ebfu s\u00e1ng v\u00e0 hi\u1ec7u qu\u1ea3 h\u01a1n so v\u1edbi \u0111\u00e8n s\u1ee3i \u0111\u1ed1t v\u00e0 h\u1ea7u h\u1ebft [&hellip;]<\/p>","protected":false},"featured_media":21374,"comment_status":"open","ping_status":"closed","template":"","meta":{"rank_math_description":"\u0110\u00e8n led \u00e2m tr\u1ea7n 1 m\u00e0u DL150-30W-T. \u0110i\u1ec7n \u00e1p ho\u1ea1t \u0111\u1ed9ng: (100 \u2013\u00a0265)V.\u00a0D\u00f2ng \u0111i\u1ec7n: Imax = 0,5A. Nhi\u1ec7t \u0111\u1ed9 m\u00e0u: 6500k (s\u00e1ng tr\u1eafng). Ch\u00edp led: 5630 90lm\/wart...","rank_math_focus_keyword":"\u0110\u00c8N LED \u00c2M TR\u1ea6N 1 M\u00c0U DL150-30W-T","rank_math_secondary_keywords":""},"product_cat":[3787,3785,1765],"product_tag":[2800,2991,2801,1917,2794,2877,1783,2799,1847,2804,2879,2797,1944],"class_list":["post-21378","product","type-product","status-publish","has-post-thumbnail","hentry","product_cat-den-am-tran-1-mau","product_cat-den-am-tran-tron","product_cat-den-led-panel-am-tran","product_tag-bong-den-led-am-tran","product_tag-bong-den-led-tron-30w","product_tag-bong-led-am-tran","product_tag-den-am-tran","product_tag-den-am-tran-thach-cao","product_tag-den-led-30w","product_tag-den-led-am-tran","product_tag-den-led-am-tran-thach-cao","product_tag-den-led-downlight-dl150-30w-t","product_tag-den-led-tron-am-tran","product_tag-den-pha-led-30w","product_tag-gia-den-led-am-tran-thach-cao","product_tag-kawaled"],"acf":[],"_links":{"self":[{"href":"https:\/\/kawaled.com.vn\/en\/wp-json\/wp\/v2\/product\/21378","targetHints":{"allow":["GET"]}}],"collection":[{"href":"https:\/\/kawaled.com.vn\/en\/wp-json\/wp\/v2\/product"}],"about":[{"href":"https:\/\/kawaled.com.vn\/en\/wp-json\/wp\/v2\/types\/product"}],"replies":[{"embeddable":true,"href":"https:\/\/kawaled.com.vn\/en\/wp-json\/wp\/v2\/comments?post=21378"}],"version-history":[{"count":0,"href":"https:\/\/kawaled.com.vn\/en\/wp-json\/wp\/v2\/product\/21378\/revisions"}],"wp:featuredmedia":[{"embeddable":true,"href":"https:\/\/kawaled.com.vn\/en\/wp-json\/wp\/v2\/media\/21374"}],"wp:attachment":[{"href":"https:\/\/kawaled.com.vn\/en\/wp-json\/wp\/v2\/media?parent=21378"}],"wp:term":[{"taxonomy":"product_cat","embeddable":true,"href":"https:\/\/kawaled.com.vn\/en\/wp-json\/wp\/v2\/product_cat?post=21378"},{"taxonomy":"product_tag","embeddable":true,"href":"https:\/\/kawaled.com.vn\/en\/wp-json\/wp\/v2\/product_tag?post=21378"}],"curies":[{"name":"wp","href":"https:\/\/api.w.org\/{rel}","templated":true}]}}