{"id":21371,"date":"2020-12-31T16:07:38","date_gmt":"2020-12-31T09:07:38","guid":{"rendered":"https:\/\/kawaled.123websitedev.com\/san-pham\/den-led-downlight-noi-tran-nt170-a12w\/"},"modified":"2026-01-19T15:50:22","modified_gmt":"2026-01-19T08:50:22","slug":"den-led-downlight-noi-tran-nt170-a12w","status":"publish","type":"product","link":"https:\/\/kawaled.com.vn\/en\/product\/den-led-downlight-noi-tran-nt170-a12w\/","title":{"rendered":"\u0110\u00c8N LED N\u1ed4I TR\u1ea6N TR\u00d2N GI\u1eacT C\u1ea4P 1 M\u00c0U NT170-A12W-T\/V"},"content":{"rendered":"<p style=\"margin-left: 40px;\"><span style=\"color: #000000;\"><span style=\"font-size: 16px;\"><span style=\"font-family: times new roman,times,serif;\"><strong>M\u00d4 T\u1ea2 \u0110\u00c8N LED N\u1ed4I TR\u1ea6N TR\u00d2N GI\u1eacT C\u1ea4P 1 M\u00c0U NT170-A12W-T\/V<\/strong><\/span><\/span><\/span><\/p>\n<ul>\n<li style=\"margin-left: 40px;\" data-spm-anchor-id=\"a2o4n.pdp.product_detail.i2.2aef159cg84yEW\"><span style=\"color: #000000;\"><span style=\"font-size: 16px;\"><span style=\"font-family: times new roman,times,serif;\">Ch\u1ea5t l\u01b0\u1ee3ng th\u01b0\u01a1ng hi\u1ec7u KAWALED<\/span><\/span><\/span><\/li>\n<li style=\"margin-left: 40px;\" data-spm-anchor-id=\"a2o4n.pdp.product_detail.i2.2aef159cg84yEW\"><span style=\"color: #000000;\"><span style=\"font-size: 16px;\"><span style=\"font-family: times new roman,times,serif;\">Ti\u1ebft ki\u1ec7m n\u0103ng l\u01b0\u1ee3ng, ti\u00eau th\u1ee5 \u0111i\u1ec7n n\u0103ng th\u1ea5p, tu\u1ed5i th\u1ecd cao<\/span><\/span><\/span><\/li>\n<li style=\"margin-left: 40px;\" data-spm-anchor-id=\"a2o4n.pdp.product_detail.i2.2aef159cg84yEW\"><span style=\"color: #000000;\"><span style=\"font-size: 16px;\"><span style=\"font-family: times new roman,times,serif;\">Kh\u00f4ng c\u00f3 ch\u00ec v\u00e0 th\u1ee7y ng\u00e2n, kh\u00f4ng c\u00f3 tia c\u1ef1c t\u00edm v\u00e0 tia h\u1ed3ng ngo\u1ea1i<\/span><\/span><\/span><\/li>\n<li style=\"margin-left: 40px;\" data-spm-anchor-id=\"a2o4n.pdp.product_detail.i2.2aef159cg84yEW\"><span style=\"color: #000000;\"><span style=\"font-size: 16px;\"><span style=\"font-family: times new roman,times,serif;\">Chi\u1ebfu s\u00e1ng v\u00e0 hi\u1ec7u qu\u1ea3 h\u01a1n so v\u1edbi \u0111\u00e8n s\u1ee3i \u0111\u1ed1t v\u00e0 h\u1ea7u h\u1ebft Halogen \u0110\u00e8n<\/span><\/span><\/span><\/li>\n<\/ul>\n<p style=\"margin-left: 200px;\"><span style=\"color: #000000;\"><span style=\"font-size: 16px;\"><span style=\"font-family: times new roman,times,serif;\"><img decoding=\"async\" class=\"size-full wp-image-21370 aligncenter\" style=\"width: 500px; height: 500px;\" src=\"https:\/\/kawaled.com.vn\/wp-content\/uploads\/2020\/12\/panel-noi-tran-tron-1-mau-12w.jpg\" alt=\"\" width=\"2500\" height=\"2500\" srcset=\"https:\/\/kawaled.com.vn\/wp-content\/uploads\/2020\/12\/panel-noi-tran-tron-1-mau-12w.jpg 2500w, https:\/\/kawaled.com.vn\/wp-content\/uploads\/2020\/12\/panel-noi-tran-tron-1-mau-12w-1000x1000.jpg 1000w, https:\/\/kawaled.com.vn\/wp-content\/uploads\/2020\/12\/panel-noi-tran-tron-1-mau-12w-1024x1024.jpg 1024w, https:\/\/kawaled.com.vn\/wp-content\/uploads\/2020\/12\/panel-noi-tran-tron-1-mau-12w-768x768.jpg 768w, https:\/\/kawaled.com.vn\/wp-content\/uploads\/2020\/12\/panel-noi-tran-tron-1-mau-12w-1536x1536.jpg 1536w, https:\/\/kawaled.com.vn\/wp-content\/uploads\/2020\/12\/panel-noi-tran-tron-1-mau-12w-2048x2048.jpg 2048w, https:\/\/kawaled.com.vn\/wp-content\/uploads\/2020\/12\/panel-noi-tran-tron-1-mau-12w-640x640.jpg 640w, https:\/\/kawaled.com.vn\/wp-content\/uploads\/2020\/12\/panel-noi-tran-tron-1-mau-12w-400x400.jpg 400w\" sizes=\"(max-width: 2500px) 100vw, 2500px\" \/><\/span><\/span><\/span><\/p>\n<p style=\"margin-left: 40px;\"><span style=\"color: #000000;\"><span style=\"font-size: 16px;\"><span style=\"font-family: times new roman,times,serif;\"><strong>\u1ee8NG D\u1ee4NG<\/strong><\/span><\/span><\/span><\/p>\n<ul>\n<li style=\"margin-left: 40px;\"><span style=\"color: #000000;\"><span style=\"font-size: 16px;\"><span style=\"font-family: times new roman,times,serif;\">\u0110\u00e8n led n\u1ed5i tr\u1ea7n tr\u00f2n, gi\u1eadt c\u1ea5p 1 m\u00e0u NT170-A12W-T\/V KAWALED. Th\u00edch h\u1ee3p cho kh\u00e1ch s\u1ea1n, ph\u00f2ng \u0103n, ph\u00f2ng kh\u00e1ch, ph\u00f2ng h\u1ecdp, ph\u00f2ng kh\u00e1ch, ph\u00f2ng tr\u01b0ng b\u00e0y, c\u1eeda h\u00e0ng, h\u00e0nh lang, gian h\u00e0ng \u0111i\u1ec7n tho\u1ea1i, ph\u00f2ng thu v\u00e0 tri\u1ec3n l\u00e3m, h\u1ed9 gia \u0111\u00ecnh vv<\/span><\/span><\/span><\/li>\n<\/ul>\n<p style=\"margin-left: 40px;\"><span style=\"color: #000000;\"><span style=\"font-size: 16px;\"><span style=\"font-family: times new roman,times,serif;\"><strong>TH\u00d4NG S\u1ed0 K\u1ef8 THU\u1eacT<\/strong><\/span><\/span><\/span><\/p>\n<ul>\n<li style=\"margin-left: 40px;\"><span style=\"color: #000000;\"><span style=\"font-size: 16px;\"><span style=\"font-family: times new roman,times,serif;\">Lo\u1ea1i giao di\u1ec7n: N\u1ed5i Tr\u1ea7n Tr\u00f2n<\/span><\/span><\/span><\/li>\n<li style=\"margin-left: 40px;\"><span style=\"color: #000000;\"><span style=\"font-size: 16px;\"><span style=\"font-family: times new roman,times,serif;\">\u0110i\u1ec7n \u00e1p ho\u1ea1t \u0111\u1ed9ng 170~240V &#8211; 50\/60Hz<\/span><\/span><\/span><\/li>\n<li style=\"margin-left: 40px;\"><span style=\"color: #000000;\"><span style=\"font-size: 16px;\"><span style=\"font-family: times new roman,times,serif;\">C\u00f4ng su\u1ea5t v\u00f2ng LED 12W<\/span><\/span><\/span><\/li>\n<li style=\"margin-left: 40px;\"><span style=\"color: #000000;\"><span style=\"font-size: 16px;\"><span style=\"font-family: times new roman,times,serif;\">\u00c1nh S\u00e1ng : Tr\u1eafng\/V\u00e0ng<\/span><\/span><\/span><\/li>\n<li style=\"margin-left: 40px;\"><span style=\"color: #000000;\"><span style=\"font-size: 16px;\"><span style=\"font-family: times new roman,times,serif;\">Tu\u1ed5i th\u1ecd 25.000 gi\u1edd<\/span><\/span><\/span><\/li>\n<li style=\"margin-left: 40px;\"><span style=\"color: #000000;\"><span style=\"font-size: 16px;\"><span style=\"font-family: times new roman,times,serif;\">S\u1ed1 l\u1ea7n t\u1eaft m\u1edf 12.500 l\u1ea7n On\/Off<\/span><\/span><\/span><\/li>\n<li style=\"margin-left: 40px;\"><span style=\"color: #000000;\"><span style=\"font-size: 16px;\"><span style=\"font-family: times new roman,times,serif;\">\u0110\u1ed9 ho\u00e0n m\u00e0u (CRI)\u00a0&gt;80%\u00a0<\/span><\/span><\/span><\/li>\n<li style=\"margin-left: 40px;\"><span style=\"color: #000000;\"><span style=\"font-size: 16px;\"><span style=\"font-family: times new roman,times,serif;\">K\u00edch th\u01b0\u1edbc l\u1ed7 kho\u00e9t: 170 mm<\/span><\/span><\/span><\/li>\n<li style=\"margin-left: 40px;\"><span style=\"color: #000000;\"><span style=\"font-size: 16px;\"><span style=\"font-family: times new roman,times,serif;\">Th\u00f9ng : 20\u00a0C\u00e1i\/Th\u00f9ng<\/span><\/span><\/span><\/li>\n<\/ul>\n<p style=\"margin-left: 200px;\"><span style=\"color: #000000;\"><span style=\"font-size: 16px;\"><span style=\"font-family: times new roman,times,serif;\"><img decoding=\"async\" class=\"size-full wp-image-20968 aligncenter\" style=\"width: 500px; height: 500px;\" src=\"https:\/\/kawaled.com.vn\/wp-content\/uploads\/2018\/11\/panel-noi-tran-tron-vuong.jpg\" alt=\"\" width=\"2500\" height=\"2500\" srcset=\"https:\/\/kawaled.com.vn\/wp-content\/uploads\/2018\/11\/panel-noi-tran-tron-vuong.jpg 2500w, https:\/\/kawaled.com.vn\/wp-content\/uploads\/2018\/11\/panel-noi-tran-tron-vuong-1000x1000.jpg 1000w, https:\/\/kawaled.com.vn\/wp-content\/uploads\/2018\/11\/panel-noi-tran-tron-vuong-1024x1024.jpg 1024w, https:\/\/kawaled.com.vn\/wp-content\/uploads\/2018\/11\/panel-noi-tran-tron-vuong-768x768.jpg 768w, https:\/\/kawaled.com.vn\/wp-content\/uploads\/2018\/11\/panel-noi-tran-tron-vuong-1536x1536.jpg 1536w, https:\/\/kawaled.com.vn\/wp-content\/uploads\/2018\/11\/panel-noi-tran-tron-vuong-2048x2048.jpg 2048w, https:\/\/kawaled.com.vn\/wp-content\/uploads\/2018\/11\/panel-noi-tran-tron-vuong-640x640.jpg 640w, https:\/\/kawaled.com.vn\/wp-content\/uploads\/2018\/11\/panel-noi-tran-tron-vuong-400x400.jpg 400w\" sizes=\"(max-width: 2500px) 100vw, 2500px\" \/><\/span><\/span><\/span><\/p>\n<p><span style=\"font-size: 20px;\"><span style=\"color: #000000;\"><strong><span style=\"font-family: times new roman, times, serif;\">TH\u00d4NG TIN C\u1ea6N BI\u1ebeT:<\/span><\/strong><\/span><\/span><\/p>\n<ul>\n<li><strong><a href=\"https:\/\/kawaled.com.vn\/tai-sao-lai-cho-den-led-downlight-op-tran-noi\"><span style=\"color: #0000cd;\">T\u1ea1i sao n\u00ean ch\u1ecdn \u0111\u00e8n downlight \u1ed1p n\u1ed5i tr\u1ea7n<\/span><\/a><\/strong><\/li>\n<\/ul>\n<p style=\"text-align: center;\"><span style=\"font-size: 14px;\"><strong>Thank you for trusting Kawasan products!<\/strong><\/span><\/p>\n<p style=\"text-align: center;\"><span style=\"font-size: 14px;\"><strong>Toll-Free Consulting Hotline:\u00a0<\/strong><span style=\"color: #ff0000;\"><strong>1800 0058<\/strong><\/span><\/span><\/p>\n<p align=\"center\"><span style=\"font-family: times new roman,times,serif;\"><span style=\"font-size: 16px;\"><span style=\"color: #000000;\"><strong><span style=\"vertical-align: inherit;\">Trang web:\u00a0 <\/span><\/strong><\/span><a href=\"https:\/\/kawasan.vn\/\" target=\"_blank\" rel=\"noopener\"><span style=\"color: #0000cd;\"><strong><span style=\"vertical-align: inherit;\">www.kawasan.vn<\/span><\/strong><\/span><\/a><\/span><\/span><\/p>\n<p align=\"center\"><span style=\"font-family: times new roman,times,serif;\"><span style=\"font-size: 16px;\"><span style=\"color: #000000;\"><strong><span style=\"vertical-align: inherit;\">Trang web:\u00a0 <\/span><\/strong><\/span><a href=\"https:\/\/kawaled.com.vn\/\"><span style=\"color: #0000cd;\"><strong><span style=\"vertical-align: inherit;\">www.kawaled.com.vn<\/span><\/strong><\/span><\/a><\/span><\/span><\/p>","protected":false},"excerpt":{"rendered":"<p>M\u00d4 T\u1ea2 \u0110\u00c8N LED N\u1ed4I TR\u1ea6N TR\u00d2N GI\u1eacT C\u1ea4P 1 M\u00c0U NT170-A12W-T\/V Ch\u1ea5t l\u01b0\u1ee3ng th\u01b0\u01a1ng hi\u1ec7u KAWALED Ti\u1ebft ki\u1ec7m n\u0103ng l\u01b0\u1ee3ng, ti\u00eau th\u1ee5 \u0111i\u1ec7n n\u0103ng th\u1ea5p, tu\u1ed5i th\u1ecd cao Kh\u00f4ng c\u00f3 ch\u00ec v\u00e0 th\u1ee7y ng\u00e2n, kh\u00f4ng c\u00f3 tia c\u1ef1c t\u00edm v\u00e0 tia h\u1ed3ng ngo\u1ea1i Chi\u1ebfu s\u00e1ng v\u00e0 hi\u1ec7u qu\u1ea3 h\u01a1n so v\u1edbi \u0111\u00e8n s\u1ee3i \u0111\u1ed1t [&hellip;]<\/p>","protected":false},"featured_media":21370,"comment_status":"open","ping_status":"closed","template":"","meta":{"rank_math_description":"\u0110\u00e8n led n\u1ed5i tr\u1ea7n tr\u00f2n, gi\u1eadt c\u1ea5p 1 m\u00e0u NT170-A12W-T\/V KAWALED. \u0110i\u1ec7n \u00e1p ho\u1ea1t \u0111\u1ed9ng 170~240V - 50\/60Hz. C\u00f4ng su\u1ea5t v\u00f2ng LED 12W. Tu\u1ed5i th\u1ecd 25.000 gi\u1edd...","rank_math_focus_keyword":"\u0110\u00c8N LED N\u1ed4I TR\u1ea6N TR\u00d2N NT170-A12W-T\/V","rank_math_secondary_keywords":""},"product_cat":[1747,1768,1736,3789],"product_tag":[2930,2794,1783,2932,2799,2803,2931,2797,1944,2935],"class_list":["post-21371","product","type-product","status-publish","has-post-thumbnail","hentry","product_cat-den-led-downlight","product_cat-den-led-noi-tran","product_cat-den-led-noi-tran-tron","product_cat-den-noi-tran-1-mau","product_tag-den-am-tran-12w","product_tag-den-am-tran-thach-cao","product_tag-den-led-am-tran","product_tag-den-led-am-tran-12w","product_tag-den-led-am-tran-thach-cao","product_tag-gia-den-led-am-tran","product_tag-gia-den-led-am-tran-12w","product_tag-gia-den-led-am-tran-thach-cao","product_tag-kawaled","product_tag-led-am-tran-12w"],"acf":[],"_links":{"self":[{"href":"https:\/\/kawaled.com.vn\/en\/wp-json\/wp\/v2\/product\/21371","targetHints":{"allow":["GET"]}}],"collection":[{"href":"https:\/\/kawaled.com.vn\/en\/wp-json\/wp\/v2\/product"}],"about":[{"href":"https:\/\/kawaled.com.vn\/en\/wp-json\/wp\/v2\/types\/product"}],"replies":[{"embeddable":true,"href":"https:\/\/kawaled.com.vn\/en\/wp-json\/wp\/v2\/comments?post=21371"}],"version-history":[{"count":0,"href":"https:\/\/kawaled.com.vn\/en\/wp-json\/wp\/v2\/product\/21371\/revisions"}],"wp:featuredmedia":[{"embeddable":true,"href":"https:\/\/kawaled.com.vn\/en\/wp-json\/wp\/v2\/media\/21370"}],"wp:attachment":[{"href":"https:\/\/kawaled.com.vn\/en\/wp-json\/wp\/v2\/media?parent=21371"}],"wp:term":[{"taxonomy":"product_cat","embeddable":true,"href":"https:\/\/kawaled.com.vn\/en\/wp-json\/wp\/v2\/product_cat?post=21371"},{"taxonomy":"product_tag","embeddable":true,"href":"https:\/\/kawaled.com.vn\/en\/wp-json\/wp\/v2\/product_tag?post=21371"}],"curies":[{"name":"wp","href":"https:\/\/api.w.org\/{rel}","templated":true}]}}