{"id":21349,"date":"2020-08-21T10:44:00","date_gmt":"2020-08-21T03:44:00","guid":{"rendered":"https:\/\/kawaled.123websitedev.com\/san-pham\/cam-ung-hong-ngoai-roi-lap-led-pha-mong\/"},"modified":"2026-01-27T06:25:55","modified_gmt":"2026-01-26T23:25:55","slug":"cam-ung-hong-ngoai-roi-lap-led-pha-mong","status":"publish","type":"product","link":"https:\/\/kawaled.com.vn\/en\/product\/cam-ung-hong-ngoai-roi-lap-led-pha-mong\/","title":{"rendered":"C\u1ea3m \u1ee8ng H\u1ed3ng Ngo\u1ea1i Ph\u1ee5 Ki\u1ec7n R\u1eddi L\u1eafp LED FS23B"},"content":{"rendered":"<p><span style=\"color: #000000;\"><span style=\"font-size: 16px;\"><span style=\"font-family: times new roman,times,serif;\"><strong>TH\u00d4NG S\u1ed0 K\u1ef8 THU\u1eacT C\u1ea2M \u1ee8NG H\u1ed2NG NGO\u1ea0I PH\u1ee4 KI\u1ec6N<\/strong><\/span><\/span><\/span><\/p>\n<ul>\n<li><span style=\"color: #000000;\"><span style=\"font-size: 16px;\"><span style=\"font-family: times new roman,times,serif;\">Thi\u1ebft k\u1ebf theo ti\u00eau chu\u1ea9n k\u00edn n\u01b0\u1edbc IP66<\/span><\/span><\/span><\/li>\n<li><span style=\"color: #000000;\"><span style=\"font-size: 16px;\"><span style=\"font-family: times new roman,times,serif;\">K\u1ebft n\u1ed1i ren v\u1eb7n chu\u1ea9n<\/span><\/span><\/span><\/li>\n<li><span style=\"color: #000000;\"><span style=\"font-size: 16px;\"><span style=\"font-family: times new roman,times,serif;\">Ngu\u1ed3n c\u1ea5p: 220-240V<\/span><\/span><\/span><\/li>\n<li><span style=\"color: #000000;\"><span style=\"font-size: 16px;\"><span style=\"font-family: times new roman,times,serif;\">Kho\u1ea3ng c\u00e1ch c\u1ea3m \u1ee9ng: 3-6m (\u0111i\u1ec1u ch\u1ec9nh \u0111\u01b0\u1ee3c)<\/span><\/span><\/span><\/li>\n<li><span style=\"color: #000000;\"><span style=\"font-size: 16px;\"><span style=\"font-family: times new roman,times,serif;\">Th\u1eddi gian tr\u1ec5: 15s \u2013 7 ph\u00fat (\u0110i\u1ec1u ch\u1ec9nh \u0111\u01b0\u1ee3c)<\/span><\/span><\/span><\/li>\n<li><span style=\"color: #000000;\"><span style=\"font-size: 16px;\"><span style=\"font-family: times new roman,times,serif;\">\u0110i\u1ec1u ch\u1ec9nh \u0111\u1ed9 s\u00e1ng c\u1ea3m \u1ee9ng (LUX): 10 \u2013\u00a02000 LUX<\/span><\/span><\/span><\/li>\n<\/ul>\n<p><span style=\"color: #000000;\"><span style=\"font-size: 16px;\"><span style=\"font-family: times new roman,times,serif;\"><strong>\u1ee8NG D\u1ee4NG C\u1ea2M \u1ee8NG H\u1ed2NG NGO\u1ea0I PH\u1ee4 KI\u1ec6N<\/strong><\/span><\/span><\/span><\/p>\n<p><span style=\"color: #000000;\"><span style=\"font-size: 16px;\"><span style=\"font-family: times new roman,times,serif;\">D\u00f9ng \u0111\u1ec3 l\u1eafp v\u00e0o c\u00e1c \u0111\u00e8n pha\u00a0\u0111\u1ec3 l\u00e0m \u0111\u00e8n c\u1ea3m \u1ee9ng \u0111i\u1ec1u ch\u1ec9nh b\u1eadt \u2013\u00a0t\u1eaft \u0111\u00e8n: c\u00f3 th\u1ec3 l\u1eafp v\u00e0o \u0111\u00e8n pha FLH<\/span><\/span><\/span><\/p>\n<p style=\"text-align: center;\"><span style=\"font-family: times new roman,times,serif;\"><span style=\"font-size: 16px;\"><span style=\"color: #000000;\"><b>C\u1ea3m \u01a1n qu\u00fd kh\u00e1ch \u0111\u00e3 tin d\u00f9ng s\u1ea3n ph\u1ea9m Kawaled!<\/b><\/span><\/span><\/span><\/p>\n<p style=\"text-align: center;\"><span style=\"font-family: times new roman,times,serif;\"><span style=\"font-size: 16px;\"><span style=\"color: #000000;\"><b>Toll-Free Consulting Hotline:\u00a0<\/b><\/span><span style=\"color: #ff0000;\"><b>1800 0058<\/b>\u00a0<\/span><span style=\"color: #000000;\"><b>Or Call Directly:<\/b>\u00a0<\/span><span style=\"color: #ff0000;\"><b>0911 761010<\/b><\/span><\/span><\/span><\/p>\n<p align=\"center\"><span style=\"font-family: times new roman,times,serif;\"><span style=\"font-size: 16px;\"><span style=\"color: #000000;\"><strong><span style=\"vertical-align: inherit;\">Trang web:\u00a0 <\/span><\/strong><\/span><a href=\"https:\/\/kawasan.vn\/\" target=\"_blank\" rel=\"noopener\"><span style=\"color: #0000cd;\"><strong><span style=\"vertical-align: inherit;\">www.kawasan.vn<\/span><\/strong><\/span><\/a><\/span><\/span><\/p>\n<p align=\"center\"><span style=\"font-family: times new roman,times,serif;\"><span style=\"font-size: 16px;\"><span style=\"color: #000000;\"><strong><span style=\"vertical-align: inherit;\">Trang web:\u00a0 <\/span><\/strong><\/span><a href=\"https:\/\/kawaled.com.vn\/\"><span style=\"color: #0000cd;\"><strong><span style=\"vertical-align: inherit;\">www.kawaled.com.vn<\/span><\/strong><\/span><\/a><\/span><\/span><\/p>\n<p style=\"text-align: center;\">","protected":false},"excerpt":{"rendered":"<p>TH\u00d4NG S\u1ed0 K\u1ef8 THU\u1eacT C\u1ea2M \u1ee8NG H\u1ed2NG NGO\u1ea0I PH\u1ee4 KI\u1ec6N Thi\u1ebft k\u1ebf theo ti\u00eau chu\u1ea9n k\u00edn n\u01b0\u1edbc IP66 K\u1ebft n\u1ed1i ren v\u1eb7n chu\u1ea9n Ngu\u1ed3n c\u1ea5p: 220-240V Kho\u1ea3ng c\u00e1ch c\u1ea3m \u1ee9ng: 3-6m (\u0111i\u1ec1u ch\u1ec9nh \u0111\u01b0\u1ee3c) Th\u1eddi gian tr\u1ec5: 15s \u2013 7 ph\u00fat (\u0110i\u1ec1u ch\u1ec9nh \u0111\u01b0\u1ee3c) \u0110i\u1ec1u ch\u1ec9nh \u0111\u1ed9 s\u00e1ng c\u1ea3m \u1ee9ng (LUX): 10 \u2013\u00a02000 LUX \u1ee8NG [&hellip;]<\/p>","protected":false},"featured_media":21348,"comment_status":"open","ping_status":"closed","template":"","meta":{"rank_math_description":"C\u1ea3m \u1ee8ng H\u1ed3ng Ngo\u1ea1i Ph\u1ee5 Ki\u1ec7n FS23B. C\u1ea3m \u1ee9ng: 3-6m (\u0111i\u1ec1u ch\u1ec9nh \u0111\u01b0\u1ee3c). Th\u1eddi gian tr\u1ec5: 15s \u2013 7 ph\u00fat (\u0110i\u1ec1u ch\u1ec9nh \u0111\u01b0\u1ee3c). \u0110\u1ed9 s\u00e1ng c\u1ea3m \u1ee9ng (LUX): 10 \u2013\u00a02000 LUX...","rank_math_focus_keyword":"C\u1ea3m \u1ee8ng H\u1ed3ng Ngo\u1ea1i Ph\u1ee5 Ki\u1ec7n","rank_math_secondary_keywords":""},"product_cat":[1771],"product_tag":[3194,3195,1838],"class_list":["post-21349","product","type-product","status-publish","has-post-thumbnail","hentry","product_cat-den-led-cam-ung","product_tag-cam-ung-den","product_tag-cam-ung-den-led","product_tag-cam-ung-hong-ngoai-roi-lap-led-pha-mong"],"acf":[],"_links":{"self":[{"href":"https:\/\/kawaled.com.vn\/en\/wp-json\/wp\/v2\/product\/21349","targetHints":{"allow":["GET"]}}],"collection":[{"href":"https:\/\/kawaled.com.vn\/en\/wp-json\/wp\/v2\/product"}],"about":[{"href":"https:\/\/kawaled.com.vn\/en\/wp-json\/wp\/v2\/types\/product"}],"replies":[{"embeddable":true,"href":"https:\/\/kawaled.com.vn\/en\/wp-json\/wp\/v2\/comments?post=21349"}],"version-history":[{"count":0,"href":"https:\/\/kawaled.com.vn\/en\/wp-json\/wp\/v2\/product\/21349\/revisions"}],"wp:featuredmedia":[{"embeddable":true,"href":"https:\/\/kawaled.com.vn\/en\/wp-json\/wp\/v2\/media\/21348"}],"wp:attachment":[{"href":"https:\/\/kawaled.com.vn\/en\/wp-json\/wp\/v2\/media?parent=21349"}],"wp:term":[{"taxonomy":"product_cat","embeddable":true,"href":"https:\/\/kawaled.com.vn\/en\/wp-json\/wp\/v2\/product_cat?post=21349"},{"taxonomy":"product_tag","embeddable":true,"href":"https:\/\/kawaled.com.vn\/en\/wp-json\/wp\/v2\/product_tag?post=21349"}],"curies":[{"name":"wp","href":"https:\/\/api.w.org\/{rel}","templated":true}]}}