{"id":21317,"date":"2020-03-24T09:51:21","date_gmt":"2020-03-24T02:51:21","guid":{"rendered":"https:\/\/kawaled.123websitedev.com\/san-pham\/den-led-panel-am-tran-chu-nhat-pl36-24w\/"},"modified":"2026-01-19T16:04:17","modified_gmt":"2026-01-19T09:04:17","slug":"den-led-panel-am-tran-chu-nhat-pl36-24w","status":"publish","type":"product","link":"https:\/\/kawaled.com.vn\/en\/product\/den-led-panel-am-tran-chu-nhat-pl36-24w\/","title":{"rendered":"\u0110\u00c8N LED PANEL T\u1ea4M \u00c2M TR\u1ea6N CH\u1eee NH\u1eacT PL36-24W"},"content":{"rendered":"<h2><span class=\"ez-toc-section\" id=\"DEN_LED_PANEL_AM_TRAN_PL36-24W_THACH_CAO\"><\/span><span style=\"color: #000000;\"><span style=\"font-size: 16px;\"><span style=\"font-family: times new roman,times,serif;\"><b>\u0110\u00c8N LED PANEL \u00c2M TR\u1ea6N PL36-24W TH\u1ea0CH CAO<\/b><\/span><\/span><\/span><span class=\"ez-toc-section-end\"><\/span><\/h2><div id=\"ez-toc-container\" class=\"ez-toc-v2_0_69_1 counter-hierarchy ez-toc-counter ez-toc-grey ez-toc-container-direction\">\n<div class=\"ez-toc-title-container\">\n<p class=\"ez-toc-title\" >N\u1ed9i Dung B&agrave;i Vi\u1ebft<\/p>\n<span class=\"ez-toc-title-toggle\"><a href=\"#\" class=\"ez-toc-pull-right ez-toc-btn ez-toc-btn-xs ez-toc-btn-default ez-toc-toggle\" aria-label=\"Toggle Table of Content\"><span class=\"ez-toc-js-icon-con\"><span class=\"\"><span class=\"eztoc-hide\" style=\"display:none;\">Toggle<\/span><span class=\"ez-toc-icon-toggle-span\"><svg style=\"fill: #999;color:#999\" xmlns=\"http:\/\/www.w3.org\/2000\/svg\" class=\"list-377408\" width=\"20px\" height=\"20px\" viewbox=\"0 0 24 24\" fill=\"none\"><path d=\"M6 6H4v2h2V6zm14 0H8v2h12V6zM4 11h2v2H4v-2zm16 0H8v2h12v-2zM4 16h2v2H4v-2zm16 0H8v2h12v-2z\" fill=\"currentColor\"><\/path><\/svg><svg style=\"fill: #999;color:#999\" class=\"arrow-unsorted-368013\" xmlns=\"http:\/\/www.w3.org\/2000\/svg\" width=\"10px\" height=\"10px\" viewbox=\"0 0 24 24\" version=\"1.2\" baseprofile=\"tiny\"><path d=\"M18.2 9.3l-6.2-6.3-6.2 6.3c-.2.2-.3.4-.3.7s.1.5.3.7c.2.2.4.3.7.3h11c.3 0 .5-.1.7-.3.2-.2.3-.5.3-.7s-.1-.5-.3-.7zM5.8 14.7l6.2 6.3 6.2-6.3c.2-.2.3-.5.3-.7s-.1-.5-.3-.7c-.2-.2-.4-.3-.7-.3h-11c-.3 0-.5.1-.7.3-.2.2-.3.5-.3.7s.1.5.3.7z\"\/><\/svg><\/span><\/span><\/span><\/a><\/span><\/div>\n<nav><ul class='ez-toc-list ez-toc-list-level-1 eztoc-toggle-hide-by-default' ><li class='ez-toc-page-1 ez-toc-heading-level-2'><a class=\"ez-toc-link ez-toc-heading-1\" href=\"https:\/\/kawaled.com.vn\/en\/product\/den-led-panel-am-tran-chu-nhat-pl36-24w\/#DEN_LED_PANEL_AM_TRAN_PL36-24W_THACH_CAO\" title=\"\u0110\u00c8N LED PANEL \u00c2M TR\u1ea6N PL36-24W TH\u1ea0CH CAO\">\u0110\u00c8N LED PANEL \u00c2M TR\u1ea6N PL36-24W TH\u1ea0CH CAO<\/a><\/li><li class='ez-toc-page-1 ez-toc-heading-level-2'><a class=\"ez-toc-link ez-toc-heading-2\" href=\"https:\/\/kawaled.com.vn\/en\/product\/den-led-panel-am-tran-chu-nhat-pl36-24w\/#UU_DIEM_NOI_BAT_DEN_LED_AM_TRAN_CHU_NHAT_300%C3%97600\" title=\"\u01afU \u0110I\u1ec2M N\u1ed4I B\u1eacT \u0110\u00c8N LED \u00c2M TR\u1ea6N CH\u1eee NH\u1eacT 300&#215;600\">\u01afU \u0110I\u1ec2M N\u1ed4I B\u1eacT \u0110\u00c8N LED \u00c2M TR\u1ea6N CH\u1eee NH\u1eacT 300&#215;600<\/a><\/li><li class='ez-toc-page-1 ez-toc-heading-level-2'><a class=\"ez-toc-link ez-toc-heading-3\" href=\"https:\/\/kawaled.com.vn\/en\/product\/den-led-panel-am-tran-chu-nhat-pl36-24w\/#DIA_CHI_MUA_HANG_DEN_PANEL_AM_TRAN_TOT_VA_CHINH_HANG_HIEN_NAY\" title=\"\u0110\u1ecaA CH\u1ec8 MUA H\u00c0NG\u00a0 \u0110\u00c8N PANEL \u00c2M TR\u1ea6N T\u1ed0T V\u00c0 CH\u00cdNH H\u00c3NG HI\u1ec6N NAY\">\u0110\u1ecaA CH\u1ec8 MUA H\u00c0NG\u00a0 \u0110\u00c8N PANEL \u00c2M TR\u1ea6N T\u1ed0T V\u00c0 CH\u00cdNH H\u00c3NG HI\u1ec6N NAY<\/a><\/li><\/ul><\/nav><\/div>\n\n<p><span style=\"font-size: 16px;\"><span style=\"font-family: times new roman,times,serif;\"><span style=\"color: #000000;\">\u0110\u00e8n led Panel \u00e2m tr\u1ea7n<\/span><span style=\"color: #000000;\">, thi\u1ebft k\u1ebf d\u00e1ng ch\u1eef\u00a0nh\u1eadt\u00a0m\u1ecfng \u0111\u1eb9p m\u1eaft. \u00c1nh s\u00e1ng chu\u1ea9n, kh\u00f4ng g\u00e2y ch\u00f3i m\u1eaft v\u00e0 \u0111\u1ed9 b\u1ec1n cao &gt;10 n\u0103m. \u0110\u00e8n led panel, th\u01b0\u1eddng \u0111\u01b0\u1ee3c l\u1eafp tr\u00ean khung x\u01b0\u01a1ng c\u1ee7a tr\u1ea7n th\u1ea1ch cao v\u1edbi k\u00edch th\u01b0\u1edbc khung x\u01b0\u01a1ng chu\u1ea9n 300cm x 600mm, chuy\u00ean d\u00f9ng cho c\u00e1c v\u0103n ph\u00f2ng l\u00e0m vi\u1ec7c, h\u00e0nh lang chung c\u01b0, b\u1ec7nh vi\u1ec7n, si\u00eau th\u1ecb c\u00f3 \u0111\u1ed9 chi\u1ebfu s\u00e1ng cho c\u00e1c khu v\u1ef1c r\u1ed9ng l\u1edbn.\u00a0<\/span><\/span><\/span><\/p>\n<p><span style=\"color: #000000;\"><span style=\"font-family: times new roman,times,serif;\"><span style=\"font-size: 16px;\">Driver b\u1ed9 ngu\u1ed3n c\u00f3 th\u1ec3 ho\u1ea1t \u0111\u1ed9ng \u1ed5n \u0111\u1ecbnh, trong m\u1ee9c \u0111i\u1ec7n \u00e1p t\u1eeb 168\u00a0\u2013 240V. Ch\u1ec9 s\u1ed1 k\u00edn n\u01b0\u1edbc IP20, tr\u01b0\u1eddng h\u1ee3p tr\u1ea7n nh\u00e0 b\u1ecb \u1ea9m th\u00ec \u0111\u00e8n v\u1eabn ho\u1ea1t \u0111\u1ed9ng b\u00ecnh th\u01b0\u1eddng. C\u1ee5c ngu\u1ed3n t\u1ed1t, \u1ed5n \u0111\u1ecbnh khi b\u1eadt \u0111\u00e8n s\u00e1ng ngay, kh\u00f4ng b\u1ecb nh\u1ea5p nh\u00e1y.<\/span><\/span><\/span><\/p>\n<p style=\"text-align: center;\"><span style=\"color: #000000;\"><span style=\"font-size: 16px;\"><span style=\"font-family: times new roman,times,serif;\"><img decoding=\"async\" class=\"size-full wp-image-21315\" style=\"width: 500px; height: 468px;\" src=\"https:\/\/kawaled.com.vn\/wp-content\/uploads\/2020\/03\/den-led-panel-am-tran-pl36-24w.png\" alt=\"\u0110\u00e8n Led Panel t\u1ea5m \u00e2m tr\u1ea7n ch\u1eef nh\u1eadt\" width=\"800\" height=\"749\" srcset=\"https:\/\/kawaled.com.vn\/wp-content\/uploads\/2020\/03\/den-led-panel-am-tran-pl36-24w.png 800w, https:\/\/kawaled.com.vn\/wp-content\/uploads\/2020\/03\/den-led-panel-am-tran-pl36-24w-768x719.png 768w, https:\/\/kawaled.com.vn\/wp-content\/uploads\/2020\/03\/den-led-panel-am-tran-pl36-24w-640x599.png 640w, https:\/\/kawaled.com.vn\/wp-content\/uploads\/2020\/03\/den-led-panel-am-tran-pl36-24w-400x375.png 400w\" sizes=\"(max-width: 800px) 100vw, 800px\" \/><\/span><\/span><\/span><\/p>\n<h2><span class=\"ez-toc-section\" id=\"UU_DIEM_NOI_BAT_DEN_LED_AM_TRAN_CHU_NHAT_300%C3%97600\"><\/span><span style=\"color: #000000;\"><span style=\"font-size: 16px;\"><span style=\"font-family: times new roman,times,serif;\"><b>\u01afU \u0110I\u1ec2M N\u1ed4I B\u1eacT \u0110\u00c8N LED \u00c2M TR\u1ea6N CH\u1eee NH\u1eacT 300&#215;600<\/b><\/span><\/span><\/span><span class=\"ez-toc-section-end\"><\/span><\/h2>\n<p><span style=\"color: #000000;\"><span style=\"font-size: 16px;\"><span style=\"font-family: times new roman,times,serif;\">\u0110\u00e8n led panel t\u1ea5m, \u00e2m tr\u1ea7n ch\u1eef nh\u1eadt PL36-24W m\u1ecfng v\u00e0 nh\u1eb9 n\u00ean d\u1ec5 d\u00e0ng l\u1eafp \u0111\u1eb7t, thay th\u1ebf, thi c\u00f4ng nhanh. L\u1edbp vi\u1ec1n b\u1ec1 m\u1eb7t \u0111\u00e8n \u0111\u01b0\u1ee3c l\u00e0m t\u1eeb th\u00e9p s\u01a1n t\u0129nh \u0111i\u1ec7n, ho\u1eb7c khung nh\u00f4m. C\u00f3 kh\u1ea3 n\u0103ng b\u1ec1n cao, t\u1ecfa nhi\u1ec7t nhanh. \u0110\u1eb7c bi\u1ec7t nh\u1eb9 h\u01a1n r\u1ea5t nhi\u1ec1u ch\u1ec9 b\u1eb1ng 1\/3 so v\u1edbi lo\u1ea1i m\u00e1ng \u0111\u00e8n khung x\u01b0\u01a1ng d\u00f9ng l\u1eafp cho \u0111\u00e8n tu\u00fdp hu\u1ef3nh quang tr\u01b0\u1edbc kia. M\u1eb7t \u0111\u00e8n l\u00e0m t\u1eeb nh\u1ef1a cao c\u1ea5p, c\u00f3 kh\u1ea3 n\u0103ng t\u00e1n x\u1ea1 \u00e1nh s\u00e1ng t\u1ed1t. T\u1ea5m nh\u1ef1a t\u1ea3n quang l\u00e0m t\u1eeb nh\u1ef1a PMMA, kh\u1ea3 n\u0103ng d\u1eabn s\u00e1ng \u0111\u1ebfn 95%. Gi\u00fap \u00e1nh s\u00e1ng ph\u00e2n b\u1ed1 \u0111\u1ec1u v\u00e0 r\u1ed9ng kho\u1ea3ng 3-4m.<\/span><\/span><\/span><\/p>\n<p><span style=\"color: #000000;\"><span style=\"font-size: 16px;\"><span style=\"font-family: times new roman,times,serif;\">Led panel \u00e2m tr\u1ea7n ch\u1eef nh\u1eadt\u00a0\u0111\u01b0\u1ee3c c\u1ea5u t\u1ea1o t\u1eeb chip Led SMD 2835, c\u00f3 \u0111\u1ed9 s\u00e1ng cao v\u00e0 kh\u00f4ng g\u00e2y ch\u00f3i m\u1eaft ng\u01b0\u1eddi d\u00f9ng. Ch\u1ec9 s\u1ed1 ho\u00e0n m\u00e0u Ra&gt;80, l\u00e0m kh\u00f4ng gian chi\u1ebfu s\u00e1ng th\u00eam sinh \u0111\u1ed9ng. Hi\u1ec7u su\u1ea5t quang th\u00f4ng 90 Lm\/W, ti\u1ebft ki\u1ec7m \u0111\u1ebfn 60% \u0111i\u1ec7n n\u0103ng so v\u1edbi \u0111\u00e8n compact, hu\u1ef3nh quang\u2026<\/span><\/span><\/span><\/p>\n<p><span style=\"color: #000000;\"><span style=\"font-size: 16px;\"><span style=\"font-family: times new roman,times,serif;\">Tu\u1ed5i th\u1ecd chip Led cao, l\u00ean \u0111\u1ebfn 25.000 gi\u1edd chi\u1ebfu s\u00e1ng. \u0110\u1ed9 s\u00e1ng \u1ed5n \u0111\u1ecbnh, kh\u00f4ng ch\u1eadp ch\u1eddn, nh\u1ea5p nh\u00e1y sau 8-12h chi\u1ebfu s\u00e1ng li\u00ean t\u1ee5c. \u0110\u1ed9 b\u1ec1n &gt;5 n\u0103m, gi\u00fap nh\u00e0 \u0111\u1ea7u t\u01b0 ti\u1ebft ki\u1ec7m chi ph\u00ed thay m\u1edbi v\u00e0 \u0111i\u1ec7n n\u0103ng hi\u1ec7u qu\u1ea3.<\/span><\/span><\/span><\/p>\n<p><span style=\"color: #000000;\"><span style=\"font-size: 16px;\"><span style=\"font-family: times new roman,times,serif;\"><strong>TH\u00d4NG S\u1ed0 K\u1ef8 THU\u1eacT \u0110\u00c8N PANEL \u00c2M TR\u1ea6N CH\u1eee NH\u1eacT<\/strong><\/span><\/span><\/span><\/p>\n<ul>\n<li><span style=\"color: #000000;\"><span style=\"font-size: 16px;\"><span style=\"font-family: times new roman,times,serif;\">Ngu\u1ed3n: 110 ~ 240V<\/span><\/span><\/span><\/li>\n<li><span style=\"color: #000000;\"><span style=\"font-size: 16px;\"><span style=\"font-family: times new roman,times,serif;\">D\u00f2ng \u0111i\u1ec7n: 0.5A<\/span><\/span><\/span><\/li>\n<li><span style=\"color: #000000;\"><span style=\"font-size: 16px;\"><span style=\"font-family: times new roman,times,serif;\">C\u00f4ng su\u1ea5t: 24W<\/span><\/span><\/span><\/li>\n<li><span style=\"color: #000000;\"><span style=\"font-size: 16px;\"><span style=\"font-family: times new roman,times,serif;\">K\u00edch th\u01b0\u1edbc \u0111\u00e8n (cm): 300 x 600 mm<\/span><\/span><\/span><\/li>\n<li><span style=\"color: #000000;\"><span style=\"font-size: 16px;\"><span style=\"font-family: times new roman,times,serif;\">Ch\u1ec9 s\u1ed1 ho\u00e0n m\u00e0u\u00a0 Ra=85<\/span><\/span><\/span><\/li>\n<li><span style=\"color: #000000;\"><span style=\"font-size: 16px;\"><span style=\"font-family: times new roman,times,serif;\">Hi\u1ec7u s\u1ed1 quang th\u00f4ng: 90Lm\/W<\/span><\/span><\/span><\/li>\n<li><span style=\"color: #000000;\"><span style=\"font-size: 16px;\"><span style=\"font-family: times new roman,times,serif;\">Tu\u1ed5i th\u1ecd: 25000 gi\u1edd<\/span><\/span><\/span><\/li>\n<\/ul>\n<p style=\"text-align: center;\"><span style=\"color: #000000;\"><span style=\"font-size: 16px;\"><span style=\"font-family: times new roman,times,serif;\"><img decoding=\"async\" class=\"size-full wp-image-21316\" style=\"width: 500px; height: 500px;\" src=\"https:\/\/kawaled.com.vn\/wp-content\/uploads\/2020\/03\/thong-so-ky-thuat-den-led-panle-am-tran-pl36-24w.png\" alt=\"Th\u00f4ng s\u1ed1 k\u1ef9 thu\u1eadt \u0111\u00e8n led Panel \u00e2m tr\u1ea7n 300x600\" width=\"600\" height=\"600\" srcset=\"https:\/\/kawaled.com.vn\/wp-content\/uploads\/2020\/03\/thong-so-ky-thuat-den-led-panle-am-tran-pl36-24w.png 600w, https:\/\/kawaled.com.vn\/wp-content\/uploads\/2020\/03\/thong-so-ky-thuat-den-led-panle-am-tran-pl36-24w-400x400.png 400w\" sizes=\"(max-width: 600px) 100vw, 600px\" \/><\/span><\/span><\/span><\/p>\n<h2><span class=\"ez-toc-section\" id=\"DIA_CHI_MUA_HANG_DEN_PANEL_AM_TRAN_TOT_VA_CHINH_HANG_HIEN_NAY\"><\/span><span style=\"font-family: times new roman,times,serif;\"><span style=\"color: #000000;\"><span style=\"font-size: 16px;\"><b>\u0110\u1ecaA CH\u1ec8 MUA H\u00c0NG\u00a0 \u0110\u00c8N PANEL \u00c2M TR\u1ea6N T\u1ed0T V\u00c0 CH\u00cdNH H\u00c3NG HI\u1ec6N NAY<\/b><\/span><\/span><\/span><span class=\"ez-toc-section-end\"><\/span><\/h2>\n<p><span style=\"font-family: times new roman,times,serif;\"><span style=\"color: #000000;\"><span style=\"font-size: 16px;\">\u0110\u1ec3 c\u00f3 th\u1ec3 ch\u1ecdn \u0111\u01b0\u1ee3c\u00a0\u0111\u00e8n led \u00e2m tr\u1ea7n panel light\u00a0ph\u00f9 h\u1ee3p, ch\u1ea5t l\u01b0\u1ee3ng ch\u00ednh l\u00e0 t\u00ecm \u0111\u1ebfn c\u00e1c \u0111\u01a1n v\u1ecb cung c\u1ea5p uy t\u00edn. KAWALED th\u01b0\u01a1ng hi\u1ec7u \u0111\u01b0\u1ee3c ng\u01b0\u1eddi ti\u00eau d\u00f9ng tin t\u01b0\u1edfng, s\u1eed d\u1ee5ng s\u1ea3n ph\u1ea9m trong su\u1ed1t 15 n\u0103m qua.<\/span><\/span><\/span><\/p>\n<ul>\n<li aria-level=\"1\"><span style=\"font-family: times new roman,times,serif;\"><span style=\"color: #000000;\"><span style=\"font-size: 16px;\">C\u00e1c b\u1ed9 ph\u1eadn c\u1ee7a \u0111\u00e8n nh\u01b0 Chip LED hay ngu\u1ed3n \u0111\u01b0\u1ee3c c\u1ea5u t\u1ea1o t\u1eeb \u0110\u00e0i Loan v\u00e0 H\u00e0n Qu\u1ed1c.<\/span><\/span><\/span><\/li>\n<li aria-level=\"1\"><span style=\"font-family: times new roman,times,serif;\"><span style=\"color: #000000;\"><span style=\"font-size: 16px;\">\u0110\u1ed9 b\u1ec1n s\u1ea3n ph\u1ea9m t\u1eeb 5-10 n\u0103m, ch\u00ednh s\u00e1ch b\u1ea3o h\u00e0nh ch\u00ednh h\u00e3ng 2 n\u0103m. Th\u00f4ng tin in ho\u00e0n to\u00e0n b\u1eb1ng ti\u1ebfng Vi\u1ec7t, gi\u00fap ng\u01b0\u1eddi d\u00f9ng d\u1ec5 d\u00e0ng s\u1eed d\u1ee5ng.<\/span><\/span><\/span><\/li>\n<li aria-level=\"1\"><span style=\"font-family: times new roman,times,serif;\"><span style=\"font-size: 16px;\"><a href=\"https:\/\/kawasan.com.vn\/\" target=\"_blank\" rel=\"noopener\"><span style=\"color: #000000;\">C\u00f4ng ty Th\u1ebf B\u1ea3o<\/span><\/a><span style=\"color: #000000;\">\u00a0c\u00f3 3 v\u0103n ph\u00f2ng \u0111\u1ea1i di\u1ec7n \u1edf: H\u1ed3 Ch\u00ed Minh, H\u00e0 N\u1ed9i, \u0110\u00e0 N\u1eb5ng v\u00e0 h\u00e0ng tr\u0103m \u0111\u1ea1i l\u00fd l\u1edbn nh\u1ecf kh\u1eafp c\u1ea3 n\u01b0\u1edbc. Hotline 18000058 lu\u00f4n h\u1ed7 tr\u1ee3 b\u00e1n h\u00e0ng v\u00e0 t\u01b0 v\u1ea5n k\u1ef9 thu\u1eadt, gi\u1ea3i \u0111\u00e1p th\u1eafc m\u1eafc c\u1ee7a qu\u00fd kh\u00e1ch h\u00e0ng t\u1eadn t\u00ecnh v\u00e0 chu \u0111\u00e1o.<\/span><\/span><\/span><\/li>\n<li aria-level=\"1\"><span style=\"font-family: times new roman,times,serif;\"><span style=\"color: #000000;\"><span style=\"font-size: 16px;\">\u0110\u1ed9i ng\u0169 s\u1ea3n xu\u1ea5t c\u1ee7a c\u00f4ng ty KAWALED c\u00f3 h\u01a1n 10 n\u0103m kinh nghi\u1ec7m ho\u1ea1t \u0111\u1ed9ng trong ng\u00e0nh \u0111\u00e8n LED. Do \u0111\u00f3 Qu\u00fd Kh\u00e1ch c\u00f3 th\u1ec3 ho\u00e0n to\u00e0n tin t\u01b0\u1edfng khi s\u1eed d\u1ee5ng s\u1ea3n ph\u1ea9m chi\u1ebfu s\u00e1ng t\u1eeb c\u00f4ng ty ch\u00fang t\u00f4i.<\/span><\/span><\/span><\/li>\n<\/ul>\n<p style=\"text-align: center;\"><span style=\"font-family: times new roman,times,serif;\"><span style=\"font-size: 16px;\"><span style=\"color: #000000;\"><b>C\u1ea3m \u01a1n qu\u00fd kh\u00e1ch \u0111\u00e3 tin d\u00f9ng s\u1ea3n ph\u1ea9m Kawaled!<\/b><\/span><\/span><\/span><\/p>\n<p style=\"text-align: center;\"><span style=\"font-family: times new roman,times,serif;\"><span style=\"font-size: 16px;\"><span style=\"color: #000000;\"><b>Toll-Free Consulting Hotline:\u00a0<\/b><\/span><span style=\"color: #ff0000;\"><b>1800 0058<\/b>\u00a0<\/span><span style=\"color: #000000;\"><b>Or Call Directly:<\/b>\u00a0<\/span><span style=\"color: #ff0000;\"><b>0911 761010<\/b><\/span><\/span><\/span><\/p>\n<p align=\"center\"><span style=\"font-family: times new roman,times,serif;\"><span style=\"font-size: 16px;\"><span style=\"color: #000000;\"><strong><span style=\"vertical-align: inherit;\">Trang web:\u00a0 <\/span><\/strong><\/span><a href=\"https:\/\/kawasan.vn\/\" target=\"_blank\" rel=\"noopener\"><span style=\"color: #0000cd;\"><strong><span style=\"vertical-align: inherit;\">www.kawasan.vn<\/span><\/strong><\/span><\/a><\/span><\/span><\/p>\n<p align=\"center\"><span style=\"font-family: times new roman,times,serif;\"><span style=\"font-size: 16px;\"><span style=\"color: #000000;\"><strong><span style=\"vertical-align: inherit;\">Trang web:\u00a0 <\/span><\/strong><\/span><a href=\"https:\/\/kawaled.com.vn\/\"><span style=\"color: #0000cd;\"><strong><span style=\"vertical-align: inherit;\">www.kawaled.com.vn<\/span><\/strong><\/span><\/a><\/span><\/span><\/p>\n<p style=\"text-align: center;\">","protected":false},"excerpt":{"rendered":"<p>\u0110\u00c8N LED PANEL \u00c2M TR\u1ea6N PL36-24W TH\u1ea0CH CAO \u0110\u00e8n led Panel \u00e2m tr\u1ea7n, thi\u1ebft k\u1ebf d\u00e1ng ch\u1eef\u00a0nh\u1eadt\u00a0m\u1ecfng \u0111\u1eb9p m\u1eaft. \u00c1nh s\u00e1ng chu\u1ea9n, kh\u00f4ng g\u00e2y ch\u00f3i m\u1eaft v\u00e0 \u0111\u1ed9 b\u1ec1n cao &gt;10 n\u0103m. \u0110\u00e8n led panel, th\u01b0\u1eddng \u0111\u01b0\u1ee3c l\u1eafp tr\u00ean khung x\u01b0\u01a1ng c\u1ee7a tr\u1ea7n th\u1ea1ch cao v\u1edbi k\u00edch th\u01b0\u1edbc khung x\u01b0\u01a1ng chu\u1ea9n 300cm x 600mm, chuy\u00ean [&hellip;]<\/p>","protected":false},"featured_media":21314,"comment_status":"open","ping_status":"closed","template":"","meta":{"rank_math_description":"\u0110\u00e8n led panel t\u1ea5m, \u00e2m tr\u1ea7n ch\u1eef nh\u1eadt PL36-24W. C\u1ea5u t\u1ea1o t\u1eeb chip Led SMD 2835, c\u00f3 \u0111\u1ed9 s\u00e1ng cao v\u00e0 kh\u00f4ng g\u00e2y ch\u00f3i m\u1eaft ng\u01b0\u1eddi d\u00f9ng. Ch\u1ec9 s\u1ed1 ho\u00e0n m\u00e0u Ra>80","rank_math_focus_keyword":"\u0110\u00c8N PANEL \u00c2M TR\u1ea6N CH\u1eee NH\u1eacT","rank_math_secondary_keywords":""},"product_cat":[3786,1765],"product_tag":[1917,2794,1783,3204,1830,3206,3208,3207,3205,2797,1944],"class_list":["post-21317","product","type-product","status-publish","has-post-thumbnail","hentry","product_cat-den-am-tran-vuong","product_cat-den-led-panel-am-tran","product_tag-den-am-tran","product_tag-den-am-tran-thach-cao","product_tag-den-led-am-tran","product_tag-den-led-hinh-chu-nhat","product_tag-den-led-panle-am-tran","product_tag-den-led-van-phong","product_tag-den-op-tran-24w","product_tag-den-tran-van-phong","product_tag-den-van-phong","product_tag-gia-den-led-am-tran-thach-cao","product_tag-kawaled"],"acf":[],"_links":{"self":[{"href":"https:\/\/kawaled.com.vn\/en\/wp-json\/wp\/v2\/product\/21317","targetHints":{"allow":["GET"]}}],"collection":[{"href":"https:\/\/kawaled.com.vn\/en\/wp-json\/wp\/v2\/product"}],"about":[{"href":"https:\/\/kawaled.com.vn\/en\/wp-json\/wp\/v2\/types\/product"}],"replies":[{"embeddable":true,"href":"https:\/\/kawaled.com.vn\/en\/wp-json\/wp\/v2\/comments?post=21317"}],"version-history":[{"count":0,"href":"https:\/\/kawaled.com.vn\/en\/wp-json\/wp\/v2\/product\/21317\/revisions"}],"wp:featuredmedia":[{"embeddable":true,"href":"https:\/\/kawaled.com.vn\/en\/wp-json\/wp\/v2\/media\/21314"}],"wp:attachment":[{"href":"https:\/\/kawaled.com.vn\/en\/wp-json\/wp\/v2\/media?parent=21317"}],"wp:term":[{"taxonomy":"product_cat","embeddable":true,"href":"https:\/\/kawaled.com.vn\/en\/wp-json\/wp\/v2\/product_cat?post=21317"},{"taxonomy":"product_tag","embeddable":true,"href":"https:\/\/kawaled.com.vn\/en\/wp-json\/wp\/v2\/product_tag?post=21317"}],"curies":[{"name":"wp","href":"https:\/\/api.w.org\/{rel}","templated":true}]}}