{"id":21304,"date":"2020-03-20T16:33:39","date_gmt":"2020-03-20T09:33:39","guid":{"rendered":"https:\/\/kawaled.123websitedev.com\/san-pham\/den-pha-led-fl2-100w\/"},"modified":"2026-02-02T12:32:23","modified_gmt":"2026-02-02T05:32:23","slug":"den-pha-led-fl2-100w","status":"publish","type":"product","link":"https:\/\/kawaled.com.vn\/en\/product\/den-pha-led-fl2-100w\/","title":{"rendered":"\u0110\u00c8N PHA LED SI\u00caU B\u1ec0N FL2-100W-T"},"content":{"rendered":"<p><span style=\"color: #000000;\"><span style=\"font-size: 16px;\"><span style=\"font-family: times new roman,times,serif;\"><strong>M\u00d4 T\u1ea2: \u0110\u00c8N PHA LED SI\u00caU B\u1ec0N FL2-100W-T<\/strong><\/span><\/span><\/span><\/p>\n<ul>\n<li><span style=\"color: #000000;\"><span style=\"font-size: 16px;\"><span style=\"font-family: times new roman,times,serif;\">\u0110\u00e8n Led pha cao c\u1ea5p, th\u00e2n nh\u00f4m \u0111\u00fac k\u00edn n\u01b0\u1edbc IP66, ch\u1ed1ng b\u1ee5i, c\u00f4n tr\u00f9ng c\u00f3 van th\u1edf ch\u1ed1ng \u1ea9m, th\u00edch h\u1ee3p l\u1eafp ngo\u00e0i tr\u1eddi cho b\u1ea3ng hi\u1ec7u qu\u1ea3ng c\u00e1o, chi\u1ebfu t\u01b0\u1eddng, c\u1ed5ng, s\u00e2n v\u01b0\u1eddn, chi\u1ebfu s\u00e1ng kho b\u00e3i, kh\u00e1ch s\u1ea1n,s\u00e2n b\u00f3ng mini \u2026 tu\u1ed5i th\u1ecd l\u00ean \u0111\u1ebfn 40.000 gi\u1edd.<\/span><\/span><\/span><\/li>\n<\/ul>\n<p style=\"margin-left: 160px;\"><span style=\"color: #000000;\"><span style=\"font-size: 16px;\"><span style=\"font-family: times new roman,times,serif;\"><img decoding=\"async\" class=\"size-full wp-image-21303 aligncenter\" style=\"width: 500px; height: 500px;\" src=\"https:\/\/kawaled.com.vn\/wp-content\/uploads\/2020\/03\/pha-led-cao-cap-100w.jpg\" alt=\"\" width=\"1250\" height=\"1250\" srcset=\"https:\/\/kawaled.com.vn\/wp-content\/uploads\/2020\/03\/pha-led-cao-cap-100w.jpg 1250w, https:\/\/kawaled.com.vn\/wp-content\/uploads\/2020\/03\/pha-led-cao-cap-100w-1000x1000.jpg 1000w, https:\/\/kawaled.com.vn\/wp-content\/uploads\/2020\/03\/pha-led-cao-cap-100w-1024x1024.jpg 1024w, https:\/\/kawaled.com.vn\/wp-content\/uploads\/2020\/03\/pha-led-cao-cap-100w-768x768.jpg 768w, https:\/\/kawaled.com.vn\/wp-content\/uploads\/2020\/03\/pha-led-cao-cap-100w-640x640.jpg 640w, https:\/\/kawaled.com.vn\/wp-content\/uploads\/2020\/03\/pha-led-cao-cap-100w-400x400.jpg 400w\" sizes=\"(max-width: 1250px) 100vw, 1250px\" \/><\/span><\/span><\/span><\/p>\n<p><span style=\"color: #000000;\"><span style=\"font-size: 16px;\"><span style=\"font-family: times new roman,times,serif;\"><strong>L\u1ee2I \u00cdCH: \u0110\u00c8N PHA LED SI\u00caU B\u1ec0N FL2-100W-T<\/strong><\/span><\/span><\/span><\/p>\n<ul>\n<li><span style=\"color: #000000;\"><span style=\"font-size: 16px;\"><span style=\"font-family: times new roman,times,serif;\">An to\u00e0n chi\u1ebfu s\u00e1ng cho khu v\u1ef1c l\u1eafp \u0111\u1eb7t, ch\u1ecbu \u0111\u01b0\u1ee3c m\u00f4i tr\u01b0\u1eddng c\u00f3 t\u00ednh \u0103n m\u00f2n, c\u00f4ng tr\u00ecnh ven bi\u1ec3n,<\/span><\/span><\/span><\/li>\n<li><span style=\"color: #000000;\"><span style=\"font-size: 16px;\"><span style=\"font-family: times new roman,times,serif;\">Thi\u1ebft b\u1ecb \u0111\u01b0\u1ee3c thi\u1ebft k\u1ebf ch\u1ed1ng n\u01b0\u1edbc, th\u00e2n nh\u00f4m gi\u00fap t\u1ea3n nhi\u1ec7t, b\u1ea3o v\u1ec7 thi\u1ebft b\u1ecb linh ki\u1ec7n b\u00ean trong an to\u00e0n, nhi\u1ec7t \u0111\u1ed9 ho\u1ea1t \u0111\u1ed9ng \u1ed5n \u0111\u1ecbnh, d\u00e2y ngu\u1ed3n \u0111\u1ed3ng cable 1.5 l\u1eafp \u0111\u1eb7t nhanh g\u1ecdn ch\u1ec9 c\u1ea7n c\u1ea5p ngu\u1ed3n l\u00e0 \u0111\u00e8n ho\u1ea1t \u0111\u1ed9ng<\/span><\/span><\/span><\/li>\n<li><span style=\"color: #000000;\"><span style=\"font-size: 16px;\"><span style=\"font-family: times new roman,times,serif;\">H\u1ec7 s\u1ed1 tr\u1ea3 m\u00e0u (CRI&gt;85) cho ch\u1ea5t l\u01b0\u1ee3ng \u00e1nh s\u00e1ng t\u1ef1 nhi\u00ean trung th\u1ef1c \u0111\u00e1p \u1ee9ng \u0111\u01b0\u1ee3c ti\u00eau chu\u1ea9n chi\u1ebfu s\u00e1ng Vi\u1ec7t Nam TCVN 7114:2008<\/span><\/span><\/span><\/li>\n<\/ul>\n<p><span style=\"color: #000000;\"><span style=\"font-size: 16px;\"><span style=\"font-family: times new roman,times,serif;\"><strong>TH\u00d4NG S\u1ed0 K\u1ef8 THU\u1eacT:<\/strong><\/span><\/span><\/span><\/p>\n<ul>\n<li><span style=\"color: #000000;\"><span style=\"font-size: 16px;\"><span style=\"font-family: times new roman,times,serif;\">D\u00f2ng \u0111i\u1ec7n: Imax = 0,5 A<\/span><\/span><\/span><\/li>\n<li><span style=\"color: #000000;\"><span style=\"font-size: 16px;\"><span style=\"font-family: times new roman,times,serif;\">\u0110i\u1ec7n \u00e1p AC 165-240C<\/span><\/span><\/span><\/li>\n<li><span style=\"color: #000000;\"><span style=\"font-size: 16px;\"><span style=\"font-family: times new roman,times,serif;\">H\u1ec7 s\u1ed1 c\u00f4ng su\u1ea5t: 0,65<\/span><\/span><\/span><\/li>\n<li><span style=\"color: #000000;\"><span style=\"font-size: 16px;\"><span style=\"font-family: times new roman,times,serif;\">Hi\u1ec7u su\u1ea5t quang: 90-110 Lm\/w<\/span><\/span><\/span><\/li>\n<li><span style=\"color: #000000;\"><span style=\"font-size: 16px;\"><span style=\"font-family: times new roman,times,serif;\">Ch\u1ec9 s\u1ed1 ho\u00e0n m\u00e0u: Ra= 85 Nhi\u1ec7t \u0111\u1ed9 l\u00e0m vi\u1ec7c: (-10:40)<\/span><\/span><\/span><\/li>\n<li><span style=\"color: #000000;\"><span style=\"font-size: 16px;\"><span style=\"font-family: times new roman,times,serif;\">\u0110i\u1ec7n \u00e1p ho\u1ea1t \u0111\u1ed9ng: (100-265) V Tu\u1ed5i th\u1ecd 40.000 gi\u1edd<\/span><\/span><\/span><\/li>\n<li><span style=\"color: #000000;\"><span style=\"font-size: 16px;\"><span style=\"font-family: times new roman,times,serif;\">K\u00edch Th\u01b0\u1edbc:\u00a024.6 x 29.2 x 4.05<\/span><\/span><span style=\"font-size: 16px;\"><span style=\"font-family: times new roman,times,serif;\"> (cm)<\/span><\/span><\/span><\/li>\n<li><span style=\"color: #000000;\"><span style=\"font-size: 16px;\"><span style=\"font-family: times new roman,times,serif;\">Quang Th\u00f4ng:\u00a012000-13000<\/span><\/span><\/span><\/li>\n<li><span style=\"color: #000000;\"><span style=\"font-size: 16px;\"><span style=\"font-family: times new roman,times,serif;\">Quy c\u00e1ch \u0111\u00f3ng g\u00f3i: 5\/th\u00f9ng<\/span><\/span><\/span><\/li>\n<\/ul>\n<p style=\"margin-left: 160px;\"><span style=\"color: #000000;\"><img decoding=\"async\" class=\"size-full wp-image-21065 aligncenter\" style=\"width: 500px; height: 500px;\" src=\"https:\/\/kawaled.com.vn\/wp-content\/uploads\/2019\/08\/den-pha-led-fl2-30w-200w-1.jpg\" alt=\"Chi ti\u1ebft s\u1ea3n ph\u1ea9m\" width=\"800\" height=\"800\" srcset=\"https:\/\/kawaled.com.vn\/wp-content\/uploads\/2019\/08\/den-pha-led-fl2-30w-200w-1.jpg 800w, https:\/\/kawaled.com.vn\/wp-content\/uploads\/2019\/08\/den-pha-led-fl2-30w-200w-1-768x768.jpg 768w, https:\/\/kawaled.com.vn\/wp-content\/uploads\/2019\/08\/den-pha-led-fl2-30w-200w-1-640x640.jpg 640w, https:\/\/kawaled.com.vn\/wp-content\/uploads\/2019\/08\/den-pha-led-fl2-30w-200w-1-400x400.jpg 400w\" sizes=\"(max-width: 800px) 100vw, 800px\" \/><\/span><\/p>\n<h2><span style=\"color: #000000;\"><b>\u0110\u00c8N PHA LED GI\u00c1 R\u1eba \u0110\u01af\u1ee2C \u1ee8NG D\u1ee4NG \u1ede NHI\u1ec0U KHU V\u1ef0C KH\u00c1C NHAU<\/b><\/span><\/h2>\n<ul>\n<li><span style=\"color: #000000;\">Chi\u1ebfu s\u00e1ng s\u00e2n v\u01b0\u1eddn gia \u0111\u00ecnh, c\u00e2y xanh, c\u1ea7u thang ra v\u01b0\u1eddn&#8230;<\/span><\/li>\n<li><span style=\"color: #000000;\">Chi\u1ebfu s\u00e1ng m\u1eb7t ti\u1ec1n t\u00f2a nh\u00e0, chi\u1ebfu h\u1eaft v\u00e1ch t\u01b0\u1eddng, c\u1ed9t t\u00f2a nh\u00e0 \u0111\u1ec3 trang tr\u00ed, s\u00e2n kh\u1ea5u, h\u1ed9i tr\u01b0\u1eddng\u2026<\/span><\/li>\n<li><span style=\"color: #000000;\">Chi\u1ebfu s\u00e1ng bi\u1ec3n qu\u1ea3ng c\u00e1o, s\u00e2n b\u00f3ng mini, bi\u1ec3n t\u00ean c\u00f4ng ty, c\u00f4ng vi\u00ean\u2026<\/span><\/li>\n<\/ul>\n<p style=\"margin-left: 160px;\"><span style=\"color: #000000;\"><img decoding=\"async\" class=\"size-full wp-image-21298 aligncenter\" style=\"height: 446px; width: 600px;\" src=\"https:\/\/kawaled.com.vn\/wp-content\/uploads\/2020\/03\/den-pha-led-fl2-30w-200w-5.jpg\" alt=\"\" width=\"551\" height=\"410\" srcset=\"https:\/\/kawaled.com.vn\/wp-content\/uploads\/2020\/03\/den-pha-led-fl2-30w-200w-5.jpg 551w, https:\/\/kawaled.com.vn\/wp-content\/uploads\/2020\/03\/den-pha-led-fl2-30w-200w-5-400x298.jpg 400w\" sizes=\"(max-width: 551px) 100vw, 551px\" \/><\/span><\/p>\n<p style=\"margin-left: 160px;\"><span style=\"color: #000000;\"><img decoding=\"async\" class=\"size-full wp-image-21299 aligncenter\" style=\"height: 343px; width: 600px;\" src=\"https:\/\/kawaled.com.vn\/wp-content\/uploads\/2020\/03\/den-pha-led-fl2-30w-200w-6.jpg\" alt=\"\" width=\"700\" height=\"400\" srcset=\"https:\/\/kawaled.com.vn\/wp-content\/uploads\/2020\/03\/den-pha-led-fl2-30w-200w-6.jpg 700w, https:\/\/kawaled.com.vn\/wp-content\/uploads\/2020\/03\/den-pha-led-fl2-30w-200w-6-640x366.jpg 640w, https:\/\/kawaled.com.vn\/wp-content\/uploads\/2020\/03\/den-pha-led-fl2-30w-200w-6-400x229.jpg 400w\" sizes=\"(max-width: 700px) 100vw, 700px\" \/><\/span><\/p>\n<p><strong><span style=\"font-size: 20px;\"><span style=\"font-family: times new roman,times,serif;\"><span style=\"color: #000000;\">TH\u00d4NG TIN C\u1ea6N BI\u1ebeT:<\/span><\/span><\/span><\/strong><\/p>\n<ul>\n<li><strong><span style=\"font-size: 16px;\"><span style=\"font-family: times new roman,times,serif;\"><a href=\"https:\/\/kawaled.com.vn\/mua-he-%E2%80%93-mua-cua-anh-nang-va-nang-luong-\"><span style=\"color: #0000cd;\">Gi\u1ea3i ph\u00e1p chi\u1ebfu s\u00e1ng m\u1edbi cho c\u00e1c khu v\u1ef1c\u00a0ngo\u00e0i tr\u1eddi<\/span><\/a><\/span><\/span><\/strong><\/li>\n<li><strong><span style=\"font-size: 16px;\"><span style=\"font-family: times new roman,times,serif;\"><a href=\"https:\/\/kawaled.com.vn\/khong-gian-va-anh-sang-khong-chuan-gay-hai-mat-cho-tre-em\"><span style=\"color: #0000cd;\">C\u00e1ch l\u1ef1a ch\u1ecdn kh\u00f4ng gian v\u00e0 \u00e1nh s\u00e1ng chu\u1ea9n \u0111\u1ec3 kh\u00f4ng g\u00e2y h\u1ea1i cho m\u1eaft<\/span><\/a><\/span><\/span><\/strong><\/li>\n<\/ul>\n<p style=\"text-align: center;\"><span style=\"font-family: times new roman,times,serif;\"><span style=\"font-size: 16px;\"><span style=\"color: #000000;\"><b>C\u1ea3m \u01a1n qu\u00fd kh\u00e1ch \u0111\u00e3 tin d\u00f9ng s\u1ea3n ph\u1ea9m Kawaled!<\/b><\/span><\/span><\/span><\/p>\n<p style=\"text-align: center;\"><span style=\"font-family: times new roman,times,serif;\"><span style=\"font-size: 16px;\"><span style=\"color: #000000;\"><b>Toll-Free Consulting Hotline:<\/b><b>\u00a0<\/b><\/span><span style=\"color: #ff0000;\"><b>1800 0058<\/b><\/span><span style=\"color: #000000;\"><b>\u00a0Or Call Directly:\u00a0<\/b><\/span><span style=\"color: #ff0000;\"><b>0911 761010<\/b><\/span><\/span><\/span><\/p>\n<p align=\"center\"><span style=\"font-family: times new roman,times,serif;\"><span style=\"font-size: 16px;\"><span style=\"color: #000000;\"><strong>Website:\u00a0<\/strong><\/span><a href=\"https:\/\/kawasan.vn\/\" target=\"_blank\" rel=\"noopener\"><span style=\"color: #0000cd;\"><strong>www.kawasan.vn<\/strong><\/span><\/a><\/span><\/span><\/p>\n<p align=\"center\"><span style=\"font-family: times new roman,times,serif;\"><span style=\"font-size: 16px;\"><span style=\"color: #000000;\"><strong>Website:\u00a0<\/strong><\/span><a href=\"https:\/\/kawaled.com.vn\/\"><span style=\"color: #0000cd;\"><strong>www.kawaled.com.vn<\/strong><\/span><\/a><\/span><\/span><\/p>\n<p style=\"text-align: center;\">\n<aside id=\"column-left\">\u00a0<\/aside>","protected":false},"excerpt":{"rendered":"<p>M\u00d4 T\u1ea2: \u0110\u00c8N PHA LED SI\u00caU B\u1ec0N FL2-100W-T \u0110\u00e8n Led pha cao c\u1ea5p, th\u00e2n nh\u00f4m \u0111\u00fac k\u00edn n\u01b0\u1edbc IP66, ch\u1ed1ng b\u1ee5i, c\u00f4n tr\u00f9ng c\u00f3 van th\u1edf ch\u1ed1ng \u1ea9m, th\u00edch h\u1ee3p l\u1eafp ngo\u00e0i tr\u1eddi cho b\u1ea3ng hi\u1ec7u qu\u1ea3ng c\u00e1o, chi\u1ebfu t\u01b0\u1eddng, c\u1ed5ng, s\u00e2n v\u01b0\u1eddn, chi\u1ebfu s\u00e1ng kho b\u00e3i, kh\u00e1ch s\u1ea1n,s\u00e2n b\u00f3ng mini \u2026 tu\u1ed5i th\u1ecd l\u00ean [&hellip;]<\/p>","protected":false},"featured_media":21303,"comment_status":"open","ping_status":"closed","template":"","meta":{"rank_math_description":"\u0110\u00e8n pha led si\u00eau b\u1ec1n FL2-100W-T. H\u1ec7 s\u1ed1 tr\u1ea3 m\u00e0u (CRI>85) cho ch\u1ea5t l\u01b0\u1ee3ng \u00e1nh s\u00e1ng t\u1ef1 nhi\u00ean trung th\u1ef1c \u0111\u00e1p \u1ee9ng ti\u00eau chu\u1ea9n chi\u1ebfu s\u00e1ng Vi\u1ec7t Nam TCVN 7114:2008","rank_math_focus_keyword":"\u0110\u00c8N PHA LED SI\u00caU B\u1ec0N FL2-100W-T","rank_math_secondary_keywords":""},"product_cat":[1735,3783,1731],"product_tag":[2672,2842,2983,2981,2984,2979,2839,1829,3003,2986,1944,2847],"class_list":["post-21304","product","type-product","status-publish","has-post-thumbnail","hentry","product_cat-den-pha-led-thuong","product_cat-den-pha-led","product_cat-khuyen-mai-trong-thang","product_tag-den-duong-led-100w","product_tag-den-led-100w","product_tag-den-led-100w-ngoai-troi","product_tag-den-led-nha-xuong-100w","product_tag-den-led-pha-100w","product_tag-den-pha-100w","product_tag-den-pha-led-100w","product_tag-den-pha-led-cao-cap","product_tag-gia-den-led-100w-ngoai-troi","product_tag-gia-den-pha-led-100w","product_tag-kawaled","product_tag-led-pha-100w"],"acf":[],"_links":{"self":[{"href":"https:\/\/kawaled.com.vn\/en\/wp-json\/wp\/v2\/product\/21304","targetHints":{"allow":["GET"]}}],"collection":[{"href":"https:\/\/kawaled.com.vn\/en\/wp-json\/wp\/v2\/product"}],"about":[{"href":"https:\/\/kawaled.com.vn\/en\/wp-json\/wp\/v2\/types\/product"}],"replies":[{"embeddable":true,"href":"https:\/\/kawaled.com.vn\/en\/wp-json\/wp\/v2\/comments?post=21304"}],"version-history":[{"count":0,"href":"https:\/\/kawaled.com.vn\/en\/wp-json\/wp\/v2\/product\/21304\/revisions"}],"wp:featuredmedia":[{"embeddable":true,"href":"https:\/\/kawaled.com.vn\/en\/wp-json\/wp\/v2\/media\/21303"}],"wp:attachment":[{"href":"https:\/\/kawaled.com.vn\/en\/wp-json\/wp\/v2\/media?parent=21304"}],"wp:term":[{"taxonomy":"product_cat","embeddable":true,"href":"https:\/\/kawaled.com.vn\/en\/wp-json\/wp\/v2\/product_cat?post=21304"},{"taxonomy":"product_tag","embeddable":true,"href":"https:\/\/kawaled.com.vn\/en\/wp-json\/wp\/v2\/product_tag?post=21304"}],"curies":[{"name":"wp","href":"https:\/\/api.w.org\/{rel}","templated":true}]}}