{"id":21245,"date":"2020-01-02T09:37:28","date_gmt":"2020-01-02T02:37:28","guid":{"rendered":"https:\/\/kawaled.123websitedev.com\/san-pham\/den-led-ufo-bnd130-30w\/"},"modified":"2026-03-20T11:54:08","modified_gmt":"2026-03-20T04:54:08","slug":"den-led-dia-bay-ufo-bnd130-30w-t-v","status":"publish","type":"product","link":"https:\/\/kawaled.com.vn\/en\/product\/den-led-dia-bay-ufo-bnd130-30w-t-v\/","title":{"rendered":"\u0110\u00c8N LED \u0110\u0128A BAY UFO BND130-30W-T\/V"},"content":{"rendered":"<h2><span class=\"ez-toc-section\" id=\"GIOI_THIEU_DEN_LED_DIA_BAY_BND130-30W-TV\"><\/span><strong>GI\u1edaI THI\u1ec6U \u0110\u00c8N LED \u0110\u0128A BAY BND130-30W-T\/V<\/strong><span class=\"ez-toc-section-end\"><\/span><\/h2><div id=\"ez-toc-container\" class=\"ez-toc-v2_0_69_1 counter-hierarchy ez-toc-counter ez-toc-grey ez-toc-container-direction\">\n<div class=\"ez-toc-title-container\">\n<p class=\"ez-toc-title\" >N\u1ed9i Dung B&agrave;i Vi\u1ebft<\/p>\n<span class=\"ez-toc-title-toggle\"><a href=\"#\" class=\"ez-toc-pull-right ez-toc-btn ez-toc-btn-xs ez-toc-btn-default ez-toc-toggle\" aria-label=\"Toggle Table of Content\"><span class=\"ez-toc-js-icon-con\"><span class=\"\"><span class=\"eztoc-hide\" style=\"display:none;\">Toggle<\/span><span class=\"ez-toc-icon-toggle-span\"><svg style=\"fill: #999;color:#999\" xmlns=\"http:\/\/www.w3.org\/2000\/svg\" class=\"list-377408\" width=\"20px\" height=\"20px\" viewbox=\"0 0 24 24\" fill=\"none\"><path d=\"M6 6H4v2h2V6zm14 0H8v2h12V6zM4 11h2v2H4v-2zm16 0H8v2h12v-2zM4 16h2v2H4v-2zm16 0H8v2h12v-2z\" fill=\"currentColor\"><\/path><\/svg><svg style=\"fill: #999;color:#999\" class=\"arrow-unsorted-368013\" xmlns=\"http:\/\/www.w3.org\/2000\/svg\" width=\"10px\" height=\"10px\" viewbox=\"0 0 24 24\" version=\"1.2\" baseprofile=\"tiny\"><path d=\"M18.2 9.3l-6.2-6.3-6.2 6.3c-.2.2-.3.4-.3.7s.1.5.3.7c.2.2.4.3.7.3h11c.3 0 .5-.1.7-.3.2-.2.3-.5.3-.7s-.1-.5-.3-.7zM5.8 14.7l6.2 6.3 6.2-6.3c.2-.2.3-.5.3-.7s-.1-.5-.3-.7c-.2-.2-.4-.3-.7-.3h-11c-.3 0-.5.1-.7.3-.2.2-.3.5-.3.7s.1.5.3.7z\"\/><\/svg><\/span><\/span><\/span><\/a><\/span><\/div>\n<nav><ul class='ez-toc-list ez-toc-list-level-1 eztoc-toggle-hide-by-default' ><li class='ez-toc-page-1 ez-toc-heading-level-2'><a class=\"ez-toc-link ez-toc-heading-1\" href=\"https:\/\/kawaled.com.vn\/en\/product\/den-led-dia-bay-ufo-bnd130-30w-t-v\/#GIOI_THIEU_DEN_LED_DIA_BAY_BND130-30W-TV\" title=\"GI\u1edaI THI\u1ec6U \u0110\u00c8N LED \u0110\u0128A BAY BND130-30W-T\/V\">GI\u1edaI THI\u1ec6U \u0110\u00c8N LED \u0110\u0128A BAY BND130-30W-T\/V<\/a><\/li><li class='ez-toc-page-1 ez-toc-heading-level-2'><a class=\"ez-toc-link ez-toc-heading-2\" href=\"https:\/\/kawaled.com.vn\/en\/product\/den-led-dia-bay-ufo-bnd130-30w-t-v\/#Uu_diem_noi_bat\" title=\"\u01afu \u0111i\u1ec3m n\u1ed5i b\u1eadt\">\u01afu \u0111i\u1ec3m n\u1ed5i b\u1eadt<\/a><\/li><li class='ez-toc-page-1 ez-toc-heading-level-2'><a class=\"ez-toc-link ez-toc-heading-3\" href=\"https:\/\/kawaled.com.vn\/en\/product\/den-led-dia-bay-ufo-bnd130-30w-t-v\/#Ung_dung_thuc_te\" title=\"\u1ee8ng d\u1ee5ng th\u1ef1c t\u1ebf\">\u1ee8ng d\u1ee5ng th\u1ef1c t\u1ebf<\/a><\/li><li class='ez-toc-page-1 ez-toc-heading-level-2'><a class=\"ez-toc-link ez-toc-heading-4\" href=\"https:\/\/kawaled.com.vn\/en\/product\/den-led-dia-bay-ufo-bnd130-30w-t-v\/#Chinh_sach_bao_hanh_va_cam_ket_chinh_hang\" title=\"Ch\u00ednh s\u00e1ch b\u1ea3o h\u00e0nh v\u00e0 cam k\u1ebft ch\u00ednh h\u00e3ng\">Ch\u00ednh s\u00e1ch b\u1ea3o h\u00e0nh v\u00e0 cam k\u1ebft ch\u00ednh h\u00e3ng<\/a><\/li><li class='ez-toc-page-1 ez-toc-heading-level-2'><a class=\"ez-toc-link ez-toc-heading-5\" href=\"https:\/\/kawaled.com.vn\/en\/product\/den-led-dia-bay-ufo-bnd130-30w-t-v\/#Ve_thuong_hieu_KAWALED\" title=\"V\u1ec1 th\u01b0\u01a1ng hi\u1ec7u KAWALED\">V\u1ec1 th\u01b0\u01a1ng hi\u1ec7u KAWALED<\/a><\/li><\/ul><\/nav><\/div>\n\n<p><a href=\"https:\/\/kawaled.com.vn\/danh-muc-san-pham\/den-led-bulb\/den-led-bulb-dia\/\"><b>\u0110\u00e8n LED \u0111\u0129a bay UFO nh\u00f4m KAWALED<\/b><\/a><span style=\"font-weight: 400;\"><strong> BND130-30W-T\/V<\/strong> l\u00e0 s\u1ea3n ph\u1ea9m \u0111\u01b0\u1ee3c thi\u1ebft k\u1ebf \u0111\u1ec3 \u0111\u00e1p \u1ee9ng \u0111\u1ea7y \u0111\u1ee7 nh\u1eefng y\u00eau c\u1ea7u \u0111\u00f3, ph\u00f9 h\u1ee3p v\u1edbi nhi\u1ec1u kh\u00f4ng gian v\u00e0 m\u1ee5c \u0111\u00edch s\u1eed d\u1ee5ng.<\/span><\/p>\n<figure id=\"attachment_23697\" aria-describedby=\"caption-attachment-23697\" style=\"width: 900px\" class=\"wp-caption aligncenter\"><img decoding=\"async\" class=\"wp-image-23697 size-full\" src=\"https:\/\/kawaled.com.vn\/wp-content\/uploads\/2022\/12\/BND-3-MAU.png\" alt=\"B\u00f3ng \u0111\u00e8n LED \u0111\u0129a bay UFO KAWALED v\u1edbi thi\u1ebft k\u1ebf nh\u00f4m \u0111\u00fac t\u1ea3n nhi\u1ec7t\" width=\"900\" height=\"600\" srcset=\"https:\/\/kawaled.com.vn\/wp-content\/uploads\/2022\/12\/BND-3-MAU.png 900w, https:\/\/kawaled.com.vn\/wp-content\/uploads\/2022\/12\/BND-3-MAU-768x512.png 768w, https:\/\/kawaled.com.vn\/wp-content\/uploads\/2022\/12\/BND-3-MAU-640x427.png 640w, https:\/\/kawaled.com.vn\/wp-content\/uploads\/2022\/12\/BND-3-MAU-400x267.png 400w\" sizes=\"(max-width: 900px) 100vw, 900px\" \/><figcaption id=\"caption-attachment-23697\" class=\"wp-caption-text\"><span style=\"font-size: 16px;\">\u0110\u00e8n Led \u0111\u0129a bay v\u1edbi thi\u1ebft k\u1ebf nh\u00f4m \u0111\u00fac nguy\u00ean kh\u1ed1i gi\u00fap t\u1ea3n nhi\u1ec7t nhanh, t\u0103ng \u0111\u1ed9 b\u1ec1n v\u00e0 hi\u1ec7u su\u1ea5t chi\u1ebfu s\u00e1ng.<\/span><\/figcaption><\/figure>\n<h2><span class=\"ez-toc-section\" id=\"Uu_diem_noi_bat\"><\/span><b>\u01afu \u0111i\u1ec3m n\u1ed5i b\u1eadt<\/b><span class=\"ez-toc-section-end\"><\/span><\/h2>\n<ul>\n<li style=\"font-weight: 400;\" aria-level=\"1\"><b>Ch\u1ed1ng n\u01b0\u1edbc, ch\u1ed1ng b\u1ee5i hi\u1ec7u qu\u1ea3<\/b><span style=\"font-weight: 400;\">: \u0110\u00e8n led \u0111\u0129a bay c\u00f3 thi\u1ebft k\u1ebf k\u00edn kh\u00edt, s\u1eed d\u1ee5ng an to\u00e0n t\u1ea1i c\u00e1c khu v\u1ef1c ngo\u00e0i tr\u1eddi, m\u00f4i tr\u01b0\u1eddng nhi\u1ec1u b\u1ee5i ho\u1eb7c \u1ea9m \u01b0\u1edbt.<\/span><\/li>\n<li style=\"font-weight: 400;\" aria-level=\"1\"><span style=\"font-weight: 400;\"><strong>Ti\u1ebft ki\u1ec7m \u0111i\u1ec7n n\u0103ng:<\/strong> V\u1edbi hi\u1ec7u su\u1ea5t quang \u0111\u1ea1t 90\u2013110 Lm\/w, \u0111\u00e8n ti\u00eau th\u1ee5 \u00edt \u0111i\u1ec7n h\u01a1n nhi\u1ec1u so v\u1edbi \u0111\u00e8n compact hay b\u00f3ng hu\u1ef3nh quang truy\u1ec1n th\u1ed1ng<\/span><span style=\"font-weight: 400;\"><br \/>\n<\/span><\/li>\n<li style=\"font-weight: 400;\" aria-level=\"1\"><span style=\"font-weight: 400;\"><strong>Tu\u1ed5i th\u1ecd l\u00ean \u0111\u1ebfn 40.000 gi\u1edd:<\/strong> Gi\u00fap gi\u1ea3m chi ph\u00ed thay th\u1ebf v\u00e0 b\u1ea3o tr\u00ec, th\u00edch h\u1ee3p s\u1eed d\u1ee5ng l\u00e2u d\u00e0i cho nh\u00e0 \u1edf, nh\u00e0 x\u01b0\u1edfng, v\u0103n ph\u00f2ng.<\/span><span style=\"font-weight: 400;\"><br \/>\n<\/span><\/li>\n<li style=\"font-weight: 400;\" aria-level=\"1\"><span style=\"font-weight: 400;\"><strong>\u00c1nh s\u00e1ng trung th\u1ef1c, kh\u00f4ng g\u00e2y ch\u00f3i:<\/strong> Ch\u1ec9 s\u1ed1 ho\u00e0n m\u00e0u CRI &gt; 85 mang \u0111\u1ebfn \u00e1nh s\u00e1ng g\u1ea7n v\u1edbi \u00e1nh s\u00e1ng t\u1ef1 nhi\u00ean, t\u1ed1t cho m\u1eaft v\u00e0 t\u0103ng kh\u1ea3 n\u0103ng nh\u1eadn di\u1ec7n v\u1eadt th\u1ec3.<\/span><span style=\"font-weight: 400;\"><br \/>\n<\/span><\/li>\n<li style=\"font-weight: 400;\" aria-level=\"1\"><span style=\"font-weight: 400;\"><strong>Ch\u1ea5t li\u1ec7u nh\u00f4m \u0111\u00fac cao c\u1ea5p:<\/strong> Kh\u1ea3 n\u0103ng ch\u1ecbu nhi\u1ec7t, t\u1ea3n nhi\u1ec7t nhanh, ch\u1ecbu \u00e1p l\u1ef1c l\u1edbn t\u0103ng \u0111\u1ed9 b\u1ec1n khi s\u1eed d\u1ee5ng ngo\u00e0i tr\u1eddi.<\/span><span style=\"font-weight: 400;\"><br \/>\n<\/span><\/li>\n<li style=\"font-weight: 400;\" aria-level=\"1\"><span style=\"font-weight: 400;\"><strong>An to\u00e0n cho s\u1ee9c kh\u1ecfe v\u00e0 m\u00f4i tr\u01b0\u1eddng:<\/strong> Kh\u00f4ng ch\u1ee9a th\u1ee7y ng\u00e2n, kh\u00f4ng ph\u00e1t tia UV, kh\u00f4ng g\u00e2y h\u1ea1i cho ng\u01b0\u1eddi d\u00f9ng.<\/span><span style=\"font-weight: 400;\"><br \/>\n<\/span><\/p>\n<p><figure id=\"attachment_23704\" aria-describedby=\"caption-attachment-23704\" style=\"width: 900px\" class=\"wp-caption aligncenter\"><img decoding=\"async\" class=\"size-full wp-image-23704\" src=\"https:\/\/kawaled.com.vn\/wp-content\/uploads\/2022\/12\/BND-uu-diem-2.png\" alt=\"\u01afu \u0111i\u1ec3m \u0111\u00e8n LED UFO Kawaled \u2013 ti\u1ebft ki\u1ec7m, b\u1ec1n b\u1ec9, ch\u1ed1ng n\u01b0\u1edbc\" width=\"900\" height=\"600\" srcset=\"https:\/\/kawaled.com.vn\/wp-content\/uploads\/2022\/12\/BND-uu-diem-2.png 900w, https:\/\/kawaled.com.vn\/wp-content\/uploads\/2022\/12\/BND-uu-diem-2-768x512.png 768w, https:\/\/kawaled.com.vn\/wp-content\/uploads\/2022\/12\/BND-uu-diem-2-640x427.png 640w, https:\/\/kawaled.com.vn\/wp-content\/uploads\/2022\/12\/BND-uu-diem-2-400x267.png 400w\" sizes=\"(max-width: 900px) 100vw, 900px\" \/><figcaption id=\"caption-attachment-23704\" class=\"wp-caption-text\"><span style=\"font-size: 14px;\">S\u1ea3n ph\u1ea9m t\u00edch h\u1ee3p nhi\u1ec1u t\u00ednh n\u0103ng: ti\u1ebft ki\u1ec7m \u0111i\u1ec7n, ch\u1ed1ng b\u1ee5i, \u00e1nh s\u00e1ng trung th\u1ef1c v\u00e0 an to\u00e0n cho s\u1ee9c kh\u1ecfe.<\/span><\/figcaption><\/figure><\/li>\n<\/ul>\n<h2><span class=\"ez-toc-section\" id=\"Ung_dung_thuc_te\"><\/span><b>\u1ee8ng d\u1ee5ng th\u1ef1c t\u1ebf<\/b><span class=\"ez-toc-section-end\"><\/span><\/h2>\n<p><b>\u0110\u00e8n LED \u0111\u0129a bay UFO nh\u00f4m <a href=\"https:\/\/kawaled.com.vn\/\">KAWALED<\/a><\/b><span style=\"font-weight: 400;\"> th\u00edch h\u1ee3p cho nhi\u1ec1u kh\u00f4ng gian chi\u1ebfu s\u00e1ng:<\/span><\/p>\n<ul>\n<li style=\"font-weight: 400;\" aria-level=\"1\"><span style=\"font-weight: 400;\">C\u0103n h\u1ed9 chung c\u01b0, nh\u00e0 \u1edf d\u00e2n d\u1ee5ng<\/span><\/li>\n<li style=\"font-weight: 400;\" aria-level=\"1\"><span style=\"font-weight: 400;\">V\u0103n ph\u00f2ng l\u00e0m vi\u1ec7c, c\u00f4ng ty, t\u00f2a nh\u00e0<\/span><\/li>\n<li style=\"font-weight: 400;\" aria-level=\"1\"><span style=\"font-weight: 400;\">C\u1eeda h\u00e0ng b\u00e1n l\u1ebb, showroom, trung t\u00e2m th\u01b0\u01a1ng m\u1ea1i<\/span><\/li>\n<li style=\"font-weight: 400;\" aria-level=\"1\"><span style=\"font-weight: 400;\">Qu\u00e1n c\u00e0 ph\u00ea, nh\u00e0 h\u00e0ng, kh\u00f4ng gian s\u00e2n v\u01b0\u1eddn<\/span><\/li>\n<li style=\"font-weight: 400;\" aria-level=\"1\"><span style=\"font-weight: 400;\">Nh\u00e0 x\u01b0\u1edfng, kho b\u00e3i, khu v\u1ef1c s\u1ea3n xu\u1ea5t<\/span><\/li>\n<li style=\"font-weight: 400;\" aria-level=\"1\"><span style=\"font-weight: 400;\">C\u00e1c c\u00f4ng tr\u00ecnh c\u00f4ng c\u1ed9ng, khu h\u1ed9i ch\u1ee3, tri\u1ec3n l\u00e3m<\/span><\/li>\n<\/ul>\n<figure id=\"attachment_23714\" aria-describedby=\"caption-attachment-23714\" style=\"width: 900px\" class=\"wp-caption aligncenter\"><img decoding=\"async\" class=\"size-full wp-image-23714\" src=\"https:\/\/kawaled.com.vn\/wp-content\/uploads\/2022\/12\/Ung-dung-BND-1.jpg\" alt=\"\u1ee8ng d\u1ee5ng s\u1ea3n ph\u1ea9m \u0110\u00e8n led \u0111\u0129a bay Kawaled\" width=\"900\" height=\"600\" srcset=\"https:\/\/kawaled.com.vn\/wp-content\/uploads\/2022\/12\/Ung-dung-BND-1.jpg 900w, https:\/\/kawaled.com.vn\/wp-content\/uploads\/2022\/12\/Ung-dung-BND-1-768x512.jpg 768w, https:\/\/kawaled.com.vn\/wp-content\/uploads\/2022\/12\/Ung-dung-BND-1-640x427.jpg 640w, https:\/\/kawaled.com.vn\/wp-content\/uploads\/2022\/12\/Ung-dung-BND-1-400x267.jpg 400w\" sizes=\"(max-width: 900px) 100vw, 900px\" \/><figcaption id=\"caption-attachment-23714\" class=\"wp-caption-text\">\u0110\u00e8n led \u0111\u0129a bay \u0111\u01b0\u1ee3c s\u1eed d\u1ee5ng chi\u1ebfu s\u00e1ng cho nhi\u1ec1u kh\u00f4ng gian nh\u01b0: Shop qu\u1ea7n \u00e1o, si\u00eau th\u1ecb mini, qu\u00e1n \u0103n,&#8230;<\/figcaption><\/figure>\n<p><span style=\"font-weight: 400;\">S\u1ea3n ph\u1ea9m n\u00e0y \u0111\u1eb7c bi\u1ec7t ph\u00f9 h\u1ee3p l\u00e0m <\/span><b>\u0111\u00e8n LED trang tr\u00ed qu\u00e1n c\u00e0 ph\u00ea<\/b><span style=\"font-weight: 400;\">, <\/span><b>\u0111\u00e8n LED ngo\u00e0i tr\u1eddi <\/b>and <b>\u0111\u00e8n led nh\u00e0 x\u01b0\u1edfng<\/b><span style=\"font-weight: 400;\">\u00a0nh\u1edd thi\u1ebft k\u1ebf b\u1ec1n v\u1eefng v\u00e0 ch\u1ed1ng ch\u1ecbu th\u1eddi ti\u1ebft t\u1ed1t.<\/span><\/p>\n<figure id=\"attachment_23698\" aria-describedby=\"caption-attachment-23698\" style=\"width: 900px\" class=\"wp-caption aligncenter\"><img decoding=\"async\" class=\"size-full wp-image-23698\" src=\"https:\/\/kawaled.com.vn\/wp-content\/uploads\/2022\/12\/BND-CAFE-1.jpg\" alt=\"\u0110\u00e8n LED \u0111\u0129a bay Kawaled l\u1eafp \u0111\u1eb7t trang tr\u00ed ngo\u00e0i tr\u1eddi qu\u00e1n c\u00e0 ph\u00ea\" width=\"900\" height=\"600\" srcset=\"https:\/\/kawaled.com.vn\/wp-content\/uploads\/2022\/12\/BND-CAFE-1.jpg 900w, https:\/\/kawaled.com.vn\/wp-content\/uploads\/2022\/12\/BND-CAFE-1-768x512.jpg 768w, https:\/\/kawaled.com.vn\/wp-content\/uploads\/2022\/12\/BND-CAFE-1-640x427.jpg 640w, https:\/\/kawaled.com.vn\/wp-content\/uploads\/2022\/12\/BND-CAFE-1-400x267.jpg 400w\" sizes=\"(max-width: 900px) 100vw, 900px\" \/><figcaption id=\"caption-attachment-23698\" class=\"wp-caption-text\"><span style=\"font-size: 14px;\">\u0110\u00e8n LED UFO Kawaled mang l\u1ea1i \u00e1nh s\u00e1ng r\u1ef1c r\u1ee1, ph\u00f9 h\u1ee3p trang tr\u00ed c\u00e1c kh\u00f4ng gian m\u1edf nh\u01b0 qu\u00e1n cafe, khu vui ch\u01a1i.<\/span><\/figcaption><\/figure>\n<p>&nbsp;<\/p>\n<figure id=\"attachment_23702\" aria-describedby=\"caption-attachment-23702\" style=\"width: 900px\" class=\"wp-caption aligncenter\"><img decoding=\"async\" class=\"wp-image-23702 size-full\" src=\"https:\/\/kawaled.com.vn\/wp-content\/uploads\/2022\/12\/BND-XUONG.jpg\" alt=\"\u0110\u00e8n LED \u0111\u0129a bay Kawaled chi\u1ebfu s\u00e1ng nh\u00e0 x\u01b0\u1edfng v\u00e0 kho b\u00e3i\" width=\"900\" height=\"600\" srcset=\"https:\/\/kawaled.com.vn\/wp-content\/uploads\/2022\/12\/BND-XUONG.jpg 900w, https:\/\/kawaled.com.vn\/wp-content\/uploads\/2022\/12\/BND-XUONG-768x512.jpg 768w, https:\/\/kawaled.com.vn\/wp-content\/uploads\/2022\/12\/BND-XUONG-640x427.jpg 640w, https:\/\/kawaled.com.vn\/wp-content\/uploads\/2022\/12\/BND-XUONG-400x267.jpg 400w\" sizes=\"(max-width: 900px) 100vw, 900px\" \/><figcaption id=\"caption-attachment-23702\" class=\"wp-caption-text\"><span style=\"font-size: 14px;\">\u0110\u00e8n \u0111\u0129a bay Kawaled s\u1eed d\u1ee5ng r\u1ed9ng r\u00e3i trong chi\u1ebfu s\u00e1ng nh\u00e0 m\u00e1y, kho h\u00e0ng nh\u1edd \u0111\u1ed9 s\u00e1ng m\u1ea1nh v\u00e0 \u0111\u1ed9 b\u1ec1n cao.<\/span><\/figcaption><\/figure>\n<h2><span class=\"ez-toc-section\" id=\"Chinh_sach_bao_hanh_va_cam_ket_chinh_hang\"><\/span><b>Ch\u00ednh s\u00e1ch b\u1ea3o h\u00e0nh v\u00e0 cam k\u1ebft ch\u00ednh h\u00e3ng<\/b><span class=\"ez-toc-section-end\"><\/span><\/h2>\n<ul>\n<li style=\"font-weight: 400;\" aria-level=\"1\"><span style=\"font-weight: 400;\">B\u1ea3o h\u00e0nh ch\u00ednh h\u00e3ng 24 th\u00e1ng tr\u00ean to\u00e0n qu\u1ed1c ( 1 \u0111\u1ed5i 1)<\/span><\/li>\n<li style=\"font-weight: 400;\" aria-level=\"1\"><span style=\"font-weight: 400;\">H\u1ed7 tr\u1ee3 k\u1ef9 thu\u1eadt v\u00e0 \u0111\u1ed5i m\u1edbi trong th\u1eddi gian b\u1ea3o h\u00e0nh n\u1ebfu c\u00f3 l\u1ed7i do nh\u00e0 s\u1ea3n xu\u1ea5t<\/span><\/li>\n<li style=\"font-weight: 400;\" aria-level=\"1\"><span style=\"font-weight: 400;\">S\u1ea3n ph\u1ea9m \u0111\u1ea7y \u0111\u1ee7 ch\u1ee9ng nh\u1eadn, h\u00f3a \u0111\u01a1n VAT ( Gi\u00e1 \u0111\u00e3 bao g\u1ed3m VAT), tem b\u1ea3o h\u00e0nh r\u00f5 r\u00e0ng<\/span><\/li>\n<li><span style=\"font-weight: 400;\">C\u00f3 \u0111\u0103ng k\u00fd nh\u00e3n hi\u1ec7u, ki\u1ec3m \u0111\u1ecbnh an to\u00e0n ch\u1ea5t l\u01b0\u1ee3ng<\/span><span style=\"font-weight: 400;\"><br \/>\n<\/span><\/li>\n<\/ul>\n<h2><span class=\"ez-toc-section\" id=\"Ve_thuong_hieu_KAWALED\"><\/span><b>V\u1ec1 th\u01b0\u01a1ng hi\u1ec7u KAWALED<\/b><span class=\"ez-toc-section-end\"><\/span><\/h2>\n<p><b>KAWALED<\/b><span style=\"font-weight: 400;\"> l\u00e0 th\u01b0\u01a1ng hi\u1ec7u \u0111\u00e8n LED ch\u1ea5t l\u01b0\u1ee3ng cao thu\u1ed9c C\u00f4ng Ty C\u1ed5 Ph\u1ea7n SX-TM-DV Th\u1ebf B\u1ea3o \u2013 doanh nghi\u1ec7p h\u00e0ng \u0111\u1ea7u trong l\u0129nh v\u1ef1c thi\u1ebft b\u1ecb \u0111i\u1ec7n th\u00f4ng minh t\u1ea1i Vi\u1ec7t Nam. T\u1ef1 h\u00e0o l\u00e0 th\u01b0\u01a1ng hi\u1ec7u Vi\u1ec7t, KAWALED lu\u00f4n kh\u00f4ng ng\u1eebng c\u1ea3i ti\u1ebfn c\u00f4ng ngh\u1ec7, n\u00e2ng cao ch\u1ea5t l\u01b0\u1ee3ng s\u1ea3n ph\u1ea9m \u0111\u1ec3 ph\u1ee5c v\u1ee5 ng\u01b0\u1eddi ti\u00eau d\u00f9ng t\u1ed1t nh\u1ea5t.<\/span><\/p>\n<p><span style=\"font-weight: 400;\">V\u1edbi kh\u1ea9u hi\u1ec7u \u201cChi\u1ebfu s\u00e1ng th\u00f4ng minh \u2013 B\u1ec1n b\u1ec9 c\u00f9ng th\u1eddi gian\u201d, KAWALED \u0111\u00e3 tr\u1edf th\u00e0nh l\u1ef1a ch\u1ecdn \u0111\u00e1ng tin c\u1eady c\u1ee7a h\u00e0ng ngh\u00ecn gia \u0111\u00ecnh, c\u1eeda h\u00e0ng v\u00e0 c\u00f4ng tr\u00ecnh tr\u00ean kh\u1eafp c\u1ea3 n\u01b0\u1edbc.<\/span><\/p>\n<p><span style=\"font-size: 16px;\"><span style=\"color: #000000;\"><span style=\"font-family: times new roman,times,serif;\"><strong>Th\u00f4ng tin c\u1ea7n bi\u1ebft:<\/strong><\/span><\/span><\/span><\/p>\n<ul>\n<li><span style=\"font-size: 16px;\"><span style=\"font-family: times new roman,times,serif;\"><strong><a href=\"https:\/\/kawaled.com.vn\/dung-bong-bulb-ufo-cho-chieu-sang-ngoai-troi-mua-nang-nong\"><span style=\"color: #0000cd;\">T\u1ea1i sao \u0111\u00e8n Led \u0111\u0129a bay \u0111\u01b0\u1ee3c \u01b0u chu\u1ed9ng s\u1eeda d\u1ee5ng trong showroom, nh\u00e0 h\u00e0ng<\/span><\/a><\/strong><\/span><\/span><\/li>\n<li><span style=\"font-size: 16px;\"><span style=\"font-family: times new roman,times,serif;\"><strong><a href=\"https:\/\/kawaled.com.vn\/%C4%91%C3%A8n%20led%20kawaled\"><span style=\"color: #0000cd;\">Th\u01b0\u01a1ng hi\u1ec7u \u0111\u00e8n Kawaled kh\u00e1c bi\u1ec7t v\u1edbi c\u00e1c th\u01b0\u01a1ng hi\u1ec7u kh\u00e1c tr\u00ean th\u1ecb tr\u01b0\u1eddng nh\u01b0 th\u1ebf n\u00e0o?<\/span><\/a><\/strong><\/span><\/span><\/li>\n<li><span style=\"font-size: 16px;\"><span style=\"font-family: times new roman,times,serif;\"><strong><a href=\"https:\/\/kawaled.com.vn\/cach-tiet-kiem-dien-hieu-qua-nhat\"><span style=\"color: #0000cd;\">C\u00e1ch ti\u1ebft ki\u1ec7m \u0111i\u1ec7n hi\u1ec7u qu\u1ea3 nh\u1ea5t \u2013\u00a0b\u1ea1n \u0111\u00e3 bi\u1ebft ch\u01b0a?<\/span><\/a><\/strong><\/span><\/span><\/li>\n<\/ul>\n<p style=\"text-align: center;\"><span style=\"font-family: times new roman,times,serif;\"><span style=\"font-size: 16px;\"><span style=\"color: #000000;\"><b>C\u1ea3m \u01a1n qu\u00fd kh\u00e1ch \u0111\u00e3 tin d\u00f9ng s\u1ea3n ph\u1ea9m Kawaled!<\/b><\/span><\/span><\/span><\/p>\n<p style=\"text-align: center;\"><span style=\"font-family: times new roman,times,serif;\"><span style=\"font-size: 16px;\"><span style=\"color: #000000;\"><b>Toll-Free Consulting Hotline:<\/b><b>\u00a0<\/b><\/span><span style=\"color: #ff0000;\"><b>1800 0058<\/b><\/span><span style=\"color: #000000;\"><b>\u00a0Or Call Directly:\u00a0<\/b><\/span><span style=\"color: #ff0000;\"><b>0911 761010<\/b><\/span><\/span><\/span><\/p>\n<p style=\"text-align: center;\"><span style=\"font-family: times new roman,times,serif;\"><span style=\"font-size: 16px;\"><span style=\"color: #000000;\"><b>Website:\u00a0<\/b><\/span><a href=\"https:\/\/kawaled.com.vn\/\"><span style=\"color: #0000ff;\"><b>www.kawaled.com.vn<\/b><\/span><\/a><\/span><\/span><\/p>\n<p style=\"text-align: center;\">","protected":false},"excerpt":{"rendered":"<p>GI\u1edaI THI\u1ec6U \u0110\u00c8N LED \u0110\u0128A BAY BND130-30W-T\/V \u0110\u00e8n LED \u0111\u0129a bay UFO nh\u00f4m KAWALED BND130-30W-T\/V l\u00e0 s\u1ea3n ph\u1ea9m \u0111\u01b0\u1ee3c thi\u1ebft k\u1ebf \u0111\u1ec3 \u0111\u00e1p \u1ee9ng \u0111\u1ea7y \u0111\u1ee7 nh\u1eefng y\u00eau c\u1ea7u \u0111\u00f3, ph\u00f9 h\u1ee3p v\u1edbi nhi\u1ec1u kh\u00f4ng gian v\u00e0 m\u1ee5c \u0111\u00edch s\u1eed d\u1ee5ng. \u01afu \u0111i\u1ec3m n\u1ed5i b\u1eadt Ch\u1ed1ng n\u01b0\u1edbc, ch\u1ed1ng b\u1ee5i hi\u1ec7u qu\u1ea3: \u0110\u00e8n led \u0111\u0129a bay [&hellip;]<\/p>","protected":false},"featured_media":23672,"comment_status":"open","ping_status":"closed","template":"","meta":{"rank_math_description":"\u01afu \u0111\u00e3i s\u1ed1c! \u0110\u00e8n LED \u0111\u0129a bay Kawaled \u2013 h\u00e0ng ch\u00ednh h\u00e3ng, b\u1ec1n &gt; 40.000h, b\u1ea3o h\u00e0nh 2 n\u0103m, ch\u1ed1ng b\u1ee5i n\u01b0\u1edbc, d\u00f9ng cho qu\u00e1n \u0103n, cafe ngo\u00e0i tr\u1eddi...","rank_math_focus_keyword":"\u0111\u00e8n led \u0111\u0129a bay,\u0111\u00e8n led ufo,\u0111\u00e8n led ngo\u00e0i tr\u1eddi,\u0111\u00e8n led trang tr\u00ed qu\u00e1n c\u00e0 ph\u00ea,\u0111\u00e8n led nh\u00e0 x\u01b0\u1eddng","rank_math_secondary_keywords":""},"product_cat":[1756,1764,1733],"product_tag":[2875,2647,2876,2878,2991,2880,2882,2874,2791,1942,2877,1822,2792],"class_list":["post-21245","product","type-product","status-publish","has-post-thumbnail","hentry","product_cat-den-led-bulb","product_cat-den-led-bulb-dia","product_cat-den-led-trang-tri-kawaled","product_tag-bong-den-30w","product_tag-bong-den-led","product_tag-bong-den-led-30w","product_tag-bong-den-led-30w-gia-bao-nhieu","product_tag-bong-den-led-tron-30w","product_tag-bong-led-30w","product_tag-den-30w","product_tag-den-chieu-sang","product_tag-den-dia-bay","product_tag-den-led","product_tag-den-led-30w","product_tag-den-led-dia-bay-ufo","product_tag-den-ufo"],"acf":[],"_links":{"self":[{"href":"https:\/\/kawaled.com.vn\/en\/wp-json\/wp\/v2\/product\/21245","targetHints":{"allow":["GET"]}}],"collection":[{"href":"https:\/\/kawaled.com.vn\/en\/wp-json\/wp\/v2\/product"}],"about":[{"href":"https:\/\/kawaled.com.vn\/en\/wp-json\/wp\/v2\/types\/product"}],"replies":[{"embeddable":true,"href":"https:\/\/kawaled.com.vn\/en\/wp-json\/wp\/v2\/comments?post=21245"}],"version-history":[{"count":0,"href":"https:\/\/kawaled.com.vn\/en\/wp-json\/wp\/v2\/product\/21245\/revisions"}],"wp:featuredmedia":[{"embeddable":true,"href":"https:\/\/kawaled.com.vn\/en\/wp-json\/wp\/v2\/media\/23672"}],"wp:attachment":[{"href":"https:\/\/kawaled.com.vn\/en\/wp-json\/wp\/v2\/media?parent=21245"}],"wp:term":[{"taxonomy":"product_cat","embeddable":true,"href":"https:\/\/kawaled.com.vn\/en\/wp-json\/wp\/v2\/product_cat?post=21245"},{"taxonomy":"product_tag","embeddable":true,"href":"https:\/\/kawaled.com.vn\/en\/wp-json\/wp\/v2\/product_tag?post=21245"}],"curies":[{"name":"wp","href":"https:\/\/api.w.org\/{rel}","templated":true}]}}