{"id":21128,"date":"2019-08-30T16:29:10","date_gmt":"2019-08-30T09:29:10","guid":{"rendered":"https:\/\/kawaled.123websitedev.com\/san-pham\/den-led-am-tran-mong-giat-cap-1-mau-dl158-a12-t-v\/"},"modified":"2026-02-02T11:58:24","modified_gmt":"2026-02-02T04:58:24","slug":"den-led-am-tran-mong-giat-cap-1-mau-dl158-a12-t-v","status":"publish","type":"product","link":"https:\/\/kawaled.com.vn\/en\/product\/den-led-am-tran-mong-giat-cap-1-mau-dl158-a12-t-v\/","title":{"rendered":"\u0110\u00c8N LED \u00c2M TR\u1ea6N M\u1eceNG GI\u1eacT C\u1ea4P 1 M\u00c0U DL158-A12W-T\/V"},"content":{"rendered":"<h2><span class=\"ez-toc-section\" id=\"UU_DIEM_NOI_BAT_DEN_LED_AM_TRAN_MONG_GIAT_CAP_1_MAU_DL158-A12W-TV\"><\/span><span style=\"color: #000000;\"><span style=\"font-family: times new roman,times,serif;\"><span style=\"font-size: 16px;\"><strong>\u01afU \u0110I\u1ec2M N\u1ed4I B\u1eacT \u0110\u00c8N LED \u00c2M TR\u1ea6N M\u1eceNG GI\u1eacT C\u1ea4P 1 M\u00c0U DL158-A12W-T\/V<\/strong><\/span><\/span><\/span><span class=\"ez-toc-section-end\"><\/span><\/h2><div id=\"ez-toc-container\" class=\"ez-toc-v2_0_69_1 counter-hierarchy ez-toc-counter ez-toc-grey ez-toc-container-direction\">\n<div class=\"ez-toc-title-container\">\n<p class=\"ez-toc-title\" >N\u1ed9i Dung B&agrave;i Vi\u1ebft<\/p>\n<span class=\"ez-toc-title-toggle\"><a href=\"#\" class=\"ez-toc-pull-right ez-toc-btn ez-toc-btn-xs ez-toc-btn-default ez-toc-toggle\" aria-label=\"Toggle Table of Content\"><span class=\"ez-toc-js-icon-con\"><span class=\"\"><span class=\"eztoc-hide\" style=\"display:none;\">Toggle<\/span><span class=\"ez-toc-icon-toggle-span\"><svg style=\"fill: #999;color:#999\" xmlns=\"http:\/\/www.w3.org\/2000\/svg\" class=\"list-377408\" width=\"20px\" height=\"20px\" viewbox=\"0 0 24 24\" fill=\"none\"><path d=\"M6 6H4v2h2V6zm14 0H8v2h12V6zM4 11h2v2H4v-2zm16 0H8v2h12v-2zM4 16h2v2H4v-2zm16 0H8v2h12v-2z\" fill=\"currentColor\"><\/path><\/svg><svg style=\"fill: #999;color:#999\" class=\"arrow-unsorted-368013\" xmlns=\"http:\/\/www.w3.org\/2000\/svg\" width=\"10px\" height=\"10px\" viewbox=\"0 0 24 24\" version=\"1.2\" baseprofile=\"tiny\"><path d=\"M18.2 9.3l-6.2-6.3-6.2 6.3c-.2.2-.3.4-.3.7s.1.5.3.7c.2.2.4.3.7.3h11c.3 0 .5-.1.7-.3.2-.2.3-.5.3-.7s-.1-.5-.3-.7zM5.8 14.7l6.2 6.3 6.2-6.3c.2-.2.3-.5.3-.7s-.1-.5-.3-.7c-.2-.2-.4-.3-.7-.3h-11c-.3 0-.5.1-.7.3-.2.2-.3.5-.3.7s.1.5.3.7z\"\/><\/svg><\/span><\/span><\/span><\/a><\/span><\/div>\n<nav><ul class='ez-toc-list ez-toc-list-level-1 eztoc-toggle-hide-by-default' ><li class='ez-toc-page-1 ez-toc-heading-level-2'><a class=\"ez-toc-link ez-toc-heading-1\" href=\"https:\/\/kawaled.com.vn\/en\/product\/den-led-am-tran-mong-giat-cap-1-mau-dl158-a12-t-v\/#UU_DIEM_NOI_BAT_DEN_LED_AM_TRAN_MONG_GIAT_CAP_1_MAU_DL158-A12W-TV\" title=\"\u01afU \u0110I\u1ec2M N\u1ed4I B\u1eacT \u0110\u00c8N LED \u00c2M TR\u1ea6N M\u1eceNG GI\u1eacT C\u1ea4P 1 M\u00c0U DL158-A12W-T\/V\">\u01afU \u0110I\u1ec2M N\u1ed4I B\u1eacT \u0110\u00c8N LED \u00c2M TR\u1ea6N M\u1eceNG GI\u1eacT C\u1ea4P 1 M\u00c0U DL158-A12W-T\/V<\/a><\/li><li class='ez-toc-page-1 ez-toc-heading-level-2'><a class=\"ez-toc-link ez-toc-heading-2\" href=\"https:\/\/kawaled.com.vn\/en\/product\/den-led-am-tran-mong-giat-cap-1-mau-dl158-a12-t-v\/#DEN_LED_AM_TRAN_MONG_GIAT_CAP_1_MAU_DL158-A12W-TV_DUOC_UNG_DUNG_O_NHIEU_KHU_VUC_KHAC_NHAU\" title=\"\u0110\u00c8N LED \u00c2M TR\u1ea6N M\u1eceNG GI\u1eacT C\u1ea4P 1 M\u00c0U DL158-A12W-T\/V \u0110\u01af\u1ee2C \u1ee8NG D\u1ee4NG \u1ede NHI\u1ec0U KHU V\u1ef0C KH\u00c1C NHAU\">\u0110\u00c8N LED \u00c2M TR\u1ea6N M\u1eceNG GI\u1eacT C\u1ea4P 1 M\u00c0U DL158-A12W-T\/V \u0110\u01af\u1ee2C \u1ee8NG D\u1ee4NG \u1ede NHI\u1ec0U KHU V\u1ef0C KH\u00c1C NHAU<\/a><\/li><li class='ez-toc-page-1 ez-toc-heading-level-2'><a class=\"ez-toc-link ez-toc-heading-3\" href=\"https:\/\/kawaled.com.vn\/en\/product\/den-led-am-tran-mong-giat-cap-1-mau-dl158-a12-t-v\/#THONG_SO_KY_THUAT\" title=\"TH\u00d4NG S\u1ed0 K\u1ef8 THU\u1eacT\">TH\u00d4NG S\u1ed0 K\u1ef8 THU\u1eacT<\/a><\/li><li class='ez-toc-page-1 ez-toc-heading-level-2'><a class=\"ez-toc-link ez-toc-heading-4\" href=\"https:\/\/kawaled.com.vn\/en\/product\/den-led-am-tran-mong-giat-cap-1-mau-dl158-a12-t-v\/#TAI_SAO_BAN_NEN_CHON_DEN_AM_TRAN_TAI_KAWALED\" title=\"T\u1ea0I SAO B\u1ea0N N\u00caN CH\u1eccN \u0110\u00c8N \u00c2M TR\u1ea6N T\u1ea0I KAWALED\">T\u1ea0I SAO B\u1ea0N N\u00caN CH\u1eccN \u0110\u00c8N \u00c2M TR\u1ea6N T\u1ea0I KAWALED<\/a><\/li><\/ul><\/nav><\/div>\n\n<p style=\"text-align: center;\"><span style=\"color: #000000;\"><span style=\"font-family: times new roman,times,serif;\"><span style=\"font-size: 16px;\"><strong><img decoding=\"async\" class=\"size-full wp-image-21116\" style=\"width: 500px; height: 469px;\" src=\"https:\/\/kawaled.com.vn\/wp-content\/uploads\/2019\/08\/den-led-am-tran-giat-cap-1mau-kawaled.jpg\" alt=\"\u01afu \u0111i\u1ec3m \u0111\u00e8n Led \u00e2m tr\u1ea7n m\u1ecfng gi\u1eadt c\u1ea5p 1 m\u00e0u\" width=\"749\" height=\"702\" srcset=\"https:\/\/kawaled.com.vn\/wp-content\/uploads\/2019\/08\/den-led-am-tran-giat-cap-1mau-kawaled.jpg 749w, https:\/\/kawaled.com.vn\/wp-content\/uploads\/2019\/08\/den-led-am-tran-giat-cap-1mau-kawaled-640x600.jpg 640w, https:\/\/kawaled.com.vn\/wp-content\/uploads\/2019\/08\/den-led-am-tran-giat-cap-1mau-kawaled-400x375.jpg 400w\" sizes=\"(max-width: 749px) 100vw, 749px\" \/><\/strong><\/span><\/span><\/span><\/p>\n<ul>\n<li><span style=\"color: #000000;\"><span style=\"font-family: times new roman,times,serif;\"><span style=\"font-size: 16px;\">Ti\u1ebft ki\u1ec7m h\u01a1n\u00a080% \u0111i\u1ec7n n\u0103ng ti\u00eau th\u1ee5, gi\u00fap ng\u01b0\u1eddi ti\u00eau d\u00f9ng ti\u1ebft ki\u1ec7m chi ph\u00ed ti\u1ec1n \u0111i\u1ec7n h\u00e0ng th\u00e1ng ch\u1ec9 b\u1eb1ng 1\/2 so v\u1edbi khi s\u1eed d\u1ee5ng b\u00f3ng compact, \u0111\u00e8n s\u1ee3i \u0111\u1ed1t<\/span><\/span><\/span><\/li>\n<li><span style=\"color: #000000;\"><span style=\"font-family: times new roman,times,serif;\"><span style=\"font-size: 16px;\">\u0110\u00e8n \u00e2m tr\u1ea7n panel c\u00f3 tu\u1ed5i th\u1ecd cao tr\u00ean 25.000 gi\u1edd\u00a0kh\u00f4ng h\u1ea1n ch\u1ebf s\u1ed1 l\u1ea7n b\u1eadt t\u1eaft.<\/span><\/span><\/span><\/li>\n<li><span style=\"color: #000000;\"><span style=\"font-family: times new roman,times,serif;\"><span style=\"font-size: 16px;\">M\u1eb7t \u0111\u00e8n d\u00f9ng nh\u1ef1a Acrylic, ch\u1ecbu nhi\u1ec7t t\u1ed1t. L\u1edbp t\u1ea3n s\u00e1ng gi\u00fap \u0111\u00e8n c\u00f3 \u00e1nh s\u00e1ng d\u1ecbu nh\u1eb9, kh\u00f4ng l\u00e0m \u0111au m\u1eaft. \u00c1nh s\u00e1ng ph\u00e2n b\u1ed1 \u0111\u1ec1u v\u00e0 to\u1ea3 r\u1ed9ng xung quanh.<\/span><\/span><\/span><\/li>\n<li><span style=\"color: #000000;\"><span style=\"font-family: times new roman,times,serif;\"><span style=\"font-size: 16px;\">Chip Led SMD 2835 si\u00eau s\u00e1ng, b\u1ec1n b\u1ec9 theo th\u1eddi gian. T\u1ea5m\u00a0t\u1ea3n s\u00e1ng cao c\u1ea5p gi\u00fap \u00e1nh s\u00e1ng to\u1ea3 r\u1ed9ng v\u00e0 \u0111\u1ec1u m\u00e0u.<\/span><\/span><\/span><\/li>\n<li><span style=\"color: #000000;\"><span style=\"font-family: times new roman,times,serif;\"><span style=\"font-size: 16px;\">\u0110\u00e8n c\u00f3 ch\u1ec9 s\u1ed1 ho\u00e0n m\u00e0u cao (RA=85) cho m\u00e0u hi\u1ec3n\u00a0th\u1ecb trung th\u1ef1c v\u00e0 t\u1ef1 nhi\u00ean<\/span><\/span><\/span><\/li>\n<\/ul>\n<p style=\"text-align: center;\"><span style=\"color: #000000;\"><span style=\"font-family: times new roman,times,serif;\"><span style=\"font-size: 16px;\"><img decoding=\"async\" class=\"size-full wp-image-20953\" style=\"height: 357px; width: 500px;\" src=\"https:\/\/kawaled.com.vn\/wp-content\/uploads\/2018\/11\/den-led-am-tran-mong-giat-cap-kawaled.jpg\" alt=\"Ch\u1ec9 s\u1ed1 ho\u00e0n m\u00e0u Ra=85 gi\u00fap kh\u00f4ng gian \u0111\u1eb9p m\u1eaft\" width=\"772\" height=\"551\" srcset=\"https:\/\/kawaled.com.vn\/wp-content\/uploads\/2018\/11\/den-led-am-tran-mong-giat-cap-kawaled.jpg 772w, https:\/\/kawaled.com.vn\/wp-content\/uploads\/2018\/11\/den-led-am-tran-mong-giat-cap-kawaled-768x548.jpg 768w, https:\/\/kawaled.com.vn\/wp-content\/uploads\/2018\/11\/den-led-am-tran-mong-giat-cap-kawaled-640x457.jpg 640w, https:\/\/kawaled.com.vn\/wp-content\/uploads\/2018\/11\/den-led-am-tran-mong-giat-cap-kawaled-400x285.jpg 400w\" sizes=\"(max-width: 772px) 100vw, 772px\" \/><\/span><\/span><\/span><\/p>\n<ul>\n<li><span style=\"color: #000000;\"><span style=\"font-family: times new roman,times,serif;\"><span style=\"font-size: 16px;\">\u0110\u00e8n kh\u00f4ng ch\u1ee9a tia quang h\u1ecdc nh\u01b0 UV, tia c\u1ef1c t\u00edm r\u1ea5t an to\u00e0n cho ng\u01b0\u1eddi s\u1eed d\u1ee5ng v\u00e0 b\u1ea3o v\u1ec7 m\u00f4i tr\u01b0\u1eddng.<\/span><\/span><\/span><\/li>\n<li><span style=\"color: #000000;\"><span style=\"font-family: times new roman,times,serif;\"><span style=\"font-size: 16px;\">Thi\u1ebft k\u1ebf nh\u1ecf g\u1ecdn, m\u1ecfng v\u00e0 si\u00eau nh\u1eb9, v\u00f4 c\u00f9ng d\u1ec5 d\u00e0ng l\u1eafp \u0111\u1eb7t.<\/span><\/span><\/span><\/li>\n<\/ul>\n<p style=\"text-align: center;\"><span style=\"color: #000000;\"><span style=\"font-family: times new roman,times,serif;\"><span style=\"font-size: 16px;\"><img decoding=\"async\" class=\"size-full wp-image-21126\" style=\"width: 500px; height: 338px;\" src=\"https:\/\/kawaled.com.vn\/wp-content\/uploads\/2019\/08\/den-led-am-tran-giat-cap-1mau-dl158-a12w-t-v2-scaled.jpg\" alt=\"\u0110\u00e8n led \u00e2m tr\u1ea7n gi\u1eadt c\u1ea5p 1 m\u00e0u gi\u1eadt c\u1ea5p\" width=\"2560\" height=\"1731\" srcset=\"https:\/\/kawaled.com.vn\/wp-content\/uploads\/2019\/08\/den-led-am-tran-giat-cap-1mau-dl158-a12w-t-v2-scaled.jpg 2560w, https:\/\/kawaled.com.vn\/wp-content\/uploads\/2019\/08\/den-led-am-tran-giat-cap-1mau-dl158-a12w-t-v2-scaled-1000x676.jpg 1000w, https:\/\/kawaled.com.vn\/wp-content\/uploads\/2019\/08\/den-led-am-tran-giat-cap-1mau-dl158-a12w-t-v2-1024x693.jpg 1024w, https:\/\/kawaled.com.vn\/wp-content\/uploads\/2019\/08\/den-led-am-tran-giat-cap-1mau-dl158-a12w-t-v2-768x519.jpg 768w, https:\/\/kawaled.com.vn\/wp-content\/uploads\/2019\/08\/den-led-am-tran-giat-cap-1mau-dl158-a12w-t-v2-1536x1039.jpg 1536w, https:\/\/kawaled.com.vn\/wp-content\/uploads\/2019\/08\/den-led-am-tran-giat-cap-1mau-dl158-a12w-t-v2-2048x1385.jpg 2048w, https:\/\/kawaled.com.vn\/wp-content\/uploads\/2019\/08\/den-led-am-tran-giat-cap-1mau-dl158-a12w-t-v2-640x433.jpg 640w, https:\/\/kawaled.com.vn\/wp-content\/uploads\/2019\/08\/den-led-am-tran-giat-cap-1mau-dl158-a12w-t-v2-400x271.jpg 400w\" sizes=\"(max-width: 2560px) 100vw, 2560px\" \/><\/span><\/span><\/span><\/p>\n<h2><span class=\"ez-toc-section\" id=\"DEN_LED_AM_TRAN_MONG_GIAT_CAP_1_MAU_DL158-A12W-TV_DUOC_UNG_DUNG_O_NHIEU_KHU_VUC_KHAC_NHAU\"><\/span><span style=\"color: #000000;\"><span style=\"font-family: times new roman,times,serif;\"><span style=\"font-size: 16px;\"><b>\u0110\u00c8N LED \u00c2M TR\u1ea6N M\u1eceNG GI\u1eacT C\u1ea4P 1 M\u00c0U DL158-A12W-T\/V \u0110\u01af\u1ee2C \u1ee8NG D\u1ee4NG \u1ede NHI\u1ec0U KHU V\u1ef0C KH\u00c1C NHAU<\/b><\/span><\/span><\/span><span class=\"ez-toc-section-end\"><\/span><\/h2>\n<ul>\n<li><span style=\"color: #000000;\"><span style=\"font-family: times new roman,times,serif;\"><span style=\"font-size: 16px;\">Th\u00edch h\u1ee3p l\u1eafp \u0111\u1eb7t cho ph\u00f2ng ng\u1ee7,\u00a0ph\u00f2ng kh\u00e1ch, ph\u00f2ng tr\u01b0ng b\u00e0y s\u1ea3n ph\u1ea9m.<\/span><\/span><\/span><\/li>\n<li><span style=\"color: #000000;\"><span style=\"font-family: times new roman,times,serif;\"><span style=\"font-size: 16px;\">Th\u01b0\u1eddng s\u1eed d\u1ee5ng cho ban c\u00f4ng ho\u1eb7c h\u00e0nh lang\u00a0\u1edf nh\u00e0 ri\u00eang, v\u0103n ph\u00f2ng, nh\u00e0 h\u00e0ng, kh\u00e1ch s\u1ea1n.<\/span><\/span><\/span><\/li>\n<\/ul>\n<p style=\"text-align: center;\"><span style=\"color: #000000;\"><span style=\"font-family: times new roman,times,serif;\"><span style=\"font-size: 16px;\"><img decoding=\"async\" class=\"size-full wp-image-21118\" style=\"height: 511px; width: 500px;\" src=\"https:\/\/kawaled.com.vn\/wp-content\/uploads\/2019\/08\/den-led-am-tran-giat-cap-1mau-kawaled-1.jpg\" alt=\"\u0110\u00e8n \u00e2m tr\u1ea7n panel ph\u00f9 h\u1ee3p chi\u1ebfu s\u00e1ng cho nhi\u1ec1u khu v\u1ef1c\" width=\"750\" height=\"766\" srcset=\"https:\/\/kawaled.com.vn\/wp-content\/uploads\/2019\/08\/den-led-am-tran-giat-cap-1mau-kawaled-1.jpg 750w, https:\/\/kawaled.com.vn\/wp-content\/uploads\/2019\/08\/den-led-am-tran-giat-cap-1mau-kawaled-1-640x654.jpg 640w, https:\/\/kawaled.com.vn\/wp-content\/uploads\/2019\/08\/den-led-am-tran-giat-cap-1mau-kawaled-1-400x409.jpg 400w\" sizes=\"(max-width: 750px) 100vw, 750px\" \/><\/span><\/span><\/span><\/p>\n<h2><span class=\"ez-toc-section\" id=\"THONG_SO_KY_THUAT\"><\/span><span style=\"color: #000000;\"><span style=\"font-family: times new roman,times,serif;\"><span style=\"font-size: 16px;\"><strong>TH\u00d4NG S\u1ed0 K\u1ef8 THU\u1eacT<\/strong><\/span><\/span><\/span><span class=\"ez-toc-section-end\"><\/span><\/h2>\n<ul>\n<li><span style=\"color: #000000;\"><span style=\"font-family: times new roman,times,serif;\"><span style=\"font-size: 16px;\">\u0110i\u1ec7n \u00e1p ho\u1ea1t \u0111\u1ed9ng: 165~240V &#8211; 50\/60Hz<\/span><\/span><\/span><\/li>\n<li><span style=\"color: #000000;\"><span style=\"font-family: times new roman,times,serif;\"><span style=\"font-size: 16px;\">G\u00f3c chi\u1ebfu s\u00e1ng: 120\u00b0<\/span><\/span><\/span><\/li>\n<li><span style=\"color: #000000;\"><span style=\"font-family: times new roman,times,serif;\"><span style=\"font-size: 16px;\">\u0110\u1ed9 ho\u00e0n m\u00e0u (CRI): Ra=85<\/span><\/span><\/span><\/li>\n<li><span style=\"color: #000000;\"><span style=\"font-family: times new roman,times,serif;\"><span style=\"font-size: 16px;\">Tu\u1ed5i th\u1ecd: 25.000 gi\u1edd<\/span><\/span><\/span><\/li>\n<li><span style=\"color: #000000;\"><span style=\"font-family: times new roman,times,serif;\"><span style=\"font-size: 16px;\">C\u00f4ng su\u1ea5t: 12w<\/span><\/span><\/span><\/li>\n<li><span style=\"color: #000000;\"><span style=\"font-family: times new roman,times,serif;\"><span style=\"font-size: 16px;\">Lumen: 840-960 Lm<\/span><\/span><\/span><\/li>\n<li><span style=\"color: #000000;\"><span style=\"font-family: times new roman,times,serif;\"><span style=\"font-size: 16px;\">K\u00edch th\u01b0\u1edbc l\u1ed7 c\u1eaft (\u00d8): 160mm<\/span><\/span><\/span><\/li>\n<li><span style=\"color: #000000;\"><span style=\"font-family: times new roman,times,serif;\"><span style=\"font-size: 16px;\">K\u00edch th\u01b0\u1edbc \u0111\u00e8n (\u00d8*H)mm: 170*15mm<\/span><\/span><\/span><\/li>\n<li><span style=\"color: #000000;\"><span style=\"font-family: times new roman,times,serif;\"><span style=\"font-size: 16px;\">Quy c\u00e1ch \u0111\u00f3ng g\u00f3i: 50\/th\u00f9ng<\/span><\/span><\/span><\/li>\n<\/ul>\n<p style=\"text-align: center;\"><span style=\"color: #000000;\"><span style=\"font-family: times new roman,times,serif;\"><span style=\"font-size: 16px;\"><img decoding=\"async\" class=\"size-full wp-image-21125\" style=\"width: 500px; height: 500px;\" src=\"https:\/\/kawaled.com.vn\/wp-content\/uploads\/2019\/08\/den-led-am-tran-giat-cap-1mau-dl158-a12w-t-v.jpg\" alt=\"Th\u00f4ng s\u1ed1 k\u1ef9 thu\u1eadt\" width=\"800\" height=\"800\" srcset=\"https:\/\/kawaled.com.vn\/wp-content\/uploads\/2019\/08\/den-led-am-tran-giat-cap-1mau-dl158-a12w-t-v.jpg 800w, https:\/\/kawaled.com.vn\/wp-content\/uploads\/2019\/08\/den-led-am-tran-giat-cap-1mau-dl158-a12w-t-v-768x768.jpg 768w, https:\/\/kawaled.com.vn\/wp-content\/uploads\/2019\/08\/den-led-am-tran-giat-cap-1mau-dl158-a12w-t-v-640x640.jpg 640w, https:\/\/kawaled.com.vn\/wp-content\/uploads\/2019\/08\/den-led-am-tran-giat-cap-1mau-dl158-a12w-t-v-400x400.jpg 400w\" sizes=\"(max-width: 800px) 100vw, 800px\" \/><\/span><\/span><\/span><\/p>\n<p style=\"text-align: center;\"><span style=\"color: #000000;\"><span style=\"font-family: times new roman,times,serif;\"><span style=\"font-size: 16px;\"><img decoding=\"async\" class=\"size-full wp-image-21127\" style=\"width: 500px; height: 511px;\" src=\"https:\/\/kawaled.com.vn\/wp-content\/uploads\/2019\/08\/den-led-am-tran-giat-cap-1mau-dl158-a12w-t-v1.jpg\" alt=\"Thi\u1ebft k\u1ebf nh\u1ecf g\u1ecdn v\u00e0 si\u00eau m\u1ecfng\" width=\"1000\" height=\"1021\" srcset=\"https:\/\/kawaled.com.vn\/wp-content\/uploads\/2019\/08\/den-led-am-tran-giat-cap-1mau-dl158-a12w-t-v1.jpg 1000w, https:\/\/kawaled.com.vn\/wp-content\/uploads\/2019\/08\/den-led-am-tran-giat-cap-1mau-dl158-a12w-t-v1-768x784.jpg 768w, https:\/\/kawaled.com.vn\/wp-content\/uploads\/2019\/08\/den-led-am-tran-giat-cap-1mau-dl158-a12w-t-v1-640x653.jpg 640w, https:\/\/kawaled.com.vn\/wp-content\/uploads\/2019\/08\/den-led-am-tran-giat-cap-1mau-dl158-a12w-t-v1-400x408.jpg 400w\" sizes=\"(max-width: 1000px) 100vw, 1000px\" \/><\/span><\/span><\/span><\/p>\n<h2><span class=\"ez-toc-section\" id=\"TAI_SAO_BAN_NEN_CHON_DEN_AM_TRAN_TAI_KAWALED\"><\/span><span style=\"color: #000000;\"><span style=\"font-size: 16px;\"><span style=\"font-family: times new roman,times,serif;\"><strong>T\u1ea0I SAO B\u1ea0N N\u00caN CH\u1eccN \u0110\u00c8N \u00c2M TR\u1ea6N T\u1ea0I KAWALED<\/strong><\/span><\/span><\/span><span class=\"ez-toc-section-end\"><\/span><\/h2>\n<ul>\n<li><span style=\"color: #000000;\"><span style=\"font-size: 16px;\"><span style=\"font-family: times new roman,times,serif;\">Kawaled l\u00e0 th\u01b0\u01a1ng hi\u1ec7u, \u0111\u01b0\u1ee3c kh\u00e1ch h\u00e0ng \u01b0a chu\u1ed9ng s\u1eed d\u1ee5ng trong nhi\u1ec1u n\u0103m qua. Cam k\u1ebft h\u00e0ng \u0111\u00fang h\u00e3ng, b\u1ea3o h\u00e0nh 2 n\u0103m. H\u1ec7 th\u1ed1ng nh\u00e0 ph\u00e2n ph\u1ed1i tr\u1ea3i d\u00e0i kh\u1eafp c\u1ea3 n\u01b0\u1edbc. Qu\u00fd kh\u00e1ch d\u1ec5 d\u00e0ng mua h\u00e0ng v\u00e0 \u0111\u1ed5i tr\u1ea3 nhanh ch\u00f3ng.<\/span><\/span><\/span><\/li>\n<li><span style=\"color: #000000;\"><span style=\"font-size: 16px;\"><span style=\"font-family: times new roman,times,serif;\">\u0110\u00e8n Led \u0111a d\u1ea1ng m\u1eabu m\u00e3, \u0111\u01b0\u1ee3c nh\u1eadp kh\u1ea9u t\u1eeb c\u00e1c th\u01b0\u01a1ng hi\u1ec7u h\u00e0ng \u0111\u1ea7u th\u1ebf gi\u1edbi nh\u01b0: \u0110\u00e0i Loan, H\u00e0n Qu\u1ed1c, Trung Qu\u1ed1c, \u0110\u1ee9c\u2026<\/span><\/span><\/span><\/li>\n<li><span style=\"color: #000000;\"><span style=\"font-size: 16px;\"><span style=\"font-family: times new roman,times,serif;\">Nh\u00e2n vi\u00ean b\u00e1n h\u00e0ng v\u00e0 k\u1ef9 thu\u1eadt t\u01b0 v\u1ea5n nhanh ch\u00f3ng, t\u1eadn t\u00ecnh. Qu\u00fd kh\u00e1ch vui l\u00f2ng li\u00ean h\u1ec7 mua h\u00e0ng v\u00e0o s\u1ed1 1800.0058 \u0111\u1ec3 tr\u00e1nh mua ph\u1ea3i h\u00e0ng gi\u1ea3, h\u00e0ng nh\u00e1i.<\/span><\/span><\/span><\/li>\n<\/ul>\n<p style=\"text-align: center;\"><span style=\"font-family: times new roman,times,serif;\"><span style=\"font-size: 16px;\"><span style=\"color: #000000;\"><b>C\u1ea3m \u01a1n qu\u00fd kh\u00e1ch \u0111\u00e3 tin d\u00f9ng s\u1ea3n ph\u1ea9m Kawaled!<\/b><\/span><\/span><\/span><\/p>\n<p style=\"text-align: center;\"><span style=\"font-family: times new roman,times,serif;\"><span style=\"font-size: 16px;\"><span style=\"color: #000000;\"><b>Toll-Free Consulting Hotline:<\/b><b>\u00a0<\/b><\/span><span style=\"color: #ff0000;\"><b>1800 0058<\/b><\/span><span style=\"color: #000000;\"><b>\u00a0Or Call Directly:\u00a0<\/b><\/span><span style=\"color: #ff0000;\"><b>0911 761010<\/b><\/span><\/span><\/span><\/p>\n<p align=\"center\"><span style=\"font-family: times new roman,times,serif;\"><span style=\"font-size: 16px;\"><span style=\"color: #000000;\"><strong>Website:\u00a0<\/strong><\/span><a href=\"https:\/\/kawasan.vn\/\" target=\"_blank\" rel=\"noopener\"><span style=\"color: #0000cd;\"><strong>www.kawasan.vn<\/strong><\/span><\/a><\/span><\/span><\/p>\n<p align=\"center\"><span style=\"font-family: times new roman,times,serif;\"><span style=\"font-size: 16px;\"><span style=\"color: #000000;\"><strong>Website:\u00a0<\/strong><\/span><a href=\"https:\/\/kawaled.com.vn\/\"><span style=\"color: #0000cd;\"><strong>www.kawaled.com.vn<\/strong><\/span><\/a><\/span><\/span><\/p>\n<p align=\"center\">","protected":false},"excerpt":{"rendered":"<p>\u01afU \u0110I\u1ec2M N\u1ed4I B\u1eacT \u0110\u00c8N LED \u00c2M TR\u1ea6N M\u1eceNG GI\u1eacT C\u1ea4P 1 M\u00c0U DL158-A12W-T\/V Ti\u1ebft ki\u1ec7m h\u01a1n\u00a080% \u0111i\u1ec7n n\u0103ng ti\u00eau th\u1ee5, gi\u00fap ng\u01b0\u1eddi ti\u00eau d\u00f9ng ti\u1ebft ki\u1ec7m chi ph\u00ed ti\u1ec1n \u0111i\u1ec7n h\u00e0ng th\u00e1ng ch\u1ec9 b\u1eb1ng 1\/2 so v\u1edbi khi s\u1eed d\u1ee5ng b\u00f3ng compact, \u0111\u00e8n s\u1ee3i \u0111\u1ed1t \u0110\u00e8n \u00e2m tr\u1ea7n panel c\u00f3 tu\u1ed5i th\u1ecd cao tr\u00ean [&hellip;]<\/p>","protected":false},"featured_media":21125,"comment_status":"open","ping_status":"closed","template":"","meta":{"rank_math_description":"\u0110\u00e8n led \u00e2m tr\u1ea7n m\u1ecfng gi\u1eadt c\u1ea5p 1 m\u00e0u DL158-A12W-T\/V. Ti\u1ebft ki\u1ec7m h\u01a1n\u00a080% \u0111i\u1ec7n n\u0103ng ti\u00eau th\u1ee5, gi\u00fap ng\u01b0\u1eddi ti\u00eau d\u00f9ng ti\u1ebft ki\u1ec7m chi ph\u00ed ti\u1ec1n \u0111i\u1ec7n h\u00e0ng th\u00e1ng...","rank_math_focus_keyword":"\u0110\u00c8N LED \u00c2M TR\u1ea6N GI\u1eacT C\u1ea4P","rank_math_secondary_keywords":""},"product_cat":[3787,3785,1748,1747,1765],"product_tag":[1917,2930,2794,1783,2932,2799,2802,2931,2797,1944,2934,2796,2935],"class_list":["post-21128","product","type-product","status-publish","has-post-thumbnail","hentry","product_cat-den-am-tran-1-mau","product_cat-den-am-tran-tron","product_cat-den-led-downlight-am-tran-mong","product_cat-den-led-downlight","product_cat-den-led-panel-am-tran","product_tag-den-am-tran","product_tag-den-am-tran-12w","product_tag-den-am-tran-thach-cao","product_tag-den-led-am-tran","product_tag-den-led-am-tran-12w","product_tag-den-led-am-tran-thach-cao","product_tag-den-tron-am-tran","product_tag-gia-den-led-am-tran-12w","product_tag-gia-den-led-am-tran-thach-cao","product_tag-kawaled","product_tag-kich-thuoc-den-led-am-tran-12w","product_tag-led-am-tran","product_tag-led-am-tran-12w"],"acf":[],"_links":{"self":[{"href":"https:\/\/kawaled.com.vn\/en\/wp-json\/wp\/v2\/product\/21128","targetHints":{"allow":["GET"]}}],"collection":[{"href":"https:\/\/kawaled.com.vn\/en\/wp-json\/wp\/v2\/product"}],"about":[{"href":"https:\/\/kawaled.com.vn\/en\/wp-json\/wp\/v2\/types\/product"}],"replies":[{"embeddable":true,"href":"https:\/\/kawaled.com.vn\/en\/wp-json\/wp\/v2\/comments?post=21128"}],"version-history":[{"count":0,"href":"https:\/\/kawaled.com.vn\/en\/wp-json\/wp\/v2\/product\/21128\/revisions"}],"wp:featuredmedia":[{"embeddable":true,"href":"https:\/\/kawaled.com.vn\/en\/wp-json\/wp\/v2\/media\/21125"}],"wp:attachment":[{"href":"https:\/\/kawaled.com.vn\/en\/wp-json\/wp\/v2\/media?parent=21128"}],"wp:term":[{"taxonomy":"product_cat","embeddable":true,"href":"https:\/\/kawaled.com.vn\/en\/wp-json\/wp\/v2\/product_cat?post=21128"},{"taxonomy":"product_tag","embeddable":true,"href":"https:\/\/kawaled.com.vn\/en\/wp-json\/wp\/v2\/product_tag?post=21128"}],"curies":[{"name":"wp","href":"https:\/\/api.w.org\/{rel}","templated":true}]}}