{"id":21088,"date":"2019-08-30T10:29:15","date_gmt":"2019-08-30T03:29:15","guid":{"rendered":"https:\/\/kawaled.123websitedev.com\/san-pham\/den-pha-led-doi-mau-fl30w-rgb\/"},"modified":"2026-02-25T10:00:36","modified_gmt":"2026-02-25T03:00:36","slug":"den-pha-led-doi-mau-fl30w-rgb","status":"publish","type":"product","link":"https:\/\/kawaled.com.vn\/en\/product\/den-pha-led-doi-mau-fl30w-rgb\/","title":{"rendered":"\u0110\u00c8N PHA LED \u0110\u1ed4I M\u00c0U FL30W-RGB"},"content":{"rendered":"<h2><span class=\"ez-toc-section\" id=\"UU_DIEM_NOI_BAT_CUA_DEN_PHA_7_MAU\"><\/span><span style=\"color: #000000;\"><span style=\"font-size: 16px;\"><span style=\"font-family: times new roman,times,serif;\"><strong>\u01afU \u0110I\u1ec2M N\u1ed4I B\u1eacT C\u1ee6A \u0110\u00c8N PHA 7 M\u00c0U<\/strong><\/span><\/span><\/span><span class=\"ez-toc-section-end\"><\/span><\/h2><div id=\"ez-toc-container\" class=\"ez-toc-v2_0_69_1 counter-hierarchy ez-toc-counter ez-toc-grey ez-toc-container-direction\">\n<div class=\"ez-toc-title-container\">\n<p class=\"ez-toc-title\" >N\u1ed9i Dung B&agrave;i Vi\u1ebft<\/p>\n<span class=\"ez-toc-title-toggle\"><a href=\"#\" class=\"ez-toc-pull-right ez-toc-btn ez-toc-btn-xs ez-toc-btn-default ez-toc-toggle\" aria-label=\"Toggle Table of Content\"><span class=\"ez-toc-js-icon-con\"><span class=\"\"><span class=\"eztoc-hide\" style=\"display:none;\">Toggle<\/span><span class=\"ez-toc-icon-toggle-span\"><svg style=\"fill: #999;color:#999\" xmlns=\"http:\/\/www.w3.org\/2000\/svg\" class=\"list-377408\" width=\"20px\" height=\"20px\" viewbox=\"0 0 24 24\" fill=\"none\"><path d=\"M6 6H4v2h2V6zm14 0H8v2h12V6zM4 11h2v2H4v-2zm16 0H8v2h12v-2zM4 16h2v2H4v-2zm16 0H8v2h12v-2z\" fill=\"currentColor\"><\/path><\/svg><svg style=\"fill: #999;color:#999\" class=\"arrow-unsorted-368013\" xmlns=\"http:\/\/www.w3.org\/2000\/svg\" width=\"10px\" height=\"10px\" viewbox=\"0 0 24 24\" version=\"1.2\" baseprofile=\"tiny\"><path d=\"M18.2 9.3l-6.2-6.3-6.2 6.3c-.2.2-.3.4-.3.7s.1.5.3.7c.2.2.4.3.7.3h11c.3 0 .5-.1.7-.3.2-.2.3-.5.3-.7s-.1-.5-.3-.7zM5.8 14.7l6.2 6.3 6.2-6.3c.2-.2.3-.5.3-.7s-.1-.5-.3-.7c-.2-.2-.4-.3-.7-.3h-11c-.3 0-.5.1-.7.3-.2.2-.3.5-.3.7s.1.5.3.7z\"\/><\/svg><\/span><\/span><\/span><\/a><\/span><\/div>\n<nav><ul class='ez-toc-list ez-toc-list-level-1 eztoc-toggle-hide-by-default' ><li class='ez-toc-page-1 ez-toc-heading-level-2'><a class=\"ez-toc-link ez-toc-heading-1\" href=\"https:\/\/kawaled.com.vn\/en\/product\/den-pha-led-doi-mau-fl30w-rgb\/#UU_DIEM_NOI_BAT_CUA_DEN_PHA_7_MAU\" title=\"\u01afU \u0110I\u1ec2M N\u1ed4I B\u1eacT C\u1ee6A \u0110\u00c8N PHA 7 M\u00c0U\">\u01afU \u0110I\u1ec2M N\u1ed4I B\u1eacT C\u1ee6A \u0110\u00c8N PHA 7 M\u00c0U<\/a><\/li><li class='ez-toc-page-1 ez-toc-heading-level-2'><a class=\"ez-toc-link ez-toc-heading-2\" href=\"https:\/\/kawaled.com.vn\/en\/product\/den-pha-led-doi-mau-fl30w-rgb\/#THONG_SO_KY_THUAT\" title=\"TH\u00d4NG S\u1ed0\u00a0K\u1ef8 THU\u1eacT\">TH\u00d4NG S\u1ed0\u00a0K\u1ef8 THU\u1eacT<\/a><\/li><li class='ez-toc-page-1 ez-toc-heading-level-2'><a class=\"ez-toc-link ez-toc-heading-3\" href=\"https:\/\/kawaled.com.vn\/en\/product\/den-pha-led-doi-mau-fl30w-rgb\/#UNG_DUNG_CUA_DEN_PHA_LED_DOI_MAU\" title=\"\u1ee8NG D\u1ee4NG C\u1ee6A \u0110\u00c8N PHA LED \u0110\u1ed4I M\u00c0U\">\u1ee8NG D\u1ee4NG C\u1ee6A \u0110\u00c8N PHA LED \u0110\u1ed4I M\u00c0U<\/a><\/li><\/ul><\/nav><\/div>\n\n<ul>\n<li><span style=\"color: #000000;\"><span style=\"font-size: 16px;\"><span style=\"font-family: times new roman,times,serif;\">\u0110\u00e8n pha led \u0111\u1ed5i m\u00e0u FL30W-RGB \u0111\u01b0\u1ee3c c\u1ea5u t\u1ea1o t\u1eeb nh\u1eefng chip led si\u00eau s\u00e1ng, si\u00eau ti\u1ebft ki\u1ec7m \u0111i\u1ec7n<\/span><\/span><\/span><\/li>\n<li><span style=\"color: #000000;\"><span style=\"font-size: 16px;\"><span style=\"font-family: times new roman,times,serif;\">Tu\u1ed5i th\u1ecd cao l\u00ean \u0111\u1ebfn 25.000h, ti\u1ebft ki\u1ec7m chi ph\u00ed mua m\u1edbi thi\u1ebft b\u1ecb cho ng\u01b0\u1eddi d\u00f9ng<\/span><\/span><\/span><\/li>\n<li><span style=\"color: #000000;\"><span style=\"font-size: 16px;\"><span style=\"font-family: times new roman,times,serif;\">Thi\u1ebft k\u1ebf th\u00e2n thi\u1ec7n v\u1edbi m\u00f4i tr\u01b0\u1eddng, s\u1ea3n ph\u1ea9m d\u1ec5 t\u00e1i ch\u1ebf<\/span><\/span><\/span><\/li>\n<li><span style=\"color: #000000;\"><span style=\"font-size: 16px;\"><span style=\"font-family: times new roman,times,serif;\">\u00c1nh s\u00e1ng t\u1ef1 nhi\u00ean \u0111\u1ea3m b\u1ea3o an to\u00e0n cho m\u1eaft ng\u01b0\u1eddi d\u00f9ng<\/span><\/span><\/span><\/li>\n<li><span style=\"color: #000000;\"><span style=\"font-size: 16px;\"><span style=\"font-family: times new roman,times,serif;\">Ti\u00eau chu\u1ea9n IP66\u00a0k\u00edn n\u01b0\u1edbc v\u00e0 ch\u1ed1ng b\u1ee5i b\u1ea9n<\/span><\/span><\/span><\/li>\n<li><span style=\"color: #000000;\"><span style=\"font-size: 16px;\"><span style=\"font-family: times new roman,times,serif;\">C\u00f3 remote \u0111i\u1ec1u ch\u1ec9nh m\u00e0u t\u00f9y th\u00edch, v\u1edbi\u00a0nhi\u1ec1u ch\u1ebf \u0111\u1ed9 \u0111i\u1ec1u ch\u1ec9nh v\u00e0\u00a0tr\u1ed9n m\u00e0u theo y\u00eau c\u1ea7u<\/span><\/span><\/span><\/li>\n<\/ul>\n<h2><span class=\"ez-toc-section\" id=\"THONG_SO_KY_THUAT\"><\/span><span style=\"color: #000000;\"><span style=\"font-size: 16px;\"><span style=\"font-family: times new roman,times,serif;\"><strong>TH\u00d4NG S\u1ed0\u00a0K\u1ef8 THU\u1eacT<\/strong><\/span><\/span><\/span><span class=\"ez-toc-section-end\"><\/span><\/h2>\n<ul>\n<li><span style=\"color: #000000;\"><span style=\"font-size: 16px;\"><span style=\"font-family: times new roman,times,serif;\">Ngu\u1ed3n: 110-240VAC<\/span><\/span><\/span><\/li>\n<li><span style=\"color: #000000;\"><span style=\"font-size: 16px;\"><span style=\"font-family: times new roman,times,serif;\">C\u00f4ng su\u1ea5t s\u00e1ng: 80lm\/W~90lm\/W<\/span><\/span><\/span><\/li>\n<li><span style=\"color: #000000;\"><span style=\"font-size: 16px;\"><span style=\"font-family: times new roman,times,serif;\">G\u00f3c chi\u1ebfu s\u00e1ng: 90&#215;130\u00b0<\/span><\/span><\/span><\/li>\n<li><span style=\"color: #000000;\"><span style=\"font-size: 16px;\"><span style=\"font-family: times new roman,times,serif;\">\u0110\u1ed9 k\u00edn n\u01b0\u1edbc: IP65<\/span><\/span><\/span><\/li>\n<\/ul>\n<p><span style=\"color: #000000;\"><span style=\"font-size: 16px;\"><span style=\"font-family: times new roman,times,serif;\"><strong>\u0110i\u1ec1u khi\u1ec3n b\u1eb1ng remote:<\/strong><\/span><\/span><\/span><\/p>\n<ul>\n<li><span style=\"color: #000000;\"><span style=\"font-size: 16px;\"><span style=\"font-family: times new roman,times,serif;\">C\u1ed1 \u0111\u1ecbnh 7 m\u00e0u (Xanh, \u0110\u1ecf, T\u00edm, V\u00e0ng,&#8230;)<\/span><\/span><\/span><\/li>\n<li><span style=\"color: #000000;\"><span style=\"font-size: 16px;\"><span style=\"font-family: times new roman,times,serif;\">Chuy\u1ec3n 7 m\u00e0u t\u1ef1 \u0111\u1ed9ng<\/span><\/span><\/span><\/li>\n<li><span style=\"color: #000000;\"><span style=\"font-size: 16px;\"><span style=\"font-family: times new roman,times,serif;\">T\u1eaft\/M\u1edf<\/span><\/span><\/span><\/li>\n<li><span style=\"color: #000000;\"><span style=\"font-size: 16px;\"><span style=\"font-family: times new roman,times,serif;\">Ch\u1ebf \u0111\u1ed9 ch\u1edbp chuy\u1ec3n m\u00e0u<\/span><\/span><\/span><\/li>\n<li><span style=\"color: #000000;\"><span style=\"font-size: 16px;\"><span style=\"font-family: times new roman,times,serif;\">C\u00f4ng su\u1ea5t (W): 30W<\/span><\/span><\/span><\/li>\n<li><span style=\"color: #000000;\"><span style=\"font-size: 16px;\"><span style=\"font-family: times new roman,times,serif;\">K\u00edch th\u01b0\u1edbc \u0111\u00e8n (mm): 159*122*26mm<\/span><\/span><\/span><\/li>\n<li><span style=\"color: #000000;\"><span style=\"font-size: 16px;\"><span style=\"font-family: times new roman,times,serif;\">Quy c\u00e1ch \u0111\u00f3ng g\u00f3i: 20\/th\u00f9ng.<\/span><\/span><\/span><\/li>\n<\/ul>\n<p style=\"margin-left: 40px;\"><span style=\"color: #000000;\"><span style=\"font-size: 16px;\"><span style=\"font-family: times new roman,times,serif;\"><img decoding=\"async\" class=\"size-full wp-image-21065\" style=\"width: 600px; height: 600px;\" src=\"https:\/\/kawaled.com.vn\/wp-content\/uploads\/2019\/08\/den-pha-led-fl2-30w-200w-1.jpg\" alt=\"\" width=\"800\" height=\"800\" srcset=\"https:\/\/kawaled.com.vn\/wp-content\/uploads\/2019\/08\/den-pha-led-fl2-30w-200w-1.jpg 800w, https:\/\/kawaled.com.vn\/wp-content\/uploads\/2019\/08\/den-pha-led-fl2-30w-200w-1-768x768.jpg 768w, https:\/\/kawaled.com.vn\/wp-content\/uploads\/2019\/08\/den-pha-led-fl2-30w-200w-1-640x640.jpg 640w, https:\/\/kawaled.com.vn\/wp-content\/uploads\/2019\/08\/den-pha-led-fl2-30w-200w-1-400x400.jpg 400w\" sizes=\"(max-width: 800px) 100vw, 800px\" \/><\/span><\/span><\/span><\/p>\n<h2><span class=\"ez-toc-section\" id=\"UNG_DUNG_CUA_DEN_PHA_LED_DOI_MAU\"><\/span><span style=\"color: #000000;\"><span style=\"font-size: 16px;\"><span style=\"font-family: times new roman,times,serif;\"><strong>\u1ee8NG D\u1ee4NG C\u1ee6A \u0110\u00c8N PHA LED \u0110\u1ed4I M\u00c0U<\/strong><\/span><\/span><\/span><span class=\"ez-toc-section-end\"><\/span><\/h2>\n<p><span style=\"color: #000000;\"><span style=\"font-size: 16px;\"><span style=\"font-family: times new roman,times,serif;\">D\u00f2ng \u0110\u00e8n Pha Led \u0110\u1ed5i M\u00e0u FL30W-RGB. Th\u01b0\u1eddng \u0111\u01b0\u1ee3c \u00e1p d\u1ee5ng trong chi\u1ebfu s\u00e1ng trang tr\u00ed y\u00eau c\u1ea7u c\u00f3 m\u00e0u s\u1eafc s\u1eb7c s\u1ee1 \u0111\u1ec3 thu h\u00fat h\u01a1n trong quan c\u1ea3nh nh\u01b0:<\/span><\/span><\/span><\/p>\n<ul>\n<li><span style=\"color: #000000;\"><span style=\"font-size: 16px;\"><span style=\"font-family: times new roman,times,serif;\">Chi\u1ebfu s\u00e1ng c\u00e2y c\u1ea3nh trong khu\u00f4n vi\u00ean<\/span><\/span><\/span><\/li>\n<\/ul>\n<p><span style=\"color: #000000;\"><span style=\"font-size: 16px;\"><span style=\"font-family: times new roman,times,serif;\"><img decoding=\"async\" class=\"size-full wp-image-21066\" src=\"https:\/\/kawaled.com.vn\/wp-content\/uploads\/2019\/08\/den-pha-led-doi-mau-flh-20-50w-5.jpg\" alt=\"\" width=\"600\" height=\"400\" srcset=\"https:\/\/kawaled.com.vn\/wp-content\/uploads\/2019\/08\/den-pha-led-doi-mau-flh-20-50w-5.jpg 600w, https:\/\/kawaled.com.vn\/wp-content\/uploads\/2019\/08\/den-pha-led-doi-mau-flh-20-50w-5-400x267.jpg 400w\" sizes=\"(max-width: 600px) 100vw, 600px\" \/><\/span><\/span><\/span><\/p>\n<ul>\n<li><span style=\"color: #000000;\"><span style=\"font-size: 16px;\"><span style=\"font-family: times new roman,times,serif;\">Chi\u1ebfu s\u00e1ng c\u1ea7u v\u01b0\u1ee3t, c\u1ed5ng ch\u00e0o, c\u00f4ng vi\u00ean<\/span><\/span><\/span><\/li>\n<\/ul>\n<p><span style=\"color: #000000;\"><span style=\"font-size: 16px;\"><span style=\"font-family: times new roman,times,serif;\"><img decoding=\"async\" class=\"size-full wp-image-21067\" src=\"https:\/\/kawaled.com.vn\/wp-content\/uploads\/2019\/08\/den-pha-led-doi-mau-flh-20-50w-6.jpg\" alt=\"\" width=\"600\" height=\"400\" srcset=\"https:\/\/kawaled.com.vn\/wp-content\/uploads\/2019\/08\/den-pha-led-doi-mau-flh-20-50w-6.jpg 600w, https:\/\/kawaled.com.vn\/wp-content\/uploads\/2019\/08\/den-pha-led-doi-mau-flh-20-50w-6-400x267.jpg 400w\" sizes=\"(max-width: 600px) 100vw, 600px\" \/><\/span><\/span><\/span><\/p>\n<ul>\n<li><span style=\"color: #000000;\"><span style=\"font-size: 16px;\"><span style=\"font-family: times new roman,times,serif;\">Chi\u1ebfu s\u00e1ng t\u00f2a nh\u00e0 c\u00f4ng tr\u00ecnh du l\u1ecbch, khu vui ch\u01a1i, l\u1ec5 h\u1ed9i, khu c\u00f4ng\u00a0 nghi\u1ec7p<\/span><\/span><\/span><\/li>\n<\/ul>\n<p><span style=\"color: #000000;\"><span style=\"font-size: 16px;\"><span style=\"font-family: times new roman,times,serif;\"><img decoding=\"async\" class=\"size-full wp-image-21068\" src=\"https:\/\/kawaled.com.vn\/wp-content\/uploads\/2019\/08\/den-pha-led-doi-mau-flh-20-50w-7.jpg\" alt=\"\" width=\"600\" height=\"400\" srcset=\"https:\/\/kawaled.com.vn\/wp-content\/uploads\/2019\/08\/den-pha-led-doi-mau-flh-20-50w-7.jpg 600w, https:\/\/kawaled.com.vn\/wp-content\/uploads\/2019\/08\/den-pha-led-doi-mau-flh-20-50w-7-400x267.jpg 400w\" sizes=\"(max-width: 600px) 100vw, 600px\" \/><\/span><\/span><\/span><\/p>\n<ul>\n<li><span style=\"color: #000000;\"><span style=\"font-size: 16px;\"><span style=\"font-family: times new roman,times,serif;\">Chi\u1ebfu s\u00e1ng b\u1ea3ng qu\u1ea3ng c\u00e1o, bi\u1ec3n hi\u1ec7u\u2026<\/span><\/span><\/span><\/li>\n<\/ul>\n<p><span style=\"font-size: 20px;\"><span style=\"color: #000000;\"><strong><span style=\"font-family: times new roman, times, serif;\">TH\u00d4NG TIN C\u1ea6N BI\u1ebeT:<\/span><\/strong><\/span><\/span><\/p>\n<ul>\n<li><span style=\"font-size: 16px;\"><strong><a href=\"https:\/\/kawaled.com.vn\/nhung-uu-diem-cua-den-led-pha-doi-mau-ngoai-troi-cua-kawaled-%E2%80%93-fl30w-rgb\"><span style=\"color: #0000cd;\">Nh\u1eefng \u01b0u \u0111i\u1ec3m n\u1ed5i b\u1eadt c\u1ee7a \u0111\u00e8n pha led \u0111\u1ed5i m\u00e0u<\/span><\/a><\/strong><\/span><\/li>\n<li><span style=\"font-size: 16px;\"><strong><a href=\"https:\/\/kawaled.com.vn\/phong-thuy-hoa-giai-bang-anh-sang-va-mau-sac\"><span style=\"color: #0000cd;\">C\u00e1ch h\u00f3a gi\u1ea3i phong th\u1ee7y b\u1eb1ng \u00e1nh s\u00e1ng v\u00e0 m\u00e0u s\u1eafc<\/span><\/a><\/strong><\/span><\/li>\n<\/ul>\n<p style=\"text-align: center;\"><span style=\"color: #000000;\"><span style=\"font-size: 16px;\"><span style=\"font-family: times new roman,times,serif;\"><strong>C\u1ea3m \u01a1n qu\u00fd kh\u00e1ch \u0111\u00e3 tin d\u00f9ng s\u1ea3n ph\u1ea9m Kawaled!<\/strong><\/span><\/span><\/span><\/p>\n<p style=\"text-align: center;\"><span style=\"color: #000000;\"><span style=\"font-size: 16px;\"><span style=\"font-family: times new roman,times,serif;\"><strong>Toll-Free Consulting Hotline:<\/strong><strong>\u00a0<\/strong><\/span><\/span><\/span><span style=\"color: #ff0000;\"><span style=\"font-size: 16px;\"><span style=\"font-family: times new roman,times,serif;\"><strong>1800 0058<\/strong><\/span><\/span><\/span><\/p>\n<p style=\"text-align: center;\"><b>Website:\u00a0<\/b><a href=\"https:\/\/kawaled.com.vn\/san-pham\/\"><b>www.kawaled.com.vn<\/b><\/a><\/p>\n<p style=\"text-align: center;\"><b>Website:\u00a0<\/b><a href=\"https:\/\/kawasan.vn\/\" target=\"_blank\" rel=\"noopener\"><b>www.kawasan.vn<\/b><\/a><\/p>\n<p style=\"text-align: center;\"><span style=\"font-size: 16px;\"><span style=\"font-family: times new roman,times,serif;\">\u00a0<\/span><\/span><\/p>","protected":false},"excerpt":{"rendered":"<p>\u01afU \u0110I\u1ec2M N\u1ed4I B\u1eacT C\u1ee6A \u0110\u00c8N PHA 7 M\u00c0U \u0110\u00e8n pha led \u0111\u1ed5i m\u00e0u FL30W-RGB \u0111\u01b0\u1ee3c c\u1ea5u t\u1ea1o t\u1eeb nh\u1eefng chip led si\u00eau s\u00e1ng, si\u00eau ti\u1ebft ki\u1ec7m \u0111i\u1ec7n Tu\u1ed5i th\u1ecd cao l\u00ean \u0111\u1ebfn 25.000h, ti\u1ebft ki\u1ec7m chi ph\u00ed mua m\u1edbi thi\u1ebft b\u1ecb cho ng\u01b0\u1eddi d\u00f9ng Thi\u1ebft k\u1ebf th\u00e2n thi\u1ec7n v\u1edbi m\u00f4i tr\u01b0\u1eddng, s\u1ea3n ph\u1ea9m d\u1ec5 [&hellip;]<\/p>","protected":false},"featured_media":21087,"comment_status":"open","ping_status":"closed","template":"","meta":{"rank_math_description":"\u0110\u00e8n Pha Led \u0110\u1ed5i M\u00e0u FL30W-RGB. \u0110\u00e8n led pha \u0111\u01b0\u1ee3c c\u1ea5u t\u1ea1o t\u1eeb nh\u1eefng chip led si\u00eau s\u00e1ng, si\u00eau ti\u1ebft ki\u1ec7m \u0111i\u1ec7n. Tu\u1ed5i th\u1ecd cao l\u00ean \u0111\u1ebfn 40.000h, ti\u1ebft ki\u1ec7m chi ph\u00ed...","rank_math_focus_keyword":"\u0110\u00c8N PHA LED \u0110\u1ed4I M\u00c0U FL30W-RGB","rank_math_secondary_keywords":""},"product_cat":[1766,3783,1731,1746],"product_tag":[2997,2880,2882,2877,2994,2996,2881,1809,2879,1807,2995,2998],"class_list":["post-21088","product","type-product","status-publish","has-post-thumbnail","hentry","product_cat-den-pha-led-doi-mau","product_cat-den-pha-led","product_cat-khuyen-mai-trong-thang","product_cat-hang-thanh-ly-kho","product_tag-bong-den-led-7-mau","product_tag-bong-led-30w","product_tag-den-30w","product_tag-den-led-30w","product_tag-den-led-nhieu-mau","product_tag-den-nhieu-mau","product_tag-den-pha-30w","product_tag-den-pha-led","product_tag-den-pha-led-30w","product_tag-fl30w-rgb","product_tag-led-3-mau","product_tag-nhiet-do-mau"],"acf":[],"_links":{"self":[{"href":"https:\/\/kawaled.com.vn\/en\/wp-json\/wp\/v2\/product\/21088","targetHints":{"allow":["GET"]}}],"collection":[{"href":"https:\/\/kawaled.com.vn\/en\/wp-json\/wp\/v2\/product"}],"about":[{"href":"https:\/\/kawaled.com.vn\/en\/wp-json\/wp\/v2\/types\/product"}],"replies":[{"embeddable":true,"href":"https:\/\/kawaled.com.vn\/en\/wp-json\/wp\/v2\/comments?post=21088"}],"version-history":[{"count":1,"href":"https:\/\/kawaled.com.vn\/en\/wp-json\/wp\/v2\/product\/21088\/revisions"}],"predecessor-version":[{"id":27530,"href":"https:\/\/kawaled.com.vn\/en\/wp-json\/wp\/v2\/product\/21088\/revisions\/27530"}],"wp:featuredmedia":[{"embeddable":true,"href":"https:\/\/kawaled.com.vn\/en\/wp-json\/wp\/v2\/media\/21087"}],"wp:attachment":[{"href":"https:\/\/kawaled.com.vn\/en\/wp-json\/wp\/v2\/media?parent=21088"}],"wp:term":[{"taxonomy":"product_cat","embeddable":true,"href":"https:\/\/kawaled.com.vn\/en\/wp-json\/wp\/v2\/product_cat?post=21088"},{"taxonomy":"product_tag","embeddable":true,"href":"https:\/\/kawaled.com.vn\/en\/wp-json\/wp\/v2\/product_tag?post=21088"}],"curies":[{"name":"wp","href":"https:\/\/api.w.org\/{rel}","templated":true}]}}