{"id":21062,"date":"2019-08-29T16:20:59","date_gmt":"2019-08-29T09:20:59","guid":{"rendered":"https:\/\/kawaled.123websitedev.com\/san-pham\/den-duong-led-nang-luong-mat-troi-ssl-60w\/"},"modified":"2026-02-02T13:09:25","modified_gmt":"2026-02-02T06:09:25","slug":"den-duong-nang-luong-mat-troi-ssl-60w","status":"publish","type":"product","link":"https:\/\/kawaled.com.vn\/en\/product\/den-duong-nang-luong-mat-troi-ssl-60w\/","title":{"rendered":"\u0110\u00c8N \u0110\u01af\u1edcNG N\u0102NG L\u01af\u1ee2NG M\u1eb6T TR\u1edcI CAO C\u1ea4P SSL-60W"},"content":{"rendered":"<h2><span class=\"ez-toc-section\" id=\"Gioi_thieu_Den_Duong_Nang_Luong_Mat_Troi_SSL-60W\"><\/span><span style=\"color: #000000; font-size: 24px;\"><span style=\"font-family: times new roman,times,serif;\"><strong>Gi\u1edbi thi\u1ec7u: \u0110\u00e8n \u0110\u01b0\u1eddng N\u0103ng L\u01b0\u1ee3ng M\u1eb7t Tr\u1eddi SSL-60W<\/strong><\/span><\/span><span class=\"ez-toc-section-end\"><\/span><\/h2><div id=\"ez-toc-container\" class=\"ez-toc-v2_0_69_1 counter-hierarchy ez-toc-counter ez-toc-grey ez-toc-container-direction\">\n<div class=\"ez-toc-title-container\">\n<p class=\"ez-toc-title\" >N\u1ed9i Dung B&agrave;i Vi\u1ebft<\/p>\n<span class=\"ez-toc-title-toggle\"><a href=\"#\" class=\"ez-toc-pull-right ez-toc-btn ez-toc-btn-xs ez-toc-btn-default ez-toc-toggle\" aria-label=\"Toggle Table of Content\"><span class=\"ez-toc-js-icon-con\"><span class=\"\"><span class=\"eztoc-hide\" style=\"display:none;\">Toggle<\/span><span class=\"ez-toc-icon-toggle-span\"><svg style=\"fill: #999;color:#999\" xmlns=\"http:\/\/www.w3.org\/2000\/svg\" class=\"list-377408\" width=\"20px\" height=\"20px\" viewbox=\"0 0 24 24\" fill=\"none\"><path d=\"M6 6H4v2h2V6zm14 0H8v2h12V6zM4 11h2v2H4v-2zm16 0H8v2h12v-2zM4 16h2v2H4v-2zm16 0H8v2h12v-2z\" fill=\"currentColor\"><\/path><\/svg><svg style=\"fill: #999;color:#999\" class=\"arrow-unsorted-368013\" xmlns=\"http:\/\/www.w3.org\/2000\/svg\" width=\"10px\" height=\"10px\" viewbox=\"0 0 24 24\" version=\"1.2\" baseprofile=\"tiny\"><path d=\"M18.2 9.3l-6.2-6.3-6.2 6.3c-.2.2-.3.4-.3.7s.1.5.3.7c.2.2.4.3.7.3h11c.3 0 .5-.1.7-.3.2-.2.3-.5.3-.7s-.1-.5-.3-.7zM5.8 14.7l6.2 6.3 6.2-6.3c.2-.2.3-.5.3-.7s-.1-.5-.3-.7c-.2-.2-.4-.3-.7-.3h-11c-.3 0-.5.1-.7.3-.2.2-.3.5-.3.7s.1.5.3.7z\"\/><\/svg><\/span><\/span><\/span><\/a><\/span><\/div>\n<nav><ul class='ez-toc-list ez-toc-list-level-1 eztoc-toggle-hide-by-default' ><li class='ez-toc-page-1 ez-toc-heading-level-2'><a class=\"ez-toc-link ez-toc-heading-1\" href=\"https:\/\/kawaled.com.vn\/en\/product\/den-duong-nang-luong-mat-troi-ssl-60w\/#Gioi_thieu_Den_Duong_Nang_Luong_Mat_Troi_SSL-60W\" title=\"Gi\u1edbi thi\u1ec7u: \u0110\u00e8n \u0110\u01b0\u1eddng N\u0103ng L\u01b0\u1ee3ng M\u1eb7t Tr\u1eddi SSL-60W\">Gi\u1edbi thi\u1ec7u: \u0110\u00e8n \u0110\u01b0\u1eddng N\u0103ng L\u01b0\u1ee3ng M\u1eb7t Tr\u1eddi SSL-60W<\/a><\/li><li class='ez-toc-page-1 ez-toc-heading-level-2'><a class=\"ez-toc-link ez-toc-heading-2\" href=\"https:\/\/kawaled.com.vn\/en\/product\/den-duong-nang-luong-mat-troi-ssl-60w\/#Ung_dung_va_loi_ich\" title=\"\u1ee8ng d\u1ee5ng v\u00e0 l\u1ee3i \u00edch:\">\u1ee8ng d\u1ee5ng v\u00e0 l\u1ee3i \u00edch:<\/a><\/li><li class='ez-toc-page-1 ez-toc-heading-level-2'><a class=\"ez-toc-link ez-toc-heading-3\" href=\"https:\/\/kawaled.com.vn\/en\/product\/den-duong-nang-luong-mat-troi-ssl-60w\/#Uu_diem\" title=\"\u01afu \u0111i\u1ec3m:\">\u01afu \u0111i\u1ec3m:<\/a><\/li><li class='ez-toc-page-1 ez-toc-heading-level-2'><a class=\"ez-toc-link ez-toc-heading-4\" href=\"https:\/\/kawaled.com.vn\/en\/product\/den-duong-nang-luong-mat-troi-ssl-60w\/#Tien_loi_lap_dat_nhieu_noi_xa_vi_tri_cap_nguon_dien\" title=\"Ti\u1ec7n l\u1ee3i l\u1eafp \u0111\u1eb7t nhi\u1ec1u n\u01a1i xa v\u1ecb tr\u00ed c\u1ea5p ngu\u1ed3n \u0111i\u1ec7n.\">Ti\u1ec7n l\u1ee3i l\u1eafp \u0111\u1eb7t nhi\u1ec1u n\u01a1i xa v\u1ecb tr\u00ed c\u1ea5p ngu\u1ed3n \u0111i\u1ec7n.<\/a><\/li><li class='ez-toc-page-1 ez-toc-heading-level-2'><a class=\"ez-toc-link ez-toc-heading-5\" href=\"https:\/\/kawaled.com.vn\/en\/product\/den-duong-nang-luong-mat-troi-ssl-60w\/#_Gom_Remote_dieu_khien_cac_che_do\" title=\"\u00a0G\u1ed3m Remote \u0111i\u1ec1u khi\u1ec3n c\u00e1c ch\u1ebf \u0111\u1ed9:\">\u00a0G\u1ed3m Remote \u0111i\u1ec1u khi\u1ec3n c\u00e1c ch\u1ebf \u0111\u1ed9:<\/a><\/li><li class='ez-toc-page-1 ez-toc-heading-level-2'><a class=\"ez-toc-link ez-toc-heading-6\" href=\"https:\/\/kawaled.com.vn\/en\/product\/den-duong-nang-luong-mat-troi-ssl-60w\/#Huong_dan_su_dung\" title=\"H\u01b0\u1edbng d\u1eabn s\u1eed d\u1ee5ng:\">H\u01b0\u1edbng d\u1eabn s\u1eed d\u1ee5ng:<\/a><\/li><li class='ez-toc-page-1 ez-toc-heading-level-2'><a class=\"ez-toc-link ez-toc-heading-7\" href=\"https:\/\/kawaled.com.vn\/en\/product\/den-duong-nang-luong-mat-troi-ssl-60w\/#Chu_y\" title=\"Attention:\">Attention:<\/a><ul class='ez-toc-list-level-3' ><li class='ez-toc-heading-level-3'><a class=\"ez-toc-link ez-toc-heading-8\" href=\"https:\/\/kawaled.com.vn\/en\/product\/den-duong-nang-luong-mat-troi-ssl-60w\/#MUA_CHINH_HANG_TAI\" title=\"MUA CH\u00cdNH H\u00c3NG T\u1ea0I:\">MUA CH\u00cdNH H\u00c3NG T\u1ea0I:<\/a><\/li><\/ul><\/li><\/ul><\/nav><\/div>\n\n<p><span style=\"color: #000000;\"><span style=\"font-size: 16px;\"><span style=\"font-family: times new roman,times,serif;\">\u0110\u00e8n \u0110\u01b0\u1eddng N\u0103ng L\u01b0\u1ee3ng M\u1eb7t Tr\u1eddi SSL-60W l\u00e0 s\u1ea3n ph\u1ea9m ho\u00e0n to\u00e0n d\u00f9ng n\u0103ng l\u01b0\u1ee3ng m\u1eb7t tr\u1eddi, g\u1ed3m t\u1ea5m Pin N\u0103ng L\u01b0\u1ee3ng v\u00e0 Pin d\u1ef1 tr\u1eef t\u00edch \u0111i\u1ec7n s\u1ea1c ban ng\u00e0y \u0111\u1ec3 chi\u1ebfu s\u00e1ng v\u00e0o ban \u0111\u00eam.<\/span><\/span><\/span><\/p>\n<p><span style=\"color: #000000;\"><span style=\"font-size: 16px;\"><span style=\"font-family: times new roman,times,serif;\">T\u00edch h\u1ee3p th\u00eam t\u00ednh n\u0103ng t\u1ef1 \u0111\u1ed9ng b\u1eadt khi tr\u1eddi t\u1ed1i v\u00e0 t\u1ef1 t\u1eaft khi tr\u1eddi s\u00e1ng, c\u00f3 remote \u0111i\u1ec1u khi\u1ec3n t\u1eeb xa \u0111\u1ec3 ch\u1ecdn ch\u1ebf \u0111\u1ed9 t\u1ef1 \u0111\u1ed9ng t\u1eaft sau 3h, 5h, 8h \u0111\u1ec3 ti\u1ebft ki\u1ec7m Pin.<\/span><\/span><\/span><\/p>\n<p><span style=\"color: #000000;\"><span style=\"font-size: 16px;\"><span style=\"font-family: times new roman,times,serif;\">V\u1edbi c\u00f4ng ngh\u1ec7 ph\u1ee7 nano n\u00ean kh\u1ea3 n\u0103ng s\u1ea1c \u0111i\u1ec7n v\u1eabn l\u00e0m vi\u1ec7c trong \u0111i\u1ec1u ki\u1ec7n\u00a0 \u00e1nh s\u00e1ng y\u1ebfu, khi \u00e1nh s\u00e1ng tr\u1ef1c di\u1ec7n m\u1eb7t tr\u1eddi s\u1ebd h\u1ea5p thu t\u1ed1i \u0111a kh\u1ea3 n\u0103ng s\u1ea1c gi\u00fap Pin s\u1ea1c nhanh h\u01a1n.<\/span><\/span><\/span><\/p>\n<p><span style=\"color: #000000;\"><span style=\"font-size: 16px;\"><span style=\"font-family: times new roman,times,serif;\">Pin s\u1ea1c \u0111\u01b0\u1ee3c s\u1eed d\u1ee5ng c\u00f4ng ngh\u1ec7 Pin Lithium Iron Phosphate n\u00ean kh\u1ea3 n\u0103ng n\u1ea1p \u0111i\u1ec7n nhanh v\u00e0 c\u1ed1 \u0111\u1ed9 b\u1ec1n cao, ch\u1ed1ng chai Pin nh\u1edd h\u1ec7 th\u1ed1ng ngu\u1ed3n ngu\u1ed3n th\u00f4ng minh c\u1ee7a Kawasan.<\/span><\/span><\/span><\/p>\n<figure id=\"attachment_26606\" aria-describedby=\"caption-attachment-26606\" style=\"width: 560px\" class=\"wp-caption aligncenter\"><img decoding=\"async\" class=\"wp-image-26606\" src=\"https:\/\/kawaled.com.vn\/wp-content\/uploads\/2024\/12\/den-nang-luong-mat-troi-kawaled-60w-nhieu-goc.jpg\" alt=\"\u0110\u00e8n n\u0103ng l\u01b0\u1ee3ng m\u1eb7t tr\u1eddi Kawaled 60W nhi\u1ec1u g\u00f3c nh\u00ecn\" width=\"560\" height=\"560\" \/><figcaption id=\"caption-attachment-26606\" class=\"wp-caption-text\">\u0110\u00e8n \u0111\u01b0\u1eddng n\u0103ng l\u01b0\u1ee3ng m\u1eb7t tr\u1eddi 60W Kawaled \u0111\u01b0\u1ee3c ch\u1ee5p nhi\u1ec1u g\u00f3c kh\u00e1c nhau.<\/figcaption><\/figure>\n<h2><span class=\"ez-toc-section\" id=\"Ung_dung_va_loi_ich\"><\/span><span style=\"color: #000000; font-size: 24px;\"><span style=\"font-family: times new roman,times,serif;\"><strong>\u1ee8ng d\u1ee5ng v\u00e0 l\u1ee3i \u00edch:<\/strong><\/span><\/span><span class=\"ez-toc-section-end\"><\/span><\/h2>\n<p><span style=\"color: #000000;\"><span style=\"font-size: 16px;\"><span style=\"font-family: times new roman,times,serif;\">S\u1ea3n ph\u1ea9m s\u1eed d\u1ee5ng cho m\u1ee5c \u0111\u00edch chi\u1ebfu s\u00e1ng \u0111\u00e8n \u0111\u01b0\u1eddng, h\u00e0nh lang, s\u00e2n v\u01b0\u1eddn, b\u00e3i g\u1eedi xe, chi\u1ebfu s\u00e1ng c\u00f4ng c\u1ed9ng\u2026<\/span><\/span><\/span><\/p>\n<p><span style=\"color: #000000;\"><span style=\"font-size: 16px;\"><span style=\"font-family: times new roman,times,serif;\">L\u1ee3i \u00edch ti\u1ebft ki\u1ec7m chi ph\u00ed \u0111i\u1ec7n n\u0103ng h\u00e0ng th\u00e1ng v\u00e0 chi ph\u00ed l\u1eafp \u0111\u1eb7t d\u00e2y \u0111i\u1ec7n v\u00e0 c\u00f4ng t\u00e1c \u0111i xa, t\u1ed1n k\u00e9m h\u01a1n nhi\u1ec1u so v\u1edbi chi ph\u00ed \u0111\u1ea7u t\u01b0 mua \u0110\u00e8n N\u0103ng L\u01b0\u1ee3ng.<\/span><\/span><\/span><\/p>\n<figure id=\"attachment_26600\" aria-describedby=\"caption-attachment-26600\" style=\"width: 560px\" class=\"wp-caption aligncenter\"><img decoding=\"async\" class=\"wp-image-26600\" src=\"https:\/\/kawaled.com.vn\/wp-content\/uploads\/2024\/12\/ung-dung-den-nang-luong-mat-troi-kawaled-nha-xuong-san-vuon-cong-vien-duong-pho.webp\" alt=\"\u1ee8ng d\u1ee5ng \u0111\u00e8n n\u0103ng l\u01b0\u1ee3ng m\u1eb7t tr\u1eddi Kawaled cho nh\u00e0 x\u01b0\u1edfng, s\u00e2n v\u01b0\u1eddn, c\u00f4ng vi\u00ean v\u00e0 \u0111\u01b0\u1eddng ph\u1ed1\" width=\"560\" height=\"560\" \/><figcaption id=\"caption-attachment-26600\" class=\"wp-caption-text\">\u1ee8ng d\u1ee5ng \u0111a d\u1ea1ng c\u1ee7a \u0111\u00e8n n\u0103ng l\u01b0\u1ee3ng m\u1eb7t tr\u1eddi Kawaled.<\/figcaption><\/figure>\n<h2><span class=\"ez-toc-section\" id=\"Uu_diem\"><\/span><span style=\"color: #000000; font-size: 24px;\"><span style=\"font-family: times new roman,times,serif;\"><strong>\u01afu \u0111i\u1ec3m:<\/strong><\/span><\/span><span class=\"ez-toc-section-end\"><\/span><\/h2>\n<p><span style=\"color: #000000;\"><span style=\"font-size: 16px;\"><span style=\"font-family: times new roman,times,serif;\">Ti\u1ebft ki\u1ec7m \u0111i\u1ec7n v\u00e0 an to\u00e0n khi s\u1eed d\u1ee5ng, tr\u00e1nh ch\u00e1y n\u1ed5 do s\u1eed d\u1ee5ng l\u00e2u g\u00e2y n\u00f3ng v\u00e0 ch\u00e1y n\u1ed5\u2026<\/span><\/span><\/span><\/p>\n<h2><span class=\"ez-toc-section\" id=\"Tien_loi_lap_dat_nhieu_noi_xa_vi_tri_cap_nguon_dien\"><\/span><strong><span style=\"color: #000000;\"><span style=\"font-size: 16px;\"><span style=\"font-family: times new roman,times,serif;\">Ti\u1ec7n l\u1ee3i l\u1eafp \u0111\u1eb7t nhi\u1ec1u n\u01a1i xa v\u1ecb tr\u00ed c\u1ea5p ngu\u1ed3n \u0111i\u1ec7n.<\/span><\/span><\/span><\/strong><span class=\"ez-toc-section-end\"><\/span><\/h2>\n<ul>\n<li><span style=\"color: #000000;\"><span style=\"font-size: 16px;\"><span style=\"font-family: times new roman,times,serif;\">\u00a0T\u1ea5m Pin ch\u1ea5t l\u01b0\u1ee3ng cao c\u00f3 \u0111\u1ed9 b\u1ec1n 10~15 n\u0103m<\/span><\/span><\/span><\/li>\n<li><span style=\"color: #000000;\"><span style=\"font-size: 16px;\"><span style=\"font-family: times new roman,times,serif;\">\u00a0LED pha d\u00f9ng ch\u00edp LED Epistar<\/span><\/span><\/span><\/li>\n<li><span style=\"color: #000000;\"><span style=\"font-size: 16px;\"><span style=\"font-family: times new roman,times,serif;\">\u00a0Pin d\u1ef1 ph\u00f2ng Lithium Iron Phophat c\u00f3 \u0111\u1ed9 b\u1ec1n tr\u00ean 5 n\u0103m<\/span><\/span><\/span><\/li>\n<li><span style=\"color: #000000;\"><span style=\"font-size: 16px;\"><span style=\"font-family: times new roman,times,serif;\">\u00a0Ch\u1ee9c n\u0103ng ngu\u1ed3n IC th\u00f4ng minh \u0111i\u1ec1u khi\u1ec3n s\u1ea1c Pin ch\u1ed1ng chai Pin.<\/span><\/span><\/span><\/li>\n<\/ul>\n<h2><span class=\"ez-toc-section\" id=\"_Gom_Remote_dieu_khien_cac_che_do\"><\/span><span style=\"color: #000000;\"><span style=\"font-size: 16px;\"><span style=\"font-family: times new roman,times,serif;\"><strong>\u00a0G\u1ed3m Remote \u0111i\u1ec1u khi\u1ec3n c\u00e1c ch\u1ebf \u0111\u1ed9:<\/strong><\/span><\/span><\/span><span class=\"ez-toc-section-end\"><\/span><\/h2>\n<ul>\n<li><span style=\"color: #000000;\"><span style=\"font-size: 16px;\"><span style=\"font-family: times new roman,times,serif;\">T\u1ef1 \u0111\u1ed9ng b\u1eadt khi t\u1ed1i v\u00e0 t\u1eaft khi s\u00e1ng<\/span><\/span><\/span><\/li>\n<li><span style=\"color: #000000;\"><span style=\"font-size: 16px;\"><span style=\"font-family: times new roman,times,serif;\">\u00a0H\u1eb9n gi\u1edd t\u1eaft s\u1edbm sau khi b\u1eadt 3h-5h-8h<\/span><\/span><\/span><\/li>\n<li><span style=\"color: #000000;\"><span style=\"font-size: 16px;\"><span style=\"font-family: times new roman,times,serif;\">\u00a0Ch\u1ee7 \u0111\u1ed9ng t\u1eaft\/ m\u1edf b\u1eb1ng remote gi\u00fap ti\u1ebft ki\u1ec7m Pin v\u00e0 t\u0103ng tu\u1ed5i th\u1ecd Pin<\/span><\/span><\/span><\/li>\n<\/ul>\n<figure id=\"attachment_26607\" aria-describedby=\"caption-attachment-26607\" style=\"width: 560px\" class=\"wp-caption aligncenter\"><img decoding=\"async\" class=\"wp-image-26607\" src=\"https:\/\/kawaled.com.vn\/wp-content\/uploads\/2024\/12\/den-nang-luong-mat-troi-kawaled-ssl-60w-full-bo.webp\" alt=\"\u0110\u00e8n \u0111\u01b0\u1eddng n\u0103ng l\u01b0\u1ee3ng m\u1eb7t tr\u1eddi 60W full b\u1ed9 Kawaled\" width=\"560\" height=\"560\" \/><figcaption id=\"caption-attachment-26607\" class=\"wp-caption-text\">B\u1ed9 \u0111\u00e8n n\u0103ng l\u01b0\u1ee3ng m\u1eb7t tr\u1eddi 60W \u2013 t\u1ea5m pin, \u0111\u00e8n, remote v\u00e0 ph\u1ee5 ki\u1ec7n \u0111i k\u00e8m.<\/figcaption><\/figure>\n<figure id=\"attachment_26599\" aria-describedby=\"caption-attachment-26599\" style=\"width: 559px\" class=\"wp-caption aligncenter\"><img decoding=\"async\" class=\"wp-image-26599\" src=\"https:\/\/kawaled.com.vn\/wp-content\/uploads\/2024\/12\/den-nang-luong-mat-troi-kawaled-chong-nuoc-ip65.webp\" alt=\"\u0110\u00e8n n\u0103ng l\u01b0\u1ee3ng m\u1eb7t tr\u1eddi Kawaled ch\u1ed1ng n\u01b0\u1edbc IP65 chi\u1ebfu s\u00e1ng trong m\u01b0a l\u1edbn\" width=\"559\" height=\"559\" \/><figcaption id=\"caption-attachment-26599\" class=\"wp-caption-text\">\u0110\u00e8n n\u0103ng l\u01b0\u1ee3ng m\u1eb7t tr\u1eddi Kawaled ho\u1ea1t \u0111\u1ed9ng \u1ed5n \u0111\u1ecbnh d\u01b0\u1edbi m\u01b0a.<\/figcaption><\/figure>\n<h2><span class=\"ez-toc-section\" id=\"Huong_dan_su_dung\"><\/span><span style=\"color: #000000; font-size: 24px;\"><span style=\"font-family: times new roman,times,serif;\"><strong>H\u01b0\u1edbng d\u1eabn s\u1eed d\u1ee5ng:<\/strong><\/span><\/span><span class=\"ez-toc-section-end\"><\/span><\/h2>\n<p><span style=\"color: #000000;\"><span style=\"font-size: 16px;\"><span style=\"font-family: times new roman,times,serif;\">G\u1eafn t\u1ea5m pin n\u0103ng l\u01b0\u1ee3ng \u1edf v\u1ecb tr\u00ed b\u1eaft n\u1eafng t\u1ed1t nh\u1ea5t, l\u00e0 n\u01a1i th\u00f4ng tho\u00e1ng, ti\u1ebfp nh\u1eadn \u0111\u01b0\u1ee3c nhi\u1ec1u \u00e1nh s\u00e1ng m\u00f4i tr\u01b0\u1eddng \u0111\u1ec3 \u0111\u1ea3m b\u1ea3o trong qu\u00e1 tr\u00ecnh s\u1ea1c kh\u00f4ng b\u1ecb \u1ea3nh h\u01b0\u1edfng b\u1edfi v\u1eadt che ch\u1eafn l\u00e0m gi\u00e1n \u0111o\u1ea1n s\u1ea1c pin, g\u1eafn \u0111\u00e8n sao cho h\u01b0\u1edbng led ra b\u00ean ngo\u00e0i l\u1ed1i \u0111i l\u1ea1i, g\u00f3c chi\u1ebfu kho\u1ea3ng 30 \u2013 45 \u0111\u1ed9 nh\u1eb1m \u0111\u1ea3m b\u1ea3o m\u1eaft h\u1ed3ng ngo\u1ea1i h\u01b0\u1edbng ra xa, \u0111\u1ee9ng t\u1eeb xa c\u00f3 th\u1ec3 \u0111i\u1ec1u khi\u1ec3n remote \u0111\u01b0\u1ee3c, khi x\u1ea1c \u0111\u00e8n led b\u00e1o \u0111\u1ecf nh\u1ea5p nh\u00e1y b\u00ean trong led pha, khi x\u1ea1c \u0111\u1ea7y pin th\u00ec \u0111\u00e8n ng\u1eebng nh\u00e1y.<\/span><\/span><\/span><\/p>\n<p><span style=\"color: #000000;\"><span style=\"font-size: 16px;\"><span style=\"font-family: times new roman,times,serif;\">Remote \u0111i\u1ec1u khi\u1ec3n c\u00f3 c\u00e1c ch\u1ee9c n\u0103ng sau:<\/span><\/span><\/span><\/p>\n<ul>\n<li><span style=\"color: #000000;\"><span style=\"font-size: 16px;\"><span style=\"font-family: times new roman,times,serif;\">N\u00fat auto t\u1ef1 \u0111\u1ed9ng b\u1eadt \u0111\u00e8n khi m\u00f4i tr\u01b0\u1eddng t\u1ed1i v\u00e0 t\u1eaft \u0111\u00e8n khi m\u00f4i tr\u01b0\u1eddng s\u00e1ng.<\/span><\/span><\/span><\/li>\n<li><span style=\"color: #000000;\"><span style=\"font-size: 16px;\"><span style=\"font-family: times new roman,times,serif;\">N\u00fat 3H, 5H, 8H h\u1eb9n gi\u1edd t\u1eaft s\u1edbm sau khi b\u1eadt \u0111\u00e8n.<\/span><\/span><\/span><\/li>\n<li><span style=\"color: #000000;\"><span style=\"font-size: 16px;\"><span style=\"font-family: times new roman,times,serif;\">N\u00fat ON b\u1eadt \u0111\u00e8n, N\u00fat OFF t\u1eaft \u0111\u00e8n, 2 n\u00fat c\u00f2n l\u1ea1i l\u00e0 n\u00fat( DIMMER) t\u0103ng gi\u1ea3m \u00e1nh s\u00e1ng.<\/span><\/span><\/span><\/li>\n<li><span style=\"color: #000000;\"><span style=\"font-size: 16px;\"><span style=\"font-family: times new roman,times,serif;\">Ch\u1ee7 \u0111\u1ed9ng t\u1eaft\/ m\u1edf b\u1eb1ng remote gi\u00fap ti\u1ebft ki\u1ec7m Pin v\u00e0 t\u0103ng tu\u1ed5i th\u1ecd cho pin v\u00e0 \u0111\u00e8n.<\/span><\/span><\/span><\/li>\n<\/ul>\n<figure id=\"attachment_26601\" aria-describedby=\"caption-attachment-26601\" style=\"width: 560px\" class=\"wp-caption aligncenter\"><img decoding=\"async\" class=\"wp-image-26601\" src=\"https:\/\/kawaled.com.vn\/wp-content\/uploads\/2024\/12\/remote-den-nang-luong-mat-troi-kawaled.webp\" alt=\"Remote \u0111i\u1ec1u khi\u1ec3n \u0111\u00e8n n\u0103ng l\u01b0\u1ee3ng m\u1eb7t tr\u1eddi KAWALED\" width=\"560\" height=\"560\" \/><figcaption id=\"caption-attachment-26601\" class=\"wp-caption-text\">Remote \u0111\u00e8n \u0111\u01b0\u1eddng n\u0103ng l\u01b0\u1ee3ng m\u1eb7t tr\u1eddi ssl \u0111a ch\u1ebf \u0111\u1ed9 \u2013 h\u1eb9n gi\u1edd, b\u1eadt t\u1eaft nhanh.<\/figcaption><\/figure>\n<h2><span class=\"ez-toc-section\" id=\"Chu_y\"><\/span><span style=\"color: #000000;\"><span style=\"font-size: 16px;\"><span style=\"font-family: times new roman,times,serif;\"><strong>Attention:<\/strong><\/span><\/span><\/span><span class=\"ez-toc-section-end\"><\/span><\/h2>\n<p><span style=\"color: #000000;\"><span style=\"font-size: 16px;\"><span style=\"font-family: times new roman,times,serif;\">Kh\u00f4ng l\u1eafp T\u1ea5m Pin N\u0103ng L\u01b0\u1ee3ng c\u00f3 quy c\u00e1ch kh\u00e1c, kh\u00f4ng theo b\u1ed9 v\u00e0 kh\u00f4ng \u0111\u1ed3ng b\u1ed9 v\u1edbi m\u1ea1ch \u0111i\u1ec7n v\u00e0 b\u1ed9 s\u1ea1c c\u1ee7a Pin, Pin s\u1ebd kh\u00f4ng s\u1ea1c v\u00e0o \u0111\u01b0\u1ee3c v\u00e0 h\u1ecfng bo m\u1ea1ch \u0111i\u1ec1u khi\u1ec3n.<\/span><\/span><\/span><\/p>\n<p><span style=\"color: #000000;\"><span style=\"font-size: 16px;\"><span style=\"font-family: times new roman,times,serif;\">Kh\u00f4ng n\u00ean g\u1eafn t\u1ea5m pin \u1edf nh\u1eefng v\u1ecb tr\u00ed nh\u01b0 trong nh\u00e0 thi\u1ebfu \u00e1nh s\u00e1ng, n\u01a1i c\u00f3 nhi\u1ec1u c\u00e2y c\u1ed1i che \u00e1nh s\u00e1ng, nh\u1eefng n\u01a1i kh\u00f4ng \u0111\u1ee7 \u00e1nh s\u00e1ng m\u1eb7t tr\u1eddi chi\u1ebfu tr\u1ef1c ti\u1ebfp d\u01b0\u1edbi 6 gi\u1edd, v\u00ec \u0111i\u1ec1u ki\u1ec7n \u0111\u1ec3 x\u1ea1c \u0111\u1ea7y pin l\u00e0 6-&gt;8 gi\u1edd.<\/span><\/span><\/span><\/p>\n<h3><span class=\"ez-toc-section\" id=\"MUA_CHINH_HANG_TAI\"><\/span><b>MUA CH\u00cdNH H\u00c3NG T\u1ea0I:<\/b><span class=\"ez-toc-section-end\"><\/span><\/h3>\n<ul>\n<li style=\"font-weight: 400;\" aria-level=\"1\"><b>Hotline ph\u00f2ng kinh doanh (b\u00e1o gi\u00e1 s\u1ec9 \/ \u0111\u1ea1i l\u00fd \/ NPP): <\/b><i><span style=\"font-weight: 400;\">0825 411 408<\/span><\/i> <b><i>ho\u1eb7c <\/i><\/b><i><span style=\"font-weight: 400;\">0911 757 234<\/span><\/i><\/li>\n<li style=\"font-weight: 400;\" aria-level=\"1\"><b>Website ch\u00ednh th\u1ee9c:<\/b><b><br \/>\n<\/b><a href=\"https:\/\/www.kawaled.com.vn\/\"><span style=\"font-weight: 400;\"> www.kawaled.com.vn<\/span><\/a><span style=\"font-weight: 400;\"> (<\/span><i><span style=\"font-weight: 400;\">D\u00e0nh cho c\u00e1c s\u1ea3n ph\u1ea9m b\u00f3ng \u0111\u00e8n KAWALED<\/span><\/i><span style=\"font-weight: 400;\">)<\/span><span style=\"font-weight: 400;\"><br \/>\n<\/span><a href=\"http:\/\/www.kawasan.vn\/\" target=\"_blank\" rel=\"noopener\"><span style=\"font-weight: 400;\"> www.kawasan.vn<\/span><\/a><span style=\"font-weight: 400;\"> (<\/span><i><span style=\"font-weight: 400;\">D\u00e0nh cho c\u00e1c s\u1ea3n ph\u1ea9m \u0111i\u1ec7n th\u00f4ng minh Kawasan<\/span><\/i><span style=\"font-weight: 400;\">)<\/span><\/li>\n<\/ul>\n<p><span style=\"font-size: 16px;\"><span style=\"font-family: times new roman,times,serif;\">\u00a0<\/span><\/span><\/p>","protected":false},"excerpt":{"rendered":"<p>Gi\u1edbi thi\u1ec7u: \u0110\u00e8n \u0110\u01b0\u1eddng N\u0103ng L\u01b0\u1ee3ng M\u1eb7t Tr\u1eddi SSL-60W \u0110\u00e8n \u0110\u01b0\u1eddng N\u0103ng L\u01b0\u1ee3ng M\u1eb7t Tr\u1eddi SSL-60W l\u00e0 s\u1ea3n ph\u1ea9m ho\u00e0n to\u00e0n d\u00f9ng n\u0103ng l\u01b0\u1ee3ng m\u1eb7t tr\u1eddi, g\u1ed3m t\u1ea5m Pin N\u0103ng L\u01b0\u1ee3ng v\u00e0 Pin d\u1ef1 tr\u1eef t\u00edch \u0111i\u1ec7n s\u1ea1c ban ng\u00e0y \u0111\u1ec3 chi\u1ebfu s\u00e1ng v\u00e0o ban \u0111\u00eam. T\u00edch h\u1ee3p th\u00eam t\u00ednh n\u0103ng t\u1ef1 \u0111\u1ed9ng b\u1eadt khi [&hellip;]<\/p>","protected":false},"featured_media":26608,"comment_status":"open","ping_status":"closed","template":"","meta":{"rank_math_description":"\u0110\u00e8n \u0110\u01b0\u1eddng N\u0103ng L\u01b0\u1ee3ng M\u1eb7t Tr\u1eddi SSL-60W. Ngu\u1ed3n IC ch\u1ed1ng chai Pin. Ho\u1ea1t \u0111\u1ed9ng 8-10 ti\u1ebfng sau khi s\u1ea1c \u0111\u1ee7 Pin. \u0110i\u1ec1u khi\u1ec3n b\u1eadt \u2013 t\u1eaft v\u00e0 h\u1eb9n gi\u1edd t\u1eeb xa, qua remote","rank_math_focus_keyword":"\u0111\u00e8n \u0111\u01b0\u1eddng n\u0103ng l\u01b0\u1ee3ng m\u1eb7t tr\u1eddi,\u0111\u00e8n \u0111\u01b0\u1eddng n\u0103ng l\u01b0\u1ee3ng m\u1eb7t tr\u1eddi 60w,\u0111\u00e8n n\u0103ng l\u01b0\u1ee3ng m\u1eb7t tr\u1eddi","rank_math_secondary_keywords":""},"product_cat":[3734,1770,3791],"product_tag":[3068,3078,3070,3071,3072,2790,3067,3073,3075,3076,3077,3066,3069,1802],"class_list":["post-21062","product","type-product","status-publish","has-post-thumbnail","hentry","product_cat-den-duong-nang-luong-mat-troi","product_cat-den-duong-nang-luong-mat-troi-cao-cap","product_cat-den-nang-luong-mat-troi-2","product_tag-bong-den-nang-luong-mat-troi-60w","product_tag-den-duong-nang-luong-mat-troi-60w","product_tag-den-led-60w-nang-luong-mat-troi","product_tag-den-led-nang-luong-mat-troi-60w","product_tag-den-nang-luong-60w","product_tag-den-nang-luong-mat-troi-60w","product_tag-den-nang-luong-mat-troi-60w-ip67","product_tag-den-nang-luong-mat-troi-60w-solar","product_tag-den-nang-luong-mat-troi-solar-light-60w-ip67","product_tag-den-pha-led-nang-luong-mat-troi-60w","product_tag-den-pha-nang-luong-mat-troi-60w","product_tag-gia-den-nang-luong-mat-troi-60w","product_tag-gia-den-nang-luong-mat-troi-solar-light-60w","product_tag-ssl-60w"],"acf":[],"_links":{"self":[{"href":"https:\/\/kawaled.com.vn\/en\/wp-json\/wp\/v2\/product\/21062","targetHints":{"allow":["GET"]}}],"collection":[{"href":"https:\/\/kawaled.com.vn\/en\/wp-json\/wp\/v2\/product"}],"about":[{"href":"https:\/\/kawaled.com.vn\/en\/wp-json\/wp\/v2\/types\/product"}],"replies":[{"embeddable":true,"href":"https:\/\/kawaled.com.vn\/en\/wp-json\/wp\/v2\/comments?post=21062"}],"version-history":[{"count":0,"href":"https:\/\/kawaled.com.vn\/en\/wp-json\/wp\/v2\/product\/21062\/revisions"}],"wp:featuredmedia":[{"embeddable":true,"href":"https:\/\/kawaled.com.vn\/en\/wp-json\/wp\/v2\/media\/26608"}],"wp:attachment":[{"href":"https:\/\/kawaled.com.vn\/en\/wp-json\/wp\/v2\/media?parent=21062"}],"wp:term":[{"taxonomy":"product_cat","embeddable":true,"href":"https:\/\/kawaled.com.vn\/en\/wp-json\/wp\/v2\/product_cat?post=21062"},{"taxonomy":"product_tag","embeddable":true,"href":"https:\/\/kawaled.com.vn\/en\/wp-json\/wp\/v2\/product_tag?post=21062"}],"curies":[{"name":"wp","href":"https:\/\/api.w.org\/{rel}","templated":true}]}}