{"id":21060,"date":"2024-12-21T15:39:31","date_gmt":"2024-12-21T08:39:31","guid":{"rendered":"https:\/\/kawaled.123websitedev.com\/?post_type=product&#038;p=21060"},"modified":"2026-01-26T06:47:44","modified_gmt":"2026-01-25T23:47:44","slug":"den-pha-led-nang-luong-mat-troi-cao-cap-fsl1-60w","status":"publish","type":"product","link":"https:\/\/kawaled.com.vn\/en\/product\/den-pha-led-nang-luong-mat-troi-cao-cap-fsl1-60w\/","title":{"rendered":"\u0110\u00c8N PHA LED N\u0102NG L\u01af\u1ee2NG M\u1eb6T TR\u1edcI FSL1-60W"},"content":{"rendered":"<ol>\n<li>\n<h2><span class=\"ez-toc-section\" id=\"Gioi_thieu\"><\/span><span style=\"color: #000000;\"><span style=\"font-size: 16px;\"><span style=\"font-family: times new roman,times,serif;\"><strong>Gi\u1edbi thi\u1ec7u:<\/strong><\/span><\/span><\/span><span class=\"ez-toc-section-end\"><\/span><\/h2><div id=\"ez-toc-container\" class=\"ez-toc-v2_0_69_1 counter-hierarchy ez-toc-counter ez-toc-grey ez-toc-container-direction\">\n<div class=\"ez-toc-title-container\">\n<p class=\"ez-toc-title\" >N\u1ed9i Dung B&agrave;i Vi\u1ebft<\/p>\n<span class=\"ez-toc-title-toggle\"><a href=\"#\" class=\"ez-toc-pull-right ez-toc-btn ez-toc-btn-xs ez-toc-btn-default ez-toc-toggle\" aria-label=\"Toggle Table of Content\"><span class=\"ez-toc-js-icon-con\"><span class=\"\"><span class=\"eztoc-hide\" style=\"display:none;\">Toggle<\/span><span class=\"ez-toc-icon-toggle-span\"><svg style=\"fill: #999;color:#999\" xmlns=\"http:\/\/www.w3.org\/2000\/svg\" class=\"list-377408\" width=\"20px\" height=\"20px\" viewbox=\"0 0 24 24\" fill=\"none\"><path d=\"M6 6H4v2h2V6zm14 0H8v2h12V6zM4 11h2v2H4v-2zm16 0H8v2h12v-2zM4 16h2v2H4v-2zm16 0H8v2h12v-2z\" fill=\"currentColor\"><\/path><\/svg><svg style=\"fill: #999;color:#999\" class=\"arrow-unsorted-368013\" xmlns=\"http:\/\/www.w3.org\/2000\/svg\" width=\"10px\" height=\"10px\" viewbox=\"0 0 24 24\" version=\"1.2\" baseprofile=\"tiny\"><path d=\"M18.2 9.3l-6.2-6.3-6.2 6.3c-.2.2-.3.4-.3.7s.1.5.3.7c.2.2.4.3.7.3h11c.3 0 .5-.1.7-.3.2-.2.3-.5.3-.7s-.1-.5-.3-.7zM5.8 14.7l6.2 6.3 6.2-6.3c.2-.2.3-.5.3-.7s-.1-.5-.3-.7c-.2-.2-.4-.3-.7-.3h-11c-.3 0-.5.1-.7.3-.2.2-.3.5-.3.7s.1.5.3.7z\"\/><\/svg><\/span><\/span><\/span><\/a><\/span><\/div>\n<nav><ul class='ez-toc-list ez-toc-list-level-1 eztoc-toggle-hide-by-default' ><li class='ez-toc-page-1 ez-toc-heading-level-2'><a class=\"ez-toc-link ez-toc-heading-1\" href=\"https:\/\/kawaled.com.vn\/en\/product\/den-pha-led-nang-luong-mat-troi-cao-cap-fsl1-60w\/#Gioi_thieu\" title=\"Gi\u1edbi thi\u1ec7u:\">Gi\u1edbi thi\u1ec7u:<\/a><\/li><li class='ez-toc-page-1 ez-toc-heading-level-2'><a class=\"ez-toc-link ez-toc-heading-2\" href=\"https:\/\/kawaled.com.vn\/en\/product\/den-pha-led-nang-luong-mat-troi-cao-cap-fsl1-60w\/#Ung_dung_va_loi_ich\" title=\"\u1ee8ng d\u1ee5ng v\u00e0 l\u1ee3i \u00edch:\">\u1ee8ng d\u1ee5ng v\u00e0 l\u1ee3i \u00edch:<\/a><\/li><li class='ez-toc-page-1 ez-toc-heading-level-2'><a class=\"ez-toc-link ez-toc-heading-3\" href=\"https:\/\/kawaled.com.vn\/en\/product\/den-pha-led-nang-luong-mat-troi-cao-cap-fsl1-60w\/#Uu_diem\" title=\"\u01afu \u0111i\u1ec3m:\">\u01afu \u0111i\u1ec3m:<\/a><\/li><li class='ez-toc-page-1 ez-toc-heading-level-2'><a class=\"ez-toc-link ez-toc-heading-4\" href=\"https:\/\/kawaled.com.vn\/en\/product\/den-pha-led-nang-luong-mat-troi-cao-cap-fsl1-60w\/#_Gom_Remote_dieu_khien_cac_che_do\" title=\"\u00a0G\u1ed3m Remote \u0111i\u1ec1u khi\u1ec3n c\u00e1c ch\u1ebf \u0111\u1ed9:\">\u00a0G\u1ed3m Remote \u0111i\u1ec1u khi\u1ec3n c\u00e1c ch\u1ebf \u0111\u1ed9:<\/a><\/li><li class='ez-toc-page-1 ez-toc-heading-level-2'><a class=\"ez-toc-link ez-toc-heading-5\" href=\"https:\/\/kawaled.com.vn\/en\/product\/den-pha-led-nang-luong-mat-troi-cao-cap-fsl1-60w\/#THONG_SO_KY_THUAT\" title=\"TH\u00d4NG S\u1ed0 K\u1ef8 THU\u1eacT\">TH\u00d4NG S\u1ed0 K\u1ef8 THU\u1eacT<\/a><\/li><li class='ez-toc-page-1 ez-toc-heading-level-2'><a class=\"ez-toc-link ez-toc-heading-6\" href=\"https:\/\/kawaled.com.vn\/en\/product\/den-pha-led-nang-luong-mat-troi-cao-cap-fsl1-60w\/#THONG_TIN_CAN_BIET\" title=\"TH\u00d4NG TIN C\u1ea6N BI\u1ebeT:\">TH\u00d4NG TIN C\u1ea6N BI\u1ebeT:<\/a><\/li><\/ul><\/nav><\/div>\n\n<\/li>\n<\/ol>\n<p><span style=\"color: #000000;\"><span style=\"font-size: 16px;\"><span style=\"font-family: times new roman,times,serif;\">\u0110\u00e8n led pha n\u0103ng l\u01b0\u1ee3ng m\u1eb7t tr\u1eddi l\u00e0 s\u1ea3n ph\u1ea9m ho\u00e0n to\u00e0n d\u00f9ng n\u0103ng l\u01b0\u1ee3ng m\u1eb7t tr\u1eddi, g\u1ed3m t\u1ea5m Pin N\u0103ng L\u01b0\u1ee3ng v\u00e0 Pin d\u1ef1 tr\u1eef t\u00edch \u0111i\u1ec7n s\u1ea1c ban ng\u00e0y \u0111\u1ec3 chi\u1ebfu s\u00e1ng v\u00e0o ban \u0111\u00eam.<\/span><\/span><\/span><\/p>\n<p><span style=\"color: #000000;\"><span style=\"font-size: 16px;\"><span style=\"font-family: times new roman,times,serif;\">T\u00edch h\u1ee3p th\u00eam t\u00ednh n\u0103ng t\u1ef1 \u0111\u1ed9ng b\u1eadt khi tr\u1eddi t\u1ed1i v\u00e0 t\u1ef1 t\u1eaft khi tr\u1eddi s\u00e1ng, c\u00f3 remote \u0111i\u1ec1u khi\u1ec3n t\u1eeb xa \u0111\u1ec3 ch\u1ecdn ch\u1ebf \u0111\u1ed9 t\u1ef1 \u0111\u1ed9ng t\u1eaft sau 3h, 5h, 8h \u0111\u1ec3 ti\u1ebft ki\u1ec7m Pin.<\/span><\/span><\/span><\/p>\n<p><span style=\"color: #000000;\"><span style=\"font-size: 16px;\"><span style=\"font-family: times new roman,times,serif;\">V\u1edbi c\u00f4ng ngh\u1ec7 ph\u1ee7 nano n\u00ean kh\u1ea3 n\u0103ng s\u1ea1c \u0111i\u1ec7n v\u1eabn l\u00e0m vi\u1ec7c trong \u0111i\u1ec1u ki\u1ec7n \u00e1nh s\u00e1ng y\u1ebfu, khi \u00e1nh s\u00e1ng tr\u1ef1c di\u1ec7n m\u1eb7t tr\u1eddi s\u1ebd h\u1ea5p thu t\u1ed1i \u0111a kh\u1ea3 n\u0103ng s\u1ea1c gi\u00fap Pin s\u1ea1c nhanh h\u01a1n.<\/span><\/span><\/span><\/p>\n<p><span style=\"color: #000000;\"><span style=\"font-size: 16px;\"><span style=\"font-family: times new roman,times,serif;\">Pin s\u1ea1c \u0111\u01b0\u1ee3c s\u1eed d\u1ee5ng c\u00f4ng ngh\u1ec7 Pin Lithium Iron Phosphate n\u00ean kh\u1ea3 n\u0103ng n\u1ea1p \u0111i\u1ec7n nhanh v\u00e0 c\u1ed1 \u0111\u1ed9 b\u1ec1n cao, ch\u1ed1ng chai Pin nh\u1edd h\u1ec7 th\u1ed1ng ngu\u1ed3n ngu\u1ed3n th\u00f4ng minh c\u1ee7a Kawasan.<\/span><\/span><\/span><\/p>\n<ol>\n<li value=\"2\">\n<h2><span class=\"ez-toc-section\" id=\"Ung_dung_va_loi_ich\"><\/span><span style=\"color: #000000;\"><span style=\"font-size: 16px;\"><span style=\"font-family: times new roman,times,serif;\"><strong>\u1ee8ng d\u1ee5ng v\u00e0 l\u1ee3i \u00edch:<\/strong><\/span><\/span><\/span><span class=\"ez-toc-section-end\"><\/span><\/h2>\n<\/li>\n<\/ol>\n<p><span style=\"color: #000000;\"><span style=\"font-size: 16px;\"><span style=\"font-family: times new roman,times,serif;\">S\u1ea3n ph\u1ea9m s\u1eed d\u1ee5ng cho m\u1ee5c \u0111\u00edch chi\u1ebfu s\u00e1ng \u0111\u00e8n \u0111\u01b0\u1eddng, h\u00e0nh lang, s\u00e2n v\u01b0\u1eddn, b\u00e3i g\u1eedi xe, chi\u1ebfu s\u00e1ng c\u00f4ng c\u1ed9ng\u2026<\/span><\/span><\/span><\/p>\n<p><span style=\"color: #000000;\"><span style=\"font-size: 16px;\"><span style=\"font-family: times new roman,times,serif;\">L\u1ee3i \u00edch ti\u1ebft ki\u1ec7m chi ph\u00ed \u0111i\u1ec7n n\u0103ng h\u00e0ng th\u00e1ng v\u00e0 chi ph\u00ed l\u1eafp \u0111\u1eb7t d\u00e2y \u0111i\u1ec7n v\u00e0 c\u00f4ng t\u00e1c \u0111i xa, t\u1ed1n k\u00e9m h\u01a1n nhi\u1ec1u so v\u1edbi chi ph\u00ed \u0111\u1ea7u t\u01b0 mua \u0110\u00e8n N\u0103ng L\u01b0\u1ee3ng.<\/span><\/span><\/span><\/p>\n<ol>\n<li value=\"3\">\n<h2><span class=\"ez-toc-section\" id=\"Uu_diem\"><\/span><span style=\"color: #000000;\"><span style=\"font-size: 16px;\"><span style=\"font-family: times new roman,times,serif;\"><strong>\u01afu \u0111i\u1ec3m:<\/strong><\/span><\/span><\/span><span class=\"ez-toc-section-end\"><\/span><\/h2>\n<\/li>\n<\/ol>\n<p><span style=\"color: #000000;\"><span style=\"font-size: 16px;\"><span style=\"font-family: times new roman,times,serif;\">Ti\u1ebft ki\u1ec7m \u0111i\u1ec7n v\u00e0 an to\u00e0n khi s\u1eed d\u1ee5ng, tr\u00e1nh ch\u00e1y n\u1ed5 do s\u1eed d\u1ee5ng l\u00e2u g\u00e2y n\u00f3ng v\u00e0 ch\u00e1y n\u1ed5.<\/span><\/span><\/span><\/p>\n<p><span style=\"color: #000000;\"><span style=\"font-size: 16px;\"><span style=\"font-family: times new roman,times,serif;\">Ti\u1ec7n l\u1ee3i l\u1eafp \u0111\u1eb7t nhi\u1ec1u n\u01a1i xa v\u1ecb tr\u00ed c\u1ea5p ngu\u1ed3n \u0111i\u1ec7n.<\/span><\/span><\/span><\/p>\n<p><span style=\"color: #000000;\"><span style=\"font-size: 16px;\"><span style=\"font-family: times new roman,times,serif;\">C\u00f3 remote c\u00f3 nhi\u1ec1u ch\u1ee9c n\u0103ng theo \u00fd mu\u1ed1n<\/span><\/span><\/span><\/p>\n<ul>\n<li><span style=\"color: #000000;\"><span style=\"font-size: 16px;\"><span style=\"font-family: times new roman,times,serif;\">\u00a0T\u1ea5m Pin ch\u1ea5t l\u01b0\u1ee3ng cao c\u00f3 \u0111\u1ed9 b\u1ec1n 10~15 n\u0103m<\/span><\/span><\/span><\/li>\n<li><span style=\"color: #000000;\"><span style=\"font-size: 16px;\"><span style=\"font-family: times new roman,times,serif;\">\u00a0LED pha d\u00f9ng ch\u00edp LED Epistar<\/span><\/span><\/span><\/li>\n<li><span style=\"color: #000000;\"><span style=\"font-size: 16px;\"><span style=\"font-family: times new roman,times,serif;\">\u00a0Pin d\u1ef1 ph\u00f2ng Lithium Iron Phophat c\u00f3 \u0111\u1ed9 b\u1ec1n tr\u00ean 5 n\u0103m<\/span><\/span><\/span><\/li>\n<li><span style=\"color: #000000;\"><span style=\"font-size: 16px;\"><span style=\"font-family: times new roman,times,serif;\">\u00a0Ch\u1ee9c n\u0103ng ngu\u1ed3n IC th\u00f4ng minh \u0111i\u1ec1u khi\u1ec3n s\u1ea1c Pin ch\u1ed1ng chai Pin.<\/span><\/span><\/span><\/li>\n<\/ul>\n<h2><span class=\"ez-toc-section\" id=\"_Gom_Remote_dieu_khien_cac_che_do\"><\/span><span style=\"color: #000000;\"><span style=\"font-size: 16px;\"><span style=\"font-family: times new roman,times,serif;\"><strong>\u00a0G\u1ed3m Remote \u0111i\u1ec1u khi\u1ec3n c\u00e1c ch\u1ebf \u0111\u1ed9:<\/strong><\/span><\/span><\/span><span class=\"ez-toc-section-end\"><\/span><\/h2>\n<ul>\n<li><span style=\"color: #000000;\"><span style=\"font-size: 16px;\"><span style=\"font-family: times new roman,times,serif;\">T\u1ef1 \u0111\u1ed9ng b\u1eadt khi t\u1ed1i v\u00e0 t\u1eaft khi s\u00e1ng<\/span><\/span><\/span><\/li>\n<li><span style=\"color: #000000;\"><span style=\"font-size: 16px;\"><span style=\"font-family: times new roman,times,serif;\">\u00a0H\u1eb9n gi\u1edd t\u1eaft s\u1edbm sau khi b\u1eadt 3h-5h-8h<\/span><\/span><\/span><\/li>\n<li><span style=\"color: #000000;\"><span style=\"font-size: 16px;\"><span style=\"font-family: times new roman,times,serif;\">\u00a0Ch\u1ee7 \u0111\u1ed9ng t\u1eaft\/ m\u1edf b\u1eb1ng remote gi\u00fap ti\u1ebft ki\u1ec7m Pin v\u00e0 t\u0103ng tu\u1ed5i th\u1ecd Pin<\/span><\/span><\/span><\/li>\n<\/ul>\n<p style=\"text-align: center; margin-left: 80px;\"><span style=\"color: #000000;\"><span style=\"font-size: 16px;\"><span style=\"font-family: times new roman,times,serif;\"><img decoding=\"async\" class=\"size-full wp-image-21057\" style=\"width: 700px; height: 426px;\" src=\"https:\/\/kawaled.com.vn\/wp-content\/uploads\/2019\/08\/fls1.jpg\" alt=\"\" width=\"2450\" height=\"1492\" srcset=\"https:\/\/kawaled.com.vn\/wp-content\/uploads\/2019\/08\/fls1.jpg 2450w, https:\/\/kawaled.com.vn\/wp-content\/uploads\/2019\/08\/fls1-1000x609.jpg 1000w, https:\/\/kawaled.com.vn\/wp-content\/uploads\/2019\/08\/fls1-1024x624.jpg 1024w, https:\/\/kawaled.com.vn\/wp-content\/uploads\/2019\/08\/fls1-768x468.jpg 768w, https:\/\/kawaled.com.vn\/wp-content\/uploads\/2019\/08\/fls1-1536x935.jpg 1536w, https:\/\/kawaled.com.vn\/wp-content\/uploads\/2019\/08\/fls1-2048x1247.jpg 2048w, https:\/\/kawaled.com.vn\/wp-content\/uploads\/2019\/08\/fls1-640x390.jpg 640w, https:\/\/kawaled.com.vn\/wp-content\/uploads\/2019\/08\/fls1-400x244.jpg 400w\" sizes=\"(max-width: 2450px) 100vw, 2450px\" \/><\/span><\/span><\/span><\/p>\n<h2 style=\"margin-left: 40px;\"><span class=\"ez-toc-section\" id=\"THONG_SO_KY_THUAT\"><\/span><span style=\"color: #000000;\"><span style=\"font-size: 16px;\"><span style=\"font-family: times new roman,times,serif;\"><strong>TH\u00d4NG S\u1ed0 K\u1ef8 THU\u1eacT<\/strong><\/span><\/span><\/span><span class=\"ez-toc-section-end\"><\/span><\/h2>\n<ul>\n<li style=\"margin-left: 40px;\"><span style=\"color: #000000;\"><span style=\"font-size: 16px;\"><span style=\"font-family: times new roman,times,serif;\">C\u00f4ng Su\u1ea5t : 60W<\/span><\/span><\/span><\/li>\n<li style=\"margin-left: 40px;\"><span style=\"color: #000000;\"><span style=\"font-size: 16px;\"><span style=\"font-family: times new roman,times,serif;\">Lumen (lm): 20.000 mA<\/span><\/span><\/span><\/li>\n<li style=\"margin-left: 40px;\"><span style=\"color: #000000;\"><span style=\"font-size: 16px;\"><span style=\"font-family: times new roman,times,serif;\">Ampe: 1400lm<\/span><\/span><\/span><\/li>\n<li style=\"margin-left: 40px;\"><span style=\"color: #000000;\"><span style=\"font-size: 16px;\"><span style=\"font-family: times new roman,times,serif;\">Th\u1edbi gian ho\u1ea1t \u0111\u1ed9ng khi \u0111\u1ea7y Pin : 10~12 Gi\u1edd.<\/span><\/span><\/span><\/li>\n<li style=\"margin-left: 40px;\"><span style=\"color: #000000;\"><span style=\"font-size: 16px;\"><span style=\"font-family: times new roman,times,serif;\">Th\u1eddi gian s\u1ea1c \u0111\u1ea7y Pin khi \u0111\u1ee7 n\u1eafng : 6~8 Gi\u1edd<\/span><\/span><\/span><\/li>\n<li style=\"margin-left: 40px;\"><span style=\"color: #000000;\"><span style=\"font-size: 16px;\"><span style=\"font-family: times new roman,times,serif;\">K\u00edch th\u01b0\u1edbc Pin (mm) : 440*336*61mm<\/span><\/span><\/span><\/li>\n<li style=\"margin-left: 40px;\"><span style=\"color: #000000;\"><span style=\"font-size: 16px;\"><span style=\"font-family: times new roman,times,serif;\">K\u00edch th\u01b0\u1edbc \u0111\u00e8n (mm): 228*315*46mm<\/span><\/span><\/span><\/li>\n<li style=\"margin-left: 40px;\"><span style=\"color: #000000;\"><span style=\"font-size: 16px;\"><span style=\"font-family: times new roman,times,serif;\">Quy c\u00e1ch \u0111\u00f3ng g\u00f3i: 5\/th\u00f9ng<\/span><\/span><\/span><\/li>\n<\/ul>\n<h2><span class=\"ez-toc-section\" id=\"THONG_TIN_CAN_BIET\"><\/span><span style=\"color: #000000; font-family: times new roman, times, serif;\"><span style=\"font-size: 18px;\"><b>TH\u00d4NG TIN C\u1ea6N BI\u1ebeT:<\/b><\/span><\/span><span class=\"ez-toc-section-end\"><\/span><\/h2>\n<aside id=\"column-left\">\n<ul>\n<li><strong><span style=\"font-size: 16px;\"><a href=\"https:\/\/kawaled.com.vn\/N%E1%BA%AENG%20N%C3%93NG%20%E2%80%93%20NHI%E1%BB%86T%20%C4%90%E1%BB%98%20CAO%20L%C3%80M%20TI%C3%8AU%20T%E1%BB%90N%20NHI%E1%BB%80U%20TI%E1%BB%80N\"><span style=\"color: #0000cd;\">Gi\u1ea3i ph\u00e1p chi\u1ebfu s\u00e1ng ti\u1ebft ki\u1ec7m trong nh\u1eefng ng\u00e0y n\u1eafng n\u00f3ng<\/span><\/a><\/span><\/strong><\/li>\n<\/ul>\n<\/aside>\n<p style=\"text-align: center;\"><span style=\"font-family: times new roman,times,serif;\"><span style=\"font-size: 16px;\"><span style=\"color: #000000;\"><b>C\u1ea3m \u01a1n qu\u00fd kh\u00e1ch \u0111\u00e3 tin d\u00f9ng s\u1ea3n ph\u1ea9m Kawaled!<\/b><\/span><\/span><\/span><\/p>\n<p style=\"text-align: center;\"><span style=\"font-family: times new roman,times,serif;\"><span style=\"font-size: 16px;\"><span style=\"color: #000000;\"><b>Toll-Free Consulting Hotline:<\/b><b>\u00a0<\/b><\/span><span style=\"color: #ff0000;\"><b>1800 0058<\/b><\/span><span style=\"color: #000000;\"><b>\u00a0Or Call Directly:\u00a0<\/b><\/span><span style=\"color: #ff0000;\"><b>0911 761010<\/b><\/span><\/span><\/span><\/p>\n<p align=\"center\"><span style=\"font-family: times new roman,times,serif;\"><span style=\"font-size: 16px;\"><span style=\"color: #000000;\"><strong>Website:\u00a0<\/strong><\/span><a href=\"https:\/\/kawasan.vn\/\" target=\"_blank\" rel=\"noopener\"><span style=\"color: #0000cd;\"><strong>www.kawasan.vn<\/strong><\/span><\/a><\/span><\/span><\/p>\n<p align=\"center\"><span style=\"font-family: times new roman,times,serif;\"><span style=\"font-size: 16px;\"><span style=\"color: #000000;\"><strong>Website:\u00a0<\/strong><\/span><a href=\"https:\/\/kawaled.com.vn\/\"><span style=\"color: #0000cd;\"><strong>www.kawaled.com.vn<\/strong><\/span><\/a><\/span><\/span><\/p>\n<p style=\"text-align: center;\">","protected":false},"excerpt":{"rendered":"<p>Gi\u1edbi thi\u1ec7u: \u0110\u00e8n led pha n\u0103ng l\u01b0\u1ee3ng m\u1eb7t tr\u1eddi l\u00e0 s\u1ea3n ph\u1ea9m ho\u00e0n to\u00e0n d\u00f9ng n\u0103ng l\u01b0\u1ee3ng m\u1eb7t tr\u1eddi, g\u1ed3m t\u1ea5m Pin N\u0103ng L\u01b0\u1ee3ng v\u00e0 Pin d\u1ef1 tr\u1eef t\u00edch \u0111i\u1ec7n s\u1ea1c ban ng\u00e0y \u0111\u1ec3 chi\u1ebfu s\u00e1ng v\u00e0o ban \u0111\u00eam. T\u00edch h\u1ee3p th\u00eam t\u00ednh n\u0103ng t\u1ef1 \u0111\u1ed9ng b\u1eadt khi tr\u1eddi t\u1ed1i v\u00e0 t\u1ef1 t\u1eaft khi tr\u1eddi [&hellip;]<\/p>","protected":false},"featured_media":21057,"comment_status":"open","ping_status":"closed","template":"","meta":{"rank_math_description":"\u0110\u00e8n pha led n\u0103ng l\u01b0\u1ee3ng m\u1eb7t tr\u1eddi FSL1-60W. C\u00f3 remote \u0111i\u1ec1u khi\u1ec3n t\u1eeb xa \u0111\u1ec3 ch\u1ecdn ch\u1ebf \u0111\u1ed9 t\u1ef1 \u0111\u1ed9ng t\u1eaft sau 3h, 5h, 8h \u0111\u1ec3 ti\u1ebft ki\u1ec7m Pin. \u00a0T\u1ea5m Pin c\u00f3 \u0111\u1ed9 b\u1ec1n 10~15 n\u0103m","rank_math_focus_keyword":"\u0110\u00c8N PHA LED N\u0102NG L\u01af\u1ee2NG FSL1-60W","rank_math_secondary_keywords":""},"product_cat":[1775,3791],"product_tag":[1824,1423,2731,1422,2790,3067,2730,2732,2733,1801,2728,3066,3069,1944,2734],"class_list":["post-21060","product","type-product","status-publish","has-post-thumbnail","hentry","product_cat-den-nang-luong-mat-troi","product_cat-den-nang-luong-mat-troi-2","product_tag-den-duong-nang-luong-mat-troi","product_tag-den-led-nang-luong-mat-troi","product_tag-den-nang-luong","product_tag-den-nang-luong-mat-troi","product_tag-den-nang-luong-mat-troi-60w","product_tag-den-nang-luong-mat-troi-60w-ip67","product_tag-den-nang-luong-mat-troi-san-vuon","product_tag-den-nang-luong-mat-troi-san-vuon-chong-nuoc","product_tag-den-nang-luong-ngoai-troi","product_tag-fsl1-60w","product_tag-gia-den-nang-luong-mat-troi","product_tag-gia-den-nang-luong-mat-troi-60w","product_tag-gia-den-nang-luong-mat-troi-solar-light-60w","product_tag-kawaled","product_tag-solar-light"],"acf":[],"_links":{"self":[{"href":"https:\/\/kawaled.com.vn\/en\/wp-json\/wp\/v2\/product\/21060","targetHints":{"allow":["GET"]}}],"collection":[{"href":"https:\/\/kawaled.com.vn\/en\/wp-json\/wp\/v2\/product"}],"about":[{"href":"https:\/\/kawaled.com.vn\/en\/wp-json\/wp\/v2\/types\/product"}],"replies":[{"embeddable":true,"href":"https:\/\/kawaled.com.vn\/en\/wp-json\/wp\/v2\/comments?post=21060"}],"version-history":[{"count":0,"href":"https:\/\/kawaled.com.vn\/en\/wp-json\/wp\/v2\/product\/21060\/revisions"}],"wp:featuredmedia":[{"embeddable":true,"href":"https:\/\/kawaled.com.vn\/en\/wp-json\/wp\/v2\/media\/21057"}],"wp:attachment":[{"href":"https:\/\/kawaled.com.vn\/en\/wp-json\/wp\/v2\/media?parent=21060"}],"wp:term":[{"taxonomy":"product_cat","embeddable":true,"href":"https:\/\/kawaled.com.vn\/en\/wp-json\/wp\/v2\/product_cat?post=21060"},{"taxonomy":"product_tag","embeddable":true,"href":"https:\/\/kawaled.com.vn\/en\/wp-json\/wp\/v2\/product_tag?post=21060"}],"curies":[{"name":"wp","href":"https:\/\/api.w.org\/{rel}","templated":true}]}}