{"id":21031,"date":"2019-06-07T09:22:18","date_gmt":"2019-06-07T02:22:18","guid":{"rendered":"https:\/\/kawaled.123websitedev.com\/san-pham\/den-led-am-tran-downlight-dl3m90-7w\/"},"modified":"2026-02-02T11:59:28","modified_gmt":"2026-02-02T04:59:28","slug":"den-led-am-tran-downlight-dl3m90-7w","status":"publish","type":"product","link":"https:\/\/kawaled.com.vn\/en\/product\/den-led-am-tran-downlight-dl3m90-7w\/","title":{"rendered":"\u0110\u00c8N LED \u00c2M TR\u1ea6N 3 M\u00c0U DL3M90-7W"},"content":{"rendered":"<h2><span class=\"ez-toc-section\" id=\"DEN_LED_AM_TRAN_3_MAU_DL3M90-7W\"><\/span>\u0110\u00c8N LED \u00c2M TR\u1ea6N 3 M\u00c0U DL3M90-7W<span class=\"ez-toc-section-end\"><\/span><\/h2><div id=\"ez-toc-container\" class=\"ez-toc-v2_0_69_1 counter-hierarchy ez-toc-counter ez-toc-grey ez-toc-container-direction\">\n<div class=\"ez-toc-title-container\">\n<p class=\"ez-toc-title\" >N\u1ed9i Dung B&agrave;i Vi\u1ebft<\/p>\n<span class=\"ez-toc-title-toggle\"><a href=\"#\" class=\"ez-toc-pull-right ez-toc-btn ez-toc-btn-xs ez-toc-btn-default ez-toc-toggle\" aria-label=\"Toggle Table of Content\"><span class=\"ez-toc-js-icon-con\"><span class=\"\"><span class=\"eztoc-hide\" style=\"display:none;\">Toggle<\/span><span class=\"ez-toc-icon-toggle-span\"><svg style=\"fill: #999;color:#999\" xmlns=\"http:\/\/www.w3.org\/2000\/svg\" class=\"list-377408\" width=\"20px\" height=\"20px\" viewbox=\"0 0 24 24\" fill=\"none\"><path d=\"M6 6H4v2h2V6zm14 0H8v2h12V6zM4 11h2v2H4v-2zm16 0H8v2h12v-2zM4 16h2v2H4v-2zm16 0H8v2h12v-2z\" fill=\"currentColor\"><\/path><\/svg><svg style=\"fill: #999;color:#999\" class=\"arrow-unsorted-368013\" xmlns=\"http:\/\/www.w3.org\/2000\/svg\" width=\"10px\" height=\"10px\" viewbox=\"0 0 24 24\" version=\"1.2\" baseprofile=\"tiny\"><path d=\"M18.2 9.3l-6.2-6.3-6.2 6.3c-.2.2-.3.4-.3.7s.1.5.3.7c.2.2.4.3.7.3h11c.3 0 .5-.1.7-.3.2-.2.3-.5.3-.7s-.1-.5-.3-.7zM5.8 14.7l6.2 6.3 6.2-6.3c.2-.2.3-.5.3-.7s-.1-.5-.3-.7c-.2-.2-.4-.3-.7-.3h-11c-.3 0-.5.1-.7.3-.2.2-.3.5-.3.7s.1.5.3.7z\"\/><\/svg><\/span><\/span><\/span><\/a><\/span><\/div>\n<nav><ul class='ez-toc-list ez-toc-list-level-1 eztoc-toggle-hide-by-default' ><li class='ez-toc-page-1 ez-toc-heading-level-2'><a class=\"ez-toc-link ez-toc-heading-1\" href=\"https:\/\/kawaled.com.vn\/en\/product\/den-led-am-tran-downlight-dl3m90-7w\/#DEN_LED_AM_TRAN_3_MAU_DL3M90-7W\" title=\"\u0110\u00c8N LED \u00c2M TR\u1ea6N 3 M\u00c0U DL3M90-7W\">\u0110\u00c8N LED \u00c2M TR\u1ea6N 3 M\u00c0U DL3M90-7W<\/a><\/li><li class='ez-toc-page-1 ez-toc-heading-level-2'><a class=\"ez-toc-link ez-toc-heading-2\" href=\"https:\/\/kawaled.com.vn\/en\/product\/den-led-am-tran-downlight-dl3m90-7w\/#DEN_LED_AM_TRAN_DL3M_THUONG_UNG_DUNG_O_DAU\" title=\"\u0110\u00c8N LED \u00c2M TR\u1ea6N DL3M TH\u01af\u1edcNG \u1ee8NG D\u1ee4NG \u1ede \u0110\u00c2U?\">\u0110\u00c8N LED \u00c2M TR\u1ea6N DL3M TH\u01af\u1edcNG \u1ee8NG D\u1ee4NG \u1ede \u0110\u00c2U?<\/a><\/li><li class='ez-toc-page-1 ez-toc-heading-level-2'><a class=\"ez-toc-link ez-toc-heading-3\" href=\"https:\/\/kawaled.com.vn\/en\/product\/den-led-am-tran-downlight-dl3m90-7w\/#THONG_SO_KY_THUAT\" title=\"TH\u00d4NG S\u1ed0 K\u1ef8 THU\u1eacT\">TH\u00d4NG S\u1ed0 K\u1ef8 THU\u1eacT<\/a><\/li><li class='ez-toc-page-1 ez-toc-heading-level-2'><a class=\"ez-toc-link ez-toc-heading-4\" href=\"https:\/\/kawaled.com.vn\/en\/product\/den-led-am-tran-downlight-dl3m90-7w\/#DIA_CHI_CUNG_CAP_DEN_LED_DOWNLIGT_THACH_CAO_CHINH_HANG_UY_TIN_NHAT_HIEN_NAY\" title=\"\u0110\u1ecaA\u00a0CH\u1ec8 CUNG C\u1ea4P \u0110\u00c8N LED DOWNLIGT\u00a0TH\u1ea0CH CAO CH\u00cdNH H\u00c3NG UY T\u00cdN NH\u1ea4T HI\u1ec6N NAY\">\u0110\u1ecaA\u00a0CH\u1ec8 CUNG C\u1ea4P \u0110\u00c8N LED DOWNLIGT\u00a0TH\u1ea0CH CAO CH\u00cdNH H\u00c3NG UY T\u00cdN NH\u1ea4T HI\u1ec6N NAY<\/a><\/li><\/ul><\/nav><\/div>\n\n<p><span style=\"color: #000000;\"><span style=\"font-family: times new roman,times,serif;\"><span style=\"font-size: 16px;\">\u0110\u00e8n led \u00e2m tr\u1ea7n 3 m\u00e0u DL3M90-7W, \u0111ang l\u00e0 xu h\u01b0\u1edbng chi\u1ebfu s\u00e1ng c\u1ee7a nhi\u1ec1u ng\u01b0\u1eddi d\u00f9ng hi\u1ec7n nay. Thay v\u00ec d\u00f9ng \u0111\u00e8n Downligt 1 m\u00e0u \u00e1nh s\u00e1ng \u0111\u01a1n \u0111i\u1ec7u, nh\u01b0 tr\u01b0\u1edbc \u0111\u00e2y. B\u1ea1n mu\u1ed1n \u0111\u00e8n thay \u0111\u1ed5i m\u00e0u \u00e1nh s\u00e1ng, \u0111\u1ec3 t\u1ea1o s\u1ef1 t\u01b0\u01a1i m\u1edbi cho kh\u00f4ng gian. Gi\u1edd \u0111\u00e2y th\u1eadt \u0111\u01a1n gi\u1ea3n, kh\u00f4ng c\u1ea7n ph\u1ea3i mua \u0111\u00e8n kh\u00e1c thay th\u1ebf. V\u00ec \u0111\u00e3 c\u00f3, \u0111\u00e8n \u00e2m tr\u1ea7n 3 ch\u1ebf \u0111\u1ed9 m\u00e0u Kawaled, t\u1ef1 thay \u0111\u1ed5i \u00e1nh s\u00e1ng: tr\u1eafng \u2013 v\u00e0ng \u2013 trung t\u00ednh sau m\u1ed7i l\u1ea7n b\u1eadt\/t\u1eaft c\u00f4ng t\u1eafc.<\/span><\/span><\/span><\/p>\n<p><span style=\"color: #000000;\"><span style=\"font-family: times new roman,times,serif;\"><span style=\"font-size: 16px;\">\u00a0Thi\u1ebft k\u1ebf nh\u1ecf g\u1ecdn, \u0111\u1eb9p m\u1eaft gi\u00fap \u0111\u1ea3m b\u1ea3o t\u00ednh th\u1ea9m m\u1ef9 cao. \u0110\u1ed3ng th\u1eddi, v\u1edbi s\u1ef1 linh ho\u1ea1t thay \u0111\u1ed5i m\u00e0u \u00e1nh s\u00e1ng c\u00f3 th\u1ec3 \u00e1p d\u1ee5ng cho nhi\u1ec1u kh\u00f4ng gian nh\u01b0: ph\u00f2ng ng\u1ee7, ph\u00f2ng kh\u00e1ch, ph\u00f2ng b\u1ebfp, ph\u00f2ng \u0111\u1ecdc s\u00e1ch, nh\u00e0 v\u1ec7 sinh\u2026<\/span><\/span><\/span><\/p>\n<p style=\"text-align: center;\"><span style=\"color: #000000;\"><span style=\"font-family: times new roman,times,serif;\"><span style=\"font-size: 16px;\"><img decoding=\"async\" class=\"size-full wp-image-20985\" style=\"height: 490px; width: 600px;\" src=\"https:\/\/kawaled.com.vn\/wp-content\/uploads\/2018\/11\/den-led-am-tran-3-che-do-mau-dl3m.png\" alt=\"\u0110\u00e8n Led \u00e2m tr\u1ea7n 3 ch\u1ebf \u0111\u1ed9 m\u00e0u\" width=\"1199\" height=\"979\" srcset=\"https:\/\/kawaled.com.vn\/wp-content\/uploads\/2018\/11\/den-led-am-tran-3-che-do-mau-dl3m.png 1199w, https:\/\/kawaled.com.vn\/wp-content\/uploads\/2018\/11\/den-led-am-tran-3-che-do-mau-dl3m-1000x817.png 1000w, https:\/\/kawaled.com.vn\/wp-content\/uploads\/2018\/11\/den-led-am-tran-3-che-do-mau-dl3m-1024x836.png 1024w, https:\/\/kawaled.com.vn\/wp-content\/uploads\/2018\/11\/den-led-am-tran-3-che-do-mau-dl3m-768x627.png 768w, https:\/\/kawaled.com.vn\/wp-content\/uploads\/2018\/11\/den-led-am-tran-3-che-do-mau-dl3m-640x523.png 640w, https:\/\/kawaled.com.vn\/wp-content\/uploads\/2018\/11\/den-led-am-tran-3-che-do-mau-dl3m-400x327.png 400w\" sizes=\"(max-width: 1199px) 100vw, 1199px\" \/><\/span><\/span><\/span><\/p>\n<p><span style=\"color: #000000;\"><span style=\"font-family: times new roman,times,serif;\"><span style=\"font-size: 16px;\"><strong>\u01afU \u0110I\u1ec2M N\u1ed4I B\u1eacT \u0110\u00c8N \u00c2M TR\u1ea6N 3 M\u00c0U\u00a0<\/strong><\/span><\/span><\/span><\/p>\n<p><span style=\"color: #000000;\"><span style=\"font-family: times new roman,times,serif;\"><span style=\"font-size: 16px;\">\u0110i\u1ec3m n\u1ed5i b\u1eadt\u00a0c\u1ee7a c\u00e1c d\u00f2ng \u0111\u00e8n led \u00e2m tr\u1ea7n\u00a0\u0111\u1ed5i m\u00e0u, so v\u1edbi \u0111\u00e8n th\u00f4ng th\u01b0\u1eddng ch\u00ednh l\u00e0 s\u1ef1 linh ho\u1ea1t trong thi\u1ebft k\u1ebf m\u00e0u \u00e1nh s\u00e1ng. V\u00ec v\u1eady,\u00a0b\u1ea1n c\u00f3 th\u1ec3 l\u1eafp \u0111\u1eb7t\u00a0\u1edf b\u1ea5t c\u1ee9 kh\u00f4ng gian n\u00e0o tu\u1ef3 th\u00edch. D\u00f9 l\u00e0 b\u1ea1n ch\u1ecdn \u00e1nh s\u00e1ng tr\u1eafng, v\u00e0ng hay trung t\u00ednh th\u00ec ch\u1ea5t l\u01b0\u1ee3ng v\u1eabn \u1ed5n \u0111\u1ecbnh. \u00c1nh s\u00e1ng\u00a0r\u1ea5t\u00a0ch\u00e2n th\u1ef1c, kh\u00f4ng nh\u1ea5p nh\u00e1y, kh\u00f4ng ch\u1ee9a tia UV n\u00ean r\u1ea5t an to\u00e0n\u00a0cho m\u1eaft c\u1ee7a ng\u01b0\u1eddi s\u1eed d\u1ee5ng.<\/span><\/span><\/span><\/p>\n<p><span style=\"color: #000000;\"><span style=\"font-family: times new roman,times,serif;\"><span style=\"font-size: 16px;\">Ngo\u00e0i ra, \u0111\u00e8n Led Downligt\u00a0c\u00f2n nhi\u1ec1u\u00a0\u01b0u \u0111i\u1ec3m kh\u00e1c nh\u01b0:<\/span><\/span><\/span><\/p>\n<ul>\n<li><span style=\"color: #000000;\"><span style=\"font-family: times new roman,times,serif;\"><span style=\"font-size: 16px;\">Ti\u1ebft ki\u1ec7m \u0111i\u1ec7n n\u0103ng ti\u00eau th\u1ee5 t\u1edbi 85% so v\u1edbi \u0111\u00e8n truy\u1ec1n th\u1ed1ng.<\/span><\/span><\/span><\/li>\n<li><span style=\"color: #000000;\"><span style=\"font-family: times new roman,times,serif;\"><span style=\"font-size: 16px;\">Tu\u1ed5i th\u1ecd cao tr\u00ean 5\u00a0n\u0103m t\u01b0\u01a1ng \u0111\u01b0\u01a1ng 25.000 gi\u1edd chi\u1ebfu s\u00e1ng.<\/span><\/span><\/span><\/li>\n<li><span style=\"color: #000000;\"><span style=\"font-family: times new roman,times,serif;\"><span style=\"font-size: 16px;\">Ch\u1ec9 s\u1ed1 ho\u00e0n m\u00e0u CRI cao =85,\u00a0\u00e1nh s\u00e1ng trung th\u1ef1c v\u00e0 t\u1ef1 nhi\u00ean.<\/span><\/span><\/span><\/li>\n<li><span style=\"color: #000000;\"><span style=\"font-family: times new roman,times,serif;\"><span style=\"font-size: 16px;\">\u00c1nh s\u00e1ng chu\u1ea9n, kh\u00f4ng g\u00e2y m\u1ecfi m\u1eaft v\u00e0\u00a0nh\u1ee9c \u0111\u1ea7u cho ng\u01b0\u1eddi d\u00f9ng.<\/span><\/span><\/span><\/li>\n<li><span style=\"color: #000000;\"><span style=\"font-family: times new roman,times,serif;\"><span style=\"font-size: 16px;\">An to\u00e0n s\u1ee9c kh\u1ecfe v\u00ec kh\u00f4ng ch\u1ee9a c\u00e1c ch\u1ea5t \u0111\u1ed9c h\u1ea1i nh\u01b0 ch\u00ec, th\u1ee7y ng\u00e2n.<\/span><\/span><\/span><\/li>\n<li><span style=\"color: #000000;\"><span style=\"font-family: times new roman,times,serif;\"><span style=\"font-size: 16px;\">Th\u00e2n thi\u1ec7n m\u00f4i tr\u01b0\u1eddng v\u00ec c\u00f3 th\u1ec3 t\u00e1i ch\u1ebf, kh\u00f4ng th\u1ea3i kh\u00ed Co2.<\/span><\/span><\/span><\/li>\n<li><span style=\"color: #000000;\"><span style=\"font-family: times new roman,times,serif;\"><span style=\"font-size: 16px;\">Kh\u00f4ng ph\u00e1t tia b\u1ee9c x\u1ea1, n\u00ean kh\u00f4ng g\u00e2y h\u1ea1i cho da.<\/span><\/span><\/span><\/li>\n<\/ul>\n<p style=\"text-align: center;\"><span style=\"color: #000000;\"><span style=\"font-family: times new roman,times,serif;\"><span style=\"font-size: 16px;\"><img decoding=\"async\" class=\"size-full wp-image-20986\" style=\"height: 854px; width: 600px;\" src=\"https:\/\/kawaled.com.vn\/wp-content\/uploads\/2018\/11\/den-led-am-tran-3-che-do-mau.png\" alt=\"\u0110\u00e8n \u00e2m tr\u1ea7n c\u00f3 th\u1ec3 thay \u0111\u1ed5i m\u00e0u \u00e1nh s\u00e1ng sau m\u1ed7i l\u1ea7n b\u1eadt - t\u1eaft\" width=\"600\" height=\"854\" srcset=\"https:\/\/kawaled.com.vn\/wp-content\/uploads\/2018\/11\/den-led-am-tran-3-che-do-mau.png 600w, https:\/\/kawaled.com.vn\/wp-content\/uploads\/2018\/11\/den-led-am-tran-3-che-do-mau-400x569.png 400w\" sizes=\"(max-width: 600px) 100vw, 600px\" \/><\/span><\/span><\/span><\/p>\n<h2><span class=\"ez-toc-section\" id=\"DEN_LED_AM_TRAN_DL3M_THUONG_UNG_DUNG_O_DAU\"><\/span><span style=\"color: #000000;\"><span style=\"font-family: times new roman,times,serif;\"><span style=\"font-size: 16px;\"><strong>\u0110\u00c8N LED \u00c2M TR\u1ea6N DL3M TH\u01af\u1edcNG \u1ee8NG D\u1ee4NG \u1ede \u0110\u00c2U?<\/strong><\/span><\/span><\/span><span class=\"ez-toc-section-end\"><\/span><\/h2>\n<p><span style=\"color: #000000;\"><span style=\"font-family: times new roman,times,serif;\"><span style=\"font-size: 16px;\">\u0110\u00e8n \u00e2m tr\u1ea7n\u00a0\u0111\u1ed5i m\u00e0u\u00a0c\u00f3 th\u1ec3 s\u1eed d\u1ee5ng \u1edf nhi\u1ec1u kh\u00f4ng gian v\u1edbi c\u00e1c lo\u1ea1i tr\u1ea7n kh\u00e1c nhau nh\u01b0: tr\u1ea7n th\u1ea1ch cao, tr\u1ea7n g\u1ed7\u00a0\u2026<\/span><\/span><\/span><\/p>\n<ul>\n<li><span style=\"color: #000000;\"><span style=\"font-family: times new roman,times,serif;\"><span style=\"font-size: 16px;\">T\u1ea1i v\u0103n ph\u00f2ng,\u00a0trung t\u00e2m th\u01b0\u01a1ng m\u1ea1i, c\u1eeda h\u00e0ng th\u1eddi trang,\u00a0nh\u00e0 h\u00e0ng, qu\u00e1n bar hay c\u00e1c khu vui ch\u01a1i gi\u1ea3i tr\u00ed.<\/span><\/span><\/span><\/li>\n<li><span style=\"color: #000000;\"><span style=\"font-family: times new roman,times,serif;\"><span style=\"font-size: 16px;\">Kh\u00f4ng gian nh\u00e0 \u1edf nh\u01b0: ph\u00f2ng ng\u1ee7, ph\u00f2ng kh\u00e1ch, nh\u00e0 v\u1ec7 sinh\u2026<\/span><\/span><\/span><\/li>\n<\/ul>\n<p style=\"text-align: center;\"><span style=\"color: #000000;\"><span style=\"font-family: times new roman,times,serif;\"><span style=\"font-size: 16px;\"><img decoding=\"async\" class=\"size-full wp-image-20987\" style=\"height: 720px; width: 600px;\" src=\"https:\/\/kawaled.com.vn\/wp-content\/uploads\/2018\/11\/ung-dung-den-led-am-tran-3-che-do-mau.png\" alt=\"\u1ee8ng d\u00f9ng \u0111\u00e8n downlight \u0111\u01b0\u1ee3c l\u1eafp \u0111\u1eb7t \u1edf nhi\u1ec1u v\u1ecb tr\u00ed kh\u00e1c nhau\" width=\"781\" height=\"937\" srcset=\"https:\/\/kawaled.com.vn\/wp-content\/uploads\/2018\/11\/ung-dung-den-led-am-tran-3-che-do-mau.png 781w, https:\/\/kawaled.com.vn\/wp-content\/uploads\/2018\/11\/ung-dung-den-led-am-tran-3-che-do-mau-768x921.png 768w, https:\/\/kawaled.com.vn\/wp-content\/uploads\/2018\/11\/ung-dung-den-led-am-tran-3-che-do-mau-640x768.png 640w, https:\/\/kawaled.com.vn\/wp-content\/uploads\/2018\/11\/ung-dung-den-led-am-tran-3-che-do-mau-400x480.png 400w\" sizes=\"(max-width: 781px) 100vw, 781px\" \/><\/span><\/span><\/span><\/p>\n<h2><span class=\"ez-toc-section\" id=\"THONG_SO_KY_THUAT\"><\/span><span style=\"color: #000000;\"><span style=\"font-family: times new roman,times,serif;\"><span style=\"font-size: 16px;\"><strong>TH\u00d4NG S\u1ed0 K\u1ef8 THU\u1eacT<\/strong><\/span><\/span><\/span><span class=\"ez-toc-section-end\"><\/span><\/h2>\n<ul>\n<li><span style=\"color: #000000;\"><span style=\"font-family: times new roman,times,serif;\"><span style=\"font-size: 16px;\">\u0110i\u1ec7n \u00e1p ho\u1ea1t \u0111\u1ed9ng: 165-240V<\/span><\/span><\/span><\/li>\n<li><span style=\"color: #000000;\"><span style=\"font-family: times new roman,times,serif;\"><span style=\"font-size: 16px;\">D\u00f2ng \u0111i\u1ec7n: 0,5A<\/span><\/span><\/span><\/li>\n<li><span style=\"color: #000000;\"><span style=\"font-family: times new roman,times,serif;\"><span style=\"font-size: 16px;\">H\u1ec7 s\u1ed1 c\u00f4ng su\u1ea5t: 0.65<\/span><\/span><\/span><\/li>\n<li><span style=\"color: #000000;\"><span style=\"font-family: times new roman,times,serif;\"><span style=\"font-size: 16px;\">Nhi\u1ec7t \u0111\u1ed9 ho\u1ea1t \u0111\u1ed9ng: (-10:40)<\/span><\/span><\/span><\/li>\n<li><span style=\"color: #000000;\"><span style=\"font-family: times new roman,times,serif;\"><span style=\"font-size: 16px;\">C\u00f4ng su\u1ea5t: 7w<\/span><\/span><\/span><\/li>\n<li><span style=\"color: #000000;\"><span style=\"font-family: times new roman,times,serif;\"><span style=\"font-size: 16px;\">K\u00edch th\u01b0\u1edbc l\u1ed7 kho\u00e9t: 70mm<\/span><\/span><\/span><\/li>\n<li><span style=\"color: #000000;\"><span style=\"font-family: times new roman,times,serif;\"><span style=\"font-size: 16px;\">Tu\u1ed5i th\u1ecd: 25.000h<\/span><\/span><\/span><\/li>\n<\/ul>\n<p style=\"text-align: center;\"><span style=\"color: #000000;\"><span style=\"font-family: times new roman,times,serif;\"><span style=\"font-size: 16px;\"><img decoding=\"async\" class=\"size-full wp-image-21030\" src=\"https:\/\/kawaled.com.vn\/wp-content\/uploads\/2019\/06\/den-led-am-tran-3-che-do-mau-dl3m90-7m1.png\" alt=\"Th\u00f4ng s\u1ed1 k\u1ef9 thu\u1eadt\" width=\"600\" height=\"574\" \/><\/span><\/span><\/span><\/p>\n<h2><span class=\"ez-toc-section\" id=\"DIA_CHI_CUNG_CAP_DEN_LED_DOWNLIGT_THACH_CAO_CHINH_HANG_UY_TIN_NHAT_HIEN_NAY\"><\/span><span style=\"color: #000000;\"><span style=\"font-family: times new roman,times,serif;\"><span style=\"font-size: 16px;\"><strong>\u0110\u1ecaA\u00a0CH\u1ec8 CUNG C\u1ea4P \u0110\u00c8N LED DOWNLIGT\u00a0TH\u1ea0CH CAO CH\u00cdNH H\u00c3NG UY T\u00cdN NH\u1ea4T HI\u1ec6N NAY<\/strong><\/span><\/span><\/span><span class=\"ez-toc-section-end\"><\/span><\/h2>\n<ul>\n<li><span style=\"color: #000000;\"><span style=\"font-family: times new roman,times,serif;\"><span style=\"font-size: 16px;\">KAWALED t\u1ef1 tin l\u00e0 m\u1ed9t trong nh\u1eefng \u0111\u01a1n v\u1ecb h\u00e0ng \u0111\u1ea7u, cung c\u1ea5p \u0111\u00e8n \u00e2m tr\u1ea7n uy t\u00edn nh\u1ea5t hi\u1ec7n nay. C\u00e1c b\u1ed9 ph\u1eadn c\u1ee7a \u0111\u00e8n nh\u01b0: Chip LED, khung kim lo\u1ea1i, b\u1ed9 ngu\u1ed3n\u2026 \u0111\u01b0\u1ee3c nguy\u00ean c\u1ee9u r\u1ea5t k\u1ef9 l\u01b0\u1ee1ng. S\u1ea3n ph\u1ea9m l\u1eafp r\u00e1p t\u1eeb ngu\u1ed3n nguy\u00ean li\u1ec7u cao c\u1ea5p, nh\u1eadp t\u1eeb H\u00e0n Qu\u1ed1c, \u0110\u00e0i Loan, \u0110\u1ee9c\u2026\u0110\u1ed9 b\u1ec1n s\u1ea3n ph\u1ea9m t\u1eeb 5-10 n\u0103m, ch\u00ednh s\u00e1ch b\u1ea3o h\u00e0nh ch\u00ednh h\u00e3ng 2 n\u0103m. Th\u00f4ng tin in ho\u00e0n to\u00e0n b\u1eb1ng ti\u1ebfng Vi\u1ec7t, gi\u00fap ng\u01b0\u1eddi d\u00f9ng d\u1ec5 d\u00e0ng s\u1eed d\u1ee5ng.<\/span><\/span><\/span><\/li>\n<li><span style=\"color: #000000;\"><span style=\"font-family: times new roman,times,serif;\"><span style=\"font-size: 16px;\">C\u00f4ng ty c\u00f3 3 v\u0103n ph\u00f2ng \u0111\u1ea1i di\u1ec7n \u1edf: H\u1ed3 Ch\u00ed Minh, H\u00e0 N\u1ed9i, \u0110\u00e0 N\u1eb5ng v\u00e0 h\u00e0ng tr\u0103m \u0111\u1ea1i l\u00fd l\u1edbn nh\u1ecf kh\u1eafp c\u1ea3 n\u01b0\u1edbc. Hotline 18000058 lu\u00f4n h\u1ed7 tr\u1ee3 b\u00e1n h\u00e0ng v\u00e0 t\u01b0 v\u1ea5n k\u1ef9 thu\u1eadt, gi\u1ea3i \u0111\u00e1p th\u1eafc m\u1eafc c\u1ee7a qu\u00fd kh\u00e1ch h\u00e0ng t\u1eadn t\u00ecnh v\u00e0 chu \u0111\u00e1o.<\/span><\/span><\/span><\/li>\n<li><span style=\"color: #000000;\"><span style=\"font-family: times new roman,times,serif;\"><span style=\"font-size: 16px;\">\u0110\u1ed9i ng\u0169 s\u1ea3n xu\u1ea5t c\u1ee7a c\u00f4ng ty KAWALED c\u00f3 h\u01a1n 10 n\u0103m kinh nghi\u1ec7m ho\u1ea1t \u0111\u1ed9ng trong ng\u00e0nh \u0111\u00e8n LED. Do \u0111\u00f3 Qu\u00fd Kh\u00e1ch c\u00f3 th\u1ec3 ho\u00e0n to\u00e0n tin t\u01b0\u1edfng khi s\u1eed d\u1ee5ng s\u1ea3n ph\u1ea9m chi\u1ebfu s\u00e1ng t\u1eeb c\u00f4ng ty ch\u00fang t\u00f4i.<\/span><\/span><\/span><\/li>\n<\/ul>\n<p style=\"text-align: center;\"><span style=\"color: #000000;\"><span style=\"font-family: times new roman,times,serif;\"><span style=\"font-size: 16px;\"><img decoding=\"async\" class=\"size-full wp-image-20989\" style=\"height: 450px; width: 800px;\" src=\"https:\/\/kawaled.com.vn\/wp-content\/uploads\/2018\/11\/den-led-am-tran-3-che-do-mau-1.jpg\" alt=\"\u0110\u00e8n Led \u00e2m tr\u1ea7n Kawaled \u0111\u01b0\u1ee3c b\u1ea3o h\u00e0nh 2 n\u0103m\" width=\"2560\" height=\"1440\" srcset=\"https:\/\/kawaled.com.vn\/wp-content\/uploads\/2018\/11\/den-led-am-tran-3-che-do-mau-1.jpg 2560w, https:\/\/kawaled.com.vn\/wp-content\/uploads\/2018\/11\/den-led-am-tran-3-che-do-mau-1-1000x563.jpg 1000w, https:\/\/kawaled.com.vn\/wp-content\/uploads\/2018\/11\/den-led-am-tran-3-che-do-mau-1-1024x576.jpg 1024w, https:\/\/kawaled.com.vn\/wp-content\/uploads\/2018\/11\/den-led-am-tran-3-che-do-mau-1-768x432.jpg 768w, https:\/\/kawaled.com.vn\/wp-content\/uploads\/2018\/11\/den-led-am-tran-3-che-do-mau-1-1536x864.jpg 1536w, https:\/\/kawaled.com.vn\/wp-content\/uploads\/2018\/11\/den-led-am-tran-3-che-do-mau-1-2048x1152.jpg 2048w, https:\/\/kawaled.com.vn\/wp-content\/uploads\/2018\/11\/den-led-am-tran-3-che-do-mau-1-640x360.jpg 640w, https:\/\/kawaled.com.vn\/wp-content\/uploads\/2018\/11\/den-led-am-tran-3-che-do-mau-1-400x225.jpg 400w\" sizes=\"(max-width: 2560px) 100vw, 2560px\" \/><\/span><\/span><\/span><\/p>\n<p style=\"text-align: center;\"><span style=\"font-family: times new roman,times,serif;\"><span style=\"font-size: 16px;\"><span style=\"color: #000000;\"><b>C\u1ea3m \u01a1n qu\u00fd kh\u00e1ch \u0111\u00e3 tin d\u00f9ng s\u1ea3n ph\u1ea9m Kawaled!<\/b><\/span><\/span><\/span><\/p>\n<p style=\"text-align: center;\"><span style=\"font-family: times new roman,times,serif;\"><span style=\"font-size: 16px;\"><span style=\"color: #000000;\"><b>Toll-Free Consulting Hotline:<\/b><b>\u00a0<\/b><\/span><span style=\"color: #ff0000;\"><b>1800 0058<\/b><\/span><span style=\"color: #000000;\"><b>\u00a0Or Call Directly:\u00a0<\/b><\/span><span style=\"color: #ff0000;\"><b>0911 761010<\/b><\/span><\/span><\/span><\/p>\n<p align=\"center\"><span style=\"font-family: times new roman,times,serif;\"><span style=\"font-size: 16px;\"><span style=\"color: #000000;\"><strong>Website:\u00a0<\/strong><\/span><a href=\"https:\/\/kawasan.vn\/\" target=\"_blank\" rel=\"noopener\"><span style=\"color: #0000cd;\"><strong>www.kawasan.vn<\/strong><\/span><\/a><\/span><\/span><\/p>\n<p align=\"center\"><span style=\"font-family: times new roman,times,serif;\"><span style=\"font-size: 16px;\"><span style=\"color: #000000;\"><strong>Website:\u00a0<\/strong><\/span><a href=\"https:\/\/kawaled.com.vn\/\"><span style=\"color: #0000cd;\"><strong>www.kawaled.com.vn<\/strong><\/span><\/a><\/span><\/span><\/p>\n<p align=\"center\">","protected":false},"excerpt":{"rendered":"<p>\u0110\u00c8N LED \u00c2M TR\u1ea6N 3 M\u00c0U DL3M90-7W \u0110\u00e8n led \u00e2m tr\u1ea7n 3 m\u00e0u DL3M90-7W, \u0111ang l\u00e0 xu h\u01b0\u1edbng chi\u1ebfu s\u00e1ng c\u1ee7a nhi\u1ec1u ng\u01b0\u1eddi d\u00f9ng hi\u1ec7n nay. Thay v\u00ec d\u00f9ng \u0111\u00e8n Downligt 1 m\u00e0u \u00e1nh s\u00e1ng \u0111\u01a1n \u0111i\u1ec7u, nh\u01b0 tr\u01b0\u1edbc \u0111\u00e2y. B\u1ea1n mu\u1ed1n \u0111\u00e8n thay \u0111\u1ed5i m\u00e0u \u00e1nh s\u00e1ng, \u0111\u1ec3 t\u1ea1o s\u1ef1 t\u01b0\u01a1i m\u1edbi cho kh\u00f4ng [&hellip;]<\/p>","protected":false},"featured_media":21029,"comment_status":"open","ping_status":"closed","template":"","meta":{"rank_math_description":"\u0110\u00e8n led \u00e2m tr\u1ea7n 3 m\u00e0u DL3M90-7W. Ti\u1ebft ki\u1ec7m \u0111i\u1ec7n n\u0103ng ti\u00eau th\u1ee5 t\u1edbi 85% so v\u1edbi \u0111\u00e8n truy\u1ec1n th\u1ed1ng.Tu\u1ed5i th\u1ecd cao tr\u00ean 5\u00a0n\u0103m t\u01b0\u01a1ng \u0111\u01b0\u01a1ng 25.000 gi\u1edd chi\u1ebfu s\u00e1ng...","rank_math_focus_keyword":"\u0110\u00c8N LED \u00c2M TR\u1ea6N 3 M\u00c0U DL3M90-7W","rank_math_secondary_keywords":""},"product_cat":[3788,3785,1751,1747,1765],"product_tag":[1917,2811,2826,1783,2810,2825,2824,1944,2995],"class_list":["post-21031","product","type-product","status-publish","has-post-thumbnail","hentry","product_cat-den-am-tran-doi-mau","product_cat-den-am-tran-tron","product_cat-den-led-downlight-doi-mau","product_cat-den-led-downlight","product_cat-den-led-panel-am-tran","product_tag-den-am-tran","product_tag-den-am-tran-3-mau","product_tag-den-am-tran-7w","product_tag-den-led-am-tran","product_tag-den-led-am-tran-3-mau","product_tag-den-led-am-tran-7w","product_tag-gia-den-led-am-tran-7w","product_tag-kawaled","product_tag-led-3-mau"],"acf":[],"_links":{"self":[{"href":"https:\/\/kawaled.com.vn\/en\/wp-json\/wp\/v2\/product\/21031","targetHints":{"allow":["GET"]}}],"collection":[{"href":"https:\/\/kawaled.com.vn\/en\/wp-json\/wp\/v2\/product"}],"about":[{"href":"https:\/\/kawaled.com.vn\/en\/wp-json\/wp\/v2\/types\/product"}],"replies":[{"embeddable":true,"href":"https:\/\/kawaled.com.vn\/en\/wp-json\/wp\/v2\/comments?post=21031"}],"version-history":[{"count":0,"href":"https:\/\/kawaled.com.vn\/en\/wp-json\/wp\/v2\/product\/21031\/revisions"}],"wp:featuredmedia":[{"embeddable":true,"href":"https:\/\/kawaled.com.vn\/en\/wp-json\/wp\/v2\/media\/21029"}],"wp:attachment":[{"href":"https:\/\/kawaled.com.vn\/en\/wp-json\/wp\/v2\/media?parent=21031"}],"wp:term":[{"taxonomy":"product_cat","embeddable":true,"href":"https:\/\/kawaled.com.vn\/en\/wp-json\/wp\/v2\/product_cat?post=21031"},{"taxonomy":"product_tag","embeddable":true,"href":"https:\/\/kawaled.com.vn\/en\/wp-json\/wp\/v2\/product_tag?post=21031"}],"curies":[{"name":"wp","href":"https:\/\/api.w.org\/{rel}","templated":true}]}}