{"id":21012,"date":"2019-06-06T16:55:25","date_gmt":"2019-06-06T09:55:25","guid":{"rendered":"https:\/\/kawaled.123websitedev.com\/san-pham\/den-led-downlight-noi-tran-nt300-24w-t-v\/"},"modified":"2026-02-02T13:01:39","modified_gmt":"2026-02-02T06:01:39","slug":"den-led-downlight-noi-tran-nt300-24w-t-v","status":"publish","type":"product","link":"https:\/\/kawaled.com.vn\/en\/product\/den-led-downlight-noi-tran-nt300-24w-t-v\/","title":{"rendered":"\u0110\u00c8N LED N\u1ed4I TR\u1ea6N TR\u00d2N GI\u1eacT C\u1ea4P 1 M\u00c0U NT300-A24W-T\/V"},"content":{"rendered":"<p style=\"margin-left: 40px;\"><span style=\"color: #000000;\"><span style=\"font-size: 16px;\"><span style=\"font-family: times new roman,times,serif;\"><strong>M\u00d4 T\u1ea2: \u0110\u00c8N LED N\u1ed4I TR\u1ea6N TR\u00d2N GI\u1eacT C\u1ea4P 1 M\u00c0U NT300-A24W-T\/V<\/strong><\/span><\/span><\/span><\/p>\n<ul>\n<li style=\"margin-left: 40px;\" data-spm-anchor-id=\"a2o4n.pdp.product_detail.i2.2aef159cg84yEW\"><span style=\"color: #000000;\"><span style=\"font-size: 16px;\"><span style=\"font-family: times new roman,times,serif;\">Ch\u1ea5t l\u01b0\u1ee3ng th\u01b0\u01a1ng hi\u1ec7u KAWALED<\/span><\/span><\/span><\/li>\n<li style=\"margin-left: 40px;\" data-spm-anchor-id=\"a2o4n.pdp.product_detail.i2.2aef159cg84yEW\"><span style=\"color: #000000;\"><span style=\"font-size: 16px;\"><span style=\"font-family: times new roman,times,serif;\">Ti\u1ebft ki\u1ec7m n\u0103ng l\u01b0\u1ee3ng, ti\u00eau th\u1ee5 \u0111i\u1ec7n n\u0103ng th\u1ea5p, tu\u1ed5i th\u1ecd cao<\/span><\/span><\/span><\/li>\n<li style=\"margin-left: 40px;\" data-spm-anchor-id=\"a2o4n.pdp.product_detail.i2.2aef159cg84yEW\"><span style=\"color: #000000;\"><span style=\"font-size: 16px;\"><span style=\"font-family: times new roman,times,serif;\">Kh\u00f4ng c\u00f3 ch\u00ec v\u00e0 th\u1ee7y ng\u00e2n, kh\u00f4ng c\u00f3 tia c\u1ef1c t\u00edm v\u00e0 tia h\u1ed3ng ngo\u1ea1i<\/span><\/span><\/span><\/li>\n<li style=\"margin-left: 40px;\" data-spm-anchor-id=\"a2o4n.pdp.product_detail.i2.2aef159cg84yEW\"><span style=\"color: #000000;\"><span style=\"font-size: 16px;\"><span style=\"font-family: times new roman,times,serif;\">Chi\u1ebfu s\u00e1ng v\u00e0 hi\u1ec7u qu\u1ea3 h\u01a1n so v\u1edbi \u0111\u00e8n s\u1ee3i \u0111\u1ed1t v\u00e0 h\u1ea7u h\u1ebft Halogen \u0110\u00e8n<\/span><\/span><\/span><\/li>\n<\/ul>\n<p style=\"margin-left: 200px;\"><span style=\"color: #000000;\"><span style=\"font-size: 16px;\"><span style=\"font-family: times new roman,times,serif;\"><img decoding=\"async\" class=\"size-full wp-image-21011 aligncenter\" style=\"width: 500px; height: 500px;\" src=\"https:\/\/kawaled.com.vn\/wp-content\/uploads\/2019\/06\/panel-noi-tran-tron-1-mau-24w-scaled.jpg\" alt=\"\" width=\"2560\" height=\"2560\" srcset=\"https:\/\/kawaled.com.vn\/wp-content\/uploads\/2019\/06\/panel-noi-tran-tron-1-mau-24w-scaled.jpg 2560w, https:\/\/kawaled.com.vn\/wp-content\/uploads\/2019\/06\/panel-noi-tran-tron-1-mau-24w-scaled-1000x1000.jpg 1000w, https:\/\/kawaled.com.vn\/wp-content\/uploads\/2019\/06\/panel-noi-tran-tron-1-mau-24w-1024x1024.jpg 1024w, https:\/\/kawaled.com.vn\/wp-content\/uploads\/2019\/06\/panel-noi-tran-tron-1-mau-24w-768x768.jpg 768w, https:\/\/kawaled.com.vn\/wp-content\/uploads\/2019\/06\/panel-noi-tran-tron-1-mau-24w-1536x1536.jpg 1536w, https:\/\/kawaled.com.vn\/wp-content\/uploads\/2019\/06\/panel-noi-tran-tron-1-mau-24w-2048x2048.jpg 2048w, https:\/\/kawaled.com.vn\/wp-content\/uploads\/2019\/06\/panel-noi-tran-tron-1-mau-24w-640x640.jpg 640w, https:\/\/kawaled.com.vn\/wp-content\/uploads\/2019\/06\/panel-noi-tran-tron-1-mau-24w-400x400.jpg 400w\" sizes=\"(max-width: 2560px) 100vw, 2560px\" \/><\/span><\/span><\/span><\/p>\n<p style=\"margin-left: 40px;\"><span style=\"color: #000000;\"><span style=\"font-size: 16px;\"><span style=\"font-family: times new roman,times,serif;\"><strong>\u1ee8NG D\u1ee4NG<\/strong><\/span><\/span><\/span><\/p>\n<ul>\n<li style=\"margin-left: 40px;\"><span style=\"color: #000000;\"><span style=\"font-size: 16px;\"><span style=\"font-family: times new roman,times,serif;\">Th\u00edch h\u1ee3p cho kh\u00e1ch s\u1ea1n, ph\u00f2ng \u0103n, ph\u00f2ng kh\u00e1ch, ph\u00f2ng h\u1ecdp, ph\u00f2ng kh\u00e1ch, ph\u00f2ng tr\u01b0ng b\u00e0y, c\u1eeda h\u00e0ng, h\u00e0nh lang, gian h\u00e0ng \u0111i\u1ec7n tho\u1ea1i, ph\u00f2ng thu v\u00e0 tri\u1ec3n l\u00e3m, h\u1ed9 gia \u0111\u00ecnh vv<\/span><\/span><\/span><\/li>\n<\/ul>\n<p style=\"margin-left: 200px;\"><span style=\"color: #000000;\"><span style=\"font-size: 16px;\"><span style=\"font-family: times new roman,times,serif;\"><img decoding=\"async\" class=\"size-full wp-image-20968 aligncenter\" style=\"width: 500px; height: 500px;\" src=\"https:\/\/kawaled.com.vn\/wp-content\/uploads\/2018\/11\/panel-noi-tran-tron-vuong.jpg\" alt=\"\" width=\"2500\" height=\"2500\" srcset=\"https:\/\/kawaled.com.vn\/wp-content\/uploads\/2018\/11\/panel-noi-tran-tron-vuong.jpg 2500w, https:\/\/kawaled.com.vn\/wp-content\/uploads\/2018\/11\/panel-noi-tran-tron-vuong-1000x1000.jpg 1000w, https:\/\/kawaled.com.vn\/wp-content\/uploads\/2018\/11\/panel-noi-tran-tron-vuong-1024x1024.jpg 1024w, https:\/\/kawaled.com.vn\/wp-content\/uploads\/2018\/11\/panel-noi-tran-tron-vuong-768x768.jpg 768w, https:\/\/kawaled.com.vn\/wp-content\/uploads\/2018\/11\/panel-noi-tran-tron-vuong-1536x1536.jpg 1536w, https:\/\/kawaled.com.vn\/wp-content\/uploads\/2018\/11\/panel-noi-tran-tron-vuong-2048x2048.jpg 2048w, https:\/\/kawaled.com.vn\/wp-content\/uploads\/2018\/11\/panel-noi-tran-tron-vuong-640x640.jpg 640w, https:\/\/kawaled.com.vn\/wp-content\/uploads\/2018\/11\/panel-noi-tran-tron-vuong-400x400.jpg 400w\" sizes=\"(max-width: 2500px) 100vw, 2500px\" \/><\/span><\/span><\/span><\/p>\n<p style=\"margin-left: 40px;\"><span style=\"color: #000000;\"><span style=\"font-size: 16px;\"><span style=\"font-family: times new roman,times,serif;\"><strong>TH\u00d4NG S\u1ed0 K\u1ef8 THU\u1eacT: \u0110\u00c8N LED N\u1ed4I TR\u1ea6N TR\u00d2N NT300-A24W-T\/V<\/strong><\/span><\/span><\/span><\/p>\n<ul>\n<li style=\"margin-left: 40px;\"><span style=\"color: #000000;\"><span style=\"font-size: 16px;\"><span style=\"font-family: times new roman,times,serif;\">Lo\u1ea1i giao di\u1ec7n: N\u1ed5i Tr\u1ea7n Tr\u00f2n<\/span><\/span><\/span><\/li>\n<li style=\"margin-left: 40px;\"><span style=\"color: #000000;\"><span style=\"font-size: 16px;\"><span style=\"font-family: times new roman,times,serif;\">\u0110i\u1ec7n \u00e1p ho\u1ea1t \u0111\u1ed9ng 170~240V &#8211; 50\/60Hz<\/span><\/span><\/span><\/li>\n<li style=\"margin-left: 40px;\"><span style=\"color: #000000;\"><span style=\"font-size: 16px;\"><span style=\"font-family: times new roman,times,serif;\">C\u00f4ng su\u1ea5t v\u00f2ng LED 24W<\/span><\/span><\/span><\/li>\n<li style=\"margin-left: 40px;\"><span style=\"color: #000000;\"><span style=\"font-size: 16px;\"><span style=\"font-family: times new roman,times,serif;\">\u00c1nh S\u00e1ng : Tr\u1eafng\/V\u00e0ng<\/span><\/span><\/span><\/li>\n<li style=\"margin-left: 40px;\"><span style=\"color: #000000;\"><span style=\"font-size: 16px;\"><span style=\"font-family: times new roman,times,serif;\">G\u00f3c chi\u1ebfu s\u00e1ng 230\u00b0<\/span><\/span><\/span><\/li>\n<li style=\"margin-left: 40px;\"><span style=\"color: #000000;\"><span style=\"font-size: 16px;\"><span style=\"font-family: times new roman,times,serif;\">Tu\u1ed5i th\u1ecd 25.000 gi\u1edd<\/span><\/span><\/span><\/li>\n<li style=\"margin-left: 40px;\"><span style=\"color: #000000;\"><span style=\"font-size: 16px;\"><span style=\"font-family: times new roman,times,serif;\">S\u1ed1 l\u1ea7n t\u1eaft m\u1edf 12.500 l\u1ea7n On\/Off<\/span><\/span><\/span><\/li>\n<li style=\"margin-left: 40px;\"><span style=\"color: #000000;\"><span style=\"font-size: 16px;\"><span style=\"font-family: times new roman,times,serif;\">\u0110\u1ed9 ho\u00e0n m\u00e0u (CRI)\u00a0&gt;80%\u00a0<\/span><\/span><\/span><\/li>\n<li style=\"margin-left: 40px;\"><span style=\"color: #000000;\"><span style=\"font-size: 16px;\"><span style=\"font-family: times new roman,times,serif;\">K\u00edch th\u01b0\u1edbc l\u1ed7 kho\u00e9t:\u00a0\u00d8300x35mm<\/span><\/span><\/span><\/li>\n<li style=\"margin-left: 40px;\"><span style=\"color: #000000;\"><span style=\"font-size: 16px;\"><span style=\"font-family: times new roman,times,serif;\">Th\u00f9ng : 20\u00a0C\u00e1i\/Th\u00f9ng<\/span><\/span><\/span><\/li>\n<\/ul>\n<p><span style=\"color: #000000;\"><span style=\"font-size: 20px;\"><strong><span style=\"font-family: times new roman, times, serif;\">TH\u00d4NG TIN C\u1ea6N BI\u1ebeT:<\/span><\/strong><\/span><\/span><\/p>\n<ul>\n<li><span style=\"font-size: 16px;\"><strong><a href=\"https:\/\/kawaled.com.vn\/tai-sao-lai-cho-den-led-downlight-op-tran-noi\"><span style=\"color: #0000cd;\">T\u1ea1i sao n\u00ean ch\u1ecdn \u0111\u00e8n downlight \u1ed1p n\u1ed5i tr\u1ea7n<\/span><\/a><\/strong><\/span><\/li>\n<\/ul>\n<p style=\"text-align: center;\"><span style=\"font-family: times new roman,times,serif;\"><span style=\"font-size: 16px;\"><span style=\"color: #000000;\"><b>C\u1ea3m \u01a1n qu\u00fd kh\u00e1ch \u0111\u00e3 tin d\u00f9ng s\u1ea3n ph\u1ea9m Kawaled!<\/b><\/span><\/span><\/span><\/p>\n<p style=\"text-align: center;\"><span style=\"font-family: times new roman,times,serif;\"><span style=\"font-size: 16px;\"><span style=\"color: #000000;\"><b>Toll-Free Consulting Hotline:<\/b><b>\u00a0<\/b><\/span><span style=\"color: #ff0000;\"><b>1800 0058<\/b><\/span><span style=\"color: #000000;\"><b>\u00a0Or Call Directly:\u00a0<\/b><\/span><span style=\"color: #ff0000;\"><b>0911 761010<\/b><\/span><\/span><\/span><\/p>\n<p align=\"center\"><span style=\"font-family: times new roman,times,serif;\"><span style=\"font-size: 16px;\"><span style=\"color: #000000;\"><strong>Website:\u00a0<\/strong><\/span><a href=\"https:\/\/kawasan.vn\/\" target=\"_blank\" rel=\"noopener\"><span style=\"color: #0000cd;\"><strong>www.kawasan.vn<\/strong><\/span><\/a><\/span><\/span><\/p>\n<p align=\"center\"><span style=\"font-family: times new roman,times,serif;\"><span style=\"font-size: 16px;\"><span style=\"color: #000000;\"><strong>Website:\u00a0<\/strong><\/span><a href=\"https:\/\/kawaled.com.vn\/\"><span style=\"color: #0000cd;\"><strong>www.kawaled.com.vn<\/strong><\/span><\/a><\/span><\/span><\/p>\n<p style=\"text-align: center;\">","protected":false},"excerpt":{"rendered":"<p>M\u00d4 T\u1ea2: \u0110\u00c8N LED N\u1ed4I TR\u1ea6N TR\u00d2N GI\u1eacT C\u1ea4P 1 M\u00c0U NT300-A24W-T\/V Ch\u1ea5t l\u01b0\u1ee3ng th\u01b0\u01a1ng hi\u1ec7u KAWALED Ti\u1ebft ki\u1ec7m n\u0103ng l\u01b0\u1ee3ng, ti\u00eau th\u1ee5 \u0111i\u1ec7n n\u0103ng th\u1ea5p, tu\u1ed5i th\u1ecd cao Kh\u00f4ng c\u00f3 ch\u00ec v\u00e0 th\u1ee7y ng\u00e2n, kh\u00f4ng c\u00f3 tia c\u1ef1c t\u00edm v\u00e0 tia h\u1ed3ng ngo\u1ea1i Chi\u1ebfu s\u00e1ng v\u00e0 hi\u1ec7u qu\u1ea3 h\u01a1n so v\u1edbi \u0111\u00e8n s\u1ee3i \u0111\u1ed1t [&hellip;]<\/p>","protected":false},"featured_media":21011,"comment_status":"open","ping_status":"closed","template":"","meta":{"rank_math_description":"\u0110\u00e8n led n\u1ed5i tr\u1ea7n tr\u00f2n, gi\u1eadt c\u1ea5p 1 m\u00e0u NT300-A24W-T\/V. S\u1ed1 l\u1ea7n t\u1eaft m\u1edf 12.500 l\u1ea7n On\/Off\u0110\u1ed9 ho\u00e0n m\u00e0u (CRI)\u00a0>80%\u00a0K\u00edch th\u01b0\u1edbc l\u1ed7 kho\u00e9t:\u00a0\u00d8300x35mm...","rank_math_focus_keyword":"\u0110\u00c8N LED N\u1ed4I TR\u1ea6N TR\u00d2N NT300-A24W-T\/V","rank_math_secondary_keywords":""},"product_cat":[1747,1768,1736,3789],"product_tag":[1917,2794,1783,2799,2802,2797,1944,2796,1791],"class_list":["post-21012","product","type-product","status-publish","has-post-thumbnail","hentry","product_cat-den-led-downlight","product_cat-den-led-noi-tran","product_cat-den-led-noi-tran-tron","product_cat-den-noi-tran-1-mau","product_tag-den-am-tran","product_tag-den-am-tran-thach-cao","product_tag-den-led-am-tran","product_tag-den-led-am-tran-thach-cao","product_tag-den-tron-am-tran","product_tag-gia-den-led-am-tran-thach-cao","product_tag-kawaled","product_tag-led-am-tran","product_tag-nt300-a24w-t-v"],"acf":[],"_links":{"self":[{"href":"https:\/\/kawaled.com.vn\/en\/wp-json\/wp\/v2\/product\/21012","targetHints":{"allow":["GET"]}}],"collection":[{"href":"https:\/\/kawaled.com.vn\/en\/wp-json\/wp\/v2\/product"}],"about":[{"href":"https:\/\/kawaled.com.vn\/en\/wp-json\/wp\/v2\/types\/product"}],"replies":[{"embeddable":true,"href":"https:\/\/kawaled.com.vn\/en\/wp-json\/wp\/v2\/comments?post=21012"}],"version-history":[{"count":0,"href":"https:\/\/kawaled.com.vn\/en\/wp-json\/wp\/v2\/product\/21012\/revisions"}],"wp:featuredmedia":[{"embeddable":true,"href":"https:\/\/kawaled.com.vn\/en\/wp-json\/wp\/v2\/media\/21011"}],"wp:attachment":[{"href":"https:\/\/kawaled.com.vn\/en\/wp-json\/wp\/v2\/media?parent=21012"}],"wp:term":[{"taxonomy":"product_cat","embeddable":true,"href":"https:\/\/kawaled.com.vn\/en\/wp-json\/wp\/v2\/product_cat?post=21012"},{"taxonomy":"product_tag","embeddable":true,"href":"https:\/\/kawaled.com.vn\/en\/wp-json\/wp\/v2\/product_tag?post=21012"}],"curies":[{"name":"wp","href":"https:\/\/api.w.org\/{rel}","templated":true}]}}