{"id":21010,"date":"2019-06-06T16:52:44","date_gmt":"2019-06-06T09:52:44","guid":{"rendered":"https:\/\/kawaled.123websitedev.com\/san-pham\/den-led-downlight-noi-tran-nt225-18w-t-v\/"},"modified":"2026-02-02T12:58:55","modified_gmt":"2026-02-02T05:58:55","slug":"den-led-noi-tran-tron-nt225-18w-t-v","status":"publish","type":"product","link":"https:\/\/kawaled.com.vn\/en\/product\/den-led-noi-tran-tron-nt225-18w-t-v\/","title":{"rendered":"\u0110\u00c8N LED N\u1ed4I TR\u1ea6N TR\u00d2N 1 M\u00c0U NT225-18W-T\/V"},"content":{"rendered":"<h2><span class=\"ez-toc-section\" id=\"TAI_SAO_NEN_CHON_DEN_LED_TRON_PANEL_OP_TRAN\"><\/span><span style=\"color: #000000;\"><span style=\"font-size: 16px;\"><span style=\"font-family: times new roman,times,serif;\"><strong>T\u1ea0I SAO N\u00caN CH\u1eccN \u0110\u00c8N LED TR\u00d2N PANEL \u1ed0P TR\u1ea6N <\/strong><\/span><\/span><\/span><span class=\"ez-toc-section-end\"><\/span><\/h2><div id=\"ez-toc-container\" class=\"ez-toc-v2_0_69_1 counter-hierarchy ez-toc-counter ez-toc-grey ez-toc-container-direction\">\n<div class=\"ez-toc-title-container\">\n<p class=\"ez-toc-title\" >N\u1ed9i Dung B&agrave;i Vi\u1ebft<\/p>\n<span class=\"ez-toc-title-toggle\"><a href=\"#\" class=\"ez-toc-pull-right ez-toc-btn ez-toc-btn-xs ez-toc-btn-default ez-toc-toggle\" aria-label=\"Toggle Table of Content\"><span class=\"ez-toc-js-icon-con\"><span class=\"\"><span class=\"eztoc-hide\" style=\"display:none;\">Toggle<\/span><span class=\"ez-toc-icon-toggle-span\"><svg style=\"fill: #999;color:#999\" xmlns=\"http:\/\/www.w3.org\/2000\/svg\" class=\"list-377408\" width=\"20px\" height=\"20px\" viewbox=\"0 0 24 24\" fill=\"none\"><path d=\"M6 6H4v2h2V6zm14 0H8v2h12V6zM4 11h2v2H4v-2zm16 0H8v2h12v-2zM4 16h2v2H4v-2zm16 0H8v2h12v-2z\" fill=\"currentColor\"><\/path><\/svg><svg style=\"fill: #999;color:#999\" class=\"arrow-unsorted-368013\" xmlns=\"http:\/\/www.w3.org\/2000\/svg\" width=\"10px\" height=\"10px\" viewbox=\"0 0 24 24\" version=\"1.2\" baseprofile=\"tiny\"><path d=\"M18.2 9.3l-6.2-6.3-6.2 6.3c-.2.2-.3.4-.3.7s.1.5.3.7c.2.2.4.3.7.3h11c.3 0 .5-.1.7-.3.2-.2.3-.5.3-.7s-.1-.5-.3-.7zM5.8 14.7l6.2 6.3 6.2-6.3c.2-.2.3-.5.3-.7s-.1-.5-.3-.7c-.2-.2-.4-.3-.7-.3h-11c-.3 0-.5.1-.7.3-.2.2-.3.5-.3.7s.1.5.3.7z\"\/><\/svg><\/span><\/span><\/span><\/a><\/span><\/div>\n<nav><ul class='ez-toc-list ez-toc-list-level-1 eztoc-toggle-hide-by-default' ><li class='ez-toc-page-1 ez-toc-heading-level-2'><a class=\"ez-toc-link ez-toc-heading-1\" href=\"https:\/\/kawaled.com.vn\/en\/product\/den-led-noi-tran-tron-nt225-18w-t-v\/#TAI_SAO_NEN_CHON_DEN_LED_TRON_PANEL_OP_TRAN\" title=\"T\u1ea0I SAO N\u00caN CH\u1eccN \u0110\u00c8N LED TR\u00d2N PANEL \u1ed0P TR\u1ea6N\">T\u1ea0I SAO N\u00caN CH\u1eccN \u0110\u00c8N LED TR\u00d2N PANEL \u1ed0P TR\u1ea6N<\/a><\/li><li class='ez-toc-page-1 ez-toc-heading-level-2'><a class=\"ez-toc-link ez-toc-heading-2\" href=\"https:\/\/kawaled.com.vn\/en\/product\/den-led-noi-tran-tron-nt225-18w-t-v\/#DAC_DIEM_NOI_BAT_CUA_DEN_LED_PANEL_KAWALED\" title=\"\u0110\u1eb6C \u0110I\u1ec2M N\u1ed4I B\u1eacT C\u1ee6A \u0110\u00c8N LED PANEL KAWALED\">\u0110\u1eb6C \u0110I\u1ec2M N\u1ed4I B\u1eacT C\u1ee6A \u0110\u00c8N LED PANEL KAWALED<\/a><\/li><li class='ez-toc-page-1 ez-toc-heading-level-2'><a class=\"ez-toc-link ez-toc-heading-3\" href=\"https:\/\/kawaled.com.vn\/en\/product\/den-led-noi-tran-tron-nt225-18w-t-v\/#MAU_DEN_OP_TRAN_NOI_THUONG_LAP_DAT_O_DAU\" title=\"M\u1eaaU \u0110\u00c8N \u1ed0P TR\u1ea6N N\u1ed4I TH\u01af\u1edcNG L\u1eaeP \u0110\u1eb6T \u1ede \u0110\u00c2U?\">M\u1eaaU \u0110\u00c8N \u1ed0P TR\u1ea6N N\u1ed4I TH\u01af\u1edcNG L\u1eaeP \u0110\u1eb6T \u1ede \u0110\u00c2U?<\/a><\/li><li class='ez-toc-page-1 ez-toc-heading-level-2'><a class=\"ez-toc-link ez-toc-heading-4\" href=\"https:\/\/kawaled.com.vn\/en\/product\/den-led-noi-tran-tron-nt225-18w-t-v\/#DIA_CHI_CUNG_CAP_DEN_LED_PANEL_TRON_NOI_TRAN_UY_TIN_%E2%80%93_CHAT_LUONG\" title=\"\u0110\u1ecaA CH\u1ec8 CUNG C\u1ea4P\u00a0\u0110\u00c8N LED PANEL TR\u00d2N N\u1ed4I TR\u1ea6N UY T\u00cdN \u2013 CH\u1ea4T L\u01af\u1ee2NG\">\u0110\u1ecaA CH\u1ec8 CUNG C\u1ea4P\u00a0\u0110\u00c8N LED PANEL TR\u00d2N N\u1ed4I TR\u1ea6N UY T\u00cdN \u2013 CH\u1ea4T L\u01af\u1ee2NG<\/a><\/li><li class='ez-toc-page-1 ez-toc-heading-level-2'><a class=\"ez-toc-link ez-toc-heading-5\" href=\"https:\/\/kawaled.com.vn\/en\/product\/den-led-noi-tran-tron-nt225-18w-t-v\/#THONG_SO_KY_THUAT\" title=\"TH\u00d4NG S\u1ed0 K\u1ef8 THU\u1eacT\">TH\u00d4NG S\u1ed0 K\u1ef8 THU\u1eacT<\/a><\/li><li class='ez-toc-page-1 ez-toc-heading-level-2'><a class=\"ez-toc-link ez-toc-heading-6\" href=\"https:\/\/kawaled.com.vn\/en\/product\/den-led-noi-tran-tron-nt225-18w-t-v\/#MOT_SO_LUU_Y_KHI_SU_DUNG_DEN_TRAN_TRON\" title=\"M\u1ed8T S\u1ed0 L\u01afU \u00dd KHI S\u1eec D\u1ee4NG \u0110\u00c8N TR\u1ea6N TR\u00d2N\">M\u1ed8T S\u1ed0 L\u01afU \u00dd KHI S\u1eec D\u1ee4NG \u0110\u00c8N TR\u1ea6N TR\u00d2N<\/a><\/li><\/ul><\/nav><\/div>\n\n<p><span style=\"color: #000000;\"><span style=\"font-size: 16px;\"><span style=\"font-family: times new roman,times,serif;\">\u0110\u00e8n Led n\u1ed5i tr\u1ea7n tr\u00f2n 1 m\u00e0u l\u00e0 lo\u1ea1i \u0111\u00e8n g\u1eafn n\u1ed5i tr\u00ean tr\u1ea7n b\u00ea t\u00f4ng, khi kh\u00f4ng l\u1eafp \u0111\u01b0\u1ee3c \u0111\u00e8n \u00e2m tr\u1ea7n. Thi\u1ebft k\u1ebf d\u1ea1ng tr\u00f2n \u0111\u01a1n gi\u1ea3n v\u00e0 \u0111\u1eb9p m\u1eaft, ti\u1ec7n d\u1ee5ng l\u1eafp \u0111\u1eb7t cho nhi\u1ec1u kh\u00f4ng gian. T\u1ea1o c\u1ea3m gi\u00e1c sang tr\u1ecdng h\u01a1n khi g\u1eafn c\u00e1c lo\u1ea1i b\u00f3ng tu\u00fdp d\u00e0i hu\u1ef3nh quang, \u0111\u00e8n s\u1ee3i \u0111\u1ed1t.<\/span><\/span><\/span><\/p>\n<p align=\"center\"><span style=\"color: #000000;\"><span style=\"font-size: 16px;\"><span style=\"font-family: times new roman,times,serif;\"><img decoding=\"async\" class=\"size-full wp-image-21007 aligncenter\" style=\"width: 600px; height: 600px;\" src=\"https:\/\/kawaled.com.vn\/wp-content\/uploads\/2019\/06\/den-tron-op-tran-18w.jpg\" width=\"1000\" height=\"1000\" srcset=\"https:\/\/kawaled.com.vn\/wp-content\/uploads\/2019\/06\/den-tron-op-tran-18w.jpg 1000w, https:\/\/kawaled.com.vn\/wp-content\/uploads\/2019\/06\/den-tron-op-tran-18w-768x768.jpg 768w, https:\/\/kawaled.com.vn\/wp-content\/uploads\/2019\/06\/den-tron-op-tran-18w-640x640.jpg 640w, https:\/\/kawaled.com.vn\/wp-content\/uploads\/2019\/06\/den-tron-op-tran-18w-400x400.jpg 400w\" sizes=\"(max-width: 1000px) 100vw, 1000px\" \/><\/span><\/span><\/span><\/p>\n<p><span style=\"color: #000000;\"><span style=\"font-size: 16px;\"><span style=\"font-family: times new roman,times,serif;\">\u0110\u00e8n Led Panel \u1ed1p tr\u1ea7n tr\u00f2n Kawaled, \u00e1nh s\u00e1ng t\u1ef1 nhi\u00ean ti\u1ebft ki\u1ec7m \u0111i\u1ec7n v\u01b0\u1ee3t tr\u1ed9i \u0111\u1ebfn 60%. \u0110\u1ed3 b\u1ec1n cao n\u00ean \u0111\u01b0\u1ee3c ng\u01b0\u1eddi d\u00f9ng \u01b0a chu\u1ed9ng s\u1eed d\u1ee5ng nhi\u1ec1u.<\/span><\/span><\/span><\/p>\n<h2><span class=\"ez-toc-section\" id=\"DAC_DIEM_NOI_BAT_CUA_DEN_LED_PANEL_KAWALED\"><\/span><span style=\"color: #000000;\"><span style=\"font-size: 16px;\"><span style=\"font-family: times new roman,times,serif;\"><strong>\u0110\u1eb6C \u0110I\u1ec2M N\u1ed4I B\u1eacT C\u1ee6A \u0110\u00c8N LED PANEL KAWALED<\/strong><\/span><\/span><\/span><span class=\"ez-toc-section-end\"><\/span><\/h2>\n<ul>\n<li><span style=\"color: #000000;\"><span style=\"font-size: 16px;\"><span style=\"font-family: times new roman,times,serif;\">Chip LED ch\u1ea5t l\u01b0\u1ee3ng cao nh\u1eadp t\u1eeb H\u00e0n Qu\u1ed1c, \u0110\u00e0i Loan, \u00e1nh s\u00e1ng t\u1ef1 nhi\u00ean.<\/span><\/span><\/span><\/li>\n<li><span style=\"color: #000000;\"><span style=\"font-size: 16px;\"><span style=\"font-family: times new roman,times,serif;\">T\u1ea5m t\u1ea3n s\u00e1ng Acrylic &gt; 92% ch\u1ed1ng ch\u00f3i m\u1eaft v\u00e0 ch\u1ed1ng \u1ed1 v\u00e0ng l\u00e0m m\u1ea5t th\u1ea9m m\u1ef9 \u0111\u00e8n.<\/span><\/span><\/span><\/li>\n<li><span style=\"color: #000000;\"><span style=\"font-size: 16px;\"><span style=\"font-family: times new roman,times,serif;\">Kh\u1ea3 n\u0103ng ti\u1ebft ki\u1ec7m \u0111\u1ebfn 60% \u0111i\u1ec7n n\u0103ng ti\u00eau th\u1ee5, so v\u1edbi c\u00e1c \u0111\u00e8n truy\u1ec1n th\u1ed1ng c\u00f9ng c\u00f4ng su\u1ea5t.<\/span><\/span><\/span><\/li>\n<li><span style=\"color: #000000;\"><span style=\"font-size: 16px;\"><span style=\"font-family: times new roman,times,serif;\">Tu\u1ed5i th\u1ecd cao l\u00ean \u0111\u1ebfn 20.000 &#8211; 25.000 gi\u1edd. Ti\u1ebft ki\u1ec7m chi ph\u00ed thay m\u1edbi hi\u1ec7u qu\u1ea3.<\/span><\/span><\/span><\/li>\n<li><span style=\"color: #000000;\"><span style=\"font-size: 16px;\"><span style=\"font-family: times new roman,times,serif;\">Kh\u00f4ng ph\u00e1t tia t\u1eed ngo\u1ea1i, kh\u00f4ng ch\u1ee9a th\u1ee7y ng\u00e2n, th\u00e2n thi\u1ec7n v\u1edbi m\u00f4i tr\u01b0\u1eddng.<\/span><\/span><\/span><\/li>\n<li><span style=\"color: #000000;\"><span style=\"font-size: 16px;\"><span style=\"font-family: times new roman,times,serif;\">Thi\u1ebft k\u1ebf nhi\u1ec1u ki\u1ec3u d\u00e1ng nh\u1ecf g\u1ecdn, \u0111\u01a1n gi\u1ea3n v\u00e0 sang tr\u1ecdng v\u1edbi ki\u1ec3u d\u00e1ng tr\u00f2n\u2026 th\u00edch h\u1ee3p s\u1eed d\u1ee5ng chi\u1ebfu s\u00e1ng v\u00e0 trang tr\u00ed trong c\u00e1c kh\u00f4ng gian tri\u1ebfn tr\u00fac hi\u1ec7n \u0111\u1ea1i ho\u1eb7c nh\u00e0 \u1edf.<\/span><\/span><\/span><\/li>\n<li><span style=\"color: #000000;\"><span style=\"font-size: 16px;\"><span style=\"font-family: times new roman,times,serif;\">T\u1ea3n nhi\u1ec7t nh\u00f4m nguy\u00ean ch\u1ea5t cao c\u1ea5p, ch\u1ed1ng ch\u00e1y t\u1ed1t v\u00e0 gi\u00fap \u0111\u00e8n gi\u1ea3m n\u00f3ng sau th\u1eddi gian d\u00e0i ho\u1ea1t \u0111\u1ed9ng.<\/span><\/span><\/span><\/li>\n<\/ul>\n<p align=\"center\"><span style=\"color: #000000;\"><span style=\"font-size: 16px;\"><span style=\"font-family: times new roman,times,serif;\"><img decoding=\"async\" class=\"size-full wp-image-21008 aligncenter\" style=\"width: 600px; height: 400px;\" src=\"https:\/\/kawaled.com.vn\/wp-content\/uploads\/2019\/06\/den-led-panel-noi-tran-tron-8.jpg\" width=\"1800\" height=\"1200\" srcset=\"https:\/\/kawaled.com.vn\/wp-content\/uploads\/2019\/06\/den-led-panel-noi-tran-tron-8.jpg 1800w, https:\/\/kawaled.com.vn\/wp-content\/uploads\/2019\/06\/den-led-panel-noi-tran-tron-8-1000x667.jpg 1000w, https:\/\/kawaled.com.vn\/wp-content\/uploads\/2019\/06\/den-led-panel-noi-tran-tron-8-1024x683.jpg 1024w, https:\/\/kawaled.com.vn\/wp-content\/uploads\/2019\/06\/den-led-panel-noi-tran-tron-8-768x512.jpg 768w, https:\/\/kawaled.com.vn\/wp-content\/uploads\/2019\/06\/den-led-panel-noi-tran-tron-8-1536x1024.jpg 1536w, https:\/\/kawaled.com.vn\/wp-content\/uploads\/2019\/06\/den-led-panel-noi-tran-tron-8-640x427.jpg 640w, https:\/\/kawaled.com.vn\/wp-content\/uploads\/2019\/06\/den-led-panel-noi-tran-tron-8-400x267.jpg 400w\" sizes=\"(max-width: 1800px) 100vw, 1800px\" \/><\/span><\/span><\/span><\/p>\n<h2><span class=\"ez-toc-section\" id=\"MAU_DEN_OP_TRAN_NOI_THUONG_LAP_DAT_O_DAU\"><\/span><span style=\"color: #000000;\"><span style=\"font-size: 16px;\"><span style=\"font-family: times new roman,times,serif;\"><strong>M\u1eaaU \u0110\u00c8N \u1ed0P TR\u1ea6N N\u1ed4I TH\u01af\u1edcNG L\u1eaeP \u0110\u1eb6T \u1ede \u0110\u00c2U?<\/strong><\/span><\/span><\/span><span class=\"ez-toc-section-end\"><\/span><\/h2>\n<p><span style=\"color: #000000;\"><span style=\"font-size: 16px;\"><span style=\"font-family: times new roman,times,serif;\">Hi\u1ec7n nay, \u0111\u00e8n Led \u1ed1p tr\u1ea7n \u0111\u01b0\u1ee3c \u1ee9ng d\u1ee5ng r\u1ed9ng r\u00e3i \u1edf nhi\u1ec1u khu v\u1ef1c kh\u00f4ng c\u00f3 tr\u1ea7n th\u1ea1ch cao:<\/span><\/span><\/span><\/p>\n<ul>\n<li><span style=\"color: #000000;\"><span style=\"font-size: 16px;\"><span style=\"font-family: times new roman,times,serif;\">D\u00f9ng cho nh\u00e0 \u1edf, c\u0103n h\u1ed9, bi\u1ec7t th\u1ef1: chi\u1ebfu s\u00e1ng cho v\u1ecb tr\u00ed h\u00e0nh lang, c\u1ed5ng ng\u00f5, ban c\u00f4ng, gara \u0111\u1ec3 xe\u2026<\/span><\/span><\/span><\/li>\n<li><span style=\"color: #000000;\"><span style=\"font-size: 16px;\"><span style=\"font-family: times new roman,times,serif;\">D\u00f9ng chi\u1ebfu s\u00e1ng cho h\u00e0ng lang, s\u1ea3nh ch\u1edd, nh\u00e0 \u0103n\u2026cho kh\u00e1ch s\u1ea1n, khu ngh\u1ec9 d\u01b0\u1ee1ng, b\u1ec7nh vi\u1ec7n, v\u0103n ph\u00f2ng, nh\u00e0 h\u00e0ng\u2026<\/span><\/span><\/span><\/li>\n<\/ul>\n<p style=\"margin-left: 120px;\"><span style=\"color: #000000;\"><span style=\"font-size: 16px;\"><span style=\"font-family: times new roman,times,serif;\"><img decoding=\"async\" class=\"size-full wp-image-21003 aligncenter\" style=\"height: 600px; width: 600px;\" src=\"https:\/\/kawaled.com.vn\/wp-content\/uploads\/2019\/06\/den-led-panel-noi-tran-tron-6.jpg\" width=\"400\" height=\"400\" \/><\/span><\/span><\/span><\/p>\n<h2><span class=\"ez-toc-section\" id=\"DIA_CHI_CUNG_CAP_DEN_LED_PANEL_TRON_NOI_TRAN_UY_TIN_%E2%80%93_CHAT_LUONG\"><\/span><span style=\"color: #000000;\"><span style=\"font-size: 16px;\"><span style=\"font-family: times new roman,times,serif;\"><strong>\u0110\u1ecaA CH\u1ec8 CUNG C\u1ea4P\u00a0\u0110\u00c8N LED PANEL TR\u00d2N N\u1ed4I TR\u1ea6N UY T\u00cdN \u2013 CH\u1ea4T L\u01af\u1ee2NG<\/strong><\/span><\/span><\/span><span class=\"ez-toc-section-end\"><\/span><\/h2>\n<p><span style=\"color: #000000;\"><span style=\"font-size: 16px;\"><span style=\"font-family: times new roman,times,serif;\">M\u1ed9t trong nh\u1eefng c\u00e1ch ch\u1ecdn mua \u0111\u00e8n Led n\u1ed5i tr\u1ea7n ph\u00f9 h\u1ee3p, ch\u1ea5t l\u01b0\u1ee3ng ch\u00ednh l\u00e0 t\u00ecm \u0111\u1ebfn c\u00e1c \u0111\u01a1n v\u1ecb cung c\u1ea5p uy t\u00edn. KAWALED t\u1ef1 tin\u00a0l\u00e0 m\u1ed9t trong nh\u1eefng \u0111\u01a1n v\u1ecb h\u00e0ng \u0111\u1ea7u cung c\u1ea5p \u0111\u00e8n LED ch\u1ea5t l\u01b0\u1ee3ng v\u1edbi nhi\u1ec1u lo\u1ea1i nh\u01b0: \u0111\u00e8n Led Panel tr\u00f2n n\u1ed5i tr\u1ea7n tr\u00f2n, Led n\u1ed5i tr\u1ea7n vu\u00f4ng gi\u1eadt c\u1ea5p, \u0111\u00e8n \u00e2m tr\u1ea7n tr\u00f2n\u2026<\/span><\/span><\/span><\/p>\n<ul>\n<li><span style=\"color: #000000;\"><span style=\"font-size: 16px;\"><span style=\"font-family: times new roman,times,serif;\">C\u00e1c b\u1ed9 ph\u1eadn c\u1ee7a \u0111\u00e8n nh\u01b0 Chip LED hay ngu\u1ed3n \u0111\u01b0\u1ee3c c\u1ea5u t\u1ea1o t\u1eeb \u0110\u00e0i Loan v\u00e0 H\u00e0n Qu\u1ed1c. Ch\u1ea5t l\u01b0\u1ee3ng cao, \u1ed5n \u0111\u1ecbnh \u00e1nh s\u00e1ng t\u1ef1 nhi\u00ean an to\u00e0n cho m\u1eaft ng\u01b0\u1eddi d\u00f9ng.<\/span><\/span><\/span><\/li>\n<li><span style=\"color: #000000;\"><span style=\"font-size: 16px;\"><span style=\"font-family: times new roman,times,serif;\">Ch\u00ednh s\u00e1ch b\u1ea3o h\u00e0nh \u0111\u1ed5i tr\u1ea3 nhanh ch\u00f3ng trong v\u00f2ng 2 n\u0103m.<\/span><\/span><\/span><\/li>\n<li><span style=\"color: #000000;\"><span style=\"font-size: 16px;\"><span style=\"font-family: times new roman,times,serif;\">\u0110\u1ed9i ng\u1ee7 s\u1ea3n xu\u1ea5t c\u1ee7a c\u00f4ng ty KAWAKLED\u00a0c\u00f3 h\u01a1n 10 n\u0103m kinh nghi\u1ec7m ho\u1ea1t \u0111\u1ed9ng trong ng\u00e0nh \u0111\u00e8n LED. Do \u0111\u00f3 Qu\u00fd Kh\u00e1ch c\u00f3 th\u1ec3 ho\u00e0n to\u00e0n tin t\u01b0\u1edfng khi s\u1eed d\u1ee5ng s\u1ea3n ph\u1ea9m chi\u1ebfu s\u00e1ng t\u1eeb c\u00f4ng ty ch\u00fang t\u00f4i.<\/span><\/span><\/span><\/li>\n<li><span style=\"color: #000000;\"><span style=\"font-size: 16px;\"><span style=\"font-family: times new roman,times,serif;\">\u0110\u1ed9i ng\u0169 t\u01b0 v\u1ea5n b\u00e1n h\u00e0ng chuy\u00ean nghi\u1ec7p c\u00f9ng \u0111\u1ed9i ng\u0169 h\u1ed7 tr\u1ee3 k\u1ef9 thu\u1eadt nhanh ch\u00f3ng. Gi\u1ea3i \u0111\u00e1p th\u1eafc m\u1eafc kh\u00e1ch h\u00e0ng nhanh ch\u00f3ng.<\/span><\/span><\/span><\/li>\n<\/ul>\n<h2><span class=\"ez-toc-section\" id=\"THONG_SO_KY_THUAT\"><\/span><span style=\"color: #000000;\"><span style=\"font-size: 16px;\"><span style=\"font-family: times new roman,times,serif;\"><strong>TH\u00d4NG S\u1ed0 K\u1ef8 THU\u1eacT<\/strong><\/span><\/span><\/span><span class=\"ez-toc-section-end\"><\/span><\/h2>\n<ul>\n<li><span style=\"color: #000000;\"><span style=\"font-size: 16px;\"><span style=\"font-family: times new roman,times,serif;\">\u0110i\u1ec7n \u00e1p ho\u1ea1t \u0111\u1ed9ng 100~265V &#8211; 50\/60Hz<\/span><\/span><\/span><\/li>\n<li><span style=\"color: #000000;\"><span style=\"font-size: 16px;\"><span style=\"font-family: times new roman,times,serif;\">C\u00f4ng su\u1ea5t v\u00f2ng LED 18W<\/span><\/span><\/span><\/li>\n<li><span style=\"color: #000000;\"><span style=\"font-size: 16px;\"><span style=\"font-family: times new roman,times,serif;\">\u00c1nh S\u00e1ng : Tr\u1eafng\/V\u00e0ng<\/span><\/span><\/span><\/li>\n<li><span style=\"color: #000000;\"><span style=\"font-size: 16px;\"><span style=\"font-family: times new roman,times,serif;\">Tu\u1ed5i th\u1ecd 25.000 gi\u1edd<\/span><\/span><\/span><\/li>\n<li><span style=\"color: #000000;\"><span style=\"font-size: 16px;\"><span style=\"font-family: times new roman,times,serif;\">Quang th\u00f4ng: 1080-1260 Lumen<\/span><\/span><\/span><\/li>\n<li><span style=\"color: #000000;\"><span style=\"font-size: 16px;\"><span style=\"font-family: times new roman,times,serif;\">Ch\u1ec9 s\u1ed1 ho\u00e0n m\u00e0u (RA) =85<\/span><\/span><\/span><\/li>\n<li><span style=\"color: #000000;\"><span style=\"font-size: 16px;\"><span style=\"font-family: times new roman,times,serif;\">K\u00edch th\u01b0\u1edbc: \u00d8225x35mm<\/span><\/span><\/span><\/li>\n<li><span style=\"color: #000000;\"><span style=\"font-size: 16px;\"><span style=\"font-family: times new roman,times,serif;\">Th\u00f9ng : 10\u00a0C\u00e1i\/Th\u00f9ng<\/span><\/span><\/span><\/li>\n<\/ul>\n<p style=\"margin-left: 120px;\"><span style=\"color: #000000;\"><span style=\"font-size: 16px;\"><span style=\"font-family: times new roman,times,serif;\"><img decoding=\"async\" class=\"size-full wp-image-21009 aligncenter\" style=\"width: 600px; height: 600px;\" src=\"https:\/\/kawaled.com.vn\/wp-content\/uploads\/2019\/06\/den-tron-op-tran-18w-1.jpg\" alt=\"\" width=\"1000\" height=\"1000\" srcset=\"https:\/\/kawaled.com.vn\/wp-content\/uploads\/2019\/06\/den-tron-op-tran-18w-1.jpg 1000w, https:\/\/kawaled.com.vn\/wp-content\/uploads\/2019\/06\/den-tron-op-tran-18w-1-768x768.jpg 768w, https:\/\/kawaled.com.vn\/wp-content\/uploads\/2019\/06\/den-tron-op-tran-18w-1-640x640.jpg 640w, https:\/\/kawaled.com.vn\/wp-content\/uploads\/2019\/06\/den-tron-op-tran-18w-1-400x400.jpg 400w\" sizes=\"(max-width: 1000px) 100vw, 1000px\" \/><\/span><\/span><\/span><\/p>\n<h2><span class=\"ez-toc-section\" id=\"MOT_SO_LUU_Y_KHI_SU_DUNG_DEN_TRAN_TRON\"><\/span><span style=\"color: #000000;\"><span style=\"font-size: 16px;\"><span style=\"font-family: times new roman,times,serif;\"><strong>M\u1ed8T S\u1ed0 L\u01afU \u00dd KHI S\u1eec D\u1ee4NG \u0110\u00c8N TR\u1ea6N TR\u00d2N<\/strong><\/span><\/span><\/span><span class=\"ez-toc-section-end\"><\/span><\/h2>\n<ul>\n<li><span style=\"color: #000000;\"><span style=\"font-size: 16px;\"><span style=\"font-family: times new roman,times,serif;\">B\u1ea1n n\u00ean l\u1eafp \u0111\u00e8n \u1ed1p tr\u1ea7n \u1edf n\u01a1i kh\u00f4 tho\u00e1ng, tr\u00e1nh \u0111\u1ed9 \u1ea9m cao \u0111\u1ec3 tr\u00e1nh g\u00e2y ra hi\u1ec7n t\u01b0\u1ee3ng ch\u1eadp ch\u00e1y s\u1ebd r\u1ea5t nguy hi\u1ec3m.<\/span><\/span><\/span><\/li>\n<li><span style=\"color: #000000;\"><span style=\"font-size: 16px;\"><span style=\"font-family: times new roman,times,serif;\">Kh\u00f4ng n\u00ean b\u1eadt t\u1eaft \u0111\u00e8n li\u00ean t\u1ee5c trong th\u1eddi gian ng\u1eafn, \u0111\u1eb7c bi\u1ec7t gia \u0111\u00ecnh c\u00f3 tr\u1ebb con. S\u1ebd d\u1ec5 g\u00e2y h\u1ecfng chip Led v\u00e0 \u1ea3nh h\u01b0\u1edfng \u0111\u1ebfn tu\u1ed5i th\u1ecd c\u1ee7a \u0111\u00e8n.<\/span><\/span><\/span><\/li>\n<li><span style=\"color: #000000;\"><span style=\"font-size: 16px;\"><span style=\"font-family: times new roman,times,serif;\">N\u00ean th\u01b0\u1eddng xuy\u00ean d\u00f9ng kh\u0103n m\u1ec1m \u0111\u1ec3 lau nh\u1eb9 xung quanh \u0111\u00e8n. Gi\u00fap \u0111\u00e8n tr\u1edf n\u00ean s\u1ea1ch s\u1ebd, t\u0103ng hi\u1ec7u qu\u1ea3 \u00e1nh s\u00e1ng v\u00e0 \u0111\u1ea3m b\u00e1o t\u00ednh th\u1ea9m m\u1ef9 cao.<\/span><\/span><\/span><\/li>\n<\/ul>\n<p><span style=\"color: #000000;\"><span style=\"font-size: 16px;\"><span style=\"font-family: times new roman,times,serif;\"><b>TH\u00d4NG TIN C\u1ea6N BI\u1ebeT:<\/b><\/span><\/span><\/span><\/p>\n<ul>\n<li><span style=\"font-family: arial,helvetica,sans-serif;\"><span style=\"font-size: 16px;\"><strong><a href=\"https:\/\/kawaled.com.vn\/tai-sao-lai-cho-den-led-downlight-op-tran-noi\"><span style=\"color: #0000cd;\">T\u1ea1i sao n\u00ean ch\u1ecdn \u0111\u00e8n downlight \u1ed1p n\u1ed5i tr\u1ea7n<\/span><\/a><\/strong><\/span><\/span><\/li>\n<\/ul>\n<p style=\"text-align: center;\"><span style=\"font-family: times new roman,times,serif;\"><span style=\"font-size: 16px;\"><span style=\"color: #000000;\"><b>C\u1ea3m \u01a1n qu\u00fd kh\u00e1ch \u0111\u00e3 tin d\u00f9ng s\u1ea3n ph\u1ea9m Kawaled!<\/b><\/span><\/span><\/span><\/p>\n<p style=\"text-align: center;\"><span style=\"font-family: times new roman,times,serif;\"><span style=\"font-size: 16px;\"><span style=\"color: #000000;\"><b>Toll-Free Consulting Hotline:<\/b><b>\u00a0<\/b><\/span><span style=\"color: #ff0000;\"><b>1800 0058<\/b><\/span><span style=\"color: #000000;\"><b>\u00a0Or Call Directly:\u00a0<\/b><\/span><span style=\"color: #ff0000;\"><b>0911 761010<\/b><\/span><\/span><\/span><\/p>\n<p align=\"center\"><span style=\"font-family: times new roman,times,serif;\"><span style=\"font-size: 16px;\"><span style=\"color: #000000;\"><strong>Website:\u00a0<\/strong><\/span><a href=\"https:\/\/kawasan.vn\/\" target=\"_blank\" rel=\"noopener\"><span style=\"color: #0000cd;\"><strong>www.kawasan.vn<\/strong><\/span><\/a><\/span><\/span><\/p>\n<p align=\"center\"><span style=\"font-family: times new roman,times,serif;\"><span style=\"font-size: 16px;\"><span style=\"color: #000000;\"><strong>Website:\u00a0<\/strong><\/span><a href=\"https:\/\/kawaled.com.vn\/\"><span style=\"color: #0000cd;\"><strong>www.kawaled.com.vn<\/strong><\/span><\/a><\/span><\/span><\/p>\n<p style=\"text-align: center;\">","protected":false},"excerpt":{"rendered":"<p>T\u1ea0I SAO N\u00caN CH\u1eccN \u0110\u00c8N LED TR\u00d2N PANEL \u1ed0P TR\u1ea6N \u0110\u00e8n Led n\u1ed5i tr\u1ea7n tr\u00f2n 1 m\u00e0u l\u00e0 lo\u1ea1i \u0111\u00e8n g\u1eafn n\u1ed5i tr\u00ean tr\u1ea7n b\u00ea t\u00f4ng, khi kh\u00f4ng l\u1eafp \u0111\u01b0\u1ee3c \u0111\u00e8n \u00e2m tr\u1ea7n. Thi\u1ebft k\u1ebf d\u1ea1ng tr\u00f2n \u0111\u01a1n gi\u1ea3n v\u00e0 \u0111\u1eb9p m\u1eaft, ti\u1ec7n d\u1ee5ng l\u1eafp \u0111\u1eb7t cho nhi\u1ec1u kh\u00f4ng gian. T\u1ea1o c\u1ea3m gi\u00e1c sang tr\u1ecdng [&hellip;]<\/p>","protected":false},"featured_media":21006,"comment_status":"open","ping_status":"closed","template":"","meta":{"rank_math_description":"\u0110\u00e8n led n\u1ed5i tr\u1ea7n tr\u00f2n 1 m\u00e0u NT225-18W-T\/V. Kh\u1ea3 n\u0103ng ti\u1ebft ki\u1ec7m \u0111\u1ebfn 60% \u0111i\u1ec7n n\u0103ng ti\u00eau th\u1ee5, so v\u1edbi c\u00e1c \u0111\u00e8n truy\u1ec1n th\u1ed1ng c\u00f9ng c\u00f4ng su\u1ea5t.","rank_math_focus_keyword":"\u0111\u00e8n led n\u1ed5i tr\u1ea7n tr\u00f2n","rank_math_secondary_keywords":""},"product_cat":[1747,1768,1736,3789],"product_tag":[3247,565,1794,3237,1789,3248,3245,3228,3244,1944,1790,3246],"class_list":["post-21010","product","type-product","status-publish","has-post-thumbnail","hentry","product_cat-den-led-downlight","product_cat-den-led-noi-tran","product_cat-den-led-noi-tran-tron","product_cat-den-noi-tran-1-mau","product_tag-den-led-noi","product_tag-den-led-noi-tran","product_tag-den-led-op-tran-noi","product_tag-den-led-op-tran-noi-sieu-mong","product_tag-den-led-tron-op-tran","product_tag-den-noi-tran","product_tag-den-op-noi","product_tag-den-op-tran-noi","product_tag-den-tran-noi","product_tag-kawaled","product_tag-led-noi-tran","product_tag-mau-den-led-op-tran-noi"],"acf":[],"_links":{"self":[{"href":"https:\/\/kawaled.com.vn\/en\/wp-json\/wp\/v2\/product\/21010","targetHints":{"allow":["GET"]}}],"collection":[{"href":"https:\/\/kawaled.com.vn\/en\/wp-json\/wp\/v2\/product"}],"about":[{"href":"https:\/\/kawaled.com.vn\/en\/wp-json\/wp\/v2\/types\/product"}],"replies":[{"embeddable":true,"href":"https:\/\/kawaled.com.vn\/en\/wp-json\/wp\/v2\/comments?post=21010"}],"version-history":[{"count":0,"href":"https:\/\/kawaled.com.vn\/en\/wp-json\/wp\/v2\/product\/21010\/revisions"}],"wp:featuredmedia":[{"embeddable":true,"href":"https:\/\/kawaled.com.vn\/en\/wp-json\/wp\/v2\/media\/21006"}],"wp:attachment":[{"href":"https:\/\/kawaled.com.vn\/en\/wp-json\/wp\/v2\/media?parent=21010"}],"wp:term":[{"taxonomy":"product_cat","embeddable":true,"href":"https:\/\/kawaled.com.vn\/en\/wp-json\/wp\/v2\/product_cat?post=21010"},{"taxonomy":"product_tag","embeddable":true,"href":"https:\/\/kawaled.com.vn\/en\/wp-json\/wp\/v2\/product_tag?post=21010"}],"curies":[{"name":"wp","href":"https:\/\/api.w.org\/{rel}","templated":true}]}}