{"id":20999,"date":"2018-11-09T08:21:59","date_gmt":"2018-11-09T01:21:59","guid":{"rendered":"https:\/\/kawaled.123websitedev.com\/san-pham\/den-led-bulb-tron-a50-5w-t-v\/"},"modified":"2026-02-02T11:27:09","modified_gmt":"2026-02-02T04:27:09","slug":"bong-den-led-bulb-tron-a50-5w-t-v-kawaled","status":"publish","type":"product","link":"https:\/\/kawaled.com.vn\/en\/product\/bong-den-led-bulb-tron-a50-5w-t-v-kawaled\/","title":{"rendered":"\u0110\u00c8N LED BULB TR\u00d2N TH\u00c2N NH\u1ef0A A50-5W-T\/V C\u00d4NG SU\u1ea4T 100%"},"content":{"rendered":"<h2 data-start=\"433\" data-end=\"495\"><span class=\"ez-toc-section\" id=\"Bong_Den_Bulb_Led_Tron_Than_Nhua_Kawaled\"><\/span><span style=\"font-size: 24px;\">B\u00f3ng \u0110\u00e8n Bulb Led Tr\u00f2n Th\u00e2n Nh\u1ef1a Kawaled<\/span><span class=\"ez-toc-section-end\"><\/span><\/h2><div id=\"ez-toc-container\" class=\"ez-toc-v2_0_69_1 counter-hierarchy ez-toc-counter ez-toc-grey ez-toc-container-direction\">\n<div class=\"ez-toc-title-container\">\n<p class=\"ez-toc-title\" >N\u1ed9i Dung B&agrave;i Vi\u1ebft<\/p>\n<span class=\"ez-toc-title-toggle\"><a href=\"#\" class=\"ez-toc-pull-right ez-toc-btn ez-toc-btn-xs ez-toc-btn-default ez-toc-toggle\" aria-label=\"Toggle Table of Content\"><span class=\"ez-toc-js-icon-con\"><span class=\"\"><span class=\"eztoc-hide\" style=\"display:none;\">Toggle<\/span><span class=\"ez-toc-icon-toggle-span\"><svg style=\"fill: #999;color:#999\" xmlns=\"http:\/\/www.w3.org\/2000\/svg\" class=\"list-377408\" width=\"20px\" height=\"20px\" viewbox=\"0 0 24 24\" fill=\"none\"><path d=\"M6 6H4v2h2V6zm14 0H8v2h12V6zM4 11h2v2H4v-2zm16 0H8v2h12v-2zM4 16h2v2H4v-2zm16 0H8v2h12v-2z\" fill=\"currentColor\"><\/path><\/svg><svg style=\"fill: #999;color:#999\" class=\"arrow-unsorted-368013\" xmlns=\"http:\/\/www.w3.org\/2000\/svg\" width=\"10px\" height=\"10px\" viewbox=\"0 0 24 24\" version=\"1.2\" baseprofile=\"tiny\"><path d=\"M18.2 9.3l-6.2-6.3-6.2 6.3c-.2.2-.3.4-.3.7s.1.5.3.7c.2.2.4.3.7.3h11c.3 0 .5-.1.7-.3.2-.2.3-.5.3-.7s-.1-.5-.3-.7zM5.8 14.7l6.2 6.3 6.2-6.3c.2-.2.3-.5.3-.7s-.1-.5-.3-.7c-.2-.2-.4-.3-.7-.3h-11c-.3 0-.5.1-.7.3-.2.2-.3.5-.3.7s.1.5.3.7z\"\/><\/svg><\/span><\/span><\/span><\/a><\/span><\/div>\n<nav><ul class='ez-toc-list ez-toc-list-level-1 eztoc-toggle-hide-by-default' ><li class='ez-toc-page-1 ez-toc-heading-level-2'><a class=\"ez-toc-link ez-toc-heading-1\" href=\"https:\/\/kawaled.com.vn\/en\/product\/bong-den-led-bulb-tron-a50-5w-t-v-kawaled\/#Bong_Den_Bulb_Led_Tron_Than_Nhua_Kawaled\" title=\"B\u00f3ng \u0110\u00e8n Bulb Led Tr\u00f2n Th\u00e2n Nh\u1ef1a Kawaled\">B\u00f3ng \u0110\u00e8n Bulb Led Tr\u00f2n Th\u00e2n Nh\u1ef1a Kawaled<\/a><\/li><li class='ez-toc-page-1 ez-toc-heading-level-2'><a class=\"ez-toc-link ez-toc-heading-2\" href=\"https:\/\/kawaled.com.vn\/en\/product\/bong-den-led-bulb-tron-a50-5w-t-v-kawaled\/#Uu_diem_vuot_troi\" title=\"\u01afu \u0111i\u1ec3m v\u01b0\u1ee3t tr\u1ed9i\">\u01afu \u0111i\u1ec3m v\u01b0\u1ee3t tr\u1ed9i<\/a><\/li><li class='ez-toc-page-1 ez-toc-heading-level-2'><a class=\"ez-toc-link ez-toc-heading-3\" href=\"https:\/\/kawaled.com.vn\/en\/product\/bong-den-led-bulb-tron-a50-5w-t-v-kawaled\/#Ung_dung_thuc_te\" title=\"\u1ee8ng d\u1ee5ng th\u1ef1c t\u1ebf\">\u1ee8ng d\u1ee5ng th\u1ef1c t\u1ebf<\/a><\/li><li class='ez-toc-page-1 ez-toc-heading-level-2'><a class=\"ez-toc-link ez-toc-heading-4\" href=\"https:\/\/kawaled.com.vn\/en\/product\/bong-den-led-bulb-tron-a50-5w-t-v-kawaled\/#Chinh_sach_bao_hanh_va_cam_ket_chinh_hang\" title=\"Ch\u00ednh s\u00e1ch b\u1ea3o h\u00e0nh v\u00e0 cam k\u1ebft ch\u00ednh h\u00e3ng\">Ch\u00ednh s\u00e1ch b\u1ea3o h\u00e0nh v\u00e0 cam k\u1ebft ch\u00ednh h\u00e3ng<\/a><\/li><li class='ez-toc-page-1 ez-toc-heading-level-2'><a class=\"ez-toc-link ez-toc-heading-5\" href=\"https:\/\/kawaled.com.vn\/en\/product\/bong-den-led-bulb-tron-a50-5w-t-v-kawaled\/#Ve_thuong_hieu_Kawaled_%E2%80%93_Uy_tin_tu_chat_luong_that\" title=\"V\u1ec1 th\u01b0\u01a1ng hi\u1ec7u Kawaled \u2013 Uy t\u00edn t\u1eeb ch\u1ea5t l\u01b0\u1ee3ng th\u1eadt\">V\u1ec1 th\u01b0\u01a1ng hi\u1ec7u Kawaled \u2013 Uy t\u00edn t\u1eeb ch\u1ea5t l\u01b0\u1ee3ng th\u1eadt<\/a><\/li><\/ul><\/nav><\/div>\n\n<p data-start=\"529\" data-end=\"872\"><span style=\"font-size: 17px;\"><strong data-start=\"529\" data-end=\"584\">B\u00f3ng \u0111\u00e8n led bulb tr\u00f2n th\u00e2n nh\u1ef1a Kawaled A50-5W-T\/V<\/strong>\u00a0l\u00e0 gi\u1ea3i ph\u00e1p chi\u1ebfu s\u00e1ng ti\u1ec7n l\u1ee3i, hi\u1ec7n \u0111\u1ea1i d\u00e0nh cho m\u1ecdi kh\u00f4ng gian. V\u1edbi thi\u1ebft k\u1ebf nh\u1ecf g\u1ecdn, d\u1ec5 l\u1eafp \u0111\u1eb7t, \u0111ui E27 ph\u1ed5 th\u00f4ng v\u00e0 nhi\u1ec1u l\u1ef1a ch\u1ecdn c\u00f4ng su\u1ea5t t\u1eeb 3W \u0111\u1ebfn 15W, s\u1ea3n ph\u1ea9m \u0111\u00e1p \u1ee9ng \u0111a d\u1ea1ng nhu c\u1ea7u s\u1eed d\u1ee5ng. \u0110\u1eb7c bi\u1ec7t, <strong data-start=\"800\" data-end=\"828\">c\u00f4ng su\u1ea5t ho\u1ea1t \u0111\u1ed9ng 100%<\/strong> \u0111\u1ea3m b\u1ea3o hi\u1ec7u su\u1ea5t s\u00e1ng th\u1ef1c t\u1ebf nh\u01b0 cam k\u1ebft.<\/span><\/p>\n<p data-start=\"874\" data-end=\"1012\"><span style=\"font-size: 17px;\">\u00c1nh s\u00e1ng ph\u00e1t ra \u00eam d\u1ecbu, kh\u00f4ng g\u00e2y ch\u00f3i, h\u1ea1n ch\u1ebf m\u1ecfi m\u1eaft d\u00f9 s\u1eed d\u1ee5ng th\u1eddi gian d\u00e0i. Kh\u00e1ch h\u00e0ng c\u00f3 th\u1ec3 l\u1ef1a ch\u1ecdn <strong data-start=\"984\" data-end=\"1009\">2 ch\u1ebf \u0111\u1ed9 m\u00e0u \u00e1nh s\u00e1ng<\/strong>:<\/span><\/p>\n<ul data-start=\"1013\" data-end=\"1158\">\n<li data-start=\"1013\" data-end=\"1086\">\n<p data-start=\"1015\" data-end=\"1086\"><span style=\"font-size: 17px;\"><strong data-start=\"1015\" data-end=\"1035\">Tr\u1eafng s\u00e1ng 6000K<\/strong> \u2013 r\u00f5 n\u00e9t, tinh khi\u1ebft, ph\u00f9 h\u1ee3p sinh ho\u1ea1t, h\u1ecdc t\u1eadp<\/span><\/p>\n<\/li>\n<li data-start=\"1087\" data-end=\"1158\">\n<p data-start=\"1089\" data-end=\"1158\"><span style=\"font-size: 17px;\"><strong data-start=\"1089\" data-end=\"1106\">V\u00e0ng \u1ea5m 3000K<\/strong> \u2013 d\u1ecbu nh\u1eb9, th\u01b0 gi\u00e3n, ph\u00f9 h\u1ee3p trang tr\u00ed v\u00e0 ngh\u1ec9 ng\u01a1i<\/span><\/p>\n<\/li>\n<\/ul>\n<p data-start=\"1160\" data-end=\"1259\"><span style=\"font-size: 17px;\">Tu\u1ed5i th\u1ecd s\u1ea3n ph\u1ea9m l\u00ean \u0111\u1ebfn <strong data-start=\"1186\" data-end=\"1200\">25.000 gi\u1edd<\/strong>, ti\u1ebft ki\u1ec7m \u0111\u00e1ng k\u1ec3 chi ph\u00ed b\u1ea3o tr\u00ec, thay th\u1ebf th\u01b0\u1eddng xuy\u00ean.<\/span><\/p>\n<figure id=\"attachment_24052\" aria-describedby=\"caption-attachment-24052\" style=\"width: 560px\" class=\"wp-caption aligncenter\"><img decoding=\"async\" class=\"wp-image-24052\" src=\"https:\/\/kawaled.com.vn\/wp-content\/uploads\/2022\/11\/bong-den-led-bulb-tron-5w-kawaled.jpg\" alt=\"\u0110\u00e8n LED tr\u00f2n 5W ch\u00ednh h\u00e3ng c\u00f3 VAT\" width=\"560\" height=\"560\" \/><figcaption id=\"caption-attachment-24052\" class=\"wp-caption-text\">Gi\u00e1 b\u00f3ng \u0111\u00e8n LED 5W bao g\u1ed3m thu\u1ebf, b\u1ea3o h\u00e0nh to\u00e0n qu\u1ed1c<\/figcaption><\/figure>\n<figure id=\"attachment_23945\" aria-describedby=\"caption-attachment-23945\" style=\"width: 560px\" class=\"wp-caption aligncenter\"><img decoding=\"async\" class=\"wp-image-23945\" src=\"https:\/\/kawaled.com.vn\/wp-content\/uploads\/2022\/11\/LED2-A65-AS.jpg\" alt=\"So s\u00e1nh \u00e1nh s\u00e1ng tr\u1eafng v\u00e0 v\u00e0ng c\u1ee7a b\u00f3ng \u0111\u00e8n led bulb Kawaled\" width=\"560\" height=\"560\" \/><figcaption id=\"caption-attachment-23945\" class=\"wp-caption-text\">B\u00f3ng \u0111\u00e8n LED bulb tr\u00f2n c\u00f3 hai l\u1ef1a ch\u1ecdn \u00e1nh s\u00e1ng: tr\u1eafng v\u00e0 v\u00e0ng, ph\u00f9 h\u1ee3p v\u1edbi t\u1eebng kh\u00f4ng gian<\/figcaption><\/figure>\n<h2 data-start=\"1266\" data-end=\"1326\"><span class=\"ez-toc-section\" id=\"Uu_diem_vuot_troi\"><\/span><span style=\"font-size: 24px;\"><strong data-start=\"1270\" data-end=\"1326\">\u01afu \u0111i\u1ec3m v\u01b0\u1ee3t tr\u1ed9i<\/strong><\/span><span class=\"ez-toc-section-end\"><\/span><\/h2>\n<ul data-start=\"1328\" data-end=\"2064\">\n<li data-start=\"1328\" data-end=\"1468\">\n<p data-start=\"1330\" data-end=\"1468\"><span style=\"font-size: 17px;\"><strong data-start=\"1330\" data-end=\"1365\">Thi\u1ebft k\u1ebf g\u1ecdn \u2013 Chi\u1ebfu s\u00e1ng r\u1ed9ng:<\/strong> Ki\u1ec3u d\u00e1ng A60 nh\u1ecf nh\u1eafn, \u0111\u1ea7u b\u00f3ng bo tr\u00f2n, t\u1ecfa s\u00e1ng \u0111\u1ebfn 180\u00b0 \u2013 th\u00edch h\u1ee3p cho c\u1ea3 kh\u00f4ng gian k\u00edn v\u00e0 m\u1edf.<\/span><\/p>\n<\/li>\n<li data-start=\"1469\" data-end=\"1582\">\n<p data-start=\"1471\" data-end=\"1582\"><span style=\"font-size: 17px;\"><strong data-start=\"1471\" data-end=\"1492\">Th\u00e2n \u0111\u00e8n cao c\u1ea5p:<\/strong> V\u1ecf nh\u1ef1a k\u1ebft h\u1ee3p l\u00f5i nh\u00f4m t\u1ea3n nhi\u1ec7t nhanh \u2013 duy tr\u00ec \u0111\u1ed9 b\u1ec1n cho b\u00f3ng trong th\u1eddi gian d\u00e0i.<\/span><\/p>\n<\/li>\n<li data-start=\"1583\" data-end=\"1708\">\n<p data-start=\"1585\" data-end=\"1708\"><span style=\"font-size: 17px;\"><strong data-start=\"1585\" data-end=\"1615\">Ch\u1ec9 s\u1ed1 ho\u00e0n m\u00e0u cao Ra=85:<\/strong> Gi\u00fap v\u1eadt th\u1ec3 \u0111\u01b0\u1ee3c chi\u1ebfu s\u00e1ng c\u00f3 m\u00e0u s\u1eafc t\u1ef1 nhi\u00ean, sinh \u0111\u1ed9ng, t\u0103ng t\u00ednh th\u1ea9m m\u1ef9 kh\u00f4ng gian.<\/span><\/p>\n<\/li>\n<li data-start=\"1709\" data-end=\"1828\">\n<p data-start=\"1711\" data-end=\"1828\"><span style=\"font-size: 17px;\"><strong data-start=\"1711\" data-end=\"1738\">C\u00f4ng ngh\u1ec7 chip LED SMD:<\/strong> \u00c1nh s\u00e1ng m\u1ea1nh h\u01a1n \u0111\u00e8n compact, ti\u1ebft ki\u1ec7m \u0111i\u1ec7n n\u0103ng l\u00ean t\u1edbi 60% so v\u1edbi \u0111\u00e8n truy\u1ec1n th\u1ed1ng.<\/span><\/p>\n<\/li>\n<li data-start=\"1829\" data-end=\"1960\">\n<p data-start=\"1831\" data-end=\"1960\"><span style=\"font-size: 17px;\"><strong data-start=\"1831\" data-end=\"1854\">Ngu\u1ed3n \u0111i\u1ec7n \u1ed5n \u0111\u1ecbnh:<\/strong> S\u1eed d\u1ee5ng b\u1ed9 ngu\u1ed3n xung c\u00e1ch ly, ho\u1ea1t \u0111\u1ed9ng t\u1ed1t trong d\u1ea3i \u0111i\u1ec7n \u00e1p r\u1ed9ng 165\u2013265V, ch\u1ed1ng ch\u1eadp ch\u1eddn hi\u1ec7u qu\u1ea3.<\/span><\/p>\n<\/li>\n<li data-start=\"1961\" data-end=\"2064\">\n<p data-start=\"1963\" data-end=\"2064\"><span style=\"font-size: 17px;\"><strong data-start=\"1963\" data-end=\"1984\">\u0110\u1ed9 b\u1ec1n v\u01b0\u1ee3t tr\u1ed9i:<\/strong> S\u1eed d\u1ee5ng li\u00ean t\u1ee5c 5 n\u0103m kh\u00f4ng lo h\u1ecfng h\u00f3c, ph\u00f9 h\u1ee3p v\u1edbi m\u1ecdi \u0111i\u1ec1u ki\u1ec7n m\u00f4i tr\u01b0\u1eddng.<\/span><\/p>\n<\/li>\n<\/ul>\n<p>&nbsp;<\/p>\n<figure id=\"attachment_24033\" aria-describedby=\"caption-attachment-24033\" style=\"width: 560px\" class=\"wp-caption aligncenter\"><img decoding=\"async\" class=\"wp-image-24033\" src=\"https:\/\/kawaled.com.vn\/wp-content\/uploads\/2018\/07\/uu-diem-bong-den-led-bulb-tron-kawaled-A.jpg\" alt=\"\u01afu \u0111i\u1ec3m n\u1ed5i b\u1eadt b\u00f3ng \u0111\u00e8n led bulb tr\u00f2n Kawaled c\u00f4ng su\u1ea5t 100%\" width=\"560\" height=\"560\" \/><figcaption id=\"caption-attachment-24033\" class=\"wp-caption-text\">\u00c1nh s\u00e1ng m\u1ea1nh \u2013 T\u1ea3n nhi\u1ec7t nh\u00f4m \u2013 B\u1ec1n b\u1ec9 \u0111\u1ebfn 25.000 gi\u1edd<\/figcaption><\/figure>\n<figure id=\"attachment_24031\" aria-describedby=\"caption-attachment-24031\" style=\"width: 560px\" class=\"wp-caption aligncenter\"><img decoding=\"async\" class=\"wp-image-24031\" src=\"https:\/\/kawaled.com.vn\/wp-content\/uploads\/2018\/07\/chi-so-ra-bong-den-led-tron-kawaled-A.jpg\" alt=\"So s\u00e1nh ch\u1ea5t l\u01b0\u1ee3ng \u00e1nh s\u00e1ng b\u00f3ng \u0111\u00e8n led bulb tr\u00f2n Kawaled Ra=85\" width=\"560\" height=\"560\" \/><figcaption id=\"caption-attachment-24031\" class=\"wp-caption-text\">B\u00f3ng \u0111\u00e8n led bulb tr\u00f2n Kawaled cho \u00e1nh s\u00e1ng trung th\u1ef1c, kh\u00f4ng g\u00e2y sai l\u1ec7ch m\u00e0u s\u1eafc<\/figcaption><\/figure>\n<h2 data-start=\"2071\" data-end=\"2095\"><span class=\"ez-toc-section\" id=\"Ung_dung_thuc_te\"><\/span><span style=\"font-size: 24px;\"><strong data-start=\"2075\" data-end=\"2095\">\u1ee8ng d\u1ee5ng th\u1ef1c t\u1ebf<\/strong><\/span><span class=\"ez-toc-section-end\"><\/span><\/h2>\n<p data-start=\"2097\" data-end=\"2178\"><span style=\"font-size: 17px;\"><strong data-start=\"2097\" data-end=\"2134\">B\u00f3ng \u0111\u00e8n led bulb tr\u00f2n Kawaled 5W<\/strong> l\u00e0 l\u1ef1a ch\u1ecdn linh ho\u1ea1t cho nhi\u1ec1u kh\u00f4ng gian:<\/span><\/p>\n<ul data-start=\"2180\" data-end=\"2446\">\n<li data-start=\"2180\" data-end=\"2246\">\n<p data-start=\"2182\" data-end=\"2246\"><span style=\"font-size: 17px;\"><strong data-start=\"2182\" data-end=\"2203\">\u0110\u00e8n led trang tr\u00ed<\/strong> qu\u00e1n cafe, s\u00e2n v\u01b0\u1eddn, nh\u00e0 h\u00e0ng, ban c\u00f4ng\u2026<\/span><\/p>\n<\/li>\n<li data-start=\"2247\" data-end=\"2336\">\n<p data-start=\"2249\" data-end=\"2336\"><span style=\"font-size: 17px;\">G\u1eafn v\u00e0o \u0111\u00e8n b\u00e0n h\u1ecdc, \u0111\u00e8n c\u1ed5ng, \u0111\u00e8n g\u01b0\u01a1ng trang \u0111i\u1ec3m ho\u1eb7c <strong data-start=\"2306\" data-end=\"2334\">\u0111\u00e8n trang tr\u00ed ngo\u00e0i tr\u1eddi<\/strong><\/span><\/p>\n<\/li>\n<li data-start=\"2337\" data-end=\"2446\">\n<p data-start=\"2339\" data-end=\"2446\"><span style=\"font-size: 17px;\">Chi\u1ebfu s\u00e1ng trong c\u00e1c khu v\u1ef1c n\u00f4ng nghi\u1ec7p: v\u01b0\u1eddn tr\u00e1i c\u00e2y, v\u01b0\u1eddn hoa, tr\u1ea1i g\u00e0, trang tr\u1ea1i ch\u0103n nu\u00f4i gia s\u00fac&#8230;<\/span><\/p>\n<\/li>\n<\/ul>\n<p data-start=\"2448\" data-end=\"2555\"><span style=\"font-size: 17px;\">S\u1ea3n ph\u1ea9m \u0111\u00e1p \u1ee9ng y\u00eau c\u1ea7u chi\u1ebfu s\u00e1ng th\u1ea9m m\u1ef9, ti\u1ebft ki\u1ec7m \u0111i\u1ec7n, ho\u1ea1t \u0111\u1ed9ng \u1ed5n \u0111\u1ecbnh ngay c\u1ea3 khi s\u1eed d\u1ee5ng l\u00e2u d\u00e0i.<\/span><\/p>\n<figure id=\"attachment_24032\" aria-describedby=\"caption-attachment-24032\" style=\"width: 560px\" class=\"wp-caption aligncenter\"><img decoding=\"async\" class=\"wp-image-24032\" src=\"https:\/\/kawaled.com.vn\/wp-content\/uploads\/2018\/07\/den-led-trang-tri-trong-nha-bong-den-led-tron-A.jpg\" alt=\"\u0110\u00e8n led bulb tr\u00f2n Kawaled l\u1eafp trong c\u00e1c lo\u1ea1i \u0111\u00e8n trang tr\u00ed n\u1ed9i th\u1ea5t\" width=\"560\" height=\"560\" \/><figcaption id=\"caption-attachment-24032\" class=\"wp-caption-text\">B\u00f3ng \u0111\u00e8n led tr\u00f2n Kawaled th\u00edch h\u1ee3p l\u1eafp cho \u0111\u00e8n b\u00e0n, \u0111\u00e8n ph\u00f2ng ng\u1ee7, \u0111\u00e8n ki\u1ec3u<\/figcaption><\/figure>\n<figure id=\"attachment_24034\" aria-describedby=\"caption-attachment-24034\" style=\"width: 560px\" class=\"wp-caption aligncenter\"><img decoding=\"async\" class=\"wp-image-24034\" src=\"https:\/\/kawaled.com.vn\/wp-content\/uploads\/2018\/07\/ung-dung-den-led-ngoai-troi-quan-cafe-bong-den-led-tron-A.jpg\" alt=\"\u1ee8ng d\u1ee5ng b\u00f3ng \u0111\u00e8n led bulb tr\u00f2n Kawaled cho qu\u00e1n c\u00e0 ph\u00ea, s\u00e2n v\u01b0\u1eddn, ban c\u00f4ng\" width=\"560\" height=\"560\" \/><figcaption id=\"caption-attachment-24034\" class=\"wp-caption-text\">Chi\u1ebfu s\u00e1ng trang tr\u00ed cho qu\u00e1n c\u00e0 ph\u00ea, nh\u00e0 h\u00e0ng, kh\u00f4ng gian ngo\u00e0i tr\u1eddi<\/figcaption><\/figure>\n<h2 data-start=\"2994\" data-end=\"3043\"><span class=\"ez-toc-section\" id=\"Chinh_sach_bao_hanh_va_cam_ket_chinh_hang\"><\/span><span style=\"font-size: 24px;\"><strong data-start=\"2998\" data-end=\"3043\">Ch\u00ednh s\u00e1ch b\u1ea3o h\u00e0nh v\u00e0 cam k\u1ebft ch\u00ednh h\u00e3ng<\/strong><\/span><span class=\"ez-toc-section-end\"><\/span><\/h2>\n<p data-start=\"3045\" data-end=\"3279\"><span style=\"font-size: 17px;\">T\u1ea5t c\u1ea3 s\u1ea3n ph\u1ea9m <strong data-start=\"3061\" data-end=\"3095\">b\u00f3ng \u0111\u00e8n led bulb tr\u00f2n Kawaled<\/strong> \u0111\u1ec1u \u0111\u01b0\u1ee3c <strong data-start=\"3105\" data-end=\"3134\">b\u1ea3o h\u00e0nh ch\u00ednh h\u00e3ng 2 n\u0103m<\/strong>, \u00e1p d\u1ee5ng to\u00e0n qu\u1ed1c. \u0110\u00e8n \u0111\u01b0\u1ee3c s\u1ea3n xu\u1ea5t theo quy tr\u00ecnh nghi\u00eam ng\u1eb7t, m\u1ed7i b\u00f3ng \u0111\u1ec1u \u0111\u01b0\u1ee3c ki\u1ec3m \u0111\u1ecbnh k\u1ef9 l\u01b0\u1ee1ng, \u0111\u1ea3m b\u1ea3o ch\u1ea5t l\u01b0\u1ee3ng tr\u01b0\u1edbc khi xu\u1ea5t x\u01b0\u1edfng.<\/span><\/p>\n<p data-start=\"3281\" data-end=\"3503\"><strong><span style=\"font-size: 17px;\">Ch\u00fang t\u00f4i cam k\u1ebft:<\/span><\/strong><\/p>\n<ul>\n<li><span style=\"font-size: 17px;\">Kh\u00f4ng h\u00e0ng gi\u1ea3 \u2013 kh\u00f4ng h\u00e0ng nh\u00e1i<\/span><\/li>\n<li><span style=\"font-size: 17px;\">S\u1eed d\u1ee5ng linh ki\u1ec7n cao c\u1ea5p t\u1eeb M\u1ef9, H\u00e0n Qu\u1ed1c, \u0110\u00e0i Loan<\/span><\/li>\n<li><span style=\"font-size: 17px;\">D\u00e2y chuy\u1ec1n s\u1ea3n xu\u1ea5t hi\u1ec7n \u0111\u1ea1i \u2013 ki\u1ec3m \u0111\u1ecbnh ch\u1ea5t l\u01b0\u1ee3ng k\u1ef9 c\u00e0ng<\/span><\/li>\n<li><span style=\"font-size: 17px;\">B\u00e1n \u0111\u00fang gi\u00e1 \u2013 \u0111\u1ee7 VAT \u2013 b\u1ea3o h\u00e0nh minh b\u1ea1ch<\/span><\/li>\n<\/ul>\n<figure id=\"attachment_24051\" aria-describedby=\"caption-attachment-24051\" style=\"width: 560px\" class=\"wp-caption aligncenter\"><img decoding=\"async\" class=\"wp-image-24051\" src=\"https:\/\/kawaled.com.vn\/wp-content\/uploads\/2022\/11\/bong-den-led-bulb-tron-5w-bao-hanh-A50-5W-T_V.png\" alt=\"B\u00f3ng \u0111\u00e8n LED bulb tr\u00f2n 5W Kawaled\" width=\"560\" height=\"560\" \/><figcaption id=\"caption-attachment-24051\" class=\"wp-caption-text\">B\u00f3ng \u0111\u00e8n led tr\u00f2n Kawaled 5W hai m\u00e0u \u00e1nh s\u00e1ng<\/figcaption><\/figure>\n<h2 data-start=\"2633\" data-end=\"2694\"><span class=\"ez-toc-section\" id=\"Ve_thuong_hieu_Kawaled_%E2%80%93_Uy_tin_tu_chat_luong_that\"><\/span><strong data-start=\"2637\" data-end=\"2694\">V\u1ec1 th\u01b0\u01a1ng hi\u1ec7u Kawaled \u2013 Uy t\u00edn t\u1eeb ch\u1ea5t l\u01b0\u1ee3ng th\u1eadt<\/strong><span class=\"ez-toc-section-end\"><\/span><\/h2>\n<p data-start=\"2696\" data-end=\"3019\"><span style=\"font-size: 17px;\">Kawaled l\u00e0 th\u01b0\u01a1ng hi\u1ec7u chi\u1ebfu s\u00e1ng cao c\u1ea5p tr\u1ef1c thu\u1ed9c\u00a0<strong data-start=\"2749\" data-end=\"2840\">Kawasan \u2013 doanh nghi\u1ec7p s\u1ea3n xu\u1ea5t v\u00e0 ph\u00e2n ph\u1ed1i thi\u1ebft b\u1ecb \u0111i\u1ec7n th\u00f4ng minh h\u00e0ng \u0111\u1ea7u Vi\u1ec7t Nam<\/strong>.<\/span><br data-start=\"2841\" data-end=\"2844\" \/><span style=\"font-size: 17px;\">Ch\u00fang t\u00f4i kh\u00f4ng ch\u1ec9 cung c\u1ea5p b\u00f3ng \u0111\u00e8n LED ch\u1ea5t l\u01b0\u1ee3ng, m\u00e0 c\u00f2n mang \u0111\u1ebfn gi\u1ea3i ph\u00e1p ti\u1ebft ki\u1ec7m \u0111i\u1ec7n, an to\u00e0n v\u00e0 ti\u1ec7n nghi cho h\u00e0ng tri\u1ec7u h\u1ed9 gia \u0111\u00ecnh v\u00e0 doanh nghi\u1ec7p tr\u00ean to\u00e0n qu\u1ed1c.<\/span><\/p>\n<p data-start=\"3790\" data-end=\"3888\"><span style=\"font-size: 17px;\">\ud83d\udc49 <strong data-start=\"3793\" data-end=\"3888\">H\u00e3y ch\u1ecdn ngay b\u00f3ng \u0111\u00e8n led bulb tr\u00f2n Kawaled \u2013 \u00c1nh s\u00e1ng ch\u1ea5t l\u01b0\u1ee3ng cho cu\u1ed9c s\u1ed1ng ti\u1ec7n nghi!<\/strong><\/span><\/p>\n<p><span style=\"font-size: 17px;\"><b>T\u1ed5ng \u0111\u00e0i t\u01b0 v\u1ea5n mi\u1ec5n ph\u00ed:<\/b><span style=\"font-weight: 400;\"> 1800 0058<\/span><\/span><\/p>\n<p><span style=\"font-size: 17px;\"><b>\ud83d\udcf1 Hotline:<\/b><span style=\"font-weight: 400;\"> 0825411408<\/span><\/span><\/p>\n<p><span style=\"font-size: 17px;\"><b>\ud83c\udf10 Website:<\/b><a href=\"https:\/\/www.kawaled.com.vn\"> <span style=\"font-weight: 400;\">www.kawaled.com.vn<\/span><\/a><\/span><\/p>\n<p><span style=\"font-size: 17px;\"><span style=\"font-weight: 400;\">&gt; Xem th\u00eam c\u00e1c s\u1ea3n ph\u1ea9m \u0111i\u1ec7n th\u00f4ng minh t\u1ea1i:<\/span><a href=\"https:\/\/www.kawasan.vn\" target=\"_blank\" rel=\"noopener\"> <span style=\"font-weight: 400;\">www.kawasan.vn<\/span><\/a><span style=\"font-weight: 400;\">\u00a0<\/span><\/span><\/p>","protected":false},"excerpt":{"rendered":"<p>B\u00f3ng \u0110\u00e8n Bulb Led Tr\u00f2n Th\u00e2n Nh\u1ef1a Kawaled B\u00f3ng \u0111\u00e8n led bulb tr\u00f2n th\u00e2n nh\u1ef1a Kawaled A50-5W-T\/V\u00a0l\u00e0 gi\u1ea3i ph\u00e1p chi\u1ebfu s\u00e1ng ti\u1ec7n l\u1ee3i, hi\u1ec7n \u0111\u1ea1i d\u00e0nh cho m\u1ecdi kh\u00f4ng gian. V\u1edbi thi\u1ebft k\u1ebf nh\u1ecf g\u1ecdn, d\u1ec5 l\u1eafp \u0111\u1eb7t, \u0111ui E27 ph\u1ed5 th\u00f4ng v\u00e0 nhi\u1ec1u l\u1ef1a ch\u1ecdn c\u00f4ng su\u1ea5t t\u1eeb 3W \u0111\u1ebfn 15W, s\u1ea3n ph\u1ea9m \u0111\u00e1p [&hellip;]<\/p>","protected":false},"featured_media":24051,"comment_status":"open","ping_status":"closed","template":"","meta":{"rank_math_description":"\u01afU \u0110\u00c3I S\u1ed0C - B\u00f3ng \u0111\u00e8n LED bulb tr\u00f2n Kawaled \u2013 thi\u1ebft k\u1ebf nh\u1ecf g\u1ecdn, \u00e1nh s\u00e1ng \u1ed5n \u0111\u1ecbnh, ti\u1ebft ki\u1ec7m \u0111i\u1ec7n \u0111\u1ebfn 80%. Ph\u00f9 h\u1ee3p \u0111\u00e8n LED trang tr\u00ed, \u0111\u00e8n ngo\u00e0i tr\u1eddi, ph\u00f2ng ng\u1ee7, qu\u00e1n c\u00e0 ph\u00ea.","rank_math_focus_keyword":"b\u00f3ng \u0111\u00e8n led bulb tr\u00f2n,b\u00f3ng \u0111\u00e8n led tr\u00f2n,\u0111\u00e8n led trang tr\u00ed,\u0111\u00e8n trang tr\u00ed ngo\u00e0i tr\u1eddi,\u0111\u00e8n led 5w","rank_math_secondary_keywords":""},"product_cat":[1756,1757],"product_tag":[3128,2646,3125,2647,3126,1861,3127,1777,1776,1944,2654],"class_list":["post-20999","product","type-product","status-publish","has-post-thumbnail","hentry","product_cat-den-led-bulb","product_cat-den-led-bulb-tron","product_tag-bong-5w","product_tag-bong-den","product_tag-bong-den-5w","product_tag-bong-den-led","product_tag-bong-den-led-5w","product_tag-bong-den-led-tron","product_tag-bong-led-5w","product_tag-den-led-bulb-tron","product_tag-den-tron","product_tag-kawaled","product_tag-led-bong"],"acf":[],"_links":{"self":[{"href":"https:\/\/kawaled.com.vn\/en\/wp-json\/wp\/v2\/product\/20999","targetHints":{"allow":["GET"]}}],"collection":[{"href":"https:\/\/kawaled.com.vn\/en\/wp-json\/wp\/v2\/product"}],"about":[{"href":"https:\/\/kawaled.com.vn\/en\/wp-json\/wp\/v2\/types\/product"}],"replies":[{"embeddable":true,"href":"https:\/\/kawaled.com.vn\/en\/wp-json\/wp\/v2\/comments?post=20999"}],"version-history":[{"count":0,"href":"https:\/\/kawaled.com.vn\/en\/wp-json\/wp\/v2\/product\/20999\/revisions"}],"wp:featuredmedia":[{"embeddable":true,"href":"https:\/\/kawaled.com.vn\/en\/wp-json\/wp\/v2\/media\/24051"}],"wp:attachment":[{"href":"https:\/\/kawaled.com.vn\/en\/wp-json\/wp\/v2\/media?parent=20999"}],"wp:term":[{"taxonomy":"product_cat","embeddable":true,"href":"https:\/\/kawaled.com.vn\/en\/wp-json\/wp\/v2\/product_cat?post=20999"},{"taxonomy":"product_tag","embeddable":true,"href":"https:\/\/kawaled.com.vn\/en\/wp-json\/wp\/v2\/product_tag?post=20999"}],"curies":[{"name":"wp","href":"https:\/\/api.w.org\/{rel}","templated":true}]}}