{"id":20969,"date":"2018-11-07T04:52:12","date_gmt":"2018-11-06T21:52:12","guid":{"rendered":"https:\/\/kawaled.123websitedev.com\/san-pham\/den-led-downlight-noi-tran-nt120-6w-t-v\/"},"modified":"2026-01-19T16:20:21","modified_gmt":"2026-01-19T09:20:21","slug":"den-led-downlight-noi-tran-nt120-6w-t-v","status":"publish","type":"product","link":"https:\/\/kawaled.com.vn\/en\/product\/den-led-downlight-noi-tran-nt120-6w-t-v\/","title":{"rendered":"\u0110\u00c8N LED N\u1ed4I TR\u1ea6N TR\u00d2N GI\u1eacT C\u1ea4P 1 M\u00c0U NT120-A6W-T\/V"},"content":{"rendered":"<h2 style=\"margin-left: 40px;\"><span class=\"ez-toc-section\" id=\"MO_TA_DEN_LED_NOI_TRAN_MONG_GIAT_CAP\"><\/span><span style=\"color: #000000;\"><span style=\"font-size: 16px;\"><span style=\"font-family: times new roman,times,serif;\"><strong>M\u00d4 T\u1ea2: \u0110\u00c8N LED N\u1ed4I TR\u1ea6N M\u1eceNG GI\u1eacT C\u1ea4P<\/strong><\/span><\/span><\/span><span class=\"ez-toc-section-end\"><\/span><\/h2><div id=\"ez-toc-container\" class=\"ez-toc-v2_0_69_1 counter-hierarchy ez-toc-counter ez-toc-grey ez-toc-container-direction\">\n<div class=\"ez-toc-title-container\">\n<p class=\"ez-toc-title\" >N\u1ed9i Dung B&agrave;i Vi\u1ebft<\/p>\n<span class=\"ez-toc-title-toggle\"><a href=\"#\" class=\"ez-toc-pull-right ez-toc-btn ez-toc-btn-xs ez-toc-btn-default ez-toc-toggle\" aria-label=\"Toggle Table of Content\"><span class=\"ez-toc-js-icon-con\"><span class=\"\"><span class=\"eztoc-hide\" style=\"display:none;\">Toggle<\/span><span class=\"ez-toc-icon-toggle-span\"><svg style=\"fill: #999;color:#999\" xmlns=\"http:\/\/www.w3.org\/2000\/svg\" class=\"list-377408\" width=\"20px\" height=\"20px\" viewbox=\"0 0 24 24\" fill=\"none\"><path d=\"M6 6H4v2h2V6zm14 0H8v2h12V6zM4 11h2v2H4v-2zm16 0H8v2h12v-2zM4 16h2v2H4v-2zm16 0H8v2h12v-2z\" fill=\"currentColor\"><\/path><\/svg><svg style=\"fill: #999;color:#999\" class=\"arrow-unsorted-368013\" xmlns=\"http:\/\/www.w3.org\/2000\/svg\" width=\"10px\" height=\"10px\" viewbox=\"0 0 24 24\" version=\"1.2\" baseprofile=\"tiny\"><path d=\"M18.2 9.3l-6.2-6.3-6.2 6.3c-.2.2-.3.4-.3.7s.1.5.3.7c.2.2.4.3.7.3h11c.3 0 .5-.1.7-.3.2-.2.3-.5.3-.7s-.1-.5-.3-.7zM5.8 14.7l6.2 6.3 6.2-6.3c.2-.2.3-.5.3-.7s-.1-.5-.3-.7c-.2-.2-.4-.3-.7-.3h-11c-.3 0-.5.1-.7.3-.2.2-.3.5-.3.7s.1.5.3.7z\"\/><\/svg><\/span><\/span><\/span><\/a><\/span><\/div>\n<nav><ul class='ez-toc-list ez-toc-list-level-1 eztoc-toggle-hide-by-default' ><li class='ez-toc-page-1 ez-toc-heading-level-2'><a class=\"ez-toc-link ez-toc-heading-1\" href=\"https:\/\/kawaled.com.vn\/en\/product\/den-led-downlight-noi-tran-nt120-6w-t-v\/#MO_TA_DEN_LED_NOI_TRAN_MONG_GIAT_CAP\" title=\"M\u00d4 T\u1ea2: \u0110\u00c8N LED N\u1ed4I TR\u1ea6N M\u1eceNG GI\u1eacT C\u1ea4P\">M\u00d4 T\u1ea2: \u0110\u00c8N LED N\u1ed4I TR\u1ea6N M\u1eceNG GI\u1eacT C\u1ea4P<\/a><\/li><li class='ez-toc-page-1 ez-toc-heading-level-2'><a class=\"ez-toc-link ez-toc-heading-2\" href=\"https:\/\/kawaled.com.vn\/en\/product\/den-led-downlight-noi-tran-nt120-6w-t-v\/#UNG_DUNG\" title=\"\u1ee8NG D\u1ee4NG\">\u1ee8NG D\u1ee4NG<\/a><\/li><li class='ez-toc-page-1 ez-toc-heading-level-2'><a class=\"ez-toc-link ez-toc-heading-3\" href=\"https:\/\/kawaled.com.vn\/en\/product\/den-led-downlight-noi-tran-nt120-6w-t-v\/#THONG_SO_KY_THUAT_DEN_LED_NOI_TRAN_MONG_GIAT_CAP\" title=\"TH\u00d4NG S\u1ed0 K\u1ef8 THU\u1eacT: \u0110\u00c8N LED N\u1ed4I TR\u1ea6N M\u1eceNG GI\u1eacT C\u1ea4P\">TH\u00d4NG S\u1ed0 K\u1ef8 THU\u1eacT: \u0110\u00c8N LED N\u1ed4I TR\u1ea6N M\u1eceNG GI\u1eacT C\u1ea4P<\/a><\/li><li class='ez-toc-page-1 ez-toc-heading-level-2'><a class=\"ez-toc-link ez-toc-heading-4\" href=\"https:\/\/kawaled.com.vn\/en\/product\/den-led-downlight-noi-tran-nt120-6w-t-v\/#THONG_TIN_CAN_BIET\" title=\"TH\u00d4NG TIN C\u1ea6N BI\u1ebeT:\">TH\u00d4NG TIN C\u1ea6N BI\u1ebeT:<\/a><\/li><\/ul><\/nav><\/div>\n\n<ul>\n<li><span style=\"color: #000000;\"><span style=\"font-size: 16px;\"><span style=\"font-family: times new roman,times,serif;\">Ch\u1ea5t l\u01b0\u1ee3ng th\u01b0\u01a1ng hi\u1ec7u KAWALED<\/span><\/span><\/span><\/li>\n<li><span style=\"color: #000000;\"><span style=\"font-size: 16px;\"><span style=\"font-family: times new roman,times,serif;\">Ti\u1ebft ki\u1ec7m n\u0103ng l\u01b0\u1ee3ng, ti\u00eau th\u1ee5 \u0111i\u1ec7n n\u0103ng th\u1ea5p, tu\u1ed5i th\u1ecd cao<\/span><\/span><\/span><\/li>\n<li><span style=\"color: #000000;\"><span style=\"font-size: 16px;\"><span style=\"font-family: times new roman,times,serif;\">Kh\u00f4ng c\u00f3 ch\u00ec v\u00e0 th\u1ee7y ng\u00e2n, kh\u00f4ng c\u00f3 tia c\u1ef1c t\u00edm v\u00e0 tia h\u1ed3ng ngo\u1ea1i<\/span><\/span><\/span><\/li>\n<li><span style=\"color: #000000;\"><span style=\"font-size: 16px;\"><span style=\"font-family: times new roman,times,serif;\">Chi\u1ebfu s\u00e1ng v\u00e0 hi\u1ec7u qu\u1ea3 h\u01a1n so v\u1edbi \u0111\u00e8n s\u1ee3i \u0111\u1ed1t v\u00e0 h\u1ea7u h\u1ebft Halogen \u0110\u00e8n<\/span><\/span><\/span><\/li>\n<li><span style=\"color: #000000;\"><span style=\"font-size: 16px;\"><span style=\"font-family: times new roman,times,serif;\">Tu\u1ed5i th\u1ecd: \u0111\u00e8n cao 25.00h chi\u1ebfu s\u00e1ng, cao g\u1ea5p 5 l\u1ea7n so v\u1edbi b\u00f3ng \u0111\u00e8n compact<\/span><\/span><\/span><\/li>\n<li><span style=\"color: #000000;\"><span style=\"font-size: 16px;\"><span style=\"font-family: times new roman,times,serif;\">Led \u00e2m tr\u1ea7n d\u00f9ng ngu\u1ed3n xung c\u00e1ch ly: gi\u00fap \u0111\u00e8n v\u1eabn ho\u1ea1t \u0111\u1ed9ng t\u1ed1t trong m\u1ee9c \u0111i\u1ec7n \u00e1p 100-265V. Ph\u00f9 h\u1ee3p cho c\u00e1c khu v\u1ef1c, \u0111i\u1ec7n \u00e1p hay b\u1ecb t\u0103ng gi\u1ea3m th\u1ea5t th\u01b0\u1eddng.<\/span><\/span><\/span><\/li>\n<li><span style=\"color: #000000;\"><span style=\"font-size: 16px;\"><span style=\"font-family: times new roman,times,serif;\">Chip Led: SMD 2835 si\u00eau s\u00e1ng, kh\u00f4ng g\u00e2y ch\u00f3i m\u1eaft ng\u01b0\u1eddi d\u00f9ng. \u0110\u1ed9 ho\u00e0n m\u00e0u Ra=85, gi\u00fap kh\u00f4ng gian chi\u1ebfu s\u00e1ng ch\u00e2n th\u1ef1c v\u00e0 sinh \u0111\u1ed9ng h\u01a1n.<\/span><\/span><\/span><\/li>\n<\/ul>\n<p style=\"margin-left: 200px;\"><span style=\"color: #000000;\"><span style=\"font-size: 16px;\"><span style=\"font-family: times new roman,times,serif;\"><img decoding=\"async\" class=\"size-full wp-image-20967 aligncenter\" style=\"width: 500px; height: 500px;\" src=\"https:\/\/kawaled.com.vn\/wp-content\/uploads\/2018\/11\/panel-noi-tran-tron-1-mau-6w-scaled.jpg\" alt=\"\" width=\"2560\" height=\"2560\" srcset=\"https:\/\/kawaled.com.vn\/wp-content\/uploads\/2018\/11\/panel-noi-tran-tron-1-mau-6w-scaled.jpg 2560w, https:\/\/kawaled.com.vn\/wp-content\/uploads\/2018\/11\/panel-noi-tran-tron-1-mau-6w-scaled-1000x1000.jpg 1000w, https:\/\/kawaled.com.vn\/wp-content\/uploads\/2018\/11\/panel-noi-tran-tron-1-mau-6w-1024x1024.jpg 1024w, https:\/\/kawaled.com.vn\/wp-content\/uploads\/2018\/11\/panel-noi-tran-tron-1-mau-6w-768x768.jpg 768w, https:\/\/kawaled.com.vn\/wp-content\/uploads\/2018\/11\/panel-noi-tran-tron-1-mau-6w-1536x1536.jpg 1536w, https:\/\/kawaled.com.vn\/wp-content\/uploads\/2018\/11\/panel-noi-tran-tron-1-mau-6w-2048x2048.jpg 2048w, https:\/\/kawaled.com.vn\/wp-content\/uploads\/2018\/11\/panel-noi-tran-tron-1-mau-6w-640x640.jpg 640w, https:\/\/kawaled.com.vn\/wp-content\/uploads\/2018\/11\/panel-noi-tran-tron-1-mau-6w-400x400.jpg 400w\" sizes=\"(max-width: 2560px) 100vw, 2560px\" \/><\/span><\/span><\/span><\/p>\n<h2 style=\"margin-left: 40px;\"><span class=\"ez-toc-section\" id=\"UNG_DUNG\"><\/span><span style=\"color: #000000;\"><span style=\"font-size: 16px;\"><span style=\"font-family: times new roman,times,serif;\"><strong>\u1ee8NG D\u1ee4NG<\/strong><\/span><\/span><\/span><span class=\"ez-toc-section-end\"><\/span><\/h2>\n<ul>\n<li style=\"margin-left: 40px;\"><span style=\"color: #000000;\"><span style=\"font-size: 16px;\"><span style=\"font-family: times new roman,times,serif;\">Th\u00edch h\u1ee3p cho kh\u00e1ch s\u1ea1n, ph\u00f2ng \u0103n, ph\u00f2ng kh\u00e1ch, ph\u00f2ng h\u1ecdp, ph\u00f2ng kh\u00e1ch, ph\u00f2ng tr\u01b0ng b\u00e0y, c\u1eeda h\u00e0ng, h\u00e0nh lang, gian h\u00e0ng \u0111i\u1ec7n tho\u1ea1i, ph\u00f2ng thu v\u00e0 tri\u1ec3n l\u00e3m, h\u1ed9 gia \u0111\u00ecnh vv<\/span><\/span><\/span><\/li>\n<\/ul>\n<p style=\"margin-left: 200px;\"><span style=\"color: #000000;\"><span style=\"font-size: 16px;\"><span style=\"font-family: times new roman,times,serif;\"><img decoding=\"async\" class=\"size-full wp-image-20968 aligncenter\" style=\"width: 500px; height: 500px;\" src=\"https:\/\/kawaled.com.vn\/wp-content\/uploads\/2018\/11\/panel-noi-tran-tron-vuong.jpg\" alt=\"\" width=\"2500\" height=\"2500\" srcset=\"https:\/\/kawaled.com.vn\/wp-content\/uploads\/2018\/11\/panel-noi-tran-tron-vuong.jpg 2500w, https:\/\/kawaled.com.vn\/wp-content\/uploads\/2018\/11\/panel-noi-tran-tron-vuong-1000x1000.jpg 1000w, https:\/\/kawaled.com.vn\/wp-content\/uploads\/2018\/11\/panel-noi-tran-tron-vuong-1024x1024.jpg 1024w, https:\/\/kawaled.com.vn\/wp-content\/uploads\/2018\/11\/panel-noi-tran-tron-vuong-768x768.jpg 768w, https:\/\/kawaled.com.vn\/wp-content\/uploads\/2018\/11\/panel-noi-tran-tron-vuong-1536x1536.jpg 1536w, https:\/\/kawaled.com.vn\/wp-content\/uploads\/2018\/11\/panel-noi-tran-tron-vuong-2048x2048.jpg 2048w, https:\/\/kawaled.com.vn\/wp-content\/uploads\/2018\/11\/panel-noi-tran-tron-vuong-640x640.jpg 640w, https:\/\/kawaled.com.vn\/wp-content\/uploads\/2018\/11\/panel-noi-tran-tron-vuong-400x400.jpg 400w\" sizes=\"(max-width: 2500px) 100vw, 2500px\" \/><\/span><\/span><\/span><\/p>\n<h2 style=\"margin-left: 40px;\"><span class=\"ez-toc-section\" id=\"THONG_SO_KY_THUAT_DEN_LED_NOI_TRAN_MONG_GIAT_CAP\"><\/span><span style=\"color: #000000;\"><span style=\"font-size: 16px;\"><span style=\"font-family: times new roman,times,serif;\"><strong>TH\u00d4NG S\u1ed0 K\u1ef8 THU\u1eacT: \u0110\u00c8N LED N\u1ed4I TR\u1ea6N M\u1eceNG GI\u1eacT C\u1ea4P<\/strong><\/span><\/span><\/span><span class=\"ez-toc-section-end\"><\/span><\/h2>\n<ul>\n<li style=\"margin-left: 40px;\"><span style=\"color: #000000;\"><span style=\"font-size: 16px;\"><span style=\"font-family: times new roman,times,serif;\">Lo\u1ea1i giao di\u1ec7n: N\u1ed5i Tr\u1ea7n Tr\u00f2n<\/span><\/span><\/span><\/li>\n<li style=\"margin-left: 40px;\"><span style=\"color: #000000;\"><span style=\"font-size: 16px;\"><span style=\"font-family: times new roman,times,serif;\">\u0110i\u1ec7n \u00e1p ho\u1ea1t \u0111\u1ed9ng 170~240V &#8211; 50\/60Hz<\/span><\/span><\/span><\/li>\n<li style=\"margin-left: 40px;\"><span style=\"color: #000000;\"><span style=\"font-size: 16px;\"><span style=\"font-family: times new roman,times,serif;\">C\u00f4ng su\u1ea5t v\u00f2ng LED 6W<\/span><\/span><\/span><\/li>\n<li style=\"margin-left: 40px;\"><span style=\"color: #000000;\"><span style=\"font-size: 16px;\"><span style=\"font-family: times new roman,times,serif;\">\u00c1nh S\u00e1ng : Tr\u1eafng\/V\u00e0ng<\/span><\/span><\/span><\/li>\n<li style=\"margin-left: 40px;\"><span style=\"color: #000000;\"><span style=\"font-size: 16px;\"><span style=\"font-family: times new roman,times,serif;\">Tu\u1ed5i th\u1ecd 25.000 gi\u1edd<\/span><\/span><\/span><\/li>\n<li style=\"margin-left: 40px;\"><span style=\"color: #000000;\"><span style=\"font-size: 16px;\"><span style=\"font-family: times new roman,times,serif;\">S\u1ed1 l\u1ea7n t\u1eaft m\u1edf 12.500 l\u1ea7n On\/Off<\/span><\/span><\/span><\/li>\n<li style=\"margin-left: 40px;\"><span style=\"color: #000000;\"><span style=\"font-size: 16px;\"><span style=\"font-family: times new roman,times,serif;\">\u0110\u1ed9 ho\u00e0n m\u00e0u (CRI)\u00a0&gt;80%\u00a0<\/span><\/span><\/span><\/li>\n<li style=\"margin-left: 40px;\"><span style=\"color: #000000;\"><span style=\"font-size: 16px;\"><span style=\"font-family: times new roman,times,serif;\">K\u00edch th\u01b0\u1edbc l\u1ed7 kho\u00e9t: 120 mm<\/span><\/span><\/span><\/li>\n<li style=\"margin-left: 40px;\"><span style=\"color: #000000;\"><span style=\"font-size: 16px;\"><span style=\"font-family: times new roman,times,serif;\">Th\u00f9ng : 20\u00a0C\u00e1i\/Th\u00f9ng<\/span><\/span><\/span><\/li>\n<\/ul>\n<h2><span class=\"ez-toc-section\" id=\"THONG_TIN_CAN_BIET\"><\/span><span style=\"font-size: 20px;\"><span style=\"color: #000000;\"><strong><span style=\"font-family: times new roman, times, serif;\">TH\u00d4NG TIN C\u1ea6N BI\u1ebeT:<\/span><\/strong><\/span><\/span><span class=\"ez-toc-section-end\"><\/span><\/h2>\n<ul>\n<li><strong><a href=\"https:\/\/kawaled.com.vn\/tai-sao-lai-cho-den-led-downlight-op-tran-noi\"><span style=\"color: #0000cd;\">T\u1ea1i sao n\u00ean ch\u1ecdn \u0111\u00e8n downlight \u1ed1p n\u1ed5i tr\u1ea7n<\/span><\/a><\/strong><\/li>\n<\/ul>\n<p style=\"text-align: center;\"><span style=\"font-family: times new roman,times,serif;\"><span style=\"font-size: 16px;\"><span style=\"color: #000000;\"><b>C\u1ea3m \u01a1n qu\u00fd kh\u00e1ch \u0111\u00e3 tin d\u00f9ng s\u1ea3n ph\u1ea9m Kawaled!<\/b><\/span><\/span><\/span><\/p>\n<p style=\"text-align: center;\"><span style=\"font-family: times new roman,times,serif;\"><span style=\"font-size: 16px;\"><span style=\"color: #000000;\"><b>Toll-Free Consulting Hotline:<\/b><b>\u00a0<\/b><\/span><span style=\"color: #ff0000;\"><b>1800 0058<\/b><\/span><span style=\"color: #000000;\"><b>\u00a0Or Call Directly:\u00a0<\/b><\/span><span style=\"color: #ff0000;\"><b>0911 761010<\/b><\/span><\/span><\/span><\/p>\n<p align=\"center\"><span style=\"font-family: times new roman,times,serif;\"><span style=\"font-size: 16px;\"><span style=\"color: #000000;\"><strong><span style=\"vertical-align: inherit;\"><span style=\"vertical-align: inherit;\">Trang web:\u00a0 <\/span><\/span><\/strong><\/span><a href=\"https:\/\/kawasan.vn\/\" target=\"_blank\" rel=\"noopener\"><span style=\"color: #0000cd;\"><strong><span style=\"vertical-align: inherit;\"><span style=\"vertical-align: inherit;\">www.kawasan.vn<\/span><\/span><\/strong><\/span><\/a><\/span><\/span><\/p>\n<p align=\"center\"><span style=\"font-family: times new roman,times,serif;\"><span style=\"font-size: 16px;\"><span style=\"color: #000000;\"><strong><span style=\"vertical-align: inherit;\"><span style=\"vertical-align: inherit;\">Trang web:\u00a0 <\/span><\/span><\/strong><\/span><a href=\"https:\/\/kawaled.com.vn\/\"><span style=\"color: #0000cd;\"><strong><span style=\"vertical-align: inherit;\"><span style=\"vertical-align: inherit;\">www.kawaled.com.vn<\/span><\/span><\/strong><\/span><\/a><\/span><\/span><\/p>\n<p style=\"margin-left: 40px;\">","protected":false},"excerpt":{"rendered":"<p>M\u00d4 T\u1ea2: \u0110\u00c8N LED N\u1ed4I TR\u1ea6N M\u1eceNG GI\u1eacT C\u1ea4P Ch\u1ea5t l\u01b0\u1ee3ng th\u01b0\u01a1ng hi\u1ec7u KAWALED Ti\u1ebft ki\u1ec7m n\u0103ng l\u01b0\u1ee3ng, ti\u00eau th\u1ee5 \u0111i\u1ec7n n\u0103ng th\u1ea5p, tu\u1ed5i th\u1ecd cao Kh\u00f4ng c\u00f3 ch\u00ec v\u00e0 th\u1ee7y ng\u00e2n, kh\u00f4ng c\u00f3 tia c\u1ef1c t\u00edm v\u00e0 tia h\u1ed3ng ngo\u1ea1i Chi\u1ebfu s\u00e1ng v\u00e0 hi\u1ec7u qu\u1ea3 h\u01a1n so v\u1edbi \u0111\u00e8n s\u1ee3i \u0111\u1ed1t v\u00e0 h\u1ea7u h\u1ebft [&hellip;]<\/p>","protected":false},"featured_media":20967,"comment_status":"open","ping_status":"closed","template":"","meta":{"rank_math_description":"\u0110\u00e8n Led N\u1ed5i Tr\u1ea7n Tr\u00f2n, M\u1ecfng, Gi\u1eadt C\u1ea5p 1 M\u00e0u NT120-A6W-T\/V. Tu\u1ed5i th\u1ecd: \u0111\u00e8n cao 25.00h chi\u1ebfu s\u00e1ng, cao g\u1ea5p 5 l\u1ea7n so v\u1edbi b\u00f3ng \u0111\u00e8n compact. \u0111i\u1ec7n \u00e1p 100-265V...","rank_math_focus_keyword":"\u0110\u00c8N LED N\u1ed4I TR\u1ea6N M\u1eceNG GI\u1eacT C\u1ea4P","rank_math_secondary_keywords":""},"product_cat":[1747,1768,1736,3789],"product_tag":[3250,3247,565,1794,3237,3248,3228,3244,1944,1784],"class_list":["post-20969","product","type-product","status-publish","has-post-thumbnail","hentry","product_cat-den-led-downlight","product_cat-den-led-noi-tran","product_cat-den-led-noi-tran-tron","product_cat-den-noi-tran-1-mau","product_tag-den-downlight-noi","product_tag-den-led-noi","product_tag-den-led-noi-tran","product_tag-den-led-op-tran-noi","product_tag-den-led-op-tran-noi-sieu-mong","product_tag-den-noi-tran","product_tag-den-op-tran-noi","product_tag-den-tran-noi","product_tag-kawaled","product_tag-nt120-a6w-t-v"],"acf":[],"_links":{"self":[{"href":"https:\/\/kawaled.com.vn\/en\/wp-json\/wp\/v2\/product\/20969","targetHints":{"allow":["GET"]}}],"collection":[{"href":"https:\/\/kawaled.com.vn\/en\/wp-json\/wp\/v2\/product"}],"about":[{"href":"https:\/\/kawaled.com.vn\/en\/wp-json\/wp\/v2\/types\/product"}],"replies":[{"embeddable":true,"href":"https:\/\/kawaled.com.vn\/en\/wp-json\/wp\/v2\/comments?post=20969"}],"version-history":[{"count":0,"href":"https:\/\/kawaled.com.vn\/en\/wp-json\/wp\/v2\/product\/20969\/revisions"}],"wp:featuredmedia":[{"embeddable":true,"href":"https:\/\/kawaled.com.vn\/en\/wp-json\/wp\/v2\/media\/20967"}],"wp:attachment":[{"href":"https:\/\/kawaled.com.vn\/en\/wp-json\/wp\/v2\/media?parent=20969"}],"wp:term":[{"taxonomy":"product_cat","embeddable":true,"href":"https:\/\/kawaled.com.vn\/en\/wp-json\/wp\/v2\/product_cat?post=20969"},{"taxonomy":"product_tag","embeddable":true,"href":"https:\/\/kawaled.com.vn\/en\/wp-json\/wp\/v2\/product_tag?post=20969"}],"curies":[{"name":"wp","href":"https:\/\/api.w.org\/{rel}","templated":true}]}}